{"id":23598,"date":"2024-06-14T08:32:49","date_gmt":"2024-06-14T08:32:49","guid":{"rendered":"https:\/\/lightsteelblue-zebra-299715.hostingersite.com\/?post_type=product&#038;p=23598"},"modified":"2024-06-14T08:32:49","modified_gmt":"2024-06-14T08:32:49","slug":"trixie-dental-care-set-toothpaste-brushes","status":"publish","type":"product","link":"https:\/\/zoo-land.az\/az\/shop\/dog\/dog-hygenic\/dog-pasta-brush\/trixie-dental-care-set-toothpaste-brushes\/","title":{"rendered":"Trixie Dental Care set &#8211; toothpaste + brushes"},"content":{"rendered":"<p>Trixie Dental Care set for dogs is designed for comprehensive dental care for your pet.<\/p>\n<p>Why you should buy:<\/p>\n<ul>\n<li>Various shaped toothbrushes provide better tooth hygiene.<\/li>\n<li>The larger toothbrush is for front teeth, while the smaller one is for back teeth.<\/li>\n<li>Brush heads: for sensitive areas and a brush for gum massage.<\/li>\n<li>Mint-flavored toothpaste for dogs: prevents tartar buildup, improves oral hygiene, and keeps breath fresher for longer.<\/li>\n<li>The toothpaste is completely safe for your dog, even if accidentally swallowed.<\/li>\n<\/ul>\n<p>Included in the set:<\/p>\n<ul>\n<li>Mint toothpaste 100 g<\/li>\n<li>1 finger toothbrush<\/li>\n<li>1 massage finger brush<\/li>\n<li>Double-sided toothbrush with 2 different heads<\/li>\n<\/ul>\n<p>Regularly cleaning your dog&#8217;s teeth with Trixie toothpaste helps prevent plaque buildup and tartar formation. It enhances oral hygiene and helps maintain your dog&#8217;s breath clean and fresh. The paste has a pleasant mint flavor, and the bone meal additive aids in oral hygiene.<\/p>\n<p>Usage: Apply the toothpaste to the toothbrush or a clean cloth. Gently clean your dog&#8217;s teeth in circular motions. Perform this procedure no more than twice a day. If your dog is not accustomed to a toothbrush, let them get used to the taste and feeling by gently rubbing the teeth and gums with a small amount of toothpaste on the brush. The paste is entirely harmless, even if your dog swallows it.<\/p>\n<p>Precautions: Avoid contact with eyes. Keep out of reach of children. The expiration date is indicated on the packaging.<\/p>\n<ul>\n<li>For dogs<\/li>\n<li>Prevents tartar buildup<\/li>\n<li>Freshens breath<\/li>\n<li>Pleasant flavor makes hygiene procedures easier<\/li>\n<\/ul>","protected":false},"excerpt":{"rendered":"<p>Trixie Dental Care set for dogs is designed for comprehensive dental care for your pet.<\/p>\n<p>Why you should buy:<\/p>\n<ul>\n<li>Various shaped toothbrushes provide better tooth hygiene.<\/li>\n<li>The larger toothbrush is for front teeth, while the smaller one is for back teeth.<\/li>\n<li>Brush heads: for sensitive areas and a brush for gum massage.<\/li>\n<li>Mint-flavored toothpaste for dogs: prevents tartar buildup, improves oral hygiene, and keeps breath fresher for longer.<\/li>\n<li>The toothpaste is completely safe for your dog, even if accidentally swallowed.<\/li>\n<\/ul>","protected":false},"featured_media":23600,"template":"","meta":{"inline_featured_image":false,"_joinchat":[]},"product_cat":[107,166,172],"product_tag":[],"class_list":{"0":"post-23598","1":"product","2":"type-product","3":"status-publish","4":"has-post-thumbnail","6":"product_brand-trixie","7":"product_cat-dog","8":"product_cat-dog-hygenic","9":"product_cat-dog-pasta-brush","11":"first","12":"instock","13":"shipping-taxable","14":"purchasable","15":"product-type-simple"},"yoast_head":"<!-- This site is optimized with the Yoast SEO plugin v26.7 - https:\/\/yoast.com\/wordpress\/plugins\/seo\/ -->\n<title>Trixie Dental Care set - toothpaste + brushes - Zooland.az<\/title>\n<meta name=\"robots\" content=\"index, follow, max-snippet:-1, max-image-preview:large, max-video-preview:-1\" \/>\n<link rel=\"canonical\" href=\"https:\/\/zoo-land.az\/az\/shop\/dog\/dog-hygenic\/dog-pasta-brush\/trixie-dental-care-set-toothpaste-brushes\/\" \/>\n<meta property=\"og:locale\" content=\"az_AZ\" \/>\n<meta property=\"og:type\" content=\"article\" \/>\n<meta property=\"og:title\" content=\"Trixie Dental Care set - toothpaste + brushes - Zooland.az\" \/>\n<meta property=\"og:description\" content=\"Trixie Dental Care set for dogs is designed for comprehensive dental care for your pet.  Why you should buy:   Various shaped toothbrushes provide better tooth hygiene.  The larger toothbrush is for front teeth, while the smaller one is for back teeth.  Brush heads: for sensitive areas and a brush for gum massage.  Mint-flavored toothpaste for dogs: prevents tartar buildup, improves oral hygiene, and keeps breath fresher for longer.  The toothpaste is completely safe for your dog, even if accidentally swallowed.\" \/>\n<meta property=\"og:url\" content=\"https:\/\/zoo-land.az\/az\/shop\/dog\/dog-hygenic\/dog-pasta-brush\/trixie-dental-care-set-toothpaste-brushes\/\" \/>\n<meta property=\"og:site_name\" content=\"Zooland.az\" \/>\n<meta property=\"og:image\" content=\"https:\/\/zoo-land.az\/wp-content\/uploads\/2024\/06\/358166744.webp\" \/>\n\t<meta property=\"og:image:width\" content=\"630\" \/>\n\t<meta property=\"og:image:height\" content=\"630\" \/>\n\t<meta property=\"og:image:type\" content=\"image\/webp\" \/>\n<meta name=\"twitter:card\" content=\"summary_large_image\" \/>\n<meta name=\"twitter:label1\" content=\"Est. reading time\" \/>\n\t<meta name=\"twitter:data1\" content=\"1 minute\" \/>\n<script type=\"application\/ld+json\" class=\"yoast-schema-graph\">{\"@context\":\"https:\/\/schema.org\",\"@graph\":[{\"@type\":\"WebPage\",\"@id\":\"https:\/\/zoo-land.az\/shop\/dog\/dog-hygenic\/dog-pasta-brush\/trixie-dental-care-set-toothpaste-brushes\/\",\"url\":\"https:\/\/zoo-land.az\/shop\/dog\/dog-hygenic\/dog-pasta-brush\/trixie-dental-care-set-toothpaste-brushes\/\",\"name\":\"Trixie Dental Care set - toothpaste + brushes - Zooland.az\",\"isPartOf\":{\"@id\":\"https:\/\/zoo-land.az\/#website\"},\"primaryImageOfPage\":{\"@id\":\"https:\/\/zoo-land.az\/shop\/dog\/dog-hygenic\/dog-pasta-brush\/trixie-dental-care-set-toothpaste-brushes\/#primaryimage\"},\"image\":{\"@id\":\"https:\/\/zoo-land.az\/shop\/dog\/dog-hygenic\/dog-pasta-brush\/trixie-dental-care-set-toothpaste-brushes\/#primaryimage\"},\"thumbnailUrl\":\"https:\/\/zoo-land.az\/wp-content\/uploads\/2024\/06\/358166744.webp\",\"datePublished\":\"2024-06-14T08:32:49+00:00\",\"breadcrumb\":{\"@id\":\"https:\/\/zoo-land.az\/shop\/dog\/dog-hygenic\/dog-pasta-brush\/trixie-dental-care-set-toothpaste-brushes\/#breadcrumb\"},\"inLanguage\":\"az\",\"potentialAction\":[{\"@type\":\"ReadAction\",\"target\":[\"https:\/\/zoo-land.az\/shop\/dog\/dog-hygenic\/dog-pasta-brush\/trixie-dental-care-set-toothpaste-brushes\/\"]}]},{\"@type\":\"ImageObject\",\"inLanguage\":\"az\",\"@id\":\"https:\/\/zoo-land.az\/shop\/dog\/dog-hygenic\/dog-pasta-brush\/trixie-dental-care-set-toothpaste-brushes\/#primaryimage\",\"url\":\"https:\/\/zoo-land.az\/wp-content\/uploads\/2024\/06\/358166744.webp\",\"contentUrl\":\"https:\/\/zoo-land.az\/wp-content\/uploads\/2024\/06\/358166744.webp\",\"width\":630,\"height\":630},{\"@type\":\"BreadcrumbList\",\"@id\":\"https:\/\/zoo-land.az\/shop\/dog\/dog-hygenic\/dog-pasta-brush\/trixie-dental-care-set-toothpaste-brushes\/#breadcrumb\",\"itemListElement\":[{\"@type\":\"ListItem\",\"position\":1,\"name\":\"Home\",\"item\":\"https:\/\/zoo-land.az\/ru\/\"},{\"@type\":\"ListItem\",\"position\":2,\"name\":\"Shop\",\"item\":\"https:\/\/zoo-land.az\/ru\/\"},{\"@type\":\"ListItem\",\"position\":3,\"name\":\"Trixie Dental Care set &#8211; toothpaste + brushes\"}]},{\"@type\":\"WebSite\",\"@id\":\"https:\/\/zoo-land.az\/#website\",\"url\":\"https:\/\/zoo-land.az\/\",\"name\":\"Zooland.az\",\"description\":\"Xo\u015fb\u0259xt ev heyvanlar\u0131n\u0131n \u00fcnvan\u0131 Zooland.az\",\"publisher\":{\"@id\":\"https:\/\/zoo-land.az\/#organization\"},\"potentialAction\":[{\"@type\":\"SearchAction\",\"target\":{\"@type\":\"EntryPoint\",\"urlTemplate\":\"https:\/\/zoo-land.az\/?s={search_term_string}\"},\"query-input\":{\"@type\":\"PropertyValueSpecification\",\"valueRequired\":true,\"valueName\":\"search_term_string\"}}],\"inLanguage\":\"az\"},{\"@type\":\"Organization\",\"@id\":\"https:\/\/zoo-land.az\/#organization\",\"name\":\"Zooland.az\",\"url\":\"https:\/\/zoo-land.az\/\",\"logo\":{\"@type\":\"ImageObject\",\"inLanguage\":\"az\",\"@id\":\"https:\/\/zoo-land.az\/#\/schema\/logo\/image\/\",\"url\":\"https:\/\/zoo-land.az\/wp-content\/uploads\/2022\/05\/logo.svg\",\"contentUrl\":\"https:\/\/zoo-land.az\/wp-content\/uploads\/2022\/05\/logo.svg\",\"width\":113,\"height\":46,\"caption\":\"Zooland.az\"},\"image\":{\"@id\":\"https:\/\/zoo-land.az\/#\/schema\/logo\/image\/\"}}]}<\/script>\n<!-- \/ Yoast SEO plugin. -->","yoast_head_json":{"title":"Trixie Dental Care set - toothpaste + brushes - Zooland.az","robots":{"index":"index","follow":"follow","max-snippet":"max-snippet:-1","max-image-preview":"max-image-preview:large","max-video-preview":"max-video-preview:-1"},"canonical":"https:\/\/zoo-land.az\/az\/shop\/dog\/dog-hygenic\/dog-pasta-brush\/trixie-dental-care-set-toothpaste-brushes\/","og_locale":"az_AZ","og_type":"article","og_title":"Trixie Dental Care set - toothpaste + brushes - Zooland.az","og_description":"Trixie Dental Care set for dogs is designed for comprehensive dental care for your pet.  Why you should buy:   Various shaped toothbrushes provide better tooth hygiene.  The larger toothbrush is for front teeth, while the smaller one is for back teeth.  Brush heads: for sensitive areas and a brush for gum massage.  Mint-flavored toothpaste for dogs: prevents tartar buildup, improves oral hygiene, and keeps breath fresher for longer.  The toothpaste is completely safe for your dog, even if accidentally swallowed.","og_url":"https:\/\/zoo-land.az\/az\/shop\/dog\/dog-hygenic\/dog-pasta-brush\/trixie-dental-care-set-toothpaste-brushes\/","og_site_name":"Zooland.az","og_image":[{"width":630,"height":630,"url":"https:\/\/zoo-land.az\/wp-content\/uploads\/2024\/06\/358166744.webp","type":"image\/webp"}],"twitter_card":"summary_large_image","twitter_misc":{"Est. reading time":"1 minute"},"schema":{"@context":"https:\/\/schema.org","@graph":[{"@type":"WebPage","@id":"https:\/\/zoo-land.az\/shop\/dog\/dog-hygenic\/dog-pasta-brush\/trixie-dental-care-set-toothpaste-brushes\/","url":"https:\/\/zoo-land.az\/shop\/dog\/dog-hygenic\/dog-pasta-brush\/trixie-dental-care-set-toothpaste-brushes\/","name":"Trixie Dental Care set - toothpaste + brushes - Zooland.az","isPartOf":{"@id":"https:\/\/zoo-land.az\/#website"},"primaryImageOfPage":{"@id":"https:\/\/zoo-land.az\/shop\/dog\/dog-hygenic\/dog-pasta-brush\/trixie-dental-care-set-toothpaste-brushes\/#primaryimage"},"image":{"@id":"https:\/\/zoo-land.az\/shop\/dog\/dog-hygenic\/dog-pasta-brush\/trixie-dental-care-set-toothpaste-brushes\/#primaryimage"},"thumbnailUrl":"https:\/\/zoo-land.az\/wp-content\/uploads\/2024\/06\/358166744.webp","datePublished":"2024-06-14T08:32:49+00:00","breadcrumb":{"@id":"https:\/\/zoo-land.az\/shop\/dog\/dog-hygenic\/dog-pasta-brush\/trixie-dental-care-set-toothpaste-brushes\/#breadcrumb"},"inLanguage":"az","potentialAction":[{"@type":"ReadAction","target":["https:\/\/zoo-land.az\/shop\/dog\/dog-hygenic\/dog-pasta-brush\/trixie-dental-care-set-toothpaste-brushes\/"]}]},{"@type":"ImageObject","inLanguage":"az","@id":"https:\/\/zoo-land.az\/shop\/dog\/dog-hygenic\/dog-pasta-brush\/trixie-dental-care-set-toothpaste-brushes\/#primaryimage","url":"https:\/\/zoo-land.az\/wp-content\/uploads\/2024\/06\/358166744.webp","contentUrl":"https:\/\/zoo-land.az\/wp-content\/uploads\/2024\/06\/358166744.webp","width":630,"height":630},{"@type":"BreadcrumbList","@id":"https:\/\/zoo-land.az\/shop\/dog\/dog-hygenic\/dog-pasta-brush\/trixie-dental-care-set-toothpaste-brushes\/#breadcrumb","itemListElement":[{"@type":"ListItem","position":1,"name":"Home","item":"https:\/\/zoo-land.az\/ru\/"},{"@type":"ListItem","position":2,"name":"Shop","item":"https:\/\/zoo-land.az\/ru\/"},{"@type":"ListItem","position":3,"name":"Trixie Dental Care set &#8211; toothpaste + brushes"}]},{"@type":"WebSite","@id":"https:\/\/zoo-land.az\/#website","url":"https:\/\/zoo-land.az\/","name":"Zooland.az","description":"Xo\u015fb\u0259xt ev heyvanlar\u0131n\u0131n \u00fcnvan\u0131 Zooland.az","publisher":{"@id":"https:\/\/zoo-land.az\/#organization"},"potentialAction":[{"@type":"SearchAction","target":{"@type":"EntryPoint","urlTemplate":"https:\/\/zoo-land.az\/?s={search_term_string}"},"query-input":{"@type":"PropertyValueSpecification","valueRequired":true,"valueName":"search_term_string"}}],"inLanguage":"az"},{"@type":"Organization","@id":"https:\/\/zoo-land.az\/#organization","name":"Zooland.az","url":"https:\/\/zoo-land.az\/","logo":{"@type":"ImageObject","inLanguage":"az","@id":"https:\/\/zoo-land.az\/#\/schema\/logo\/image\/","url":"https:\/\/zoo-land.az\/wp-content\/uploads\/2022\/05\/logo.svg","contentUrl":"https:\/\/zoo-land.az\/wp-content\/uploads\/2022\/05\/logo.svg","width":113,"height":46,"caption":"Zooland.az"},"image":{"@id":"https:\/\/zoo-land.az\/#\/schema\/logo\/image\/"}}]}},"_links":{"self":[{"href":"https:\/\/zoo-land.az\/az\/wp-json\/wp\/v2\/product\/23598","targetHints":{"allow":["GET"]}}],"collection":[{"href":"https:\/\/zoo-land.az\/az\/wp-json\/wp\/v2\/product"}],"about":[{"href":"https:\/\/zoo-land.az\/az\/wp-json\/wp\/v2\/types\/product"}],"wp:featuredmedia":[{"embeddable":true,"href":"https:\/\/zoo-land.az\/az\/wp-json\/wp\/v2\/media\/23600"}],"wp:attachment":[{"href":"https:\/\/zoo-land.az\/az\/wp-json\/wp\/v2\/media?parent=23598"}],"wp:term":[{"taxonomy":"product_cat","embeddable":true,"href":"https:\/\/zoo-land.az\/az\/wp-json\/wp\/v2\/product_cat?post=23598"},{"taxonomy":"product_tag","embeddable":true,"href":"https:\/\/zoo-land.az\/az\/wp-json\/wp\/v2\/product_tag?post=23598"}],"curies":[{"name":"wp","href":"https:\/\/api.w.org\/{rel}","templated":true}]}}