{"id":23618,"date":"2024-06-14T11:15:44","date_gmt":"2024-06-14T11:15:44","guid":{"rendered":"https:\/\/lightsteelblue-zebra-299715.hostingersite.com\/?post_type=product&#038;p=23618"},"modified":"2024-06-14T11:15:44","modified_gmt":"2024-06-14T11:15:44","slug":"flexi-red-retractable-leash-tape-l-5-m-50-kg","status":"publish","type":"product","link":"https:\/\/zoo-land.az\/az\/shop\/dog\/dog-accesories\/leash\/flexi-red-retractable-leash-tape-l-5-m-50-kg\/","title":{"rendered":"Flexi Red retractable leash Tape L 5 m 50 kg"},"content":{"rendered":"<p>High-quality Flexi New CLASSIC retractable leashes feature a special ergonomic handle and an innovative braking system, ensuring a safe and pleasant walk with your pet.<\/p>\n<p>Quality, functionality, safety, and exclusive design are the defining characteristics of Flexi leashes, admired by millions of dog owners worldwide for the company&#8217;s original products.<\/p>\n<p>Key Features:<\/p>\n<ul>\n<li>Easy to use<\/li>\n<li>Patented locking system for effective control in every situation<\/li>\n<li>Innovative design \u2013 classic, fashionable, elegant<\/li>\n<li>Reliable retraction system to prevent leash sagging<\/li>\n<li>Maximum load capacity thanks to high-tech materials<\/li>\n<\/ul>\n<p>The high-tech spring system of these retractable leashes provides the owner with an unparalleled sense of confidence and control in any situation. In addition to the reliability and smooth operation of the mechanism, these leashes boast ease of handling, high-quality materials, and meticulous hand assembly.<\/p>\n<p>Main Specifications:<\/p>\n<ul>\n<li>Tape leash<\/li>\n<li>Comfortable braking system with shortened stroke length<\/li>\n<li>Chrome-plated snap hook<\/li>\n<\/ul>\n<p>Additional Features:<\/p>\n<ul>\n<li>Sturdy plastic handle, resistant to wear and impact<\/li>\n<li>Nylon tape that does not stretch, tear, or fray<\/li>\n<li>Ability to attach Multi Box and LED Lighting System (additional options, not included)<\/li>\n<li>Length up to 8 meters, suitable for dogs weighing up to 50 kg<\/li>\n<li>Designed for large breed dogs<\/li>\n<li>Color: red<\/li>\n<li>Weight of leash: approximately 0.51 kg<\/li>\n<li>Country of manufacture: Germany<\/li>\n<\/ul>","protected":false},"excerpt":{"rendered":"<p>High-quality Flexi New CLASSIC retractable leashes feature a special ergonomic handle and an innovative braking system, ensuring a safe and pleasant walk with your pet.<\/p>\n<p>Quality, functionality, safety, and exclusive design are the defining characteristics of Flexi leashes, admired by millions of dog owners worldwide for the company&#8217;s original products.<\/p>","protected":false},"featured_media":23619,"template":"","meta":{"inline_featured_image":false,"_joinchat":[]},"product_cat":[107,396],"product_tag":[],"class_list":{"0":"post-23618","1":"product","2":"type-product","3":"status-publish","4":"has-post-thumbnail","6":"product_brand-flexi","7":"product_cat-dog","8":"product_cat-leash","10":"first","11":"instock","12":"shipping-taxable","13":"purchasable","14":"product-type-simple"},"yoast_head":"<!-- This site is optimized with the Yoast SEO plugin v27.4 - https:\/\/yoast.com\/product\/yoast-seo-wordpress\/ -->\n<title>Flexi Red retractable leash Tape L 5 m 50 kg - Zooland.az<\/title>\n<meta name=\"robots\" content=\"index, follow, max-snippet:-1, max-image-preview:large, max-video-preview:-1\" \/>\n<link rel=\"canonical\" href=\"https:\/\/zoo-land.az\/az\/shop\/dog\/dog-accesories\/leash\/flexi-red-retractable-leash-tape-l-5-m-50-kg\/\" \/>\n<meta property=\"og:locale\" content=\"az_AZ\" \/>\n<meta property=\"og:type\" content=\"article\" \/>\n<meta property=\"og:title\" content=\"Flexi Red retractable leash Tape L 5 m 50 kg - Zooland.az\" \/>\n<meta property=\"og:description\" content=\"High-quality Flexi New CLASSIC retractable leashes feature a special ergonomic handle and an innovative braking system, ensuring a safe and pleasant walk with your pet.  Quality, functionality, safety, and exclusive design are the defining characteristics of Flexi leashes, admired by millions of dog owners worldwide for the company&#039;s original products.\" \/>\n<meta property=\"og:url\" content=\"https:\/\/zoo-land.az\/az\/shop\/dog\/dog-accesories\/leash\/flexi-red-retractable-leash-tape-l-5-m-50-kg\/\" \/>\n<meta property=\"og:site_name\" content=\"Zooland.az\" \/>\n<meta property=\"og:image\" content=\"https:\/\/zoo-land.az\/wp-content\/uploads\/2024\/06\/Flexi-New-Classic-M-Tape-5-m-Red.jpg\" \/>\n\t<meta property=\"og:image:width\" content=\"600\" \/>\n\t<meta property=\"og:image:height\" content=\"429\" \/>\n\t<meta property=\"og:image:type\" content=\"image\/jpeg\" \/>\n<meta name=\"twitter:card\" content=\"summary_large_image\" \/>\n<meta name=\"twitter:label1\" content=\"Est. reading time\" \/>\n\t<meta name=\"twitter:data1\" content=\"1 minute\" \/>\n<script type=\"application\/ld+json\" class=\"yoast-schema-graph\">{\"@context\":\"https:\\\/\\\/schema.org\",\"@graph\":[{\"@type\":\"WebPage\",\"@id\":\"https:\\\/\\\/zoo-land.az\\\/shop\\\/dog\\\/dog-accesories\\\/leash\\\/flexi-red-retractable-leash-tape-l-5-m-50-kg\\\/\",\"url\":\"https:\\\/\\\/zoo-land.az\\\/shop\\\/dog\\\/dog-accesories\\\/leash\\\/flexi-red-retractable-leash-tape-l-5-m-50-kg\\\/\",\"name\":\"Flexi Red retractable leash Tape L 5 m 50 kg - Zooland.az\",\"isPartOf\":{\"@id\":\"https:\\\/\\\/zoo-land.az\\\/#website\"},\"primaryImageOfPage\":{\"@id\":\"https:\\\/\\\/zoo-land.az\\\/shop\\\/dog\\\/dog-accesories\\\/leash\\\/flexi-red-retractable-leash-tape-l-5-m-50-kg\\\/#primaryimage\"},\"image\":{\"@id\":\"https:\\\/\\\/zoo-land.az\\\/shop\\\/dog\\\/dog-accesories\\\/leash\\\/flexi-red-retractable-leash-tape-l-5-m-50-kg\\\/#primaryimage\"},\"thumbnailUrl\":\"https:\\\/\\\/zoo-land.az\\\/wp-content\\\/uploads\\\/2024\\\/06\\\/Flexi-New-Classic-M-Tape-5-m-Red.jpg\",\"datePublished\":\"2024-06-14T11:15:44+00:00\",\"breadcrumb\":{\"@id\":\"https:\\\/\\\/zoo-land.az\\\/shop\\\/dog\\\/dog-accesories\\\/leash\\\/flexi-red-retractable-leash-tape-l-5-m-50-kg\\\/#breadcrumb\"},\"inLanguage\":\"az\",\"potentialAction\":[{\"@type\":\"ReadAction\",\"target\":[\"https:\\\/\\\/zoo-land.az\\\/shop\\\/dog\\\/dog-accesories\\\/leash\\\/flexi-red-retractable-leash-tape-l-5-m-50-kg\\\/\"]}]},{\"@type\":\"ImageObject\",\"inLanguage\":\"az\",\"@id\":\"https:\\\/\\\/zoo-land.az\\\/shop\\\/dog\\\/dog-accesories\\\/leash\\\/flexi-red-retractable-leash-tape-l-5-m-50-kg\\\/#primaryimage\",\"url\":\"https:\\\/\\\/zoo-land.az\\\/wp-content\\\/uploads\\\/2024\\\/06\\\/Flexi-New-Classic-M-Tape-5-m-Red.jpg\",\"contentUrl\":\"https:\\\/\\\/zoo-land.az\\\/wp-content\\\/uploads\\\/2024\\\/06\\\/Flexi-New-Classic-M-Tape-5-m-Red.jpg\",\"width\":600,\"height\":429},{\"@type\":\"BreadcrumbList\",\"@id\":\"https:\\\/\\\/zoo-land.az\\\/shop\\\/dog\\\/dog-accesories\\\/leash\\\/flexi-red-retractable-leash-tape-l-5-m-50-kg\\\/#breadcrumb\",\"itemListElement\":[{\"@type\":\"ListItem\",\"position\":1,\"name\":\"Home\",\"item\":\"https:\\\/\\\/zoo-land.az\\\/ru\\\/\"},{\"@type\":\"ListItem\",\"position\":2,\"name\":\"Shop\",\"item\":\"https:\\\/\\\/zoo-land.az\\\/ru\\\/\"},{\"@type\":\"ListItem\",\"position\":3,\"name\":\"Flexi Red retractable leash Tape L 5 m 50 kg\"}]},{\"@type\":\"WebSite\",\"@id\":\"https:\\\/\\\/zoo-land.az\\\/#website\",\"url\":\"https:\\\/\\\/zoo-land.az\\\/\",\"name\":\"Zooland.az\",\"description\":\"Xo\u015fb\u0259xt ev heyvanlar\u0131n\u0131n \u00fcnvan\u0131 Zooland.az\",\"publisher\":{\"@id\":\"https:\\\/\\\/zoo-land.az\\\/#organization\"},\"potentialAction\":[{\"@type\":\"SearchAction\",\"target\":{\"@type\":\"EntryPoint\",\"urlTemplate\":\"https:\\\/\\\/zoo-land.az\\\/?s={search_term_string}\"},\"query-input\":{\"@type\":\"PropertyValueSpecification\",\"valueRequired\":true,\"valueName\":\"search_term_string\"}}],\"inLanguage\":\"az\"},{\"@type\":\"Organization\",\"@id\":\"https:\\\/\\\/zoo-land.az\\\/#organization\",\"name\":\"Zooland.az\",\"url\":\"https:\\\/\\\/zoo-land.az\\\/\",\"logo\":{\"@type\":\"ImageObject\",\"inLanguage\":\"az\",\"@id\":\"https:\\\/\\\/zoo-land.az\\\/#\\\/schema\\\/logo\\\/image\\\/\",\"url\":\"https:\\\/\\\/zoo-land.az\\\/wp-content\\\/uploads\\\/2022\\\/05\\\/logo.svg\",\"contentUrl\":\"https:\\\/\\\/zoo-land.az\\\/wp-content\\\/uploads\\\/2022\\\/05\\\/logo.svg\",\"width\":113,\"height\":46,\"caption\":\"Zooland.az\"},\"image\":{\"@id\":\"https:\\\/\\\/zoo-land.az\\\/#\\\/schema\\\/logo\\\/image\\\/\"}}]}<\/script>\n<!-- \/ Yoast SEO plugin. -->","yoast_head_json":{"title":"Flexi Red retractable leash Tape L 5 m 50 kg - Zooland.az","robots":{"index":"index","follow":"follow","max-snippet":"max-snippet:-1","max-image-preview":"max-image-preview:large","max-video-preview":"max-video-preview:-1"},"canonical":"https:\/\/zoo-land.az\/az\/shop\/dog\/dog-accesories\/leash\/flexi-red-retractable-leash-tape-l-5-m-50-kg\/","og_locale":"az_AZ","og_type":"article","og_title":"Flexi Red retractable leash Tape L 5 m 50 kg - Zooland.az","og_description":"High-quality Flexi New CLASSIC retractable leashes feature a special ergonomic handle and an innovative braking system, ensuring a safe and pleasant walk with your pet.  Quality, functionality, safety, and exclusive design are the defining characteristics of Flexi leashes, admired by millions of dog owners worldwide for the company's original products.","og_url":"https:\/\/zoo-land.az\/az\/shop\/dog\/dog-accesories\/leash\/flexi-red-retractable-leash-tape-l-5-m-50-kg\/","og_site_name":"Zooland.az","og_image":[{"width":600,"height":429,"url":"https:\/\/zoo-land.az\/wp-content\/uploads\/2024\/06\/Flexi-New-Classic-M-Tape-5-m-Red.jpg","type":"image\/jpeg"}],"twitter_card":"summary_large_image","twitter_misc":{"Est. reading time":"1 minute"},"schema":{"@context":"https:\/\/schema.org","@graph":[{"@type":"WebPage","@id":"https:\/\/zoo-land.az\/shop\/dog\/dog-accesories\/leash\/flexi-red-retractable-leash-tape-l-5-m-50-kg\/","url":"https:\/\/zoo-land.az\/shop\/dog\/dog-accesories\/leash\/flexi-red-retractable-leash-tape-l-5-m-50-kg\/","name":"Flexi Red retractable leash Tape L 5 m 50 kg - Zooland.az","isPartOf":{"@id":"https:\/\/zoo-land.az\/#website"},"primaryImageOfPage":{"@id":"https:\/\/zoo-land.az\/shop\/dog\/dog-accesories\/leash\/flexi-red-retractable-leash-tape-l-5-m-50-kg\/#primaryimage"},"image":{"@id":"https:\/\/zoo-land.az\/shop\/dog\/dog-accesories\/leash\/flexi-red-retractable-leash-tape-l-5-m-50-kg\/#primaryimage"},"thumbnailUrl":"https:\/\/zoo-land.az\/wp-content\/uploads\/2024\/06\/Flexi-New-Classic-M-Tape-5-m-Red.jpg","datePublished":"2024-06-14T11:15:44+00:00","breadcrumb":{"@id":"https:\/\/zoo-land.az\/shop\/dog\/dog-accesories\/leash\/flexi-red-retractable-leash-tape-l-5-m-50-kg\/#breadcrumb"},"inLanguage":"az","potentialAction":[{"@type":"ReadAction","target":["https:\/\/zoo-land.az\/shop\/dog\/dog-accesories\/leash\/flexi-red-retractable-leash-tape-l-5-m-50-kg\/"]}]},{"@type":"ImageObject","inLanguage":"az","@id":"https:\/\/zoo-land.az\/shop\/dog\/dog-accesories\/leash\/flexi-red-retractable-leash-tape-l-5-m-50-kg\/#primaryimage","url":"https:\/\/zoo-land.az\/wp-content\/uploads\/2024\/06\/Flexi-New-Classic-M-Tape-5-m-Red.jpg","contentUrl":"https:\/\/zoo-land.az\/wp-content\/uploads\/2024\/06\/Flexi-New-Classic-M-Tape-5-m-Red.jpg","width":600,"height":429},{"@type":"BreadcrumbList","@id":"https:\/\/zoo-land.az\/shop\/dog\/dog-accesories\/leash\/flexi-red-retractable-leash-tape-l-5-m-50-kg\/#breadcrumb","itemListElement":[{"@type":"ListItem","position":1,"name":"Home","item":"https:\/\/zoo-land.az\/ru\/"},{"@type":"ListItem","position":2,"name":"Shop","item":"https:\/\/zoo-land.az\/ru\/"},{"@type":"ListItem","position":3,"name":"Flexi Red retractable leash Tape L 5 m 50 kg"}]},{"@type":"WebSite","@id":"https:\/\/zoo-land.az\/#website","url":"https:\/\/zoo-land.az\/","name":"Zooland.az","description":"Xo\u015fb\u0259xt ev heyvanlar\u0131n\u0131n \u00fcnvan\u0131 Zooland.az","publisher":{"@id":"https:\/\/zoo-land.az\/#organization"},"potentialAction":[{"@type":"SearchAction","target":{"@type":"EntryPoint","urlTemplate":"https:\/\/zoo-land.az\/?s={search_term_string}"},"query-input":{"@type":"PropertyValueSpecification","valueRequired":true,"valueName":"search_term_string"}}],"inLanguage":"az"},{"@type":"Organization","@id":"https:\/\/zoo-land.az\/#organization","name":"Zooland.az","url":"https:\/\/zoo-land.az\/","logo":{"@type":"ImageObject","inLanguage":"az","@id":"https:\/\/zoo-land.az\/#\/schema\/logo\/image\/","url":"https:\/\/zoo-land.az\/wp-content\/uploads\/2022\/05\/logo.svg","contentUrl":"https:\/\/zoo-land.az\/wp-content\/uploads\/2022\/05\/logo.svg","width":113,"height":46,"caption":"Zooland.az"},"image":{"@id":"https:\/\/zoo-land.az\/#\/schema\/logo\/image\/"}}]}},"_links":{"self":[{"href":"https:\/\/zoo-land.az\/az\/wp-json\/wp\/v2\/product\/23618","targetHints":{"allow":["GET"]}}],"collection":[{"href":"https:\/\/zoo-land.az\/az\/wp-json\/wp\/v2\/product"}],"about":[{"href":"https:\/\/zoo-land.az\/az\/wp-json\/wp\/v2\/types\/product"}],"wp:featuredmedia":[{"embeddable":true,"href":"https:\/\/zoo-land.az\/az\/wp-json\/wp\/v2\/media\/23619"}],"wp:attachment":[{"href":"https:\/\/zoo-land.az\/az\/wp-json\/wp\/v2\/media?parent=23618"}],"wp:term":[{"taxonomy":"product_cat","embeddable":true,"href":"https:\/\/zoo-land.az\/az\/wp-json\/wp\/v2\/product_cat?post=23618"},{"taxonomy":"product_tag","embeddable":true,"href":"https:\/\/zoo-land.az\/az\/wp-json\/wp\/v2\/product_tag?post=23618"}],"curies":[{"name":"wp","href":"https:\/\/api.w.org\/{rel}","templated":true}]}}