{"id":23627,"date":"2024-06-14T11:32:51","date_gmt":"2024-06-14T11:32:51","guid":{"rendered":"https:\/\/lightsteelblue-zebra-299715.hostingersite.com\/?post_type=product&#038;p=23627"},"modified":"2024-06-14T11:33:25","modified_gmt":"2024-06-14T11:33:25","slug":"veda-%d0%ba%d0%be%d1%82%d1%8d%d1%80%d0%b2%d0%b8%d0%bd-1-pcs","status":"publish","type":"product","link":"https:\/\/zoo-land.az\/az\/shop\/cat\/medications-cat\/veda-%d0%ba%d0%be%d1%82%d1%8d%d1%80%d0%b2%d0%b8%d0%bd-1-pcs\/","title":{"rendered":"VEDA \u041a\u043e\u0442\u044d\u0440\u0432\u0438\u043d 1 pcs"},"content":{"rendered":"<p>Koterwin is a herbal preparation designed for the treatment of urinary tract diseases. It possesses saluretic (salt-excreting), diuretic (urine-excreting), and anti-inflammatory properties. The medicinal plants included in the preparation help dissolve stones (except oxalates). The aqueous infusion of knotweed (Polygonum aviculare L.) and persicaria (Polygonum persicaria L.) contains a complex of flavonoids, tannins, vitamins, and silicon acid compounds. Knotweed infusion has diuretic properties, helps in the expulsion of stones in urolithiasis, has anti-inflammatory effects, and improves the condition of capillary walls. Field horsetail (Equisetum arvense L.) contains water-soluble forms of silicon acid (up to 25%) and its complexes with organic compounds, flavonoids, and triterpene saponins, providing diuretic, hemostatic, and anti-inflammatory effects in bladder and urinary tract diseases. The water-soluble biologically active substances of the field restharrow root (Ononis arvensis L.) include isoflavone glycosides, saponins, triterpene diol (onocerol), tannins, and organic acids, which normalize the tone of smooth muscles, reduce pain during spasms, and increase diuresis.<\/p>","protected":false},"excerpt":{"rendered":"<p>Koterwin is a herbal preparation designed for the treatment of urinary tract diseases. It possesses saluretic (salt-excreting), diuretic (urine-excreting), and anti-inflammatory properties. The medicinal plants included in the preparation help dissolve stones (except oxalates). The aqueous infusion of knotweed (Polygonum aviculare L.) and persicaria (Polygonum persicaria L.) contains a complex of flavonoids, tannins, vitamins, and silicon acid compounds. Knotweed infusion has diuretic properties, helps in the expulsion of stones in urolithiasis, has anti-inflammatory effects, and improves the condition of capillary walls. Field horsetail (Equisetum arvense L.) contains water-soluble forms of silicon acid (up to 25%) and its complexes with organic compounds, flavonoids, and triterpene saponins, providing diuretic, hemostatic, and anti-inflammatory effects in bladder and urinary tract diseases. The water-soluble biologically active substances of the field restharrow root (Ononis arvensis L.) include isoflavone glycosides, saponins, triterpene diol (onocerol), tannins, and organic acids, which normalize the tone of smooth muscles, reduce pain during spasms, and increase diuresis.<\/p>","protected":false},"featured_media":23629,"template":"","meta":{"inline_featured_image":false,"_joinchat":[]},"product_cat":[188,390],"product_tag":[],"class_list":{"0":"post-23627","1":"product","2":"type-product","3":"status-publish","4":"has-post-thumbnail","6":"product_brand-veda","7":"product_cat-cat","8":"product_cat-medications-cat","10":"first","11":"instock","12":"shipping-taxable","13":"purchasable","14":"product-type-simple"},"yoast_head":"<!-- This site is optimized with the Yoast SEO plugin v27.4 - https:\/\/yoast.com\/product\/yoast-seo-wordpress\/ -->\n<title>VEDA \u041a\u043e\u0442\u044d\u0440\u0432\u0438\u043d 1 pcs - Zooland.az<\/title>\n<meta name=\"robots\" content=\"index, follow, max-snippet:-1, max-image-preview:large, max-video-preview:-1\" \/>\n<link rel=\"canonical\" href=\"https:\/\/zoo-land.az\/az\/shop\/cat\/medications-cat\/veda-\u043a\u043e\u0442\u044d\u0440\u0432\u0438\u043d-1-pcs\/\" \/>\n<meta property=\"og:locale\" content=\"az_AZ\" \/>\n<meta property=\"og:type\" content=\"article\" \/>\n<meta property=\"og:title\" content=\"VEDA \u041a\u043e\u0442\u044d\u0440\u0432\u0438\u043d 1 pcs - Zooland.az\" \/>\n<meta property=\"og:description\" content=\"Koterwin is a herbal preparation designed for the treatment of urinary tract diseases. It possesses saluretic (salt-excreting), diuretic (urine-excreting), and anti-inflammatory properties. The medicinal plants included in the preparation help dissolve stones (except oxalates). The aqueous infusion of knotweed (Polygonum aviculare L.) and persicaria (Polygonum persicaria L.) contains a complex of flavonoids, tannins, vitamins, and silicon acid compounds. Knotweed infusion has diuretic properties, helps in the expulsion of stones in urolithiasis, has anti-inflammatory effects, and improves the condition of capillary walls. Field horsetail (Equisetum arvense L.) contains water-soluble forms of silicon acid (up to 25%) and its complexes with organic compounds, flavonoids, and triterpene saponins, providing diuretic, hemostatic, and anti-inflammatory effects in bladder and urinary tract diseases. The water-soluble biologically active substances of the field restharrow root (Ononis arvensis L.) include isoflavone glycosides, saponins, triterpene diol (onocerol), tannins, and organic acids, which normalize the tone of smooth muscles, reduce pain during spasms, and increase diuresis.\" \/>\n<meta property=\"og:url\" content=\"https:\/\/zoo-land.az\/az\/shop\/cat\/medications-cat\/veda-\u043a\u043e\u0442\u044d\u0440\u0432\u0438\u043d-1-pcs\/\" \/>\n<meta property=\"og:site_name\" content=\"Zooland.az\" \/>\n<meta property=\"article:modified_time\" content=\"2024-06-14T11:33:25+00:00\" \/>\n<meta property=\"og:image\" content=\"https:\/\/zoo-land.az\/wp-content\/uploads\/2024\/06\/kotervin-700x700-2.jpg\" \/>\n\t<meta property=\"og:image:width\" content=\"700\" \/>\n\t<meta property=\"og:image:height\" content=\"700\" \/>\n\t<meta property=\"og:image:type\" content=\"image\/jpeg\" \/>\n<meta name=\"twitter:card\" content=\"summary_large_image\" \/>\n<meta name=\"twitter:label1\" content=\"Est. reading time\" \/>\n\t<meta name=\"twitter:data1\" content=\"1 minute\" \/>\n<script type=\"application\/ld+json\" class=\"yoast-schema-graph\">{\"@context\":\"https:\\\/\\\/schema.org\",\"@graph\":[{\"@type\":\"WebPage\",\"@id\":\"https:\\\/\\\/zoo-land.az\\\/az\\\/shop\\\/cat\\\/medications-cat\\\/veda-%d0%ba%d0%be%d1%82%d1%8d%d1%80%d0%b2%d0%b8%d0%bd-1-pcs\\\/\",\"url\":\"https:\\\/\\\/zoo-land.az\\\/az\\\/shop\\\/cat\\\/medications-cat\\\/veda-%d0%ba%d0%be%d1%82%d1%8d%d1%80%d0%b2%d0%b8%d0%bd-1-pcs\\\/\",\"name\":\"VEDA \u041a\u043e\u0442\u044d\u0440\u0432\u0438\u043d 1 pcs - Zooland.az\",\"isPartOf\":{\"@id\":\"https:\\\/\\\/zoo-land.az\\\/ru\\\/#website\"},\"primaryImageOfPage\":{\"@id\":\"https:\\\/\\\/zoo-land.az\\\/az\\\/shop\\\/cat\\\/medications-cat\\\/veda-%d0%ba%d0%be%d1%82%d1%8d%d1%80%d0%b2%d0%b8%d0%bd-1-pcs\\\/#primaryimage\"},\"image\":{\"@id\":\"https:\\\/\\\/zoo-land.az\\\/az\\\/shop\\\/cat\\\/medications-cat\\\/veda-%d0%ba%d0%be%d1%82%d1%8d%d1%80%d0%b2%d0%b8%d0%bd-1-pcs\\\/#primaryimage\"},\"thumbnailUrl\":\"https:\\\/\\\/zoo-land.az\\\/wp-content\\\/uploads\\\/2024\\\/06\\\/kotervin-700x700-2.jpg\",\"datePublished\":\"2024-06-14T11:32:51+00:00\",\"dateModified\":\"2024-06-14T11:33:25+00:00\",\"breadcrumb\":{\"@id\":\"https:\\\/\\\/zoo-land.az\\\/az\\\/shop\\\/cat\\\/medications-cat\\\/veda-%d0%ba%d0%be%d1%82%d1%8d%d1%80%d0%b2%d0%b8%d0%bd-1-pcs\\\/#breadcrumb\"},\"inLanguage\":\"az\",\"potentialAction\":[{\"@type\":\"ReadAction\",\"target\":[\"https:\\\/\\\/zoo-land.az\\\/az\\\/shop\\\/cat\\\/medications-cat\\\/veda-%d0%ba%d0%be%d1%82%d1%8d%d1%80%d0%b2%d0%b8%d0%bd-1-pcs\\\/\"]}]},{\"@type\":\"ImageObject\",\"inLanguage\":\"az\",\"@id\":\"https:\\\/\\\/zoo-land.az\\\/az\\\/shop\\\/cat\\\/medications-cat\\\/veda-%d0%ba%d0%be%d1%82%d1%8d%d1%80%d0%b2%d0%b8%d0%bd-1-pcs\\\/#primaryimage\",\"url\":\"https:\\\/\\\/zoo-land.az\\\/wp-content\\\/uploads\\\/2024\\\/06\\\/kotervin-700x700-2.jpg\",\"contentUrl\":\"https:\\\/\\\/zoo-land.az\\\/wp-content\\\/uploads\\\/2024\\\/06\\\/kotervin-700x700-2.jpg\",\"width\":700,\"height\":700},{\"@type\":\"BreadcrumbList\",\"@id\":\"https:\\\/\\\/zoo-land.az\\\/az\\\/shop\\\/cat\\\/medications-cat\\\/veda-%d0%ba%d0%be%d1%82%d1%8d%d1%80%d0%b2%d0%b8%d0%bd-1-pcs\\\/#breadcrumb\",\"itemListElement\":[{\"@type\":\"ListItem\",\"position\":1,\"name\":\"Home\",\"item\":\"https:\\\/\\\/zoo-land.az\\\/ru\\\/\"},{\"@type\":\"ListItem\",\"position\":2,\"name\":\"Shop\",\"item\":\"https:\\\/\\\/zoo-land.az\\\/ru\\\/\"},{\"@type\":\"ListItem\",\"position\":3,\"name\":\"VEDA \u041a\u043e\u0442\u044d\u0440\u0432\u0438\u043d 1 pcs\"}]},{\"@type\":\"WebSite\",\"@id\":\"https:\\\/\\\/zoo-land.az\\\/ru\\\/#website\",\"url\":\"https:\\\/\\\/zoo-land.az\\\/ru\\\/\",\"name\":\"Zooland.az\",\"description\":\"Xo\u015fb\u0259xt ev heyvanlar\u0131n\u0131n \u00fcnvan\u0131 Zooland.az\",\"publisher\":{\"@id\":\"https:\\\/\\\/zoo-land.az\\\/ru\\\/#organization\"},\"potentialAction\":[{\"@type\":\"SearchAction\",\"target\":{\"@type\":\"EntryPoint\",\"urlTemplate\":\"https:\\\/\\\/zoo-land.az\\\/ru\\\/?s={search_term_string}\"},\"query-input\":{\"@type\":\"PropertyValueSpecification\",\"valueRequired\":true,\"valueName\":\"search_term_string\"}}],\"inLanguage\":\"az\"},{\"@type\":\"Organization\",\"@id\":\"https:\\\/\\\/zoo-land.az\\\/ru\\\/#organization\",\"name\":\"Zooland.az\",\"url\":\"https:\\\/\\\/zoo-land.az\\\/ru\\\/\",\"logo\":{\"@type\":\"ImageObject\",\"inLanguage\":\"az\",\"@id\":\"https:\\\/\\\/zoo-land.az\\\/ru\\\/#\\\/schema\\\/logo\\\/image\\\/\",\"url\":\"https:\\\/\\\/zoo-land.az\\\/wp-content\\\/uploads\\\/2022\\\/05\\\/logo.svg\",\"contentUrl\":\"https:\\\/\\\/zoo-land.az\\\/wp-content\\\/uploads\\\/2022\\\/05\\\/logo.svg\",\"width\":113,\"height\":46,\"caption\":\"Zooland.az\"},\"image\":{\"@id\":\"https:\\\/\\\/zoo-land.az\\\/ru\\\/#\\\/schema\\\/logo\\\/image\\\/\"}}]}<\/script>\n<!-- \/ Yoast SEO plugin. -->","yoast_head_json":{"title":"VEDA \u041a\u043e\u0442\u044d\u0440\u0432\u0438\u043d 1 pcs - Zooland.az","robots":{"index":"index","follow":"follow","max-snippet":"max-snippet:-1","max-image-preview":"max-image-preview:large","max-video-preview":"max-video-preview:-1"},"canonical":"https:\/\/zoo-land.az\/az\/shop\/cat\/medications-cat\/veda-\u043a\u043e\u0442\u044d\u0440\u0432\u0438\u043d-1-pcs\/","og_locale":"az_AZ","og_type":"article","og_title":"VEDA \u041a\u043e\u0442\u044d\u0440\u0432\u0438\u043d 1 pcs - Zooland.az","og_description":"Koterwin is a herbal preparation designed for the treatment of urinary tract diseases. It possesses saluretic (salt-excreting), diuretic (urine-excreting), and anti-inflammatory properties. The medicinal plants included in the preparation help dissolve stones (except oxalates). The aqueous infusion of knotweed (Polygonum aviculare L.) and persicaria (Polygonum persicaria L.) contains a complex of flavonoids, tannins, vitamins, and silicon acid compounds. Knotweed infusion has diuretic properties, helps in the expulsion of stones in urolithiasis, has anti-inflammatory effects, and improves the condition of capillary walls. Field horsetail (Equisetum arvense L.) contains water-soluble forms of silicon acid (up to 25%) and its complexes with organic compounds, flavonoids, and triterpene saponins, providing diuretic, hemostatic, and anti-inflammatory effects in bladder and urinary tract diseases. The water-soluble biologically active substances of the field restharrow root (Ononis arvensis L.) include isoflavone glycosides, saponins, triterpene diol (onocerol), tannins, and organic acids, which normalize the tone of smooth muscles, reduce pain during spasms, and increase diuresis.","og_url":"https:\/\/zoo-land.az\/az\/shop\/cat\/medications-cat\/veda-\u043a\u043e\u0442\u044d\u0440\u0432\u0438\u043d-1-pcs\/","og_site_name":"Zooland.az","article_modified_time":"2024-06-14T11:33:25+00:00","og_image":[{"width":700,"height":700,"url":"https:\/\/zoo-land.az\/wp-content\/uploads\/2024\/06\/kotervin-700x700-2.jpg","type":"image\/jpeg"}],"twitter_card":"summary_large_image","twitter_misc":{"Est. reading time":"1 minute"},"schema":{"@context":"https:\/\/schema.org","@graph":[{"@type":"WebPage","@id":"https:\/\/zoo-land.az\/az\/shop\/cat\/medications-cat\/veda-%d0%ba%d0%be%d1%82%d1%8d%d1%80%d0%b2%d0%b8%d0%bd-1-pcs\/","url":"https:\/\/zoo-land.az\/az\/shop\/cat\/medications-cat\/veda-%d0%ba%d0%be%d1%82%d1%8d%d1%80%d0%b2%d0%b8%d0%bd-1-pcs\/","name":"VEDA \u041a\u043e\u0442\u044d\u0440\u0432\u0438\u043d 1 pcs - Zooland.az","isPartOf":{"@id":"https:\/\/zoo-land.az\/ru\/#website"},"primaryImageOfPage":{"@id":"https:\/\/zoo-land.az\/az\/shop\/cat\/medications-cat\/veda-%d0%ba%d0%be%d1%82%d1%8d%d1%80%d0%b2%d0%b8%d0%bd-1-pcs\/#primaryimage"},"image":{"@id":"https:\/\/zoo-land.az\/az\/shop\/cat\/medications-cat\/veda-%d0%ba%d0%be%d1%82%d1%8d%d1%80%d0%b2%d0%b8%d0%bd-1-pcs\/#primaryimage"},"thumbnailUrl":"https:\/\/zoo-land.az\/wp-content\/uploads\/2024\/06\/kotervin-700x700-2.jpg","datePublished":"2024-06-14T11:32:51+00:00","dateModified":"2024-06-14T11:33:25+00:00","breadcrumb":{"@id":"https:\/\/zoo-land.az\/az\/shop\/cat\/medications-cat\/veda-%d0%ba%d0%be%d1%82%d1%8d%d1%80%d0%b2%d0%b8%d0%bd-1-pcs\/#breadcrumb"},"inLanguage":"az","potentialAction":[{"@type":"ReadAction","target":["https:\/\/zoo-land.az\/az\/shop\/cat\/medications-cat\/veda-%d0%ba%d0%be%d1%82%d1%8d%d1%80%d0%b2%d0%b8%d0%bd-1-pcs\/"]}]},{"@type":"ImageObject","inLanguage":"az","@id":"https:\/\/zoo-land.az\/az\/shop\/cat\/medications-cat\/veda-%d0%ba%d0%be%d1%82%d1%8d%d1%80%d0%b2%d0%b8%d0%bd-1-pcs\/#primaryimage","url":"https:\/\/zoo-land.az\/wp-content\/uploads\/2024\/06\/kotervin-700x700-2.jpg","contentUrl":"https:\/\/zoo-land.az\/wp-content\/uploads\/2024\/06\/kotervin-700x700-2.jpg","width":700,"height":700},{"@type":"BreadcrumbList","@id":"https:\/\/zoo-land.az\/az\/shop\/cat\/medications-cat\/veda-%d0%ba%d0%be%d1%82%d1%8d%d1%80%d0%b2%d0%b8%d0%bd-1-pcs\/#breadcrumb","itemListElement":[{"@type":"ListItem","position":1,"name":"Home","item":"https:\/\/zoo-land.az\/ru\/"},{"@type":"ListItem","position":2,"name":"Shop","item":"https:\/\/zoo-land.az\/ru\/"},{"@type":"ListItem","position":3,"name":"VEDA \u041a\u043e\u0442\u044d\u0440\u0432\u0438\u043d 1 pcs"}]},{"@type":"WebSite","@id":"https:\/\/zoo-land.az\/ru\/#website","url":"https:\/\/zoo-land.az\/ru\/","name":"Zooland.az","description":"Xo\u015fb\u0259xt ev heyvanlar\u0131n\u0131n \u00fcnvan\u0131 Zooland.az","publisher":{"@id":"https:\/\/zoo-land.az\/ru\/#organization"},"potentialAction":[{"@type":"SearchAction","target":{"@type":"EntryPoint","urlTemplate":"https:\/\/zoo-land.az\/ru\/?s={search_term_string}"},"query-input":{"@type":"PropertyValueSpecification","valueRequired":true,"valueName":"search_term_string"}}],"inLanguage":"az"},{"@type":"Organization","@id":"https:\/\/zoo-land.az\/ru\/#organization","name":"Zooland.az","url":"https:\/\/zoo-land.az\/ru\/","logo":{"@type":"ImageObject","inLanguage":"az","@id":"https:\/\/zoo-land.az\/ru\/#\/schema\/logo\/image\/","url":"https:\/\/zoo-land.az\/wp-content\/uploads\/2022\/05\/logo.svg","contentUrl":"https:\/\/zoo-land.az\/wp-content\/uploads\/2022\/05\/logo.svg","width":113,"height":46,"caption":"Zooland.az"},"image":{"@id":"https:\/\/zoo-land.az\/ru\/#\/schema\/logo\/image\/"}}]}},"_links":{"self":[{"href":"https:\/\/zoo-land.az\/az\/wp-json\/wp\/v2\/product\/23627","targetHints":{"allow":["GET"]}}],"collection":[{"href":"https:\/\/zoo-land.az\/az\/wp-json\/wp\/v2\/product"}],"about":[{"href":"https:\/\/zoo-land.az\/az\/wp-json\/wp\/v2\/types\/product"}],"wp:featuredmedia":[{"embeddable":true,"href":"https:\/\/zoo-land.az\/az\/wp-json\/wp\/v2\/media\/23629"}],"wp:attachment":[{"href":"https:\/\/zoo-land.az\/az\/wp-json\/wp\/v2\/media?parent=23627"}],"wp:term":[{"taxonomy":"product_cat","embeddable":true,"href":"https:\/\/zoo-land.az\/az\/wp-json\/wp\/v2\/product_cat?post=23627"},{"taxonomy":"product_tag","embeddable":true,"href":"https:\/\/zoo-land.az\/az\/wp-json\/wp\/v2\/product_tag?post=23627"}],"curies":[{"name":"wp","href":"https:\/\/api.w.org\/{rel}","templated":true}]}}