{"id":23667,"date":"2024-06-14T13:56:13","date_gmt":"2024-06-14T13:56:13","guid":{"rendered":"https:\/\/lightsteelblue-zebra-299715.hostingersite.com\/?post_type=product&#038;p=23667"},"modified":"2024-06-14T13:56:13","modified_gmt":"2024-06-14T13:56:13","slug":"flexi-red-leash-m-5m-25-kg","status":"publish","type":"product","link":"https:\/\/zoo-land.az\/az\/shop\/dog\/dog-accesories\/leash\/flexi-red-leash-m-5m-25-kg\/","title":{"rendered":"Flexi Red leash M 5m 25 kg"},"content":{"rendered":"<p>The new high-quality retractable leashes Flexi New CLASSIC feature a special ergonomic handle and an innovative braking system. This makes walking with your pet not only safe but also enjoyable. Quality, functionality, safety, and exclusive design are the distinguishing features of Flexi leashes. Millions of dog owners worldwide admire the company&#8217;s original products.<\/p>\n<p>The high-tech spring system of Flexi retractable leashes gives the owner an unparalleled sense of confidence and control in every situation. In addition to the reliability and smoothness of the mechanism, these leashes boast user-friendly handling, high-quality materials, and exemplary hand assembly.<\/p>\n<p>The new high-quality retractable leashes Flexi New CLASSIC have a sturdy plastic handle that is wear-resistant and impact-resistant, unafraid of falls and mechanical damage. The nylon tape does not stretch, tear, or fray.<\/p>\n<p>Key features:<\/p>\n<ul>\n<li>Belt leash<\/li>\n<li>Comfortable braking system with a shortened braking length<\/li>\n<li>Chrome-plated fastener<\/li>\n<\/ul>\n<p>Features:<\/p>\n<ul>\n<li>Ease of use<\/li>\n<li>Patented fixation system for effective control in every situation<\/li>\n<li>Innovative design \u2013 classic, fashionable, elegant<\/li>\n<li>Reliable retraction system to prevent leash sagging<\/li>\n<li>Maximum load capacity thanks to high-tech materials<\/li>\n<\/ul>\n<p>Length up to 5 meters, for dogs weighing up to 25 kg.<\/p>\n<p>Designed for medium-sized dogs.<\/p>\n<p>Color: red.<\/p>\n<p>Leash weight: approximately 0.3 kg.<\/p>","protected":false},"excerpt":{"rendered":"<p>The new high-quality retractable leashes Flexi New CLASSIC feature a special ergonomic handle and an innovative braking system. This makes walking with your pet not only safe but also enjoyable. Quality, functionality, safety, and exclusive design are the distinguishing features of Flexi leashes. Millions of dog owners worldwide admire the company&#8217;s original products.<\/p>\n<p>The high-tech spring system of Flexi retractable leashes gives the owner an unparalleled sense of confidence and control in every situation. In addition to the reliability and smoothness of the mechanism, these leashes boast user-friendly handling, high-quality materials, and exemplary hand assembly.<\/p>","protected":false},"featured_media":23668,"template":"","meta":{"inline_featured_image":false,"_joinchat":[]},"product_cat":[159,107,396],"product_tag":[],"class_list":{"0":"post-23667","1":"product","2":"type-product","3":"status-publish","4":"has-post-thumbnail","6":"product_brand-flexi","7":"product_cat-dog-accesories","8":"product_cat-dog","9":"product_cat-leash","11":"first","12":"instock","13":"shipping-taxable","14":"purchasable","15":"product-type-simple"},"yoast_head":"<!-- This site is optimized with the Yoast SEO plugin v27.4 - https:\/\/yoast.com\/product\/yoast-seo-wordpress\/ -->\n<title>Flexi Red leash M 5m 25 kg - Zooland.az<\/title>\n<meta name=\"robots\" content=\"index, follow, max-snippet:-1, max-image-preview:large, max-video-preview:-1\" \/>\n<link rel=\"canonical\" href=\"https:\/\/zoo-land.az\/az\/shop\/dog\/dog-accesories\/leash\/flexi-red-leash-m-5m-25-kg\/\" \/>\n<meta property=\"og:locale\" content=\"az_AZ\" \/>\n<meta property=\"og:type\" content=\"article\" \/>\n<meta property=\"og:title\" content=\"Flexi Red leash M 5m 25 kg - Zooland.az\" \/>\n<meta property=\"og:description\" content=\"The new high-quality retractable leashes Flexi New CLASSIC feature a special ergonomic handle and an innovative braking system. This makes walking with your pet not only safe but also enjoyable. Quality, functionality, safety, and exclusive design are the distinguishing features of Flexi leashes. Millions of dog owners worldwide admire the company&#039;s original products.  The high-tech spring system of Flexi retractable leashes gives the owner an unparalleled sense of confidence and control in every situation. In addition to the reliability and smoothness of the mechanism, these leashes boast user-friendly handling, high-quality materials, and exemplary hand assembly.\" \/>\n<meta property=\"og:url\" content=\"https:\/\/zoo-land.az\/az\/shop\/dog\/dog-accesories\/leash\/flexi-red-leash-m-5m-25-kg\/\" \/>\n<meta property=\"og:site_name\" content=\"Zooland.az\" \/>\n<meta property=\"og:image\" content=\"https:\/\/zoo-land.az\/wp-content\/uploads\/2024\/06\/flexi_new_classic_m_tape_5m_red.jpg\" \/>\n\t<meta property=\"og:image:width\" content=\"2450\" \/>\n\t<meta property=\"og:image:height\" content=\"2450\" \/>\n\t<meta property=\"og:image:type\" content=\"image\/jpeg\" \/>\n<meta name=\"twitter:card\" content=\"summary_large_image\" \/>\n<meta name=\"twitter:label1\" content=\"Est. reading time\" \/>\n\t<meta name=\"twitter:data1\" content=\"1 minute\" \/>\n<script type=\"application\/ld+json\" class=\"yoast-schema-graph\">{\"@context\":\"https:\\\/\\\/schema.org\",\"@graph\":[{\"@type\":\"WebPage\",\"@id\":\"https:\\\/\\\/zoo-land.az\\\/shop\\\/dog\\\/dog-accesories\\\/leash\\\/flexi-red-leash-m-5m-25-kg\\\/\",\"url\":\"https:\\\/\\\/zoo-land.az\\\/shop\\\/dog\\\/dog-accesories\\\/leash\\\/flexi-red-leash-m-5m-25-kg\\\/\",\"name\":\"Flexi Red leash M 5m 25 kg - Zooland.az\",\"isPartOf\":{\"@id\":\"https:\\\/\\\/zoo-land.az\\\/#website\"},\"primaryImageOfPage\":{\"@id\":\"https:\\\/\\\/zoo-land.az\\\/shop\\\/dog\\\/dog-accesories\\\/leash\\\/flexi-red-leash-m-5m-25-kg\\\/#primaryimage\"},\"image\":{\"@id\":\"https:\\\/\\\/zoo-land.az\\\/shop\\\/dog\\\/dog-accesories\\\/leash\\\/flexi-red-leash-m-5m-25-kg\\\/#primaryimage\"},\"thumbnailUrl\":\"https:\\\/\\\/zoo-land.az\\\/wp-content\\\/uploads\\\/2024\\\/06\\\/flexi_new_classic_m_tape_5m_red.jpg\",\"datePublished\":\"2024-06-14T13:56:13+00:00\",\"breadcrumb\":{\"@id\":\"https:\\\/\\\/zoo-land.az\\\/shop\\\/dog\\\/dog-accesories\\\/leash\\\/flexi-red-leash-m-5m-25-kg\\\/#breadcrumb\"},\"inLanguage\":\"az\",\"potentialAction\":[{\"@type\":\"ReadAction\",\"target\":[\"https:\\\/\\\/zoo-land.az\\\/shop\\\/dog\\\/dog-accesories\\\/leash\\\/flexi-red-leash-m-5m-25-kg\\\/\"]}]},{\"@type\":\"ImageObject\",\"inLanguage\":\"az\",\"@id\":\"https:\\\/\\\/zoo-land.az\\\/shop\\\/dog\\\/dog-accesories\\\/leash\\\/flexi-red-leash-m-5m-25-kg\\\/#primaryimage\",\"url\":\"https:\\\/\\\/zoo-land.az\\\/wp-content\\\/uploads\\\/2024\\\/06\\\/flexi_new_classic_m_tape_5m_red.jpg\",\"contentUrl\":\"https:\\\/\\\/zoo-land.az\\\/wp-content\\\/uploads\\\/2024\\\/06\\\/flexi_new_classic_m_tape_5m_red.jpg\",\"width\":2450,\"height\":2450},{\"@type\":\"BreadcrumbList\",\"@id\":\"https:\\\/\\\/zoo-land.az\\\/shop\\\/dog\\\/dog-accesories\\\/leash\\\/flexi-red-leash-m-5m-25-kg\\\/#breadcrumb\",\"itemListElement\":[{\"@type\":\"ListItem\",\"position\":1,\"name\":\"Home\",\"item\":\"https:\\\/\\\/zoo-land.az\\\/ru\\\/\"},{\"@type\":\"ListItem\",\"position\":2,\"name\":\"Shop\",\"item\":\"https:\\\/\\\/zoo-land.az\\\/ru\\\/\"},{\"@type\":\"ListItem\",\"position\":3,\"name\":\"Flexi Red leash M 5m 25 kg\"}]},{\"@type\":\"WebSite\",\"@id\":\"https:\\\/\\\/zoo-land.az\\\/#website\",\"url\":\"https:\\\/\\\/zoo-land.az\\\/\",\"name\":\"Zooland.az\",\"description\":\"Xo\u015fb\u0259xt ev heyvanlar\u0131n\u0131n \u00fcnvan\u0131 Zooland.az\",\"publisher\":{\"@id\":\"https:\\\/\\\/zoo-land.az\\\/#organization\"},\"potentialAction\":[{\"@type\":\"SearchAction\",\"target\":{\"@type\":\"EntryPoint\",\"urlTemplate\":\"https:\\\/\\\/zoo-land.az\\\/?s={search_term_string}\"},\"query-input\":{\"@type\":\"PropertyValueSpecification\",\"valueRequired\":true,\"valueName\":\"search_term_string\"}}],\"inLanguage\":\"az\"},{\"@type\":\"Organization\",\"@id\":\"https:\\\/\\\/zoo-land.az\\\/#organization\",\"name\":\"Zooland.az\",\"url\":\"https:\\\/\\\/zoo-land.az\\\/\",\"logo\":{\"@type\":\"ImageObject\",\"inLanguage\":\"az\",\"@id\":\"https:\\\/\\\/zoo-land.az\\\/#\\\/schema\\\/logo\\\/image\\\/\",\"url\":\"https:\\\/\\\/zoo-land.az\\\/wp-content\\\/uploads\\\/2022\\\/05\\\/logo.svg\",\"contentUrl\":\"https:\\\/\\\/zoo-land.az\\\/wp-content\\\/uploads\\\/2022\\\/05\\\/logo.svg\",\"width\":113,\"height\":46,\"caption\":\"Zooland.az\"},\"image\":{\"@id\":\"https:\\\/\\\/zoo-land.az\\\/#\\\/schema\\\/logo\\\/image\\\/\"}}]}<\/script>\n<!-- \/ Yoast SEO plugin. -->","yoast_head_json":{"title":"Flexi Red leash M 5m 25 kg - Zooland.az","robots":{"index":"index","follow":"follow","max-snippet":"max-snippet:-1","max-image-preview":"max-image-preview:large","max-video-preview":"max-video-preview:-1"},"canonical":"https:\/\/zoo-land.az\/az\/shop\/dog\/dog-accesories\/leash\/flexi-red-leash-m-5m-25-kg\/","og_locale":"az_AZ","og_type":"article","og_title":"Flexi Red leash M 5m 25 kg - Zooland.az","og_description":"The new high-quality retractable leashes Flexi New CLASSIC feature a special ergonomic handle and an innovative braking system. This makes walking with your pet not only safe but also enjoyable. Quality, functionality, safety, and exclusive design are the distinguishing features of Flexi leashes. Millions of dog owners worldwide admire the company's original products.  The high-tech spring system of Flexi retractable leashes gives the owner an unparalleled sense of confidence and control in every situation. In addition to the reliability and smoothness of the mechanism, these leashes boast user-friendly handling, high-quality materials, and exemplary hand assembly.","og_url":"https:\/\/zoo-land.az\/az\/shop\/dog\/dog-accesories\/leash\/flexi-red-leash-m-5m-25-kg\/","og_site_name":"Zooland.az","og_image":[{"width":2450,"height":2450,"url":"https:\/\/zoo-land.az\/wp-content\/uploads\/2024\/06\/flexi_new_classic_m_tape_5m_red.jpg","type":"image\/jpeg"}],"twitter_card":"summary_large_image","twitter_misc":{"Est. reading time":"1 minute"},"schema":{"@context":"https:\/\/schema.org","@graph":[{"@type":"WebPage","@id":"https:\/\/zoo-land.az\/shop\/dog\/dog-accesories\/leash\/flexi-red-leash-m-5m-25-kg\/","url":"https:\/\/zoo-land.az\/shop\/dog\/dog-accesories\/leash\/flexi-red-leash-m-5m-25-kg\/","name":"Flexi Red leash M 5m 25 kg - Zooland.az","isPartOf":{"@id":"https:\/\/zoo-land.az\/#website"},"primaryImageOfPage":{"@id":"https:\/\/zoo-land.az\/shop\/dog\/dog-accesories\/leash\/flexi-red-leash-m-5m-25-kg\/#primaryimage"},"image":{"@id":"https:\/\/zoo-land.az\/shop\/dog\/dog-accesories\/leash\/flexi-red-leash-m-5m-25-kg\/#primaryimage"},"thumbnailUrl":"https:\/\/zoo-land.az\/wp-content\/uploads\/2024\/06\/flexi_new_classic_m_tape_5m_red.jpg","datePublished":"2024-06-14T13:56:13+00:00","breadcrumb":{"@id":"https:\/\/zoo-land.az\/shop\/dog\/dog-accesories\/leash\/flexi-red-leash-m-5m-25-kg\/#breadcrumb"},"inLanguage":"az","potentialAction":[{"@type":"ReadAction","target":["https:\/\/zoo-land.az\/shop\/dog\/dog-accesories\/leash\/flexi-red-leash-m-5m-25-kg\/"]}]},{"@type":"ImageObject","inLanguage":"az","@id":"https:\/\/zoo-land.az\/shop\/dog\/dog-accesories\/leash\/flexi-red-leash-m-5m-25-kg\/#primaryimage","url":"https:\/\/zoo-land.az\/wp-content\/uploads\/2024\/06\/flexi_new_classic_m_tape_5m_red.jpg","contentUrl":"https:\/\/zoo-land.az\/wp-content\/uploads\/2024\/06\/flexi_new_classic_m_tape_5m_red.jpg","width":2450,"height":2450},{"@type":"BreadcrumbList","@id":"https:\/\/zoo-land.az\/shop\/dog\/dog-accesories\/leash\/flexi-red-leash-m-5m-25-kg\/#breadcrumb","itemListElement":[{"@type":"ListItem","position":1,"name":"Home","item":"https:\/\/zoo-land.az\/ru\/"},{"@type":"ListItem","position":2,"name":"Shop","item":"https:\/\/zoo-land.az\/ru\/"},{"@type":"ListItem","position":3,"name":"Flexi Red leash M 5m 25 kg"}]},{"@type":"WebSite","@id":"https:\/\/zoo-land.az\/#website","url":"https:\/\/zoo-land.az\/","name":"Zooland.az","description":"Xo\u015fb\u0259xt ev heyvanlar\u0131n\u0131n \u00fcnvan\u0131 Zooland.az","publisher":{"@id":"https:\/\/zoo-land.az\/#organization"},"potentialAction":[{"@type":"SearchAction","target":{"@type":"EntryPoint","urlTemplate":"https:\/\/zoo-land.az\/?s={search_term_string}"},"query-input":{"@type":"PropertyValueSpecification","valueRequired":true,"valueName":"search_term_string"}}],"inLanguage":"az"},{"@type":"Organization","@id":"https:\/\/zoo-land.az\/#organization","name":"Zooland.az","url":"https:\/\/zoo-land.az\/","logo":{"@type":"ImageObject","inLanguage":"az","@id":"https:\/\/zoo-land.az\/#\/schema\/logo\/image\/","url":"https:\/\/zoo-land.az\/wp-content\/uploads\/2022\/05\/logo.svg","contentUrl":"https:\/\/zoo-land.az\/wp-content\/uploads\/2022\/05\/logo.svg","width":113,"height":46,"caption":"Zooland.az"},"image":{"@id":"https:\/\/zoo-land.az\/#\/schema\/logo\/image\/"}}]}},"_links":{"self":[{"href":"https:\/\/zoo-land.az\/az\/wp-json\/wp\/v2\/product\/23667","targetHints":{"allow":["GET"]}}],"collection":[{"href":"https:\/\/zoo-land.az\/az\/wp-json\/wp\/v2\/product"}],"about":[{"href":"https:\/\/zoo-land.az\/az\/wp-json\/wp\/v2\/types\/product"}],"wp:featuredmedia":[{"embeddable":true,"href":"https:\/\/zoo-land.az\/az\/wp-json\/wp\/v2\/media\/23668"}],"wp:attachment":[{"href":"https:\/\/zoo-land.az\/az\/wp-json\/wp\/v2\/media?parent=23667"}],"wp:term":[{"taxonomy":"product_cat","embeddable":true,"href":"https:\/\/zoo-land.az\/az\/wp-json\/wp\/v2\/product_cat?post=23667"},{"taxonomy":"product_tag","embeddable":true,"href":"https:\/\/zoo-land.az\/az\/wp-json\/wp\/v2\/product_tag?post=23667"}],"curies":[{"name":"wp","href":"https:\/\/api.w.org\/{rel}","templated":true}]}}