{"id":23670,"date":"2024-06-14T15:48:25","date_gmt":"2024-06-14T15:48:25","guid":{"rendered":"https:\/\/lightsteelblue-zebra-299715.hostingersite.com\/?post_type=product&#038;p=23670"},"modified":"2024-06-14T15:48:25","modified_gmt":"2024-06-14T15:48:25","slug":"nunbel-water-bottle-for-dogs-250-ml","status":"publish","type":"product","link":"https:\/\/zoo-land.az\/az\/shop\/dog\/bowls\/nunbel-water-bottle-for-dogs-250-ml\/","title":{"rendered":"\u0130tl\u0259r \u00fc\u00e7\u00fcn Nunbel Su Butulkasi 250 ml"},"content":{"rendered":"<p>Developed especially for those who love traveling with their pets, this plastic bottle helps quench your cat&#8217;s or dog&#8217;s thirst anywhere. When closed, the bottle is compact and can be easily carried in a bag, taking up minimal space. To use, lift the bottle upwards and gently squeeze to release the water.<\/p>","protected":false},"excerpt":{"rendered":"<p>Developed especially for those who love traveling with their pets, this plastic bottle helps quench your cat&#8217;s or dog&#8217;s thirst anywhere. When closed, the bottle is compact and can be easily carried in a bag, taking up minimal space. To use, lift the bottle upwards and gently squeeze to release the water.<\/p>","protected":false},"featured_media":23671,"template":"","meta":{"inline_featured_image":false,"_joinchat":[]},"product_cat":[353,107],"product_tag":[],"class_list":{"0":"post-23670","1":"product","2":"type-product","3":"status-publish","4":"has-post-thumbnail","6":"product_brand-nunbell","7":"product_cat-bowls","8":"product_cat-dog","10":"first","11":"instock","12":"shipping-taxable","13":"purchasable","14":"product-type-simple"},"yoast_head":"<!-- This site is optimized with the Yoast SEO plugin v26.7 - https:\/\/yoast.com\/wordpress\/plugins\/seo\/ -->\n<title>Nunbel Water Bottle for Dogs 250 ml - Zooland.az<\/title>\n<meta name=\"robots\" content=\"index, follow, max-snippet:-1, max-image-preview:large, max-video-preview:-1\" \/>\n<link rel=\"canonical\" href=\"https:\/\/zoo-land.az\/az\/shop\/dog\/bowls\/nunbel-water-bottle-for-dogs-250-ml\/\" \/>\n<meta property=\"og:locale\" content=\"az_AZ\" \/>\n<meta property=\"og:type\" content=\"article\" \/>\n<meta property=\"og:title\" content=\"Nunbel Water Bottle for Dogs 250 ml - Zooland.az\" \/>\n<meta property=\"og:description\" content=\"Developed especially for those who love traveling with their pets, this plastic bottle helps quench your cat&#039;s or dog&#039;s thirst anywhere. When closed, the bottle is compact and can be easily carried in a bag, taking up minimal space. To use, lift the bottle upwards and gently squeeze to release the water.\" \/>\n<meta property=\"og:url\" content=\"https:\/\/zoo-land.az\/az\/shop\/dog\/bowls\/nunbel-water-bottle-for-dogs-250-ml\/\" \/>\n<meta property=\"og:site_name\" content=\"Zooland.az\" \/>\n<meta property=\"og:image\" content=\"https:\/\/zoo-land.az\/wp-content\/uploads\/2024\/06\/303638-789d271f8c979fcf0f1b4931c03750e9.jpg\" \/>\n\t<meta property=\"og:image:width\" content=\"840\" \/>\n\t<meta property=\"og:image:height\" content=\"840\" \/>\n\t<meta property=\"og:image:type\" content=\"image\/jpeg\" \/>\n<meta name=\"twitter:card\" content=\"summary_large_image\" \/>\n<script type=\"application\/ld+json\" class=\"yoast-schema-graph\">{\"@context\":\"https:\/\/schema.org\",\"@graph\":[{\"@type\":\"WebPage\",\"@id\":\"https:\/\/zoo-land.az\/ru\/shop\/dog\/bowls\/nunbel-water-bottle-for-dogs-250-ml\/\",\"url\":\"https:\/\/zoo-land.az\/ru\/shop\/dog\/bowls\/nunbel-water-bottle-for-dogs-250-ml\/\",\"name\":\"Nunbel Water Bottle for Dogs 250 ml - Zooland.az\",\"isPartOf\":{\"@id\":\"https:\/\/zoo-land.az\/#website\"},\"primaryImageOfPage\":{\"@id\":\"https:\/\/zoo-land.az\/ru\/shop\/dog\/bowls\/nunbel-water-bottle-for-dogs-250-ml\/#primaryimage\"},\"image\":{\"@id\":\"https:\/\/zoo-land.az\/ru\/shop\/dog\/bowls\/nunbel-water-bottle-for-dogs-250-ml\/#primaryimage\"},\"thumbnailUrl\":\"https:\/\/zoo-land.az\/wp-content\/uploads\/2024\/06\/303638-789d271f8c979fcf0f1b4931c03750e9.jpg\",\"datePublished\":\"2024-06-14T15:48:25+00:00\",\"breadcrumb\":{\"@id\":\"https:\/\/zoo-land.az\/ru\/shop\/dog\/bowls\/nunbel-water-bottle-for-dogs-250-ml\/#breadcrumb\"},\"inLanguage\":\"az\",\"potentialAction\":[{\"@type\":\"ReadAction\",\"target\":[\"https:\/\/zoo-land.az\/ru\/shop\/dog\/bowls\/nunbel-water-bottle-for-dogs-250-ml\/\"]}]},{\"@type\":\"ImageObject\",\"inLanguage\":\"az\",\"@id\":\"https:\/\/zoo-land.az\/ru\/shop\/dog\/bowls\/nunbel-water-bottle-for-dogs-250-ml\/#primaryimage\",\"url\":\"https:\/\/zoo-land.az\/wp-content\/uploads\/2024\/06\/303638-789d271f8c979fcf0f1b4931c03750e9.jpg\",\"contentUrl\":\"https:\/\/zoo-land.az\/wp-content\/uploads\/2024\/06\/303638-789d271f8c979fcf0f1b4931c03750e9.jpg\",\"width\":840,\"height\":840},{\"@type\":\"BreadcrumbList\",\"@id\":\"https:\/\/zoo-land.az\/ru\/shop\/dog\/bowls\/nunbel-water-bottle-for-dogs-250-ml\/#breadcrumb\",\"itemListElement\":[{\"@type\":\"ListItem\",\"position\":1,\"name\":\"Home\",\"item\":\"https:\/\/zoo-land.az\/ru\/\"},{\"@type\":\"ListItem\",\"position\":2,\"name\":\"Shop\",\"item\":\"https:\/\/zoo-land.az\/ru\/\"},{\"@type\":\"ListItem\",\"position\":3,\"name\":\"Nunbel Water Bottle for Dogs 250 ml\"}]},{\"@type\":\"WebSite\",\"@id\":\"https:\/\/zoo-land.az\/#website\",\"url\":\"https:\/\/zoo-land.az\/\",\"name\":\"Zooland.az\",\"description\":\"Xo\u015fb\u0259xt ev heyvanlar\u0131n\u0131n \u00fcnvan\u0131 Zooland.az\",\"publisher\":{\"@id\":\"https:\/\/zoo-land.az\/#organization\"},\"potentialAction\":[{\"@type\":\"SearchAction\",\"target\":{\"@type\":\"EntryPoint\",\"urlTemplate\":\"https:\/\/zoo-land.az\/?s={search_term_string}\"},\"query-input\":{\"@type\":\"PropertyValueSpecification\",\"valueRequired\":true,\"valueName\":\"search_term_string\"}}],\"inLanguage\":\"az\"},{\"@type\":\"Organization\",\"@id\":\"https:\/\/zoo-land.az\/#organization\",\"name\":\"Zooland.az\",\"url\":\"https:\/\/zoo-land.az\/\",\"logo\":{\"@type\":\"ImageObject\",\"inLanguage\":\"az\",\"@id\":\"https:\/\/zoo-land.az\/#\/schema\/logo\/image\/\",\"url\":\"https:\/\/zoo-land.az\/wp-content\/uploads\/2022\/05\/logo.svg\",\"contentUrl\":\"https:\/\/zoo-land.az\/wp-content\/uploads\/2022\/05\/logo.svg\",\"width\":113,\"height\":46,\"caption\":\"Zooland.az\"},\"image\":{\"@id\":\"https:\/\/zoo-land.az\/#\/schema\/logo\/image\/\"}}]}<\/script>\n<!-- \/ Yoast SEO plugin. -->","yoast_head_json":{"title":"Nunbel Water Bottle for Dogs 250 ml - Zooland.az","robots":{"index":"index","follow":"follow","max-snippet":"max-snippet:-1","max-image-preview":"max-image-preview:large","max-video-preview":"max-video-preview:-1"},"canonical":"https:\/\/zoo-land.az\/az\/shop\/dog\/bowls\/nunbel-water-bottle-for-dogs-250-ml\/","og_locale":"az_AZ","og_type":"article","og_title":"Nunbel Water Bottle for Dogs 250 ml - Zooland.az","og_description":"Developed especially for those who love traveling with their pets, this plastic bottle helps quench your cat's or dog's thirst anywhere. When closed, the bottle is compact and can be easily carried in a bag, taking up minimal space. To use, lift the bottle upwards and gently squeeze to release the water.","og_url":"https:\/\/zoo-land.az\/az\/shop\/dog\/bowls\/nunbel-water-bottle-for-dogs-250-ml\/","og_site_name":"Zooland.az","og_image":[{"width":840,"height":840,"url":"https:\/\/zoo-land.az\/wp-content\/uploads\/2024\/06\/303638-789d271f8c979fcf0f1b4931c03750e9.jpg","type":"image\/jpeg"}],"twitter_card":"summary_large_image","schema":{"@context":"https:\/\/schema.org","@graph":[{"@type":"WebPage","@id":"https:\/\/zoo-land.az\/ru\/shop\/dog\/bowls\/nunbel-water-bottle-for-dogs-250-ml\/","url":"https:\/\/zoo-land.az\/ru\/shop\/dog\/bowls\/nunbel-water-bottle-for-dogs-250-ml\/","name":"Nunbel Water Bottle for Dogs 250 ml - Zooland.az","isPartOf":{"@id":"https:\/\/zoo-land.az\/#website"},"primaryImageOfPage":{"@id":"https:\/\/zoo-land.az\/ru\/shop\/dog\/bowls\/nunbel-water-bottle-for-dogs-250-ml\/#primaryimage"},"image":{"@id":"https:\/\/zoo-land.az\/ru\/shop\/dog\/bowls\/nunbel-water-bottle-for-dogs-250-ml\/#primaryimage"},"thumbnailUrl":"https:\/\/zoo-land.az\/wp-content\/uploads\/2024\/06\/303638-789d271f8c979fcf0f1b4931c03750e9.jpg","datePublished":"2024-06-14T15:48:25+00:00","breadcrumb":{"@id":"https:\/\/zoo-land.az\/ru\/shop\/dog\/bowls\/nunbel-water-bottle-for-dogs-250-ml\/#breadcrumb"},"inLanguage":"az","potentialAction":[{"@type":"ReadAction","target":["https:\/\/zoo-land.az\/ru\/shop\/dog\/bowls\/nunbel-water-bottle-for-dogs-250-ml\/"]}]},{"@type":"ImageObject","inLanguage":"az","@id":"https:\/\/zoo-land.az\/ru\/shop\/dog\/bowls\/nunbel-water-bottle-for-dogs-250-ml\/#primaryimage","url":"https:\/\/zoo-land.az\/wp-content\/uploads\/2024\/06\/303638-789d271f8c979fcf0f1b4931c03750e9.jpg","contentUrl":"https:\/\/zoo-land.az\/wp-content\/uploads\/2024\/06\/303638-789d271f8c979fcf0f1b4931c03750e9.jpg","width":840,"height":840},{"@type":"BreadcrumbList","@id":"https:\/\/zoo-land.az\/ru\/shop\/dog\/bowls\/nunbel-water-bottle-for-dogs-250-ml\/#breadcrumb","itemListElement":[{"@type":"ListItem","position":1,"name":"Home","item":"https:\/\/zoo-land.az\/ru\/"},{"@type":"ListItem","position":2,"name":"Shop","item":"https:\/\/zoo-land.az\/ru\/"},{"@type":"ListItem","position":3,"name":"Nunbel Water Bottle for Dogs 250 ml"}]},{"@type":"WebSite","@id":"https:\/\/zoo-land.az\/#website","url":"https:\/\/zoo-land.az\/","name":"Zooland.az","description":"Xo\u015fb\u0259xt ev heyvanlar\u0131n\u0131n \u00fcnvan\u0131 Zooland.az","publisher":{"@id":"https:\/\/zoo-land.az\/#organization"},"potentialAction":[{"@type":"SearchAction","target":{"@type":"EntryPoint","urlTemplate":"https:\/\/zoo-land.az\/?s={search_term_string}"},"query-input":{"@type":"PropertyValueSpecification","valueRequired":true,"valueName":"search_term_string"}}],"inLanguage":"az"},{"@type":"Organization","@id":"https:\/\/zoo-land.az\/#organization","name":"Zooland.az","url":"https:\/\/zoo-land.az\/","logo":{"@type":"ImageObject","inLanguage":"az","@id":"https:\/\/zoo-land.az\/#\/schema\/logo\/image\/","url":"https:\/\/zoo-land.az\/wp-content\/uploads\/2022\/05\/logo.svg","contentUrl":"https:\/\/zoo-land.az\/wp-content\/uploads\/2022\/05\/logo.svg","width":113,"height":46,"caption":"Zooland.az"},"image":{"@id":"https:\/\/zoo-land.az\/#\/schema\/logo\/image\/"}}]}},"_links":{"self":[{"href":"https:\/\/zoo-land.az\/az\/wp-json\/wp\/v2\/product\/23670","targetHints":{"allow":["GET"]}}],"collection":[{"href":"https:\/\/zoo-land.az\/az\/wp-json\/wp\/v2\/product"}],"about":[{"href":"https:\/\/zoo-land.az\/az\/wp-json\/wp\/v2\/types\/product"}],"wp:featuredmedia":[{"embeddable":true,"href":"https:\/\/zoo-land.az\/az\/wp-json\/wp\/v2\/media\/23671"}],"wp:attachment":[{"href":"https:\/\/zoo-land.az\/az\/wp-json\/wp\/v2\/media?parent=23670"}],"wp:term":[{"taxonomy":"product_cat","embeddable":true,"href":"https:\/\/zoo-land.az\/az\/wp-json\/wp\/v2\/product_cat?post=23670"},{"taxonomy":"product_tag","embeddable":true,"href":"https:\/\/zoo-land.az\/az\/wp-json\/wp\/v2\/product_tag?post=23670"}],"curies":[{"name":"wp","href":"https:\/\/api.w.org\/{rel}","templated":true}]}}