{"id":23701,"date":"2024-06-14T16:32:44","date_gmt":"2024-06-14T16:32:44","guid":{"rendered":"https:\/\/lightsteelblue-zebra-299715.hostingersite.com\/?post_type=product&#038;p=23701"},"modified":"2024-06-14T16:33:11","modified_gmt":"2024-06-14T16:33:11","slug":"npsc-white-dog-adult-grain-free-salmon-1-kg","status":"publish","type":"product","link":"https:\/\/zoo-land.az\/az\/shop\/dog\/dog-food\/npsc-white-dog-adult-grain-free-salmon-1-kg\/","title":{"rendered":"NPSC White dog Adult grain free Salmon 1 kg"},"content":{"rendered":"<p>Nature&#8217;s Protection Superior Care White Dogs Grain Free Clear Vision supplemental snacks are the highest quality feed supplement designed for adult dogs of all breeds with a white or light coat. It is a perfect choice to show love for your dog and at the same time provide the daily dose of essential vitamins, minerals, prebiotics, and probiotics. These functional dog snacks contain Tear Stains off formula &#8211; a carefully selected amino acid complex and fully balanced ingredients in the composition which may help to fight brown tear stains around the eyes, mouth, paws, or other parts of the pet&#8217;s body. The protein source is the 1st ingredient in the composition.<\/p>","protected":false},"excerpt":{"rendered":"<p>Nature&#8217;s Protection Superior Care White Dogs Grain Free Clear Vision supplemental snacks are the highest quality feed supplement designed for adult dogs of all breeds with a white or light coat. It is a perfect choice to show love for your dog and at the same time provide the daily dose of essential vitamins, minerals, prebiotics, and probiotics. These functional dog snacks contain Tear Stains off formula &#8211; a carefully selected amino acid complex and fully balanced ingredients in the composition which may help to fight brown tear stains around the eyes, mouth, paws, or other parts of the pet&#8217;s body. The protein source is the 1st ingredient in the composition.<\/p>","protected":false},"featured_media":22103,"template":"","meta":{"inline_featured_image":false,"_joinchat":[]},"product_cat":[132,107],"product_tag":[],"class_list":{"0":"post-23701","1":"product","2":"type-product","3":"status-publish","4":"has-post-thumbnail","6":"product_brand-natures-protection","7":"product_cat-dog-food","8":"product_cat-dog","10":"first","11":"instock","12":"shipping-taxable","13":"purchasable","14":"product-type-simple"},"yoast_head":"<!-- This site is optimized with the Yoast SEO plugin v26.7 - https:\/\/yoast.com\/wordpress\/plugins\/seo\/ -->\n<title>NPSC White dog Adult grain free Salmon 1 kg - Zooland.az<\/title>\n<meta name=\"robots\" content=\"index, follow, max-snippet:-1, max-image-preview:large, max-video-preview:-1\" \/>\n<link rel=\"canonical\" href=\"https:\/\/zoo-land.az\/az\/shop\/dog\/dog-food\/npsc-white-dog-adult-grain-free-salmon-1-kg\/\" \/>\n<meta property=\"og:locale\" content=\"az_AZ\" \/>\n<meta property=\"og:type\" content=\"article\" \/>\n<meta property=\"og:title\" content=\"NPSC White dog Adult grain free Salmon 1 kg - Zooland.az\" \/>\n<meta property=\"og:description\" content=\"Nature&#039;s Protection Superior Care White Dogs Grain Free Clear Vision supplemental snacks are the highest quality feed supplement designed for adult dogs of all breeds with a white or light coat. It is a perfect choice to show love for your dog and at the same time provide the daily dose of essential vitamins, minerals, prebiotics, and probiotics. These functional dog snacks contain Tear Stains off formula - a carefully selected amino acid complex and fully balanced ingredients in the composition which may help to fight brown tear stains around the eyes, mouth, paws, or other parts of the pet&#039;s body. The protein source is the 1st ingredient in the composition.\" \/>\n<meta property=\"og:url\" content=\"https:\/\/zoo-land.az\/az\/shop\/dog\/dog-food\/npsc-white-dog-adult-grain-free-salmon-1-kg\/\" \/>\n<meta property=\"og:site_name\" content=\"Zooland.az\" \/>\n<meta property=\"article:modified_time\" content=\"2024-06-14T16:33:11+00:00\" \/>\n<meta property=\"og:image\" content=\"https:\/\/zoo-land.az\/wp-content\/uploads\/2024\/05\/vc_1_KIKNPSC47201680_680resizebg.png\" \/>\n\t<meta property=\"og:image:width\" content=\"680\" \/>\n\t<meta property=\"og:image:height\" content=\"680\" \/>\n\t<meta property=\"og:image:type\" content=\"image\/png\" \/>\n<meta name=\"twitter:card\" content=\"summary_large_image\" \/>\n<meta name=\"twitter:label1\" content=\"Est. reading time\" \/>\n\t<meta name=\"twitter:data1\" content=\"1 minute\" \/>\n<script type=\"application\/ld+json\" class=\"yoast-schema-graph\">{\"@context\":\"https:\/\/schema.org\",\"@graph\":[{\"@type\":\"WebPage\",\"@id\":\"https:\/\/zoo-land.az\/shop\/dog\/dog-food\/npsc-white-dog-adult-grain-free-salmon-1-kg\/\",\"url\":\"https:\/\/zoo-land.az\/shop\/dog\/dog-food\/npsc-white-dog-adult-grain-free-salmon-1-kg\/\",\"name\":\"NPSC White dog Adult grain free Salmon 1 kg - Zooland.az\",\"isPartOf\":{\"@id\":\"https:\/\/zoo-land.az\/#website\"},\"primaryImageOfPage\":{\"@id\":\"https:\/\/zoo-land.az\/shop\/dog\/dog-food\/npsc-white-dog-adult-grain-free-salmon-1-kg\/#primaryimage\"},\"image\":{\"@id\":\"https:\/\/zoo-land.az\/shop\/dog\/dog-food\/npsc-white-dog-adult-grain-free-salmon-1-kg\/#primaryimage\"},\"thumbnailUrl\":\"https:\/\/zoo-land.az\/wp-content\/uploads\/2024\/05\/vc_1_KIKNPSC47201680_680resizebg.png\",\"datePublished\":\"2024-06-14T16:32:44+00:00\",\"dateModified\":\"2024-06-14T16:33:11+00:00\",\"breadcrumb\":{\"@id\":\"https:\/\/zoo-land.az\/shop\/dog\/dog-food\/npsc-white-dog-adult-grain-free-salmon-1-kg\/#breadcrumb\"},\"inLanguage\":\"az\",\"potentialAction\":[{\"@type\":\"ReadAction\",\"target\":[\"https:\/\/zoo-land.az\/shop\/dog\/dog-food\/npsc-white-dog-adult-grain-free-salmon-1-kg\/\"]}]},{\"@type\":\"ImageObject\",\"inLanguage\":\"az\",\"@id\":\"https:\/\/zoo-land.az\/shop\/dog\/dog-food\/npsc-white-dog-adult-grain-free-salmon-1-kg\/#primaryimage\",\"url\":\"https:\/\/zoo-land.az\/wp-content\/uploads\/2024\/05\/vc_1_KIKNPSC47201680_680resizebg.png\",\"contentUrl\":\"https:\/\/zoo-land.az\/wp-content\/uploads\/2024\/05\/vc_1_KIKNPSC47201680_680resizebg.png\",\"width\":680,\"height\":680},{\"@type\":\"BreadcrumbList\",\"@id\":\"https:\/\/zoo-land.az\/shop\/dog\/dog-food\/npsc-white-dog-adult-grain-free-salmon-1-kg\/#breadcrumb\",\"itemListElement\":[{\"@type\":\"ListItem\",\"position\":1,\"name\":\"Home\",\"item\":\"https:\/\/zoo-land.az\/ru\/\"},{\"@type\":\"ListItem\",\"position\":2,\"name\":\"Shop\",\"item\":\"https:\/\/zoo-land.az\/ru\/\"},{\"@type\":\"ListItem\",\"position\":3,\"name\":\"NPSC White dog Adult grain free Salmon 1 kg\"}]},{\"@type\":\"WebSite\",\"@id\":\"https:\/\/zoo-land.az\/#website\",\"url\":\"https:\/\/zoo-land.az\/\",\"name\":\"Zooland.az\",\"description\":\"Xo\u015fb\u0259xt ev heyvanlar\u0131n\u0131n \u00fcnvan\u0131 Zooland.az\",\"publisher\":{\"@id\":\"https:\/\/zoo-land.az\/#organization\"},\"potentialAction\":[{\"@type\":\"SearchAction\",\"target\":{\"@type\":\"EntryPoint\",\"urlTemplate\":\"https:\/\/zoo-land.az\/?s={search_term_string}\"},\"query-input\":{\"@type\":\"PropertyValueSpecification\",\"valueRequired\":true,\"valueName\":\"search_term_string\"}}],\"inLanguage\":\"az\"},{\"@type\":\"Organization\",\"@id\":\"https:\/\/zoo-land.az\/#organization\",\"name\":\"Zooland.az\",\"url\":\"https:\/\/zoo-land.az\/\",\"logo\":{\"@type\":\"ImageObject\",\"inLanguage\":\"az\",\"@id\":\"https:\/\/zoo-land.az\/#\/schema\/logo\/image\/\",\"url\":\"https:\/\/zoo-land.az\/wp-content\/uploads\/2022\/05\/logo.svg\",\"contentUrl\":\"https:\/\/zoo-land.az\/wp-content\/uploads\/2022\/05\/logo.svg\",\"width\":113,\"height\":46,\"caption\":\"Zooland.az\"},\"image\":{\"@id\":\"https:\/\/zoo-land.az\/#\/schema\/logo\/image\/\"}}]}<\/script>\n<!-- \/ Yoast SEO plugin. -->","yoast_head_json":{"title":"NPSC White dog Adult grain free Salmon 1 kg - Zooland.az","robots":{"index":"index","follow":"follow","max-snippet":"max-snippet:-1","max-image-preview":"max-image-preview:large","max-video-preview":"max-video-preview:-1"},"canonical":"https:\/\/zoo-land.az\/az\/shop\/dog\/dog-food\/npsc-white-dog-adult-grain-free-salmon-1-kg\/","og_locale":"az_AZ","og_type":"article","og_title":"NPSC White dog Adult grain free Salmon 1 kg - Zooland.az","og_description":"Nature's Protection Superior Care White Dogs Grain Free Clear Vision supplemental snacks are the highest quality feed supplement designed for adult dogs of all breeds with a white or light coat. It is a perfect choice to show love for your dog and at the same time provide the daily dose of essential vitamins, minerals, prebiotics, and probiotics. These functional dog snacks contain Tear Stains off formula - a carefully selected amino acid complex and fully balanced ingredients in the composition which may help to fight brown tear stains around the eyes, mouth, paws, or other parts of the pet's body. The protein source is the 1st ingredient in the composition.","og_url":"https:\/\/zoo-land.az\/az\/shop\/dog\/dog-food\/npsc-white-dog-adult-grain-free-salmon-1-kg\/","og_site_name":"Zooland.az","article_modified_time":"2024-06-14T16:33:11+00:00","og_image":[{"width":680,"height":680,"url":"https:\/\/zoo-land.az\/wp-content\/uploads\/2024\/05\/vc_1_KIKNPSC47201680_680resizebg.png","type":"image\/png"}],"twitter_card":"summary_large_image","twitter_misc":{"Est. reading time":"1 minute"},"schema":{"@context":"https:\/\/schema.org","@graph":[{"@type":"WebPage","@id":"https:\/\/zoo-land.az\/shop\/dog\/dog-food\/npsc-white-dog-adult-grain-free-salmon-1-kg\/","url":"https:\/\/zoo-land.az\/shop\/dog\/dog-food\/npsc-white-dog-adult-grain-free-salmon-1-kg\/","name":"NPSC White dog Adult grain free Salmon 1 kg - Zooland.az","isPartOf":{"@id":"https:\/\/zoo-land.az\/#website"},"primaryImageOfPage":{"@id":"https:\/\/zoo-land.az\/shop\/dog\/dog-food\/npsc-white-dog-adult-grain-free-salmon-1-kg\/#primaryimage"},"image":{"@id":"https:\/\/zoo-land.az\/shop\/dog\/dog-food\/npsc-white-dog-adult-grain-free-salmon-1-kg\/#primaryimage"},"thumbnailUrl":"https:\/\/zoo-land.az\/wp-content\/uploads\/2024\/05\/vc_1_KIKNPSC47201680_680resizebg.png","datePublished":"2024-06-14T16:32:44+00:00","dateModified":"2024-06-14T16:33:11+00:00","breadcrumb":{"@id":"https:\/\/zoo-land.az\/shop\/dog\/dog-food\/npsc-white-dog-adult-grain-free-salmon-1-kg\/#breadcrumb"},"inLanguage":"az","potentialAction":[{"@type":"ReadAction","target":["https:\/\/zoo-land.az\/shop\/dog\/dog-food\/npsc-white-dog-adult-grain-free-salmon-1-kg\/"]}]},{"@type":"ImageObject","inLanguage":"az","@id":"https:\/\/zoo-land.az\/shop\/dog\/dog-food\/npsc-white-dog-adult-grain-free-salmon-1-kg\/#primaryimage","url":"https:\/\/zoo-land.az\/wp-content\/uploads\/2024\/05\/vc_1_KIKNPSC47201680_680resizebg.png","contentUrl":"https:\/\/zoo-land.az\/wp-content\/uploads\/2024\/05\/vc_1_KIKNPSC47201680_680resizebg.png","width":680,"height":680},{"@type":"BreadcrumbList","@id":"https:\/\/zoo-land.az\/shop\/dog\/dog-food\/npsc-white-dog-adult-grain-free-salmon-1-kg\/#breadcrumb","itemListElement":[{"@type":"ListItem","position":1,"name":"Home","item":"https:\/\/zoo-land.az\/ru\/"},{"@type":"ListItem","position":2,"name":"Shop","item":"https:\/\/zoo-land.az\/ru\/"},{"@type":"ListItem","position":3,"name":"NPSC White dog Adult grain free Salmon 1 kg"}]},{"@type":"WebSite","@id":"https:\/\/zoo-land.az\/#website","url":"https:\/\/zoo-land.az\/","name":"Zooland.az","description":"Xo\u015fb\u0259xt ev heyvanlar\u0131n\u0131n \u00fcnvan\u0131 Zooland.az","publisher":{"@id":"https:\/\/zoo-land.az\/#organization"},"potentialAction":[{"@type":"SearchAction","target":{"@type":"EntryPoint","urlTemplate":"https:\/\/zoo-land.az\/?s={search_term_string}"},"query-input":{"@type":"PropertyValueSpecification","valueRequired":true,"valueName":"search_term_string"}}],"inLanguage":"az"},{"@type":"Organization","@id":"https:\/\/zoo-land.az\/#organization","name":"Zooland.az","url":"https:\/\/zoo-land.az\/","logo":{"@type":"ImageObject","inLanguage":"az","@id":"https:\/\/zoo-land.az\/#\/schema\/logo\/image\/","url":"https:\/\/zoo-land.az\/wp-content\/uploads\/2022\/05\/logo.svg","contentUrl":"https:\/\/zoo-land.az\/wp-content\/uploads\/2022\/05\/logo.svg","width":113,"height":46,"caption":"Zooland.az"},"image":{"@id":"https:\/\/zoo-land.az\/#\/schema\/logo\/image\/"}}]}},"_links":{"self":[{"href":"https:\/\/zoo-land.az\/az\/wp-json\/wp\/v2\/product\/23701","targetHints":{"allow":["GET"]}}],"collection":[{"href":"https:\/\/zoo-land.az\/az\/wp-json\/wp\/v2\/product"}],"about":[{"href":"https:\/\/zoo-land.az\/az\/wp-json\/wp\/v2\/types\/product"}],"wp:featuredmedia":[{"embeddable":true,"href":"https:\/\/zoo-land.az\/az\/wp-json\/wp\/v2\/media\/22103"}],"wp:attachment":[{"href":"https:\/\/zoo-land.az\/az\/wp-json\/wp\/v2\/media?parent=23701"}],"wp:term":[{"taxonomy":"product_cat","embeddable":true,"href":"https:\/\/zoo-land.az\/az\/wp-json\/wp\/v2\/product_cat?post=23701"},{"taxonomy":"product_tag","embeddable":true,"href":"https:\/\/zoo-land.az\/az\/wp-json\/wp\/v2\/product_tag?post=23701"}],"curies":[{"name":"wp","href":"https:\/\/api.w.org\/{rel}","templated":true}]}}