{"id":23713,"date":"2024-06-14T17:34:55","date_gmt":"2024-06-14T17:34:55","guid":{"rendered":"https:\/\/lightsteelblue-zebra-299715.hostingersite.com\/?post_type=product&#038;p=23713"},"modified":"2024-06-14T17:35:41","modified_gmt":"2024-06-14T17:35:41","slug":"thermos-snack-duo-big","status":"publish","type":"product","link":"https:\/\/zoo-land.az\/az\/shop\/dog\/bowls\/thermos-snack-duo-big\/","title":{"rendered":"B\u00f6y\u00fck Thermos Snack Duo"},"content":{"rendered":"<p>Now, drink and food in one bottle!<\/p>\n<p>The Snack Duo double bottle allows you to take water and food (treats) on the go in one convenient container.<\/p>\n<p>It&#8217;s the first bottle with two compartments inside. One compartment for liquid and the other for dry food or treats.<\/p>\n<p>Simply open the flip-top transparent lid and pour in the food or treats. Then open the small, airtight lid and pour water into the attached collapsible bowl.<\/p>\n<p>The set includes a foldable compact bowl with a carabiner for food and water, which can be attached to the bottle and used for quenching your pet&#8217;s thirst and feeding.<\/p>\n<p>&nbsp;<\/p>","protected":false},"excerpt":{"rendered":"<p>Now, drink and food in one bottle!<\/p>\n<p>The Snack Duo double bottle allows you to take water and food (treats) on the go in one convenient container.<\/p>\n<p>It&#8217;s the first bottle with two compartments inside. One compartment for liquid and the other for dry food or treats.<\/p>","protected":false},"featured_media":23715,"template":"","meta":{"inline_featured_image":false,"_joinchat":[]},"product_cat":[353,107],"product_tag":[],"class_list":{"0":"post-23713","1":"product","2":"type-product","3":"status-publish","4":"has-post-thumbnail","6":"product_brand-brand-1","7":"product_cat-bowls","8":"product_cat-dog","10":"first","11":"instock","12":"shipping-taxable","13":"purchasable","14":"product-type-simple"},"yoast_head":"<!-- This site is optimized with the Yoast SEO plugin v26.7 - https:\/\/yoast.com\/wordpress\/plugins\/seo\/ -->\n<title>Thermos Snack Duo big - Zooland.az<\/title>\n<meta name=\"robots\" content=\"index, follow, max-snippet:-1, max-image-preview:large, max-video-preview:-1\" \/>\n<link rel=\"canonical\" href=\"https:\/\/zoo-land.az\/az\/shop\/dog\/bowls\/thermos-snack-duo-big\/\" \/>\n<meta property=\"og:locale\" content=\"az_AZ\" \/>\n<meta property=\"og:type\" content=\"article\" \/>\n<meta property=\"og:title\" content=\"Thermos Snack Duo big - Zooland.az\" \/>\n<meta property=\"og:description\" content=\"Now, drink and food in one bottle!  The Snack Duo double bottle allows you to take water and food (treats) on the go in one convenient container.  It&#039;s the first bottle with two compartments inside. One compartment for liquid and the other for dry food or treats.\" \/>\n<meta property=\"og:url\" content=\"https:\/\/zoo-land.az\/az\/shop\/dog\/bowls\/thermos-snack-duo-big\/\" \/>\n<meta property=\"og:site_name\" content=\"Zooland.az\" \/>\n<meta property=\"article:modified_time\" content=\"2024-06-14T17:35:41+00:00\" \/>\n<meta property=\"og:image\" content=\"https:\/\/zoo-land.az\/wp-content\/uploads\/2024\/06\/397730683.webp\" \/>\n\t<meta property=\"og:image:width\" content=\"470\" \/>\n\t<meta property=\"og:image:height\" content=\"630\" \/>\n\t<meta property=\"og:image:type\" content=\"image\/webp\" \/>\n<meta name=\"twitter:card\" content=\"summary_large_image\" \/>\n<meta name=\"twitter:label1\" content=\"Est. reading time\" \/>\n\t<meta name=\"twitter:data1\" content=\"1 minute\" \/>\n<script type=\"application\/ld+json\" class=\"yoast-schema-graph\">{\"@context\":\"https:\/\/schema.org\",\"@graph\":[{\"@type\":\"WebPage\",\"@id\":\"https:\/\/zoo-land.az\/shop\/dog\/bowls\/thermos-snack-duo-big\/\",\"url\":\"https:\/\/zoo-land.az\/shop\/dog\/bowls\/thermos-snack-duo-big\/\",\"name\":\"Thermos Snack Duo big - Zooland.az\",\"isPartOf\":{\"@id\":\"https:\/\/zoo-land.az\/#website\"},\"primaryImageOfPage\":{\"@id\":\"https:\/\/zoo-land.az\/shop\/dog\/bowls\/thermos-snack-duo-big\/#primaryimage\"},\"image\":{\"@id\":\"https:\/\/zoo-land.az\/shop\/dog\/bowls\/thermos-snack-duo-big\/#primaryimage\"},\"thumbnailUrl\":\"https:\/\/zoo-land.az\/wp-content\/uploads\/2024\/06\/397730683.webp\",\"datePublished\":\"2024-06-14T17:34:55+00:00\",\"dateModified\":\"2024-06-14T17:35:41+00:00\",\"breadcrumb\":{\"@id\":\"https:\/\/zoo-land.az\/shop\/dog\/bowls\/thermos-snack-duo-big\/#breadcrumb\"},\"inLanguage\":\"az\",\"potentialAction\":[{\"@type\":\"ReadAction\",\"target\":[\"https:\/\/zoo-land.az\/shop\/dog\/bowls\/thermos-snack-duo-big\/\"]}]},{\"@type\":\"ImageObject\",\"inLanguage\":\"az\",\"@id\":\"https:\/\/zoo-land.az\/shop\/dog\/bowls\/thermos-snack-duo-big\/#primaryimage\",\"url\":\"https:\/\/zoo-land.az\/wp-content\/uploads\/2024\/06\/397730683.webp\",\"contentUrl\":\"https:\/\/zoo-land.az\/wp-content\/uploads\/2024\/06\/397730683.webp\",\"width\":470,\"height\":630},{\"@type\":\"BreadcrumbList\",\"@id\":\"https:\/\/zoo-land.az\/shop\/dog\/bowls\/thermos-snack-duo-big\/#breadcrumb\",\"itemListElement\":[{\"@type\":\"ListItem\",\"position\":1,\"name\":\"Home\",\"item\":\"https:\/\/zoo-land.az\/ru\/\"},{\"@type\":\"ListItem\",\"position\":2,\"name\":\"Shop\",\"item\":\"https:\/\/zoo-land.az\/ru\/\"},{\"@type\":\"ListItem\",\"position\":3,\"name\":\"Thermos Snack Duo big\"}]},{\"@type\":\"WebSite\",\"@id\":\"https:\/\/zoo-land.az\/#website\",\"url\":\"https:\/\/zoo-land.az\/\",\"name\":\"Zooland.az\",\"description\":\"Xo\u015fb\u0259xt ev heyvanlar\u0131n\u0131n \u00fcnvan\u0131 Zooland.az\",\"publisher\":{\"@id\":\"https:\/\/zoo-land.az\/#organization\"},\"potentialAction\":[{\"@type\":\"SearchAction\",\"target\":{\"@type\":\"EntryPoint\",\"urlTemplate\":\"https:\/\/zoo-land.az\/?s={search_term_string}\"},\"query-input\":{\"@type\":\"PropertyValueSpecification\",\"valueRequired\":true,\"valueName\":\"search_term_string\"}}],\"inLanguage\":\"az\"},{\"@type\":\"Organization\",\"@id\":\"https:\/\/zoo-land.az\/#organization\",\"name\":\"Zooland.az\",\"url\":\"https:\/\/zoo-land.az\/\",\"logo\":{\"@type\":\"ImageObject\",\"inLanguage\":\"az\",\"@id\":\"https:\/\/zoo-land.az\/#\/schema\/logo\/image\/\",\"url\":\"https:\/\/zoo-land.az\/wp-content\/uploads\/2022\/05\/logo.svg\",\"contentUrl\":\"https:\/\/zoo-land.az\/wp-content\/uploads\/2022\/05\/logo.svg\",\"width\":113,\"height\":46,\"caption\":\"Zooland.az\"},\"image\":{\"@id\":\"https:\/\/zoo-land.az\/#\/schema\/logo\/image\/\"}}]}<\/script>\n<!-- \/ Yoast SEO plugin. -->","yoast_head_json":{"title":"Thermos Snack Duo big - Zooland.az","robots":{"index":"index","follow":"follow","max-snippet":"max-snippet:-1","max-image-preview":"max-image-preview:large","max-video-preview":"max-video-preview:-1"},"canonical":"https:\/\/zoo-land.az\/az\/shop\/dog\/bowls\/thermos-snack-duo-big\/","og_locale":"az_AZ","og_type":"article","og_title":"Thermos Snack Duo big - Zooland.az","og_description":"Now, drink and food in one bottle!  The Snack Duo double bottle allows you to take water and food (treats) on the go in one convenient container.  It's the first bottle with two compartments inside. One compartment for liquid and the other for dry food or treats.","og_url":"https:\/\/zoo-land.az\/az\/shop\/dog\/bowls\/thermos-snack-duo-big\/","og_site_name":"Zooland.az","article_modified_time":"2024-06-14T17:35:41+00:00","og_image":[{"width":470,"height":630,"url":"https:\/\/zoo-land.az\/wp-content\/uploads\/2024\/06\/397730683.webp","type":"image\/webp"}],"twitter_card":"summary_large_image","twitter_misc":{"Est. reading time":"1 minute"},"schema":{"@context":"https:\/\/schema.org","@graph":[{"@type":"WebPage","@id":"https:\/\/zoo-land.az\/shop\/dog\/bowls\/thermos-snack-duo-big\/","url":"https:\/\/zoo-land.az\/shop\/dog\/bowls\/thermos-snack-duo-big\/","name":"Thermos Snack Duo big - Zooland.az","isPartOf":{"@id":"https:\/\/zoo-land.az\/#website"},"primaryImageOfPage":{"@id":"https:\/\/zoo-land.az\/shop\/dog\/bowls\/thermos-snack-duo-big\/#primaryimage"},"image":{"@id":"https:\/\/zoo-land.az\/shop\/dog\/bowls\/thermos-snack-duo-big\/#primaryimage"},"thumbnailUrl":"https:\/\/zoo-land.az\/wp-content\/uploads\/2024\/06\/397730683.webp","datePublished":"2024-06-14T17:34:55+00:00","dateModified":"2024-06-14T17:35:41+00:00","breadcrumb":{"@id":"https:\/\/zoo-land.az\/shop\/dog\/bowls\/thermos-snack-duo-big\/#breadcrumb"},"inLanguage":"az","potentialAction":[{"@type":"ReadAction","target":["https:\/\/zoo-land.az\/shop\/dog\/bowls\/thermos-snack-duo-big\/"]}]},{"@type":"ImageObject","inLanguage":"az","@id":"https:\/\/zoo-land.az\/shop\/dog\/bowls\/thermos-snack-duo-big\/#primaryimage","url":"https:\/\/zoo-land.az\/wp-content\/uploads\/2024\/06\/397730683.webp","contentUrl":"https:\/\/zoo-land.az\/wp-content\/uploads\/2024\/06\/397730683.webp","width":470,"height":630},{"@type":"BreadcrumbList","@id":"https:\/\/zoo-land.az\/shop\/dog\/bowls\/thermos-snack-duo-big\/#breadcrumb","itemListElement":[{"@type":"ListItem","position":1,"name":"Home","item":"https:\/\/zoo-land.az\/ru\/"},{"@type":"ListItem","position":2,"name":"Shop","item":"https:\/\/zoo-land.az\/ru\/"},{"@type":"ListItem","position":3,"name":"Thermos Snack Duo big"}]},{"@type":"WebSite","@id":"https:\/\/zoo-land.az\/#website","url":"https:\/\/zoo-land.az\/","name":"Zooland.az","description":"Xo\u015fb\u0259xt ev heyvanlar\u0131n\u0131n \u00fcnvan\u0131 Zooland.az","publisher":{"@id":"https:\/\/zoo-land.az\/#organization"},"potentialAction":[{"@type":"SearchAction","target":{"@type":"EntryPoint","urlTemplate":"https:\/\/zoo-land.az\/?s={search_term_string}"},"query-input":{"@type":"PropertyValueSpecification","valueRequired":true,"valueName":"search_term_string"}}],"inLanguage":"az"},{"@type":"Organization","@id":"https:\/\/zoo-land.az\/#organization","name":"Zooland.az","url":"https:\/\/zoo-land.az\/","logo":{"@type":"ImageObject","inLanguage":"az","@id":"https:\/\/zoo-land.az\/#\/schema\/logo\/image\/","url":"https:\/\/zoo-land.az\/wp-content\/uploads\/2022\/05\/logo.svg","contentUrl":"https:\/\/zoo-land.az\/wp-content\/uploads\/2022\/05\/logo.svg","width":113,"height":46,"caption":"Zooland.az"},"image":{"@id":"https:\/\/zoo-land.az\/#\/schema\/logo\/image\/"}}]}},"_links":{"self":[{"href":"https:\/\/zoo-land.az\/az\/wp-json\/wp\/v2\/product\/23713","targetHints":{"allow":["GET"]}}],"collection":[{"href":"https:\/\/zoo-land.az\/az\/wp-json\/wp\/v2\/product"}],"about":[{"href":"https:\/\/zoo-land.az\/az\/wp-json\/wp\/v2\/types\/product"}],"wp:featuredmedia":[{"embeddable":true,"href":"https:\/\/zoo-land.az\/az\/wp-json\/wp\/v2\/media\/23715"}],"wp:attachment":[{"href":"https:\/\/zoo-land.az\/az\/wp-json\/wp\/v2\/media?parent=23713"}],"wp:term":[{"taxonomy":"product_cat","embeddable":true,"href":"https:\/\/zoo-land.az\/az\/wp-json\/wp\/v2\/product_cat?post=23713"},{"taxonomy":"product_tag","embeddable":true,"href":"https:\/\/zoo-land.az\/az\/wp-json\/wp\/v2\/product_tag?post=23713"}],"curies":[{"name":"wp","href":"https:\/\/api.w.org\/{rel}","templated":true}]}}