{"id":23726,"date":"2024-06-14T17:52:36","date_gmt":"2024-06-14T17:52:36","guid":{"rendered":"https:\/\/lightsteelblue-zebra-299715.hostingersite.com\/?post_type=product&#038;p=23726"},"modified":"2024-06-14T17:52:36","modified_gmt":"2024-06-14T17:52:36","slug":"parazitel-suspension-for-puppies-and-small-dogs","status":"publish","type":"product","link":"https:\/\/zoo-land.az\/az\/shop\/dog\/medications\/parazitel-suspension-for-puppies-and-small-dogs\/","title":{"rendered":"Parazitel suspension for puppies and small dogs"},"content":{"rendered":"<p>Suspension for puppies and small breed dogs combines praziquantel and pyrantel pamoate, providing a broad spectrum of anthelmintic action against mature stages of roundworms and tapeworms that parasitize puppies and small dogs.<\/p>\n<p><strong>Indications:<\/strong> Prevention and treatment of nematode and cestode infestations in dogs and puppies.<\/p>\n<p><strong>Presentation:<\/strong> Oral suspension.<\/p>\n<p><strong>Packaging:<\/strong> Bottle &#8211; 20 ml, show-box &#8211; 10 bottles, pallet &#8211; 30 bottles.<\/p>\n<p><strong>Storage conditions, shelf life:<\/strong> Store in a dry place protected from light and direct sunlight, at temperatures between 0\u00b0C to +25\u00b0C. Shelf life is 2 years from the date of manufacture when stored in the original closed packaging.<\/p>\n<p><strong>Contraindications:<\/strong> Not recommended for use in debilitated or animals suffering from infectious diseases. Do not administer concurrently with anthelmintics containing piperazine.<\/p>\n<p><strong>Pharmacological properties:<\/strong> The active ingredients inhibit fumarate reductase, leading to depolarization of helminth muscle cells, disruption of energy metabolism, paralysis, and expulsion of parasites from the gastrointestinal tract. Praziquantel is rapidly absorbed in the intestines and excreted mainly in metabolized form via urine; pyrantel pamoate is partially absorbed and primarily excreted in feces within 24-48 hours.<\/p>\n<p><strong>Dosage and administration:<\/strong> For prophylactic and therapeutic deworming of nematodes, cestodes, and mixed infestations in puppies and small breed dogs, administer 1 ml per 1 kg of body weight as a single dose for prophylaxis and twice for treatment. Start administering from 2 weeks of age for puppies, and during the second half of pregnancy for bitches, under veterinary supervision.<\/p>\n<p>For severe infestations, repeat treatment after 10 days. Prophylactic deworming should be conducted once every 3 months.<\/p>","protected":false},"excerpt":{"rendered":"<p>Suspension for puppies and small breed dogs combines praziquantel and pyrantel pamoate, providing a broad spectrum of anthelmintic action against mature stages of roundworms and tapeworms that parasitize puppies and small dogs.<\/p>","protected":false},"featured_media":23727,"template":"","meta":{"inline_featured_image":false,"_joinchat":[]},"product_cat":[107,388],"product_tag":[],"class_list":{"0":"post-23726","1":"product","2":"type-product","3":"status-publish","4":"has-post-thumbnail","6":"product_brand-apicenna","7":"product_cat-dog","8":"product_cat-medications","10":"first","11":"instock","12":"shipping-taxable","13":"purchasable","14":"product-type-simple"},"yoast_head":"<!-- This site is optimized with the Yoast SEO plugin v27.4 - https:\/\/yoast.com\/product\/yoast-seo-wordpress\/ -->\n<title>Parazitel suspension for puppies and small dogs - Zooland.az<\/title>\n<meta name=\"robots\" content=\"index, follow, max-snippet:-1, max-image-preview:large, max-video-preview:-1\" \/>\n<link rel=\"canonical\" href=\"https:\/\/zoo-land.az\/az\/shop\/dog\/medications\/parazitel-suspension-for-puppies-and-small-dogs\/\" \/>\n<meta property=\"og:locale\" content=\"az_AZ\" \/>\n<meta property=\"og:type\" content=\"article\" \/>\n<meta property=\"og:title\" content=\"Parazitel suspension for puppies and small dogs - Zooland.az\" \/>\n<meta property=\"og:description\" content=\"Suspension for puppies and small breed dogs combines praziquantel and pyrantel pamoate, providing a broad spectrum of anthelmintic action against mature stages of roundworms and tapeworms that parasitize puppies and small dogs.\" \/>\n<meta property=\"og:url\" content=\"https:\/\/zoo-land.az\/az\/shop\/dog\/medications\/parazitel-suspension-for-puppies-and-small-dogs\/\" \/>\n<meta property=\"og:site_name\" content=\"Zooland.az\" \/>\n<meta property=\"og:image\" content=\"https:\/\/zoo-land.az\/wp-content\/uploads\/2024\/06\/95eadfc7d9dba7849c0e33fae2aceeaf.jpg\" \/>\n\t<meta property=\"og:image:width\" content=\"480\" \/>\n\t<meta property=\"og:image:height\" content=\"480\" \/>\n\t<meta property=\"og:image:type\" content=\"image\/jpeg\" \/>\n<meta name=\"twitter:card\" content=\"summary_large_image\" \/>\n<meta name=\"twitter:label1\" content=\"Est. reading time\" \/>\n\t<meta name=\"twitter:data1\" content=\"1 minute\" \/>\n<script type=\"application\/ld+json\" class=\"yoast-schema-graph\">{\"@context\":\"https:\\\/\\\/schema.org\",\"@graph\":[{\"@type\":\"WebPage\",\"@id\":\"https:\\\/\\\/zoo-land.az\\\/shop\\\/dog\\\/medications\\\/parazitel-suspension-for-puppies-and-small-dogs\\\/\",\"url\":\"https:\\\/\\\/zoo-land.az\\\/shop\\\/dog\\\/medications\\\/parazitel-suspension-for-puppies-and-small-dogs\\\/\",\"name\":\"Parazitel suspension for puppies and small dogs - Zooland.az\",\"isPartOf\":{\"@id\":\"https:\\\/\\\/zoo-land.az\\\/#website\"},\"primaryImageOfPage\":{\"@id\":\"https:\\\/\\\/zoo-land.az\\\/shop\\\/dog\\\/medications\\\/parazitel-suspension-for-puppies-and-small-dogs\\\/#primaryimage\"},\"image\":{\"@id\":\"https:\\\/\\\/zoo-land.az\\\/shop\\\/dog\\\/medications\\\/parazitel-suspension-for-puppies-and-small-dogs\\\/#primaryimage\"},\"thumbnailUrl\":\"https:\\\/\\\/zoo-land.az\\\/wp-content\\\/uploads\\\/2024\\\/06\\\/95eadfc7d9dba7849c0e33fae2aceeaf.jpg\",\"datePublished\":\"2024-06-14T17:52:36+00:00\",\"breadcrumb\":{\"@id\":\"https:\\\/\\\/zoo-land.az\\\/shop\\\/dog\\\/medications\\\/parazitel-suspension-for-puppies-and-small-dogs\\\/#breadcrumb\"},\"inLanguage\":\"az\",\"potentialAction\":[{\"@type\":\"ReadAction\",\"target\":[\"https:\\\/\\\/zoo-land.az\\\/shop\\\/dog\\\/medications\\\/parazitel-suspension-for-puppies-and-small-dogs\\\/\"]}]},{\"@type\":\"ImageObject\",\"inLanguage\":\"az\",\"@id\":\"https:\\\/\\\/zoo-land.az\\\/shop\\\/dog\\\/medications\\\/parazitel-suspension-for-puppies-and-small-dogs\\\/#primaryimage\",\"url\":\"https:\\\/\\\/zoo-land.az\\\/wp-content\\\/uploads\\\/2024\\\/06\\\/95eadfc7d9dba7849c0e33fae2aceeaf.jpg\",\"contentUrl\":\"https:\\\/\\\/zoo-land.az\\\/wp-content\\\/uploads\\\/2024\\\/06\\\/95eadfc7d9dba7849c0e33fae2aceeaf.jpg\",\"width\":480,\"height\":480},{\"@type\":\"BreadcrumbList\",\"@id\":\"https:\\\/\\\/zoo-land.az\\\/shop\\\/dog\\\/medications\\\/parazitel-suspension-for-puppies-and-small-dogs\\\/#breadcrumb\",\"itemListElement\":[{\"@type\":\"ListItem\",\"position\":1,\"name\":\"Home\",\"item\":\"https:\\\/\\\/zoo-land.az\\\/ru\\\/\"},{\"@type\":\"ListItem\",\"position\":2,\"name\":\"Shop\",\"item\":\"https:\\\/\\\/zoo-land.az\\\/ru\\\/\"},{\"@type\":\"ListItem\",\"position\":3,\"name\":\"Parazitel suspension for puppies and small dogs\"}]},{\"@type\":\"WebSite\",\"@id\":\"https:\\\/\\\/zoo-land.az\\\/#website\",\"url\":\"https:\\\/\\\/zoo-land.az\\\/\",\"name\":\"Zooland.az\",\"description\":\"Xo\u015fb\u0259xt ev heyvanlar\u0131n\u0131n \u00fcnvan\u0131 Zooland.az\",\"publisher\":{\"@id\":\"https:\\\/\\\/zoo-land.az\\\/#organization\"},\"potentialAction\":[{\"@type\":\"SearchAction\",\"target\":{\"@type\":\"EntryPoint\",\"urlTemplate\":\"https:\\\/\\\/zoo-land.az\\\/?s={search_term_string}\"},\"query-input\":{\"@type\":\"PropertyValueSpecification\",\"valueRequired\":true,\"valueName\":\"search_term_string\"}}],\"inLanguage\":\"az\"},{\"@type\":\"Organization\",\"@id\":\"https:\\\/\\\/zoo-land.az\\\/#organization\",\"name\":\"Zooland.az\",\"url\":\"https:\\\/\\\/zoo-land.az\\\/\",\"logo\":{\"@type\":\"ImageObject\",\"inLanguage\":\"az\",\"@id\":\"https:\\\/\\\/zoo-land.az\\\/#\\\/schema\\\/logo\\\/image\\\/\",\"url\":\"https:\\\/\\\/zoo-land.az\\\/wp-content\\\/uploads\\\/2022\\\/05\\\/logo.svg\",\"contentUrl\":\"https:\\\/\\\/zoo-land.az\\\/wp-content\\\/uploads\\\/2022\\\/05\\\/logo.svg\",\"width\":113,\"height\":46,\"caption\":\"Zooland.az\"},\"image\":{\"@id\":\"https:\\\/\\\/zoo-land.az\\\/#\\\/schema\\\/logo\\\/image\\\/\"}}]}<\/script>\n<!-- \/ Yoast SEO plugin. -->","yoast_head_json":{"title":"Parazitel suspension for puppies and small dogs - Zooland.az","robots":{"index":"index","follow":"follow","max-snippet":"max-snippet:-1","max-image-preview":"max-image-preview:large","max-video-preview":"max-video-preview:-1"},"canonical":"https:\/\/zoo-land.az\/az\/shop\/dog\/medications\/parazitel-suspension-for-puppies-and-small-dogs\/","og_locale":"az_AZ","og_type":"article","og_title":"Parazitel suspension for puppies and small dogs - Zooland.az","og_description":"Suspension for puppies and small breed dogs combines praziquantel and pyrantel pamoate, providing a broad spectrum of anthelmintic action against mature stages of roundworms and tapeworms that parasitize puppies and small dogs.","og_url":"https:\/\/zoo-land.az\/az\/shop\/dog\/medications\/parazitel-suspension-for-puppies-and-small-dogs\/","og_site_name":"Zooland.az","og_image":[{"width":480,"height":480,"url":"https:\/\/zoo-land.az\/wp-content\/uploads\/2024\/06\/95eadfc7d9dba7849c0e33fae2aceeaf.jpg","type":"image\/jpeg"}],"twitter_card":"summary_large_image","twitter_misc":{"Est. reading time":"1 minute"},"schema":{"@context":"https:\/\/schema.org","@graph":[{"@type":"WebPage","@id":"https:\/\/zoo-land.az\/shop\/dog\/medications\/parazitel-suspension-for-puppies-and-small-dogs\/","url":"https:\/\/zoo-land.az\/shop\/dog\/medications\/parazitel-suspension-for-puppies-and-small-dogs\/","name":"Parazitel suspension for puppies and small dogs - Zooland.az","isPartOf":{"@id":"https:\/\/zoo-land.az\/#website"},"primaryImageOfPage":{"@id":"https:\/\/zoo-land.az\/shop\/dog\/medications\/parazitel-suspension-for-puppies-and-small-dogs\/#primaryimage"},"image":{"@id":"https:\/\/zoo-land.az\/shop\/dog\/medications\/parazitel-suspension-for-puppies-and-small-dogs\/#primaryimage"},"thumbnailUrl":"https:\/\/zoo-land.az\/wp-content\/uploads\/2024\/06\/95eadfc7d9dba7849c0e33fae2aceeaf.jpg","datePublished":"2024-06-14T17:52:36+00:00","breadcrumb":{"@id":"https:\/\/zoo-land.az\/shop\/dog\/medications\/parazitel-suspension-for-puppies-and-small-dogs\/#breadcrumb"},"inLanguage":"az","potentialAction":[{"@type":"ReadAction","target":["https:\/\/zoo-land.az\/shop\/dog\/medications\/parazitel-suspension-for-puppies-and-small-dogs\/"]}]},{"@type":"ImageObject","inLanguage":"az","@id":"https:\/\/zoo-land.az\/shop\/dog\/medications\/parazitel-suspension-for-puppies-and-small-dogs\/#primaryimage","url":"https:\/\/zoo-land.az\/wp-content\/uploads\/2024\/06\/95eadfc7d9dba7849c0e33fae2aceeaf.jpg","contentUrl":"https:\/\/zoo-land.az\/wp-content\/uploads\/2024\/06\/95eadfc7d9dba7849c0e33fae2aceeaf.jpg","width":480,"height":480},{"@type":"BreadcrumbList","@id":"https:\/\/zoo-land.az\/shop\/dog\/medications\/parazitel-suspension-for-puppies-and-small-dogs\/#breadcrumb","itemListElement":[{"@type":"ListItem","position":1,"name":"Home","item":"https:\/\/zoo-land.az\/ru\/"},{"@type":"ListItem","position":2,"name":"Shop","item":"https:\/\/zoo-land.az\/ru\/"},{"@type":"ListItem","position":3,"name":"Parazitel suspension for puppies and small dogs"}]},{"@type":"WebSite","@id":"https:\/\/zoo-land.az\/#website","url":"https:\/\/zoo-land.az\/","name":"Zooland.az","description":"Xo\u015fb\u0259xt ev heyvanlar\u0131n\u0131n \u00fcnvan\u0131 Zooland.az","publisher":{"@id":"https:\/\/zoo-land.az\/#organization"},"potentialAction":[{"@type":"SearchAction","target":{"@type":"EntryPoint","urlTemplate":"https:\/\/zoo-land.az\/?s={search_term_string}"},"query-input":{"@type":"PropertyValueSpecification","valueRequired":true,"valueName":"search_term_string"}}],"inLanguage":"az"},{"@type":"Organization","@id":"https:\/\/zoo-land.az\/#organization","name":"Zooland.az","url":"https:\/\/zoo-land.az\/","logo":{"@type":"ImageObject","inLanguage":"az","@id":"https:\/\/zoo-land.az\/#\/schema\/logo\/image\/","url":"https:\/\/zoo-land.az\/wp-content\/uploads\/2022\/05\/logo.svg","contentUrl":"https:\/\/zoo-land.az\/wp-content\/uploads\/2022\/05\/logo.svg","width":113,"height":46,"caption":"Zooland.az"},"image":{"@id":"https:\/\/zoo-land.az\/#\/schema\/logo\/image\/"}}]}},"_links":{"self":[{"href":"https:\/\/zoo-land.az\/az\/wp-json\/wp\/v2\/product\/23726","targetHints":{"allow":["GET"]}}],"collection":[{"href":"https:\/\/zoo-land.az\/az\/wp-json\/wp\/v2\/product"}],"about":[{"href":"https:\/\/zoo-land.az\/az\/wp-json\/wp\/v2\/types\/product"}],"wp:featuredmedia":[{"embeddable":true,"href":"https:\/\/zoo-land.az\/az\/wp-json\/wp\/v2\/media\/23727"}],"wp:attachment":[{"href":"https:\/\/zoo-land.az\/az\/wp-json\/wp\/v2\/media?parent=23726"}],"wp:term":[{"taxonomy":"product_cat","embeddable":true,"href":"https:\/\/zoo-land.az\/az\/wp-json\/wp\/v2\/product_cat?post=23726"},{"taxonomy":"product_tag","embeddable":true,"href":"https:\/\/zoo-land.az\/az\/wp-json\/wp\/v2\/product_tag?post=23726"}],"curies":[{"name":"wp","href":"https:\/\/api.w.org\/{rel}","templated":true}]}}