{"id":23785,"date":"2024-06-17T08:31:56","date_gmt":"2024-06-17T08:31:56","guid":{"rendered":"https:\/\/lightsteelblue-zebra-299715.hostingersite.com\/?post_type=product&#038;p=23785"},"modified":"2024-06-17T08:31:56","modified_gmt":"2024-06-17T08:31:56","slug":"sex-barrier-tablets-for-cats-and-female-dogs","status":"publish","type":"product","link":"https:\/\/zoo-land.az\/az\/shop\/cat\/medications-cat\/sex-barrier-tablets-for-cats-and-female-dogs\/","title":{"rendered":"Pi\u015fikl\u0259r v\u0259 di\u015fi itl\u0259r \u00fc\u00e7\u00fcn Sex Bariyer tabletl\u0259ri"},"content":{"rendered":"<p>T\u0259rkibi: H\u0259r bir tabletin t\u0259rkibind\u0259:<\/p>\n<ul>\n<li>Mepranolon asetat suda h\u0259ll olunur - 0,1 mq<\/li>\n<li>etinilestradiol - 0,001 mq<\/li>\n<\/ul>\n<p>\u018fks g\u00f6st\u0259ri\u015fl\u0259r: M\u0259hsul hamil\u0259 v\u0259 laktasiya ed\u0259n heyvanlarda, Greyhound itl\u0259rind\u0259 istifad\u0259 \u00fc\u00e7\u00fcn \u0259ks g\u00f6st\u0259ri\u015fdir. Cinsi yetkinliy\u0259 \u00e7atmam\u0131\u015f heyvanlara, \u015f\u0259k\u0259rli diabet v\u0259 ya urolitiyazl\u0131lara t\u00f6vsiy\u0259 edilmir. Cinsi Bariyer tabletl\u0259ri \u00fcrogenital sistemd\u0259 v\u0259 s\u00fcd v\u0259zil\u0259rind\u0259 \u015fi\u015fl\u0259rin olmas\u0131 hal\u0131nda kontrendikedir.<\/p>\n<p>\u018flav\u0259 t\u0259sirl\u0259ri: T\u00f6vsiy\u0259 olunan dozalarda v\u0259 d\u00fczg\u00fcn t\u0259tbiq edildikd\u0259 he\u00e7 bir \u0259lav\u0259 t\u0259sir m\u00fc\u015fahid\u0259 olunmur.<\/p>\n<p>\u0130stifad\u0259 qaydas\u0131 v\u0259 dozas\u0131: Pi\u015fikl\u0259rd\u0259 v\u0259 qanc\u0131qlarda cinsi oyanma onun ba\u015f verm\u0259sinin ilk \u0259lam\u0259tl\u0259rind\u0259 azald\u0131lmal\u0131d\u0131r. Bu m\u0259qs\u0259dl\u0259 3-5 g\u00fcn \u0259rzind\u0259 h\u0259r g\u00fcn Sex Bariyer tabletl\u0259rini t\u0259tbiq edin.<\/p>\n<p>G\u00fcnd\u0259lik doza pi\u015fiyin v\u0259 ya qad\u0131n\u0131n b\u0259d\u0259n \u00e7\u0259kisi \u0259sas\u0131nda hesablan\u0131r:<\/p>\n<ul>\n<li>5 kq-a q\u0259d\u0259r - 1 tablet<\/li>\n<li>5-10 kq - 1-2 tablet<\/li>\n<li>10-30 kq - 2-4 tablet<\/li>\n<li>30 kq-dan \u00e7ox - 4 tablet v\u0259 h\u0259r \u0259lav\u0259 10 kq b\u0259d\u0259n \u00e7\u0259kisi \u00fc\u00e7\u00fcn 1 tablet.<\/li>\n<\/ul>\n<p>Sakitl\u0259\u015fdirici t\u0259siri saxlamaq \u00fc\u00e7\u00fcn m\u0259hsul t\u00f6vsiy\u0259 olunur. Pi\u015fikl\u0259rd\u0259 cinsi aktivliyin a\u015fa\u011f\u0131 s\u0259viyy\u0259d\u0259 saxlanmas\u0131 \u00fc\u00e7\u00fcn h\u0259r 2 h\u0259ft\u0259d\u0259n bir m\u00fcnt\u0259z\u0259m olaraq 1 tablet t\u0259tbiq edin. Qanc\u0131qlar \u00fc\u00e7\u00fcn tabletl\u0259ri yuxar\u0131da g\u00f6st\u0259ril\u0259n dozada heyvan\u0131n \u00e7\u0259kisin\u0259 \u0259saslanaraq, g\u00f6zl\u0259nil\u0259n istilik d\u00f6vr\u00fcnd\u0259n 7-14 g\u00fcn \u0259vv\u0259l 5-7 g\u00fcn \u0259rzind\u0259 t\u0259tbiq edin.<\/p>\n<p>T\u0259sad\u00fcf\u0259n c\u00fctl\u0259\u015fm\u0259d\u0259n sonra arzuolunmaz hamil\u0259liyin qar\u015f\u0131s\u0131n\u0131 almaq \u00fc\u00e7\u00fcn:<\/p>\n<ul>\n<li>Pi\u015fikl\u0259r - bir d\u0259f\u0259 2 tablet t\u0259tbiq edin.<\/li>\n<li>Qanc\u0131qlar \u2013 heyvan\u0131n \u00e7\u0259kisin\u0259 g\u00f6r\u0259:\n<ul>\n<li>5 kq-a q\u0259d\u0259r - 1 tablet<\/li>\n<li>5-10 kq - 2-3 tablet<\/li>\n<li>10-30 kq - 3-4 tablet<\/li>\n<li>30 kq-dan \u00e7ox - 4 tablet v\u0259 h\u0259r \u0259lav\u0259 10 kq b\u0259d\u0259n \u00e7\u0259kisi \u00fc\u00e7\u00fcn 1 tablet.<\/li>\n<\/ul>\n<\/li>\n<\/ul>\n<p>G\u00f6st\u0259ri\u015fl\u0259r: Davran\u0131\u015f\u0131n korreksiyas\u0131, Kontrasepsiya, Hormonal<\/p>\n<p>T\u0259svir: Sex Bariyer tabletl\u0259ri cinsi istiliyi t\u0259nziml\u0259m\u0259k v\u0259 pi\u015fikl\u0259rd\u0259 v\u0259 qanc\u0131qlarda arzuolunmaz hamil\u0259liyin qar\u015f\u0131s\u0131n\u0131 almaq \u00fc\u00e7\u00fcn m\u00fcasir bihormonal preparatd\u0131r.<\/p>\n<p>Aktiv madd\u0259l\u0259r: Mepranolon asetat, etinilestradiol<\/p>","protected":false},"excerpt":{"rendered":"<p>M\u0259hsul hamil\u0259 v\u0259 laktasiya ed\u0259n heyvanlarda, Greyhound itl\u0259rind\u0259 istifad\u0259 \u00fc\u00e7\u00fcn kontrendikedir. Cinsi yetkinliy\u0259 \u00e7atmam\u0131\u015f heyvanlara, \u015f\u0259k\u0259rli diabet v\u0259 ya urolitiyazl\u0131lara t\u00f6vsiy\u0259 edilmir. Cinsi Bariyer tabletl\u0259ri \u00fcrogenital sistemd\u0259 v\u0259 s\u00fcd v\u0259zil\u0259rind\u0259 \u015fi\u015fl\u0259rin olmas\u0131 hal\u0131nda kontrendikedir.<\/p>","protected":false},"featured_media":23786,"template":"","meta":{"inline_featured_image":false,"_joinchat":[]},"product_cat":[188,107,388,390],"product_tag":[],"class_list":{"0":"post-23785","1":"product","2":"type-product","3":"status-publish","4":"has-post-thumbnail","6":"product_brand-408","7":"product_cat-cat","8":"product_cat-dog","9":"product_cat-medications","10":"product_cat-medications-cat","12":"first","13":"instock","14":"shipping-taxable","15":"purchasable","16":"product-type-simple"},"yoast_head":"<!-- This site is optimized with the Yoast SEO plugin v27.4 - https:\/\/yoast.com\/product\/yoast-seo-wordpress\/ -->\n<title>Sex-Barrier tablets for cats and female dogs - Zooland.az<\/title>\n<meta name=\"robots\" content=\"index, follow, max-snippet:-1, max-image-preview:large, max-video-preview:-1\" \/>\n<link rel=\"canonical\" href=\"https:\/\/zoo-land.az\/az\/shop\/cat\/medications-cat\/sex-barrier-tablets-for-cats-and-female-dogs\/\" \/>\n<meta property=\"og:locale\" content=\"az_AZ\" \/>\n<meta property=\"og:type\" content=\"article\" \/>\n<meta property=\"og:title\" content=\"Sex-Barrier tablets for cats and female dogs - Zooland.az\" \/>\n<meta property=\"og:description\" content=\"The product is contraindicated for use in pregnant and lactating animals, Greyhound dogs. It is not recommended for animals that have not reached sexual maturity, or those with diabetes mellitus or urolithiasis. Sex Barrier tablets are contraindicated in the presence of tumors in the urogenital system and mammary glands.\" \/>\n<meta property=\"og:url\" content=\"https:\/\/zoo-land.az\/az\/shop\/cat\/medications-cat\/sex-barrier-tablets-for-cats-and-female-dogs\/\" \/>\n<meta property=\"og:site_name\" content=\"Zooland.az\" \/>\n<meta property=\"og:image\" content=\"https:\/\/zoo-land.az\/wp-content\/uploads\/2024\/06\/1_fea44be51ac5f4b0b97d745e5e79c71f.jpg\" \/>\n\t<meta property=\"og:image:width\" content=\"1024\" \/>\n\t<meta property=\"og:image:height\" content=\"1024\" \/>\n\t<meta property=\"og:image:type\" content=\"image\/jpeg\" \/>\n<meta name=\"twitter:card\" content=\"summary_large_image\" \/>\n<meta name=\"twitter:label1\" content=\"Est. reading time\" \/>\n\t<meta name=\"twitter:data1\" content=\"2 minutes\" \/>\n<script type=\"application\/ld+json\" class=\"yoast-schema-graph\">{\"@context\":\"https:\\\/\\\/schema.org\",\"@graph\":[{\"@type\":\"WebPage\",\"@id\":\"https:\\\/\\\/zoo-land.az\\\/shop\\\/cat\\\/medications-cat\\\/sex-barrier-tablets-for-cats-and-female-dogs\\\/\",\"url\":\"https:\\\/\\\/zoo-land.az\\\/shop\\\/cat\\\/medications-cat\\\/sex-barrier-tablets-for-cats-and-female-dogs\\\/\",\"name\":\"Sex-Barrier tablets for cats and female dogs - Zooland.az\",\"isPartOf\":{\"@id\":\"https:\\\/\\\/zoo-land.az\\\/#website\"},\"primaryImageOfPage\":{\"@id\":\"https:\\\/\\\/zoo-land.az\\\/shop\\\/cat\\\/medications-cat\\\/sex-barrier-tablets-for-cats-and-female-dogs\\\/#primaryimage\"},\"image\":{\"@id\":\"https:\\\/\\\/zoo-land.az\\\/shop\\\/cat\\\/medications-cat\\\/sex-barrier-tablets-for-cats-and-female-dogs\\\/#primaryimage\"},\"thumbnailUrl\":\"https:\\\/\\\/zoo-land.az\\\/wp-content\\\/uploads\\\/2024\\\/06\\\/1_fea44be51ac5f4b0b97d745e5e79c71f.jpg\",\"datePublished\":\"2024-06-17T08:31:56+00:00\",\"breadcrumb\":{\"@id\":\"https:\\\/\\\/zoo-land.az\\\/shop\\\/cat\\\/medications-cat\\\/sex-barrier-tablets-for-cats-and-female-dogs\\\/#breadcrumb\"},\"inLanguage\":\"az\",\"potentialAction\":[{\"@type\":\"ReadAction\",\"target\":[\"https:\\\/\\\/zoo-land.az\\\/shop\\\/cat\\\/medications-cat\\\/sex-barrier-tablets-for-cats-and-female-dogs\\\/\"]}]},{\"@type\":\"ImageObject\",\"inLanguage\":\"az\",\"@id\":\"https:\\\/\\\/zoo-land.az\\\/shop\\\/cat\\\/medications-cat\\\/sex-barrier-tablets-for-cats-and-female-dogs\\\/#primaryimage\",\"url\":\"https:\\\/\\\/zoo-land.az\\\/wp-content\\\/uploads\\\/2024\\\/06\\\/1_fea44be51ac5f4b0b97d745e5e79c71f.jpg\",\"contentUrl\":\"https:\\\/\\\/zoo-land.az\\\/wp-content\\\/uploads\\\/2024\\\/06\\\/1_fea44be51ac5f4b0b97d745e5e79c71f.jpg\",\"width\":1024,\"height\":1024},{\"@type\":\"BreadcrumbList\",\"@id\":\"https:\\\/\\\/zoo-land.az\\\/shop\\\/cat\\\/medications-cat\\\/sex-barrier-tablets-for-cats-and-female-dogs\\\/#breadcrumb\",\"itemListElement\":[{\"@type\":\"ListItem\",\"position\":1,\"name\":\"Home\",\"item\":\"https:\\\/\\\/zoo-land.az\\\/ru\\\/\"},{\"@type\":\"ListItem\",\"position\":2,\"name\":\"Shop\",\"item\":\"https:\\\/\\\/zoo-land.az\\\/ru\\\/\"},{\"@type\":\"ListItem\",\"position\":3,\"name\":\"Sex-Barrier tablets for cats and female dogs\"}]},{\"@type\":\"WebSite\",\"@id\":\"https:\\\/\\\/zoo-land.az\\\/#website\",\"url\":\"https:\\\/\\\/zoo-land.az\\\/\",\"name\":\"Zooland.az\",\"description\":\"Xo\u015fb\u0259xt ev heyvanlar\u0131n\u0131n \u00fcnvan\u0131 Zooland.az\",\"publisher\":{\"@id\":\"https:\\\/\\\/zoo-land.az\\\/#organization\"},\"potentialAction\":[{\"@type\":\"SearchAction\",\"target\":{\"@type\":\"EntryPoint\",\"urlTemplate\":\"https:\\\/\\\/zoo-land.az\\\/?s={search_term_string}\"},\"query-input\":{\"@type\":\"PropertyValueSpecification\",\"valueRequired\":true,\"valueName\":\"search_term_string\"}}],\"inLanguage\":\"az\"},{\"@type\":\"Organization\",\"@id\":\"https:\\\/\\\/zoo-land.az\\\/#organization\",\"name\":\"Zooland.az\",\"url\":\"https:\\\/\\\/zoo-land.az\\\/\",\"logo\":{\"@type\":\"ImageObject\",\"inLanguage\":\"az\",\"@id\":\"https:\\\/\\\/zoo-land.az\\\/#\\\/schema\\\/logo\\\/image\\\/\",\"url\":\"https:\\\/\\\/zoo-land.az\\\/wp-content\\\/uploads\\\/2022\\\/05\\\/logo.svg\",\"contentUrl\":\"https:\\\/\\\/zoo-land.az\\\/wp-content\\\/uploads\\\/2022\\\/05\\\/logo.svg\",\"width\":113,\"height\":46,\"caption\":\"Zooland.az\"},\"image\":{\"@id\":\"https:\\\/\\\/zoo-land.az\\\/#\\\/schema\\\/logo\\\/image\\\/\"}}]}<\/script>\n<!-- \/ Yoast SEO plugin. -->","yoast_head_json":{"title":"Sex-Barrier tablets for cats and female dogs - Zooland.az","robots":{"index":"index","follow":"follow","max-snippet":"max-snippet:-1","max-image-preview":"max-image-preview:large","max-video-preview":"max-video-preview:-1"},"canonical":"https:\/\/zoo-land.az\/az\/shop\/cat\/medications-cat\/sex-barrier-tablets-for-cats-and-female-dogs\/","og_locale":"az_AZ","og_type":"article","og_title":"Sex-Barrier tablets for cats and female dogs - Zooland.az","og_description":"The product is contraindicated for use in pregnant and lactating animals, Greyhound dogs. It is not recommended for animals that have not reached sexual maturity, or those with diabetes mellitus or urolithiasis. Sex Barrier tablets are contraindicated in the presence of tumors in the urogenital system and mammary glands.","og_url":"https:\/\/zoo-land.az\/az\/shop\/cat\/medications-cat\/sex-barrier-tablets-for-cats-and-female-dogs\/","og_site_name":"Zooland.az","og_image":[{"width":1024,"height":1024,"url":"https:\/\/zoo-land.az\/wp-content\/uploads\/2024\/06\/1_fea44be51ac5f4b0b97d745e5e79c71f.jpg","type":"image\/jpeg"}],"twitter_card":"summary_large_image","twitter_misc":{"Est. reading time":"2 minutes"},"schema":{"@context":"https:\/\/schema.org","@graph":[{"@type":"WebPage","@id":"https:\/\/zoo-land.az\/shop\/cat\/medications-cat\/sex-barrier-tablets-for-cats-and-female-dogs\/","url":"https:\/\/zoo-land.az\/shop\/cat\/medications-cat\/sex-barrier-tablets-for-cats-and-female-dogs\/","name":"Sex-Barrier tablets for cats and female dogs - Zooland.az","isPartOf":{"@id":"https:\/\/zoo-land.az\/#website"},"primaryImageOfPage":{"@id":"https:\/\/zoo-land.az\/shop\/cat\/medications-cat\/sex-barrier-tablets-for-cats-and-female-dogs\/#primaryimage"},"image":{"@id":"https:\/\/zoo-land.az\/shop\/cat\/medications-cat\/sex-barrier-tablets-for-cats-and-female-dogs\/#primaryimage"},"thumbnailUrl":"https:\/\/zoo-land.az\/wp-content\/uploads\/2024\/06\/1_fea44be51ac5f4b0b97d745e5e79c71f.jpg","datePublished":"2024-06-17T08:31:56+00:00","breadcrumb":{"@id":"https:\/\/zoo-land.az\/shop\/cat\/medications-cat\/sex-barrier-tablets-for-cats-and-female-dogs\/#breadcrumb"},"inLanguage":"az","potentialAction":[{"@type":"ReadAction","target":["https:\/\/zoo-land.az\/shop\/cat\/medications-cat\/sex-barrier-tablets-for-cats-and-female-dogs\/"]}]},{"@type":"ImageObject","inLanguage":"az","@id":"https:\/\/zoo-land.az\/shop\/cat\/medications-cat\/sex-barrier-tablets-for-cats-and-female-dogs\/#primaryimage","url":"https:\/\/zoo-land.az\/wp-content\/uploads\/2024\/06\/1_fea44be51ac5f4b0b97d745e5e79c71f.jpg","contentUrl":"https:\/\/zoo-land.az\/wp-content\/uploads\/2024\/06\/1_fea44be51ac5f4b0b97d745e5e79c71f.jpg","width":1024,"height":1024},{"@type":"BreadcrumbList","@id":"https:\/\/zoo-land.az\/shop\/cat\/medications-cat\/sex-barrier-tablets-for-cats-and-female-dogs\/#breadcrumb","itemListElement":[{"@type":"ListItem","position":1,"name":"Home","item":"https:\/\/zoo-land.az\/ru\/"},{"@type":"ListItem","position":2,"name":"Shop","item":"https:\/\/zoo-land.az\/ru\/"},{"@type":"ListItem","position":3,"name":"Sex-Barrier tablets for cats and female dogs"}]},{"@type":"WebSite","@id":"https:\/\/zoo-land.az\/#website","url":"https:\/\/zoo-land.az\/","name":"Zooland.az","description":"Xo\u015fb\u0259xt ev heyvanlar\u0131n\u0131n \u00fcnvan\u0131 Zooland.az","publisher":{"@id":"https:\/\/zoo-land.az\/#organization"},"potentialAction":[{"@type":"SearchAction","target":{"@type":"EntryPoint","urlTemplate":"https:\/\/zoo-land.az\/?s={search_term_string}"},"query-input":{"@type":"PropertyValueSpecification","valueRequired":true,"valueName":"search_term_string"}}],"inLanguage":"az"},{"@type":"Organization","@id":"https:\/\/zoo-land.az\/#organization","name":"Zooland.az","url":"https:\/\/zoo-land.az\/","logo":{"@type":"ImageObject","inLanguage":"az","@id":"https:\/\/zoo-land.az\/#\/schema\/logo\/image\/","url":"https:\/\/zoo-land.az\/wp-content\/uploads\/2022\/05\/logo.svg","contentUrl":"https:\/\/zoo-land.az\/wp-content\/uploads\/2022\/05\/logo.svg","width":113,"height":46,"caption":"Zooland.az"},"image":{"@id":"https:\/\/zoo-land.az\/#\/schema\/logo\/image\/"}}]}},"_links":{"self":[{"href":"https:\/\/zoo-land.az\/az\/wp-json\/wp\/v2\/product\/23785","targetHints":{"allow":["GET"]}}],"collection":[{"href":"https:\/\/zoo-land.az\/az\/wp-json\/wp\/v2\/product"}],"about":[{"href":"https:\/\/zoo-land.az\/az\/wp-json\/wp\/v2\/types\/product"}],"wp:featuredmedia":[{"embeddable":true,"href":"https:\/\/zoo-land.az\/az\/wp-json\/wp\/v2\/media\/23786"}],"wp:attachment":[{"href":"https:\/\/zoo-land.az\/az\/wp-json\/wp\/v2\/media?parent=23785"}],"wp:term":[{"taxonomy":"product_cat","embeddable":true,"href":"https:\/\/zoo-land.az\/az\/wp-json\/wp\/v2\/product_cat?post=23785"},{"taxonomy":"product_tag","embeddable":true,"href":"https:\/\/zoo-land.az\/az\/wp-json\/wp\/v2\/product_tag?post=23785"}],"curies":[{"name":"wp","href":"https:\/\/api.w.org\/{rel}","templated":true}]}}