{"id":23790,"date":"2024-06-17T08:38:23","date_gmt":"2024-06-17T08:38:23","guid":{"rendered":"https:\/\/lightsteelblue-zebra-299715.hostingersite.com\/?post_type=product&#038;p=23790"},"modified":"2024-06-17T08:38:23","modified_gmt":"2024-06-17T08:38:23","slug":"drops-sex-barrier-for-cats-2","status":"publish","type":"product","link":"https:\/\/zoo-land.az\/az\/shop\/cat\/medications-cat\/drops-sex-barrier-for-cats-2\/","title":{"rendered":"Pi\u015fikl\u0259r \u00fc\u00e7\u00fcn cinsi mane\u0259ni azald\u0131r"},"content":{"rendered":"<p>1 ml preparat\u0131n t\u0259rkibin\u0259 a\u015fa\u011f\u0131dak\u0131lar daxildir:<\/p>\n<p>Mepragenol asetat suda h\u0259ll olunan - 1 mq Etinilestradiol - 0,01 mq<\/p>\n<p>D\u0259rman bihormonal kontraseptivl\u0259rin m\u00fcasir n\u0259slin\u0259 aiddir. Preparatdak\u0131 hormon konsentrasiyas\u0131 analoqlarla m\u00fcqayis\u0259d\u0259 25 d\u0259f\u0259 azal\u0131r.<\/p>\n<p>\u018fks g\u00f6st\u0259ri\u015fl\u0259r D\u0259rman cinsi yetkinliy\u0259 \u00e7atmam\u0131\u015f heyvanlarda istifad\u0259 edilm\u0259m\u0259lidir. D\u0259rman\u0131 urolitiyaz, diabetes mellitus v\u0259 ya sidik-cinsiyy\u0259t sistemind\u0259 v\u0259 s\u00fcd v\u0259zil\u0259rind\u0259 neoplazmalardan \u0259ziyy\u0259t \u00e7\u0259k\u0259n pi\u015fikl\u0259r\u0259 t\u0259tbiq etm\u0259k kontrendikedir.<\/p>\n<p>\u018flav\u0259 t\u0259sirl\u0259r T\u00f6vsiy\u0259 olunan dozalarda v\u0259 d\u00fczg\u00fcn istifad\u0259 edildikd\u0259 he\u00e7 bir \u0259lav\u0259 t\u0259sir m\u00fc\u015fahid\u0259 edilmir.<\/p>\n<p>\u0130stifad\u0259 qaydas\u0131 v\u0259 dozas\u0131 D\u0259rman heyvana g\u00fcnd\u0259 bir d\u0259f\u0259 4-6 g\u00fcn \u0259rzind\u0259, cinsi oyanman\u0131n ba\u015flan\u011f\u0131c\u0131ndan 2 g\u00fcnd\u0259n gec olmayaraq verilm\u0259lidir.<\/p>\n<p>G\u00fcnd\u0259lik doza heyvan\u0131n b\u0259d\u0259n \u00e7\u0259kisind\u0259n as\u0131l\u0131d\u0131r:<\/p>\n<ul>\n<li>5 kq-a q\u0259d\u0259r - 4 damc\u0131;<\/li>\n<li>5 kq-dan \u00e7ox - 5-7 damc\u0131.<\/li>\n<\/ul>\n<p>D\u0259rman sakitl\u0259\u015fdirici t\u0259siri saxlamaq \u00fc\u00e7\u00fcn d\u0259 istifad\u0259 edil\u0259 bil\u0259r. Sex-Barrier cinsi istirah\u0259t d\u00f6vr\u00fcnd\u0259 m\u00fcnt\u0259z\u0259m olaraq, h\u0259r 2 h\u0259ft\u0259d\u0259 bir d\u0259f\u0259, heyvan ba\u015f\u0131na 4 damc\u0131 dozada verilm\u0259lidir. Bu, pi\u015fiyin cinsi f\u0259aliyy\u0259tini a\u015fa\u011f\u0131 s\u0259viyy\u0259d\u0259 saxlama\u011fa k\u00f6m\u0259k edir.<\/p>\n<p>M\u0259qs\u0259d Davran\u0131\u015f korreksiyas\u0131, Kontrasepsiya, Hormonal<\/p>\n<p>T\u0259svir Pi\u015fikl\u0259rd\u0259 istiliyi t\u0259nziml\u0259m\u0259k \u00fc\u00e7\u00fcn Sex-Baryer damc\u0131lar\u0131 \u2013 pi\u015fikl\u0259rd\u0259 istilik d\u00f6vrl\u0259ri il\u0259 ba\u011fl\u0131 geni\u015f spektrli probleml\u0259ri h\u0259ll ed\u0259n m\u00fcasir bihormonal d\u0259rman.<\/p>\n<p>Cinsi oyan\u0131\u015f\u0131 bo\u011fmaq, antisosial (i\u015far\u0259l\u0259m\u0259) v\u0259 aqressiv davran\u0131\u015f\u0131 d\u00fcz\u0259ltm\u0259k \u00fc\u00e7\u00fcn pi\u015fikl\u0259r\u0259 t\u0259yin edilir.<\/p>","protected":false},"excerpt":{"rendered":"<p>D\u0259rman bihormonal kontraseptivl\u0259rin m\u00fcasir n\u0259slin\u0259 aiddir. Preparatdak\u0131 hormon konsentrasiyas\u0131 analoqlarla m\u00fcqayis\u0259d\u0259 25 d\u0259f\u0259 azal\u0131r.<\/p>","protected":false},"featured_media":23791,"template":"","meta":{"inline_featured_image":false,"_joinchat":[]},"product_cat":[188,107,388,390],"product_tag":[],"class_list":{"0":"post-23790","1":"product","2":"type-product","3":"status-publish","4":"has-post-thumbnail","6":"product_brand-408","7":"product_cat-cat","8":"product_cat-dog","9":"product_cat-medications","10":"product_cat-medications-cat","12":"first","13":"instock","14":"shipping-taxable","15":"purchasable","16":"product-type-simple"},"yoast_head":"<!-- This site is optimized with the Yoast SEO plugin v27.4 - https:\/\/yoast.com\/product\/yoast-seo-wordpress\/ -->\n<title>Drops Sex-Barrier for cats - Zooland.az<\/title>\n<meta name=\"robots\" content=\"index, follow, max-snippet:-1, max-image-preview:large, max-video-preview:-1\" \/>\n<link rel=\"canonical\" href=\"https:\/\/zoo-land.az\/az\/shop\/cat\/medications-cat\/drops-sex-barrier-for-cats-2\/\" \/>\n<meta property=\"og:locale\" content=\"az_AZ\" \/>\n<meta property=\"og:type\" content=\"article\" \/>\n<meta property=\"og:title\" content=\"Drops Sex-Barrier for cats - Zooland.az\" \/>\n<meta property=\"og:description\" content=\"The medication belongs to the modern generation of bihormonal contraceptive agents. The hormone concentration in the preparation is reduced by 25 times compared to analogues.\" \/>\n<meta property=\"og:url\" content=\"https:\/\/zoo-land.az\/az\/shop\/cat\/medications-cat\/drops-sex-barrier-for-cats-2\/\" \/>\n<meta property=\"og:site_name\" content=\"Zooland.az\" \/>\n<meta property=\"og:image\" content=\"https:\/\/zoo-land.az\/wp-content\/uploads\/2024\/06\/1_73ee520d9ee36224ad54ad0af13cbe27.jpg\" \/>\n\t<meta property=\"og:image:width\" content=\"1024\" \/>\n\t<meta property=\"og:image:height\" content=\"1024\" \/>\n\t<meta property=\"og:image:type\" content=\"image\/jpeg\" \/>\n<meta name=\"twitter:card\" content=\"summary_large_image\" \/>\n<meta name=\"twitter:label1\" content=\"Est. reading time\" \/>\n\t<meta name=\"twitter:data1\" content=\"2 minutes\" \/>\n<script type=\"application\/ld+json\" class=\"yoast-schema-graph\">{\"@context\":\"https:\\\/\\\/schema.org\",\"@graph\":[{\"@type\":\"WebPage\",\"@id\":\"https:\\\/\\\/zoo-land.az\\\/shop\\\/cat\\\/medications-cat\\\/drops-sex-barrier-for-cats-2\\\/\",\"url\":\"https:\\\/\\\/zoo-land.az\\\/shop\\\/cat\\\/medications-cat\\\/drops-sex-barrier-for-cats-2\\\/\",\"name\":\"Drops Sex-Barrier for cats - Zooland.az\",\"isPartOf\":{\"@id\":\"https:\\\/\\\/zoo-land.az\\\/#website\"},\"primaryImageOfPage\":{\"@id\":\"https:\\\/\\\/zoo-land.az\\\/shop\\\/cat\\\/medications-cat\\\/drops-sex-barrier-for-cats-2\\\/#primaryimage\"},\"image\":{\"@id\":\"https:\\\/\\\/zoo-land.az\\\/shop\\\/cat\\\/medications-cat\\\/drops-sex-barrier-for-cats-2\\\/#primaryimage\"},\"thumbnailUrl\":\"https:\\\/\\\/zoo-land.az\\\/wp-content\\\/uploads\\\/2024\\\/06\\\/1_73ee520d9ee36224ad54ad0af13cbe27.jpg\",\"datePublished\":\"2024-06-17T08:38:23+00:00\",\"breadcrumb\":{\"@id\":\"https:\\\/\\\/zoo-land.az\\\/shop\\\/cat\\\/medications-cat\\\/drops-sex-barrier-for-cats-2\\\/#breadcrumb\"},\"inLanguage\":\"az\",\"potentialAction\":[{\"@type\":\"ReadAction\",\"target\":[\"https:\\\/\\\/zoo-land.az\\\/shop\\\/cat\\\/medications-cat\\\/drops-sex-barrier-for-cats-2\\\/\"]}]},{\"@type\":\"ImageObject\",\"inLanguage\":\"az\",\"@id\":\"https:\\\/\\\/zoo-land.az\\\/shop\\\/cat\\\/medications-cat\\\/drops-sex-barrier-for-cats-2\\\/#primaryimage\",\"url\":\"https:\\\/\\\/zoo-land.az\\\/wp-content\\\/uploads\\\/2024\\\/06\\\/1_73ee520d9ee36224ad54ad0af13cbe27.jpg\",\"contentUrl\":\"https:\\\/\\\/zoo-land.az\\\/wp-content\\\/uploads\\\/2024\\\/06\\\/1_73ee520d9ee36224ad54ad0af13cbe27.jpg\",\"width\":1024,\"height\":1024},{\"@type\":\"BreadcrumbList\",\"@id\":\"https:\\\/\\\/zoo-land.az\\\/shop\\\/cat\\\/medications-cat\\\/drops-sex-barrier-for-cats-2\\\/#breadcrumb\",\"itemListElement\":[{\"@type\":\"ListItem\",\"position\":1,\"name\":\"Home\",\"item\":\"https:\\\/\\\/zoo-land.az\\\/ru\\\/\"},{\"@type\":\"ListItem\",\"position\":2,\"name\":\"Shop\",\"item\":\"https:\\\/\\\/zoo-land.az\\\/ru\\\/\"},{\"@type\":\"ListItem\",\"position\":3,\"name\":\"Drops Sex-Barrier for cats\"}]},{\"@type\":\"WebSite\",\"@id\":\"https:\\\/\\\/zoo-land.az\\\/#website\",\"url\":\"https:\\\/\\\/zoo-land.az\\\/\",\"name\":\"Zooland.az\",\"description\":\"Xo\u015fb\u0259xt ev heyvanlar\u0131n\u0131n \u00fcnvan\u0131 Zooland.az\",\"publisher\":{\"@id\":\"https:\\\/\\\/zoo-land.az\\\/#organization\"},\"potentialAction\":[{\"@type\":\"SearchAction\",\"target\":{\"@type\":\"EntryPoint\",\"urlTemplate\":\"https:\\\/\\\/zoo-land.az\\\/?s={search_term_string}\"},\"query-input\":{\"@type\":\"PropertyValueSpecification\",\"valueRequired\":true,\"valueName\":\"search_term_string\"}}],\"inLanguage\":\"az\"},{\"@type\":\"Organization\",\"@id\":\"https:\\\/\\\/zoo-land.az\\\/#organization\",\"name\":\"Zooland.az\",\"url\":\"https:\\\/\\\/zoo-land.az\\\/\",\"logo\":{\"@type\":\"ImageObject\",\"inLanguage\":\"az\",\"@id\":\"https:\\\/\\\/zoo-land.az\\\/#\\\/schema\\\/logo\\\/image\\\/\",\"url\":\"https:\\\/\\\/zoo-land.az\\\/wp-content\\\/uploads\\\/2022\\\/05\\\/logo.svg\",\"contentUrl\":\"https:\\\/\\\/zoo-land.az\\\/wp-content\\\/uploads\\\/2022\\\/05\\\/logo.svg\",\"width\":113,\"height\":46,\"caption\":\"Zooland.az\"},\"image\":{\"@id\":\"https:\\\/\\\/zoo-land.az\\\/#\\\/schema\\\/logo\\\/image\\\/\"}}]}<\/script>\n<!-- \/ Yoast SEO plugin. -->","yoast_head_json":{"title":"Drops Sex-Barrier for cats - Zooland.az","robots":{"index":"index","follow":"follow","max-snippet":"max-snippet:-1","max-image-preview":"max-image-preview:large","max-video-preview":"max-video-preview:-1"},"canonical":"https:\/\/zoo-land.az\/az\/shop\/cat\/medications-cat\/drops-sex-barrier-for-cats-2\/","og_locale":"az_AZ","og_type":"article","og_title":"Drops Sex-Barrier for cats - Zooland.az","og_description":"The medication belongs to the modern generation of bihormonal contraceptive agents. The hormone concentration in the preparation is reduced by 25 times compared to analogues.","og_url":"https:\/\/zoo-land.az\/az\/shop\/cat\/medications-cat\/drops-sex-barrier-for-cats-2\/","og_site_name":"Zooland.az","og_image":[{"width":1024,"height":1024,"url":"https:\/\/zoo-land.az\/wp-content\/uploads\/2024\/06\/1_73ee520d9ee36224ad54ad0af13cbe27.jpg","type":"image\/jpeg"}],"twitter_card":"summary_large_image","twitter_misc":{"Est. reading time":"2 minutes"},"schema":{"@context":"https:\/\/schema.org","@graph":[{"@type":"WebPage","@id":"https:\/\/zoo-land.az\/shop\/cat\/medications-cat\/drops-sex-barrier-for-cats-2\/","url":"https:\/\/zoo-land.az\/shop\/cat\/medications-cat\/drops-sex-barrier-for-cats-2\/","name":"Drops Sex-Barrier for cats - Zooland.az","isPartOf":{"@id":"https:\/\/zoo-land.az\/#website"},"primaryImageOfPage":{"@id":"https:\/\/zoo-land.az\/shop\/cat\/medications-cat\/drops-sex-barrier-for-cats-2\/#primaryimage"},"image":{"@id":"https:\/\/zoo-land.az\/shop\/cat\/medications-cat\/drops-sex-barrier-for-cats-2\/#primaryimage"},"thumbnailUrl":"https:\/\/zoo-land.az\/wp-content\/uploads\/2024\/06\/1_73ee520d9ee36224ad54ad0af13cbe27.jpg","datePublished":"2024-06-17T08:38:23+00:00","breadcrumb":{"@id":"https:\/\/zoo-land.az\/shop\/cat\/medications-cat\/drops-sex-barrier-for-cats-2\/#breadcrumb"},"inLanguage":"az","potentialAction":[{"@type":"ReadAction","target":["https:\/\/zoo-land.az\/shop\/cat\/medications-cat\/drops-sex-barrier-for-cats-2\/"]}]},{"@type":"ImageObject","inLanguage":"az","@id":"https:\/\/zoo-land.az\/shop\/cat\/medications-cat\/drops-sex-barrier-for-cats-2\/#primaryimage","url":"https:\/\/zoo-land.az\/wp-content\/uploads\/2024\/06\/1_73ee520d9ee36224ad54ad0af13cbe27.jpg","contentUrl":"https:\/\/zoo-land.az\/wp-content\/uploads\/2024\/06\/1_73ee520d9ee36224ad54ad0af13cbe27.jpg","width":1024,"height":1024},{"@type":"BreadcrumbList","@id":"https:\/\/zoo-land.az\/shop\/cat\/medications-cat\/drops-sex-barrier-for-cats-2\/#breadcrumb","itemListElement":[{"@type":"ListItem","position":1,"name":"Home","item":"https:\/\/zoo-land.az\/ru\/"},{"@type":"ListItem","position":2,"name":"Shop","item":"https:\/\/zoo-land.az\/ru\/"},{"@type":"ListItem","position":3,"name":"Drops Sex-Barrier for cats"}]},{"@type":"WebSite","@id":"https:\/\/zoo-land.az\/#website","url":"https:\/\/zoo-land.az\/","name":"Zooland.az","description":"Xo\u015fb\u0259xt ev heyvanlar\u0131n\u0131n \u00fcnvan\u0131 Zooland.az","publisher":{"@id":"https:\/\/zoo-land.az\/#organization"},"potentialAction":[{"@type":"SearchAction","target":{"@type":"EntryPoint","urlTemplate":"https:\/\/zoo-land.az\/?s={search_term_string}"},"query-input":{"@type":"PropertyValueSpecification","valueRequired":true,"valueName":"search_term_string"}}],"inLanguage":"az"},{"@type":"Organization","@id":"https:\/\/zoo-land.az\/#organization","name":"Zooland.az","url":"https:\/\/zoo-land.az\/","logo":{"@type":"ImageObject","inLanguage":"az","@id":"https:\/\/zoo-land.az\/#\/schema\/logo\/image\/","url":"https:\/\/zoo-land.az\/wp-content\/uploads\/2022\/05\/logo.svg","contentUrl":"https:\/\/zoo-land.az\/wp-content\/uploads\/2022\/05\/logo.svg","width":113,"height":46,"caption":"Zooland.az"},"image":{"@id":"https:\/\/zoo-land.az\/#\/schema\/logo\/image\/"}}]}},"_links":{"self":[{"href":"https:\/\/zoo-land.az\/az\/wp-json\/wp\/v2\/product\/23790","targetHints":{"allow":["GET"]}}],"collection":[{"href":"https:\/\/zoo-land.az\/az\/wp-json\/wp\/v2\/product"}],"about":[{"href":"https:\/\/zoo-land.az\/az\/wp-json\/wp\/v2\/types\/product"}],"wp:featuredmedia":[{"embeddable":true,"href":"https:\/\/zoo-land.az\/az\/wp-json\/wp\/v2\/media\/23791"}],"wp:attachment":[{"href":"https:\/\/zoo-land.az\/az\/wp-json\/wp\/v2\/media?parent=23790"}],"wp:term":[{"taxonomy":"product_cat","embeddable":true,"href":"https:\/\/zoo-land.az\/az\/wp-json\/wp\/v2\/product_cat?post=23790"},{"taxonomy":"product_tag","embeddable":true,"href":"https:\/\/zoo-land.az\/az\/wp-json\/wp\/v2\/product_tag?post=23790"}],"curies":[{"name":"wp","href":"https:\/\/api.w.org\/{rel}","templated":true}]}}