{"id":23801,"date":"2024-06-17T09:54:29","date_gmt":"2024-06-17T09:54:29","guid":{"rendered":"https:\/\/lightsteelblue-zebra-299715.hostingersite.com\/?post_type=product&#038;p=23801"},"modified":"2024-06-17T09:54:29","modified_gmt":"2024-06-17T09:54:29","slug":"insecticidal-and-acaricidal-spray-for-cats-100-ml","status":"publish","type":"product","link":"https:\/\/zoo-land.az\/az\/shop\/cat\/cat-hygenic\/cat-ceams-sprays\/insecticidal-and-acaricidal-spray-for-cats-100-ml\/","title":{"rendered":"Pi\u015fikl\u0259r \u00fc\u00e7\u00fcn insektisid v\u0259 akarisid sprey 100 ml"},"content":{"rendered":"<p>Dana Ultra spray is used for dogs and cats from 10 weeks of age to treat and prevent ectoparasites such as fleas, lice, and mites. It also protects animals from attacks by ixodid ticks and flies.<\/p>\n<p>Features and benefits:<\/p>\n<ul>\n<li>Immediate effect, guaranteeing protection against external parasites including fleas and ticks immediately after application.<\/li>\n<li>Powerful repellent action against mosquitoes for up to 5 days.<\/li>\n<li>Quick and effective treatment of animal habitats.<\/li>\n<li>Additional cosmetic effect due to the presence of glycerin and citric acid.<\/li>\n<\/ul>\n<p>Dosage and application: The treatment should be conducted outdoors or in well-ventilated areas with open windows, away from open flames. Before application, shake the bottle and spray onto the treated surface from a distance of 10-20 cm.<\/p>\n<p>Contraindications: The product should not be used in animals with known individual intolerance to its components. Do not treat weakened, exhausted, sick with infectious diseases, or recovering animals. Avoid applying the product to wet and\/or damaged skin.<\/p>\n<p>Composition: Fipronil &#8211; 5 mg\/ml, Cyfluthrin &#8211; 0.5 mg\/ml, excipients up to 1 ml.<\/p>","protected":false},"excerpt":{"rendered":"<p>Dana Ultra spray is used for dogs and cats from 10 weeks of age to treat and prevent ectoparasites such as fleas, lice, and mites. It also protects animals from attacks by ixodid ticks and flies.<\/p>","protected":false},"featured_media":23802,"template":"","meta":{"inline_featured_image":false,"_joinchat":[]},"product_cat":[208,188,199],"product_tag":[],"class_list":{"0":"post-23801","1":"product","2":"type-product","3":"status-publish","4":"has-post-thumbnail","6":"product_brand-apicenna","7":"product_cat-cat-ceams-sprays","8":"product_cat-cat","9":"product_cat-cat-hygenic","11":"first","12":"instock","13":"shipping-taxable","14":"purchasable","15":"product-type-simple"},"yoast_head":"<!-- This site is optimized with the Yoast SEO plugin v27.4 - https:\/\/yoast.com\/product\/yoast-seo-wordpress\/ -->\n<title>Insecticidal and acaricidal spray for cats 100 ml - Zooland.az<\/title>\n<meta name=\"robots\" content=\"index, follow, max-snippet:-1, max-image-preview:large, max-video-preview:-1\" \/>\n<link rel=\"canonical\" href=\"https:\/\/zoo-land.az\/az\/shop\/cat\/cat-hygenic\/cat-ceams-sprays\/insecticidal-and-acaricidal-spray-for-cats-100-ml\/\" \/>\n<meta property=\"og:locale\" content=\"az_AZ\" \/>\n<meta property=\"og:type\" content=\"article\" \/>\n<meta property=\"og:title\" content=\"Insecticidal and acaricidal spray for cats 100 ml - Zooland.az\" \/>\n<meta property=\"og:description\" content=\"Dana Ultra spray is used for dogs and cats from 10 weeks of age to treat and prevent ectoparasites such as fleas, lice, and mites. It also protects animals from attacks by ixodid ticks and flies.\" \/>\n<meta property=\"og:url\" content=\"https:\/\/zoo-land.az\/az\/shop\/cat\/cat-hygenic\/cat-ceams-sprays\/insecticidal-and-acaricidal-spray-for-cats-100-ml\/\" \/>\n<meta property=\"og:site_name\" content=\"Zooland.az\" \/>\n<meta property=\"og:image\" content=\"https:\/\/zoo-land.az\/wp-content\/uploads\/2024\/06\/68Op5swI-wQ2gVxYi_lkQf9nmz8RdMuXgK2vT3jX0p0.png\" \/>\n\t<meta property=\"og:image:width\" content=\"1500\" \/>\n\t<meta property=\"og:image:height\" content=\"1500\" \/>\n\t<meta property=\"og:image:type\" content=\"image\/png\" \/>\n<meta name=\"twitter:card\" content=\"summary_large_image\" \/>\n<meta name=\"twitter:label1\" content=\"Est. reading time\" \/>\n\t<meta name=\"twitter:data1\" content=\"1 minute\" \/>\n<script type=\"application\/ld+json\" class=\"yoast-schema-graph\">{\"@context\":\"https:\\\/\\\/schema.org\",\"@graph\":[{\"@type\":\"WebPage\",\"@id\":\"https:\\\/\\\/zoo-land.az\\\/shop\\\/cat\\\/cat-hygenic\\\/cat-ceams-sprays\\\/insecticidal-and-acaricidal-spray-for-cats-100-ml\\\/\",\"url\":\"https:\\\/\\\/zoo-land.az\\\/shop\\\/cat\\\/cat-hygenic\\\/cat-ceams-sprays\\\/insecticidal-and-acaricidal-spray-for-cats-100-ml\\\/\",\"name\":\"Insecticidal and acaricidal spray for cats 100 ml - Zooland.az\",\"isPartOf\":{\"@id\":\"https:\\\/\\\/zoo-land.az\\\/#website\"},\"primaryImageOfPage\":{\"@id\":\"https:\\\/\\\/zoo-land.az\\\/shop\\\/cat\\\/cat-hygenic\\\/cat-ceams-sprays\\\/insecticidal-and-acaricidal-spray-for-cats-100-ml\\\/#primaryimage\"},\"image\":{\"@id\":\"https:\\\/\\\/zoo-land.az\\\/shop\\\/cat\\\/cat-hygenic\\\/cat-ceams-sprays\\\/insecticidal-and-acaricidal-spray-for-cats-100-ml\\\/#primaryimage\"},\"thumbnailUrl\":\"https:\\\/\\\/zoo-land.az\\\/wp-content\\\/uploads\\\/2024\\\/06\\\/68Op5swI-wQ2gVxYi_lkQf9nmz8RdMuXgK2vT3jX0p0.png\",\"datePublished\":\"2024-06-17T09:54:29+00:00\",\"breadcrumb\":{\"@id\":\"https:\\\/\\\/zoo-land.az\\\/shop\\\/cat\\\/cat-hygenic\\\/cat-ceams-sprays\\\/insecticidal-and-acaricidal-spray-for-cats-100-ml\\\/#breadcrumb\"},\"inLanguage\":\"az\",\"potentialAction\":[{\"@type\":\"ReadAction\",\"target\":[\"https:\\\/\\\/zoo-land.az\\\/shop\\\/cat\\\/cat-hygenic\\\/cat-ceams-sprays\\\/insecticidal-and-acaricidal-spray-for-cats-100-ml\\\/\"]}]},{\"@type\":\"ImageObject\",\"inLanguage\":\"az\",\"@id\":\"https:\\\/\\\/zoo-land.az\\\/shop\\\/cat\\\/cat-hygenic\\\/cat-ceams-sprays\\\/insecticidal-and-acaricidal-spray-for-cats-100-ml\\\/#primaryimage\",\"url\":\"https:\\\/\\\/zoo-land.az\\\/wp-content\\\/uploads\\\/2024\\\/06\\\/68Op5swI-wQ2gVxYi_lkQf9nmz8RdMuXgK2vT3jX0p0.png\",\"contentUrl\":\"https:\\\/\\\/zoo-land.az\\\/wp-content\\\/uploads\\\/2024\\\/06\\\/68Op5swI-wQ2gVxYi_lkQf9nmz8RdMuXgK2vT3jX0p0.png\",\"width\":1500,\"height\":1500},{\"@type\":\"BreadcrumbList\",\"@id\":\"https:\\\/\\\/zoo-land.az\\\/shop\\\/cat\\\/cat-hygenic\\\/cat-ceams-sprays\\\/insecticidal-and-acaricidal-spray-for-cats-100-ml\\\/#breadcrumb\",\"itemListElement\":[{\"@type\":\"ListItem\",\"position\":1,\"name\":\"Home\",\"item\":\"https:\\\/\\\/zoo-land.az\\\/ru\\\/\"},{\"@type\":\"ListItem\",\"position\":2,\"name\":\"Shop\",\"item\":\"https:\\\/\\\/zoo-land.az\\\/ru\\\/\"},{\"@type\":\"ListItem\",\"position\":3,\"name\":\"Insecticidal and acaricidal spray for cats 100 ml\"}]},{\"@type\":\"WebSite\",\"@id\":\"https:\\\/\\\/zoo-land.az\\\/#website\",\"url\":\"https:\\\/\\\/zoo-land.az\\\/\",\"name\":\"Zooland.az\",\"description\":\"Xo\u015fb\u0259xt ev heyvanlar\u0131n\u0131n \u00fcnvan\u0131 Zooland.az\",\"publisher\":{\"@id\":\"https:\\\/\\\/zoo-land.az\\\/#organization\"},\"potentialAction\":[{\"@type\":\"SearchAction\",\"target\":{\"@type\":\"EntryPoint\",\"urlTemplate\":\"https:\\\/\\\/zoo-land.az\\\/?s={search_term_string}\"},\"query-input\":{\"@type\":\"PropertyValueSpecification\",\"valueRequired\":true,\"valueName\":\"search_term_string\"}}],\"inLanguage\":\"az\"},{\"@type\":\"Organization\",\"@id\":\"https:\\\/\\\/zoo-land.az\\\/#organization\",\"name\":\"Zooland.az\",\"url\":\"https:\\\/\\\/zoo-land.az\\\/\",\"logo\":{\"@type\":\"ImageObject\",\"inLanguage\":\"az\",\"@id\":\"https:\\\/\\\/zoo-land.az\\\/#\\\/schema\\\/logo\\\/image\\\/\",\"url\":\"https:\\\/\\\/zoo-land.az\\\/wp-content\\\/uploads\\\/2022\\\/05\\\/logo.svg\",\"contentUrl\":\"https:\\\/\\\/zoo-land.az\\\/wp-content\\\/uploads\\\/2022\\\/05\\\/logo.svg\",\"width\":113,\"height\":46,\"caption\":\"Zooland.az\"},\"image\":{\"@id\":\"https:\\\/\\\/zoo-land.az\\\/#\\\/schema\\\/logo\\\/image\\\/\"}}]}<\/script>\n<!-- \/ Yoast SEO plugin. -->","yoast_head_json":{"title":"Insecticidal and acaricidal spray for cats 100 ml - Zooland.az","robots":{"index":"index","follow":"follow","max-snippet":"max-snippet:-1","max-image-preview":"max-image-preview:large","max-video-preview":"max-video-preview:-1"},"canonical":"https:\/\/zoo-land.az\/az\/shop\/cat\/cat-hygenic\/cat-ceams-sprays\/insecticidal-and-acaricidal-spray-for-cats-100-ml\/","og_locale":"az_AZ","og_type":"article","og_title":"Insecticidal and acaricidal spray for cats 100 ml - Zooland.az","og_description":"Dana Ultra spray is used for dogs and cats from 10 weeks of age to treat and prevent ectoparasites such as fleas, lice, and mites. It also protects animals from attacks by ixodid ticks and flies.","og_url":"https:\/\/zoo-land.az\/az\/shop\/cat\/cat-hygenic\/cat-ceams-sprays\/insecticidal-and-acaricidal-spray-for-cats-100-ml\/","og_site_name":"Zooland.az","og_image":[{"width":1500,"height":1500,"url":"https:\/\/zoo-land.az\/wp-content\/uploads\/2024\/06\/68Op5swI-wQ2gVxYi_lkQf9nmz8RdMuXgK2vT3jX0p0.png","type":"image\/png"}],"twitter_card":"summary_large_image","twitter_misc":{"Est. reading time":"1 minute"},"schema":{"@context":"https:\/\/schema.org","@graph":[{"@type":"WebPage","@id":"https:\/\/zoo-land.az\/shop\/cat\/cat-hygenic\/cat-ceams-sprays\/insecticidal-and-acaricidal-spray-for-cats-100-ml\/","url":"https:\/\/zoo-land.az\/shop\/cat\/cat-hygenic\/cat-ceams-sprays\/insecticidal-and-acaricidal-spray-for-cats-100-ml\/","name":"Insecticidal and acaricidal spray for cats 100 ml - Zooland.az","isPartOf":{"@id":"https:\/\/zoo-land.az\/#website"},"primaryImageOfPage":{"@id":"https:\/\/zoo-land.az\/shop\/cat\/cat-hygenic\/cat-ceams-sprays\/insecticidal-and-acaricidal-spray-for-cats-100-ml\/#primaryimage"},"image":{"@id":"https:\/\/zoo-land.az\/shop\/cat\/cat-hygenic\/cat-ceams-sprays\/insecticidal-and-acaricidal-spray-for-cats-100-ml\/#primaryimage"},"thumbnailUrl":"https:\/\/zoo-land.az\/wp-content\/uploads\/2024\/06\/68Op5swI-wQ2gVxYi_lkQf9nmz8RdMuXgK2vT3jX0p0.png","datePublished":"2024-06-17T09:54:29+00:00","breadcrumb":{"@id":"https:\/\/zoo-land.az\/shop\/cat\/cat-hygenic\/cat-ceams-sprays\/insecticidal-and-acaricidal-spray-for-cats-100-ml\/#breadcrumb"},"inLanguage":"az","potentialAction":[{"@type":"ReadAction","target":["https:\/\/zoo-land.az\/shop\/cat\/cat-hygenic\/cat-ceams-sprays\/insecticidal-and-acaricidal-spray-for-cats-100-ml\/"]}]},{"@type":"ImageObject","inLanguage":"az","@id":"https:\/\/zoo-land.az\/shop\/cat\/cat-hygenic\/cat-ceams-sprays\/insecticidal-and-acaricidal-spray-for-cats-100-ml\/#primaryimage","url":"https:\/\/zoo-land.az\/wp-content\/uploads\/2024\/06\/68Op5swI-wQ2gVxYi_lkQf9nmz8RdMuXgK2vT3jX0p0.png","contentUrl":"https:\/\/zoo-land.az\/wp-content\/uploads\/2024\/06\/68Op5swI-wQ2gVxYi_lkQf9nmz8RdMuXgK2vT3jX0p0.png","width":1500,"height":1500},{"@type":"BreadcrumbList","@id":"https:\/\/zoo-land.az\/shop\/cat\/cat-hygenic\/cat-ceams-sprays\/insecticidal-and-acaricidal-spray-for-cats-100-ml\/#breadcrumb","itemListElement":[{"@type":"ListItem","position":1,"name":"Home","item":"https:\/\/zoo-land.az\/ru\/"},{"@type":"ListItem","position":2,"name":"Shop","item":"https:\/\/zoo-land.az\/ru\/"},{"@type":"ListItem","position":3,"name":"Insecticidal and acaricidal spray for cats 100 ml"}]},{"@type":"WebSite","@id":"https:\/\/zoo-land.az\/#website","url":"https:\/\/zoo-land.az\/","name":"Zooland.az","description":"Xo\u015fb\u0259xt ev heyvanlar\u0131n\u0131n \u00fcnvan\u0131 Zooland.az","publisher":{"@id":"https:\/\/zoo-land.az\/#organization"},"potentialAction":[{"@type":"SearchAction","target":{"@type":"EntryPoint","urlTemplate":"https:\/\/zoo-land.az\/?s={search_term_string}"},"query-input":{"@type":"PropertyValueSpecification","valueRequired":true,"valueName":"search_term_string"}}],"inLanguage":"az"},{"@type":"Organization","@id":"https:\/\/zoo-land.az\/#organization","name":"Zooland.az","url":"https:\/\/zoo-land.az\/","logo":{"@type":"ImageObject","inLanguage":"az","@id":"https:\/\/zoo-land.az\/#\/schema\/logo\/image\/","url":"https:\/\/zoo-land.az\/wp-content\/uploads\/2022\/05\/logo.svg","contentUrl":"https:\/\/zoo-land.az\/wp-content\/uploads\/2022\/05\/logo.svg","width":113,"height":46,"caption":"Zooland.az"},"image":{"@id":"https:\/\/zoo-land.az\/#\/schema\/logo\/image\/"}}]}},"_links":{"self":[{"href":"https:\/\/zoo-land.az\/az\/wp-json\/wp\/v2\/product\/23801","targetHints":{"allow":["GET"]}}],"collection":[{"href":"https:\/\/zoo-land.az\/az\/wp-json\/wp\/v2\/product"}],"about":[{"href":"https:\/\/zoo-land.az\/az\/wp-json\/wp\/v2\/types\/product"}],"wp:featuredmedia":[{"embeddable":true,"href":"https:\/\/zoo-land.az\/az\/wp-json\/wp\/v2\/media\/23802"}],"wp:attachment":[{"href":"https:\/\/zoo-land.az\/az\/wp-json\/wp\/v2\/media?parent=23801"}],"wp:term":[{"taxonomy":"product_cat","embeddable":true,"href":"https:\/\/zoo-land.az\/az\/wp-json\/wp\/v2\/product_cat?post=23801"},{"taxonomy":"product_tag","embeddable":true,"href":"https:\/\/zoo-land.az\/az\/wp-json\/wp\/v2\/product_tag?post=23801"}],"curies":[{"name":"wp","href":"https:\/\/api.w.org\/{rel}","templated":true}]}}