{"id":23803,"date":"2024-06-17T09:57:28","date_gmt":"2024-06-17T09:57:28","guid":{"rendered":"https:\/\/lightsteelblue-zebra-299715.hostingersite.com\/?post_type=product&#038;p=23803"},"modified":"2024-06-17T09:57:28","modified_gmt":"2024-06-17T09:57:28","slug":"dana-insecticidal-and-acaricidal-spray-for-dogs-100-ml","status":"publish","type":"product","link":"https:\/\/zoo-land.az\/az\/shop\/dog\/dog-hygenic\/dog-creams-sprays\/dana-insecticidal-and-acaricidal-spray-for-dogs-100-ml\/","title":{"rendered":"Dana insecticidal and acaricidal spray for dogs 100 ml"},"content":{"rendered":"<p>Immediate effect, guaranteeing protection against external parasites, including fleas and ixodid ticks, immediately after application.<\/p>\n<p>Powerful repellent action for up to 10 days.<\/p>\n<p>Quick and effective treatment of the animal&#8217;s living environment.<\/p>\n<p>Additional cosmetic effect due to the inclusion of glycerin and citric acid.<\/p>","protected":false},"excerpt":{"rendered":"<p>Immediate effect, guaranteeing protection against external parasites, including fleas and ixodid ticks, immediately after application.<\/p>","protected":false},"featured_media":23804,"template":"","meta":{"inline_featured_image":false,"_joinchat":[]},"product_cat":[174,107,166],"product_tag":[],"class_list":{"0":"post-23803","1":"product","2":"type-product","3":"status-publish","4":"has-post-thumbnail","6":"product_brand-apicenna","7":"product_cat-dog-creams-sprays","8":"product_cat-dog","9":"product_cat-dog-hygenic","11":"first","12":"instock","13":"shipping-taxable","14":"purchasable","15":"product-type-simple"},"yoast_head":"<!-- This site is optimized with the Yoast SEO plugin v26.7 - https:\/\/yoast.com\/wordpress\/plugins\/seo\/ -->\n<title>Dana insecticidal and acaricidal spray for dogs 100 ml - Zooland.az<\/title>\n<meta name=\"robots\" content=\"index, follow, max-snippet:-1, max-image-preview:large, max-video-preview:-1\" \/>\n<link rel=\"canonical\" href=\"https:\/\/zoo-land.az\/az\/shop\/dog\/dog-hygenic\/dog-creams-sprays\/dana-insecticidal-and-acaricidal-spray-for-dogs-100-ml\/\" \/>\n<meta property=\"og:locale\" content=\"az_AZ\" \/>\n<meta property=\"og:type\" content=\"article\" \/>\n<meta property=\"og:title\" content=\"Dana insecticidal and acaricidal spray for dogs 100 ml - Zooland.az\" \/>\n<meta property=\"og:description\" content=\"Immediate effect, guaranteeing protection against external parasites, including fleas and ixodid ticks, immediately after application.\" \/>\n<meta property=\"og:url\" content=\"https:\/\/zoo-land.az\/az\/shop\/dog\/dog-hygenic\/dog-creams-sprays\/dana-insecticidal-and-acaricidal-spray-for-dogs-100-ml\/\" \/>\n<meta property=\"og:site_name\" content=\"Zooland.az\" \/>\n<meta property=\"og:image\" content=\"https:\/\/zoo-land.az\/wp-content\/uploads\/2024\/06\/824505-5c3ec7e173a92e42c79fd0c87e9bca09.jpg\" \/>\n\t<meta property=\"og:image:width\" content=\"840\" \/>\n\t<meta property=\"og:image:height\" content=\"1847\" \/>\n\t<meta property=\"og:image:type\" content=\"image\/jpeg\" \/>\n<meta name=\"twitter:card\" content=\"summary_large_image\" \/>\n<meta name=\"twitter:label1\" content=\"Est. reading time\" \/>\n\t<meta name=\"twitter:data1\" content=\"1 minute\" \/>\n<script type=\"application\/ld+json\" class=\"yoast-schema-graph\">{\"@context\":\"https:\/\/schema.org\",\"@graph\":[{\"@type\":\"WebPage\",\"@id\":\"https:\/\/zoo-land.az\/az\/shop\/dog\/dog-hygenic\/dog-creams-sprays\/dana-insecticidal-and-acaricidal-spray-for-dogs-100-ml\/\",\"url\":\"https:\/\/zoo-land.az\/az\/shop\/dog\/dog-hygenic\/dog-creams-sprays\/dana-insecticidal-and-acaricidal-spray-for-dogs-100-ml\/\",\"name\":\"Dana insecticidal and acaricidal spray for dogs 100 ml - Zooland.az\",\"isPartOf\":{\"@id\":\"https:\/\/zoo-land.az\/#website\"},\"primaryImageOfPage\":{\"@id\":\"https:\/\/zoo-land.az\/az\/shop\/dog\/dog-hygenic\/dog-creams-sprays\/dana-insecticidal-and-acaricidal-spray-for-dogs-100-ml\/#primaryimage\"},\"image\":{\"@id\":\"https:\/\/zoo-land.az\/az\/shop\/dog\/dog-hygenic\/dog-creams-sprays\/dana-insecticidal-and-acaricidal-spray-for-dogs-100-ml\/#primaryimage\"},\"thumbnailUrl\":\"https:\/\/zoo-land.az\/wp-content\/uploads\/2024\/06\/824505-5c3ec7e173a92e42c79fd0c87e9bca09.jpg\",\"datePublished\":\"2024-06-17T09:57:28+00:00\",\"breadcrumb\":{\"@id\":\"https:\/\/zoo-land.az\/az\/shop\/dog\/dog-hygenic\/dog-creams-sprays\/dana-insecticidal-and-acaricidal-spray-for-dogs-100-ml\/#breadcrumb\"},\"inLanguage\":\"az\",\"potentialAction\":[{\"@type\":\"ReadAction\",\"target\":[\"https:\/\/zoo-land.az\/az\/shop\/dog\/dog-hygenic\/dog-creams-sprays\/dana-insecticidal-and-acaricidal-spray-for-dogs-100-ml\/\"]}]},{\"@type\":\"ImageObject\",\"inLanguage\":\"az\",\"@id\":\"https:\/\/zoo-land.az\/az\/shop\/dog\/dog-hygenic\/dog-creams-sprays\/dana-insecticidal-and-acaricidal-spray-for-dogs-100-ml\/#primaryimage\",\"url\":\"https:\/\/zoo-land.az\/wp-content\/uploads\/2024\/06\/824505-5c3ec7e173a92e42c79fd0c87e9bca09.jpg\",\"contentUrl\":\"https:\/\/zoo-land.az\/wp-content\/uploads\/2024\/06\/824505-5c3ec7e173a92e42c79fd0c87e9bca09.jpg\",\"width\":840,\"height\":1847},{\"@type\":\"BreadcrumbList\",\"@id\":\"https:\/\/zoo-land.az\/az\/shop\/dog\/dog-hygenic\/dog-creams-sprays\/dana-insecticidal-and-acaricidal-spray-for-dogs-100-ml\/#breadcrumb\",\"itemListElement\":[{\"@type\":\"ListItem\",\"position\":1,\"name\":\"Home\",\"item\":\"https:\/\/zoo-land.az\/ru\/\"},{\"@type\":\"ListItem\",\"position\":2,\"name\":\"Shop\",\"item\":\"https:\/\/zoo-land.az\/ru\/\"},{\"@type\":\"ListItem\",\"position\":3,\"name\":\"Dana insecticidal and acaricidal spray for dogs 100 ml\"}]},{\"@type\":\"WebSite\",\"@id\":\"https:\/\/zoo-land.az\/#website\",\"url\":\"https:\/\/zoo-land.az\/\",\"name\":\"Zooland.az\",\"description\":\"Xo\u015fb\u0259xt ev heyvanlar\u0131n\u0131n \u00fcnvan\u0131 Zooland.az\",\"publisher\":{\"@id\":\"https:\/\/zoo-land.az\/#organization\"},\"potentialAction\":[{\"@type\":\"SearchAction\",\"target\":{\"@type\":\"EntryPoint\",\"urlTemplate\":\"https:\/\/zoo-land.az\/?s={search_term_string}\"},\"query-input\":{\"@type\":\"PropertyValueSpecification\",\"valueRequired\":true,\"valueName\":\"search_term_string\"}}],\"inLanguage\":\"az\"},{\"@type\":\"Organization\",\"@id\":\"https:\/\/zoo-land.az\/#organization\",\"name\":\"Zooland.az\",\"url\":\"https:\/\/zoo-land.az\/\",\"logo\":{\"@type\":\"ImageObject\",\"inLanguage\":\"az\",\"@id\":\"https:\/\/zoo-land.az\/#\/schema\/logo\/image\/\",\"url\":\"https:\/\/zoo-land.az\/wp-content\/uploads\/2022\/05\/logo.svg\",\"contentUrl\":\"https:\/\/zoo-land.az\/wp-content\/uploads\/2022\/05\/logo.svg\",\"width\":113,\"height\":46,\"caption\":\"Zooland.az\"},\"image\":{\"@id\":\"https:\/\/zoo-land.az\/#\/schema\/logo\/image\/\"}}]}<\/script>\n<!-- \/ Yoast SEO plugin. -->","yoast_head_json":{"title":"Dana insecticidal and acaricidal spray for dogs 100 ml - Zooland.az","robots":{"index":"index","follow":"follow","max-snippet":"max-snippet:-1","max-image-preview":"max-image-preview:large","max-video-preview":"max-video-preview:-1"},"canonical":"https:\/\/zoo-land.az\/az\/shop\/dog\/dog-hygenic\/dog-creams-sprays\/dana-insecticidal-and-acaricidal-spray-for-dogs-100-ml\/","og_locale":"az_AZ","og_type":"article","og_title":"Dana insecticidal and acaricidal spray for dogs 100 ml - Zooland.az","og_description":"Immediate effect, guaranteeing protection against external parasites, including fleas and ixodid ticks, immediately after application.","og_url":"https:\/\/zoo-land.az\/az\/shop\/dog\/dog-hygenic\/dog-creams-sprays\/dana-insecticidal-and-acaricidal-spray-for-dogs-100-ml\/","og_site_name":"Zooland.az","og_image":[{"width":840,"height":1847,"url":"https:\/\/zoo-land.az\/wp-content\/uploads\/2024\/06\/824505-5c3ec7e173a92e42c79fd0c87e9bca09.jpg","type":"image\/jpeg"}],"twitter_card":"summary_large_image","twitter_misc":{"Est. reading time":"1 minute"},"schema":{"@context":"https:\/\/schema.org","@graph":[{"@type":"WebPage","@id":"https:\/\/zoo-land.az\/az\/shop\/dog\/dog-hygenic\/dog-creams-sprays\/dana-insecticidal-and-acaricidal-spray-for-dogs-100-ml\/","url":"https:\/\/zoo-land.az\/az\/shop\/dog\/dog-hygenic\/dog-creams-sprays\/dana-insecticidal-and-acaricidal-spray-for-dogs-100-ml\/","name":"Dana insecticidal and acaricidal spray for dogs 100 ml - Zooland.az","isPartOf":{"@id":"https:\/\/zoo-land.az\/#website"},"primaryImageOfPage":{"@id":"https:\/\/zoo-land.az\/az\/shop\/dog\/dog-hygenic\/dog-creams-sprays\/dana-insecticidal-and-acaricidal-spray-for-dogs-100-ml\/#primaryimage"},"image":{"@id":"https:\/\/zoo-land.az\/az\/shop\/dog\/dog-hygenic\/dog-creams-sprays\/dana-insecticidal-and-acaricidal-spray-for-dogs-100-ml\/#primaryimage"},"thumbnailUrl":"https:\/\/zoo-land.az\/wp-content\/uploads\/2024\/06\/824505-5c3ec7e173a92e42c79fd0c87e9bca09.jpg","datePublished":"2024-06-17T09:57:28+00:00","breadcrumb":{"@id":"https:\/\/zoo-land.az\/az\/shop\/dog\/dog-hygenic\/dog-creams-sprays\/dana-insecticidal-and-acaricidal-spray-for-dogs-100-ml\/#breadcrumb"},"inLanguage":"az","potentialAction":[{"@type":"ReadAction","target":["https:\/\/zoo-land.az\/az\/shop\/dog\/dog-hygenic\/dog-creams-sprays\/dana-insecticidal-and-acaricidal-spray-for-dogs-100-ml\/"]}]},{"@type":"ImageObject","inLanguage":"az","@id":"https:\/\/zoo-land.az\/az\/shop\/dog\/dog-hygenic\/dog-creams-sprays\/dana-insecticidal-and-acaricidal-spray-for-dogs-100-ml\/#primaryimage","url":"https:\/\/zoo-land.az\/wp-content\/uploads\/2024\/06\/824505-5c3ec7e173a92e42c79fd0c87e9bca09.jpg","contentUrl":"https:\/\/zoo-land.az\/wp-content\/uploads\/2024\/06\/824505-5c3ec7e173a92e42c79fd0c87e9bca09.jpg","width":840,"height":1847},{"@type":"BreadcrumbList","@id":"https:\/\/zoo-land.az\/az\/shop\/dog\/dog-hygenic\/dog-creams-sprays\/dana-insecticidal-and-acaricidal-spray-for-dogs-100-ml\/#breadcrumb","itemListElement":[{"@type":"ListItem","position":1,"name":"Home","item":"https:\/\/zoo-land.az\/ru\/"},{"@type":"ListItem","position":2,"name":"Shop","item":"https:\/\/zoo-land.az\/ru\/"},{"@type":"ListItem","position":3,"name":"Dana insecticidal and acaricidal spray for dogs 100 ml"}]},{"@type":"WebSite","@id":"https:\/\/zoo-land.az\/#website","url":"https:\/\/zoo-land.az\/","name":"Zooland.az","description":"Xo\u015fb\u0259xt ev heyvanlar\u0131n\u0131n \u00fcnvan\u0131 Zooland.az","publisher":{"@id":"https:\/\/zoo-land.az\/#organization"},"potentialAction":[{"@type":"SearchAction","target":{"@type":"EntryPoint","urlTemplate":"https:\/\/zoo-land.az\/?s={search_term_string}"},"query-input":{"@type":"PropertyValueSpecification","valueRequired":true,"valueName":"search_term_string"}}],"inLanguage":"az"},{"@type":"Organization","@id":"https:\/\/zoo-land.az\/#organization","name":"Zooland.az","url":"https:\/\/zoo-land.az\/","logo":{"@type":"ImageObject","inLanguage":"az","@id":"https:\/\/zoo-land.az\/#\/schema\/logo\/image\/","url":"https:\/\/zoo-land.az\/wp-content\/uploads\/2022\/05\/logo.svg","contentUrl":"https:\/\/zoo-land.az\/wp-content\/uploads\/2022\/05\/logo.svg","width":113,"height":46,"caption":"Zooland.az"},"image":{"@id":"https:\/\/zoo-land.az\/#\/schema\/logo\/image\/"}}]}},"_links":{"self":[{"href":"https:\/\/zoo-land.az\/az\/wp-json\/wp\/v2\/product\/23803","targetHints":{"allow":["GET"]}}],"collection":[{"href":"https:\/\/zoo-land.az\/az\/wp-json\/wp\/v2\/product"}],"about":[{"href":"https:\/\/zoo-land.az\/az\/wp-json\/wp\/v2\/types\/product"}],"wp:featuredmedia":[{"embeddable":true,"href":"https:\/\/zoo-land.az\/az\/wp-json\/wp\/v2\/media\/23804"}],"wp:attachment":[{"href":"https:\/\/zoo-land.az\/az\/wp-json\/wp\/v2\/media?parent=23803"}],"wp:term":[{"taxonomy":"product_cat","embeddable":true,"href":"https:\/\/zoo-land.az\/az\/wp-json\/wp\/v2\/product_cat?post=23803"},{"taxonomy":"product_tag","embeddable":true,"href":"https:\/\/zoo-land.az\/az\/wp-json\/wp\/v2\/product_tag?post=23803"}],"curies":[{"name":"wp","href":"https:\/\/api.w.org\/{rel}","templated":true}]}}