{"id":23813,"date":"2024-06-17T10:09:59","date_gmt":"2024-06-17T10:09:59","guid":{"rendered":"https:\/\/lightsteelblue-zebra-299715.hostingersite.com\/?post_type=product&#038;p=23813"},"modified":"2024-06-17T10:12:05","modified_gmt":"2024-06-17T10:12:05","slug":"npsc-veterinary-diet-gastro-adult-white-fish-10-kg","status":"publish","type":"product","link":"https:\/\/zoo-land.az\/az\/shop\/dog\/dog-food\/npsc-veterinary-diet-gastro-adult-white-fish-10-kg\/","title":{"rendered":"NPSC Veterinary Diet Gastro Adult White Fish 10 kg"},"content":{"rendered":"<p>NATURE&#8217;S PROTECTION SUPERIOR CARE VETERINARY DIET Gastrointestinal for Adult All Breed Dogs with White Fish is a Super Premium complete and well-balanced dry dog food specially formulated to meet the specific health needs of dogs with certain medical conditions. These types of food provide the veterinary diet with an efficient balance of nutrients and support the pet&#8217;s health and well-being. The composition of this product is formulated to soothe the digestive tract, promote healthy digestion, and control symptoms such as digestive issues, chronic diarrhea, or vomiting.<\/p>","protected":false},"excerpt":{"rendered":"<p>NATURE&#8217;S PROTECTION SUPERIOR CARE VETERINARY DIET Gastrointestinal for Adult All Breed Dogs with White Fish is a Super Premium complete and well-balanced dry dog food specially formulated to meet the specific health needs of dogs with certain medical conditions. These types of food provide the veterinary diet with an efficient balance of nutrients and support the pet&#8217;s health and well-being. The composition of this product is formulated to soothe the digestive tract, promote healthy digestion, and control symptoms such as digestive issues, chronic diarrhea, or vomiting.<\/p>","protected":false},"featured_media":22071,"template":"","meta":{"inline_featured_image":false,"_joinchat":[]},"product_cat":[132,107],"product_tag":[],"class_list":{"0":"post-23813","1":"product","2":"type-product","3":"status-publish","4":"has-post-thumbnail","6":"product_brand-natures-protection","7":"product_cat-dog-food","8":"product_cat-dog","10":"first","11":"instock","12":"shipping-taxable","13":"purchasable","14":"product-type-simple"},"yoast_head":"<!-- This site is optimized with the Yoast SEO plugin v26.7 - https:\/\/yoast.com\/wordpress\/plugins\/seo\/ -->\n<title>NPSC Veterinary Diet Gastro Adult White Fish 10 kg - Zooland.az<\/title>\n<meta name=\"robots\" content=\"index, follow, max-snippet:-1, max-image-preview:large, max-video-preview:-1\" \/>\n<link rel=\"canonical\" href=\"https:\/\/zoo-land.az\/az\/shop\/dog\/dog-food\/npsc-veterinary-diet-gastro-adult-white-fish-10-kg\/\" \/>\n<meta property=\"og:locale\" content=\"az_AZ\" \/>\n<meta property=\"og:type\" content=\"article\" \/>\n<meta property=\"og:title\" content=\"NPSC Veterinary Diet Gastro Adult White Fish 10 kg - Zooland.az\" \/>\n<meta property=\"og:description\" content=\"NATURE&#039;S PROTECTION SUPERIOR CARE VETERINARY DIET Gastrointestinal for Adult All Breed Dogs with White Fish is a Super Premium complete and well-balanced dry dog food specially formulated to meet the specific health needs of dogs with certain medical conditions. These types of food provide the veterinary diet with an efficient balance of nutrients and support the pet&#039;s health and well-being. The composition of this product is formulated to soothe the digestive tract, promote healthy digestion, and control symptoms such as digestive issues, chronic diarrhea, or vomiting.\" \/>\n<meta property=\"og:url\" content=\"https:\/\/zoo-land.az\/az\/shop\/dog\/dog-food\/npsc-veterinary-diet-gastro-adult-white-fish-10-kg\/\" \/>\n<meta property=\"og:site_name\" content=\"Zooland.az\" \/>\n<meta property=\"article:modified_time\" content=\"2024-06-17T10:12:05+00:00\" \/>\n<meta property=\"og:image\" content=\"https:\/\/zoo-land.az\/wp-content\/uploads\/2024\/05\/3848980_800x600.jpg\" \/>\n\t<meta property=\"og:image:width\" content=\"355\" \/>\n\t<meta property=\"og:image:height\" content=\"600\" \/>\n\t<meta property=\"og:image:type\" content=\"image\/jpeg\" \/>\n<meta name=\"twitter:card\" content=\"summary_large_image\" \/>\n<meta name=\"twitter:label1\" content=\"Est. reading time\" \/>\n\t<meta name=\"twitter:data1\" content=\"1 minute\" \/>\n<script type=\"application\/ld+json\" class=\"yoast-schema-graph\">{\"@context\":\"https:\/\/schema.org\",\"@graph\":[{\"@type\":\"WebPage\",\"@id\":\"https:\/\/zoo-land.az\/ru\/shop\/dog\/dog-food\/npsc-veterinary-diet-gastro-adult-white-fish-10-kg\/\",\"url\":\"https:\/\/zoo-land.az\/ru\/shop\/dog\/dog-food\/npsc-veterinary-diet-gastro-adult-white-fish-10-kg\/\",\"name\":\"NPSC Veterinary Diet Gastro Adult White Fish 10 kg - Zooland.az\",\"isPartOf\":{\"@id\":\"https:\/\/zoo-land.az\/#website\"},\"primaryImageOfPage\":{\"@id\":\"https:\/\/zoo-land.az\/ru\/shop\/dog\/dog-food\/npsc-veterinary-diet-gastro-adult-white-fish-10-kg\/#primaryimage\"},\"image\":{\"@id\":\"https:\/\/zoo-land.az\/ru\/shop\/dog\/dog-food\/npsc-veterinary-diet-gastro-adult-white-fish-10-kg\/#primaryimage\"},\"thumbnailUrl\":\"https:\/\/zoo-land.az\/wp-content\/uploads\/2024\/05\/3848980_800x600.jpg\",\"datePublished\":\"2024-06-17T10:09:59+00:00\",\"dateModified\":\"2024-06-17T10:12:05+00:00\",\"breadcrumb\":{\"@id\":\"https:\/\/zoo-land.az\/ru\/shop\/dog\/dog-food\/npsc-veterinary-diet-gastro-adult-white-fish-10-kg\/#breadcrumb\"},\"inLanguage\":\"az\",\"potentialAction\":[{\"@type\":\"ReadAction\",\"target\":[\"https:\/\/zoo-land.az\/ru\/shop\/dog\/dog-food\/npsc-veterinary-diet-gastro-adult-white-fish-10-kg\/\"]}]},{\"@type\":\"ImageObject\",\"inLanguage\":\"az\",\"@id\":\"https:\/\/zoo-land.az\/ru\/shop\/dog\/dog-food\/npsc-veterinary-diet-gastro-adult-white-fish-10-kg\/#primaryimage\",\"url\":\"https:\/\/zoo-land.az\/wp-content\/uploads\/2024\/05\/3848980_800x600.jpg\",\"contentUrl\":\"https:\/\/zoo-land.az\/wp-content\/uploads\/2024\/05\/3848980_800x600.jpg\",\"width\":355,\"height\":600},{\"@type\":\"BreadcrumbList\",\"@id\":\"https:\/\/zoo-land.az\/ru\/shop\/dog\/dog-food\/npsc-veterinary-diet-gastro-adult-white-fish-10-kg\/#breadcrumb\",\"itemListElement\":[{\"@type\":\"ListItem\",\"position\":1,\"name\":\"Home\",\"item\":\"https:\/\/zoo-land.az\/ru\/\"},{\"@type\":\"ListItem\",\"position\":2,\"name\":\"Shop\",\"item\":\"https:\/\/zoo-land.az\/ru\/\"},{\"@type\":\"ListItem\",\"position\":3,\"name\":\"NPSC Veterinary Diet Gastro Adult White Fish 10 kg\"}]},{\"@type\":\"WebSite\",\"@id\":\"https:\/\/zoo-land.az\/#website\",\"url\":\"https:\/\/zoo-land.az\/\",\"name\":\"Zooland.az\",\"description\":\"Xo\u015fb\u0259xt ev heyvanlar\u0131n\u0131n \u00fcnvan\u0131 Zooland.az\",\"publisher\":{\"@id\":\"https:\/\/zoo-land.az\/#organization\"},\"potentialAction\":[{\"@type\":\"SearchAction\",\"target\":{\"@type\":\"EntryPoint\",\"urlTemplate\":\"https:\/\/zoo-land.az\/?s={search_term_string}\"},\"query-input\":{\"@type\":\"PropertyValueSpecification\",\"valueRequired\":true,\"valueName\":\"search_term_string\"}}],\"inLanguage\":\"az\"},{\"@type\":\"Organization\",\"@id\":\"https:\/\/zoo-land.az\/#organization\",\"name\":\"Zooland.az\",\"url\":\"https:\/\/zoo-land.az\/\",\"logo\":{\"@type\":\"ImageObject\",\"inLanguage\":\"az\",\"@id\":\"https:\/\/zoo-land.az\/#\/schema\/logo\/image\/\",\"url\":\"https:\/\/zoo-land.az\/wp-content\/uploads\/2022\/05\/logo.svg\",\"contentUrl\":\"https:\/\/zoo-land.az\/wp-content\/uploads\/2022\/05\/logo.svg\",\"width\":113,\"height\":46,\"caption\":\"Zooland.az\"},\"image\":{\"@id\":\"https:\/\/zoo-land.az\/#\/schema\/logo\/image\/\"}}]}<\/script>\n<!-- \/ Yoast SEO plugin. -->","yoast_head_json":{"title":"NPSC Veterinary Diet Gastro Adult White Fish 10 kg - Zooland.az","robots":{"index":"index","follow":"follow","max-snippet":"max-snippet:-1","max-image-preview":"max-image-preview:large","max-video-preview":"max-video-preview:-1"},"canonical":"https:\/\/zoo-land.az\/az\/shop\/dog\/dog-food\/npsc-veterinary-diet-gastro-adult-white-fish-10-kg\/","og_locale":"az_AZ","og_type":"article","og_title":"NPSC Veterinary Diet Gastro Adult White Fish 10 kg - Zooland.az","og_description":"NATURE'S PROTECTION SUPERIOR CARE VETERINARY DIET Gastrointestinal for Adult All Breed Dogs with White Fish is a Super Premium complete and well-balanced dry dog food specially formulated to meet the specific health needs of dogs with certain medical conditions. These types of food provide the veterinary diet with an efficient balance of nutrients and support the pet's health and well-being. The composition of this product is formulated to soothe the digestive tract, promote healthy digestion, and control symptoms such as digestive issues, chronic diarrhea, or vomiting.","og_url":"https:\/\/zoo-land.az\/az\/shop\/dog\/dog-food\/npsc-veterinary-diet-gastro-adult-white-fish-10-kg\/","og_site_name":"Zooland.az","article_modified_time":"2024-06-17T10:12:05+00:00","og_image":[{"width":355,"height":600,"url":"https:\/\/zoo-land.az\/wp-content\/uploads\/2024\/05\/3848980_800x600.jpg","type":"image\/jpeg"}],"twitter_card":"summary_large_image","twitter_misc":{"Est. reading time":"1 minute"},"schema":{"@context":"https:\/\/schema.org","@graph":[{"@type":"WebPage","@id":"https:\/\/zoo-land.az\/ru\/shop\/dog\/dog-food\/npsc-veterinary-diet-gastro-adult-white-fish-10-kg\/","url":"https:\/\/zoo-land.az\/ru\/shop\/dog\/dog-food\/npsc-veterinary-diet-gastro-adult-white-fish-10-kg\/","name":"NPSC Veterinary Diet Gastro Adult White Fish 10 kg - Zooland.az","isPartOf":{"@id":"https:\/\/zoo-land.az\/#website"},"primaryImageOfPage":{"@id":"https:\/\/zoo-land.az\/ru\/shop\/dog\/dog-food\/npsc-veterinary-diet-gastro-adult-white-fish-10-kg\/#primaryimage"},"image":{"@id":"https:\/\/zoo-land.az\/ru\/shop\/dog\/dog-food\/npsc-veterinary-diet-gastro-adult-white-fish-10-kg\/#primaryimage"},"thumbnailUrl":"https:\/\/zoo-land.az\/wp-content\/uploads\/2024\/05\/3848980_800x600.jpg","datePublished":"2024-06-17T10:09:59+00:00","dateModified":"2024-06-17T10:12:05+00:00","breadcrumb":{"@id":"https:\/\/zoo-land.az\/ru\/shop\/dog\/dog-food\/npsc-veterinary-diet-gastro-adult-white-fish-10-kg\/#breadcrumb"},"inLanguage":"az","potentialAction":[{"@type":"ReadAction","target":["https:\/\/zoo-land.az\/ru\/shop\/dog\/dog-food\/npsc-veterinary-diet-gastro-adult-white-fish-10-kg\/"]}]},{"@type":"ImageObject","inLanguage":"az","@id":"https:\/\/zoo-land.az\/ru\/shop\/dog\/dog-food\/npsc-veterinary-diet-gastro-adult-white-fish-10-kg\/#primaryimage","url":"https:\/\/zoo-land.az\/wp-content\/uploads\/2024\/05\/3848980_800x600.jpg","contentUrl":"https:\/\/zoo-land.az\/wp-content\/uploads\/2024\/05\/3848980_800x600.jpg","width":355,"height":600},{"@type":"BreadcrumbList","@id":"https:\/\/zoo-land.az\/ru\/shop\/dog\/dog-food\/npsc-veterinary-diet-gastro-adult-white-fish-10-kg\/#breadcrumb","itemListElement":[{"@type":"ListItem","position":1,"name":"Home","item":"https:\/\/zoo-land.az\/ru\/"},{"@type":"ListItem","position":2,"name":"Shop","item":"https:\/\/zoo-land.az\/ru\/"},{"@type":"ListItem","position":3,"name":"NPSC Veterinary Diet Gastro Adult White Fish 10 kg"}]},{"@type":"WebSite","@id":"https:\/\/zoo-land.az\/#website","url":"https:\/\/zoo-land.az\/","name":"Zooland.az","description":"Xo\u015fb\u0259xt ev heyvanlar\u0131n\u0131n \u00fcnvan\u0131 Zooland.az","publisher":{"@id":"https:\/\/zoo-land.az\/#organization"},"potentialAction":[{"@type":"SearchAction","target":{"@type":"EntryPoint","urlTemplate":"https:\/\/zoo-land.az\/?s={search_term_string}"},"query-input":{"@type":"PropertyValueSpecification","valueRequired":true,"valueName":"search_term_string"}}],"inLanguage":"az"},{"@type":"Organization","@id":"https:\/\/zoo-land.az\/#organization","name":"Zooland.az","url":"https:\/\/zoo-land.az\/","logo":{"@type":"ImageObject","inLanguage":"az","@id":"https:\/\/zoo-land.az\/#\/schema\/logo\/image\/","url":"https:\/\/zoo-land.az\/wp-content\/uploads\/2022\/05\/logo.svg","contentUrl":"https:\/\/zoo-land.az\/wp-content\/uploads\/2022\/05\/logo.svg","width":113,"height":46,"caption":"Zooland.az"},"image":{"@id":"https:\/\/zoo-land.az\/#\/schema\/logo\/image\/"}}]}},"_links":{"self":[{"href":"https:\/\/zoo-land.az\/az\/wp-json\/wp\/v2\/product\/23813","targetHints":{"allow":["GET"]}}],"collection":[{"href":"https:\/\/zoo-land.az\/az\/wp-json\/wp\/v2\/product"}],"about":[{"href":"https:\/\/zoo-land.az\/az\/wp-json\/wp\/v2\/types\/product"}],"wp:featuredmedia":[{"embeddable":true,"href":"https:\/\/zoo-land.az\/az\/wp-json\/wp\/v2\/media\/22071"}],"wp:attachment":[{"href":"https:\/\/zoo-land.az\/az\/wp-json\/wp\/v2\/media?parent=23813"}],"wp:term":[{"taxonomy":"product_cat","embeddable":true,"href":"https:\/\/zoo-land.az\/az\/wp-json\/wp\/v2\/product_cat?post=23813"},{"taxonomy":"product_tag","embeddable":true,"href":"https:\/\/zoo-land.az\/az\/wp-json\/wp\/v2\/product_tag?post=23813"}],"curies":[{"name":"wp","href":"https:\/\/api.w.org\/{rel}","templated":true}]}}