{"id":23821,"date":"2024-06-17T10:45:26","date_gmt":"2024-06-17T10:45:26","guid":{"rendered":"https:\/\/lightsteelblue-zebra-299715.hostingersite.com\/?post_type=product&#038;p=23821"},"modified":"2024-06-17T10:45:27","modified_gmt":"2024-06-17T10:45:27","slug":"gran-carno-adult-rind-400-g","status":"publish","type":"product","link":"https:\/\/zoo-land.az\/az\/shop\/dog\/dog-wetfoods-conserves\/gran-carno-adult-rind-400-g\/","title":{"rendered":"Gran Carno Adult Rind 400 g"},"content":{"rendered":"<p><strong>PRODUCT FEATURES<\/strong> Adult Wet Food for Dogs<\/p>\n<p><strong>DETAILED PRODUCT DESCRIPTION<\/strong> All Animonda canned products are natural and additive-free, without artificial coloring and flavors. They are produced according to the latest scientific findings to support healthy dog nutrition. Animonda&#8217;s range of canned dog food is diversified to meet your dog&#8217;s specific nutritional needs and preferences.<\/p>\n<p><strong>INGREDIENTS<\/strong><\/p>\n<ul>\n<li>Beef 68% (meat, heart, kidney, lung, liver, udder)<\/li>\n<li>31% broth<\/li>\n<li>Kalsium karbonat<\/li>\n<\/ul>\n<p><strong>Analytical components:<\/strong><\/p>\n<ul>\n<li>Protein: 10%<\/li>\n<li>Fat: 7%<\/li>\n<li>Xam lif: 0.5%<\/li>\n<li>Crude ash: 1.8%<\/li>\n<li>Moisture: 78%<\/li>\n<li>Calcium: 0.24%<\/li>\n<li>Phosphorus: 0.2%<\/li>\n<\/ul>\n<p><strong>Nutritional additives (per kg):<\/strong><\/p>\n<ul>\n<li>Vitamin D3: 200 IU<\/li>\n<li>E2: 0.2 mg<\/li>\n<li>E5: 1.5 mg<\/li>\n<li>E6: 10 mg<\/li>\n<\/ul>","protected":false},"excerpt":{"rendered":"<p>All Animonda canned products are natural and additive-free, without artificial coloring and flavors. They are produced according to the latest scientific findings to support healthy dog nutrition. Animonda&#8217;s range of canned dog food is diversified to meet your dog&#8217;s specific nutritional needs and preferences.<\/p>","protected":false},"featured_media":23822,"template":"","meta":{"inline_featured_image":false,"_joinchat":[]},"product_cat":[107,154],"product_tag":[],"class_list":{"0":"post-23821","1":"product","2":"type-product","3":"status-publish","4":"has-post-thumbnail","6":"product_brand-animonda","7":"product_cat-dog","8":"product_cat-dog-wetfoods-conserves","10":"first","11":"instock","12":"shipping-taxable","13":"purchasable","14":"product-type-simple"},"yoast_head":"<!-- This site is optimized with the Yoast SEO plugin v26.7 - https:\/\/yoast.com\/wordpress\/plugins\/seo\/ -->\n<title>Gran Carno Adult Rind 400 g - Zooland.az<\/title>\n<meta name=\"robots\" content=\"index, follow, max-snippet:-1, max-image-preview:large, max-video-preview:-1\" \/>\n<link rel=\"canonical\" href=\"https:\/\/zoo-land.az\/az\/shop\/dog\/dog-wetfoods-conserves\/gran-carno-adult-rind-400-g\/\" \/>\n<meta property=\"og:locale\" content=\"az_AZ\" \/>\n<meta property=\"og:type\" content=\"article\" \/>\n<meta property=\"og:title\" content=\"Gran Carno Adult Rind 400 g - Zooland.az\" \/>\n<meta property=\"og:description\" content=\"All Animonda canned products are natural and additive-free, without artificial coloring and flavors. They are produced according to the latest scientific findings to support healthy dog nutrition. Animonda&#039;s range of canned dog food is diversified to meet your dog&#039;s specific nutritional needs and preferences.\" \/>\n<meta property=\"og:url\" content=\"https:\/\/zoo-land.az\/az\/shop\/dog\/dog-wetfoods-conserves\/gran-carno-adult-rind-400-g\/\" \/>\n<meta property=\"og:site_name\" content=\"Zooland.az\" \/>\n<meta property=\"article:modified_time\" content=\"2024-06-17T10:45:27+00:00\" \/>\n<meta property=\"og:image\" content=\"https:\/\/zoo-land.az\/wp-content\/uploads\/2024\/06\/\u0421\u043d\u0438\u043c\u043e\u043a-\u044d\u043a\u0440\u0430\u043d\u0430-2024-06-17-\u0432-14.27.06.png\" \/>\n\t<meta property=\"og:image:width\" content=\"502\" \/>\n\t<meta property=\"og:image:height\" content=\"816\" \/>\n\t<meta property=\"og:image:type\" content=\"image\/png\" \/>\n<meta name=\"twitter:card\" content=\"summary_large_image\" \/>\n<meta name=\"twitter:label1\" content=\"Est. reading time\" \/>\n\t<meta name=\"twitter:data1\" content=\"1 minute\" \/>\n<script type=\"application\/ld+json\" class=\"yoast-schema-graph\">{\"@context\":\"https:\/\/schema.org\",\"@graph\":[{\"@type\":\"WebPage\",\"@id\":\"https:\/\/zoo-land.az\/shop\/dog\/dog-wetfoods-conserves\/gran-carno-adult-rind-400-g\/\",\"url\":\"https:\/\/zoo-land.az\/shop\/dog\/dog-wetfoods-conserves\/gran-carno-adult-rind-400-g\/\",\"name\":\"Gran Carno Adult Rind 400 g - Zooland.az\",\"isPartOf\":{\"@id\":\"https:\/\/zoo-land.az\/#website\"},\"primaryImageOfPage\":{\"@id\":\"https:\/\/zoo-land.az\/shop\/dog\/dog-wetfoods-conserves\/gran-carno-adult-rind-400-g\/#primaryimage\"},\"image\":{\"@id\":\"https:\/\/zoo-land.az\/shop\/dog\/dog-wetfoods-conserves\/gran-carno-adult-rind-400-g\/#primaryimage\"},\"thumbnailUrl\":\"https:\/\/zoo-land.az\/wp-content\/uploads\/2024\/06\/\u0421\u043d\u0438\u043c\u043e\u043a-\u044d\u043a\u0440\u0430\u043d\u0430-2024-06-17-\u0432-14.27.06.png\",\"datePublished\":\"2024-06-17T10:45:26+00:00\",\"dateModified\":\"2024-06-17T10:45:27+00:00\",\"breadcrumb\":{\"@id\":\"https:\/\/zoo-land.az\/shop\/dog\/dog-wetfoods-conserves\/gran-carno-adult-rind-400-g\/#breadcrumb\"},\"inLanguage\":\"az\",\"potentialAction\":[{\"@type\":\"ReadAction\",\"target\":[\"https:\/\/zoo-land.az\/shop\/dog\/dog-wetfoods-conserves\/gran-carno-adult-rind-400-g\/\"]}]},{\"@type\":\"ImageObject\",\"inLanguage\":\"az\",\"@id\":\"https:\/\/zoo-land.az\/shop\/dog\/dog-wetfoods-conserves\/gran-carno-adult-rind-400-g\/#primaryimage\",\"url\":\"https:\/\/zoo-land.az\/wp-content\/uploads\/2024\/06\/\u0421\u043d\u0438\u043c\u043e\u043a-\u044d\u043a\u0440\u0430\u043d\u0430-2024-06-17-\u0432-14.27.06.png\",\"contentUrl\":\"https:\/\/zoo-land.az\/wp-content\/uploads\/2024\/06\/\u0421\u043d\u0438\u043c\u043e\u043a-\u044d\u043a\u0440\u0430\u043d\u0430-2024-06-17-\u0432-14.27.06.png\",\"width\":502,\"height\":816},{\"@type\":\"BreadcrumbList\",\"@id\":\"https:\/\/zoo-land.az\/shop\/dog\/dog-wetfoods-conserves\/gran-carno-adult-rind-400-g\/#breadcrumb\",\"itemListElement\":[{\"@type\":\"ListItem\",\"position\":1,\"name\":\"Home\",\"item\":\"https:\/\/zoo-land.az\/ru\/\"},{\"@type\":\"ListItem\",\"position\":2,\"name\":\"Shop\",\"item\":\"https:\/\/zoo-land.az\/ru\/\"},{\"@type\":\"ListItem\",\"position\":3,\"name\":\"Gran Carno Adult Rind 400 g\"}]},{\"@type\":\"WebSite\",\"@id\":\"https:\/\/zoo-land.az\/#website\",\"url\":\"https:\/\/zoo-land.az\/\",\"name\":\"Zooland.az\",\"description\":\"Xo\u015fb\u0259xt ev heyvanlar\u0131n\u0131n \u00fcnvan\u0131 Zooland.az\",\"publisher\":{\"@id\":\"https:\/\/zoo-land.az\/#organization\"},\"potentialAction\":[{\"@type\":\"SearchAction\",\"target\":{\"@type\":\"EntryPoint\",\"urlTemplate\":\"https:\/\/zoo-land.az\/?s={search_term_string}\"},\"query-input\":{\"@type\":\"PropertyValueSpecification\",\"valueRequired\":true,\"valueName\":\"search_term_string\"}}],\"inLanguage\":\"az\"},{\"@type\":\"Organization\",\"@id\":\"https:\/\/zoo-land.az\/#organization\",\"name\":\"Zooland.az\",\"url\":\"https:\/\/zoo-land.az\/\",\"logo\":{\"@type\":\"ImageObject\",\"inLanguage\":\"az\",\"@id\":\"https:\/\/zoo-land.az\/#\/schema\/logo\/image\/\",\"url\":\"https:\/\/zoo-land.az\/wp-content\/uploads\/2022\/05\/logo.svg\",\"contentUrl\":\"https:\/\/zoo-land.az\/wp-content\/uploads\/2022\/05\/logo.svg\",\"width\":113,\"height\":46,\"caption\":\"Zooland.az\"},\"image\":{\"@id\":\"https:\/\/zoo-land.az\/#\/schema\/logo\/image\/\"}}]}<\/script>\n<!-- \/ Yoast SEO plugin. -->","yoast_head_json":{"title":"Gran Carno Adult Rind 400 g - Zooland.az","robots":{"index":"index","follow":"follow","max-snippet":"max-snippet:-1","max-image-preview":"max-image-preview:large","max-video-preview":"max-video-preview:-1"},"canonical":"https:\/\/zoo-land.az\/az\/shop\/dog\/dog-wetfoods-conserves\/gran-carno-adult-rind-400-g\/","og_locale":"az_AZ","og_type":"article","og_title":"Gran Carno Adult Rind 400 g - Zooland.az","og_description":"All Animonda canned products are natural and additive-free, without artificial coloring and flavors. They are produced according to the latest scientific findings to support healthy dog nutrition. Animonda's range of canned dog food is diversified to meet your dog's specific nutritional needs and preferences.","og_url":"https:\/\/zoo-land.az\/az\/shop\/dog\/dog-wetfoods-conserves\/gran-carno-adult-rind-400-g\/","og_site_name":"Zooland.az","article_modified_time":"2024-06-17T10:45:27+00:00","og_image":[{"width":502,"height":816,"url":"https:\/\/zoo-land.az\/wp-content\/uploads\/2024\/06\/\u0421\u043d\u0438\u043c\u043e\u043a-\u044d\u043a\u0440\u0430\u043d\u0430-2024-06-17-\u0432-14.27.06.png","type":"image\/png"}],"twitter_card":"summary_large_image","twitter_misc":{"Est. reading time":"1 minute"},"schema":{"@context":"https:\/\/schema.org","@graph":[{"@type":"WebPage","@id":"https:\/\/zoo-land.az\/shop\/dog\/dog-wetfoods-conserves\/gran-carno-adult-rind-400-g\/","url":"https:\/\/zoo-land.az\/shop\/dog\/dog-wetfoods-conserves\/gran-carno-adult-rind-400-g\/","name":"Gran Carno Adult Rind 400 g - Zooland.az","isPartOf":{"@id":"https:\/\/zoo-land.az\/#website"},"primaryImageOfPage":{"@id":"https:\/\/zoo-land.az\/shop\/dog\/dog-wetfoods-conserves\/gran-carno-adult-rind-400-g\/#primaryimage"},"image":{"@id":"https:\/\/zoo-land.az\/shop\/dog\/dog-wetfoods-conserves\/gran-carno-adult-rind-400-g\/#primaryimage"},"thumbnailUrl":"https:\/\/zoo-land.az\/wp-content\/uploads\/2024\/06\/\u0421\u043d\u0438\u043c\u043e\u043a-\u044d\u043a\u0440\u0430\u043d\u0430-2024-06-17-\u0432-14.27.06.png","datePublished":"2024-06-17T10:45:26+00:00","dateModified":"2024-06-17T10:45:27+00:00","breadcrumb":{"@id":"https:\/\/zoo-land.az\/shop\/dog\/dog-wetfoods-conserves\/gran-carno-adult-rind-400-g\/#breadcrumb"},"inLanguage":"az","potentialAction":[{"@type":"ReadAction","target":["https:\/\/zoo-land.az\/shop\/dog\/dog-wetfoods-conserves\/gran-carno-adult-rind-400-g\/"]}]},{"@type":"ImageObject","inLanguage":"az","@id":"https:\/\/zoo-land.az\/shop\/dog\/dog-wetfoods-conserves\/gran-carno-adult-rind-400-g\/#primaryimage","url":"https:\/\/zoo-land.az\/wp-content\/uploads\/2024\/06\/\u0421\u043d\u0438\u043c\u043e\u043a-\u044d\u043a\u0440\u0430\u043d\u0430-2024-06-17-\u0432-14.27.06.png","contentUrl":"https:\/\/zoo-land.az\/wp-content\/uploads\/2024\/06\/\u0421\u043d\u0438\u043c\u043e\u043a-\u044d\u043a\u0440\u0430\u043d\u0430-2024-06-17-\u0432-14.27.06.png","width":502,"height":816},{"@type":"BreadcrumbList","@id":"https:\/\/zoo-land.az\/shop\/dog\/dog-wetfoods-conserves\/gran-carno-adult-rind-400-g\/#breadcrumb","itemListElement":[{"@type":"ListItem","position":1,"name":"Home","item":"https:\/\/zoo-land.az\/ru\/"},{"@type":"ListItem","position":2,"name":"Shop","item":"https:\/\/zoo-land.az\/ru\/"},{"@type":"ListItem","position":3,"name":"Gran Carno Adult Rind 400 g"}]},{"@type":"WebSite","@id":"https:\/\/zoo-land.az\/#website","url":"https:\/\/zoo-land.az\/","name":"Zooland.az","description":"Xo\u015fb\u0259xt ev heyvanlar\u0131n\u0131n \u00fcnvan\u0131 Zooland.az","publisher":{"@id":"https:\/\/zoo-land.az\/#organization"},"potentialAction":[{"@type":"SearchAction","target":{"@type":"EntryPoint","urlTemplate":"https:\/\/zoo-land.az\/?s={search_term_string}"},"query-input":{"@type":"PropertyValueSpecification","valueRequired":true,"valueName":"search_term_string"}}],"inLanguage":"az"},{"@type":"Organization","@id":"https:\/\/zoo-land.az\/#organization","name":"Zooland.az","url":"https:\/\/zoo-land.az\/","logo":{"@type":"ImageObject","inLanguage":"az","@id":"https:\/\/zoo-land.az\/#\/schema\/logo\/image\/","url":"https:\/\/zoo-land.az\/wp-content\/uploads\/2022\/05\/logo.svg","contentUrl":"https:\/\/zoo-land.az\/wp-content\/uploads\/2022\/05\/logo.svg","width":113,"height":46,"caption":"Zooland.az"},"image":{"@id":"https:\/\/zoo-land.az\/#\/schema\/logo\/image\/"}}]}},"_links":{"self":[{"href":"https:\/\/zoo-land.az\/az\/wp-json\/wp\/v2\/product\/23821","targetHints":{"allow":["GET"]}}],"collection":[{"href":"https:\/\/zoo-land.az\/az\/wp-json\/wp\/v2\/product"}],"about":[{"href":"https:\/\/zoo-land.az\/az\/wp-json\/wp\/v2\/types\/product"}],"wp:featuredmedia":[{"embeddable":true,"href":"https:\/\/zoo-land.az\/az\/wp-json\/wp\/v2\/media\/23822"}],"wp:attachment":[{"href":"https:\/\/zoo-land.az\/az\/wp-json\/wp\/v2\/media?parent=23821"}],"wp:term":[{"taxonomy":"product_cat","embeddable":true,"href":"https:\/\/zoo-land.az\/az\/wp-json\/wp\/v2\/product_cat?post=23821"},{"taxonomy":"product_tag","embeddable":true,"href":"https:\/\/zoo-land.az\/az\/wp-json\/wp\/v2\/product_tag?post=23821"}],"curies":[{"name":"wp","href":"https:\/\/api.w.org\/{rel}","templated":true}]}}