{"id":23828,"date":"2024-06-17T10:55:28","date_gmt":"2024-06-17T10:55:28","guid":{"rendered":"https:\/\/lightsteelblue-zebra-299715.hostingersite.com\/?post_type=product&#038;p=23828"},"modified":"2024-06-17T10:55:28","modified_gmt":"2024-06-17T10:55:28","slug":"gran-carno-adult-multicocktail-400-g","status":"publish","type":"product","link":"https:\/\/zoo-land.az\/az\/shop\/dog\/dog-wetfoods-conserves\/gran-carno-adult-multicocktail-400-g\/","title":{"rendered":"Gran Carno Adult MultiCocktail 400 g"},"content":{"rendered":"<p>A cocktail with a variety of mouth-watering, meaty ingredients:\u00a0<strong>GranCarno Adult Multi-Meat Cocktail<\/strong>\u00a0contains 100% fresh, meaty ingredients from beef, chicken, turkey and game. Unadulterated enjoyment that will make any four-legged friend empty the bowl in next to no time.<\/p>\n<p>This tasty dog food is optimally formulated\u00a0<strong>to ensure a balanced diet for adult dogs from 1-6 years old.<\/strong>\u00a0GranCarno Adult Multi-Meat Cocktail provides your dog with all the essential nutrients it needs every day \u2013 and contains no grains, soya or sugar.<\/p>\n<h2><strong>Feeding recommendation<\/strong><\/h2>\n<p>When calculating the ideal amount of food for dogs, the weight, age and temperament of the pet should always be taken into account.<\/p>\n<p>The following recommended amounts can be used as a general guideline:<\/p>\n<ul>\n<li>If the dog weighs 3 kg, it can be given 210 g of food a day<\/li>\n<li>if the dog has a weight of 7 kg, it should receive 400 g of wet food<\/li>\n<li>at a weight of 15 kg it should receive 700 g daily<\/li>\n<li>a large dog weighing 30 kg can be given 1180 g<\/li>\n<\/ul>\n<p>Our specialist vet, Dr Radicke, will be happy to provide you with individually tailored feeding recommendations for the missing weights.<\/p>\n<h2><strong>GranCarno \u2013 Meaty fresh, the way dogs love it!<\/strong><\/h2>\n<p>Natural, species-appropriate food for dogs \u2013 this is what the dog food brand GranCarno\u00ae stands for. Fresh, meaty ingredients ensure an unadulterated taste, just like dogs love it. The delicious GranCarno wet food provides your dog with essential nutrients.<\/p>","protected":false},"excerpt":{"rendered":"<p>A cocktail with a variety of mouth-watering, meaty ingredients:\u00a0<strong>GranCarno Adult Multi-Meat Cocktail<\/strong>\u00a0contains 100% fresh, meaty ingredients from beef, chicken, turkey and game. Unadulterated enjoyment that will make any four-legged friend empty the bowl in next to no time.<\/p>","protected":false},"featured_media":23829,"template":"","meta":{"inline_featured_image":false,"_joinchat":[]},"product_cat":[107,154],"product_tag":[],"class_list":{"0":"post-23828","1":"product","2":"type-product","3":"status-publish","4":"has-post-thumbnail","6":"product_brand-animonda","7":"product_cat-dog","8":"product_cat-dog-wetfoods-conserves","10":"first","11":"instock","12":"shipping-taxable","13":"purchasable","14":"product-type-simple"},"yoast_head":"<!-- This site is optimized with the Yoast SEO plugin v26.7 - https:\/\/yoast.com\/wordpress\/plugins\/seo\/ -->\n<title>Gran Carno Adult MultiCocktail 400 g - Zooland.az<\/title>\n<meta name=\"robots\" content=\"index, follow, max-snippet:-1, max-image-preview:large, max-video-preview:-1\" \/>\n<link rel=\"canonical\" href=\"https:\/\/zoo-land.az\/az\/shop\/dog\/dog-wetfoods-conserves\/gran-carno-adult-multicocktail-400-g\/\" \/>\n<meta property=\"og:locale\" content=\"az_AZ\" \/>\n<meta property=\"og:type\" content=\"article\" \/>\n<meta property=\"og:title\" content=\"Gran Carno Adult MultiCocktail 400 g - Zooland.az\" \/>\n<meta property=\"og:description\" content=\"A cocktail with a variety of mouth-watering, meaty ingredients:\u00a0GranCarno Adult Multi-Meat Cocktail\u00a0contains 100% fresh, meaty ingredients from beef, chicken, turkey and game. Unadulterated enjoyment that will make any four-legged friend empty the bowl in next to no time.\" \/>\n<meta property=\"og:url\" content=\"https:\/\/zoo-land.az\/az\/shop\/dog\/dog-wetfoods-conserves\/gran-carno-adult-multicocktail-400-g\/\" \/>\n<meta property=\"og:site_name\" content=\"Zooland.az\" \/>\n<meta property=\"og:image\" content=\"https:\/\/zoo-land.az\/wp-content\/uploads\/2024\/06\/82739-animonda-GranCarno-Adult-Multifleisch-Cocktail-Hund-Nassfutter.jpg.jpg\" \/>\n\t<meta property=\"og:image:width\" content=\"1920\" \/>\n\t<meta property=\"og:image:height\" content=\"1920\" \/>\n\t<meta property=\"og:image:type\" content=\"image\/jpeg\" \/>\n<meta name=\"twitter:card\" content=\"summary_large_image\" \/>\n<meta name=\"twitter:label1\" content=\"Est. reading time\" \/>\n\t<meta name=\"twitter:data1\" content=\"2 minutes\" \/>\n<script type=\"application\/ld+json\" class=\"yoast-schema-graph\">{\"@context\":\"https:\/\/schema.org\",\"@graph\":[{\"@type\":\"WebPage\",\"@id\":\"https:\/\/zoo-land.az\/shop\/dog\/dog-wetfoods-conserves\/gran-carno-adult-multicocktail-400-g\/\",\"url\":\"https:\/\/zoo-land.az\/shop\/dog\/dog-wetfoods-conserves\/gran-carno-adult-multicocktail-400-g\/\",\"name\":\"Gran Carno Adult MultiCocktail 400 g - Zooland.az\",\"isPartOf\":{\"@id\":\"https:\/\/zoo-land.az\/#website\"},\"primaryImageOfPage\":{\"@id\":\"https:\/\/zoo-land.az\/shop\/dog\/dog-wetfoods-conserves\/gran-carno-adult-multicocktail-400-g\/#primaryimage\"},\"image\":{\"@id\":\"https:\/\/zoo-land.az\/shop\/dog\/dog-wetfoods-conserves\/gran-carno-adult-multicocktail-400-g\/#primaryimage\"},\"thumbnailUrl\":\"https:\/\/zoo-land.az\/wp-content\/uploads\/2024\/06\/82739-animonda-GranCarno-Adult-Multifleisch-Cocktail-Hund-Nassfutter.jpg.jpg\",\"datePublished\":\"2024-06-17T10:55:28+00:00\",\"breadcrumb\":{\"@id\":\"https:\/\/zoo-land.az\/shop\/dog\/dog-wetfoods-conserves\/gran-carno-adult-multicocktail-400-g\/#breadcrumb\"},\"inLanguage\":\"az\",\"potentialAction\":[{\"@type\":\"ReadAction\",\"target\":[\"https:\/\/zoo-land.az\/shop\/dog\/dog-wetfoods-conserves\/gran-carno-adult-multicocktail-400-g\/\"]}]},{\"@type\":\"ImageObject\",\"inLanguage\":\"az\",\"@id\":\"https:\/\/zoo-land.az\/shop\/dog\/dog-wetfoods-conserves\/gran-carno-adult-multicocktail-400-g\/#primaryimage\",\"url\":\"https:\/\/zoo-land.az\/wp-content\/uploads\/2024\/06\/82739-animonda-GranCarno-Adult-Multifleisch-Cocktail-Hund-Nassfutter.jpg.jpg\",\"contentUrl\":\"https:\/\/zoo-land.az\/wp-content\/uploads\/2024\/06\/82739-animonda-GranCarno-Adult-Multifleisch-Cocktail-Hund-Nassfutter.jpg.jpg\",\"width\":1920,\"height\":1920},{\"@type\":\"BreadcrumbList\",\"@id\":\"https:\/\/zoo-land.az\/shop\/dog\/dog-wetfoods-conserves\/gran-carno-adult-multicocktail-400-g\/#breadcrumb\",\"itemListElement\":[{\"@type\":\"ListItem\",\"position\":1,\"name\":\"Home\",\"item\":\"https:\/\/zoo-land.az\/ru\/\"},{\"@type\":\"ListItem\",\"position\":2,\"name\":\"Shop\",\"item\":\"https:\/\/zoo-land.az\/ru\/\"},{\"@type\":\"ListItem\",\"position\":3,\"name\":\"Gran Carno Adult MultiCocktail 400 g\"}]},{\"@type\":\"WebSite\",\"@id\":\"https:\/\/zoo-land.az\/#website\",\"url\":\"https:\/\/zoo-land.az\/\",\"name\":\"Zooland.az\",\"description\":\"Xo\u015fb\u0259xt ev heyvanlar\u0131n\u0131n \u00fcnvan\u0131 Zooland.az\",\"publisher\":{\"@id\":\"https:\/\/zoo-land.az\/#organization\"},\"potentialAction\":[{\"@type\":\"SearchAction\",\"target\":{\"@type\":\"EntryPoint\",\"urlTemplate\":\"https:\/\/zoo-land.az\/?s={search_term_string}\"},\"query-input\":{\"@type\":\"PropertyValueSpecification\",\"valueRequired\":true,\"valueName\":\"search_term_string\"}}],\"inLanguage\":\"az\"},{\"@type\":\"Organization\",\"@id\":\"https:\/\/zoo-land.az\/#organization\",\"name\":\"Zooland.az\",\"url\":\"https:\/\/zoo-land.az\/\",\"logo\":{\"@type\":\"ImageObject\",\"inLanguage\":\"az\",\"@id\":\"https:\/\/zoo-land.az\/#\/schema\/logo\/image\/\",\"url\":\"https:\/\/zoo-land.az\/wp-content\/uploads\/2022\/05\/logo.svg\",\"contentUrl\":\"https:\/\/zoo-land.az\/wp-content\/uploads\/2022\/05\/logo.svg\",\"width\":113,\"height\":46,\"caption\":\"Zooland.az\"},\"image\":{\"@id\":\"https:\/\/zoo-land.az\/#\/schema\/logo\/image\/\"}}]}<\/script>\n<!-- \/ Yoast SEO plugin. -->","yoast_head_json":{"title":"Gran Carno Adult MultiCocktail 400 g - Zooland.az","robots":{"index":"index","follow":"follow","max-snippet":"max-snippet:-1","max-image-preview":"max-image-preview:large","max-video-preview":"max-video-preview:-1"},"canonical":"https:\/\/zoo-land.az\/az\/shop\/dog\/dog-wetfoods-conserves\/gran-carno-adult-multicocktail-400-g\/","og_locale":"az_AZ","og_type":"article","og_title":"Gran Carno Adult MultiCocktail 400 g - Zooland.az","og_description":"A cocktail with a variety of mouth-watering, meaty ingredients:\u00a0GranCarno Adult Multi-Meat Cocktail\u00a0contains 100% fresh, meaty ingredients from beef, chicken, turkey and game. Unadulterated enjoyment that will make any four-legged friend empty the bowl in next to no time.","og_url":"https:\/\/zoo-land.az\/az\/shop\/dog\/dog-wetfoods-conserves\/gran-carno-adult-multicocktail-400-g\/","og_site_name":"Zooland.az","og_image":[{"width":1920,"height":1920,"url":"https:\/\/zoo-land.az\/wp-content\/uploads\/2024\/06\/82739-animonda-GranCarno-Adult-Multifleisch-Cocktail-Hund-Nassfutter.jpg.jpg","type":"image\/jpeg"}],"twitter_card":"summary_large_image","twitter_misc":{"Est. reading time":"2 minutes"},"schema":{"@context":"https:\/\/schema.org","@graph":[{"@type":"WebPage","@id":"https:\/\/zoo-land.az\/shop\/dog\/dog-wetfoods-conserves\/gran-carno-adult-multicocktail-400-g\/","url":"https:\/\/zoo-land.az\/shop\/dog\/dog-wetfoods-conserves\/gran-carno-adult-multicocktail-400-g\/","name":"Gran Carno Adult MultiCocktail 400 g - Zooland.az","isPartOf":{"@id":"https:\/\/zoo-land.az\/#website"},"primaryImageOfPage":{"@id":"https:\/\/zoo-land.az\/shop\/dog\/dog-wetfoods-conserves\/gran-carno-adult-multicocktail-400-g\/#primaryimage"},"image":{"@id":"https:\/\/zoo-land.az\/shop\/dog\/dog-wetfoods-conserves\/gran-carno-adult-multicocktail-400-g\/#primaryimage"},"thumbnailUrl":"https:\/\/zoo-land.az\/wp-content\/uploads\/2024\/06\/82739-animonda-GranCarno-Adult-Multifleisch-Cocktail-Hund-Nassfutter.jpg.jpg","datePublished":"2024-06-17T10:55:28+00:00","breadcrumb":{"@id":"https:\/\/zoo-land.az\/shop\/dog\/dog-wetfoods-conserves\/gran-carno-adult-multicocktail-400-g\/#breadcrumb"},"inLanguage":"az","potentialAction":[{"@type":"ReadAction","target":["https:\/\/zoo-land.az\/shop\/dog\/dog-wetfoods-conserves\/gran-carno-adult-multicocktail-400-g\/"]}]},{"@type":"ImageObject","inLanguage":"az","@id":"https:\/\/zoo-land.az\/shop\/dog\/dog-wetfoods-conserves\/gran-carno-adult-multicocktail-400-g\/#primaryimage","url":"https:\/\/zoo-land.az\/wp-content\/uploads\/2024\/06\/82739-animonda-GranCarno-Adult-Multifleisch-Cocktail-Hund-Nassfutter.jpg.jpg","contentUrl":"https:\/\/zoo-land.az\/wp-content\/uploads\/2024\/06\/82739-animonda-GranCarno-Adult-Multifleisch-Cocktail-Hund-Nassfutter.jpg.jpg","width":1920,"height":1920},{"@type":"BreadcrumbList","@id":"https:\/\/zoo-land.az\/shop\/dog\/dog-wetfoods-conserves\/gran-carno-adult-multicocktail-400-g\/#breadcrumb","itemListElement":[{"@type":"ListItem","position":1,"name":"Home","item":"https:\/\/zoo-land.az\/ru\/"},{"@type":"ListItem","position":2,"name":"Shop","item":"https:\/\/zoo-land.az\/ru\/"},{"@type":"ListItem","position":3,"name":"Gran Carno Adult MultiCocktail 400 g"}]},{"@type":"WebSite","@id":"https:\/\/zoo-land.az\/#website","url":"https:\/\/zoo-land.az\/","name":"Zooland.az","description":"Xo\u015fb\u0259xt ev heyvanlar\u0131n\u0131n \u00fcnvan\u0131 Zooland.az","publisher":{"@id":"https:\/\/zoo-land.az\/#organization"},"potentialAction":[{"@type":"SearchAction","target":{"@type":"EntryPoint","urlTemplate":"https:\/\/zoo-land.az\/?s={search_term_string}"},"query-input":{"@type":"PropertyValueSpecification","valueRequired":true,"valueName":"search_term_string"}}],"inLanguage":"az"},{"@type":"Organization","@id":"https:\/\/zoo-land.az\/#organization","name":"Zooland.az","url":"https:\/\/zoo-land.az\/","logo":{"@type":"ImageObject","inLanguage":"az","@id":"https:\/\/zoo-land.az\/#\/schema\/logo\/image\/","url":"https:\/\/zoo-land.az\/wp-content\/uploads\/2022\/05\/logo.svg","contentUrl":"https:\/\/zoo-land.az\/wp-content\/uploads\/2022\/05\/logo.svg","width":113,"height":46,"caption":"Zooland.az"},"image":{"@id":"https:\/\/zoo-land.az\/#\/schema\/logo\/image\/"}}]}},"_links":{"self":[{"href":"https:\/\/zoo-land.az\/az\/wp-json\/wp\/v2\/product\/23828","targetHints":{"allow":["GET"]}}],"collection":[{"href":"https:\/\/zoo-land.az\/az\/wp-json\/wp\/v2\/product"}],"about":[{"href":"https:\/\/zoo-land.az\/az\/wp-json\/wp\/v2\/types\/product"}],"wp:featuredmedia":[{"embeddable":true,"href":"https:\/\/zoo-land.az\/az\/wp-json\/wp\/v2\/media\/23829"}],"wp:attachment":[{"href":"https:\/\/zoo-land.az\/az\/wp-json\/wp\/v2\/media?parent=23828"}],"wp:term":[{"taxonomy":"product_cat","embeddable":true,"href":"https:\/\/zoo-land.az\/az\/wp-json\/wp\/v2\/product_cat?post=23828"},{"taxonomy":"product_tag","embeddable":true,"href":"https:\/\/zoo-land.az\/az\/wp-json\/wp\/v2\/product_tag?post=23828"}],"curies":[{"name":"wp","href":"https:\/\/api.w.org\/{rel}","templated":true}]}}