{"id":23842,"date":"2024-06-17T11:32:12","date_gmt":"2024-06-17T11:32:12","guid":{"rendered":"https:\/\/lightsteelblue-zebra-299715.hostingersite.com\/?post_type=product&#038;p=23842"},"modified":"2024-06-17T11:32:13","modified_gmt":"2024-06-17T11:32:13","slug":"gran-carno-rind-huhn-junior-800-g","status":"publish","type":"product","link":"https:\/\/zoo-land.az\/az\/shop\/dog\/dog-wetfoods-conserves\/gran-carno-rind-huhn-junior-800-g\/","title":{"rendered":"Gran Carno Rind Huhn Junior 800 g"},"content":{"rendered":"<p>GranCarno\u00ae Junior stands for balanced, tasty, healthy nutrition at the highest level for growing dogs in their first year of life. The selected, fresh meat ingredients guarantee the incomparable taste that dogs appreciate so much. GranCarno Junior &#8211; with puppy-friendly, meaty pieces &#8211; is specially tailored to the nutritional needs of growing young dogs. Country of origin: Germany.<\/p>","protected":false},"excerpt":{"rendered":"<p>GranCarno\u00ae Junior stands for balanced, tasty, healthy nutrition at the highest level for growing dogs in their first year of life. The selected, fresh meat ingredients guarantee the incomparable taste that dogs appreciate so much. GranCarno Junior &#8211; with puppy-friendly, meaty pieces &#8211; is specially tailored to the nutritional needs of growing young dogs. Country of origin: Germany.<\/p>","protected":false},"featured_media":23843,"template":"","meta":{"inline_featured_image":false,"_joinchat":[]},"product_cat":[107,154],"product_tag":[],"class_list":{"0":"post-23842","1":"product","2":"type-product","3":"status-publish","4":"has-post-thumbnail","6":"product_cat-dog","7":"product_cat-dog-wetfoods-conserves","9":"first","10":"instock","11":"shipping-taxable","12":"purchasable","13":"product-type-simple"},"yoast_head":"<!-- This site is optimized with the Yoast SEO plugin v26.7 - https:\/\/yoast.com\/wordpress\/plugins\/seo\/ -->\n<title>Gran Carno Rind Huhn Junior 800 g - Zooland.az<\/title>\n<meta name=\"robots\" content=\"index, follow, max-snippet:-1, max-image-preview:large, max-video-preview:-1\" \/>\n<link rel=\"canonical\" href=\"https:\/\/zoo-land.az\/az\/shop\/dog\/dog-wetfoods-conserves\/gran-carno-rind-huhn-junior-800-g\/\" \/>\n<meta property=\"og:locale\" content=\"az_AZ\" \/>\n<meta property=\"og:type\" content=\"article\" \/>\n<meta property=\"og:title\" content=\"Gran Carno Rind Huhn Junior 800 g - Zooland.az\" \/>\n<meta property=\"og:description\" content=\"GranCarno\u00ae Junior stands for balanced, tasty, healthy nutrition at the highest level for growing dogs in their first year of life. The selected, fresh meat ingredients guarantee the incomparable taste that dogs appreciate so much. GranCarno Junior - with puppy-friendly, meaty pieces - is specially tailored to the nutritional needs of growing young dogs. Country of origin: Germany.\" \/>\n<meta property=\"og:url\" content=\"https:\/\/zoo-land.az\/az\/shop\/dog\/dog-wetfoods-conserves\/gran-carno-rind-huhn-junior-800-g\/\" \/>\n<meta property=\"og:site_name\" content=\"Zooland.az\" \/>\n<meta property=\"article:modified_time\" content=\"2024-06-17T11:32:13+00:00\" \/>\n<meta property=\"og:image\" content=\"https:\/\/zoo-land.az\/wp-content\/uploads\/2024\/06\/518x840.jpg\" \/>\n\t<meta property=\"og:image:width\" content=\"518\" \/>\n\t<meta property=\"og:image:height\" content=\"840\" \/>\n\t<meta property=\"og:image:type\" content=\"image\/jpeg\" \/>\n<meta name=\"twitter:card\" content=\"summary_large_image\" \/>\n<meta name=\"twitter:label1\" content=\"Est. reading time\" \/>\n\t<meta name=\"twitter:data1\" content=\"1 minute\" \/>\n<script type=\"application\/ld+json\" class=\"yoast-schema-graph\">{\"@context\":\"https:\/\/schema.org\",\"@graph\":[{\"@type\":\"WebPage\",\"@id\":\"https:\/\/zoo-land.az\/shop\/dog\/dog-wetfoods-conserves\/gran-carno-rind-huhn-junior-800-g\/\",\"url\":\"https:\/\/zoo-land.az\/shop\/dog\/dog-wetfoods-conserves\/gran-carno-rind-huhn-junior-800-g\/\",\"name\":\"Gran Carno Rind Huhn Junior 800 g - Zooland.az\",\"isPartOf\":{\"@id\":\"https:\/\/zoo-land.az\/#website\"},\"primaryImageOfPage\":{\"@id\":\"https:\/\/zoo-land.az\/shop\/dog\/dog-wetfoods-conserves\/gran-carno-rind-huhn-junior-800-g\/#primaryimage\"},\"image\":{\"@id\":\"https:\/\/zoo-land.az\/shop\/dog\/dog-wetfoods-conserves\/gran-carno-rind-huhn-junior-800-g\/#primaryimage\"},\"thumbnailUrl\":\"https:\/\/zoo-land.az\/wp-content\/uploads\/2024\/06\/518x840.jpg\",\"datePublished\":\"2024-06-17T11:32:12+00:00\",\"dateModified\":\"2024-06-17T11:32:13+00:00\",\"breadcrumb\":{\"@id\":\"https:\/\/zoo-land.az\/shop\/dog\/dog-wetfoods-conserves\/gran-carno-rind-huhn-junior-800-g\/#breadcrumb\"},\"inLanguage\":\"az\",\"potentialAction\":[{\"@type\":\"ReadAction\",\"target\":[\"https:\/\/zoo-land.az\/shop\/dog\/dog-wetfoods-conserves\/gran-carno-rind-huhn-junior-800-g\/\"]}]},{\"@type\":\"ImageObject\",\"inLanguage\":\"az\",\"@id\":\"https:\/\/zoo-land.az\/shop\/dog\/dog-wetfoods-conserves\/gran-carno-rind-huhn-junior-800-g\/#primaryimage\",\"url\":\"https:\/\/zoo-land.az\/wp-content\/uploads\/2024\/06\/518x840.jpg\",\"contentUrl\":\"https:\/\/zoo-land.az\/wp-content\/uploads\/2024\/06\/518x840.jpg\",\"width\":518,\"height\":840},{\"@type\":\"BreadcrumbList\",\"@id\":\"https:\/\/zoo-land.az\/shop\/dog\/dog-wetfoods-conserves\/gran-carno-rind-huhn-junior-800-g\/#breadcrumb\",\"itemListElement\":[{\"@type\":\"ListItem\",\"position\":1,\"name\":\"Home\",\"item\":\"https:\/\/zoo-land.az\/ru\/\"},{\"@type\":\"ListItem\",\"position\":2,\"name\":\"Shop\",\"item\":\"https:\/\/zoo-land.az\/ru\/\"},{\"@type\":\"ListItem\",\"position\":3,\"name\":\"Gran Carno Rind Huhn Junior 800 g\"}]},{\"@type\":\"WebSite\",\"@id\":\"https:\/\/zoo-land.az\/#website\",\"url\":\"https:\/\/zoo-land.az\/\",\"name\":\"Zooland.az\",\"description\":\"Xo\u015fb\u0259xt ev heyvanlar\u0131n\u0131n \u00fcnvan\u0131 Zooland.az\",\"publisher\":{\"@id\":\"https:\/\/zoo-land.az\/#organization\"},\"potentialAction\":[{\"@type\":\"SearchAction\",\"target\":{\"@type\":\"EntryPoint\",\"urlTemplate\":\"https:\/\/zoo-land.az\/?s={search_term_string}\"},\"query-input\":{\"@type\":\"PropertyValueSpecification\",\"valueRequired\":true,\"valueName\":\"search_term_string\"}}],\"inLanguage\":\"az\"},{\"@type\":\"Organization\",\"@id\":\"https:\/\/zoo-land.az\/#organization\",\"name\":\"Zooland.az\",\"url\":\"https:\/\/zoo-land.az\/\",\"logo\":{\"@type\":\"ImageObject\",\"inLanguage\":\"az\",\"@id\":\"https:\/\/zoo-land.az\/#\/schema\/logo\/image\/\",\"url\":\"https:\/\/zoo-land.az\/wp-content\/uploads\/2022\/05\/logo.svg\",\"contentUrl\":\"https:\/\/zoo-land.az\/wp-content\/uploads\/2022\/05\/logo.svg\",\"width\":113,\"height\":46,\"caption\":\"Zooland.az\"},\"image\":{\"@id\":\"https:\/\/zoo-land.az\/#\/schema\/logo\/image\/\"}}]}<\/script>\n<!-- \/ Yoast SEO plugin. -->","yoast_head_json":{"title":"Gran Carno Rind Huhn Junior 800 g - Zooland.az","robots":{"index":"index","follow":"follow","max-snippet":"max-snippet:-1","max-image-preview":"max-image-preview:large","max-video-preview":"max-video-preview:-1"},"canonical":"https:\/\/zoo-land.az\/az\/shop\/dog\/dog-wetfoods-conserves\/gran-carno-rind-huhn-junior-800-g\/","og_locale":"az_AZ","og_type":"article","og_title":"Gran Carno Rind Huhn Junior 800 g - Zooland.az","og_description":"GranCarno\u00ae Junior stands for balanced, tasty, healthy nutrition at the highest level for growing dogs in their first year of life. The selected, fresh meat ingredients guarantee the incomparable taste that dogs appreciate so much. GranCarno Junior - with puppy-friendly, meaty pieces - is specially tailored to the nutritional needs of growing young dogs. Country of origin: Germany.","og_url":"https:\/\/zoo-land.az\/az\/shop\/dog\/dog-wetfoods-conserves\/gran-carno-rind-huhn-junior-800-g\/","og_site_name":"Zooland.az","article_modified_time":"2024-06-17T11:32:13+00:00","og_image":[{"width":518,"height":840,"url":"https:\/\/zoo-land.az\/wp-content\/uploads\/2024\/06\/518x840.jpg","type":"image\/jpeg"}],"twitter_card":"summary_large_image","twitter_misc":{"Est. reading time":"1 minute"},"schema":{"@context":"https:\/\/schema.org","@graph":[{"@type":"WebPage","@id":"https:\/\/zoo-land.az\/shop\/dog\/dog-wetfoods-conserves\/gran-carno-rind-huhn-junior-800-g\/","url":"https:\/\/zoo-land.az\/shop\/dog\/dog-wetfoods-conserves\/gran-carno-rind-huhn-junior-800-g\/","name":"Gran Carno Rind Huhn Junior 800 g - Zooland.az","isPartOf":{"@id":"https:\/\/zoo-land.az\/#website"},"primaryImageOfPage":{"@id":"https:\/\/zoo-land.az\/shop\/dog\/dog-wetfoods-conserves\/gran-carno-rind-huhn-junior-800-g\/#primaryimage"},"image":{"@id":"https:\/\/zoo-land.az\/shop\/dog\/dog-wetfoods-conserves\/gran-carno-rind-huhn-junior-800-g\/#primaryimage"},"thumbnailUrl":"https:\/\/zoo-land.az\/wp-content\/uploads\/2024\/06\/518x840.jpg","datePublished":"2024-06-17T11:32:12+00:00","dateModified":"2024-06-17T11:32:13+00:00","breadcrumb":{"@id":"https:\/\/zoo-land.az\/shop\/dog\/dog-wetfoods-conserves\/gran-carno-rind-huhn-junior-800-g\/#breadcrumb"},"inLanguage":"az","potentialAction":[{"@type":"ReadAction","target":["https:\/\/zoo-land.az\/shop\/dog\/dog-wetfoods-conserves\/gran-carno-rind-huhn-junior-800-g\/"]}]},{"@type":"ImageObject","inLanguage":"az","@id":"https:\/\/zoo-land.az\/shop\/dog\/dog-wetfoods-conserves\/gran-carno-rind-huhn-junior-800-g\/#primaryimage","url":"https:\/\/zoo-land.az\/wp-content\/uploads\/2024\/06\/518x840.jpg","contentUrl":"https:\/\/zoo-land.az\/wp-content\/uploads\/2024\/06\/518x840.jpg","width":518,"height":840},{"@type":"BreadcrumbList","@id":"https:\/\/zoo-land.az\/shop\/dog\/dog-wetfoods-conserves\/gran-carno-rind-huhn-junior-800-g\/#breadcrumb","itemListElement":[{"@type":"ListItem","position":1,"name":"Home","item":"https:\/\/zoo-land.az\/ru\/"},{"@type":"ListItem","position":2,"name":"Shop","item":"https:\/\/zoo-land.az\/ru\/"},{"@type":"ListItem","position":3,"name":"Gran Carno Rind Huhn Junior 800 g"}]},{"@type":"WebSite","@id":"https:\/\/zoo-land.az\/#website","url":"https:\/\/zoo-land.az\/","name":"Zooland.az","description":"Xo\u015fb\u0259xt ev heyvanlar\u0131n\u0131n \u00fcnvan\u0131 Zooland.az","publisher":{"@id":"https:\/\/zoo-land.az\/#organization"},"potentialAction":[{"@type":"SearchAction","target":{"@type":"EntryPoint","urlTemplate":"https:\/\/zoo-land.az\/?s={search_term_string}"},"query-input":{"@type":"PropertyValueSpecification","valueRequired":true,"valueName":"search_term_string"}}],"inLanguage":"az"},{"@type":"Organization","@id":"https:\/\/zoo-land.az\/#organization","name":"Zooland.az","url":"https:\/\/zoo-land.az\/","logo":{"@type":"ImageObject","inLanguage":"az","@id":"https:\/\/zoo-land.az\/#\/schema\/logo\/image\/","url":"https:\/\/zoo-land.az\/wp-content\/uploads\/2022\/05\/logo.svg","contentUrl":"https:\/\/zoo-land.az\/wp-content\/uploads\/2022\/05\/logo.svg","width":113,"height":46,"caption":"Zooland.az"},"image":{"@id":"https:\/\/zoo-land.az\/#\/schema\/logo\/image\/"}}]}},"_links":{"self":[{"href":"https:\/\/zoo-land.az\/az\/wp-json\/wp\/v2\/product\/23842","targetHints":{"allow":["GET"]}}],"collection":[{"href":"https:\/\/zoo-land.az\/az\/wp-json\/wp\/v2\/product"}],"about":[{"href":"https:\/\/zoo-land.az\/az\/wp-json\/wp\/v2\/types\/product"}],"wp:featuredmedia":[{"embeddable":true,"href":"https:\/\/zoo-land.az\/az\/wp-json\/wp\/v2\/media\/23843"}],"wp:attachment":[{"href":"https:\/\/zoo-land.az\/az\/wp-json\/wp\/v2\/media?parent=23842"}],"wp:term":[{"taxonomy":"product_cat","embeddable":true,"href":"https:\/\/zoo-land.az\/az\/wp-json\/wp\/v2\/product_cat?post=23842"},{"taxonomy":"product_tag","embeddable":true,"href":"https:\/\/zoo-land.az\/az\/wp-json\/wp\/v2\/product_tag?post=23842"}],"curies":[{"name":"wp","href":"https:\/\/api.w.org\/{rel}","templated":true}]}}