{"id":23915,"date":"2024-06-17T15:58:45","date_gmt":"2024-06-17T15:58:45","guid":{"rendered":"https:\/\/lightsteelblue-zebra-299715.hostingersite.com\/?post_type=product&#038;p=23915"},"modified":"2024-06-17T15:58:45","modified_gmt":"2024-06-17T15:58:45","slug":"nunbell-clippers-for-cats-and-dogs","status":"publish","type":"product","link":"https:\/\/zoo-land.az\/az\/shop\/cat\/cat-hygenic\/cat-cuttings-acces\/nunbell-clippers-for-cats-and-dogs\/","title":{"rendered":"Pi\u015fikl\u0259r v\u0259 itl\u0259r \u00fc\u00e7\u00fcn Nunbell qay\u00e7\u0131lar\u0131"},"content":{"rendered":"<p>Pi\u015fikl\u0259r v\u0259 itl\u0259r \u00fc\u00e7\u00fcn uy\u011fun heyvanlar \u00fc\u00e7\u00fcn p\u0259nc\u0259 k\u0259sici.<\/p>\n<p>P\u0259nc\u0259l\u0259ri a\u011fr\u0131s\u0131z \u015f\u0259kild\u0259 k\u0259sm\u0259y\u0259 k\u00f6m\u0259k edir.<\/p>\n<p>Sad\u0259 v\u0259 istifad\u0259si asan.<\/p>\n<p>Rezin tutacaqlar \u0259ll\u0259rd\u0259n s\u00fcr\u00fc\u015fm\u0259nin qar\u015f\u0131s\u0131n\u0131 al\u0131r.<\/p>\n<p>T\u0259hl\u00fck\u0259siz k\u0259sm\u0259 \u00fc\u00e7\u00fcn qoruyucu qoruyucu v\u0259 etibarl\u0131 saxlama \u00fc\u00e7\u00fcn sapda t\u0259hl\u00fck\u0259sizlik kilidi il\u0259 g\u0259lir.<\/p>\n<p>Pi\u015fikl\u0259r, ki\u00e7ik itl\u0259r, h\u0259m\u00e7inin g\u0259miricil\u0259r, dov\u015fanlar, t\u0131sba\u011falar v\u0259 qu\u015flar \u00fc\u00e7\u00fcn caynaq trimmer kimi istifad\u0259 edil\u0259 bil\u0259r.<\/p>","protected":false},"excerpt":{"rendered":"<p>Pi\u015fikl\u0259r v\u0259 itl\u0259r \u00fc\u00e7\u00fcn uy\u011fun heyvanlar \u00fc\u00e7\u00fcn p\u0259nc\u0259 k\u0259sici.<\/p>\n<p>P\u0259nc\u0259l\u0259ri a\u011fr\u0131s\u0131z \u015f\u0259kild\u0259 k\u0259sm\u0259y\u0259 k\u00f6m\u0259k edir.<\/p>\n<p>Sad\u0259 v\u0259 istifad\u0259si asan.<\/p>\n<p>Rezin tutacaqlar \u0259ll\u0259rd\u0259n s\u00fcr\u00fc\u015fm\u0259nin qar\u015f\u0131s\u0131n\u0131 al\u0131r.<\/p>\n<p>T\u0259hl\u00fck\u0259siz k\u0259sm\u0259 \u00fc\u00e7\u00fcn qoruyucu qoruyucu v\u0259 etibarl\u0131 saxlama \u00fc\u00e7\u00fcn sapda t\u0259hl\u00fck\u0259sizlik kilidi il\u0259 g\u0259lir.<\/p>\n<p>Pi\u015fikl\u0259r, ki\u00e7ik itl\u0259r, h\u0259m\u00e7inin g\u0259miricil\u0259r, dov\u015fanlar, t\u0131sba\u011falar v\u0259 qu\u015flar \u00fc\u00e7\u00fcn caynaq trimmer kimi istifad\u0259 edil\u0259 bil\u0259r.<\/p>","protected":false},"featured_media":23916,"template":"","meta":{"inline_featured_image":false,"_joinchat":[]},"product_cat":[188,107,166,199,204,170],"product_tag":[],"class_list":{"0":"post-23915","1":"product","2":"type-product","3":"status-publish","4":"has-post-thumbnail","6":"product_brand-nunbell","7":"product_cat-cat","8":"product_cat-dog","9":"product_cat-dog-hygenic","10":"product_cat-cat-hygenic","11":"product_cat-cat-cuttings-acces","12":"product_cat-dog-cutting-accs","14":"first","15":"instock","16":"shipping-taxable","17":"purchasable","18":"product-type-simple"},"yoast_head":"<!-- This site is optimized with the Yoast SEO plugin v27.4 - https:\/\/yoast.com\/product\/yoast-seo-wordpress\/ -->\n<title>Nunbell clippers for cats and dogs - Zooland.az<\/title>\n<meta name=\"robots\" content=\"index, follow, max-snippet:-1, max-image-preview:large, max-video-preview:-1\" \/>\n<link rel=\"canonical\" href=\"https:\/\/zoo-land.az\/az\/shop\/cat\/cat-hygenic\/cat-cuttings-acces\/nunbell-clippers-for-cats-and-dogs\/\" \/>\n<meta property=\"og:locale\" content=\"az_AZ\" \/>\n<meta property=\"og:type\" content=\"article\" \/>\n<meta property=\"og:title\" content=\"Nunbell clippers for cats and dogs - Zooland.az\" \/>\n<meta property=\"og:description\" content=\"Claw trimmer for animals suitable for cats and dogs.  Helps to trim claws painlessly.  Simple and easy to use.  Rubberized handles prevent slipping from hands.  Comes with a safety guard for safe trimming and a safety lock on the handle for secure storage.  Can be used as a claw trimmer for cats, small dogs, as well as rodents, rabbits, turtles, and birds.\" \/>\n<meta property=\"og:url\" content=\"https:\/\/zoo-land.az\/az\/shop\/cat\/cat-hygenic\/cat-cuttings-acces\/nunbell-clippers-for-cats-and-dogs\/\" \/>\n<meta property=\"og:site_name\" content=\"Zooland.az\" \/>\n<meta property=\"og:image\" content=\"https:\/\/zoo-land.az\/wp-content\/uploads\/2024\/06\/201891385_w640_h640_kogterez-dlya-zhivotnyh.webp\" \/>\n\t<meta property=\"og:image:width\" content=\"1280\" \/>\n\t<meta property=\"og:image:height\" content=\"1280\" \/>\n\t<meta property=\"og:image:type\" content=\"image\/webp\" \/>\n<meta name=\"twitter:card\" content=\"summary_large_image\" \/>\n<meta name=\"twitter:label1\" content=\"Est. reading time\" \/>\n\t<meta name=\"twitter:data1\" content=\"1 minute\" \/>\n<script type=\"application\/ld+json\" class=\"yoast-schema-graph\">{\"@context\":\"https:\\\/\\\/schema.org\",\"@graph\":[{\"@type\":\"WebPage\",\"@id\":\"https:\\\/\\\/zoo-land.az\\\/az\\\/shop\\\/cat\\\/cat-hygenic\\\/cat-cuttings-acces\\\/nunbell-clippers-for-cats-and-dogs\\\/\",\"url\":\"https:\\\/\\\/zoo-land.az\\\/az\\\/shop\\\/cat\\\/cat-hygenic\\\/cat-cuttings-acces\\\/nunbell-clippers-for-cats-and-dogs\\\/\",\"name\":\"Nunbell clippers for cats and dogs - Zooland.az\",\"isPartOf\":{\"@id\":\"https:\\\/\\\/zoo-land.az\\\/#website\"},\"primaryImageOfPage\":{\"@id\":\"https:\\\/\\\/zoo-land.az\\\/az\\\/shop\\\/cat\\\/cat-hygenic\\\/cat-cuttings-acces\\\/nunbell-clippers-for-cats-and-dogs\\\/#primaryimage\"},\"image\":{\"@id\":\"https:\\\/\\\/zoo-land.az\\\/az\\\/shop\\\/cat\\\/cat-hygenic\\\/cat-cuttings-acces\\\/nunbell-clippers-for-cats-and-dogs\\\/#primaryimage\"},\"thumbnailUrl\":\"https:\\\/\\\/zoo-land.az\\\/wp-content\\\/uploads\\\/2024\\\/06\\\/201891385_w640_h640_kogterez-dlya-zhivotnyh.webp\",\"datePublished\":\"2024-06-17T15:58:45+00:00\",\"breadcrumb\":{\"@id\":\"https:\\\/\\\/zoo-land.az\\\/az\\\/shop\\\/cat\\\/cat-hygenic\\\/cat-cuttings-acces\\\/nunbell-clippers-for-cats-and-dogs\\\/#breadcrumb\"},\"inLanguage\":\"az\",\"potentialAction\":[{\"@type\":\"ReadAction\",\"target\":[\"https:\\\/\\\/zoo-land.az\\\/az\\\/shop\\\/cat\\\/cat-hygenic\\\/cat-cuttings-acces\\\/nunbell-clippers-for-cats-and-dogs\\\/\"]}]},{\"@type\":\"ImageObject\",\"inLanguage\":\"az\",\"@id\":\"https:\\\/\\\/zoo-land.az\\\/az\\\/shop\\\/cat\\\/cat-hygenic\\\/cat-cuttings-acces\\\/nunbell-clippers-for-cats-and-dogs\\\/#primaryimage\",\"url\":\"https:\\\/\\\/zoo-land.az\\\/wp-content\\\/uploads\\\/2024\\\/06\\\/201891385_w640_h640_kogterez-dlya-zhivotnyh.webp\",\"contentUrl\":\"https:\\\/\\\/zoo-land.az\\\/wp-content\\\/uploads\\\/2024\\\/06\\\/201891385_w640_h640_kogterez-dlya-zhivotnyh.webp\",\"width\":1280,\"height\":1280},{\"@type\":\"BreadcrumbList\",\"@id\":\"https:\\\/\\\/zoo-land.az\\\/az\\\/shop\\\/cat\\\/cat-hygenic\\\/cat-cuttings-acces\\\/nunbell-clippers-for-cats-and-dogs\\\/#breadcrumb\",\"itemListElement\":[{\"@type\":\"ListItem\",\"position\":1,\"name\":\"Home\",\"item\":\"https:\\\/\\\/zoo-land.az\\\/ru\\\/\"},{\"@type\":\"ListItem\",\"position\":2,\"name\":\"Shop\",\"item\":\"https:\\\/\\\/zoo-land.az\\\/ru\\\/\"},{\"@type\":\"ListItem\",\"position\":3,\"name\":\"Nunbell clippers for cats and dogs\"}]},{\"@type\":\"WebSite\",\"@id\":\"https:\\\/\\\/zoo-land.az\\\/#website\",\"url\":\"https:\\\/\\\/zoo-land.az\\\/\",\"name\":\"Zooland.az\",\"description\":\"Xo\u015fb\u0259xt ev heyvanlar\u0131n\u0131n \u00fcnvan\u0131 Zooland.az\",\"publisher\":{\"@id\":\"https:\\\/\\\/zoo-land.az\\\/#organization\"},\"potentialAction\":[{\"@type\":\"SearchAction\",\"target\":{\"@type\":\"EntryPoint\",\"urlTemplate\":\"https:\\\/\\\/zoo-land.az\\\/?s={search_term_string}\"},\"query-input\":{\"@type\":\"PropertyValueSpecification\",\"valueRequired\":true,\"valueName\":\"search_term_string\"}}],\"inLanguage\":\"az\"},{\"@type\":\"Organization\",\"@id\":\"https:\\\/\\\/zoo-land.az\\\/#organization\",\"name\":\"Zooland.az\",\"url\":\"https:\\\/\\\/zoo-land.az\\\/\",\"logo\":{\"@type\":\"ImageObject\",\"inLanguage\":\"az\",\"@id\":\"https:\\\/\\\/zoo-land.az\\\/#\\\/schema\\\/logo\\\/image\\\/\",\"url\":\"https:\\\/\\\/zoo-land.az\\\/wp-content\\\/uploads\\\/2022\\\/05\\\/logo.svg\",\"contentUrl\":\"https:\\\/\\\/zoo-land.az\\\/wp-content\\\/uploads\\\/2022\\\/05\\\/logo.svg\",\"width\":113,\"height\":46,\"caption\":\"Zooland.az\"},\"image\":{\"@id\":\"https:\\\/\\\/zoo-land.az\\\/#\\\/schema\\\/logo\\\/image\\\/\"}}]}<\/script>\n<!-- \/ Yoast SEO plugin. -->","yoast_head_json":{"title":"Nunbell clippers for cats and dogs - Zooland.az","robots":{"index":"index","follow":"follow","max-snippet":"max-snippet:-1","max-image-preview":"max-image-preview:large","max-video-preview":"max-video-preview:-1"},"canonical":"https:\/\/zoo-land.az\/az\/shop\/cat\/cat-hygenic\/cat-cuttings-acces\/nunbell-clippers-for-cats-and-dogs\/","og_locale":"az_AZ","og_type":"article","og_title":"Nunbell clippers for cats and dogs - Zooland.az","og_description":"Claw trimmer for animals suitable for cats and dogs.  Helps to trim claws painlessly.  Simple and easy to use.  Rubberized handles prevent slipping from hands.  Comes with a safety guard for safe trimming and a safety lock on the handle for secure storage.  Can be used as a claw trimmer for cats, small dogs, as well as rodents, rabbits, turtles, and birds.","og_url":"https:\/\/zoo-land.az\/az\/shop\/cat\/cat-hygenic\/cat-cuttings-acces\/nunbell-clippers-for-cats-and-dogs\/","og_site_name":"Zooland.az","og_image":[{"width":1280,"height":1280,"url":"https:\/\/zoo-land.az\/wp-content\/uploads\/2024\/06\/201891385_w640_h640_kogterez-dlya-zhivotnyh.webp","type":"image\/webp"}],"twitter_card":"summary_large_image","twitter_misc":{"Est. reading time":"1 minute"},"schema":{"@context":"https:\/\/schema.org","@graph":[{"@type":"WebPage","@id":"https:\/\/zoo-land.az\/az\/shop\/cat\/cat-hygenic\/cat-cuttings-acces\/nunbell-clippers-for-cats-and-dogs\/","url":"https:\/\/zoo-land.az\/az\/shop\/cat\/cat-hygenic\/cat-cuttings-acces\/nunbell-clippers-for-cats-and-dogs\/","name":"Nunbell clippers for cats and dogs - Zooland.az","isPartOf":{"@id":"https:\/\/zoo-land.az\/#website"},"primaryImageOfPage":{"@id":"https:\/\/zoo-land.az\/az\/shop\/cat\/cat-hygenic\/cat-cuttings-acces\/nunbell-clippers-for-cats-and-dogs\/#primaryimage"},"image":{"@id":"https:\/\/zoo-land.az\/az\/shop\/cat\/cat-hygenic\/cat-cuttings-acces\/nunbell-clippers-for-cats-and-dogs\/#primaryimage"},"thumbnailUrl":"https:\/\/zoo-land.az\/wp-content\/uploads\/2024\/06\/201891385_w640_h640_kogterez-dlya-zhivotnyh.webp","datePublished":"2024-06-17T15:58:45+00:00","breadcrumb":{"@id":"https:\/\/zoo-land.az\/az\/shop\/cat\/cat-hygenic\/cat-cuttings-acces\/nunbell-clippers-for-cats-and-dogs\/#breadcrumb"},"inLanguage":"az","potentialAction":[{"@type":"ReadAction","target":["https:\/\/zoo-land.az\/az\/shop\/cat\/cat-hygenic\/cat-cuttings-acces\/nunbell-clippers-for-cats-and-dogs\/"]}]},{"@type":"ImageObject","inLanguage":"az","@id":"https:\/\/zoo-land.az\/az\/shop\/cat\/cat-hygenic\/cat-cuttings-acces\/nunbell-clippers-for-cats-and-dogs\/#primaryimage","url":"https:\/\/zoo-land.az\/wp-content\/uploads\/2024\/06\/201891385_w640_h640_kogterez-dlya-zhivotnyh.webp","contentUrl":"https:\/\/zoo-land.az\/wp-content\/uploads\/2024\/06\/201891385_w640_h640_kogterez-dlya-zhivotnyh.webp","width":1280,"height":1280},{"@type":"BreadcrumbList","@id":"https:\/\/zoo-land.az\/az\/shop\/cat\/cat-hygenic\/cat-cuttings-acces\/nunbell-clippers-for-cats-and-dogs\/#breadcrumb","itemListElement":[{"@type":"ListItem","position":1,"name":"Home","item":"https:\/\/zoo-land.az\/ru\/"},{"@type":"ListItem","position":2,"name":"Shop","item":"https:\/\/zoo-land.az\/ru\/"},{"@type":"ListItem","position":3,"name":"Nunbell clippers for cats and dogs"}]},{"@type":"WebSite","@id":"https:\/\/zoo-land.az\/#website","url":"https:\/\/zoo-land.az\/","name":"Zooland.az","description":"Xo\u015fb\u0259xt ev heyvanlar\u0131n\u0131n \u00fcnvan\u0131 Zooland.az","publisher":{"@id":"https:\/\/zoo-land.az\/#organization"},"potentialAction":[{"@type":"SearchAction","target":{"@type":"EntryPoint","urlTemplate":"https:\/\/zoo-land.az\/?s={search_term_string}"},"query-input":{"@type":"PropertyValueSpecification","valueRequired":true,"valueName":"search_term_string"}}],"inLanguage":"az"},{"@type":"Organization","@id":"https:\/\/zoo-land.az\/#organization","name":"Zooland.az","url":"https:\/\/zoo-land.az\/","logo":{"@type":"ImageObject","inLanguage":"az","@id":"https:\/\/zoo-land.az\/#\/schema\/logo\/image\/","url":"https:\/\/zoo-land.az\/wp-content\/uploads\/2022\/05\/logo.svg","contentUrl":"https:\/\/zoo-land.az\/wp-content\/uploads\/2022\/05\/logo.svg","width":113,"height":46,"caption":"Zooland.az"},"image":{"@id":"https:\/\/zoo-land.az\/#\/schema\/logo\/image\/"}}]}},"_links":{"self":[{"href":"https:\/\/zoo-land.az\/az\/wp-json\/wp\/v2\/product\/23915","targetHints":{"allow":["GET"]}}],"collection":[{"href":"https:\/\/zoo-land.az\/az\/wp-json\/wp\/v2\/product"}],"about":[{"href":"https:\/\/zoo-land.az\/az\/wp-json\/wp\/v2\/types\/product"}],"wp:featuredmedia":[{"embeddable":true,"href":"https:\/\/zoo-land.az\/az\/wp-json\/wp\/v2\/media\/23916"}],"wp:attachment":[{"href":"https:\/\/zoo-land.az\/az\/wp-json\/wp\/v2\/media?parent=23915"}],"wp:term":[{"taxonomy":"product_cat","embeddable":true,"href":"https:\/\/zoo-land.az\/az\/wp-json\/wp\/v2\/product_cat?post=23915"},{"taxonomy":"product_tag","embeddable":true,"href":"https:\/\/zoo-land.az\/az\/wp-json\/wp\/v2\/product_tag?post=23915"}],"curies":[{"name":"wp","href":"https:\/\/api.w.org\/{rel}","templated":true}]}}