{"id":23925,"date":"2024-06-17T16:08:34","date_gmt":"2024-06-17T16:08:34","guid":{"rendered":"https:\/\/lightsteelblue-zebra-299715.hostingersite.com\/?post_type=product&#038;p=23925"},"modified":"2024-06-17T16:09:05","modified_gmt":"2024-06-17T16:09:05","slug":"beaphar-no-stress-collar-dog","status":"publish","type":"product","link":"https:\/\/zoo-land.az\/az\/shop\/dog\/dog-accesories\/dog-hairsavers\/beaphar-no-stress-collar-dog\/","title":{"rendered":"Beaphar No Stress Collar Dog"},"content":{"rendered":"<div class=\"flex flex-grow flex-col max-w-full\">\n<div class=\"min-h-[20px] text-message flex flex-col items-start whitespace-pre-wrap break-words [.text-message+&amp;]:mt-5 juice:w-full juice:items-end overflow-x-auto gap-2\" dir=\"auto\" data-message-author-role=\"assistant\" data-message-id=\"5d5236e1-7bdb-4679-926a-b834df4198f4\">\n<div class=\"flex w-full flex-col gap-1 juice:empty:hidden juice:first:pt-[3px]\">\n<div class=\"markdown prose w-full break-words dark:prose-invert light\">\n<p>Soothing collar based on essential oils for dogs. It has a calming effect on dogs experiencing stress or severe anxiety. Lavender reduces itching, has antibacterial and soothing effects, and is beneficial for anxious, nervous dogs. Valerian has a sedative effect on dogs with nervous agitation or panic attacks. Recommended for puppies older than 12 weeks and dogs to alleviate stress during vet visits, moving or traveling, boarding, thunderstorms, and fireworks. The collar&#8217;s effectiveness lasts up to 6 weeks.<\/p>\n<\/div>\n<\/div>\n<\/div>\n<\/div>","protected":false},"excerpt":{"rendered":"<div class=\"flex flex-grow flex-col max-w-full\">\n<div class=\"min-h-[20px] text-message flex flex-col items-start whitespace-pre-wrap break-words [.text-message+&amp;]:mt-5 juice:w-full juice:items-end overflow-x-auto gap-2\" dir=\"auto\" data-message-author-role=\"assistant\" data-message-id=\"5d5236e1-7bdb-4679-926a-b834df4198f4\">\n<div class=\"flex w-full flex-col gap-1 juice:empty:hidden juice:first:pt-[3px]\">\n<div class=\"markdown prose w-full break-words dark:prose-invert light\">\n<p>Soothing collar based on essential oils for dogs. It has a calming effect on dogs experiencing stress or severe anxiety. Lavender reduces itching, has antibacterial and soothing effects, and is beneficial for anxious, nervous dogs. Valerian has a sedative effect on dogs with nervous agitation or panic attacks. Recommended for puppies older than 12 weeks and dogs to alleviate stress during vet visits, moving or traveling, boarding, thunderstorms, and fireworks. The collar&#8217;s effectiveness lasts up to 6 weeks.<\/p>\n<\/div>\n<\/div>\n<\/div>\n<\/div>","protected":false},"featured_media":23926,"template":"","meta":{"inline_featured_image":false,"_joinchat":[]},"product_cat":[159,163,107],"product_tag":[],"class_list":{"0":"post-23925","1":"product","2":"type-product","3":"status-publish","4":"has-post-thumbnail","6":"product_brand-beaphar","7":"product_cat-dog-accesories","8":"product_cat-dog-hairsavers","9":"product_cat-dog","11":"first","12":"instock","13":"shipping-taxable","14":"purchasable","15":"product-type-simple"},"yoast_head":"<!-- This site is optimized with the Yoast SEO plugin v26.7 - https:\/\/yoast.com\/wordpress\/plugins\/seo\/ -->\n<title>Beaphar No Stress Collar Dog - Zooland.az<\/title>\n<meta name=\"robots\" content=\"index, follow, max-snippet:-1, max-image-preview:large, max-video-preview:-1\" \/>\n<link rel=\"canonical\" href=\"https:\/\/zoo-land.az\/az\/shop\/dog\/dog-accesories\/dog-hairsavers\/beaphar-no-stress-collar-dog\/\" \/>\n<meta property=\"og:locale\" content=\"az_AZ\" \/>\n<meta property=\"og:type\" content=\"article\" \/>\n<meta property=\"og:title\" content=\"Beaphar No Stress Collar Dog - Zooland.az\" \/>\n<meta property=\"og:description\" content=\"Soothing collar based on essential oils for dogs. It has a calming effect on dogs experiencing stress or severe anxiety. Lavender reduces itching, has antibacterial and soothing effects, and is beneficial for anxious, nervous dogs. Valerian has a sedative effect on dogs with nervous agitation or panic attacks. Recommended for puppies older than 12 weeks and dogs to alleviate stress during vet visits, moving or traveling, boarding, thunderstorms, and fireworks. The collar&#039;s effectiveness lasts up to 6 weeks.\" \/>\n<meta property=\"og:url\" content=\"https:\/\/zoo-land.az\/az\/shop\/dog\/dog-accesories\/dog-hairsavers\/beaphar-no-stress-collar-dog\/\" \/>\n<meta property=\"og:site_name\" content=\"Zooland.az\" \/>\n<meta property=\"article:modified_time\" content=\"2024-06-17T16:09:05+00:00\" \/>\n<meta property=\"og:image\" content=\"https:\/\/zoo-land.az\/wp-content\/uploads\/2024\/06\/97470-1c58e766a757ea32740181f70a682331.jpg\" \/>\n\t<meta property=\"og:image:width\" content=\"840\" \/>\n\t<meta property=\"og:image:height\" content=\"1175\" \/>\n\t<meta property=\"og:image:type\" content=\"image\/jpeg\" \/>\n<meta name=\"twitter:card\" content=\"summary_large_image\" \/>\n<meta name=\"twitter:label1\" content=\"Est. reading time\" \/>\n\t<meta name=\"twitter:data1\" content=\"1 minute\" \/>\n<script type=\"application\/ld+json\" class=\"yoast-schema-graph\">{\"@context\":\"https:\/\/schema.org\",\"@graph\":[{\"@type\":\"WebPage\",\"@id\":\"https:\/\/zoo-land.az\/shop\/dog\/dog-accesories\/dog-hairsavers\/beaphar-no-stress-collar-dog\/\",\"url\":\"https:\/\/zoo-land.az\/shop\/dog\/dog-accesories\/dog-hairsavers\/beaphar-no-stress-collar-dog\/\",\"name\":\"Beaphar No Stress Collar Dog - Zooland.az\",\"isPartOf\":{\"@id\":\"https:\/\/zoo-land.az\/#website\"},\"primaryImageOfPage\":{\"@id\":\"https:\/\/zoo-land.az\/shop\/dog\/dog-accesories\/dog-hairsavers\/beaphar-no-stress-collar-dog\/#primaryimage\"},\"image\":{\"@id\":\"https:\/\/zoo-land.az\/shop\/dog\/dog-accesories\/dog-hairsavers\/beaphar-no-stress-collar-dog\/#primaryimage\"},\"thumbnailUrl\":\"https:\/\/zoo-land.az\/wp-content\/uploads\/2024\/06\/97470-1c58e766a757ea32740181f70a682331.jpg\",\"datePublished\":\"2024-06-17T16:08:34+00:00\",\"dateModified\":\"2024-06-17T16:09:05+00:00\",\"breadcrumb\":{\"@id\":\"https:\/\/zoo-land.az\/shop\/dog\/dog-accesories\/dog-hairsavers\/beaphar-no-stress-collar-dog\/#breadcrumb\"},\"inLanguage\":\"az\",\"potentialAction\":[{\"@type\":\"ReadAction\",\"target\":[\"https:\/\/zoo-land.az\/shop\/dog\/dog-accesories\/dog-hairsavers\/beaphar-no-stress-collar-dog\/\"]}]},{\"@type\":\"ImageObject\",\"inLanguage\":\"az\",\"@id\":\"https:\/\/zoo-land.az\/shop\/dog\/dog-accesories\/dog-hairsavers\/beaphar-no-stress-collar-dog\/#primaryimage\",\"url\":\"https:\/\/zoo-land.az\/wp-content\/uploads\/2024\/06\/97470-1c58e766a757ea32740181f70a682331.jpg\",\"contentUrl\":\"https:\/\/zoo-land.az\/wp-content\/uploads\/2024\/06\/97470-1c58e766a757ea32740181f70a682331.jpg\",\"width\":840,\"height\":1175},{\"@type\":\"BreadcrumbList\",\"@id\":\"https:\/\/zoo-land.az\/shop\/dog\/dog-accesories\/dog-hairsavers\/beaphar-no-stress-collar-dog\/#breadcrumb\",\"itemListElement\":[{\"@type\":\"ListItem\",\"position\":1,\"name\":\"Home\",\"item\":\"https:\/\/zoo-land.az\/ru\/\"},{\"@type\":\"ListItem\",\"position\":2,\"name\":\"Shop\",\"item\":\"https:\/\/zoo-land.az\/ru\/\"},{\"@type\":\"ListItem\",\"position\":3,\"name\":\"Beaphar No Stress Collar Dog\"}]},{\"@type\":\"WebSite\",\"@id\":\"https:\/\/zoo-land.az\/#website\",\"url\":\"https:\/\/zoo-land.az\/\",\"name\":\"Zooland.az\",\"description\":\"Xo\u015fb\u0259xt ev heyvanlar\u0131n\u0131n \u00fcnvan\u0131 Zooland.az\",\"publisher\":{\"@id\":\"https:\/\/zoo-land.az\/#organization\"},\"potentialAction\":[{\"@type\":\"SearchAction\",\"target\":{\"@type\":\"EntryPoint\",\"urlTemplate\":\"https:\/\/zoo-land.az\/?s={search_term_string}\"},\"query-input\":{\"@type\":\"PropertyValueSpecification\",\"valueRequired\":true,\"valueName\":\"search_term_string\"}}],\"inLanguage\":\"az\"},{\"@type\":\"Organization\",\"@id\":\"https:\/\/zoo-land.az\/#organization\",\"name\":\"Zooland.az\",\"url\":\"https:\/\/zoo-land.az\/\",\"logo\":{\"@type\":\"ImageObject\",\"inLanguage\":\"az\",\"@id\":\"https:\/\/zoo-land.az\/#\/schema\/logo\/image\/\",\"url\":\"https:\/\/zoo-land.az\/wp-content\/uploads\/2022\/05\/logo.svg\",\"contentUrl\":\"https:\/\/zoo-land.az\/wp-content\/uploads\/2022\/05\/logo.svg\",\"width\":113,\"height\":46,\"caption\":\"Zooland.az\"},\"image\":{\"@id\":\"https:\/\/zoo-land.az\/#\/schema\/logo\/image\/\"}}]}<\/script>\n<!-- \/ Yoast SEO plugin. -->","yoast_head_json":{"title":"Beaphar No Stress Collar Dog - Zooland.az","robots":{"index":"index","follow":"follow","max-snippet":"max-snippet:-1","max-image-preview":"max-image-preview:large","max-video-preview":"max-video-preview:-1"},"canonical":"https:\/\/zoo-land.az\/az\/shop\/dog\/dog-accesories\/dog-hairsavers\/beaphar-no-stress-collar-dog\/","og_locale":"az_AZ","og_type":"article","og_title":"Beaphar No Stress Collar Dog - Zooland.az","og_description":"Soothing collar based on essential oils for dogs. It has a calming effect on dogs experiencing stress or severe anxiety. Lavender reduces itching, has antibacterial and soothing effects, and is beneficial for anxious, nervous dogs. Valerian has a sedative effect on dogs with nervous agitation or panic attacks. Recommended for puppies older than 12 weeks and dogs to alleviate stress during vet visits, moving or traveling, boarding, thunderstorms, and fireworks. The collar's effectiveness lasts up to 6 weeks.","og_url":"https:\/\/zoo-land.az\/az\/shop\/dog\/dog-accesories\/dog-hairsavers\/beaphar-no-stress-collar-dog\/","og_site_name":"Zooland.az","article_modified_time":"2024-06-17T16:09:05+00:00","og_image":[{"width":840,"height":1175,"url":"https:\/\/zoo-land.az\/wp-content\/uploads\/2024\/06\/97470-1c58e766a757ea32740181f70a682331.jpg","type":"image\/jpeg"}],"twitter_card":"summary_large_image","twitter_misc":{"Est. reading time":"1 minute"},"schema":{"@context":"https:\/\/schema.org","@graph":[{"@type":"WebPage","@id":"https:\/\/zoo-land.az\/shop\/dog\/dog-accesories\/dog-hairsavers\/beaphar-no-stress-collar-dog\/","url":"https:\/\/zoo-land.az\/shop\/dog\/dog-accesories\/dog-hairsavers\/beaphar-no-stress-collar-dog\/","name":"Beaphar No Stress Collar Dog - Zooland.az","isPartOf":{"@id":"https:\/\/zoo-land.az\/#website"},"primaryImageOfPage":{"@id":"https:\/\/zoo-land.az\/shop\/dog\/dog-accesories\/dog-hairsavers\/beaphar-no-stress-collar-dog\/#primaryimage"},"image":{"@id":"https:\/\/zoo-land.az\/shop\/dog\/dog-accesories\/dog-hairsavers\/beaphar-no-stress-collar-dog\/#primaryimage"},"thumbnailUrl":"https:\/\/zoo-land.az\/wp-content\/uploads\/2024\/06\/97470-1c58e766a757ea32740181f70a682331.jpg","datePublished":"2024-06-17T16:08:34+00:00","dateModified":"2024-06-17T16:09:05+00:00","breadcrumb":{"@id":"https:\/\/zoo-land.az\/shop\/dog\/dog-accesories\/dog-hairsavers\/beaphar-no-stress-collar-dog\/#breadcrumb"},"inLanguage":"az","potentialAction":[{"@type":"ReadAction","target":["https:\/\/zoo-land.az\/shop\/dog\/dog-accesories\/dog-hairsavers\/beaphar-no-stress-collar-dog\/"]}]},{"@type":"ImageObject","inLanguage":"az","@id":"https:\/\/zoo-land.az\/shop\/dog\/dog-accesories\/dog-hairsavers\/beaphar-no-stress-collar-dog\/#primaryimage","url":"https:\/\/zoo-land.az\/wp-content\/uploads\/2024\/06\/97470-1c58e766a757ea32740181f70a682331.jpg","contentUrl":"https:\/\/zoo-land.az\/wp-content\/uploads\/2024\/06\/97470-1c58e766a757ea32740181f70a682331.jpg","width":840,"height":1175},{"@type":"BreadcrumbList","@id":"https:\/\/zoo-land.az\/shop\/dog\/dog-accesories\/dog-hairsavers\/beaphar-no-stress-collar-dog\/#breadcrumb","itemListElement":[{"@type":"ListItem","position":1,"name":"Home","item":"https:\/\/zoo-land.az\/ru\/"},{"@type":"ListItem","position":2,"name":"Shop","item":"https:\/\/zoo-land.az\/ru\/"},{"@type":"ListItem","position":3,"name":"Beaphar No Stress Collar Dog"}]},{"@type":"WebSite","@id":"https:\/\/zoo-land.az\/#website","url":"https:\/\/zoo-land.az\/","name":"Zooland.az","description":"Xo\u015fb\u0259xt ev heyvanlar\u0131n\u0131n \u00fcnvan\u0131 Zooland.az","publisher":{"@id":"https:\/\/zoo-land.az\/#organization"},"potentialAction":[{"@type":"SearchAction","target":{"@type":"EntryPoint","urlTemplate":"https:\/\/zoo-land.az\/?s={search_term_string}"},"query-input":{"@type":"PropertyValueSpecification","valueRequired":true,"valueName":"search_term_string"}}],"inLanguage":"az"},{"@type":"Organization","@id":"https:\/\/zoo-land.az\/#organization","name":"Zooland.az","url":"https:\/\/zoo-land.az\/","logo":{"@type":"ImageObject","inLanguage":"az","@id":"https:\/\/zoo-land.az\/#\/schema\/logo\/image\/","url":"https:\/\/zoo-land.az\/wp-content\/uploads\/2022\/05\/logo.svg","contentUrl":"https:\/\/zoo-land.az\/wp-content\/uploads\/2022\/05\/logo.svg","width":113,"height":46,"caption":"Zooland.az"},"image":{"@id":"https:\/\/zoo-land.az\/#\/schema\/logo\/image\/"}}]}},"_links":{"self":[{"href":"https:\/\/zoo-land.az\/az\/wp-json\/wp\/v2\/product\/23925","targetHints":{"allow":["GET"]}}],"collection":[{"href":"https:\/\/zoo-land.az\/az\/wp-json\/wp\/v2\/product"}],"about":[{"href":"https:\/\/zoo-land.az\/az\/wp-json\/wp\/v2\/types\/product"}],"wp:featuredmedia":[{"embeddable":true,"href":"https:\/\/zoo-land.az\/az\/wp-json\/wp\/v2\/media\/23926"}],"wp:attachment":[{"href":"https:\/\/zoo-land.az\/az\/wp-json\/wp\/v2\/media?parent=23925"}],"wp:term":[{"taxonomy":"product_cat","embeddable":true,"href":"https:\/\/zoo-land.az\/az\/wp-json\/wp\/v2\/product_cat?post=23925"},{"taxonomy":"product_tag","embeddable":true,"href":"https:\/\/zoo-land.az\/az\/wp-json\/wp\/v2\/product_tag?post=23925"}],"curies":[{"name":"wp","href":"https:\/\/api.w.org\/{rel}","templated":true}]}}