{"id":23963,"date":"2024-06-17T17:13:17","date_gmt":"2024-06-17T17:13:17","guid":{"rendered":"https:\/\/lightsteelblue-zebra-299715.hostingersite.com\/?post_type=product&#038;p=23963"},"modified":"2024-06-17T17:13:17","modified_gmt":"2024-06-17T17:13:17","slug":"amiplay-fun-m-dog-bed-black","status":"publish","type":"product","link":"https:\/\/zoo-land.az\/az\/shop\/dog\/dog-beds\/amiplay-fun-m-dog-bed-black\/","title":{"rendered":"Amiplay Fun M \u0130t Yata\u011f\u0131 Qara"},"content":{"rendered":"<p>Klassik oval it yata\u011f\u0131. Yum\u015faq v\u0259 rahatd\u0131r, rahat \u00e7\u0131xar\u0131la bil\u0259n yast\u0131qla g\u0259lir. Y\u00fcks\u0259k keyfiyy\u0259tli polyesterd\u0259n, davaml\u0131, islanmayan materialdan haz\u0131rlanm\u0131\u015fd\u0131r. Y\u00fcks\u0259k keyfiyy\u0259tli par\u00e7a v\u0259 g\u00fccl\u00fc tiki\u015f say\u0259sind\u0259 z\u0259d\u0259l\u0259r\u0259 davaml\u0131d\u0131r. Ekoloji c\u0259h\u0259td\u0259n t\u0259miz, hipoalerjenik doldurulma il\u0259 xarakteriz\u0259 olunur.<\/p>","protected":false},"excerpt":{"rendered":"<p>Klassik oval it yata\u011f\u0131. Yum\u015faq v\u0259 rahatd\u0131r, rahat \u00e7\u0131xar\u0131la bil\u0259n yast\u0131qla g\u0259lir. Y\u00fcks\u0259k keyfiyy\u0259tli polyesterd\u0259n, davaml\u0131, islanmayan materialdan haz\u0131rlanm\u0131\u015fd\u0131r. Y\u00fcks\u0259k keyfiyy\u0259tli par\u00e7a v\u0259 g\u00fccl\u00fc tiki\u015f say\u0259sind\u0259 z\u0259d\u0259l\u0259r\u0259 davaml\u0131d\u0131r. Ekoloji c\u0259h\u0259td\u0259n t\u0259miz, hipoalerjenik doldurulma il\u0259 xarakteriz\u0259 olunur.<\/p>","protected":false},"featured_media":23964,"template":"","meta":{"inline_featured_image":false,"_joinchat":[]},"product_cat":[130,107],"product_tag":[],"class_list":{"0":"post-23963","1":"product","2":"type-product","3":"status-publish","4":"has-post-thumbnail","6":"product_brand-amiplay","7":"product_cat-dog-beds","8":"product_cat-dog","10":"first","11":"instock","12":"shipping-taxable","13":"purchasable","14":"product-type-simple"},"yoast_head":"<!-- This site is optimized with the Yoast SEO plugin v27.4 - https:\/\/yoast.com\/product\/yoast-seo-wordpress\/ -->\n<title>Amiplay Fun M Dog Bed Black - Zooland.az<\/title>\n<meta name=\"robots\" content=\"index, follow, max-snippet:-1, max-image-preview:large, max-video-preview:-1\" \/>\n<link rel=\"canonical\" href=\"https:\/\/zoo-land.az\/az\/shop\/dog\/dog-beds\/amiplay-fun-m-dog-bed-black\/\" \/>\n<meta property=\"og:locale\" content=\"az_AZ\" \/>\n<meta property=\"og:type\" content=\"article\" \/>\n<meta property=\"og:title\" content=\"Amiplay Fun M Dog Bed Black - Zooland.az\" \/>\n<meta property=\"og:description\" content=\"Classic oval dog bed. Soft and comfortable, it comes with a convenient removable pillow. Made from high-quality polyester, a durable, non-soaking material. Resistant to damage due to high-quality fabric and strong stitching. Features an environmentally friendly, hypoallergenic filling.\" \/>\n<meta property=\"og:url\" content=\"https:\/\/zoo-land.az\/az\/shop\/dog\/dog-beds\/amiplay-fun-m-dog-bed-black\/\" \/>\n<meta property=\"og:site_name\" content=\"Zooland.az\" \/>\n<meta property=\"og:image\" content=\"https:\/\/zoo-land.az\/wp-content\/uploads\/2024\/06\/455878-03940af687ab9276d3193f0afd2aa636.jpg\" \/>\n\t<meta property=\"og:image:width\" content=\"840\" \/>\n\t<meta property=\"og:image:height\" content=\"840\" \/>\n\t<meta property=\"og:image:type\" content=\"image\/jpeg\" \/>\n<meta name=\"twitter:card\" content=\"summary_large_image\" \/>\n<meta name=\"twitter:label1\" content=\"Est. reading time\" \/>\n\t<meta name=\"twitter:data1\" content=\"1 minute\" \/>\n<script type=\"application\/ld+json\" class=\"yoast-schema-graph\">{\"@context\":\"https:\\\/\\\/schema.org\",\"@graph\":[{\"@type\":\"WebPage\",\"@id\":\"https:\\\/\\\/zoo-land.az\\\/az\\\/shop\\\/dog\\\/dog-beds\\\/amiplay-fun-m-dog-bed-black\\\/\",\"url\":\"https:\\\/\\\/zoo-land.az\\\/az\\\/shop\\\/dog\\\/dog-beds\\\/amiplay-fun-m-dog-bed-black\\\/\",\"name\":\"Amiplay Fun M Dog Bed Black - Zooland.az\",\"isPartOf\":{\"@id\":\"https:\\\/\\\/zoo-land.az\\\/ru\\\/#website\"},\"primaryImageOfPage\":{\"@id\":\"https:\\\/\\\/zoo-land.az\\\/az\\\/shop\\\/dog\\\/dog-beds\\\/amiplay-fun-m-dog-bed-black\\\/#primaryimage\"},\"image\":{\"@id\":\"https:\\\/\\\/zoo-land.az\\\/az\\\/shop\\\/dog\\\/dog-beds\\\/amiplay-fun-m-dog-bed-black\\\/#primaryimage\"},\"thumbnailUrl\":\"https:\\\/\\\/zoo-land.az\\\/wp-content\\\/uploads\\\/2024\\\/06\\\/455878-03940af687ab9276d3193f0afd2aa636.jpg\",\"datePublished\":\"2024-06-17T17:13:17+00:00\",\"breadcrumb\":{\"@id\":\"https:\\\/\\\/zoo-land.az\\\/az\\\/shop\\\/dog\\\/dog-beds\\\/amiplay-fun-m-dog-bed-black\\\/#breadcrumb\"},\"inLanguage\":\"az\",\"potentialAction\":[{\"@type\":\"ReadAction\",\"target\":[\"https:\\\/\\\/zoo-land.az\\\/az\\\/shop\\\/dog\\\/dog-beds\\\/amiplay-fun-m-dog-bed-black\\\/\"]}]},{\"@type\":\"ImageObject\",\"inLanguage\":\"az\",\"@id\":\"https:\\\/\\\/zoo-land.az\\\/az\\\/shop\\\/dog\\\/dog-beds\\\/amiplay-fun-m-dog-bed-black\\\/#primaryimage\",\"url\":\"https:\\\/\\\/zoo-land.az\\\/wp-content\\\/uploads\\\/2024\\\/06\\\/455878-03940af687ab9276d3193f0afd2aa636.jpg\",\"contentUrl\":\"https:\\\/\\\/zoo-land.az\\\/wp-content\\\/uploads\\\/2024\\\/06\\\/455878-03940af687ab9276d3193f0afd2aa636.jpg\",\"width\":840,\"height\":840},{\"@type\":\"BreadcrumbList\",\"@id\":\"https:\\\/\\\/zoo-land.az\\\/az\\\/shop\\\/dog\\\/dog-beds\\\/amiplay-fun-m-dog-bed-black\\\/#breadcrumb\",\"itemListElement\":[{\"@type\":\"ListItem\",\"position\":1,\"name\":\"Home\",\"item\":\"https:\\\/\\\/zoo-land.az\\\/ru\\\/\"},{\"@type\":\"ListItem\",\"position\":2,\"name\":\"Shop\",\"item\":\"https:\\\/\\\/zoo-land.az\\\/ru\\\/\"},{\"@type\":\"ListItem\",\"position\":3,\"name\":\"Amiplay Fun M Dog Bed Black\"}]},{\"@type\":\"WebSite\",\"@id\":\"https:\\\/\\\/zoo-land.az\\\/ru\\\/#website\",\"url\":\"https:\\\/\\\/zoo-land.az\\\/ru\\\/\",\"name\":\"Zooland.az\",\"description\":\"Xo\u015fb\u0259xt ev heyvanlar\u0131n\u0131n \u00fcnvan\u0131 Zooland.az\",\"publisher\":{\"@id\":\"https:\\\/\\\/zoo-land.az\\\/ru\\\/#organization\"},\"potentialAction\":[{\"@type\":\"SearchAction\",\"target\":{\"@type\":\"EntryPoint\",\"urlTemplate\":\"https:\\\/\\\/zoo-land.az\\\/ru\\\/?s={search_term_string}\"},\"query-input\":{\"@type\":\"PropertyValueSpecification\",\"valueRequired\":true,\"valueName\":\"search_term_string\"}}],\"inLanguage\":\"az\"},{\"@type\":\"Organization\",\"@id\":\"https:\\\/\\\/zoo-land.az\\\/ru\\\/#organization\",\"name\":\"Zooland.az\",\"url\":\"https:\\\/\\\/zoo-land.az\\\/ru\\\/\",\"logo\":{\"@type\":\"ImageObject\",\"inLanguage\":\"az\",\"@id\":\"https:\\\/\\\/zoo-land.az\\\/ru\\\/#\\\/schema\\\/logo\\\/image\\\/\",\"url\":\"https:\\\/\\\/zoo-land.az\\\/wp-content\\\/uploads\\\/2022\\\/05\\\/logo.svg\",\"contentUrl\":\"https:\\\/\\\/zoo-land.az\\\/wp-content\\\/uploads\\\/2022\\\/05\\\/logo.svg\",\"width\":113,\"height\":46,\"caption\":\"Zooland.az\"},\"image\":{\"@id\":\"https:\\\/\\\/zoo-land.az\\\/ru\\\/#\\\/schema\\\/logo\\\/image\\\/\"}}]}<\/script>\n<!-- \/ Yoast SEO plugin. -->","yoast_head_json":{"title":"Amiplay Fun M Dog Bed Black - Zooland.az","robots":{"index":"index","follow":"follow","max-snippet":"max-snippet:-1","max-image-preview":"max-image-preview:large","max-video-preview":"max-video-preview:-1"},"canonical":"https:\/\/zoo-land.az\/az\/shop\/dog\/dog-beds\/amiplay-fun-m-dog-bed-black\/","og_locale":"az_AZ","og_type":"article","og_title":"Amiplay Fun M Dog Bed Black - Zooland.az","og_description":"Classic oval dog bed. Soft and comfortable, it comes with a convenient removable pillow. Made from high-quality polyester, a durable, non-soaking material. Resistant to damage due to high-quality fabric and strong stitching. Features an environmentally friendly, hypoallergenic filling.","og_url":"https:\/\/zoo-land.az\/az\/shop\/dog\/dog-beds\/amiplay-fun-m-dog-bed-black\/","og_site_name":"Zooland.az","og_image":[{"width":840,"height":840,"url":"https:\/\/zoo-land.az\/wp-content\/uploads\/2024\/06\/455878-03940af687ab9276d3193f0afd2aa636.jpg","type":"image\/jpeg"}],"twitter_card":"summary_large_image","twitter_misc":{"Est. reading time":"1 minute"},"schema":{"@context":"https:\/\/schema.org","@graph":[{"@type":"WebPage","@id":"https:\/\/zoo-land.az\/az\/shop\/dog\/dog-beds\/amiplay-fun-m-dog-bed-black\/","url":"https:\/\/zoo-land.az\/az\/shop\/dog\/dog-beds\/amiplay-fun-m-dog-bed-black\/","name":"Amiplay Fun M Dog Bed Black - Zooland.az","isPartOf":{"@id":"https:\/\/zoo-land.az\/ru\/#website"},"primaryImageOfPage":{"@id":"https:\/\/zoo-land.az\/az\/shop\/dog\/dog-beds\/amiplay-fun-m-dog-bed-black\/#primaryimage"},"image":{"@id":"https:\/\/zoo-land.az\/az\/shop\/dog\/dog-beds\/amiplay-fun-m-dog-bed-black\/#primaryimage"},"thumbnailUrl":"https:\/\/zoo-land.az\/wp-content\/uploads\/2024\/06\/455878-03940af687ab9276d3193f0afd2aa636.jpg","datePublished":"2024-06-17T17:13:17+00:00","breadcrumb":{"@id":"https:\/\/zoo-land.az\/az\/shop\/dog\/dog-beds\/amiplay-fun-m-dog-bed-black\/#breadcrumb"},"inLanguage":"az","potentialAction":[{"@type":"ReadAction","target":["https:\/\/zoo-land.az\/az\/shop\/dog\/dog-beds\/amiplay-fun-m-dog-bed-black\/"]}]},{"@type":"ImageObject","inLanguage":"az","@id":"https:\/\/zoo-land.az\/az\/shop\/dog\/dog-beds\/amiplay-fun-m-dog-bed-black\/#primaryimage","url":"https:\/\/zoo-land.az\/wp-content\/uploads\/2024\/06\/455878-03940af687ab9276d3193f0afd2aa636.jpg","contentUrl":"https:\/\/zoo-land.az\/wp-content\/uploads\/2024\/06\/455878-03940af687ab9276d3193f0afd2aa636.jpg","width":840,"height":840},{"@type":"BreadcrumbList","@id":"https:\/\/zoo-land.az\/az\/shop\/dog\/dog-beds\/amiplay-fun-m-dog-bed-black\/#breadcrumb","itemListElement":[{"@type":"ListItem","position":1,"name":"Home","item":"https:\/\/zoo-land.az\/ru\/"},{"@type":"ListItem","position":2,"name":"Shop","item":"https:\/\/zoo-land.az\/ru\/"},{"@type":"ListItem","position":3,"name":"Amiplay Fun M Dog Bed Black"}]},{"@type":"WebSite","@id":"https:\/\/zoo-land.az\/ru\/#website","url":"https:\/\/zoo-land.az\/ru\/","name":"Zooland.az","description":"Xo\u015fb\u0259xt ev heyvanlar\u0131n\u0131n \u00fcnvan\u0131 Zooland.az","publisher":{"@id":"https:\/\/zoo-land.az\/ru\/#organization"},"potentialAction":[{"@type":"SearchAction","target":{"@type":"EntryPoint","urlTemplate":"https:\/\/zoo-land.az\/ru\/?s={search_term_string}"},"query-input":{"@type":"PropertyValueSpecification","valueRequired":true,"valueName":"search_term_string"}}],"inLanguage":"az"},{"@type":"Organization","@id":"https:\/\/zoo-land.az\/ru\/#organization","name":"Zooland.az","url":"https:\/\/zoo-land.az\/ru\/","logo":{"@type":"ImageObject","inLanguage":"az","@id":"https:\/\/zoo-land.az\/ru\/#\/schema\/logo\/image\/","url":"https:\/\/zoo-land.az\/wp-content\/uploads\/2022\/05\/logo.svg","contentUrl":"https:\/\/zoo-land.az\/wp-content\/uploads\/2022\/05\/logo.svg","width":113,"height":46,"caption":"Zooland.az"},"image":{"@id":"https:\/\/zoo-land.az\/ru\/#\/schema\/logo\/image\/"}}]}},"_links":{"self":[{"href":"https:\/\/zoo-land.az\/az\/wp-json\/wp\/v2\/product\/23963","targetHints":{"allow":["GET"]}}],"collection":[{"href":"https:\/\/zoo-land.az\/az\/wp-json\/wp\/v2\/product"}],"about":[{"href":"https:\/\/zoo-land.az\/az\/wp-json\/wp\/v2\/types\/product"}],"wp:featuredmedia":[{"embeddable":true,"href":"https:\/\/zoo-land.az\/az\/wp-json\/wp\/v2\/media\/23964"}],"wp:attachment":[{"href":"https:\/\/zoo-land.az\/az\/wp-json\/wp\/v2\/media?parent=23963"}],"wp:term":[{"taxonomy":"product_cat","embeddable":true,"href":"https:\/\/zoo-land.az\/az\/wp-json\/wp\/v2\/product_cat?post=23963"},{"taxonomy":"product_tag","embeddable":true,"href":"https:\/\/zoo-land.az\/az\/wp-json\/wp\/v2\/product_tag?post=23963"}],"curies":[{"name":"wp","href":"https:\/\/api.w.org\/{rel}","templated":true}]}}