{"id":23965,"date":"2024-06-17T17:15:00","date_gmt":"2024-06-17T17:15:00","guid":{"rendered":"https:\/\/lightsteelblue-zebra-299715.hostingersite.com\/?post_type=product&#038;p=23965"},"modified":"2024-06-17T17:15:00","modified_gmt":"2024-06-17T17:15:00","slug":"amiplay-hyge-l-dog-bed-gray","status":"publish","type":"product","link":"https:\/\/zoo-land.az\/az\/shop\/dog\/dog-beds\/amiplay-hyge-l-dog-bed-gray\/","title":{"rendered":"Amiplay Hyge L \u0130t Yata\u011f\u0131 Boz"},"content":{"rendered":"<p>Unikal dizayna malik \u015fezlonq yata\u011f\u0131 istirah\u0259t \u00fc\u00e7\u00fcn m\u00fck\u0259mm\u0259ldir. Sintetik t\u00fck v\u0259 k\u00f6p\u00fck\u00fcn x\u00fcsusi qar\u0131\u015f\u0131\u011f\u0131 il\u0259 doldurulmu\u015f qal\u0131n yast\u0131\u011f\u0131 yum\u015faql\u0131q v\u0259 \u0259la izolyasiya t\u0259min edir. Yata\u011f\u0131n yum\u015faq ke\u00e7\u0259 s\u0259rh\u0259dl\u0259ri ev heyvan\u0131n\u0131 yax\u015f\u0131 \u00f6rt\u00fcr v\u0259 \u00e7ox rahatd\u0131r. Ke\u00e7\u0259 b\u00fck\u00fclm\u00fcr v\u0259 \u0259l il\u0259 yuyula bil\u0259r, ona qulluq etm\u0259k asanla\u015f\u0131r. Buraya ma\u015f\u0131nda yuyula bil\u0259n geri \u00e7evril\u0259 bil\u0259n yast\u0131q daxildir.<\/p>","protected":false},"excerpt":{"rendered":"<p>Unikal dizayna malik \u015fezlonq yata\u011f\u0131 istirah\u0259t \u00fc\u00e7\u00fcn m\u00fck\u0259mm\u0259ldir. Sintetik t\u00fck v\u0259 k\u00f6p\u00fck\u00fcn x\u00fcsusi qar\u0131\u015f\u0131\u011f\u0131 il\u0259 doldurulmu\u015f qal\u0131n yast\u0131\u011f\u0131 yum\u015faql\u0131q v\u0259 \u0259la izolyasiya t\u0259min edir. Yata\u011f\u0131n yum\u015faq ke\u00e7\u0259 s\u0259rh\u0259dl\u0259ri ev heyvan\u0131n\u0131 yax\u015f\u0131 \u00f6rt\u00fcr v\u0259 \u00e7ox rahatd\u0131r. Ke\u00e7\u0259 b\u00fck\u00fclm\u00fcr v\u0259 \u0259l il\u0259 yuyula bil\u0259r, ona qulluq etm\u0259k asanla\u015f\u0131r. Buraya ma\u015f\u0131nda yuyula bil\u0259n geri \u00e7evril\u0259 bil\u0259n yast\u0131q daxildir.<\/p>","protected":false},"featured_media":23966,"template":"","meta":{"inline_featured_image":false,"_joinchat":[]},"product_cat":[130,107],"product_tag":[],"class_list":{"0":"post-23965","1":"product","2":"type-product","3":"status-publish","4":"has-post-thumbnail","6":"product_brand-amiplay","7":"product_cat-dog-beds","8":"product_cat-dog","10":"first","11":"instock","12":"shipping-taxable","13":"purchasable","14":"product-type-simple"},"yoast_head":"<!-- This site is optimized with the Yoast SEO plugin v27.4 - https:\/\/yoast.com\/product\/yoast-seo-wordpress\/ -->\n<title>Amiplay Hyge L Dog Bed Gray - Zooland.az<\/title>\n<meta name=\"robots\" content=\"index, follow, max-snippet:-1, max-image-preview:large, max-video-preview:-1\" \/>\n<link rel=\"canonical\" href=\"https:\/\/zoo-land.az\/az\/shop\/dog\/dog-beds\/amiplay-hyge-l-dog-bed-gray\/\" \/>\n<meta property=\"og:locale\" content=\"az_AZ\" \/>\n<meta property=\"og:type\" content=\"article\" \/>\n<meta property=\"og:title\" content=\"Amiplay Hyge L Dog Bed Gray - Zooland.az\" \/>\n<meta property=\"og:description\" content=\"The lounge bed with a unique design is perfect for relaxation. Its thick pillow, filled with a special blend of synthetic down and foam, provides softness and excellent insulation. The soft felt borders of the bed cover the pet well and are very comfortable. Felt does not crease and can be hand washed, making it easy to care for. It includes a reversible pillow that is machine washable.\" \/>\n<meta property=\"og:url\" content=\"https:\/\/zoo-land.az\/az\/shop\/dog\/dog-beds\/amiplay-hyge-l-dog-bed-gray\/\" \/>\n<meta property=\"og:site_name\" content=\"Zooland.az\" \/>\n<meta property=\"og:image\" content=\"https:\/\/zoo-land.az\/wp-content\/uploads\/2024\/06\/ristkulikukujuline-lemmiklooma-ase-amiplay-hygge-2in1-erinevad-8c6a5_original.jpg\" \/>\n\t<meta property=\"og:image:width\" content=\"2560\" \/>\n\t<meta property=\"og:image:height\" content=\"1920\" \/>\n\t<meta property=\"og:image:type\" content=\"image\/jpeg\" \/>\n<meta name=\"twitter:card\" content=\"summary_large_image\" \/>\n<meta name=\"twitter:label1\" content=\"Est. reading time\" \/>\n\t<meta name=\"twitter:data1\" content=\"1 minute\" \/>\n<script type=\"application\/ld+json\" class=\"yoast-schema-graph\">{\"@context\":\"https:\\\/\\\/schema.org\",\"@graph\":[{\"@type\":\"WebPage\",\"@id\":\"https:\\\/\\\/zoo-land.az\\\/shop\\\/dog\\\/dog-beds\\\/amiplay-hyge-l-dog-bed-gray\\\/\",\"url\":\"https:\\\/\\\/zoo-land.az\\\/shop\\\/dog\\\/dog-beds\\\/amiplay-hyge-l-dog-bed-gray\\\/\",\"name\":\"Amiplay Hyge L Dog Bed Gray - Zooland.az\",\"isPartOf\":{\"@id\":\"https:\\\/\\\/zoo-land.az\\\/#website\"},\"primaryImageOfPage\":{\"@id\":\"https:\\\/\\\/zoo-land.az\\\/shop\\\/dog\\\/dog-beds\\\/amiplay-hyge-l-dog-bed-gray\\\/#primaryimage\"},\"image\":{\"@id\":\"https:\\\/\\\/zoo-land.az\\\/shop\\\/dog\\\/dog-beds\\\/amiplay-hyge-l-dog-bed-gray\\\/#primaryimage\"},\"thumbnailUrl\":\"https:\\\/\\\/zoo-land.az\\\/wp-content\\\/uploads\\\/2024\\\/06\\\/ristkulikukujuline-lemmiklooma-ase-amiplay-hygge-2in1-erinevad-8c6a5_original.jpg\",\"datePublished\":\"2024-06-17T17:15:00+00:00\",\"breadcrumb\":{\"@id\":\"https:\\\/\\\/zoo-land.az\\\/shop\\\/dog\\\/dog-beds\\\/amiplay-hyge-l-dog-bed-gray\\\/#breadcrumb\"},\"inLanguage\":\"az\",\"potentialAction\":[{\"@type\":\"ReadAction\",\"target\":[\"https:\\\/\\\/zoo-land.az\\\/shop\\\/dog\\\/dog-beds\\\/amiplay-hyge-l-dog-bed-gray\\\/\"]}]},{\"@type\":\"ImageObject\",\"inLanguage\":\"az\",\"@id\":\"https:\\\/\\\/zoo-land.az\\\/shop\\\/dog\\\/dog-beds\\\/amiplay-hyge-l-dog-bed-gray\\\/#primaryimage\",\"url\":\"https:\\\/\\\/zoo-land.az\\\/wp-content\\\/uploads\\\/2024\\\/06\\\/ristkulikukujuline-lemmiklooma-ase-amiplay-hygge-2in1-erinevad-8c6a5_original.jpg\",\"contentUrl\":\"https:\\\/\\\/zoo-land.az\\\/wp-content\\\/uploads\\\/2024\\\/06\\\/ristkulikukujuline-lemmiklooma-ase-amiplay-hygge-2in1-erinevad-8c6a5_original.jpg\",\"width\":2560,\"height\":1920},{\"@type\":\"BreadcrumbList\",\"@id\":\"https:\\\/\\\/zoo-land.az\\\/shop\\\/dog\\\/dog-beds\\\/amiplay-hyge-l-dog-bed-gray\\\/#breadcrumb\",\"itemListElement\":[{\"@type\":\"ListItem\",\"position\":1,\"name\":\"Home\",\"item\":\"https:\\\/\\\/zoo-land.az\\\/ru\\\/\"},{\"@type\":\"ListItem\",\"position\":2,\"name\":\"Shop\",\"item\":\"https:\\\/\\\/zoo-land.az\\\/ru\\\/\"},{\"@type\":\"ListItem\",\"position\":3,\"name\":\"Amiplay Hyge L Dog Bed Gray\"}]},{\"@type\":\"WebSite\",\"@id\":\"https:\\\/\\\/zoo-land.az\\\/#website\",\"url\":\"https:\\\/\\\/zoo-land.az\\\/\",\"name\":\"Zooland.az\",\"description\":\"Xo\u015fb\u0259xt ev heyvanlar\u0131n\u0131n \u00fcnvan\u0131 Zooland.az\",\"publisher\":{\"@id\":\"https:\\\/\\\/zoo-land.az\\\/#organization\"},\"potentialAction\":[{\"@type\":\"SearchAction\",\"target\":{\"@type\":\"EntryPoint\",\"urlTemplate\":\"https:\\\/\\\/zoo-land.az\\\/?s={search_term_string}\"},\"query-input\":{\"@type\":\"PropertyValueSpecification\",\"valueRequired\":true,\"valueName\":\"search_term_string\"}}],\"inLanguage\":\"az\"},{\"@type\":\"Organization\",\"@id\":\"https:\\\/\\\/zoo-land.az\\\/#organization\",\"name\":\"Zooland.az\",\"url\":\"https:\\\/\\\/zoo-land.az\\\/\",\"logo\":{\"@type\":\"ImageObject\",\"inLanguage\":\"az\",\"@id\":\"https:\\\/\\\/zoo-land.az\\\/#\\\/schema\\\/logo\\\/image\\\/\",\"url\":\"https:\\\/\\\/zoo-land.az\\\/wp-content\\\/uploads\\\/2022\\\/05\\\/logo.svg\",\"contentUrl\":\"https:\\\/\\\/zoo-land.az\\\/wp-content\\\/uploads\\\/2022\\\/05\\\/logo.svg\",\"width\":113,\"height\":46,\"caption\":\"Zooland.az\"},\"image\":{\"@id\":\"https:\\\/\\\/zoo-land.az\\\/#\\\/schema\\\/logo\\\/image\\\/\"}}]}<\/script>\n<!-- \/ Yoast SEO plugin. -->","yoast_head_json":{"title":"Amiplay Hyge L Dog Bed Gray - Zooland.az","robots":{"index":"index","follow":"follow","max-snippet":"max-snippet:-1","max-image-preview":"max-image-preview:large","max-video-preview":"max-video-preview:-1"},"canonical":"https:\/\/zoo-land.az\/az\/shop\/dog\/dog-beds\/amiplay-hyge-l-dog-bed-gray\/","og_locale":"az_AZ","og_type":"article","og_title":"Amiplay Hyge L Dog Bed Gray - Zooland.az","og_description":"The lounge bed with a unique design is perfect for relaxation. Its thick pillow, filled with a special blend of synthetic down and foam, provides softness and excellent insulation. The soft felt borders of the bed cover the pet well and are very comfortable. Felt does not crease and can be hand washed, making it easy to care for. It includes a reversible pillow that is machine washable.","og_url":"https:\/\/zoo-land.az\/az\/shop\/dog\/dog-beds\/amiplay-hyge-l-dog-bed-gray\/","og_site_name":"Zooland.az","og_image":[{"width":2560,"height":1920,"url":"https:\/\/zoo-land.az\/wp-content\/uploads\/2024\/06\/ristkulikukujuline-lemmiklooma-ase-amiplay-hygge-2in1-erinevad-8c6a5_original.jpg","type":"image\/jpeg"}],"twitter_card":"summary_large_image","twitter_misc":{"Est. reading time":"1 minute"},"schema":{"@context":"https:\/\/schema.org","@graph":[{"@type":"WebPage","@id":"https:\/\/zoo-land.az\/shop\/dog\/dog-beds\/amiplay-hyge-l-dog-bed-gray\/","url":"https:\/\/zoo-land.az\/shop\/dog\/dog-beds\/amiplay-hyge-l-dog-bed-gray\/","name":"Amiplay Hyge L Dog Bed Gray - Zooland.az","isPartOf":{"@id":"https:\/\/zoo-land.az\/#website"},"primaryImageOfPage":{"@id":"https:\/\/zoo-land.az\/shop\/dog\/dog-beds\/amiplay-hyge-l-dog-bed-gray\/#primaryimage"},"image":{"@id":"https:\/\/zoo-land.az\/shop\/dog\/dog-beds\/amiplay-hyge-l-dog-bed-gray\/#primaryimage"},"thumbnailUrl":"https:\/\/zoo-land.az\/wp-content\/uploads\/2024\/06\/ristkulikukujuline-lemmiklooma-ase-amiplay-hygge-2in1-erinevad-8c6a5_original.jpg","datePublished":"2024-06-17T17:15:00+00:00","breadcrumb":{"@id":"https:\/\/zoo-land.az\/shop\/dog\/dog-beds\/amiplay-hyge-l-dog-bed-gray\/#breadcrumb"},"inLanguage":"az","potentialAction":[{"@type":"ReadAction","target":["https:\/\/zoo-land.az\/shop\/dog\/dog-beds\/amiplay-hyge-l-dog-bed-gray\/"]}]},{"@type":"ImageObject","inLanguage":"az","@id":"https:\/\/zoo-land.az\/shop\/dog\/dog-beds\/amiplay-hyge-l-dog-bed-gray\/#primaryimage","url":"https:\/\/zoo-land.az\/wp-content\/uploads\/2024\/06\/ristkulikukujuline-lemmiklooma-ase-amiplay-hygge-2in1-erinevad-8c6a5_original.jpg","contentUrl":"https:\/\/zoo-land.az\/wp-content\/uploads\/2024\/06\/ristkulikukujuline-lemmiklooma-ase-amiplay-hygge-2in1-erinevad-8c6a5_original.jpg","width":2560,"height":1920},{"@type":"BreadcrumbList","@id":"https:\/\/zoo-land.az\/shop\/dog\/dog-beds\/amiplay-hyge-l-dog-bed-gray\/#breadcrumb","itemListElement":[{"@type":"ListItem","position":1,"name":"Home","item":"https:\/\/zoo-land.az\/ru\/"},{"@type":"ListItem","position":2,"name":"Shop","item":"https:\/\/zoo-land.az\/ru\/"},{"@type":"ListItem","position":3,"name":"Amiplay Hyge L Dog Bed Gray"}]},{"@type":"WebSite","@id":"https:\/\/zoo-land.az\/#website","url":"https:\/\/zoo-land.az\/","name":"Zooland.az","description":"Xo\u015fb\u0259xt ev heyvanlar\u0131n\u0131n \u00fcnvan\u0131 Zooland.az","publisher":{"@id":"https:\/\/zoo-land.az\/#organization"},"potentialAction":[{"@type":"SearchAction","target":{"@type":"EntryPoint","urlTemplate":"https:\/\/zoo-land.az\/?s={search_term_string}"},"query-input":{"@type":"PropertyValueSpecification","valueRequired":true,"valueName":"search_term_string"}}],"inLanguage":"az"},{"@type":"Organization","@id":"https:\/\/zoo-land.az\/#organization","name":"Zooland.az","url":"https:\/\/zoo-land.az\/","logo":{"@type":"ImageObject","inLanguage":"az","@id":"https:\/\/zoo-land.az\/#\/schema\/logo\/image\/","url":"https:\/\/zoo-land.az\/wp-content\/uploads\/2022\/05\/logo.svg","contentUrl":"https:\/\/zoo-land.az\/wp-content\/uploads\/2022\/05\/logo.svg","width":113,"height":46,"caption":"Zooland.az"},"image":{"@id":"https:\/\/zoo-land.az\/#\/schema\/logo\/image\/"}}]}},"_links":{"self":[{"href":"https:\/\/zoo-land.az\/az\/wp-json\/wp\/v2\/product\/23965","targetHints":{"allow":["GET"]}}],"collection":[{"href":"https:\/\/zoo-land.az\/az\/wp-json\/wp\/v2\/product"}],"about":[{"href":"https:\/\/zoo-land.az\/az\/wp-json\/wp\/v2\/types\/product"}],"wp:featuredmedia":[{"embeddable":true,"href":"https:\/\/zoo-land.az\/az\/wp-json\/wp\/v2\/media\/23966"}],"wp:attachment":[{"href":"https:\/\/zoo-land.az\/az\/wp-json\/wp\/v2\/media?parent=23965"}],"wp:term":[{"taxonomy":"product_cat","embeddable":true,"href":"https:\/\/zoo-land.az\/az\/wp-json\/wp\/v2\/product_cat?post=23965"},{"taxonomy":"product_tag","embeddable":true,"href":"https:\/\/zoo-land.az\/az\/wp-json\/wp\/v2\/product_tag?post=23965"}],"curies":[{"name":"wp","href":"https:\/\/api.w.org\/{rel}","templated":true}]}}