{"id":24004,"date":"2024-06-18T07:46:29","date_gmt":"2024-06-18T07:46:29","guid":{"rendered":"https:\/\/lightsteelblue-zebra-299715.hostingersite.com\/?post_type=product&#038;p=24004"},"modified":"2024-06-18T07:46:29","modified_gmt":"2024-06-18T07:46:29","slug":"beaphar-shampoo-universal-dog-250-ml","status":"publish","type":"product","link":"https:\/\/zoo-land.az\/az\/shop\/dog\/dog-hygenic\/shampoo\/beaphar-shampoo-universal-dog-250-ml\/","title":{"rendered":"Beaphar Shampoo Universal Dog 250 ml"},"content":{"rendered":"<p class=\"product-info__description\" data-v-0bdf56ee=\"\">Beaphar Universal Shampoo is a mild, pH neutral shampoo for dogs and is perfect for regular use. The shampoo, which is enriched with macadamia oil and Aloe vera, promotes a soft, glossy coat, whilst leaving your dog smelling fresh and clean.<\/p>\n<div class=\"sale-point-wrapper\" data-v-0bdf56ee=\"\">\n<div id=\"vendie-btn-wrapper\" data-fetch-key=\"data-v-560a8364:0\" data-v-560a8364=\"\" data-v-0bdf56ee=\"\">\n<div class=\"product-bottom__paragraph\" data-v-b3ce31de=\"\">\n<h3 class=\"product-bottom__paragraph-title\" data-v-b3ce31de=\"\">Instructions<\/h3>\n<p class=\"whitespace-pre-line\" data-v-b3ce31de=\"\">Wet your dog\u2019s coat with warm water, massage the shampoo and rinse and repeat as required.<\/p>\n<\/div>\n<div class=\"product-bottom__paragraph\" data-v-b3ce31de=\"\">\n<h3 class=\"product-bottom__paragraph-title\" data-v-b3ce31de=\"\">Composition<\/h3>\n<ul class=\"mb-6 list-reset\" data-v-b3ce31de=\"\">\n<li data-v-b3ce31de=\"\"><strong data-v-b3ce31de=\"\">T\u0259rkibi<\/strong>:\u00a0<span data-v-b3ce31de=\"\">Aqua, sodium laureth sulfate, peg-200 hydrogenated glyceryl palmate, sodium chloride, glycereth-2 cocoate, cocamidopropyl betaine, peg-7 glyceryl cocoate, polysorbate 20, glycereth-7 caprylate\/ caprate, parfum, lauryl lactate, disodium edta, macadamia integrifolia seed oil, glycol distearate, sodium c14-16 olefin sulfonate, polyquaternium-7, citric acid, glycine, benzyl alcohol, triethylene glycol, aloe barbadensis leaf extract, propylene glycol, sodium benzoate, sorbitan laurate, linalool, hexyl cinnamal, phenoxyethanol, sodium citrate, methylchloroisothiazolinone, methylisothiazolinone, ci 15985, magnesium chloride, magnesium nitrate, ci 42051, potassium sorbate.<\/span><\/li>\n<\/ul>\n<\/div>\n<\/div>\n<\/div>","protected":false},"excerpt":{"rendered":"<p>Beaphar Universal Shampoo is a mild, pH neutral shampoo for dogs and is perfect for regular use. The shampoo, which is enriched with macadamia oil and Aloe vera, promotes a soft, glossy coat, whilst leaving your dog smelling fresh and clean.<\/p>","protected":false},"featured_media":24005,"template":"","meta":{"inline_featured_image":false,"_joinchat":[]},"product_cat":[107,166,355],"product_tag":[],"class_list":{"0":"post-24004","1":"product","2":"type-product","3":"status-publish","4":"has-post-thumbnail","6":"product_brand-beaphar","7":"product_cat-dog","8":"product_cat-dog-hygenic","9":"product_cat-shampoo","11":"first","12":"instock","13":"shipping-taxable","14":"purchasable","15":"product-type-simple"},"yoast_head":"<!-- This site is optimized with the Yoast SEO plugin v26.7 - https:\/\/yoast.com\/wordpress\/plugins\/seo\/ -->\n<title>Beaphar Shampoo Universal Dog 250 ml - Zooland.az<\/title>\n<meta name=\"robots\" content=\"index, follow, max-snippet:-1, max-image-preview:large, max-video-preview:-1\" \/>\n<link rel=\"canonical\" href=\"https:\/\/zoo-land.az\/az\/shop\/dog\/dog-hygenic\/shampoo\/beaphar-shampoo-universal-dog-250-ml\/\" \/>\n<meta property=\"og:locale\" content=\"az_AZ\" \/>\n<meta property=\"og:type\" content=\"article\" \/>\n<meta property=\"og:title\" content=\"Beaphar Shampoo Universal Dog 250 ml - Zooland.az\" \/>\n<meta property=\"og:description\" content=\"Beaphar Universal Shampoo is a mild, pH neutral shampoo for dogs and is perfect for regular use. The shampoo, which is enriched with macadamia oil and Aloe vera, promotes a soft, glossy coat, whilst leaving your dog smelling fresh and clean.\" \/>\n<meta property=\"og:url\" content=\"https:\/\/zoo-land.az\/az\/shop\/dog\/dog-hygenic\/shampoo\/beaphar-shampoo-universal-dog-250-ml\/\" \/>\n<meta property=\"og:site_name\" content=\"Zooland.az\" \/>\n<meta property=\"og:image\" content=\"https:\/\/zoo-land.az\/wp-content\/uploads\/2024\/06\/19974_Ecommerce_Basic-Shampoo-Universal_2023_EN-1.jpg\" \/>\n\t<meta property=\"og:image:width\" content=\"2000\" \/>\n\t<meta property=\"og:image:height\" content=\"2000\" \/>\n\t<meta property=\"og:image:type\" content=\"image\/jpeg\" \/>\n<meta name=\"twitter:card\" content=\"summary_large_image\" \/>\n<meta name=\"twitter:label1\" content=\"Est. reading time\" \/>\n\t<meta name=\"twitter:data1\" content=\"1 minute\" \/>\n<script type=\"application\/ld+json\" class=\"yoast-schema-graph\">{\"@context\":\"https:\/\/schema.org\",\"@graph\":[{\"@type\":\"WebPage\",\"@id\":\"https:\/\/zoo-land.az\/shop\/dog\/dog-hygenic\/shampoo\/beaphar-shampoo-universal-dog-250-ml\/\",\"url\":\"https:\/\/zoo-land.az\/shop\/dog\/dog-hygenic\/shampoo\/beaphar-shampoo-universal-dog-250-ml\/\",\"name\":\"Beaphar Shampoo Universal Dog 250 ml - Zooland.az\",\"isPartOf\":{\"@id\":\"https:\/\/zoo-land.az\/#website\"},\"primaryImageOfPage\":{\"@id\":\"https:\/\/zoo-land.az\/shop\/dog\/dog-hygenic\/shampoo\/beaphar-shampoo-universal-dog-250-ml\/#primaryimage\"},\"image\":{\"@id\":\"https:\/\/zoo-land.az\/shop\/dog\/dog-hygenic\/shampoo\/beaphar-shampoo-universal-dog-250-ml\/#primaryimage\"},\"thumbnailUrl\":\"https:\/\/zoo-land.az\/wp-content\/uploads\/2024\/06\/19974_Ecommerce_Basic-Shampoo-Universal_2023_EN-1.jpg\",\"datePublished\":\"2024-06-18T07:46:29+00:00\",\"breadcrumb\":{\"@id\":\"https:\/\/zoo-land.az\/shop\/dog\/dog-hygenic\/shampoo\/beaphar-shampoo-universal-dog-250-ml\/#breadcrumb\"},\"inLanguage\":\"az\",\"potentialAction\":[{\"@type\":\"ReadAction\",\"target\":[\"https:\/\/zoo-land.az\/shop\/dog\/dog-hygenic\/shampoo\/beaphar-shampoo-universal-dog-250-ml\/\"]}]},{\"@type\":\"ImageObject\",\"inLanguage\":\"az\",\"@id\":\"https:\/\/zoo-land.az\/shop\/dog\/dog-hygenic\/shampoo\/beaphar-shampoo-universal-dog-250-ml\/#primaryimage\",\"url\":\"https:\/\/zoo-land.az\/wp-content\/uploads\/2024\/06\/19974_Ecommerce_Basic-Shampoo-Universal_2023_EN-1.jpg\",\"contentUrl\":\"https:\/\/zoo-land.az\/wp-content\/uploads\/2024\/06\/19974_Ecommerce_Basic-Shampoo-Universal_2023_EN-1.jpg\",\"width\":2000,\"height\":2000},{\"@type\":\"BreadcrumbList\",\"@id\":\"https:\/\/zoo-land.az\/shop\/dog\/dog-hygenic\/shampoo\/beaphar-shampoo-universal-dog-250-ml\/#breadcrumb\",\"itemListElement\":[{\"@type\":\"ListItem\",\"position\":1,\"name\":\"Home\",\"item\":\"https:\/\/zoo-land.az\/ru\/\"},{\"@type\":\"ListItem\",\"position\":2,\"name\":\"Shop\",\"item\":\"https:\/\/zoo-land.az\/ru\/\"},{\"@type\":\"ListItem\",\"position\":3,\"name\":\"Beaphar Shampoo Universal Dog 250 ml\"}]},{\"@type\":\"WebSite\",\"@id\":\"https:\/\/zoo-land.az\/#website\",\"url\":\"https:\/\/zoo-land.az\/\",\"name\":\"Zooland.az\",\"description\":\"Xo\u015fb\u0259xt ev heyvanlar\u0131n\u0131n \u00fcnvan\u0131 Zooland.az\",\"publisher\":{\"@id\":\"https:\/\/zoo-land.az\/#organization\"},\"potentialAction\":[{\"@type\":\"SearchAction\",\"target\":{\"@type\":\"EntryPoint\",\"urlTemplate\":\"https:\/\/zoo-land.az\/?s={search_term_string}\"},\"query-input\":{\"@type\":\"PropertyValueSpecification\",\"valueRequired\":true,\"valueName\":\"search_term_string\"}}],\"inLanguage\":\"az\"},{\"@type\":\"Organization\",\"@id\":\"https:\/\/zoo-land.az\/#organization\",\"name\":\"Zooland.az\",\"url\":\"https:\/\/zoo-land.az\/\",\"logo\":{\"@type\":\"ImageObject\",\"inLanguage\":\"az\",\"@id\":\"https:\/\/zoo-land.az\/#\/schema\/logo\/image\/\",\"url\":\"https:\/\/zoo-land.az\/wp-content\/uploads\/2022\/05\/logo.svg\",\"contentUrl\":\"https:\/\/zoo-land.az\/wp-content\/uploads\/2022\/05\/logo.svg\",\"width\":113,\"height\":46,\"caption\":\"Zooland.az\"},\"image\":{\"@id\":\"https:\/\/zoo-land.az\/#\/schema\/logo\/image\/\"}}]}<\/script>\n<!-- \/ Yoast SEO plugin. -->","yoast_head_json":{"title":"Beaphar Shampoo Universal Dog 250 ml - Zooland.az","robots":{"index":"index","follow":"follow","max-snippet":"max-snippet:-1","max-image-preview":"max-image-preview:large","max-video-preview":"max-video-preview:-1"},"canonical":"https:\/\/zoo-land.az\/az\/shop\/dog\/dog-hygenic\/shampoo\/beaphar-shampoo-universal-dog-250-ml\/","og_locale":"az_AZ","og_type":"article","og_title":"Beaphar Shampoo Universal Dog 250 ml - Zooland.az","og_description":"Beaphar Universal Shampoo is a mild, pH neutral shampoo for dogs and is perfect for regular use. The shampoo, which is enriched with macadamia oil and Aloe vera, promotes a soft, glossy coat, whilst leaving your dog smelling fresh and clean.","og_url":"https:\/\/zoo-land.az\/az\/shop\/dog\/dog-hygenic\/shampoo\/beaphar-shampoo-universal-dog-250-ml\/","og_site_name":"Zooland.az","og_image":[{"width":2000,"height":2000,"url":"https:\/\/zoo-land.az\/wp-content\/uploads\/2024\/06\/19974_Ecommerce_Basic-Shampoo-Universal_2023_EN-1.jpg","type":"image\/jpeg"}],"twitter_card":"summary_large_image","twitter_misc":{"Est. reading time":"1 minute"},"schema":{"@context":"https:\/\/schema.org","@graph":[{"@type":"WebPage","@id":"https:\/\/zoo-land.az\/shop\/dog\/dog-hygenic\/shampoo\/beaphar-shampoo-universal-dog-250-ml\/","url":"https:\/\/zoo-land.az\/shop\/dog\/dog-hygenic\/shampoo\/beaphar-shampoo-universal-dog-250-ml\/","name":"Beaphar Shampoo Universal Dog 250 ml - Zooland.az","isPartOf":{"@id":"https:\/\/zoo-land.az\/#website"},"primaryImageOfPage":{"@id":"https:\/\/zoo-land.az\/shop\/dog\/dog-hygenic\/shampoo\/beaphar-shampoo-universal-dog-250-ml\/#primaryimage"},"image":{"@id":"https:\/\/zoo-land.az\/shop\/dog\/dog-hygenic\/shampoo\/beaphar-shampoo-universal-dog-250-ml\/#primaryimage"},"thumbnailUrl":"https:\/\/zoo-land.az\/wp-content\/uploads\/2024\/06\/19974_Ecommerce_Basic-Shampoo-Universal_2023_EN-1.jpg","datePublished":"2024-06-18T07:46:29+00:00","breadcrumb":{"@id":"https:\/\/zoo-land.az\/shop\/dog\/dog-hygenic\/shampoo\/beaphar-shampoo-universal-dog-250-ml\/#breadcrumb"},"inLanguage":"az","potentialAction":[{"@type":"ReadAction","target":["https:\/\/zoo-land.az\/shop\/dog\/dog-hygenic\/shampoo\/beaphar-shampoo-universal-dog-250-ml\/"]}]},{"@type":"ImageObject","inLanguage":"az","@id":"https:\/\/zoo-land.az\/shop\/dog\/dog-hygenic\/shampoo\/beaphar-shampoo-universal-dog-250-ml\/#primaryimage","url":"https:\/\/zoo-land.az\/wp-content\/uploads\/2024\/06\/19974_Ecommerce_Basic-Shampoo-Universal_2023_EN-1.jpg","contentUrl":"https:\/\/zoo-land.az\/wp-content\/uploads\/2024\/06\/19974_Ecommerce_Basic-Shampoo-Universal_2023_EN-1.jpg","width":2000,"height":2000},{"@type":"BreadcrumbList","@id":"https:\/\/zoo-land.az\/shop\/dog\/dog-hygenic\/shampoo\/beaphar-shampoo-universal-dog-250-ml\/#breadcrumb","itemListElement":[{"@type":"ListItem","position":1,"name":"Home","item":"https:\/\/zoo-land.az\/ru\/"},{"@type":"ListItem","position":2,"name":"Shop","item":"https:\/\/zoo-land.az\/ru\/"},{"@type":"ListItem","position":3,"name":"Beaphar Shampoo Universal Dog 250 ml"}]},{"@type":"WebSite","@id":"https:\/\/zoo-land.az\/#website","url":"https:\/\/zoo-land.az\/","name":"Zooland.az","description":"Xo\u015fb\u0259xt ev heyvanlar\u0131n\u0131n \u00fcnvan\u0131 Zooland.az","publisher":{"@id":"https:\/\/zoo-land.az\/#organization"},"potentialAction":[{"@type":"SearchAction","target":{"@type":"EntryPoint","urlTemplate":"https:\/\/zoo-land.az\/?s={search_term_string}"},"query-input":{"@type":"PropertyValueSpecification","valueRequired":true,"valueName":"search_term_string"}}],"inLanguage":"az"},{"@type":"Organization","@id":"https:\/\/zoo-land.az\/#organization","name":"Zooland.az","url":"https:\/\/zoo-land.az\/","logo":{"@type":"ImageObject","inLanguage":"az","@id":"https:\/\/zoo-land.az\/#\/schema\/logo\/image\/","url":"https:\/\/zoo-land.az\/wp-content\/uploads\/2022\/05\/logo.svg","contentUrl":"https:\/\/zoo-land.az\/wp-content\/uploads\/2022\/05\/logo.svg","width":113,"height":46,"caption":"Zooland.az"},"image":{"@id":"https:\/\/zoo-land.az\/#\/schema\/logo\/image\/"}}]}},"_links":{"self":[{"href":"https:\/\/zoo-land.az\/az\/wp-json\/wp\/v2\/product\/24004","targetHints":{"allow":["GET"]}}],"collection":[{"href":"https:\/\/zoo-land.az\/az\/wp-json\/wp\/v2\/product"}],"about":[{"href":"https:\/\/zoo-land.az\/az\/wp-json\/wp\/v2\/types\/product"}],"wp:featuredmedia":[{"embeddable":true,"href":"https:\/\/zoo-land.az\/az\/wp-json\/wp\/v2\/media\/24005"}],"wp:attachment":[{"href":"https:\/\/zoo-land.az\/az\/wp-json\/wp\/v2\/media?parent=24004"}],"wp:term":[{"taxonomy":"product_cat","embeddable":true,"href":"https:\/\/zoo-land.az\/az\/wp-json\/wp\/v2\/product_cat?post=24004"},{"taxonomy":"product_tag","embeddable":true,"href":"https:\/\/zoo-land.az\/az\/wp-json\/wp\/v2\/product_tag?post=24004"}],"curies":[{"name":"wp","href":"https:\/\/api.w.org\/{rel}","templated":true}]}}