{"id":24011,"date":"2024-06-18T07:53:35","date_gmt":"2024-06-18T07:53:35","guid":{"rendered":"https:\/\/lightsteelblue-zebra-299715.hostingersite.com\/?post_type=product&#038;p=24011"},"modified":"2024-06-18T07:53:35","modified_gmt":"2024-06-18T07:53:35","slug":"beaphar-shampoo-white-dog-250-ml","status":"publish","type":"product","link":"https:\/\/zoo-land.az\/az\/shop\/dog\/dog-hygenic\/shampoo\/beaphar-shampoo-white-dog-250-ml\/","title":{"rendered":"Beaphar Shampoo White dog 250 ml"},"content":{"rendered":"<p>Beaphar ProVitamin Shampoo for dogs with light coats. This provitamin shampoo with aloe vera is specially formulated for gentle care of the fur of dogs with white and light-colored coats. The shampoo does not contain bleach but activates the natural pigment of the fur, making its color more vibrant.<\/p>","protected":false},"excerpt":{"rendered":"<p>Beaphar ProVitamin Shampoo for dogs with light coats. This provitamin shampoo with aloe vera is specially formulated for gentle care of the fur of dogs with white and light-colored coats. The shampoo does not contain bleach but activates the natural pigment of the fur, making its color more vibrant.<\/p>","protected":false},"featured_media":24013,"template":"","meta":{"inline_featured_image":false,"_joinchat":[]},"product_cat":[107,166,355],"product_tag":[],"class_list":{"0":"post-24011","1":"product","2":"type-product","3":"status-publish","4":"has-post-thumbnail","6":"product_brand-beaphar","7":"product_cat-dog","8":"product_cat-dog-hygenic","9":"product_cat-shampoo","11":"first","12":"instock","13":"shipping-taxable","14":"purchasable","15":"product-type-simple"},"yoast_head":"<!-- This site is optimized with the Yoast SEO plugin v26.7 - https:\/\/yoast.com\/wordpress\/plugins\/seo\/ -->\n<title>Beaphar Shampoo White dog 250 ml - Zooland.az<\/title>\n<meta name=\"robots\" content=\"index, follow, max-snippet:-1, max-image-preview:large, max-video-preview:-1\" \/>\n<link rel=\"canonical\" href=\"https:\/\/zoo-land.az\/az\/shop\/dog\/dog-hygenic\/shampoo\/beaphar-shampoo-white-dog-250-ml\/\" \/>\n<meta property=\"og:locale\" content=\"az_AZ\" \/>\n<meta property=\"og:type\" content=\"article\" \/>\n<meta property=\"og:title\" content=\"Beaphar Shampoo White dog 250 ml - Zooland.az\" \/>\n<meta property=\"og:description\" content=\"Beaphar ProVitamin Shampoo for dogs with light coats. This provitamin shampoo with aloe vera is specially formulated for gentle care of the fur of dogs with white and light-colored coats. The shampoo does not contain bleach but activates the natural pigment of the fur, making its color more vibrant.\" \/>\n<meta property=\"og:url\" content=\"https:\/\/zoo-land.az\/az\/shop\/dog\/dog-hygenic\/shampoo\/beaphar-shampoo-white-dog-250-ml\/\" \/>\n<meta property=\"og:site_name\" content=\"Zooland.az\" \/>\n<meta property=\"og:image\" content=\"https:\/\/zoo-land.az\/wp-content\/uploads\/2024\/06\/Beaphar-ProVitamin-Shampoo-for-White-Dogs-250-ml.jpg\" \/>\n\t<meta property=\"og:image:width\" content=\"2000\" \/>\n\t<meta property=\"og:image:height\" content=\"2000\" \/>\n\t<meta property=\"og:image:type\" content=\"image\/jpeg\" \/>\n<meta name=\"twitter:card\" content=\"summary_large_image\" \/>\n<meta name=\"twitter:label1\" content=\"Est. reading time\" \/>\n\t<meta name=\"twitter:data1\" content=\"1 minute\" \/>\n<script type=\"application\/ld+json\" class=\"yoast-schema-graph\">{\"@context\":\"https:\/\/schema.org\",\"@graph\":[{\"@type\":\"WebPage\",\"@id\":\"https:\/\/zoo-land.az\/shop\/dog\/dog-hygenic\/shampoo\/beaphar-shampoo-white-dog-250-ml\/\",\"url\":\"https:\/\/zoo-land.az\/shop\/dog\/dog-hygenic\/shampoo\/beaphar-shampoo-white-dog-250-ml\/\",\"name\":\"Beaphar Shampoo White dog 250 ml - Zooland.az\",\"isPartOf\":{\"@id\":\"https:\/\/zoo-land.az\/#website\"},\"primaryImageOfPage\":{\"@id\":\"https:\/\/zoo-land.az\/shop\/dog\/dog-hygenic\/shampoo\/beaphar-shampoo-white-dog-250-ml\/#primaryimage\"},\"image\":{\"@id\":\"https:\/\/zoo-land.az\/shop\/dog\/dog-hygenic\/shampoo\/beaphar-shampoo-white-dog-250-ml\/#primaryimage\"},\"thumbnailUrl\":\"https:\/\/zoo-land.az\/wp-content\/uploads\/2024\/06\/Beaphar-ProVitamin-Shampoo-for-White-Dogs-250-ml.jpg\",\"datePublished\":\"2024-06-18T07:53:35+00:00\",\"breadcrumb\":{\"@id\":\"https:\/\/zoo-land.az\/shop\/dog\/dog-hygenic\/shampoo\/beaphar-shampoo-white-dog-250-ml\/#breadcrumb\"},\"inLanguage\":\"az\",\"potentialAction\":[{\"@type\":\"ReadAction\",\"target\":[\"https:\/\/zoo-land.az\/shop\/dog\/dog-hygenic\/shampoo\/beaphar-shampoo-white-dog-250-ml\/\"]}]},{\"@type\":\"ImageObject\",\"inLanguage\":\"az\",\"@id\":\"https:\/\/zoo-land.az\/shop\/dog\/dog-hygenic\/shampoo\/beaphar-shampoo-white-dog-250-ml\/#primaryimage\",\"url\":\"https:\/\/zoo-land.az\/wp-content\/uploads\/2024\/06\/Beaphar-ProVitamin-Shampoo-for-White-Dogs-250-ml.jpg\",\"contentUrl\":\"https:\/\/zoo-land.az\/wp-content\/uploads\/2024\/06\/Beaphar-ProVitamin-Shampoo-for-White-Dogs-250-ml.jpg\",\"width\":2000,\"height\":2000},{\"@type\":\"BreadcrumbList\",\"@id\":\"https:\/\/zoo-land.az\/shop\/dog\/dog-hygenic\/shampoo\/beaphar-shampoo-white-dog-250-ml\/#breadcrumb\",\"itemListElement\":[{\"@type\":\"ListItem\",\"position\":1,\"name\":\"Home\",\"item\":\"https:\/\/zoo-land.az\/ru\/\"},{\"@type\":\"ListItem\",\"position\":2,\"name\":\"Shop\",\"item\":\"https:\/\/zoo-land.az\/ru\/\"},{\"@type\":\"ListItem\",\"position\":3,\"name\":\"Beaphar Shampoo White dog 250 ml\"}]},{\"@type\":\"WebSite\",\"@id\":\"https:\/\/zoo-land.az\/#website\",\"url\":\"https:\/\/zoo-land.az\/\",\"name\":\"Zooland.az\",\"description\":\"Xo\u015fb\u0259xt ev heyvanlar\u0131n\u0131n \u00fcnvan\u0131 Zooland.az\",\"publisher\":{\"@id\":\"https:\/\/zoo-land.az\/#organization\"},\"potentialAction\":[{\"@type\":\"SearchAction\",\"target\":{\"@type\":\"EntryPoint\",\"urlTemplate\":\"https:\/\/zoo-land.az\/?s={search_term_string}\"},\"query-input\":{\"@type\":\"PropertyValueSpecification\",\"valueRequired\":true,\"valueName\":\"search_term_string\"}}],\"inLanguage\":\"az\"},{\"@type\":\"Organization\",\"@id\":\"https:\/\/zoo-land.az\/#organization\",\"name\":\"Zooland.az\",\"url\":\"https:\/\/zoo-land.az\/\",\"logo\":{\"@type\":\"ImageObject\",\"inLanguage\":\"az\",\"@id\":\"https:\/\/zoo-land.az\/#\/schema\/logo\/image\/\",\"url\":\"https:\/\/zoo-land.az\/wp-content\/uploads\/2022\/05\/logo.svg\",\"contentUrl\":\"https:\/\/zoo-land.az\/wp-content\/uploads\/2022\/05\/logo.svg\",\"width\":113,\"height\":46,\"caption\":\"Zooland.az\"},\"image\":{\"@id\":\"https:\/\/zoo-land.az\/#\/schema\/logo\/image\/\"}}]}<\/script>\n<!-- \/ Yoast SEO plugin. -->","yoast_head_json":{"title":"Beaphar Shampoo White dog 250 ml - Zooland.az","robots":{"index":"index","follow":"follow","max-snippet":"max-snippet:-1","max-image-preview":"max-image-preview:large","max-video-preview":"max-video-preview:-1"},"canonical":"https:\/\/zoo-land.az\/az\/shop\/dog\/dog-hygenic\/shampoo\/beaphar-shampoo-white-dog-250-ml\/","og_locale":"az_AZ","og_type":"article","og_title":"Beaphar Shampoo White dog 250 ml - Zooland.az","og_description":"Beaphar ProVitamin Shampoo for dogs with light coats. This provitamin shampoo with aloe vera is specially formulated for gentle care of the fur of dogs with white and light-colored coats. The shampoo does not contain bleach but activates the natural pigment of the fur, making its color more vibrant.","og_url":"https:\/\/zoo-land.az\/az\/shop\/dog\/dog-hygenic\/shampoo\/beaphar-shampoo-white-dog-250-ml\/","og_site_name":"Zooland.az","og_image":[{"width":2000,"height":2000,"url":"https:\/\/zoo-land.az\/wp-content\/uploads\/2024\/06\/Beaphar-ProVitamin-Shampoo-for-White-Dogs-250-ml.jpg","type":"image\/jpeg"}],"twitter_card":"summary_large_image","twitter_misc":{"Est. reading time":"1 minute"},"schema":{"@context":"https:\/\/schema.org","@graph":[{"@type":"WebPage","@id":"https:\/\/zoo-land.az\/shop\/dog\/dog-hygenic\/shampoo\/beaphar-shampoo-white-dog-250-ml\/","url":"https:\/\/zoo-land.az\/shop\/dog\/dog-hygenic\/shampoo\/beaphar-shampoo-white-dog-250-ml\/","name":"Beaphar Shampoo White dog 250 ml - Zooland.az","isPartOf":{"@id":"https:\/\/zoo-land.az\/#website"},"primaryImageOfPage":{"@id":"https:\/\/zoo-land.az\/shop\/dog\/dog-hygenic\/shampoo\/beaphar-shampoo-white-dog-250-ml\/#primaryimage"},"image":{"@id":"https:\/\/zoo-land.az\/shop\/dog\/dog-hygenic\/shampoo\/beaphar-shampoo-white-dog-250-ml\/#primaryimage"},"thumbnailUrl":"https:\/\/zoo-land.az\/wp-content\/uploads\/2024\/06\/Beaphar-ProVitamin-Shampoo-for-White-Dogs-250-ml.jpg","datePublished":"2024-06-18T07:53:35+00:00","breadcrumb":{"@id":"https:\/\/zoo-land.az\/shop\/dog\/dog-hygenic\/shampoo\/beaphar-shampoo-white-dog-250-ml\/#breadcrumb"},"inLanguage":"az","potentialAction":[{"@type":"ReadAction","target":["https:\/\/zoo-land.az\/shop\/dog\/dog-hygenic\/shampoo\/beaphar-shampoo-white-dog-250-ml\/"]}]},{"@type":"ImageObject","inLanguage":"az","@id":"https:\/\/zoo-land.az\/shop\/dog\/dog-hygenic\/shampoo\/beaphar-shampoo-white-dog-250-ml\/#primaryimage","url":"https:\/\/zoo-land.az\/wp-content\/uploads\/2024\/06\/Beaphar-ProVitamin-Shampoo-for-White-Dogs-250-ml.jpg","contentUrl":"https:\/\/zoo-land.az\/wp-content\/uploads\/2024\/06\/Beaphar-ProVitamin-Shampoo-for-White-Dogs-250-ml.jpg","width":2000,"height":2000},{"@type":"BreadcrumbList","@id":"https:\/\/zoo-land.az\/shop\/dog\/dog-hygenic\/shampoo\/beaphar-shampoo-white-dog-250-ml\/#breadcrumb","itemListElement":[{"@type":"ListItem","position":1,"name":"Home","item":"https:\/\/zoo-land.az\/ru\/"},{"@type":"ListItem","position":2,"name":"Shop","item":"https:\/\/zoo-land.az\/ru\/"},{"@type":"ListItem","position":3,"name":"Beaphar Shampoo White dog 250 ml"}]},{"@type":"WebSite","@id":"https:\/\/zoo-land.az\/#website","url":"https:\/\/zoo-land.az\/","name":"Zooland.az","description":"Xo\u015fb\u0259xt ev heyvanlar\u0131n\u0131n \u00fcnvan\u0131 Zooland.az","publisher":{"@id":"https:\/\/zoo-land.az\/#organization"},"potentialAction":[{"@type":"SearchAction","target":{"@type":"EntryPoint","urlTemplate":"https:\/\/zoo-land.az\/?s={search_term_string}"},"query-input":{"@type":"PropertyValueSpecification","valueRequired":true,"valueName":"search_term_string"}}],"inLanguage":"az"},{"@type":"Organization","@id":"https:\/\/zoo-land.az\/#organization","name":"Zooland.az","url":"https:\/\/zoo-land.az\/","logo":{"@type":"ImageObject","inLanguage":"az","@id":"https:\/\/zoo-land.az\/#\/schema\/logo\/image\/","url":"https:\/\/zoo-land.az\/wp-content\/uploads\/2022\/05\/logo.svg","contentUrl":"https:\/\/zoo-land.az\/wp-content\/uploads\/2022\/05\/logo.svg","width":113,"height":46,"caption":"Zooland.az"},"image":{"@id":"https:\/\/zoo-land.az\/#\/schema\/logo\/image\/"}}]}},"_links":{"self":[{"href":"https:\/\/zoo-land.az\/az\/wp-json\/wp\/v2\/product\/24011","targetHints":{"allow":["GET"]}}],"collection":[{"href":"https:\/\/zoo-land.az\/az\/wp-json\/wp\/v2\/product"}],"about":[{"href":"https:\/\/zoo-land.az\/az\/wp-json\/wp\/v2\/types\/product"}],"wp:featuredmedia":[{"embeddable":true,"href":"https:\/\/zoo-land.az\/az\/wp-json\/wp\/v2\/media\/24013"}],"wp:attachment":[{"href":"https:\/\/zoo-land.az\/az\/wp-json\/wp\/v2\/media?parent=24011"}],"wp:term":[{"taxonomy":"product_cat","embeddable":true,"href":"https:\/\/zoo-land.az\/az\/wp-json\/wp\/v2\/product_cat?post=24011"},{"taxonomy":"product_tag","embeddable":true,"href":"https:\/\/zoo-land.az\/az\/wp-json\/wp\/v2\/product_tag?post=24011"}],"curies":[{"name":"wp","href":"https:\/\/api.w.org\/{rel}","templated":true}]}}