{"id":24016,"date":"2024-06-18T07:58:19","date_gmt":"2024-06-18T07:58:19","guid":{"rendered":"https:\/\/lightsteelblue-zebra-299715.hostingersite.com\/?post_type=product&#038;p=24016"},"modified":"2024-06-18T07:58:19","modified_gmt":"2024-06-18T07:58:19","slug":"beaphar-shampoo-puppy-250-ml","status":"publish","type":"product","link":"https:\/\/zoo-land.az\/az\/shop\/dog\/dog-hygenic\/shampoo\/beaphar-shampoo-puppy-250-ml\/","title":{"rendered":"Beaphar Shampoo Puppy 250 ml"},"content":{"rendered":"<ul>\n<li>Dog shampoo for puppies<\/li>\n<li>especially for sensitive puppy skin<\/li>\n<li>keeps the fur soft and shiny<\/li>\n<li>mild and pH-neutral<\/li>\n<li>Gives the fur shine and a fresh scent<\/li>\n<li>with chamomile and aloe vera<\/li>\n<li>practical handling and easy dosing<\/li>\n<li>Contents: 250 ml<\/li>\n<\/ul>\n<div><\/div>\n<div><img decoding=\"async\" src=\"https:\/\/dn.meintierdiscount.de\/media\/images\/spacer.gif\" height=\"10\" \/><\/div>\n<div>\n<div>\n<div>The Beaphar puppy shampoo is a mild and pH-neutral shampoo that was specially developed for sensitive puppy skin. The conditioning shampoo enriched with chamomile and aloe vera keeps the coat soft and shiny and gives your pup a fresh, pleasant scent.<\/div>\n<\/div>\n<div><\/div>\n<\/div>\n<p><strong>Instructions for use<\/strong><\/p>\n<ol>\n<li>Shower your four-legged friend with water<\/li>\n<li>Massage the shampoo into the dog&#8217;s wet coat<\/li>\n<li>Let it take effect briefly<\/li>\n<li>Rinse thoroughly<\/li>\n<li>Then dry well<\/li>\n<\/ol>\n<p>T\u0259rkibi:<\/p>\n<div>Water, Sodium Lauryl Ether Sulfate, Peg-200 Hydrogenated Glyceryl Palmate, Glycereth-2 Cocoate, Cocamidopropyl Betaine, Sodium Chloride, PEG-7 Glyceryl Cocoate, Glycereth-7 Caprylate\/Caprate, Parfum, Polysorbate 20, Lauryl Lactate, Disodium Salt, Ethylene Glycol Distearate, Sodium C14-16 Olefin Sulfonate, Polyquaternium-7, Citric Acid, Glycine, Benzyl Alcohol, Triethylene Glycol, Aloe Vera, Glycerin, Propylene Glycol, Sodium Benzoate, Benzyl Salicylate, D-Limonene, Sorbitol Lauric Acid, Phenoxyethanol, Sodium Citrate, Chlormethylisothiazolinone, Chamomile, Color Yellow C 15985, Methylisothiazolinone, Magnesium Chloride, Magnesium Nitrate, Potassium Sorbate, Color Yellow C 19140.<\/div>","protected":false},"excerpt":{"rendered":"<p>The Beaphar puppy shampoo is a mild and pH-neutral shampoo that was specially developed for sensitive puppy skin. The conditioning shampoo enriched with chamomile and aloe vera keeps the coat soft and shiny and gives your pup a fresh, pleasant scent.<\/p>","protected":false},"featured_media":24017,"template":"","meta":{"inline_featured_image":false,"_joinchat":[]},"product_cat":[107,166,355],"product_tag":[],"class_list":{"0":"post-24016","1":"product","2":"type-product","3":"status-publish","4":"has-post-thumbnail","6":"product_brand-beaphar","7":"product_cat-dog","8":"product_cat-dog-hygenic","9":"product_cat-shampoo","11":"first","12":"instock","13":"shipping-taxable","14":"purchasable","15":"product-type-simple"},"yoast_head":"<!-- This site is optimized with the Yoast SEO plugin v26.7 - https:\/\/yoast.com\/wordpress\/plugins\/seo\/ -->\n<title>Beaphar Shampoo Puppy 250 ml - Zooland.az<\/title>\n<meta name=\"robots\" content=\"index, follow, max-snippet:-1, max-image-preview:large, max-video-preview:-1\" \/>\n<link rel=\"canonical\" href=\"https:\/\/zoo-land.az\/az\/shop\/dog\/dog-hygenic\/shampoo\/beaphar-shampoo-puppy-250-ml\/\" \/>\n<meta property=\"og:locale\" content=\"az_AZ\" \/>\n<meta property=\"og:type\" content=\"article\" \/>\n<meta property=\"og:title\" content=\"Beaphar Shampoo Puppy 250 ml - Zooland.az\" \/>\n<meta property=\"og:description\" content=\"The Beaphar puppy shampoo is a mild and pH-neutral shampoo that was specially developed for sensitive puppy skin. The conditioning shampoo enriched with chamomile and aloe vera keeps the coat soft and shiny and gives your pup a fresh, pleasant scent.\" \/>\n<meta property=\"og:url\" content=\"https:\/\/zoo-land.az\/az\/shop\/dog\/dog-hygenic\/shampoo\/beaphar-shampoo-puppy-250-ml\/\" \/>\n<meta property=\"og:site_name\" content=\"Zooland.az\" \/>\n<meta property=\"og:image\" content=\"https:\/\/zoo-land.az\/wp-content\/uploads\/2024\/06\/s-l1600-2.jpg\" \/>\n\t<meta property=\"og:image:width\" content=\"1200\" \/>\n\t<meta property=\"og:image:height\" content=\"1200\" \/>\n\t<meta property=\"og:image:type\" content=\"image\/jpeg\" \/>\n<meta name=\"twitter:card\" content=\"summary_large_image\" \/>\n<meta name=\"twitter:label1\" content=\"Est. reading time\" \/>\n\t<meta name=\"twitter:data1\" content=\"2 minutes\" \/>\n<script type=\"application\/ld+json\" class=\"yoast-schema-graph\">{\"@context\":\"https:\/\/schema.org\",\"@graph\":[{\"@type\":\"WebPage\",\"@id\":\"https:\/\/zoo-land.az\/ru\/shop\/dog\/dog-hygenic\/shampoo\/beaphar-shampoo-puppy-250-ml\/\",\"url\":\"https:\/\/zoo-land.az\/ru\/shop\/dog\/dog-hygenic\/shampoo\/beaphar-shampoo-puppy-250-ml\/\",\"name\":\"Beaphar Shampoo Puppy 250 ml - Zooland.az\",\"isPartOf\":{\"@id\":\"https:\/\/zoo-land.az\/#website\"},\"primaryImageOfPage\":{\"@id\":\"https:\/\/zoo-land.az\/ru\/shop\/dog\/dog-hygenic\/shampoo\/beaphar-shampoo-puppy-250-ml\/#primaryimage\"},\"image\":{\"@id\":\"https:\/\/zoo-land.az\/ru\/shop\/dog\/dog-hygenic\/shampoo\/beaphar-shampoo-puppy-250-ml\/#primaryimage\"},\"thumbnailUrl\":\"https:\/\/zoo-land.az\/wp-content\/uploads\/2024\/06\/s-l1600-2.jpg\",\"datePublished\":\"2024-06-18T07:58:19+00:00\",\"breadcrumb\":{\"@id\":\"https:\/\/zoo-land.az\/ru\/shop\/dog\/dog-hygenic\/shampoo\/beaphar-shampoo-puppy-250-ml\/#breadcrumb\"},\"inLanguage\":\"az\",\"potentialAction\":[{\"@type\":\"ReadAction\",\"target\":[\"https:\/\/zoo-land.az\/ru\/shop\/dog\/dog-hygenic\/shampoo\/beaphar-shampoo-puppy-250-ml\/\"]}]},{\"@type\":\"ImageObject\",\"inLanguage\":\"az\",\"@id\":\"https:\/\/zoo-land.az\/ru\/shop\/dog\/dog-hygenic\/shampoo\/beaphar-shampoo-puppy-250-ml\/#primaryimage\",\"url\":\"https:\/\/zoo-land.az\/wp-content\/uploads\/2024\/06\/s-l1600-2.jpg\",\"contentUrl\":\"https:\/\/zoo-land.az\/wp-content\/uploads\/2024\/06\/s-l1600-2.jpg\",\"width\":1200,\"height\":1200},{\"@type\":\"BreadcrumbList\",\"@id\":\"https:\/\/zoo-land.az\/ru\/shop\/dog\/dog-hygenic\/shampoo\/beaphar-shampoo-puppy-250-ml\/#breadcrumb\",\"itemListElement\":[{\"@type\":\"ListItem\",\"position\":1,\"name\":\"Home\",\"item\":\"https:\/\/zoo-land.az\/ru\/\"},{\"@type\":\"ListItem\",\"position\":2,\"name\":\"Shop\",\"item\":\"https:\/\/zoo-land.az\/ru\/\"},{\"@type\":\"ListItem\",\"position\":3,\"name\":\"Beaphar Shampoo Puppy 250 ml\"}]},{\"@type\":\"WebSite\",\"@id\":\"https:\/\/zoo-land.az\/#website\",\"url\":\"https:\/\/zoo-land.az\/\",\"name\":\"Zooland.az\",\"description\":\"Xo\u015fb\u0259xt ev heyvanlar\u0131n\u0131n \u00fcnvan\u0131 Zooland.az\",\"publisher\":{\"@id\":\"https:\/\/zoo-land.az\/#organization\"},\"potentialAction\":[{\"@type\":\"SearchAction\",\"target\":{\"@type\":\"EntryPoint\",\"urlTemplate\":\"https:\/\/zoo-land.az\/?s={search_term_string}\"},\"query-input\":{\"@type\":\"PropertyValueSpecification\",\"valueRequired\":true,\"valueName\":\"search_term_string\"}}],\"inLanguage\":\"az\"},{\"@type\":\"Organization\",\"@id\":\"https:\/\/zoo-land.az\/#organization\",\"name\":\"Zooland.az\",\"url\":\"https:\/\/zoo-land.az\/\",\"logo\":{\"@type\":\"ImageObject\",\"inLanguage\":\"az\",\"@id\":\"https:\/\/zoo-land.az\/#\/schema\/logo\/image\/\",\"url\":\"https:\/\/zoo-land.az\/wp-content\/uploads\/2022\/05\/logo.svg\",\"contentUrl\":\"https:\/\/zoo-land.az\/wp-content\/uploads\/2022\/05\/logo.svg\",\"width\":113,\"height\":46,\"caption\":\"Zooland.az\"},\"image\":{\"@id\":\"https:\/\/zoo-land.az\/#\/schema\/logo\/image\/\"}}]}<\/script>\n<!-- \/ Yoast SEO plugin. -->","yoast_head_json":{"title":"Beaphar Shampoo Puppy 250 ml - Zooland.az","robots":{"index":"index","follow":"follow","max-snippet":"max-snippet:-1","max-image-preview":"max-image-preview:large","max-video-preview":"max-video-preview:-1"},"canonical":"https:\/\/zoo-land.az\/az\/shop\/dog\/dog-hygenic\/shampoo\/beaphar-shampoo-puppy-250-ml\/","og_locale":"az_AZ","og_type":"article","og_title":"Beaphar Shampoo Puppy 250 ml - Zooland.az","og_description":"The Beaphar puppy shampoo is a mild and pH-neutral shampoo that was specially developed for sensitive puppy skin. The conditioning shampoo enriched with chamomile and aloe vera keeps the coat soft and shiny and gives your pup a fresh, pleasant scent.","og_url":"https:\/\/zoo-land.az\/az\/shop\/dog\/dog-hygenic\/shampoo\/beaphar-shampoo-puppy-250-ml\/","og_site_name":"Zooland.az","og_image":[{"width":1200,"height":1200,"url":"https:\/\/zoo-land.az\/wp-content\/uploads\/2024\/06\/s-l1600-2.jpg","type":"image\/jpeg"}],"twitter_card":"summary_large_image","twitter_misc":{"Est. reading time":"2 minutes"},"schema":{"@context":"https:\/\/schema.org","@graph":[{"@type":"WebPage","@id":"https:\/\/zoo-land.az\/ru\/shop\/dog\/dog-hygenic\/shampoo\/beaphar-shampoo-puppy-250-ml\/","url":"https:\/\/zoo-land.az\/ru\/shop\/dog\/dog-hygenic\/shampoo\/beaphar-shampoo-puppy-250-ml\/","name":"Beaphar Shampoo Puppy 250 ml - Zooland.az","isPartOf":{"@id":"https:\/\/zoo-land.az\/#website"},"primaryImageOfPage":{"@id":"https:\/\/zoo-land.az\/ru\/shop\/dog\/dog-hygenic\/shampoo\/beaphar-shampoo-puppy-250-ml\/#primaryimage"},"image":{"@id":"https:\/\/zoo-land.az\/ru\/shop\/dog\/dog-hygenic\/shampoo\/beaphar-shampoo-puppy-250-ml\/#primaryimage"},"thumbnailUrl":"https:\/\/zoo-land.az\/wp-content\/uploads\/2024\/06\/s-l1600-2.jpg","datePublished":"2024-06-18T07:58:19+00:00","breadcrumb":{"@id":"https:\/\/zoo-land.az\/ru\/shop\/dog\/dog-hygenic\/shampoo\/beaphar-shampoo-puppy-250-ml\/#breadcrumb"},"inLanguage":"az","potentialAction":[{"@type":"ReadAction","target":["https:\/\/zoo-land.az\/ru\/shop\/dog\/dog-hygenic\/shampoo\/beaphar-shampoo-puppy-250-ml\/"]}]},{"@type":"ImageObject","inLanguage":"az","@id":"https:\/\/zoo-land.az\/ru\/shop\/dog\/dog-hygenic\/shampoo\/beaphar-shampoo-puppy-250-ml\/#primaryimage","url":"https:\/\/zoo-land.az\/wp-content\/uploads\/2024\/06\/s-l1600-2.jpg","contentUrl":"https:\/\/zoo-land.az\/wp-content\/uploads\/2024\/06\/s-l1600-2.jpg","width":1200,"height":1200},{"@type":"BreadcrumbList","@id":"https:\/\/zoo-land.az\/ru\/shop\/dog\/dog-hygenic\/shampoo\/beaphar-shampoo-puppy-250-ml\/#breadcrumb","itemListElement":[{"@type":"ListItem","position":1,"name":"Home","item":"https:\/\/zoo-land.az\/ru\/"},{"@type":"ListItem","position":2,"name":"Shop","item":"https:\/\/zoo-land.az\/ru\/"},{"@type":"ListItem","position":3,"name":"Beaphar Shampoo Puppy 250 ml"}]},{"@type":"WebSite","@id":"https:\/\/zoo-land.az\/#website","url":"https:\/\/zoo-land.az\/","name":"Zooland.az","description":"Xo\u015fb\u0259xt ev heyvanlar\u0131n\u0131n \u00fcnvan\u0131 Zooland.az","publisher":{"@id":"https:\/\/zoo-land.az\/#organization"},"potentialAction":[{"@type":"SearchAction","target":{"@type":"EntryPoint","urlTemplate":"https:\/\/zoo-land.az\/?s={search_term_string}"},"query-input":{"@type":"PropertyValueSpecification","valueRequired":true,"valueName":"search_term_string"}}],"inLanguage":"az"},{"@type":"Organization","@id":"https:\/\/zoo-land.az\/#organization","name":"Zooland.az","url":"https:\/\/zoo-land.az\/","logo":{"@type":"ImageObject","inLanguage":"az","@id":"https:\/\/zoo-land.az\/#\/schema\/logo\/image\/","url":"https:\/\/zoo-land.az\/wp-content\/uploads\/2022\/05\/logo.svg","contentUrl":"https:\/\/zoo-land.az\/wp-content\/uploads\/2022\/05\/logo.svg","width":113,"height":46,"caption":"Zooland.az"},"image":{"@id":"https:\/\/zoo-land.az\/#\/schema\/logo\/image\/"}}]}},"_links":{"self":[{"href":"https:\/\/zoo-land.az\/az\/wp-json\/wp\/v2\/product\/24016","targetHints":{"allow":["GET"]}}],"collection":[{"href":"https:\/\/zoo-land.az\/az\/wp-json\/wp\/v2\/product"}],"about":[{"href":"https:\/\/zoo-land.az\/az\/wp-json\/wp\/v2\/types\/product"}],"wp:featuredmedia":[{"embeddable":true,"href":"https:\/\/zoo-land.az\/az\/wp-json\/wp\/v2\/media\/24017"}],"wp:attachment":[{"href":"https:\/\/zoo-land.az\/az\/wp-json\/wp\/v2\/media?parent=24016"}],"wp:term":[{"taxonomy":"product_cat","embeddable":true,"href":"https:\/\/zoo-land.az\/az\/wp-json\/wp\/v2\/product_cat?post=24016"},{"taxonomy":"product_tag","embeddable":true,"href":"https:\/\/zoo-land.az\/az\/wp-json\/wp\/v2\/product_tag?post=24016"}],"curies":[{"name":"wp","href":"https:\/\/api.w.org\/{rel}","templated":true}]}}