{"id":24023,"date":"2024-06-18T08:15:33","date_gmt":"2024-06-18T08:15:33","guid":{"rendered":"https:\/\/lightsteelblue-zebra-299715.hostingersite.com\/?post_type=product&#038;p=24023"},"modified":"2024-06-18T08:15:33","modified_gmt":"2024-06-18T08:15:33","slug":"beaphar-shampoo-anti-allergie-fot-dogs-cats-200-ml","status":"publish","type":"product","link":"https:\/\/zoo-land.az\/az\/shop\/cat\/cat-hygenic\/cat-hairwashes\/beaphar-shampoo-anti-allergie-fot-dogs-cats-200-ml\/","title":{"rendered":"Beaphar Allergiya \u018fleyhin\u0259 \u015eampun \u0130tl\u0259r Pi\u015fikl\u0259r \u00fc\u00e7\u00fcn 200 ml"},"content":{"rendered":"<p>Beaphar Anti Itch MSM Shampoo is specially formulated for cats and dogs suffering from itchy and uncomfortable skin caused by insect bites, diet or other underlying skin conditions. Aloe Vera penetrates and moisturises the deeper layers of the skin and soothes the after-effects of insect bites and irritation. The addition of Lemon Grass Oil leaves the coat shiny and Menthol provides a cooling sensation to the skin while relieving an uncomfortable itch. Beaphar Anti Itch MSM Shampoo has a neutral pH to match that of cat and dog skin.<\/p>\n<p><strong>Directions<\/strong><\/p>\n<p>Shake well before use. Wet the coat with warm water and massage the shampoo into the coat until it lathers. Leave for 2-3 minutes and rinse thoroughly. Repeat if necessary. Dry well.<\/p>\n<p><span style=\"font-size: 1.618em;\">Safety Warning<\/span><\/p>\n<div class=\"a-row a-expander-container a-expander-extend-container\" data-a-expander-name=\"toggle_description\">\n<div class=\"a-expander-content a-expander-extend-content a-expander-content-expanded\" aria-expanded=\"true\">\n<p>Warnings: Beaphar\u2019s dermatological shampoos contain MSM (Methyl Sulpyhonyl Methane), a natural hypo allergen sulphur, which can be found in dairy products, vegetables and fruit. It strengthens the hair-root and makes the coat soft and shiny.<\/p>\n<p><strong>Box Contains<\/strong><\/p>\n<p>BEAPHAR ANTI-ITCH SHAMPOO 200ML<\/p>\n<\/div>\n<\/div>","protected":false},"excerpt":{"rendered":"<p>Beaphar Anti Itch MSM Shampoo is specially formulated for cats and dogs suffering from itchy and uncomfortable skin caused by insect bites, diet or other underlying skin conditions. Aloe Vera penetrates and moisturises the deeper layers of the skin and soothes the after-effects of insect bites and irritation. The addition of Lemon Grass Oil leaves the coat shiny and Menthol provides a cooling sensation to the skin while relieving an uncomfortable itch. Beaphar Anti Itch MSM Shampoo has a neutral pH to match that of cat and dog skin.<\/p>","protected":false},"featured_media":24024,"template":"","meta":{"inline_featured_image":false,"_joinchat":[]},"product_cat":[188,107,166,199,355,200],"product_tag":[],"class_list":{"0":"post-24023","1":"product","2":"type-product","3":"status-publish","4":"has-post-thumbnail","6":"product_brand-beaphar","7":"product_cat-cat","8":"product_cat-dog","9":"product_cat-dog-hygenic","10":"product_cat-cat-hygenic","11":"product_cat-shampoo","12":"product_cat-cat-hairwashes","14":"first","15":"instock","16":"shipping-taxable","17":"purchasable","18":"product-type-simple"},"yoast_head":"<!-- This site is optimized with the Yoast SEO plugin v26.7 - https:\/\/yoast.com\/wordpress\/plugins\/seo\/ -->\n<title>Beaphar Shampoo Anti Allergie fot Dogs Cats 200 ml - Zooland.az<\/title>\n<meta name=\"robots\" content=\"index, follow, max-snippet:-1, max-image-preview:large, max-video-preview:-1\" \/>\n<link rel=\"canonical\" href=\"https:\/\/zoo-land.az\/az\/shop\/cat\/cat-hygenic\/cat-hairwashes\/beaphar-shampoo-anti-allergie-fot-dogs-cats-200-ml\/\" \/>\n<meta property=\"og:locale\" content=\"az_AZ\" \/>\n<meta property=\"og:type\" content=\"article\" \/>\n<meta property=\"og:title\" content=\"Beaphar Shampoo Anti Allergie fot Dogs Cats 200 ml - Zooland.az\" \/>\n<meta property=\"og:description\" content=\"Beaphar Anti Itch MSM Shampoo is specially formulated for cats and dogs suffering from itchy and uncomfortable skin caused by insect bites, diet or other underlying skin conditions. Aloe Vera penetrates and moisturises the deeper layers of the skin and soothes the after-effects of insect bites and irritation. The addition of Lemon Grass Oil leaves the coat shiny and Menthol provides a cooling sensation to the skin while relieving an uncomfortable itch. Beaphar Anti Itch MSM Shampoo has a neutral pH to match that of cat and dog skin.\" \/>\n<meta property=\"og:url\" content=\"https:\/\/zoo-land.az\/az\/shop\/cat\/cat-hygenic\/cat-hairwashes\/beaphar-shampoo-anti-allergie-fot-dogs-cats-200-ml\/\" \/>\n<meta property=\"og:site_name\" content=\"Zooland.az\" \/>\n<meta property=\"og:image\" content=\"https:\/\/zoo-land.az\/wp-content\/uploads\/2024\/06\/81y-wlfa3lL._AC_UF10001000_QL80_.jpg\" \/>\n\t<meta property=\"og:image:width\" content=\"430\" \/>\n\t<meta property=\"og:image:height\" content=\"1000\" \/>\n\t<meta property=\"og:image:type\" content=\"image\/jpeg\" \/>\n<meta name=\"twitter:card\" content=\"summary_large_image\" \/>\n<meta name=\"twitter:label1\" content=\"Est. reading time\" \/>\n\t<meta name=\"twitter:data1\" content=\"1 minute\" \/>\n<script type=\"application\/ld+json\" class=\"yoast-schema-graph\">{\"@context\":\"https:\/\/schema.org\",\"@graph\":[{\"@type\":\"WebPage\",\"@id\":\"https:\/\/zoo-land.az\/az\/shop\/cat\/cat-hygenic\/cat-hairwashes\/beaphar-shampoo-anti-allergie-fot-dogs-cats-200-ml\/\",\"url\":\"https:\/\/zoo-land.az\/az\/shop\/cat\/cat-hygenic\/cat-hairwashes\/beaphar-shampoo-anti-allergie-fot-dogs-cats-200-ml\/\",\"name\":\"Beaphar Shampoo Anti Allergie fot Dogs Cats 200 ml - Zooland.az\",\"isPartOf\":{\"@id\":\"https:\/\/zoo-land.az\/#website\"},\"primaryImageOfPage\":{\"@id\":\"https:\/\/zoo-land.az\/az\/shop\/cat\/cat-hygenic\/cat-hairwashes\/beaphar-shampoo-anti-allergie-fot-dogs-cats-200-ml\/#primaryimage\"},\"image\":{\"@id\":\"https:\/\/zoo-land.az\/az\/shop\/cat\/cat-hygenic\/cat-hairwashes\/beaphar-shampoo-anti-allergie-fot-dogs-cats-200-ml\/#primaryimage\"},\"thumbnailUrl\":\"https:\/\/zoo-land.az\/wp-content\/uploads\/2024\/06\/81y-wlfa3lL._AC_UF10001000_QL80_.jpg\",\"datePublished\":\"2024-06-18T08:15:33+00:00\",\"breadcrumb\":{\"@id\":\"https:\/\/zoo-land.az\/az\/shop\/cat\/cat-hygenic\/cat-hairwashes\/beaphar-shampoo-anti-allergie-fot-dogs-cats-200-ml\/#breadcrumb\"},\"inLanguage\":\"az\",\"potentialAction\":[{\"@type\":\"ReadAction\",\"target\":[\"https:\/\/zoo-land.az\/az\/shop\/cat\/cat-hygenic\/cat-hairwashes\/beaphar-shampoo-anti-allergie-fot-dogs-cats-200-ml\/\"]}]},{\"@type\":\"ImageObject\",\"inLanguage\":\"az\",\"@id\":\"https:\/\/zoo-land.az\/az\/shop\/cat\/cat-hygenic\/cat-hairwashes\/beaphar-shampoo-anti-allergie-fot-dogs-cats-200-ml\/#primaryimage\",\"url\":\"https:\/\/zoo-land.az\/wp-content\/uploads\/2024\/06\/81y-wlfa3lL._AC_UF10001000_QL80_.jpg\",\"contentUrl\":\"https:\/\/zoo-land.az\/wp-content\/uploads\/2024\/06\/81y-wlfa3lL._AC_UF10001000_QL80_.jpg\",\"width\":430,\"height\":1000},{\"@type\":\"BreadcrumbList\",\"@id\":\"https:\/\/zoo-land.az\/az\/shop\/cat\/cat-hygenic\/cat-hairwashes\/beaphar-shampoo-anti-allergie-fot-dogs-cats-200-ml\/#breadcrumb\",\"itemListElement\":[{\"@type\":\"ListItem\",\"position\":1,\"name\":\"Home\",\"item\":\"https:\/\/zoo-land.az\/ru\/\"},{\"@type\":\"ListItem\",\"position\":2,\"name\":\"Shop\",\"item\":\"https:\/\/zoo-land.az\/ru\/\"},{\"@type\":\"ListItem\",\"position\":3,\"name\":\"Beaphar Shampoo Anti Allergie fot Dogs Cats 200 ml\"}]},{\"@type\":\"WebSite\",\"@id\":\"https:\/\/zoo-land.az\/#website\",\"url\":\"https:\/\/zoo-land.az\/\",\"name\":\"Zooland.az\",\"description\":\"Xo\u015fb\u0259xt ev heyvanlar\u0131n\u0131n \u00fcnvan\u0131 Zooland.az\",\"publisher\":{\"@id\":\"https:\/\/zoo-land.az\/#organization\"},\"potentialAction\":[{\"@type\":\"SearchAction\",\"target\":{\"@type\":\"EntryPoint\",\"urlTemplate\":\"https:\/\/zoo-land.az\/?s={search_term_string}\"},\"query-input\":{\"@type\":\"PropertyValueSpecification\",\"valueRequired\":true,\"valueName\":\"search_term_string\"}}],\"inLanguage\":\"az\"},{\"@type\":\"Organization\",\"@id\":\"https:\/\/zoo-land.az\/#organization\",\"name\":\"Zooland.az\",\"url\":\"https:\/\/zoo-land.az\/\",\"logo\":{\"@type\":\"ImageObject\",\"inLanguage\":\"az\",\"@id\":\"https:\/\/zoo-land.az\/#\/schema\/logo\/image\/\",\"url\":\"https:\/\/zoo-land.az\/wp-content\/uploads\/2022\/05\/logo.svg\",\"contentUrl\":\"https:\/\/zoo-land.az\/wp-content\/uploads\/2022\/05\/logo.svg\",\"width\":113,\"height\":46,\"caption\":\"Zooland.az\"},\"image\":{\"@id\":\"https:\/\/zoo-land.az\/#\/schema\/logo\/image\/\"}}]}<\/script>\n<!-- \/ Yoast SEO plugin. -->","yoast_head_json":{"title":"Beaphar Shampoo Anti Allergie fot Dogs Cats 200 ml - Zooland.az","robots":{"index":"index","follow":"follow","max-snippet":"max-snippet:-1","max-image-preview":"max-image-preview:large","max-video-preview":"max-video-preview:-1"},"canonical":"https:\/\/zoo-land.az\/az\/shop\/cat\/cat-hygenic\/cat-hairwashes\/beaphar-shampoo-anti-allergie-fot-dogs-cats-200-ml\/","og_locale":"az_AZ","og_type":"article","og_title":"Beaphar Shampoo Anti Allergie fot Dogs Cats 200 ml - Zooland.az","og_description":"Beaphar Anti Itch MSM Shampoo is specially formulated for cats and dogs suffering from itchy and uncomfortable skin caused by insect bites, diet or other underlying skin conditions. Aloe Vera penetrates and moisturises the deeper layers of the skin and soothes the after-effects of insect bites and irritation. The addition of Lemon Grass Oil leaves the coat shiny and Menthol provides a cooling sensation to the skin while relieving an uncomfortable itch. Beaphar Anti Itch MSM Shampoo has a neutral pH to match that of cat and dog skin.","og_url":"https:\/\/zoo-land.az\/az\/shop\/cat\/cat-hygenic\/cat-hairwashes\/beaphar-shampoo-anti-allergie-fot-dogs-cats-200-ml\/","og_site_name":"Zooland.az","og_image":[{"width":430,"height":1000,"url":"https:\/\/zoo-land.az\/wp-content\/uploads\/2024\/06\/81y-wlfa3lL._AC_UF10001000_QL80_.jpg","type":"image\/jpeg"}],"twitter_card":"summary_large_image","twitter_misc":{"Est. reading time":"1 minute"},"schema":{"@context":"https:\/\/schema.org","@graph":[{"@type":"WebPage","@id":"https:\/\/zoo-land.az\/az\/shop\/cat\/cat-hygenic\/cat-hairwashes\/beaphar-shampoo-anti-allergie-fot-dogs-cats-200-ml\/","url":"https:\/\/zoo-land.az\/az\/shop\/cat\/cat-hygenic\/cat-hairwashes\/beaphar-shampoo-anti-allergie-fot-dogs-cats-200-ml\/","name":"Beaphar Shampoo Anti Allergie fot Dogs Cats 200 ml - Zooland.az","isPartOf":{"@id":"https:\/\/zoo-land.az\/#website"},"primaryImageOfPage":{"@id":"https:\/\/zoo-land.az\/az\/shop\/cat\/cat-hygenic\/cat-hairwashes\/beaphar-shampoo-anti-allergie-fot-dogs-cats-200-ml\/#primaryimage"},"image":{"@id":"https:\/\/zoo-land.az\/az\/shop\/cat\/cat-hygenic\/cat-hairwashes\/beaphar-shampoo-anti-allergie-fot-dogs-cats-200-ml\/#primaryimage"},"thumbnailUrl":"https:\/\/zoo-land.az\/wp-content\/uploads\/2024\/06\/81y-wlfa3lL._AC_UF10001000_QL80_.jpg","datePublished":"2024-06-18T08:15:33+00:00","breadcrumb":{"@id":"https:\/\/zoo-land.az\/az\/shop\/cat\/cat-hygenic\/cat-hairwashes\/beaphar-shampoo-anti-allergie-fot-dogs-cats-200-ml\/#breadcrumb"},"inLanguage":"az","potentialAction":[{"@type":"ReadAction","target":["https:\/\/zoo-land.az\/az\/shop\/cat\/cat-hygenic\/cat-hairwashes\/beaphar-shampoo-anti-allergie-fot-dogs-cats-200-ml\/"]}]},{"@type":"ImageObject","inLanguage":"az","@id":"https:\/\/zoo-land.az\/az\/shop\/cat\/cat-hygenic\/cat-hairwashes\/beaphar-shampoo-anti-allergie-fot-dogs-cats-200-ml\/#primaryimage","url":"https:\/\/zoo-land.az\/wp-content\/uploads\/2024\/06\/81y-wlfa3lL._AC_UF10001000_QL80_.jpg","contentUrl":"https:\/\/zoo-land.az\/wp-content\/uploads\/2024\/06\/81y-wlfa3lL._AC_UF10001000_QL80_.jpg","width":430,"height":1000},{"@type":"BreadcrumbList","@id":"https:\/\/zoo-land.az\/az\/shop\/cat\/cat-hygenic\/cat-hairwashes\/beaphar-shampoo-anti-allergie-fot-dogs-cats-200-ml\/#breadcrumb","itemListElement":[{"@type":"ListItem","position":1,"name":"Home","item":"https:\/\/zoo-land.az\/ru\/"},{"@type":"ListItem","position":2,"name":"Shop","item":"https:\/\/zoo-land.az\/ru\/"},{"@type":"ListItem","position":3,"name":"Beaphar Shampoo Anti Allergie fot Dogs Cats 200 ml"}]},{"@type":"WebSite","@id":"https:\/\/zoo-land.az\/#website","url":"https:\/\/zoo-land.az\/","name":"Zooland.az","description":"Xo\u015fb\u0259xt ev heyvanlar\u0131n\u0131n \u00fcnvan\u0131 Zooland.az","publisher":{"@id":"https:\/\/zoo-land.az\/#organization"},"potentialAction":[{"@type":"SearchAction","target":{"@type":"EntryPoint","urlTemplate":"https:\/\/zoo-land.az\/?s={search_term_string}"},"query-input":{"@type":"PropertyValueSpecification","valueRequired":true,"valueName":"search_term_string"}}],"inLanguage":"az"},{"@type":"Organization","@id":"https:\/\/zoo-land.az\/#organization","name":"Zooland.az","url":"https:\/\/zoo-land.az\/","logo":{"@type":"ImageObject","inLanguage":"az","@id":"https:\/\/zoo-land.az\/#\/schema\/logo\/image\/","url":"https:\/\/zoo-land.az\/wp-content\/uploads\/2022\/05\/logo.svg","contentUrl":"https:\/\/zoo-land.az\/wp-content\/uploads\/2022\/05\/logo.svg","width":113,"height":46,"caption":"Zooland.az"},"image":{"@id":"https:\/\/zoo-land.az\/#\/schema\/logo\/image\/"}}]}},"_links":{"self":[{"href":"https:\/\/zoo-land.az\/az\/wp-json\/wp\/v2\/product\/24023","targetHints":{"allow":["GET"]}}],"collection":[{"href":"https:\/\/zoo-land.az\/az\/wp-json\/wp\/v2\/product"}],"about":[{"href":"https:\/\/zoo-land.az\/az\/wp-json\/wp\/v2\/types\/product"}],"wp:featuredmedia":[{"embeddable":true,"href":"https:\/\/zoo-land.az\/az\/wp-json\/wp\/v2\/media\/24024"}],"wp:attachment":[{"href":"https:\/\/zoo-land.az\/az\/wp-json\/wp\/v2\/media?parent=24023"}],"wp:term":[{"taxonomy":"product_cat","embeddable":true,"href":"https:\/\/zoo-land.az\/az\/wp-json\/wp\/v2\/product_cat?post=24023"},{"taxonomy":"product_tag","embeddable":true,"href":"https:\/\/zoo-land.az\/az\/wp-json\/wp\/v2\/product_tag?post=24023"}],"curies":[{"name":"wp","href":"https:\/\/api.w.org\/{rel}","templated":true}]}}