{"id":24041,"date":"2024-06-18T08:42:43","date_gmt":"2024-06-18T08:42:43","guid":{"rendered":"https:\/\/lightsteelblue-zebra-299715.hostingersite.com\/?post_type=product&#038;p=24041"},"modified":"2024-06-18T08:44:34","modified_gmt":"2024-06-18T08:44:34","slug":"beaphar-duo-malt-paste-100-g","status":"publish","type":"product","link":"https:\/\/zoo-land.az\/az\/shop\/cat\/cat-food-adds\/beaphar-duo-malt-paste-100-g\/","title":{"rendered":"Beaphar Duo S\u0259m\u0259ni Pastas\u0131 100 q"},"content":{"rendered":"<p>Beaphar is a company that independently manufactures and sells a wide range of products for the healthy living of your pets. Beaphar products are available in 86 countries worldwide through an official network of distributors. The company operates in accordance with Good Manufacturing Practice (GMP) standards, ensuring high-quality production.<\/p>\n<p>Quality has always been a hallmark of Beaphar. Their dietary supplement for cats enriches the body with essential vitamins and improves intestinal flora. It is presented in the form of a two-color paste:<\/p>\n<ol>\n<li><strong>Yellow Paste (Multi-Vitamin)<\/strong>: Contains all vitamins and minerals necessary for maintaining the health and appearance of cats. Vitamins and Omega-6 fatty acids in this paste contribute to healthy skin and coat. Taurine helps maintain sharp vision.<\/li>\n<li><strong>Light Brown Paste (Conditioner)<\/strong>: Contains BIO-MOS, which promotes healthy intestinal flora, improves digestion, enhances nutrient absorption, and strengthens immunity.<\/li>\n<\/ol>\n<p><strong>Dosage<\/strong>: Administer 3 cm daily with food or directly from the tube.<\/p>\n<p><strong>Composition<\/strong>: Oils and fats, milk and dairy products, plant-based products (including 12% malt extract), inactive yeast (mannanoligosaccharides (MOS) 10,000 mg\/kg), minerals.<\/p>\n<p><strong>Analysis<\/strong>: Protein 12.0%, Fiber 0.078%, Fat 52%, Omega-3 3.087%, Omega-6 23.82%, Ash 3.3%, Moisture 3.7%, Calcium 0.4%, Phosphorus 0.33%, Sodium 0.34%, Potassium 0.47%, Magnesium 0.033%, antioxidants. GMO-free.<\/p>\n<p>This comprehensive formulation ensures that Beaphar&#8217;s products contribute significantly to the well-being and health maintenance of pets globally.<\/p>","protected":false},"excerpt":{"rendered":"<p>Beaphar is a company that independently manufactures and sells a wide range of products for the healthy living of your pets. Beaphar products are available in 86 countries worldwide through an official network of distributors. The company operates in accordance with Good Manufacturing Practice (GMP) standards, ensuring high-quality production.<\/p>","protected":false},"featured_media":24042,"template":"","meta":{"inline_featured_image":false,"_joinchat":[]},"product_cat":[191,188,390],"product_tag":[],"class_list":{"0":"post-24041","1":"product","2":"type-product","3":"status-publish","4":"has-post-thumbnail","6":"product_brand-beaphar","7":"product_cat-cat-food-adds","8":"product_cat-cat","9":"product_cat-medications-cat","11":"first","12":"instock","13":"shipping-taxable","14":"purchasable","15":"product-type-simple"},"yoast_head":"<!-- This site is optimized with the Yoast SEO plugin v26.7 - https:\/\/yoast.com\/wordpress\/plugins\/seo\/ -->\n<title>Beaphar Duo Malt Paste 100 g - Zooland.az<\/title>\n<meta name=\"robots\" content=\"index, follow, max-snippet:-1, max-image-preview:large, max-video-preview:-1\" \/>\n<link rel=\"canonical\" href=\"https:\/\/zoo-land.az\/az\/shop\/cat\/cat-food-adds\/beaphar-duo-malt-paste-100-g\/\" \/>\n<meta property=\"og:locale\" content=\"az_AZ\" \/>\n<meta property=\"og:type\" content=\"article\" \/>\n<meta property=\"og:title\" content=\"Beaphar Duo Malt Paste 100 g - Zooland.az\" \/>\n<meta property=\"og:description\" content=\"Beaphar is a company that independently manufactures and sells a wide range of products for the healthy living of your pets. Beaphar products are available in 86 countries worldwide through an official network of distributors. The company operates in accordance with Good Manufacturing Practice (GMP) standards, ensuring high-quality production.\" \/>\n<meta property=\"og:url\" content=\"https:\/\/zoo-land.az\/az\/shop\/cat\/cat-food-adds\/beaphar-duo-malt-paste-100-g\/\" \/>\n<meta property=\"og:site_name\" content=\"Zooland.az\" \/>\n<meta property=\"article:modified_time\" content=\"2024-06-18T08:44:34+00:00\" \/>\n<meta property=\"og:image\" content=\"https:\/\/zoo-land.az\/wp-content\/uploads\/2024\/06\/orig-4.webp\" \/>\n\t<meta property=\"og:image:width\" content=\"676\" \/>\n\t<meta property=\"og:image:height\" content=\"2000\" \/>\n\t<meta property=\"og:image:type\" content=\"image\/webp\" \/>\n<meta name=\"twitter:card\" content=\"summary_large_image\" \/>\n<meta name=\"twitter:label1\" content=\"Est. reading time\" \/>\n\t<meta name=\"twitter:data1\" content=\"2 minutes\" \/>\n<script type=\"application\/ld+json\" class=\"yoast-schema-graph\">{\"@context\":\"https:\/\/schema.org\",\"@graph\":[{\"@type\":\"WebPage\",\"@id\":\"https:\/\/zoo-land.az\/shop\/cat\/cat-food-adds\/beaphar-duo-malt-paste-100-g\/\",\"url\":\"https:\/\/zoo-land.az\/shop\/cat\/cat-food-adds\/beaphar-duo-malt-paste-100-g\/\",\"name\":\"Beaphar Duo Malt Paste 100 g - Zooland.az\",\"isPartOf\":{\"@id\":\"https:\/\/zoo-land.az\/#website\"},\"primaryImageOfPage\":{\"@id\":\"https:\/\/zoo-land.az\/shop\/cat\/cat-food-adds\/beaphar-duo-malt-paste-100-g\/#primaryimage\"},\"image\":{\"@id\":\"https:\/\/zoo-land.az\/shop\/cat\/cat-food-adds\/beaphar-duo-malt-paste-100-g\/#primaryimage\"},\"thumbnailUrl\":\"https:\/\/zoo-land.az\/wp-content\/uploads\/2024\/06\/orig-4.webp\",\"datePublished\":\"2024-06-18T08:42:43+00:00\",\"dateModified\":\"2024-06-18T08:44:34+00:00\",\"breadcrumb\":{\"@id\":\"https:\/\/zoo-land.az\/shop\/cat\/cat-food-adds\/beaphar-duo-malt-paste-100-g\/#breadcrumb\"},\"inLanguage\":\"az\",\"potentialAction\":[{\"@type\":\"ReadAction\",\"target\":[\"https:\/\/zoo-land.az\/shop\/cat\/cat-food-adds\/beaphar-duo-malt-paste-100-g\/\"]}]},{\"@type\":\"ImageObject\",\"inLanguage\":\"az\",\"@id\":\"https:\/\/zoo-land.az\/shop\/cat\/cat-food-adds\/beaphar-duo-malt-paste-100-g\/#primaryimage\",\"url\":\"https:\/\/zoo-land.az\/wp-content\/uploads\/2024\/06\/orig-4.webp\",\"contentUrl\":\"https:\/\/zoo-land.az\/wp-content\/uploads\/2024\/06\/orig-4.webp\",\"width\":676,\"height\":2000},{\"@type\":\"BreadcrumbList\",\"@id\":\"https:\/\/zoo-land.az\/shop\/cat\/cat-food-adds\/beaphar-duo-malt-paste-100-g\/#breadcrumb\",\"itemListElement\":[{\"@type\":\"ListItem\",\"position\":1,\"name\":\"Home\",\"item\":\"https:\/\/zoo-land.az\/ru\/\"},{\"@type\":\"ListItem\",\"position\":2,\"name\":\"Shop\",\"item\":\"https:\/\/zoo-land.az\/ru\/\"},{\"@type\":\"ListItem\",\"position\":3,\"name\":\"Beaphar Duo Malt Paste 100 g\"}]},{\"@type\":\"WebSite\",\"@id\":\"https:\/\/zoo-land.az\/#website\",\"url\":\"https:\/\/zoo-land.az\/\",\"name\":\"Zooland.az\",\"description\":\"Xo\u015fb\u0259xt ev heyvanlar\u0131n\u0131n \u00fcnvan\u0131 Zooland.az\",\"publisher\":{\"@id\":\"https:\/\/zoo-land.az\/#organization\"},\"potentialAction\":[{\"@type\":\"SearchAction\",\"target\":{\"@type\":\"EntryPoint\",\"urlTemplate\":\"https:\/\/zoo-land.az\/?s={search_term_string}\"},\"query-input\":{\"@type\":\"PropertyValueSpecification\",\"valueRequired\":true,\"valueName\":\"search_term_string\"}}],\"inLanguage\":\"az\"},{\"@type\":\"Organization\",\"@id\":\"https:\/\/zoo-land.az\/#organization\",\"name\":\"Zooland.az\",\"url\":\"https:\/\/zoo-land.az\/\",\"logo\":{\"@type\":\"ImageObject\",\"inLanguage\":\"az\",\"@id\":\"https:\/\/zoo-land.az\/#\/schema\/logo\/image\/\",\"url\":\"https:\/\/zoo-land.az\/wp-content\/uploads\/2022\/05\/logo.svg\",\"contentUrl\":\"https:\/\/zoo-land.az\/wp-content\/uploads\/2022\/05\/logo.svg\",\"width\":113,\"height\":46,\"caption\":\"Zooland.az\"},\"image\":{\"@id\":\"https:\/\/zoo-land.az\/#\/schema\/logo\/image\/\"}}]}<\/script>\n<!-- \/ Yoast SEO plugin. -->","yoast_head_json":{"title":"Beaphar Duo Malt Paste 100 g - Zooland.az","robots":{"index":"index","follow":"follow","max-snippet":"max-snippet:-1","max-image-preview":"max-image-preview:large","max-video-preview":"max-video-preview:-1"},"canonical":"https:\/\/zoo-land.az\/az\/shop\/cat\/cat-food-adds\/beaphar-duo-malt-paste-100-g\/","og_locale":"az_AZ","og_type":"article","og_title":"Beaphar Duo Malt Paste 100 g - Zooland.az","og_description":"Beaphar is a company that independently manufactures and sells a wide range of products for the healthy living of your pets. Beaphar products are available in 86 countries worldwide through an official network of distributors. The company operates in accordance with Good Manufacturing Practice (GMP) standards, ensuring high-quality production.","og_url":"https:\/\/zoo-land.az\/az\/shop\/cat\/cat-food-adds\/beaphar-duo-malt-paste-100-g\/","og_site_name":"Zooland.az","article_modified_time":"2024-06-18T08:44:34+00:00","og_image":[{"width":676,"height":2000,"url":"https:\/\/zoo-land.az\/wp-content\/uploads\/2024\/06\/orig-4.webp","type":"image\/webp"}],"twitter_card":"summary_large_image","twitter_misc":{"Est. reading time":"2 minutes"},"schema":{"@context":"https:\/\/schema.org","@graph":[{"@type":"WebPage","@id":"https:\/\/zoo-land.az\/shop\/cat\/cat-food-adds\/beaphar-duo-malt-paste-100-g\/","url":"https:\/\/zoo-land.az\/shop\/cat\/cat-food-adds\/beaphar-duo-malt-paste-100-g\/","name":"Beaphar Duo Malt Paste 100 g - Zooland.az","isPartOf":{"@id":"https:\/\/zoo-land.az\/#website"},"primaryImageOfPage":{"@id":"https:\/\/zoo-land.az\/shop\/cat\/cat-food-adds\/beaphar-duo-malt-paste-100-g\/#primaryimage"},"image":{"@id":"https:\/\/zoo-land.az\/shop\/cat\/cat-food-adds\/beaphar-duo-malt-paste-100-g\/#primaryimage"},"thumbnailUrl":"https:\/\/zoo-land.az\/wp-content\/uploads\/2024\/06\/orig-4.webp","datePublished":"2024-06-18T08:42:43+00:00","dateModified":"2024-06-18T08:44:34+00:00","breadcrumb":{"@id":"https:\/\/zoo-land.az\/shop\/cat\/cat-food-adds\/beaphar-duo-malt-paste-100-g\/#breadcrumb"},"inLanguage":"az","potentialAction":[{"@type":"ReadAction","target":["https:\/\/zoo-land.az\/shop\/cat\/cat-food-adds\/beaphar-duo-malt-paste-100-g\/"]}]},{"@type":"ImageObject","inLanguage":"az","@id":"https:\/\/zoo-land.az\/shop\/cat\/cat-food-adds\/beaphar-duo-malt-paste-100-g\/#primaryimage","url":"https:\/\/zoo-land.az\/wp-content\/uploads\/2024\/06\/orig-4.webp","contentUrl":"https:\/\/zoo-land.az\/wp-content\/uploads\/2024\/06\/orig-4.webp","width":676,"height":2000},{"@type":"BreadcrumbList","@id":"https:\/\/zoo-land.az\/shop\/cat\/cat-food-adds\/beaphar-duo-malt-paste-100-g\/#breadcrumb","itemListElement":[{"@type":"ListItem","position":1,"name":"Home","item":"https:\/\/zoo-land.az\/ru\/"},{"@type":"ListItem","position":2,"name":"Shop","item":"https:\/\/zoo-land.az\/ru\/"},{"@type":"ListItem","position":3,"name":"Beaphar Duo Malt Paste 100 g"}]},{"@type":"WebSite","@id":"https:\/\/zoo-land.az\/#website","url":"https:\/\/zoo-land.az\/","name":"Zooland.az","description":"Xo\u015fb\u0259xt ev heyvanlar\u0131n\u0131n \u00fcnvan\u0131 Zooland.az","publisher":{"@id":"https:\/\/zoo-land.az\/#organization"},"potentialAction":[{"@type":"SearchAction","target":{"@type":"EntryPoint","urlTemplate":"https:\/\/zoo-land.az\/?s={search_term_string}"},"query-input":{"@type":"PropertyValueSpecification","valueRequired":true,"valueName":"search_term_string"}}],"inLanguage":"az"},{"@type":"Organization","@id":"https:\/\/zoo-land.az\/#organization","name":"Zooland.az","url":"https:\/\/zoo-land.az\/","logo":{"@type":"ImageObject","inLanguage":"az","@id":"https:\/\/zoo-land.az\/#\/schema\/logo\/image\/","url":"https:\/\/zoo-land.az\/wp-content\/uploads\/2022\/05\/logo.svg","contentUrl":"https:\/\/zoo-land.az\/wp-content\/uploads\/2022\/05\/logo.svg","width":113,"height":46,"caption":"Zooland.az"},"image":{"@id":"https:\/\/zoo-land.az\/#\/schema\/logo\/image\/"}}]}},"_links":{"self":[{"href":"https:\/\/zoo-land.az\/az\/wp-json\/wp\/v2\/product\/24041","targetHints":{"allow":["GET"]}}],"collection":[{"href":"https:\/\/zoo-land.az\/az\/wp-json\/wp\/v2\/product"}],"about":[{"href":"https:\/\/zoo-land.az\/az\/wp-json\/wp\/v2\/types\/product"}],"wp:featuredmedia":[{"embeddable":true,"href":"https:\/\/zoo-land.az\/az\/wp-json\/wp\/v2\/media\/24042"}],"wp:attachment":[{"href":"https:\/\/zoo-land.az\/az\/wp-json\/wp\/v2\/media?parent=24041"}],"wp:term":[{"taxonomy":"product_cat","embeddable":true,"href":"https:\/\/zoo-land.az\/az\/wp-json\/wp\/v2\/product_cat?post=24041"},{"taxonomy":"product_tag","embeddable":true,"href":"https:\/\/zoo-land.az\/az\/wp-json\/wp\/v2\/product_tag?post=24041"}],"curies":[{"name":"wp","href":"https:\/\/api.w.org\/{rel}","templated":true}]}}