{"id":24067,"date":"2024-06-18T09:31:30","date_gmt":"2024-06-18T09:31:30","guid":{"rendered":"https:\/\/lightsteelblue-zebra-299715.hostingersite.com\/?post_type=product&#038;p=24067"},"modified":"2024-06-18T09:31:30","modified_gmt":"2024-06-18T09:31:30","slug":"beaphar-bio-shampoo-sensitive-dog-200-ml","status":"publish","type":"product","link":"https:\/\/zoo-land.az\/az\/shop\/dog\/dog-hygenic\/shampoo\/beaphar-bio-shampoo-sensitive-dog-200-ml\/","title":{"rendered":"Beaphar Bio Shampoo Sensitive dog 200 ml"},"content":{"rendered":"<p>Does your dog suffer from irritated and\/or sensitive skin which causes a lot of itching? Or has your dog got a sudden itch due to an insect bite? Then use this organic shampoo from\u00a0Beaphar! The shampoo moisturises the skin and softens the coat thanks to the organic Aloe Vera gel. It&#8217;s also enriched with St. John&#8217;s Wort and blackcurrant, which soothes and protects your dog&#8217;s sensitive skin.<\/p>\n<p>This new range of Beaphar products has a neutral pH-value and has the Ecocert label which guarantees that the products have a natural origin. The packaging (tubes and bottles) are also made from 100% recyclable material: cultivated cane sugar.<\/p>","protected":false},"excerpt":{"rendered":"<p>Does your dog suffer from irritated and\/or sensitive skin which causes a lot of itching? Or has your dog got a sudden itch due to an insect bite? Then use this organic shampoo from\u00a0Beaphar! The shampoo moisturises the skin and softens the coat thanks to the organic Aloe Vera gel. It&#8217;s also enriched with St. John&#8217;s Wort and blackcurrant, which soothes and protects your dog&#8217;s sensitive skin.<\/p>","protected":false},"featured_media":24068,"template":"","meta":{"inline_featured_image":false,"_joinchat":[]},"product_cat":[107,166,355],"product_tag":[],"class_list":{"0":"post-24067","1":"product","2":"type-product","3":"status-publish","4":"has-post-thumbnail","6":"product_brand-beaphar","7":"product_cat-dog","8":"product_cat-dog-hygenic","9":"product_cat-shampoo","11":"first","12":"instock","13":"shipping-taxable","14":"purchasable","15":"product-type-simple"},"yoast_head":"<!-- This site is optimized with the Yoast SEO plugin v26.7 - https:\/\/yoast.com\/wordpress\/plugins\/seo\/ -->\n<title>Beaphar Bio Shampoo Sensitive dog 200 ml - Zooland.az<\/title>\n<meta name=\"robots\" content=\"index, follow, max-snippet:-1, max-image-preview:large, max-video-preview:-1\" \/>\n<link rel=\"canonical\" href=\"https:\/\/zoo-land.az\/az\/shop\/dog\/dog-hygenic\/shampoo\/beaphar-bio-shampoo-sensitive-dog-200-ml\/\" \/>\n<meta property=\"og:locale\" content=\"az_AZ\" \/>\n<meta property=\"og:type\" content=\"article\" \/>\n<meta property=\"og:title\" content=\"Beaphar Bio Shampoo Sensitive dog 200 ml - Zooland.az\" \/>\n<meta property=\"og:description\" content=\"Does your dog suffer from irritated and\/or sensitive skin which causes a lot of itching? Or has your dog got a sudden itch due to an insect bite? Then use this organic shampoo from\u00a0Beaphar! The shampoo moisturises the skin and softens the coat thanks to the organic Aloe Vera gel. It&#039;s also enriched with St. John&#039;s Wort and blackcurrant, which soothes and protects your dog&#039;s sensitive skin.\" \/>\n<meta property=\"og:url\" content=\"https:\/\/zoo-land.az\/az\/shop\/dog\/dog-hygenic\/shampoo\/beaphar-bio-shampoo-sensitive-dog-200-ml\/\" \/>\n<meta property=\"og:site_name\" content=\"Zooland.az\" \/>\n<meta property=\"og:image\" content=\"https:\/\/zoo-land.az\/wp-content\/uploads\/2024\/06\/beaphar_bio_shampoo_bij_jeuk_hond_169267_2000_none_7.jpg\" \/>\n\t<meta property=\"og:image:width\" content=\"2000\" \/>\n\t<meta property=\"og:image:height\" content=\"2000\" \/>\n\t<meta property=\"og:image:type\" content=\"image\/jpeg\" \/>\n<meta name=\"twitter:card\" content=\"summary_large_image\" \/>\n<meta name=\"twitter:label1\" content=\"Est. reading time\" \/>\n\t<meta name=\"twitter:data1\" content=\"1 minute\" \/>\n<script type=\"application\/ld+json\" class=\"yoast-schema-graph\">{\"@context\":\"https:\/\/schema.org\",\"@graph\":[{\"@type\":\"WebPage\",\"@id\":\"https:\/\/zoo-land.az\/az\/shop\/dog\/dog-hygenic\/shampoo\/beaphar-bio-shampoo-sensitive-dog-200-ml\/\",\"url\":\"https:\/\/zoo-land.az\/az\/shop\/dog\/dog-hygenic\/shampoo\/beaphar-bio-shampoo-sensitive-dog-200-ml\/\",\"name\":\"Beaphar Bio Shampoo Sensitive dog 200 ml - Zooland.az\",\"isPartOf\":{\"@id\":\"https:\/\/zoo-land.az\/#website\"},\"primaryImageOfPage\":{\"@id\":\"https:\/\/zoo-land.az\/az\/shop\/dog\/dog-hygenic\/shampoo\/beaphar-bio-shampoo-sensitive-dog-200-ml\/#primaryimage\"},\"image\":{\"@id\":\"https:\/\/zoo-land.az\/az\/shop\/dog\/dog-hygenic\/shampoo\/beaphar-bio-shampoo-sensitive-dog-200-ml\/#primaryimage\"},\"thumbnailUrl\":\"https:\/\/zoo-land.az\/wp-content\/uploads\/2024\/06\/beaphar_bio_shampoo_bij_jeuk_hond_169267_2000_none_7.jpg\",\"datePublished\":\"2024-06-18T09:31:30+00:00\",\"breadcrumb\":{\"@id\":\"https:\/\/zoo-land.az\/az\/shop\/dog\/dog-hygenic\/shampoo\/beaphar-bio-shampoo-sensitive-dog-200-ml\/#breadcrumb\"},\"inLanguage\":\"az\",\"potentialAction\":[{\"@type\":\"ReadAction\",\"target\":[\"https:\/\/zoo-land.az\/az\/shop\/dog\/dog-hygenic\/shampoo\/beaphar-bio-shampoo-sensitive-dog-200-ml\/\"]}]},{\"@type\":\"ImageObject\",\"inLanguage\":\"az\",\"@id\":\"https:\/\/zoo-land.az\/az\/shop\/dog\/dog-hygenic\/shampoo\/beaphar-bio-shampoo-sensitive-dog-200-ml\/#primaryimage\",\"url\":\"https:\/\/zoo-land.az\/wp-content\/uploads\/2024\/06\/beaphar_bio_shampoo_bij_jeuk_hond_169267_2000_none_7.jpg\",\"contentUrl\":\"https:\/\/zoo-land.az\/wp-content\/uploads\/2024\/06\/beaphar_bio_shampoo_bij_jeuk_hond_169267_2000_none_7.jpg\",\"width\":2000,\"height\":2000},{\"@type\":\"BreadcrumbList\",\"@id\":\"https:\/\/zoo-land.az\/az\/shop\/dog\/dog-hygenic\/shampoo\/beaphar-bio-shampoo-sensitive-dog-200-ml\/#breadcrumb\",\"itemListElement\":[{\"@type\":\"ListItem\",\"position\":1,\"name\":\"Home\",\"item\":\"https:\/\/zoo-land.az\/ru\/\"},{\"@type\":\"ListItem\",\"position\":2,\"name\":\"Shop\",\"item\":\"https:\/\/zoo-land.az\/ru\/\"},{\"@type\":\"ListItem\",\"position\":3,\"name\":\"Beaphar Bio Shampoo Sensitive dog 200 ml\"}]},{\"@type\":\"WebSite\",\"@id\":\"https:\/\/zoo-land.az\/#website\",\"url\":\"https:\/\/zoo-land.az\/\",\"name\":\"Zooland.az\",\"description\":\"Xo\u015fb\u0259xt ev heyvanlar\u0131n\u0131n \u00fcnvan\u0131 Zooland.az\",\"publisher\":{\"@id\":\"https:\/\/zoo-land.az\/#organization\"},\"potentialAction\":[{\"@type\":\"SearchAction\",\"target\":{\"@type\":\"EntryPoint\",\"urlTemplate\":\"https:\/\/zoo-land.az\/?s={search_term_string}\"},\"query-input\":{\"@type\":\"PropertyValueSpecification\",\"valueRequired\":true,\"valueName\":\"search_term_string\"}}],\"inLanguage\":\"az\"},{\"@type\":\"Organization\",\"@id\":\"https:\/\/zoo-land.az\/#organization\",\"name\":\"Zooland.az\",\"url\":\"https:\/\/zoo-land.az\/\",\"logo\":{\"@type\":\"ImageObject\",\"inLanguage\":\"az\",\"@id\":\"https:\/\/zoo-land.az\/#\/schema\/logo\/image\/\",\"url\":\"https:\/\/zoo-land.az\/wp-content\/uploads\/2022\/05\/logo.svg\",\"contentUrl\":\"https:\/\/zoo-land.az\/wp-content\/uploads\/2022\/05\/logo.svg\",\"width\":113,\"height\":46,\"caption\":\"Zooland.az\"},\"image\":{\"@id\":\"https:\/\/zoo-land.az\/#\/schema\/logo\/image\/\"}}]}<\/script>\n<!-- \/ Yoast SEO plugin. -->","yoast_head_json":{"title":"Beaphar Bio Shampoo Sensitive dog 200 ml - Zooland.az","robots":{"index":"index","follow":"follow","max-snippet":"max-snippet:-1","max-image-preview":"max-image-preview:large","max-video-preview":"max-video-preview:-1"},"canonical":"https:\/\/zoo-land.az\/az\/shop\/dog\/dog-hygenic\/shampoo\/beaphar-bio-shampoo-sensitive-dog-200-ml\/","og_locale":"az_AZ","og_type":"article","og_title":"Beaphar Bio Shampoo Sensitive dog 200 ml - Zooland.az","og_description":"Does your dog suffer from irritated and\/or sensitive skin which causes a lot of itching? Or has your dog got a sudden itch due to an insect bite? Then use this organic shampoo from\u00a0Beaphar! The shampoo moisturises the skin and softens the coat thanks to the organic Aloe Vera gel. It's also enriched with St. John's Wort and blackcurrant, which soothes and protects your dog's sensitive skin.","og_url":"https:\/\/zoo-land.az\/az\/shop\/dog\/dog-hygenic\/shampoo\/beaphar-bio-shampoo-sensitive-dog-200-ml\/","og_site_name":"Zooland.az","og_image":[{"width":2000,"height":2000,"url":"https:\/\/zoo-land.az\/wp-content\/uploads\/2024\/06\/beaphar_bio_shampoo_bij_jeuk_hond_169267_2000_none_7.jpg","type":"image\/jpeg"}],"twitter_card":"summary_large_image","twitter_misc":{"Est. reading time":"1 minute"},"schema":{"@context":"https:\/\/schema.org","@graph":[{"@type":"WebPage","@id":"https:\/\/zoo-land.az\/az\/shop\/dog\/dog-hygenic\/shampoo\/beaphar-bio-shampoo-sensitive-dog-200-ml\/","url":"https:\/\/zoo-land.az\/az\/shop\/dog\/dog-hygenic\/shampoo\/beaphar-bio-shampoo-sensitive-dog-200-ml\/","name":"Beaphar Bio Shampoo Sensitive dog 200 ml - Zooland.az","isPartOf":{"@id":"https:\/\/zoo-land.az\/#website"},"primaryImageOfPage":{"@id":"https:\/\/zoo-land.az\/az\/shop\/dog\/dog-hygenic\/shampoo\/beaphar-bio-shampoo-sensitive-dog-200-ml\/#primaryimage"},"image":{"@id":"https:\/\/zoo-land.az\/az\/shop\/dog\/dog-hygenic\/shampoo\/beaphar-bio-shampoo-sensitive-dog-200-ml\/#primaryimage"},"thumbnailUrl":"https:\/\/zoo-land.az\/wp-content\/uploads\/2024\/06\/beaphar_bio_shampoo_bij_jeuk_hond_169267_2000_none_7.jpg","datePublished":"2024-06-18T09:31:30+00:00","breadcrumb":{"@id":"https:\/\/zoo-land.az\/az\/shop\/dog\/dog-hygenic\/shampoo\/beaphar-bio-shampoo-sensitive-dog-200-ml\/#breadcrumb"},"inLanguage":"az","potentialAction":[{"@type":"ReadAction","target":["https:\/\/zoo-land.az\/az\/shop\/dog\/dog-hygenic\/shampoo\/beaphar-bio-shampoo-sensitive-dog-200-ml\/"]}]},{"@type":"ImageObject","inLanguage":"az","@id":"https:\/\/zoo-land.az\/az\/shop\/dog\/dog-hygenic\/shampoo\/beaphar-bio-shampoo-sensitive-dog-200-ml\/#primaryimage","url":"https:\/\/zoo-land.az\/wp-content\/uploads\/2024\/06\/beaphar_bio_shampoo_bij_jeuk_hond_169267_2000_none_7.jpg","contentUrl":"https:\/\/zoo-land.az\/wp-content\/uploads\/2024\/06\/beaphar_bio_shampoo_bij_jeuk_hond_169267_2000_none_7.jpg","width":2000,"height":2000},{"@type":"BreadcrumbList","@id":"https:\/\/zoo-land.az\/az\/shop\/dog\/dog-hygenic\/shampoo\/beaphar-bio-shampoo-sensitive-dog-200-ml\/#breadcrumb","itemListElement":[{"@type":"ListItem","position":1,"name":"Home","item":"https:\/\/zoo-land.az\/ru\/"},{"@type":"ListItem","position":2,"name":"Shop","item":"https:\/\/zoo-land.az\/ru\/"},{"@type":"ListItem","position":3,"name":"Beaphar Bio Shampoo Sensitive dog 200 ml"}]},{"@type":"WebSite","@id":"https:\/\/zoo-land.az\/#website","url":"https:\/\/zoo-land.az\/","name":"Zooland.az","description":"Xo\u015fb\u0259xt ev heyvanlar\u0131n\u0131n \u00fcnvan\u0131 Zooland.az","publisher":{"@id":"https:\/\/zoo-land.az\/#organization"},"potentialAction":[{"@type":"SearchAction","target":{"@type":"EntryPoint","urlTemplate":"https:\/\/zoo-land.az\/?s={search_term_string}"},"query-input":{"@type":"PropertyValueSpecification","valueRequired":true,"valueName":"search_term_string"}}],"inLanguage":"az"},{"@type":"Organization","@id":"https:\/\/zoo-land.az\/#organization","name":"Zooland.az","url":"https:\/\/zoo-land.az\/","logo":{"@type":"ImageObject","inLanguage":"az","@id":"https:\/\/zoo-land.az\/#\/schema\/logo\/image\/","url":"https:\/\/zoo-land.az\/wp-content\/uploads\/2022\/05\/logo.svg","contentUrl":"https:\/\/zoo-land.az\/wp-content\/uploads\/2022\/05\/logo.svg","width":113,"height":46,"caption":"Zooland.az"},"image":{"@id":"https:\/\/zoo-land.az\/#\/schema\/logo\/image\/"}}]}},"_links":{"self":[{"href":"https:\/\/zoo-land.az\/az\/wp-json\/wp\/v2\/product\/24067","targetHints":{"allow":["GET"]}}],"collection":[{"href":"https:\/\/zoo-land.az\/az\/wp-json\/wp\/v2\/product"}],"about":[{"href":"https:\/\/zoo-land.az\/az\/wp-json\/wp\/v2\/types\/product"}],"wp:featuredmedia":[{"embeddable":true,"href":"https:\/\/zoo-land.az\/az\/wp-json\/wp\/v2\/media\/24068"}],"wp:attachment":[{"href":"https:\/\/zoo-land.az\/az\/wp-json\/wp\/v2\/media?parent=24067"}],"wp:term":[{"taxonomy":"product_cat","embeddable":true,"href":"https:\/\/zoo-land.az\/az\/wp-json\/wp\/v2\/product_cat?post=24067"},{"taxonomy":"product_tag","embeddable":true,"href":"https:\/\/zoo-land.az\/az\/wp-json\/wp\/v2\/product_tag?post=24067"}],"curies":[{"name":"wp","href":"https:\/\/api.w.org\/{rel}","templated":true}]}}