{"id":24069,"date":"2024-06-18T09:39:22","date_gmt":"2024-06-18T09:39:22","guid":{"rendered":"https:\/\/lightsteelblue-zebra-299715.hostingersite.com\/?post_type=product&#038;p=24069"},"modified":"2026-03-09T13:34:15","modified_gmt":"2026-03-09T09:34:15","slug":"beaphar-bio-band-cat-collar","status":"publish","type":"product","link":"https:\/\/zoo-land.az\/az\/shop\/cat\/cat-accesories\/cat-category77\/beaphar-bio-band-cat-collar\/","title":{"rendered":"Beaphar Bio Band Pi\u015fik yaxas\u0131"},"content":{"rendered":"<p>Beaphar Bio Band collar with natural oils for cats and kittens. Contains a blend of natural oils, including neem oil and lavender oil, which repel blood-sucking insects (fleas, ticks, mosquitoes). Additionally, neem oil has beneficial effects on the skin, possessing antibiotic, antifungal, and antiviral properties. It improves coat appearance, reduces itching from insect bites, and eliminates unpleasant odors from the animal. The collar is green in color and remains effective for 4 months. Suitable for kittens from 2 months old. Step 2 of Beaphar&#8217;s four-step flea protection program.<\/p>\n<p>Active Ingredients in the Cat and Kitten Collar (fleas, ticks, mosquitoes): neem oil, lavender oil.<\/p>\n<p>Directions for use:<\/p>\n<p>Place the collar loosely around the animal&#8217;s neck. Cut off any excess collar, taking into account potential growth of the animal.<\/p>","protected":false},"excerpt":{"rendered":"<p>Beaphar Bio Band collar with natural oils for cats and kittens. Contains a blend of natural oils, including neem oil and lavender oil, which repel blood-sucking insects (fleas, ticks, mosquitoes). Additionally, neem oil has beneficial effects on the skin, possessing antibiotic, antifungal, and antiviral properties. It improves coat appearance, reduces itching from insect bites, and eliminates unpleasant odors from the animal. The collar is green in color and remains effective for 4 months. Suitable for kittens from 2 months old. Step 2 of Beaphar&#8217;s four-step flea protection program.<\/p>","protected":false},"featured_media":24071,"template":"","meta":{"inline_featured_image":false,"_joinchat":[]},"product_cat":[220,226,188],"product_tag":[],"class_list":{"0":"post-24069","1":"product","2":"type-product","3":"status-publish","4":"has-post-thumbnail","6":"product_brand-beaphar","7":"product_cat-cat-accesories","8":"product_cat-cat-category77","9":"product_cat-cat","11":"first","12":"outofstock","13":"shipping-taxable","14":"purchasable","15":"product-type-simple"},"yoast_head":"<!-- This site is optimized with the Yoast SEO plugin v26.7 - https:\/\/yoast.com\/wordpress\/plugins\/seo\/ -->\n<title>Beaphar Bio Band Cat collar - Zooland.az<\/title>\n<meta name=\"robots\" content=\"index, follow, max-snippet:-1, max-image-preview:large, max-video-preview:-1\" \/>\n<link rel=\"canonical\" href=\"https:\/\/zoo-land.az\/az\/shop\/cat\/cat-accesories\/cat-category77\/beaphar-bio-band-cat-collar\/\" \/>\n<meta property=\"og:locale\" content=\"az_AZ\" \/>\n<meta property=\"og:type\" content=\"article\" \/>\n<meta property=\"og:title\" content=\"Beaphar Bio Band Cat collar - Zooland.az\" \/>\n<meta property=\"og:description\" content=\"Beaphar Bio Band collar with natural oils for cats and kittens. Contains a blend of natural oils, including neem oil and lavender oil, which repel blood-sucking insects (fleas, ticks, mosquitoes). Additionally, neem oil has beneficial effects on the skin, possessing antibiotic, antifungal, and antiviral properties. It improves coat appearance, reduces itching from insect bites, and eliminates unpleasant odors from the animal. The collar is green in color and remains effective for 4 months. Suitable for kittens from 2 months old. Step 2 of Beaphar&#039;s four-step flea protection program.\" \/>\n<meta property=\"og:url\" content=\"https:\/\/zoo-land.az\/az\/shop\/cat\/cat-accesories\/cat-category77\/beaphar-bio-band-cat-collar\/\" \/>\n<meta property=\"og:site_name\" content=\"Zooland.az\" \/>\n<meta property=\"article:modified_time\" content=\"2026-03-09T09:34:15+00:00\" \/>\n<meta property=\"og:image\" content=\"http:\/\/zoo-land.az\/wp-content\/uploads\/2024\/06\/6490863956.jpg\" \/>\n\t<meta property=\"og:image:width\" content=\"1000\" \/>\n\t<meta property=\"og:image:height\" content=\"1000\" \/>\n\t<meta property=\"og:image:type\" content=\"image\/jpeg\" \/>\n<meta name=\"twitter:card\" content=\"summary_large_image\" \/>\n<meta name=\"twitter:label1\" content=\"Est. reading time\" \/>\n\t<meta name=\"twitter:data1\" content=\"1 minute\" \/>\n<script type=\"application\/ld+json\" class=\"yoast-schema-graph\">{\"@context\":\"https:\/\/schema.org\",\"@graph\":[{\"@type\":\"WebPage\",\"@id\":\"https:\/\/zoo-land.az\/shop\/cat\/cat-accesories\/cat-category77\/beaphar-bio-band-cat-collar\/\",\"url\":\"https:\/\/zoo-land.az\/shop\/cat\/cat-accesories\/cat-category77\/beaphar-bio-band-cat-collar\/\",\"name\":\"Beaphar Bio Band Cat collar - Zooland.az\",\"isPartOf\":{\"@id\":\"https:\/\/zoo-land.az\/#website\"},\"primaryImageOfPage\":{\"@id\":\"https:\/\/zoo-land.az\/shop\/cat\/cat-accesories\/cat-category77\/beaphar-bio-band-cat-collar\/#primaryimage\"},\"image\":{\"@id\":\"https:\/\/zoo-land.az\/shop\/cat\/cat-accesories\/cat-category77\/beaphar-bio-band-cat-collar\/#primaryimage\"},\"thumbnailUrl\":\"https:\/\/zoo-land.az\/wp-content\/uploads\/2024\/06\/6490863956.jpg\",\"datePublished\":\"2024-06-18T09:39:22+00:00\",\"dateModified\":\"2026-03-09T09:34:15+00:00\",\"breadcrumb\":{\"@id\":\"https:\/\/zoo-land.az\/shop\/cat\/cat-accesories\/cat-category77\/beaphar-bio-band-cat-collar\/#breadcrumb\"},\"inLanguage\":\"az\",\"potentialAction\":[{\"@type\":\"ReadAction\",\"target\":[\"https:\/\/zoo-land.az\/shop\/cat\/cat-accesories\/cat-category77\/beaphar-bio-band-cat-collar\/\"]}]},{\"@type\":\"ImageObject\",\"inLanguage\":\"az\",\"@id\":\"https:\/\/zoo-land.az\/shop\/cat\/cat-accesories\/cat-category77\/beaphar-bio-band-cat-collar\/#primaryimage\",\"url\":\"https:\/\/zoo-land.az\/wp-content\/uploads\/2024\/06\/6490863956.jpg\",\"contentUrl\":\"https:\/\/zoo-land.az\/wp-content\/uploads\/2024\/06\/6490863956.jpg\",\"width\":1000,\"height\":1000},{\"@type\":\"BreadcrumbList\",\"@id\":\"https:\/\/zoo-land.az\/shop\/cat\/cat-accesories\/cat-category77\/beaphar-bio-band-cat-collar\/#breadcrumb\",\"itemListElement\":[{\"@type\":\"ListItem\",\"position\":1,\"name\":\"Home\",\"item\":\"https:\/\/zoo-land.az\/ru\/\"},{\"@type\":\"ListItem\",\"position\":2,\"name\":\"Shop\",\"item\":\"https:\/\/zoo-land.az\/ru\/\"},{\"@type\":\"ListItem\",\"position\":3,\"name\":\"Beaphar Bio Band Cat collar\"}]},{\"@type\":\"WebSite\",\"@id\":\"https:\/\/zoo-land.az\/#website\",\"url\":\"https:\/\/zoo-land.az\/\",\"name\":\"Zooland.az\",\"description\":\"Xo\u015fb\u0259xt ev heyvanlar\u0131n\u0131n \u00fcnvan\u0131 Zooland.az\",\"publisher\":{\"@id\":\"https:\/\/zoo-land.az\/#organization\"},\"potentialAction\":[{\"@type\":\"SearchAction\",\"target\":{\"@type\":\"EntryPoint\",\"urlTemplate\":\"https:\/\/zoo-land.az\/?s={search_term_string}\"},\"query-input\":{\"@type\":\"PropertyValueSpecification\",\"valueRequired\":true,\"valueName\":\"search_term_string\"}}],\"inLanguage\":\"az\"},{\"@type\":\"Organization\",\"@id\":\"https:\/\/zoo-land.az\/#organization\",\"name\":\"Zooland.az\",\"url\":\"https:\/\/zoo-land.az\/\",\"logo\":{\"@type\":\"ImageObject\",\"inLanguage\":\"az\",\"@id\":\"https:\/\/zoo-land.az\/#\/schema\/logo\/image\/\",\"url\":\"https:\/\/zoo-land.az\/wp-content\/uploads\/2022\/05\/logo.svg\",\"contentUrl\":\"https:\/\/zoo-land.az\/wp-content\/uploads\/2022\/05\/logo.svg\",\"width\":113,\"height\":46,\"caption\":\"Zooland.az\"},\"image\":{\"@id\":\"https:\/\/zoo-land.az\/#\/schema\/logo\/image\/\"}}]}<\/script>\n<!-- \/ Yoast SEO plugin. -->","yoast_head_json":{"title":"Beaphar Bio Band Cat collar - Zooland.az","robots":{"index":"index","follow":"follow","max-snippet":"max-snippet:-1","max-image-preview":"max-image-preview:large","max-video-preview":"max-video-preview:-1"},"canonical":"https:\/\/zoo-land.az\/az\/shop\/cat\/cat-accesories\/cat-category77\/beaphar-bio-band-cat-collar\/","og_locale":"az_AZ","og_type":"article","og_title":"Beaphar Bio Band Cat collar - Zooland.az","og_description":"Beaphar Bio Band collar with natural oils for cats and kittens. Contains a blend of natural oils, including neem oil and lavender oil, which repel blood-sucking insects (fleas, ticks, mosquitoes). Additionally, neem oil has beneficial effects on the skin, possessing antibiotic, antifungal, and antiviral properties. It improves coat appearance, reduces itching from insect bites, and eliminates unpleasant odors from the animal. The collar is green in color and remains effective for 4 months. Suitable for kittens from 2 months old. Step 2 of Beaphar's four-step flea protection program.","og_url":"https:\/\/zoo-land.az\/az\/shop\/cat\/cat-accesories\/cat-category77\/beaphar-bio-band-cat-collar\/","og_site_name":"Zooland.az","article_modified_time":"2026-03-09T09:34:15+00:00","og_image":[{"width":1000,"height":1000,"url":"http:\/\/zoo-land.az\/wp-content\/uploads\/2024\/06\/6490863956.jpg","type":"image\/jpeg"}],"twitter_card":"summary_large_image","twitter_misc":{"Est. reading time":"1 minute"},"schema":{"@context":"https:\/\/schema.org","@graph":[{"@type":"WebPage","@id":"https:\/\/zoo-land.az\/shop\/cat\/cat-accesories\/cat-category77\/beaphar-bio-band-cat-collar\/","url":"https:\/\/zoo-land.az\/shop\/cat\/cat-accesories\/cat-category77\/beaphar-bio-band-cat-collar\/","name":"Beaphar Bio Band Cat collar - Zooland.az","isPartOf":{"@id":"https:\/\/zoo-land.az\/#website"},"primaryImageOfPage":{"@id":"https:\/\/zoo-land.az\/shop\/cat\/cat-accesories\/cat-category77\/beaphar-bio-band-cat-collar\/#primaryimage"},"image":{"@id":"https:\/\/zoo-land.az\/shop\/cat\/cat-accesories\/cat-category77\/beaphar-bio-band-cat-collar\/#primaryimage"},"thumbnailUrl":"https:\/\/zoo-land.az\/wp-content\/uploads\/2024\/06\/6490863956.jpg","datePublished":"2024-06-18T09:39:22+00:00","dateModified":"2026-03-09T09:34:15+00:00","breadcrumb":{"@id":"https:\/\/zoo-land.az\/shop\/cat\/cat-accesories\/cat-category77\/beaphar-bio-band-cat-collar\/#breadcrumb"},"inLanguage":"az","potentialAction":[{"@type":"ReadAction","target":["https:\/\/zoo-land.az\/shop\/cat\/cat-accesories\/cat-category77\/beaphar-bio-band-cat-collar\/"]}]},{"@type":"ImageObject","inLanguage":"az","@id":"https:\/\/zoo-land.az\/shop\/cat\/cat-accesories\/cat-category77\/beaphar-bio-band-cat-collar\/#primaryimage","url":"https:\/\/zoo-land.az\/wp-content\/uploads\/2024\/06\/6490863956.jpg","contentUrl":"https:\/\/zoo-land.az\/wp-content\/uploads\/2024\/06\/6490863956.jpg","width":1000,"height":1000},{"@type":"BreadcrumbList","@id":"https:\/\/zoo-land.az\/shop\/cat\/cat-accesories\/cat-category77\/beaphar-bio-band-cat-collar\/#breadcrumb","itemListElement":[{"@type":"ListItem","position":1,"name":"Home","item":"https:\/\/zoo-land.az\/ru\/"},{"@type":"ListItem","position":2,"name":"Shop","item":"https:\/\/zoo-land.az\/ru\/"},{"@type":"ListItem","position":3,"name":"Beaphar Bio Band Cat collar"}]},{"@type":"WebSite","@id":"https:\/\/zoo-land.az\/#website","url":"https:\/\/zoo-land.az\/","name":"Zooland.az","description":"Xo\u015fb\u0259xt ev heyvanlar\u0131n\u0131n \u00fcnvan\u0131 Zooland.az","publisher":{"@id":"https:\/\/zoo-land.az\/#organization"},"potentialAction":[{"@type":"SearchAction","target":{"@type":"EntryPoint","urlTemplate":"https:\/\/zoo-land.az\/?s={search_term_string}"},"query-input":{"@type":"PropertyValueSpecification","valueRequired":true,"valueName":"search_term_string"}}],"inLanguage":"az"},{"@type":"Organization","@id":"https:\/\/zoo-land.az\/#organization","name":"Zooland.az","url":"https:\/\/zoo-land.az\/","logo":{"@type":"ImageObject","inLanguage":"az","@id":"https:\/\/zoo-land.az\/#\/schema\/logo\/image\/","url":"https:\/\/zoo-land.az\/wp-content\/uploads\/2022\/05\/logo.svg","contentUrl":"https:\/\/zoo-land.az\/wp-content\/uploads\/2022\/05\/logo.svg","width":113,"height":46,"caption":"Zooland.az"},"image":{"@id":"https:\/\/zoo-land.az\/#\/schema\/logo\/image\/"}}]}},"_links":{"self":[{"href":"https:\/\/zoo-land.az\/az\/wp-json\/wp\/v2\/product\/24069","targetHints":{"allow":["GET"]}}],"collection":[{"href":"https:\/\/zoo-land.az\/az\/wp-json\/wp\/v2\/product"}],"about":[{"href":"https:\/\/zoo-land.az\/az\/wp-json\/wp\/v2\/types\/product"}],"wp:featuredmedia":[{"embeddable":true,"href":"https:\/\/zoo-land.az\/az\/wp-json\/wp\/v2\/media\/24071"}],"wp:attachment":[{"href":"https:\/\/zoo-land.az\/az\/wp-json\/wp\/v2\/media?parent=24069"}],"wp:term":[{"taxonomy":"product_cat","embeddable":true,"href":"https:\/\/zoo-land.az\/az\/wp-json\/wp\/v2\/product_cat?post=24069"},{"taxonomy":"product_tag","embeddable":true,"href":"https:\/\/zoo-land.az\/az\/wp-json\/wp\/v2\/product_tag?post=24069"}],"curies":[{"name":"wp","href":"https:\/\/api.w.org\/{rel}","templated":true}]}}