{"id":24101,"date":"2024-06-18T10:17:35","date_gmt":"2024-06-18T10:17:35","guid":{"rendered":"https:\/\/lightsteelblue-zebra-299715.hostingersite.com\/?post_type=product&#038;p=24101"},"modified":"2024-06-18T10:17:35","modified_gmt":"2024-06-18T10:17:35","slug":"canvit-biotin-for-dog-230-g","status":"publish","type":"product","link":"https:\/\/zoo-land.az\/az\/shop\/dog\/vitamins-dog\/canvit-biotin-for-dog-230-g\/","title":{"rendered":"Canvit Biotin for Dog 230 g"},"content":{"rendered":"<p>Canvit Biotin is a complex supplement containing proactive substances such as biotin, zinc, B-group vitamins, and methionine, which support healthy skin development, coat quality, shine, and positively influence claw keratin. It is recommended particularly during the shedding period when dogs shed their old coat and replace it with new fur. Suitable for long-haired dogs, white dogs, shedding dogs, and those requiring high coat quality and good appearance.<\/p>\n<p>T\u0259rkibi:<\/p>\n<ul>\n<li>Dried lactose<\/li>\n<li>Glucose<\/li>\n<li>Wheat starch<\/li>\n<li>Dried brewer&#8217;s yeast<\/li>\n<li>Kalsium karbonat<\/li>\n<li>Dried skimmed milk<\/li>\n<\/ul>\n<p>Usage: Administer the tablets according to the recommended dosage directly from hand or crushed into food for a minimum of three weeks.<\/p>\n<p>Dosage: 1 tablet per 5 kg of body weight per day.<\/p>","protected":false},"excerpt":{"rendered":"<p>Canvit Biotin is a complex supplement containing proactive substances such as biotin, zinc, B-group vitamins, and methionine, which support healthy skin development, coat quality, shine, and positively influence claw keratin. It is recommended particularly during the shedding period when dogs shed their old coat and replace it with new fur. Suitable for long-haired dogs, white dogs, shedding dogs, and those requiring high coat quality and good appearance.<\/p>","protected":false},"featured_media":24102,"template":"","meta":{"inline_featured_image":false,"_joinchat":[]},"product_cat":[107,366],"product_tag":[],"class_list":{"0":"post-24101","1":"product","2":"type-product","3":"status-publish","4":"has-post-thumbnail","6":"product_brand-canvit","7":"product_cat-dog","8":"product_cat-vitamins-dog","10":"first","11":"instock","12":"shipping-taxable","13":"purchasable","14":"product-type-simple"},"yoast_head":"<!-- This site is optimized with the Yoast SEO plugin v26.7 - https:\/\/yoast.com\/wordpress\/plugins\/seo\/ -->\n<title>Canvit Biotin for Dog 230 g - Zooland.az<\/title>\n<meta name=\"robots\" content=\"index, follow, max-snippet:-1, max-image-preview:large, max-video-preview:-1\" \/>\n<link rel=\"canonical\" href=\"https:\/\/zoo-land.az\/az\/shop\/dog\/vitamins-dog\/canvit-biotin-for-dog-230-g\/\" \/>\n<meta property=\"og:locale\" content=\"az_AZ\" \/>\n<meta property=\"og:type\" content=\"article\" \/>\n<meta property=\"og:title\" content=\"Canvit Biotin for Dog 230 g - Zooland.az\" \/>\n<meta property=\"og:description\" content=\"Canvit Biotin is a complex supplement containing proactive substances such as biotin, zinc, B-group vitamins, and methionine, which support healthy skin development, coat quality, shine, and positively influence claw keratin. It is recommended particularly during the shedding period when dogs shed their old coat and replace it with new fur. Suitable for long-haired dogs, white dogs, shedding dogs, and those requiring high coat quality and good appearance.\" \/>\n<meta property=\"og:url\" content=\"https:\/\/zoo-land.az\/az\/shop\/dog\/vitamins-dog\/canvit-biotin-for-dog-230-g\/\" \/>\n<meta property=\"og:site_name\" content=\"Zooland.az\" \/>\n<meta property=\"og:image\" content=\"https:\/\/zoo-land.az\/wp-content\/uploads\/2024\/06\/canvit-biotin-pro-psy-tbl-230-g.jpg\" \/>\n\t<meta property=\"og:image:width\" content=\"570\" \/>\n\t<meta property=\"og:image:height\" content=\"500\" \/>\n\t<meta property=\"og:image:type\" content=\"image\/jpeg\" \/>\n<meta name=\"twitter:card\" content=\"summary_large_image\" \/>\n<meta name=\"twitter:label1\" content=\"Est. reading time\" \/>\n\t<meta name=\"twitter:data1\" content=\"1 minute\" \/>\n<script type=\"application\/ld+json\" class=\"yoast-schema-graph\">{\"@context\":\"https:\/\/schema.org\",\"@graph\":[{\"@type\":\"WebPage\",\"@id\":\"https:\/\/zoo-land.az\/shop\/dog\/vitamins-dog\/canvit-biotin-for-dog-230-g\/\",\"url\":\"https:\/\/zoo-land.az\/shop\/dog\/vitamins-dog\/canvit-biotin-for-dog-230-g\/\",\"name\":\"Canvit Biotin for Dog 230 g - Zooland.az\",\"isPartOf\":{\"@id\":\"https:\/\/zoo-land.az\/#website\"},\"primaryImageOfPage\":{\"@id\":\"https:\/\/zoo-land.az\/shop\/dog\/vitamins-dog\/canvit-biotin-for-dog-230-g\/#primaryimage\"},\"image\":{\"@id\":\"https:\/\/zoo-land.az\/shop\/dog\/vitamins-dog\/canvit-biotin-for-dog-230-g\/#primaryimage\"},\"thumbnailUrl\":\"https:\/\/zoo-land.az\/wp-content\/uploads\/2024\/06\/canvit-biotin-pro-psy-tbl-230-g.jpg\",\"datePublished\":\"2024-06-18T10:17:35+00:00\",\"breadcrumb\":{\"@id\":\"https:\/\/zoo-land.az\/shop\/dog\/vitamins-dog\/canvit-biotin-for-dog-230-g\/#breadcrumb\"},\"inLanguage\":\"az\",\"potentialAction\":[{\"@type\":\"ReadAction\",\"target\":[\"https:\/\/zoo-land.az\/shop\/dog\/vitamins-dog\/canvit-biotin-for-dog-230-g\/\"]}]},{\"@type\":\"ImageObject\",\"inLanguage\":\"az\",\"@id\":\"https:\/\/zoo-land.az\/shop\/dog\/vitamins-dog\/canvit-biotin-for-dog-230-g\/#primaryimage\",\"url\":\"https:\/\/zoo-land.az\/wp-content\/uploads\/2024\/06\/canvit-biotin-pro-psy-tbl-230-g.jpg\",\"contentUrl\":\"https:\/\/zoo-land.az\/wp-content\/uploads\/2024\/06\/canvit-biotin-pro-psy-tbl-230-g.jpg\",\"width\":570,\"height\":500},{\"@type\":\"BreadcrumbList\",\"@id\":\"https:\/\/zoo-land.az\/shop\/dog\/vitamins-dog\/canvit-biotin-for-dog-230-g\/#breadcrumb\",\"itemListElement\":[{\"@type\":\"ListItem\",\"position\":1,\"name\":\"Home\",\"item\":\"https:\/\/zoo-land.az\/ru\/\"},{\"@type\":\"ListItem\",\"position\":2,\"name\":\"Shop\",\"item\":\"https:\/\/zoo-land.az\/ru\/\"},{\"@type\":\"ListItem\",\"position\":3,\"name\":\"Canvit Biotin for Dog 230 g\"}]},{\"@type\":\"WebSite\",\"@id\":\"https:\/\/zoo-land.az\/#website\",\"url\":\"https:\/\/zoo-land.az\/\",\"name\":\"Zooland.az\",\"description\":\"Xo\u015fb\u0259xt ev heyvanlar\u0131n\u0131n \u00fcnvan\u0131 Zooland.az\",\"publisher\":{\"@id\":\"https:\/\/zoo-land.az\/#organization\"},\"potentialAction\":[{\"@type\":\"SearchAction\",\"target\":{\"@type\":\"EntryPoint\",\"urlTemplate\":\"https:\/\/zoo-land.az\/?s={search_term_string}\"},\"query-input\":{\"@type\":\"PropertyValueSpecification\",\"valueRequired\":true,\"valueName\":\"search_term_string\"}}],\"inLanguage\":\"az\"},{\"@type\":\"Organization\",\"@id\":\"https:\/\/zoo-land.az\/#organization\",\"name\":\"Zooland.az\",\"url\":\"https:\/\/zoo-land.az\/\",\"logo\":{\"@type\":\"ImageObject\",\"inLanguage\":\"az\",\"@id\":\"https:\/\/zoo-land.az\/#\/schema\/logo\/image\/\",\"url\":\"https:\/\/zoo-land.az\/wp-content\/uploads\/2022\/05\/logo.svg\",\"contentUrl\":\"https:\/\/zoo-land.az\/wp-content\/uploads\/2022\/05\/logo.svg\",\"width\":113,\"height\":46,\"caption\":\"Zooland.az\"},\"image\":{\"@id\":\"https:\/\/zoo-land.az\/#\/schema\/logo\/image\/\"}}]}<\/script>\n<!-- \/ Yoast SEO plugin. -->","yoast_head_json":{"title":"Canvit Biotin for Dog 230 g - Zooland.az","robots":{"index":"index","follow":"follow","max-snippet":"max-snippet:-1","max-image-preview":"max-image-preview:large","max-video-preview":"max-video-preview:-1"},"canonical":"https:\/\/zoo-land.az\/az\/shop\/dog\/vitamins-dog\/canvit-biotin-for-dog-230-g\/","og_locale":"az_AZ","og_type":"article","og_title":"Canvit Biotin for Dog 230 g - Zooland.az","og_description":"Canvit Biotin is a complex supplement containing proactive substances such as biotin, zinc, B-group vitamins, and methionine, which support healthy skin development, coat quality, shine, and positively influence claw keratin. It is recommended particularly during the shedding period when dogs shed their old coat and replace it with new fur. Suitable for long-haired dogs, white dogs, shedding dogs, and those requiring high coat quality and good appearance.","og_url":"https:\/\/zoo-land.az\/az\/shop\/dog\/vitamins-dog\/canvit-biotin-for-dog-230-g\/","og_site_name":"Zooland.az","og_image":[{"width":570,"height":500,"url":"https:\/\/zoo-land.az\/wp-content\/uploads\/2024\/06\/canvit-biotin-pro-psy-tbl-230-g.jpg","type":"image\/jpeg"}],"twitter_card":"summary_large_image","twitter_misc":{"Est. reading time":"1 minute"},"schema":{"@context":"https:\/\/schema.org","@graph":[{"@type":"WebPage","@id":"https:\/\/zoo-land.az\/shop\/dog\/vitamins-dog\/canvit-biotin-for-dog-230-g\/","url":"https:\/\/zoo-land.az\/shop\/dog\/vitamins-dog\/canvit-biotin-for-dog-230-g\/","name":"Canvit Biotin for Dog 230 g - Zooland.az","isPartOf":{"@id":"https:\/\/zoo-land.az\/#website"},"primaryImageOfPage":{"@id":"https:\/\/zoo-land.az\/shop\/dog\/vitamins-dog\/canvit-biotin-for-dog-230-g\/#primaryimage"},"image":{"@id":"https:\/\/zoo-land.az\/shop\/dog\/vitamins-dog\/canvit-biotin-for-dog-230-g\/#primaryimage"},"thumbnailUrl":"https:\/\/zoo-land.az\/wp-content\/uploads\/2024\/06\/canvit-biotin-pro-psy-tbl-230-g.jpg","datePublished":"2024-06-18T10:17:35+00:00","breadcrumb":{"@id":"https:\/\/zoo-land.az\/shop\/dog\/vitamins-dog\/canvit-biotin-for-dog-230-g\/#breadcrumb"},"inLanguage":"az","potentialAction":[{"@type":"ReadAction","target":["https:\/\/zoo-land.az\/shop\/dog\/vitamins-dog\/canvit-biotin-for-dog-230-g\/"]}]},{"@type":"ImageObject","inLanguage":"az","@id":"https:\/\/zoo-land.az\/shop\/dog\/vitamins-dog\/canvit-biotin-for-dog-230-g\/#primaryimage","url":"https:\/\/zoo-land.az\/wp-content\/uploads\/2024\/06\/canvit-biotin-pro-psy-tbl-230-g.jpg","contentUrl":"https:\/\/zoo-land.az\/wp-content\/uploads\/2024\/06\/canvit-biotin-pro-psy-tbl-230-g.jpg","width":570,"height":500},{"@type":"BreadcrumbList","@id":"https:\/\/zoo-land.az\/shop\/dog\/vitamins-dog\/canvit-biotin-for-dog-230-g\/#breadcrumb","itemListElement":[{"@type":"ListItem","position":1,"name":"Home","item":"https:\/\/zoo-land.az\/ru\/"},{"@type":"ListItem","position":2,"name":"Shop","item":"https:\/\/zoo-land.az\/ru\/"},{"@type":"ListItem","position":3,"name":"Canvit Biotin for Dog 230 g"}]},{"@type":"WebSite","@id":"https:\/\/zoo-land.az\/#website","url":"https:\/\/zoo-land.az\/","name":"Zooland.az","description":"Xo\u015fb\u0259xt ev heyvanlar\u0131n\u0131n \u00fcnvan\u0131 Zooland.az","publisher":{"@id":"https:\/\/zoo-land.az\/#organization"},"potentialAction":[{"@type":"SearchAction","target":{"@type":"EntryPoint","urlTemplate":"https:\/\/zoo-land.az\/?s={search_term_string}"},"query-input":{"@type":"PropertyValueSpecification","valueRequired":true,"valueName":"search_term_string"}}],"inLanguage":"az"},{"@type":"Organization","@id":"https:\/\/zoo-land.az\/#organization","name":"Zooland.az","url":"https:\/\/zoo-land.az\/","logo":{"@type":"ImageObject","inLanguage":"az","@id":"https:\/\/zoo-land.az\/#\/schema\/logo\/image\/","url":"https:\/\/zoo-land.az\/wp-content\/uploads\/2022\/05\/logo.svg","contentUrl":"https:\/\/zoo-land.az\/wp-content\/uploads\/2022\/05\/logo.svg","width":113,"height":46,"caption":"Zooland.az"},"image":{"@id":"https:\/\/zoo-land.az\/#\/schema\/logo\/image\/"}}]}},"_links":{"self":[{"href":"https:\/\/zoo-land.az\/az\/wp-json\/wp\/v2\/product\/24101","targetHints":{"allow":["GET"]}}],"collection":[{"href":"https:\/\/zoo-land.az\/az\/wp-json\/wp\/v2\/product"}],"about":[{"href":"https:\/\/zoo-land.az\/az\/wp-json\/wp\/v2\/types\/product"}],"wp:featuredmedia":[{"embeddable":true,"href":"https:\/\/zoo-land.az\/az\/wp-json\/wp\/v2\/media\/24102"}],"wp:attachment":[{"href":"https:\/\/zoo-land.az\/az\/wp-json\/wp\/v2\/media?parent=24101"}],"wp:term":[{"taxonomy":"product_cat","embeddable":true,"href":"https:\/\/zoo-land.az\/az\/wp-json\/wp\/v2\/product_cat?post=24101"},{"taxonomy":"product_tag","embeddable":true,"href":"https:\/\/zoo-land.az\/az\/wp-json\/wp\/v2\/product_tag?post=24101"}],"curies":[{"name":"wp","href":"https:\/\/api.w.org\/{rel}","templated":true}]}}