{"id":24109,"date":"2024-06-18T11:15:13","date_gmt":"2024-06-18T11:15:13","guid":{"rendered":"https:\/\/lightsteelblue-zebra-299715.hostingersite.com\/?post_type=product&#038;p=24109"},"modified":"2024-06-18T11:15:14","modified_gmt":"2024-06-18T11:15:14","slug":"beaphar-provitamin-shampoo-anti-tangle-cat-250-ml","status":"publish","type":"product","link":"https:\/\/zoo-land.az\/az\/shop\/cat\/cat-hygenic\/cat-hairwashes\/beaphar-provitamin-shampoo-anti-tangle-cat-250-ml\/","title":{"rendered":"Beaphar ProVitamin \u015eampun Dola\u015fmaya Qar\u015f\u0131 Pi\u015fik 250 ml"},"content":{"rendered":"<p>Specially formulated provitamin shampoo designed for gentle care of long-haired cats. The shampoo nourishes the fur from the roots, providing it with a special shine and grooming after use. It facilitates easier combing, prevents matting, and protects long fur from damage. With its neutral pH, the shampoo is suitable for cats with sensitive skin. It features a pleasant fruity fragrance. Usage instructions: Wet the fur with warm water and apply the shampoo, gently massaging until lather forms. Leave on for 2-3 minutes, then rinse thoroughly. Finally, towel-dry the fur.<\/p>","protected":false},"excerpt":{"rendered":"<p>Specially formulated provitamin shampoo designed for gentle care of long-haired cats. The shampoo nourishes the fur from the roots, providing it with a special shine and grooming after use.<\/p>","protected":false},"featured_media":24110,"template":"","meta":{"inline_featured_image":false,"_joinchat":[]},"product_cat":[188,199,200],"product_tag":[],"class_list":{"0":"post-24109","1":"product","2":"type-product","3":"status-publish","4":"has-post-thumbnail","6":"product_brand-beaphar","7":"product_cat-cat","8":"product_cat-cat-hygenic","9":"product_cat-cat-hairwashes","11":"first","12":"instock","13":"shipping-taxable","14":"purchasable","15":"product-type-simple"},"yoast_head":"<!-- This site is optimized with the Yoast SEO plugin v27.4 - https:\/\/yoast.com\/product\/yoast-seo-wordpress\/ -->\n<title>Beaphar ProVitamin Shampoo Anti Tangle Cat 250 ml - Zooland.az<\/title>\n<meta name=\"robots\" content=\"index, follow, max-snippet:-1, max-image-preview:large, max-video-preview:-1\" \/>\n<link rel=\"canonical\" href=\"https:\/\/zoo-land.az\/az\/shop\/cat\/cat-hygenic\/cat-hairwashes\/beaphar-provitamin-shampoo-anti-tangle-cat-250-ml\/\" \/>\n<meta property=\"og:locale\" content=\"az_AZ\" \/>\n<meta property=\"og:type\" content=\"article\" \/>\n<meta property=\"og:title\" content=\"Beaphar ProVitamin Shampoo Anti Tangle Cat 250 ml - Zooland.az\" \/>\n<meta property=\"og:description\" content=\"Specially formulated provitamin shampoo designed for gentle care of long-haired cats. The shampoo nourishes the fur from the roots, providing it with a special shine and grooming after use.\" \/>\n<meta property=\"og:url\" content=\"https:\/\/zoo-land.az\/az\/shop\/cat\/cat-hygenic\/cat-hairwashes\/beaphar-provitamin-shampoo-anti-tangle-cat-250-ml\/\" \/>\n<meta property=\"og:site_name\" content=\"Zooland.az\" \/>\n<meta property=\"article:modified_time\" content=\"2024-06-18T11:15:14+00:00\" \/>\n<meta property=\"og:image\" content=\"https:\/\/zoo-land.az\/wp-content\/uploads\/2024\/06\/261941-cedb01efa9d87c3eccb366816a9052f7.jpg\" \/>\n\t<meta property=\"og:image:width\" content=\"840\" \/>\n\t<meta property=\"og:image:height\" content=\"630\" \/>\n\t<meta property=\"og:image:type\" content=\"image\/jpeg\" \/>\n<meta name=\"twitter:card\" content=\"summary_large_image\" \/>\n<meta name=\"twitter:label1\" content=\"Est. reading time\" \/>\n\t<meta name=\"twitter:data1\" content=\"1 minute\" \/>\n<script type=\"application\/ld+json\" class=\"yoast-schema-graph\">{\"@context\":\"https:\\\/\\\/schema.org\",\"@graph\":[{\"@type\":\"WebPage\",\"@id\":\"https:\\\/\\\/zoo-land.az\\\/shop\\\/cat\\\/cat-hygenic\\\/cat-hairwashes\\\/beaphar-provitamin-shampoo-anti-tangle-cat-250-ml\\\/\",\"url\":\"https:\\\/\\\/zoo-land.az\\\/shop\\\/cat\\\/cat-hygenic\\\/cat-hairwashes\\\/beaphar-provitamin-shampoo-anti-tangle-cat-250-ml\\\/\",\"name\":\"Beaphar ProVitamin Shampoo Anti Tangle Cat 250 ml - Zooland.az\",\"isPartOf\":{\"@id\":\"https:\\\/\\\/zoo-land.az\\\/ru\\\/#website\"},\"primaryImageOfPage\":{\"@id\":\"https:\\\/\\\/zoo-land.az\\\/shop\\\/cat\\\/cat-hygenic\\\/cat-hairwashes\\\/beaphar-provitamin-shampoo-anti-tangle-cat-250-ml\\\/#primaryimage\"},\"image\":{\"@id\":\"https:\\\/\\\/zoo-land.az\\\/shop\\\/cat\\\/cat-hygenic\\\/cat-hairwashes\\\/beaphar-provitamin-shampoo-anti-tangle-cat-250-ml\\\/#primaryimage\"},\"thumbnailUrl\":\"https:\\\/\\\/zoo-land.az\\\/wp-content\\\/uploads\\\/2024\\\/06\\\/261941-cedb01efa9d87c3eccb366816a9052f7.jpg\",\"datePublished\":\"2024-06-18T11:15:13+00:00\",\"dateModified\":\"2024-06-18T11:15:14+00:00\",\"breadcrumb\":{\"@id\":\"https:\\\/\\\/zoo-land.az\\\/shop\\\/cat\\\/cat-hygenic\\\/cat-hairwashes\\\/beaphar-provitamin-shampoo-anti-tangle-cat-250-ml\\\/#breadcrumb\"},\"inLanguage\":\"az\",\"potentialAction\":[{\"@type\":\"ReadAction\",\"target\":[\"https:\\\/\\\/zoo-land.az\\\/shop\\\/cat\\\/cat-hygenic\\\/cat-hairwashes\\\/beaphar-provitamin-shampoo-anti-tangle-cat-250-ml\\\/\"]}]},{\"@type\":\"ImageObject\",\"inLanguage\":\"az\",\"@id\":\"https:\\\/\\\/zoo-land.az\\\/shop\\\/cat\\\/cat-hygenic\\\/cat-hairwashes\\\/beaphar-provitamin-shampoo-anti-tangle-cat-250-ml\\\/#primaryimage\",\"url\":\"https:\\\/\\\/zoo-land.az\\\/wp-content\\\/uploads\\\/2024\\\/06\\\/261941-cedb01efa9d87c3eccb366816a9052f7.jpg\",\"contentUrl\":\"https:\\\/\\\/zoo-land.az\\\/wp-content\\\/uploads\\\/2024\\\/06\\\/261941-cedb01efa9d87c3eccb366816a9052f7.jpg\",\"width\":840,\"height\":630},{\"@type\":\"BreadcrumbList\",\"@id\":\"https:\\\/\\\/zoo-land.az\\\/shop\\\/cat\\\/cat-hygenic\\\/cat-hairwashes\\\/beaphar-provitamin-shampoo-anti-tangle-cat-250-ml\\\/#breadcrumb\",\"itemListElement\":[{\"@type\":\"ListItem\",\"position\":1,\"name\":\"Home\",\"item\":\"https:\\\/\\\/zoo-land.az\\\/ru\\\/\"},{\"@type\":\"ListItem\",\"position\":2,\"name\":\"Shop\",\"item\":\"https:\\\/\\\/zoo-land.az\\\/ru\\\/\"},{\"@type\":\"ListItem\",\"position\":3,\"name\":\"Beaphar ProVitamin Shampoo Anti Tangle Cat 250 ml\"}]},{\"@type\":\"WebSite\",\"@id\":\"https:\\\/\\\/zoo-land.az\\\/ru\\\/#website\",\"url\":\"https:\\\/\\\/zoo-land.az\\\/ru\\\/\",\"name\":\"Zooland.az\",\"description\":\"Xo\u015fb\u0259xt ev heyvanlar\u0131n\u0131n \u00fcnvan\u0131 Zooland.az\",\"publisher\":{\"@id\":\"https:\\\/\\\/zoo-land.az\\\/ru\\\/#organization\"},\"potentialAction\":[{\"@type\":\"SearchAction\",\"target\":{\"@type\":\"EntryPoint\",\"urlTemplate\":\"https:\\\/\\\/zoo-land.az\\\/ru\\\/?s={search_term_string}\"},\"query-input\":{\"@type\":\"PropertyValueSpecification\",\"valueRequired\":true,\"valueName\":\"search_term_string\"}}],\"inLanguage\":\"az\"},{\"@type\":\"Organization\",\"@id\":\"https:\\\/\\\/zoo-land.az\\\/ru\\\/#organization\",\"name\":\"Zooland.az\",\"url\":\"https:\\\/\\\/zoo-land.az\\\/ru\\\/\",\"logo\":{\"@type\":\"ImageObject\",\"inLanguage\":\"az\",\"@id\":\"https:\\\/\\\/zoo-land.az\\\/ru\\\/#\\\/schema\\\/logo\\\/image\\\/\",\"url\":\"https:\\\/\\\/zoo-land.az\\\/wp-content\\\/uploads\\\/2022\\\/05\\\/logo.svg\",\"contentUrl\":\"https:\\\/\\\/zoo-land.az\\\/wp-content\\\/uploads\\\/2022\\\/05\\\/logo.svg\",\"width\":113,\"height\":46,\"caption\":\"Zooland.az\"},\"image\":{\"@id\":\"https:\\\/\\\/zoo-land.az\\\/ru\\\/#\\\/schema\\\/logo\\\/image\\\/\"}}]}<\/script>\n<!-- \/ Yoast SEO plugin. -->","yoast_head_json":{"title":"Beaphar ProVitamin Shampoo Anti Tangle Cat 250 ml - Zooland.az","robots":{"index":"index","follow":"follow","max-snippet":"max-snippet:-1","max-image-preview":"max-image-preview:large","max-video-preview":"max-video-preview:-1"},"canonical":"https:\/\/zoo-land.az\/az\/shop\/cat\/cat-hygenic\/cat-hairwashes\/beaphar-provitamin-shampoo-anti-tangle-cat-250-ml\/","og_locale":"az_AZ","og_type":"article","og_title":"Beaphar ProVitamin Shampoo Anti Tangle Cat 250 ml - Zooland.az","og_description":"Specially formulated provitamin shampoo designed for gentle care of long-haired cats. The shampoo nourishes the fur from the roots, providing it with a special shine and grooming after use.","og_url":"https:\/\/zoo-land.az\/az\/shop\/cat\/cat-hygenic\/cat-hairwashes\/beaphar-provitamin-shampoo-anti-tangle-cat-250-ml\/","og_site_name":"Zooland.az","article_modified_time":"2024-06-18T11:15:14+00:00","og_image":[{"width":840,"height":630,"url":"https:\/\/zoo-land.az\/wp-content\/uploads\/2024\/06\/261941-cedb01efa9d87c3eccb366816a9052f7.jpg","type":"image\/jpeg"}],"twitter_card":"summary_large_image","twitter_misc":{"Est. reading time":"1 minute"},"schema":{"@context":"https:\/\/schema.org","@graph":[{"@type":"WebPage","@id":"https:\/\/zoo-land.az\/shop\/cat\/cat-hygenic\/cat-hairwashes\/beaphar-provitamin-shampoo-anti-tangle-cat-250-ml\/","url":"https:\/\/zoo-land.az\/shop\/cat\/cat-hygenic\/cat-hairwashes\/beaphar-provitamin-shampoo-anti-tangle-cat-250-ml\/","name":"Beaphar ProVitamin Shampoo Anti Tangle Cat 250 ml - Zooland.az","isPartOf":{"@id":"https:\/\/zoo-land.az\/ru\/#website"},"primaryImageOfPage":{"@id":"https:\/\/zoo-land.az\/shop\/cat\/cat-hygenic\/cat-hairwashes\/beaphar-provitamin-shampoo-anti-tangle-cat-250-ml\/#primaryimage"},"image":{"@id":"https:\/\/zoo-land.az\/shop\/cat\/cat-hygenic\/cat-hairwashes\/beaphar-provitamin-shampoo-anti-tangle-cat-250-ml\/#primaryimage"},"thumbnailUrl":"https:\/\/zoo-land.az\/wp-content\/uploads\/2024\/06\/261941-cedb01efa9d87c3eccb366816a9052f7.jpg","datePublished":"2024-06-18T11:15:13+00:00","dateModified":"2024-06-18T11:15:14+00:00","breadcrumb":{"@id":"https:\/\/zoo-land.az\/shop\/cat\/cat-hygenic\/cat-hairwashes\/beaphar-provitamin-shampoo-anti-tangle-cat-250-ml\/#breadcrumb"},"inLanguage":"az","potentialAction":[{"@type":"ReadAction","target":["https:\/\/zoo-land.az\/shop\/cat\/cat-hygenic\/cat-hairwashes\/beaphar-provitamin-shampoo-anti-tangle-cat-250-ml\/"]}]},{"@type":"ImageObject","inLanguage":"az","@id":"https:\/\/zoo-land.az\/shop\/cat\/cat-hygenic\/cat-hairwashes\/beaphar-provitamin-shampoo-anti-tangle-cat-250-ml\/#primaryimage","url":"https:\/\/zoo-land.az\/wp-content\/uploads\/2024\/06\/261941-cedb01efa9d87c3eccb366816a9052f7.jpg","contentUrl":"https:\/\/zoo-land.az\/wp-content\/uploads\/2024\/06\/261941-cedb01efa9d87c3eccb366816a9052f7.jpg","width":840,"height":630},{"@type":"BreadcrumbList","@id":"https:\/\/zoo-land.az\/shop\/cat\/cat-hygenic\/cat-hairwashes\/beaphar-provitamin-shampoo-anti-tangle-cat-250-ml\/#breadcrumb","itemListElement":[{"@type":"ListItem","position":1,"name":"Home","item":"https:\/\/zoo-land.az\/ru\/"},{"@type":"ListItem","position":2,"name":"Shop","item":"https:\/\/zoo-land.az\/ru\/"},{"@type":"ListItem","position":3,"name":"Beaphar ProVitamin Shampoo Anti Tangle Cat 250 ml"}]},{"@type":"WebSite","@id":"https:\/\/zoo-land.az\/ru\/#website","url":"https:\/\/zoo-land.az\/ru\/","name":"Zooland.az","description":"Xo\u015fb\u0259xt ev heyvanlar\u0131n\u0131n \u00fcnvan\u0131 Zooland.az","publisher":{"@id":"https:\/\/zoo-land.az\/ru\/#organization"},"potentialAction":[{"@type":"SearchAction","target":{"@type":"EntryPoint","urlTemplate":"https:\/\/zoo-land.az\/ru\/?s={search_term_string}"},"query-input":{"@type":"PropertyValueSpecification","valueRequired":true,"valueName":"search_term_string"}}],"inLanguage":"az"},{"@type":"Organization","@id":"https:\/\/zoo-land.az\/ru\/#organization","name":"Zooland.az","url":"https:\/\/zoo-land.az\/ru\/","logo":{"@type":"ImageObject","inLanguage":"az","@id":"https:\/\/zoo-land.az\/ru\/#\/schema\/logo\/image\/","url":"https:\/\/zoo-land.az\/wp-content\/uploads\/2022\/05\/logo.svg","contentUrl":"https:\/\/zoo-land.az\/wp-content\/uploads\/2022\/05\/logo.svg","width":113,"height":46,"caption":"Zooland.az"},"image":{"@id":"https:\/\/zoo-land.az\/ru\/#\/schema\/logo\/image\/"}}]}},"_links":{"self":[{"href":"https:\/\/zoo-land.az\/az\/wp-json\/wp\/v2\/product\/24109","targetHints":{"allow":["GET"]}}],"collection":[{"href":"https:\/\/zoo-land.az\/az\/wp-json\/wp\/v2\/product"}],"about":[{"href":"https:\/\/zoo-land.az\/az\/wp-json\/wp\/v2\/types\/product"}],"wp:featuredmedia":[{"embeddable":true,"href":"https:\/\/zoo-land.az\/az\/wp-json\/wp\/v2\/media\/24110"}],"wp:attachment":[{"href":"https:\/\/zoo-land.az\/az\/wp-json\/wp\/v2\/media?parent=24109"}],"wp:term":[{"taxonomy":"product_cat","embeddable":true,"href":"https:\/\/zoo-land.az\/az\/wp-json\/wp\/v2\/product_cat?post=24109"},{"taxonomy":"product_tag","embeddable":true,"href":"https:\/\/zoo-land.az\/az\/wp-json\/wp\/v2\/product_tag?post=24109"}],"curies":[{"name":"wp","href":"https:\/\/api.w.org\/{rel}","templated":true}]}}