{"id":24113,"date":"2024-06-18T11:18:48","date_gmt":"2024-06-18T11:18:48","guid":{"rendered":"https:\/\/lightsteelblue-zebra-299715.hostingersite.com\/?post_type=product&#038;p=24113"},"modified":"2024-06-18T11:18:49","modified_gmt":"2024-06-18T11:18:49","slug":"beaphar-bio-ear-cleaner-milk-dog-cat-100-ml","status":"publish","type":"product","link":"https:\/\/zoo-land.az\/az\/shop\/cat\/medications-cat\/beaphar-bio-ear-cleaner-milk-dog-cat-100-ml\/","title":{"rendered":"Beaphar Bio Qulaq t\u0259mizl\u0259yici s\u00fcd it pi\u015fik 100 ml"},"content":{"rendered":"<p>Beaphar BIO Ear Cleaner for dogs and cats<br \/>\nCleans the ears of your pet gently. It contains active ingredients from Organic Farming. The ECOCERT\u00ae label guarantees the natural origin and the quality of the ingredients used.<\/p>\n<p>The milk, enriched with essential oils from Lemon and Lavandin, cleans and helps remove ear wax. Regular cleaning helps prevent irritation caused by the accumulation of ear wax.<\/p>\n<p>T\u0259rkibi:<\/p>\n<p>Water, horny water, caprylic-carp triglycerides, glycerin, cetearyl alcohol, cetearyl wheat straw glycosides, benzyl alcohol, sunflower seed oil, bleached bee wax, xanthan rubber, citric acid, lemon peel *, lavender oil, limonen, linalole , Dehydroocetic acid, Citral<br \/>\n* Active ingredients derived from ecological crops. Contains 98.9% of the ingredients of natural origin and 20.5% of organic components<\/p>","protected":false},"excerpt":{"rendered":"<p>Beaphar BIO Ear Cleaner for dogs and cats<br \/>\nCleans the ears of your pet gently. It contains active ingredients from Organic Farming. The ECOCERT\u00ae label guarantees the natural origin and the quality of the ingredients used.<\/p>","protected":false},"featured_media":24114,"template":"","meta":{"inline_featured_image":false,"_joinchat":[]},"product_cat":[188,107,388,390],"product_tag":[],"class_list":{"0":"post-24113","1":"product","2":"type-product","3":"status-publish","4":"has-post-thumbnail","6":"product_brand-beaphar","7":"product_cat-cat","8":"product_cat-dog","9":"product_cat-medications","10":"product_cat-medications-cat","12":"first","13":"instock","14":"shipping-taxable","15":"purchasable","16":"product-type-simple"},"yoast_head":"<!-- This site is optimized with the Yoast SEO plugin v26.7 - https:\/\/yoast.com\/wordpress\/plugins\/seo\/ -->\n<title>Beaphar Bio Ear cleaner milk dog cat 100 ml - Zooland.az<\/title>\n<meta name=\"robots\" content=\"index, follow, max-snippet:-1, max-image-preview:large, max-video-preview:-1\" \/>\n<link rel=\"canonical\" href=\"https:\/\/zoo-land.az\/az\/shop\/cat\/medications-cat\/beaphar-bio-ear-cleaner-milk-dog-cat-100-ml\/\" \/>\n<meta property=\"og:locale\" content=\"az_AZ\" \/>\n<meta property=\"og:type\" content=\"article\" \/>\n<meta property=\"og:title\" content=\"Beaphar Bio Ear cleaner milk dog cat 100 ml - Zooland.az\" \/>\n<meta property=\"og:description\" content=\"Beaphar BIO Ear Cleaner for dogs and cats Cleans the ears of your pet gently. It contains active ingredients from Organic Farming. The ECOCERT\u00ae label guarantees the natural origin and the quality of the ingredients used.\" \/>\n<meta property=\"og:url\" content=\"https:\/\/zoo-land.az\/az\/shop\/cat\/medications-cat\/beaphar-bio-ear-cleaner-milk-dog-cat-100-ml\/\" \/>\n<meta property=\"og:site_name\" content=\"Zooland.az\" \/>\n<meta property=\"article:modified_time\" content=\"2024-06-18T11:18:49+00:00\" \/>\n<meta property=\"og:image\" content=\"https:\/\/zoo-land.az\/wp-content\/uploads\/2024\/06\/3199bca713c62798b90aa8b6982d0d89.jpg\" \/>\n\t<meta property=\"og:image:width\" content=\"252\" \/>\n\t<meta property=\"og:image:height\" content=\"555\" \/>\n\t<meta property=\"og:image:type\" content=\"image\/jpeg\" \/>\n<meta name=\"twitter:card\" content=\"summary_large_image\" \/>\n<meta name=\"twitter:label1\" content=\"Est. reading time\" \/>\n\t<meta name=\"twitter:data1\" content=\"1 minute\" \/>\n<script type=\"application\/ld+json\" class=\"yoast-schema-graph\">{\"@context\":\"https:\/\/schema.org\",\"@graph\":[{\"@type\":\"WebPage\",\"@id\":\"https:\/\/zoo-land.az\/ru\/shop\/cat\/medications-cat\/beaphar-bio-ear-cleaner-milk-dog-cat-100-ml\/\",\"url\":\"https:\/\/zoo-land.az\/ru\/shop\/cat\/medications-cat\/beaphar-bio-ear-cleaner-milk-dog-cat-100-ml\/\",\"name\":\"Beaphar Bio Ear cleaner milk dog cat 100 ml - Zooland.az\",\"isPartOf\":{\"@id\":\"https:\/\/zoo-land.az\/#website\"},\"primaryImageOfPage\":{\"@id\":\"https:\/\/zoo-land.az\/ru\/shop\/cat\/medications-cat\/beaphar-bio-ear-cleaner-milk-dog-cat-100-ml\/#primaryimage\"},\"image\":{\"@id\":\"https:\/\/zoo-land.az\/ru\/shop\/cat\/medications-cat\/beaphar-bio-ear-cleaner-milk-dog-cat-100-ml\/#primaryimage\"},\"thumbnailUrl\":\"https:\/\/zoo-land.az\/wp-content\/uploads\/2024\/06\/3199bca713c62798b90aa8b6982d0d89.jpg\",\"datePublished\":\"2024-06-18T11:18:48+00:00\",\"dateModified\":\"2024-06-18T11:18:49+00:00\",\"breadcrumb\":{\"@id\":\"https:\/\/zoo-land.az\/ru\/shop\/cat\/medications-cat\/beaphar-bio-ear-cleaner-milk-dog-cat-100-ml\/#breadcrumb\"},\"inLanguage\":\"az\",\"potentialAction\":[{\"@type\":\"ReadAction\",\"target\":[\"https:\/\/zoo-land.az\/ru\/shop\/cat\/medications-cat\/beaphar-bio-ear-cleaner-milk-dog-cat-100-ml\/\"]}]},{\"@type\":\"ImageObject\",\"inLanguage\":\"az\",\"@id\":\"https:\/\/zoo-land.az\/ru\/shop\/cat\/medications-cat\/beaphar-bio-ear-cleaner-milk-dog-cat-100-ml\/#primaryimage\",\"url\":\"https:\/\/zoo-land.az\/wp-content\/uploads\/2024\/06\/3199bca713c62798b90aa8b6982d0d89.jpg\",\"contentUrl\":\"https:\/\/zoo-land.az\/wp-content\/uploads\/2024\/06\/3199bca713c62798b90aa8b6982d0d89.jpg\",\"width\":252,\"height\":555},{\"@type\":\"BreadcrumbList\",\"@id\":\"https:\/\/zoo-land.az\/ru\/shop\/cat\/medications-cat\/beaphar-bio-ear-cleaner-milk-dog-cat-100-ml\/#breadcrumb\",\"itemListElement\":[{\"@type\":\"ListItem\",\"position\":1,\"name\":\"Home\",\"item\":\"https:\/\/zoo-land.az\/ru\/\"},{\"@type\":\"ListItem\",\"position\":2,\"name\":\"Shop\",\"item\":\"https:\/\/zoo-land.az\/ru\/\"},{\"@type\":\"ListItem\",\"position\":3,\"name\":\"Beaphar Bio Ear cleaner milk dog cat 100 ml\"}]},{\"@type\":\"WebSite\",\"@id\":\"https:\/\/zoo-land.az\/#website\",\"url\":\"https:\/\/zoo-land.az\/\",\"name\":\"Zooland.az\",\"description\":\"Xo\u015fb\u0259xt ev heyvanlar\u0131n\u0131n \u00fcnvan\u0131 Zooland.az\",\"publisher\":{\"@id\":\"https:\/\/zoo-land.az\/#organization\"},\"potentialAction\":[{\"@type\":\"SearchAction\",\"target\":{\"@type\":\"EntryPoint\",\"urlTemplate\":\"https:\/\/zoo-land.az\/?s={search_term_string}\"},\"query-input\":{\"@type\":\"PropertyValueSpecification\",\"valueRequired\":true,\"valueName\":\"search_term_string\"}}],\"inLanguage\":\"az\"},{\"@type\":\"Organization\",\"@id\":\"https:\/\/zoo-land.az\/#organization\",\"name\":\"Zooland.az\",\"url\":\"https:\/\/zoo-land.az\/\",\"logo\":{\"@type\":\"ImageObject\",\"inLanguage\":\"az\",\"@id\":\"https:\/\/zoo-land.az\/#\/schema\/logo\/image\/\",\"url\":\"https:\/\/zoo-land.az\/wp-content\/uploads\/2022\/05\/logo.svg\",\"contentUrl\":\"https:\/\/zoo-land.az\/wp-content\/uploads\/2022\/05\/logo.svg\",\"width\":113,\"height\":46,\"caption\":\"Zooland.az\"},\"image\":{\"@id\":\"https:\/\/zoo-land.az\/#\/schema\/logo\/image\/\"}}]}<\/script>\n<!-- \/ Yoast SEO plugin. -->","yoast_head_json":{"title":"Beaphar Bio Ear cleaner milk dog cat 100 ml - Zooland.az","robots":{"index":"index","follow":"follow","max-snippet":"max-snippet:-1","max-image-preview":"max-image-preview:large","max-video-preview":"max-video-preview:-1"},"canonical":"https:\/\/zoo-land.az\/az\/shop\/cat\/medications-cat\/beaphar-bio-ear-cleaner-milk-dog-cat-100-ml\/","og_locale":"az_AZ","og_type":"article","og_title":"Beaphar Bio Ear cleaner milk dog cat 100 ml - Zooland.az","og_description":"Beaphar BIO Ear Cleaner for dogs and cats Cleans the ears of your pet gently. It contains active ingredients from Organic Farming. The ECOCERT\u00ae label guarantees the natural origin and the quality of the ingredients used.","og_url":"https:\/\/zoo-land.az\/az\/shop\/cat\/medications-cat\/beaphar-bio-ear-cleaner-milk-dog-cat-100-ml\/","og_site_name":"Zooland.az","article_modified_time":"2024-06-18T11:18:49+00:00","og_image":[{"width":252,"height":555,"url":"https:\/\/zoo-land.az\/wp-content\/uploads\/2024\/06\/3199bca713c62798b90aa8b6982d0d89.jpg","type":"image\/jpeg"}],"twitter_card":"summary_large_image","twitter_misc":{"Est. reading time":"1 minute"},"schema":{"@context":"https:\/\/schema.org","@graph":[{"@type":"WebPage","@id":"https:\/\/zoo-land.az\/ru\/shop\/cat\/medications-cat\/beaphar-bio-ear-cleaner-milk-dog-cat-100-ml\/","url":"https:\/\/zoo-land.az\/ru\/shop\/cat\/medications-cat\/beaphar-bio-ear-cleaner-milk-dog-cat-100-ml\/","name":"Beaphar Bio Ear cleaner milk dog cat 100 ml - Zooland.az","isPartOf":{"@id":"https:\/\/zoo-land.az\/#website"},"primaryImageOfPage":{"@id":"https:\/\/zoo-land.az\/ru\/shop\/cat\/medications-cat\/beaphar-bio-ear-cleaner-milk-dog-cat-100-ml\/#primaryimage"},"image":{"@id":"https:\/\/zoo-land.az\/ru\/shop\/cat\/medications-cat\/beaphar-bio-ear-cleaner-milk-dog-cat-100-ml\/#primaryimage"},"thumbnailUrl":"https:\/\/zoo-land.az\/wp-content\/uploads\/2024\/06\/3199bca713c62798b90aa8b6982d0d89.jpg","datePublished":"2024-06-18T11:18:48+00:00","dateModified":"2024-06-18T11:18:49+00:00","breadcrumb":{"@id":"https:\/\/zoo-land.az\/ru\/shop\/cat\/medications-cat\/beaphar-bio-ear-cleaner-milk-dog-cat-100-ml\/#breadcrumb"},"inLanguage":"az","potentialAction":[{"@type":"ReadAction","target":["https:\/\/zoo-land.az\/ru\/shop\/cat\/medications-cat\/beaphar-bio-ear-cleaner-milk-dog-cat-100-ml\/"]}]},{"@type":"ImageObject","inLanguage":"az","@id":"https:\/\/zoo-land.az\/ru\/shop\/cat\/medications-cat\/beaphar-bio-ear-cleaner-milk-dog-cat-100-ml\/#primaryimage","url":"https:\/\/zoo-land.az\/wp-content\/uploads\/2024\/06\/3199bca713c62798b90aa8b6982d0d89.jpg","contentUrl":"https:\/\/zoo-land.az\/wp-content\/uploads\/2024\/06\/3199bca713c62798b90aa8b6982d0d89.jpg","width":252,"height":555},{"@type":"BreadcrumbList","@id":"https:\/\/zoo-land.az\/ru\/shop\/cat\/medications-cat\/beaphar-bio-ear-cleaner-milk-dog-cat-100-ml\/#breadcrumb","itemListElement":[{"@type":"ListItem","position":1,"name":"Home","item":"https:\/\/zoo-land.az\/ru\/"},{"@type":"ListItem","position":2,"name":"Shop","item":"https:\/\/zoo-land.az\/ru\/"},{"@type":"ListItem","position":3,"name":"Beaphar Bio Ear cleaner milk dog cat 100 ml"}]},{"@type":"WebSite","@id":"https:\/\/zoo-land.az\/#website","url":"https:\/\/zoo-land.az\/","name":"Zooland.az","description":"Xo\u015fb\u0259xt ev heyvanlar\u0131n\u0131n \u00fcnvan\u0131 Zooland.az","publisher":{"@id":"https:\/\/zoo-land.az\/#organization"},"potentialAction":[{"@type":"SearchAction","target":{"@type":"EntryPoint","urlTemplate":"https:\/\/zoo-land.az\/?s={search_term_string}"},"query-input":{"@type":"PropertyValueSpecification","valueRequired":true,"valueName":"search_term_string"}}],"inLanguage":"az"},{"@type":"Organization","@id":"https:\/\/zoo-land.az\/#organization","name":"Zooland.az","url":"https:\/\/zoo-land.az\/","logo":{"@type":"ImageObject","inLanguage":"az","@id":"https:\/\/zoo-land.az\/#\/schema\/logo\/image\/","url":"https:\/\/zoo-land.az\/wp-content\/uploads\/2022\/05\/logo.svg","contentUrl":"https:\/\/zoo-land.az\/wp-content\/uploads\/2022\/05\/logo.svg","width":113,"height":46,"caption":"Zooland.az"},"image":{"@id":"https:\/\/zoo-land.az\/#\/schema\/logo\/image\/"}}]}},"_links":{"self":[{"href":"https:\/\/zoo-land.az\/az\/wp-json\/wp\/v2\/product\/24113","targetHints":{"allow":["GET"]}}],"collection":[{"href":"https:\/\/zoo-land.az\/az\/wp-json\/wp\/v2\/product"}],"about":[{"href":"https:\/\/zoo-land.az\/az\/wp-json\/wp\/v2\/types\/product"}],"wp:featuredmedia":[{"embeddable":true,"href":"https:\/\/zoo-land.az\/az\/wp-json\/wp\/v2\/media\/24114"}],"wp:attachment":[{"href":"https:\/\/zoo-land.az\/az\/wp-json\/wp\/v2\/media?parent=24113"}],"wp:term":[{"taxonomy":"product_cat","embeddable":true,"href":"https:\/\/zoo-land.az\/az\/wp-json\/wp\/v2\/product_cat?post=24113"},{"taxonomy":"product_tag","embeddable":true,"href":"https:\/\/zoo-land.az\/az\/wp-json\/wp\/v2\/product_tag?post=24113"}],"curies":[{"name":"wp","href":"https:\/\/api.w.org\/{rel}","templated":true}]}}