{"id":24130,"date":"2024-06-19T11:28:46","date_gmt":"2024-06-19T11:28:46","guid":{"rendered":"https:\/\/lightsteelblue-zebra-299715.hostingersite.com\/?post_type=product&#038;p=24130"},"modified":"2024-06-19T11:28:46","modified_gmt":"2024-06-19T11:28:46","slug":"beaphar-no-stress-spot-on-dog-drops","status":"publish","type":"product","link":"https:\/\/zoo-land.az\/az\/shop\/dog\/medications\/beaphar-no-stress-spot-on-dog-drops\/","title":{"rendered":"Beaphar No Stress Spot On Dog drops"},"content":{"rendered":"<p>Beaphar No Stress Spot On \u2013 calming drops. Anti-stress effect for dogs with nervous anxiety or panic attacks due to valerian extract. The product works on the principle of slow release and long-lasting effectiveness.<\/p>\n<p>Use Beaphar No Stress Spot On in cases of: excessive anxiety, changes in environment, visits to the vet, travel, thunderstorms or fireworks, and other stressful situations. Suitable for all breeds and age groups.<\/p>\n<p>The effect of one application lasts 1 week.<\/p>\n<p>The package contains 3 pipettes of 0.7 ml each.<\/p>\n<p>Natural valerian extract 0.02%.<\/p>\n<p>One 0.7 ml pipette is intended for one application.<\/p>\n<p>Once a week, apply one pipette to the skin at the dog&#8217;s withers so that the animal cannot lick the product. The valerian extract is activated within one hour after application. Warning: do not use on sick or recovering animals. Individual intolerance to the components of the product. Allergic reactions are possible.<\/p>","protected":false},"excerpt":{"rendered":"<p>Beaphar No Stress Spot On \u2013 calming drops. Anti-stress effect for dogs with nervous anxiety or panic attacks due to valerian extract. The product works on the principle of slow release and long-lasting effectiveness.<\/p>","protected":false},"featured_media":24131,"template":"","meta":{"inline_featured_image":false,"_joinchat":[]},"product_cat":[107,388],"product_tag":[],"class_list":{"0":"post-24130","1":"product","2":"type-product","3":"status-publish","4":"has-post-thumbnail","6":"product_brand-beaphar","7":"product_cat-dog","8":"product_cat-medications","10":"first","11":"instock","12":"shipping-taxable","13":"purchasable","14":"product-type-simple"},"yoast_head":"<!-- This site is optimized with the Yoast SEO plugin v26.7 - https:\/\/yoast.com\/wordpress\/plugins\/seo\/ -->\n<title>Beaphar No Stress Spot On Dog drops - Zooland.az<\/title>\n<meta name=\"robots\" content=\"index, follow, max-snippet:-1, max-image-preview:large, max-video-preview:-1\" \/>\n<link rel=\"canonical\" href=\"https:\/\/zoo-land.az\/az\/shop\/dog\/medications\/beaphar-no-stress-spot-on-dog-drops\/\" \/>\n<meta property=\"og:locale\" content=\"az_AZ\" \/>\n<meta property=\"og:type\" content=\"article\" \/>\n<meta property=\"og:title\" content=\"Beaphar No Stress Spot On Dog drops - Zooland.az\" \/>\n<meta property=\"og:description\" content=\"Beaphar No Stress Spot On \u2013 calming drops. Anti-stress effect for dogs with nervous anxiety or panic attacks due to valerian extract. The product works on the principle of slow release and long-lasting effectiveness.\" \/>\n<meta property=\"og:url\" content=\"https:\/\/zoo-land.az\/az\/shop\/dog\/medications\/beaphar-no-stress-spot-on-dog-drops\/\" \/>\n<meta property=\"og:site_name\" content=\"Zooland.az\" \/>\n<meta property=\"og:image\" content=\"https:\/\/zoo-land.az\/wp-content\/uploads\/2024\/06\/uspokaivayushchie_kapli_no_stress_spot_on_dlya_sobak-1200x800-1.png\" \/>\n\t<meta property=\"og:image:width\" content=\"1200\" \/>\n\t<meta property=\"og:image:height\" content=\"800\" \/>\n\t<meta property=\"og:image:type\" content=\"image\/png\" \/>\n<meta name=\"twitter:card\" content=\"summary_large_image\" \/>\n<meta name=\"twitter:label1\" content=\"Est. reading time\" \/>\n\t<meta name=\"twitter:data1\" content=\"1 minute\" \/>\n<script type=\"application\/ld+json\" class=\"yoast-schema-graph\">{\"@context\":\"https:\/\/schema.org\",\"@graph\":[{\"@type\":\"WebPage\",\"@id\":\"https:\/\/zoo-land.az\/ru\/shop\/dog\/medications\/beaphar-no-stress-spot-on-dog-drops\/\",\"url\":\"https:\/\/zoo-land.az\/ru\/shop\/dog\/medications\/beaphar-no-stress-spot-on-dog-drops\/\",\"name\":\"Beaphar No Stress Spot On Dog drops - Zooland.az\",\"isPartOf\":{\"@id\":\"https:\/\/zoo-land.az\/#website\"},\"primaryImageOfPage\":{\"@id\":\"https:\/\/zoo-land.az\/ru\/shop\/dog\/medications\/beaphar-no-stress-spot-on-dog-drops\/#primaryimage\"},\"image\":{\"@id\":\"https:\/\/zoo-land.az\/ru\/shop\/dog\/medications\/beaphar-no-stress-spot-on-dog-drops\/#primaryimage\"},\"thumbnailUrl\":\"https:\/\/zoo-land.az\/wp-content\/uploads\/2024\/06\/uspokaivayushchie_kapli_no_stress_spot_on_dlya_sobak-1200x800-1.png\",\"datePublished\":\"2024-06-19T11:28:46+00:00\",\"breadcrumb\":{\"@id\":\"https:\/\/zoo-land.az\/ru\/shop\/dog\/medications\/beaphar-no-stress-spot-on-dog-drops\/#breadcrumb\"},\"inLanguage\":\"az\",\"potentialAction\":[{\"@type\":\"ReadAction\",\"target\":[\"https:\/\/zoo-land.az\/ru\/shop\/dog\/medications\/beaphar-no-stress-spot-on-dog-drops\/\"]}]},{\"@type\":\"ImageObject\",\"inLanguage\":\"az\",\"@id\":\"https:\/\/zoo-land.az\/ru\/shop\/dog\/medications\/beaphar-no-stress-spot-on-dog-drops\/#primaryimage\",\"url\":\"https:\/\/zoo-land.az\/wp-content\/uploads\/2024\/06\/uspokaivayushchie_kapli_no_stress_spot_on_dlya_sobak-1200x800-1.png\",\"contentUrl\":\"https:\/\/zoo-land.az\/wp-content\/uploads\/2024\/06\/uspokaivayushchie_kapli_no_stress_spot_on_dlya_sobak-1200x800-1.png\",\"width\":1200,\"height\":800},{\"@type\":\"BreadcrumbList\",\"@id\":\"https:\/\/zoo-land.az\/ru\/shop\/dog\/medications\/beaphar-no-stress-spot-on-dog-drops\/#breadcrumb\",\"itemListElement\":[{\"@type\":\"ListItem\",\"position\":1,\"name\":\"Home\",\"item\":\"https:\/\/zoo-land.az\/ru\/\"},{\"@type\":\"ListItem\",\"position\":2,\"name\":\"Shop\",\"item\":\"https:\/\/zoo-land.az\/ru\/\"},{\"@type\":\"ListItem\",\"position\":3,\"name\":\"Beaphar No Stress Spot On Dog drops\"}]},{\"@type\":\"WebSite\",\"@id\":\"https:\/\/zoo-land.az\/#website\",\"url\":\"https:\/\/zoo-land.az\/\",\"name\":\"Zooland.az\",\"description\":\"Xo\u015fb\u0259xt ev heyvanlar\u0131n\u0131n \u00fcnvan\u0131 Zooland.az\",\"publisher\":{\"@id\":\"https:\/\/zoo-land.az\/#organization\"},\"potentialAction\":[{\"@type\":\"SearchAction\",\"target\":{\"@type\":\"EntryPoint\",\"urlTemplate\":\"https:\/\/zoo-land.az\/?s={search_term_string}\"},\"query-input\":{\"@type\":\"PropertyValueSpecification\",\"valueRequired\":true,\"valueName\":\"search_term_string\"}}],\"inLanguage\":\"az\"},{\"@type\":\"Organization\",\"@id\":\"https:\/\/zoo-land.az\/#organization\",\"name\":\"Zooland.az\",\"url\":\"https:\/\/zoo-land.az\/\",\"logo\":{\"@type\":\"ImageObject\",\"inLanguage\":\"az\",\"@id\":\"https:\/\/zoo-land.az\/#\/schema\/logo\/image\/\",\"url\":\"https:\/\/zoo-land.az\/wp-content\/uploads\/2022\/05\/logo.svg\",\"contentUrl\":\"https:\/\/zoo-land.az\/wp-content\/uploads\/2022\/05\/logo.svg\",\"width\":113,\"height\":46,\"caption\":\"Zooland.az\"},\"image\":{\"@id\":\"https:\/\/zoo-land.az\/#\/schema\/logo\/image\/\"}}]}<\/script>\n<!-- \/ Yoast SEO plugin. -->","yoast_head_json":{"title":"Beaphar No Stress Spot On Dog drops - Zooland.az","robots":{"index":"index","follow":"follow","max-snippet":"max-snippet:-1","max-image-preview":"max-image-preview:large","max-video-preview":"max-video-preview:-1"},"canonical":"https:\/\/zoo-land.az\/az\/shop\/dog\/medications\/beaphar-no-stress-spot-on-dog-drops\/","og_locale":"az_AZ","og_type":"article","og_title":"Beaphar No Stress Spot On Dog drops - Zooland.az","og_description":"Beaphar No Stress Spot On \u2013 calming drops. Anti-stress effect for dogs with nervous anxiety or panic attacks due to valerian extract. The product works on the principle of slow release and long-lasting effectiveness.","og_url":"https:\/\/zoo-land.az\/az\/shop\/dog\/medications\/beaphar-no-stress-spot-on-dog-drops\/","og_site_name":"Zooland.az","og_image":[{"width":1200,"height":800,"url":"https:\/\/zoo-land.az\/wp-content\/uploads\/2024\/06\/uspokaivayushchie_kapli_no_stress_spot_on_dlya_sobak-1200x800-1.png","type":"image\/png"}],"twitter_card":"summary_large_image","twitter_misc":{"Est. reading time":"1 minute"},"schema":{"@context":"https:\/\/schema.org","@graph":[{"@type":"WebPage","@id":"https:\/\/zoo-land.az\/ru\/shop\/dog\/medications\/beaphar-no-stress-spot-on-dog-drops\/","url":"https:\/\/zoo-land.az\/ru\/shop\/dog\/medications\/beaphar-no-stress-spot-on-dog-drops\/","name":"Beaphar No Stress Spot On Dog drops - Zooland.az","isPartOf":{"@id":"https:\/\/zoo-land.az\/#website"},"primaryImageOfPage":{"@id":"https:\/\/zoo-land.az\/ru\/shop\/dog\/medications\/beaphar-no-stress-spot-on-dog-drops\/#primaryimage"},"image":{"@id":"https:\/\/zoo-land.az\/ru\/shop\/dog\/medications\/beaphar-no-stress-spot-on-dog-drops\/#primaryimage"},"thumbnailUrl":"https:\/\/zoo-land.az\/wp-content\/uploads\/2024\/06\/uspokaivayushchie_kapli_no_stress_spot_on_dlya_sobak-1200x800-1.png","datePublished":"2024-06-19T11:28:46+00:00","breadcrumb":{"@id":"https:\/\/zoo-land.az\/ru\/shop\/dog\/medications\/beaphar-no-stress-spot-on-dog-drops\/#breadcrumb"},"inLanguage":"az","potentialAction":[{"@type":"ReadAction","target":["https:\/\/zoo-land.az\/ru\/shop\/dog\/medications\/beaphar-no-stress-spot-on-dog-drops\/"]}]},{"@type":"ImageObject","inLanguage":"az","@id":"https:\/\/zoo-land.az\/ru\/shop\/dog\/medications\/beaphar-no-stress-spot-on-dog-drops\/#primaryimage","url":"https:\/\/zoo-land.az\/wp-content\/uploads\/2024\/06\/uspokaivayushchie_kapli_no_stress_spot_on_dlya_sobak-1200x800-1.png","contentUrl":"https:\/\/zoo-land.az\/wp-content\/uploads\/2024\/06\/uspokaivayushchie_kapli_no_stress_spot_on_dlya_sobak-1200x800-1.png","width":1200,"height":800},{"@type":"BreadcrumbList","@id":"https:\/\/zoo-land.az\/ru\/shop\/dog\/medications\/beaphar-no-stress-spot-on-dog-drops\/#breadcrumb","itemListElement":[{"@type":"ListItem","position":1,"name":"Home","item":"https:\/\/zoo-land.az\/ru\/"},{"@type":"ListItem","position":2,"name":"Shop","item":"https:\/\/zoo-land.az\/ru\/"},{"@type":"ListItem","position":3,"name":"Beaphar No Stress Spot On Dog drops"}]},{"@type":"WebSite","@id":"https:\/\/zoo-land.az\/#website","url":"https:\/\/zoo-land.az\/","name":"Zooland.az","description":"Xo\u015fb\u0259xt ev heyvanlar\u0131n\u0131n \u00fcnvan\u0131 Zooland.az","publisher":{"@id":"https:\/\/zoo-land.az\/#organization"},"potentialAction":[{"@type":"SearchAction","target":{"@type":"EntryPoint","urlTemplate":"https:\/\/zoo-land.az\/?s={search_term_string}"},"query-input":{"@type":"PropertyValueSpecification","valueRequired":true,"valueName":"search_term_string"}}],"inLanguage":"az"},{"@type":"Organization","@id":"https:\/\/zoo-land.az\/#organization","name":"Zooland.az","url":"https:\/\/zoo-land.az\/","logo":{"@type":"ImageObject","inLanguage":"az","@id":"https:\/\/zoo-land.az\/#\/schema\/logo\/image\/","url":"https:\/\/zoo-land.az\/wp-content\/uploads\/2022\/05\/logo.svg","contentUrl":"https:\/\/zoo-land.az\/wp-content\/uploads\/2022\/05\/logo.svg","width":113,"height":46,"caption":"Zooland.az"},"image":{"@id":"https:\/\/zoo-land.az\/#\/schema\/logo\/image\/"}}]}},"_links":{"self":[{"href":"https:\/\/zoo-land.az\/az\/wp-json\/wp\/v2\/product\/24130","targetHints":{"allow":["GET"]}}],"collection":[{"href":"https:\/\/zoo-land.az\/az\/wp-json\/wp\/v2\/product"}],"about":[{"href":"https:\/\/zoo-land.az\/az\/wp-json\/wp\/v2\/types\/product"}],"wp:featuredmedia":[{"embeddable":true,"href":"https:\/\/zoo-land.az\/az\/wp-json\/wp\/v2\/media\/24131"}],"wp:attachment":[{"href":"https:\/\/zoo-land.az\/az\/wp-json\/wp\/v2\/media?parent=24130"}],"wp:term":[{"taxonomy":"product_cat","embeddable":true,"href":"https:\/\/zoo-land.az\/az\/wp-json\/wp\/v2\/product_cat?post=24130"},{"taxonomy":"product_tag","embeddable":true,"href":"https:\/\/zoo-land.az\/az\/wp-json\/wp\/v2\/product_tag?post=24130"}],"curies":[{"name":"wp","href":"https:\/\/api.w.org\/{rel}","templated":true}]}}