{"id":24138,"date":"2024-06-19T12:09:06","date_gmt":"2024-06-19T12:09:06","guid":{"rendered":"https:\/\/lightsteelblue-zebra-299715.hostingersite.com\/?post_type=product&#038;p=24138"},"modified":"2024-06-19T12:09:06","modified_gmt":"2024-06-19T12:09:06","slug":"beaphar-flea-tick-collar-for-dog-blue","status":"publish","type":"product","link":"https:\/\/zoo-land.az\/az\/shop\/dog\/dog-accesories\/dog-hairsavers\/beaphar-flea-tick-collar-for-dog-blue\/","title":{"rendered":"Beaphar Flea Tick collar For Dog Blue"},"content":{"rendered":"<p>It eliminates parasites and protects against re-infestation by fleas (for up to 5 months) and ticks (for up to 2.5 months) from the moment of application. It starts to be effective within 5 &#8211; 7 days after initial use.<\/p>\n<p>Contraindications:<\/p>\n<p>Do not use on sick or recovering animals, pregnant or lactating dogs, or puppies younger than 6 months. Do not use on animals with skin lesions.<\/p>","protected":false},"excerpt":{"rendered":"<p>Do not use on sick or recovering animals, pregnant or lactating dogs, or puppies younger than 6 months. Do not use on animals with skin lesions.<\/p>","protected":false},"featured_media":24139,"template":"","meta":{"inline_featured_image":false,"_joinchat":[]},"product_cat":[159,163,107],"product_tag":[],"class_list":{"0":"post-24138","1":"product","2":"type-product","3":"status-publish","4":"has-post-thumbnail","6":"product_brand-beaphar","7":"product_cat-dog-accesories","8":"product_cat-dog-hairsavers","9":"product_cat-dog","11":"first","12":"instock","13":"shipping-taxable","14":"purchasable","15":"product-type-simple"},"yoast_head":"<!-- This site is optimized with the Yoast SEO plugin v26.7 - https:\/\/yoast.com\/wordpress\/plugins\/seo\/ -->\n<title>Beaphar Flea Tick collar For Dog Blue - Zooland.az<\/title>\n<meta name=\"robots\" content=\"index, follow, max-snippet:-1, max-image-preview:large, max-video-preview:-1\" \/>\n<link rel=\"canonical\" href=\"https:\/\/zoo-land.az\/az\/shop\/dog\/dog-accesories\/dog-hairsavers\/beaphar-flea-tick-collar-for-dog-blue\/\" \/>\n<meta property=\"og:locale\" content=\"az_AZ\" \/>\n<meta property=\"og:type\" content=\"article\" \/>\n<meta property=\"og:title\" content=\"Beaphar Flea Tick collar For Dog Blue - Zooland.az\" \/>\n<meta property=\"og:description\" content=\"Do not use on sick or recovering animals, pregnant or lactating dogs, or puppies younger than 6 months. Do not use on animals with skin lesions.\" \/>\n<meta property=\"og:url\" content=\"https:\/\/zoo-land.az\/az\/shop\/dog\/dog-accesories\/dog-hairsavers\/beaphar-flea-tick-collar-for-dog-blue\/\" \/>\n<meta property=\"og:site_name\" content=\"Zooland.az\" \/>\n<meta property=\"og:image\" content=\"https:\/\/zoo-land.az\/wp-content\/uploads\/2024\/06\/132cbfc2-98ff-11eb-90fa-901b0e934e69-550x550-1.jpg\" \/>\n\t<meta property=\"og:image:width\" content=\"550\" \/>\n\t<meta property=\"og:image:height\" content=\"550\" \/>\n\t<meta property=\"og:image:type\" content=\"image\/jpeg\" \/>\n<meta name=\"twitter:card\" content=\"summary_large_image\" \/>\n<meta name=\"twitter:label1\" content=\"Est. reading time\" \/>\n\t<meta name=\"twitter:data1\" content=\"1 minute\" \/>\n<script type=\"application\/ld+json\" class=\"yoast-schema-graph\">{\"@context\":\"https:\/\/schema.org\",\"@graph\":[{\"@type\":\"WebPage\",\"@id\":\"https:\/\/zoo-land.az\/shop\/dog\/dog-accesories\/dog-hairsavers\/beaphar-flea-tick-collar-for-dog-blue\/\",\"url\":\"https:\/\/zoo-land.az\/shop\/dog\/dog-accesories\/dog-hairsavers\/beaphar-flea-tick-collar-for-dog-blue\/\",\"name\":\"Beaphar Flea Tick collar For Dog Blue - Zooland.az\",\"isPartOf\":{\"@id\":\"https:\/\/zoo-land.az\/#website\"},\"primaryImageOfPage\":{\"@id\":\"https:\/\/zoo-land.az\/shop\/dog\/dog-accesories\/dog-hairsavers\/beaphar-flea-tick-collar-for-dog-blue\/#primaryimage\"},\"image\":{\"@id\":\"https:\/\/zoo-land.az\/shop\/dog\/dog-accesories\/dog-hairsavers\/beaphar-flea-tick-collar-for-dog-blue\/#primaryimage\"},\"thumbnailUrl\":\"https:\/\/zoo-land.az\/wp-content\/uploads\/2024\/06\/132cbfc2-98ff-11eb-90fa-901b0e934e69-550x550-1.jpg\",\"datePublished\":\"2024-06-19T12:09:06+00:00\",\"breadcrumb\":{\"@id\":\"https:\/\/zoo-land.az\/shop\/dog\/dog-accesories\/dog-hairsavers\/beaphar-flea-tick-collar-for-dog-blue\/#breadcrumb\"},\"inLanguage\":\"az\",\"potentialAction\":[{\"@type\":\"ReadAction\",\"target\":[\"https:\/\/zoo-land.az\/shop\/dog\/dog-accesories\/dog-hairsavers\/beaphar-flea-tick-collar-for-dog-blue\/\"]}]},{\"@type\":\"ImageObject\",\"inLanguage\":\"az\",\"@id\":\"https:\/\/zoo-land.az\/shop\/dog\/dog-accesories\/dog-hairsavers\/beaphar-flea-tick-collar-for-dog-blue\/#primaryimage\",\"url\":\"https:\/\/zoo-land.az\/wp-content\/uploads\/2024\/06\/132cbfc2-98ff-11eb-90fa-901b0e934e69-550x550-1.jpg\",\"contentUrl\":\"https:\/\/zoo-land.az\/wp-content\/uploads\/2024\/06\/132cbfc2-98ff-11eb-90fa-901b0e934e69-550x550-1.jpg\",\"width\":550,\"height\":550},{\"@type\":\"BreadcrumbList\",\"@id\":\"https:\/\/zoo-land.az\/shop\/dog\/dog-accesories\/dog-hairsavers\/beaphar-flea-tick-collar-for-dog-blue\/#breadcrumb\",\"itemListElement\":[{\"@type\":\"ListItem\",\"position\":1,\"name\":\"Home\",\"item\":\"https:\/\/zoo-land.az\/ru\/\"},{\"@type\":\"ListItem\",\"position\":2,\"name\":\"Shop\",\"item\":\"https:\/\/zoo-land.az\/ru\/\"},{\"@type\":\"ListItem\",\"position\":3,\"name\":\"Beaphar Flea Tick collar For Dog Blue\"}]},{\"@type\":\"WebSite\",\"@id\":\"https:\/\/zoo-land.az\/#website\",\"url\":\"https:\/\/zoo-land.az\/\",\"name\":\"Zooland.az\",\"description\":\"Xo\u015fb\u0259xt ev heyvanlar\u0131n\u0131n \u00fcnvan\u0131 Zooland.az\",\"publisher\":{\"@id\":\"https:\/\/zoo-land.az\/#organization\"},\"potentialAction\":[{\"@type\":\"SearchAction\",\"target\":{\"@type\":\"EntryPoint\",\"urlTemplate\":\"https:\/\/zoo-land.az\/?s={search_term_string}\"},\"query-input\":{\"@type\":\"PropertyValueSpecification\",\"valueRequired\":true,\"valueName\":\"search_term_string\"}}],\"inLanguage\":\"az\"},{\"@type\":\"Organization\",\"@id\":\"https:\/\/zoo-land.az\/#organization\",\"name\":\"Zooland.az\",\"url\":\"https:\/\/zoo-land.az\/\",\"logo\":{\"@type\":\"ImageObject\",\"inLanguage\":\"az\",\"@id\":\"https:\/\/zoo-land.az\/#\/schema\/logo\/image\/\",\"url\":\"https:\/\/zoo-land.az\/wp-content\/uploads\/2022\/05\/logo.svg\",\"contentUrl\":\"https:\/\/zoo-land.az\/wp-content\/uploads\/2022\/05\/logo.svg\",\"width\":113,\"height\":46,\"caption\":\"Zooland.az\"},\"image\":{\"@id\":\"https:\/\/zoo-land.az\/#\/schema\/logo\/image\/\"}}]}<\/script>\n<!-- \/ Yoast SEO plugin. -->","yoast_head_json":{"title":"Beaphar Flea Tick collar For Dog Blue - Zooland.az","robots":{"index":"index","follow":"follow","max-snippet":"max-snippet:-1","max-image-preview":"max-image-preview:large","max-video-preview":"max-video-preview:-1"},"canonical":"https:\/\/zoo-land.az\/az\/shop\/dog\/dog-accesories\/dog-hairsavers\/beaphar-flea-tick-collar-for-dog-blue\/","og_locale":"az_AZ","og_type":"article","og_title":"Beaphar Flea Tick collar For Dog Blue - Zooland.az","og_description":"Do not use on sick or recovering animals, pregnant or lactating dogs, or puppies younger than 6 months. Do not use on animals with skin lesions.","og_url":"https:\/\/zoo-land.az\/az\/shop\/dog\/dog-accesories\/dog-hairsavers\/beaphar-flea-tick-collar-for-dog-blue\/","og_site_name":"Zooland.az","og_image":[{"width":550,"height":550,"url":"https:\/\/zoo-land.az\/wp-content\/uploads\/2024\/06\/132cbfc2-98ff-11eb-90fa-901b0e934e69-550x550-1.jpg","type":"image\/jpeg"}],"twitter_card":"summary_large_image","twitter_misc":{"Est. reading time":"1 minute"},"schema":{"@context":"https:\/\/schema.org","@graph":[{"@type":"WebPage","@id":"https:\/\/zoo-land.az\/shop\/dog\/dog-accesories\/dog-hairsavers\/beaphar-flea-tick-collar-for-dog-blue\/","url":"https:\/\/zoo-land.az\/shop\/dog\/dog-accesories\/dog-hairsavers\/beaphar-flea-tick-collar-for-dog-blue\/","name":"Beaphar Flea Tick collar For Dog Blue - Zooland.az","isPartOf":{"@id":"https:\/\/zoo-land.az\/#website"},"primaryImageOfPage":{"@id":"https:\/\/zoo-land.az\/shop\/dog\/dog-accesories\/dog-hairsavers\/beaphar-flea-tick-collar-for-dog-blue\/#primaryimage"},"image":{"@id":"https:\/\/zoo-land.az\/shop\/dog\/dog-accesories\/dog-hairsavers\/beaphar-flea-tick-collar-for-dog-blue\/#primaryimage"},"thumbnailUrl":"https:\/\/zoo-land.az\/wp-content\/uploads\/2024\/06\/132cbfc2-98ff-11eb-90fa-901b0e934e69-550x550-1.jpg","datePublished":"2024-06-19T12:09:06+00:00","breadcrumb":{"@id":"https:\/\/zoo-land.az\/shop\/dog\/dog-accesories\/dog-hairsavers\/beaphar-flea-tick-collar-for-dog-blue\/#breadcrumb"},"inLanguage":"az","potentialAction":[{"@type":"ReadAction","target":["https:\/\/zoo-land.az\/shop\/dog\/dog-accesories\/dog-hairsavers\/beaphar-flea-tick-collar-for-dog-blue\/"]}]},{"@type":"ImageObject","inLanguage":"az","@id":"https:\/\/zoo-land.az\/shop\/dog\/dog-accesories\/dog-hairsavers\/beaphar-flea-tick-collar-for-dog-blue\/#primaryimage","url":"https:\/\/zoo-land.az\/wp-content\/uploads\/2024\/06\/132cbfc2-98ff-11eb-90fa-901b0e934e69-550x550-1.jpg","contentUrl":"https:\/\/zoo-land.az\/wp-content\/uploads\/2024\/06\/132cbfc2-98ff-11eb-90fa-901b0e934e69-550x550-1.jpg","width":550,"height":550},{"@type":"BreadcrumbList","@id":"https:\/\/zoo-land.az\/shop\/dog\/dog-accesories\/dog-hairsavers\/beaphar-flea-tick-collar-for-dog-blue\/#breadcrumb","itemListElement":[{"@type":"ListItem","position":1,"name":"Home","item":"https:\/\/zoo-land.az\/ru\/"},{"@type":"ListItem","position":2,"name":"Shop","item":"https:\/\/zoo-land.az\/ru\/"},{"@type":"ListItem","position":3,"name":"Beaphar Flea Tick collar For Dog Blue"}]},{"@type":"WebSite","@id":"https:\/\/zoo-land.az\/#website","url":"https:\/\/zoo-land.az\/","name":"Zooland.az","description":"Xo\u015fb\u0259xt ev heyvanlar\u0131n\u0131n \u00fcnvan\u0131 Zooland.az","publisher":{"@id":"https:\/\/zoo-land.az\/#organization"},"potentialAction":[{"@type":"SearchAction","target":{"@type":"EntryPoint","urlTemplate":"https:\/\/zoo-land.az\/?s={search_term_string}"},"query-input":{"@type":"PropertyValueSpecification","valueRequired":true,"valueName":"search_term_string"}}],"inLanguage":"az"},{"@type":"Organization","@id":"https:\/\/zoo-land.az\/#organization","name":"Zooland.az","url":"https:\/\/zoo-land.az\/","logo":{"@type":"ImageObject","inLanguage":"az","@id":"https:\/\/zoo-land.az\/#\/schema\/logo\/image\/","url":"https:\/\/zoo-land.az\/wp-content\/uploads\/2022\/05\/logo.svg","contentUrl":"https:\/\/zoo-land.az\/wp-content\/uploads\/2022\/05\/logo.svg","width":113,"height":46,"caption":"Zooland.az"},"image":{"@id":"https:\/\/zoo-land.az\/#\/schema\/logo\/image\/"}}]}},"_links":{"self":[{"href":"https:\/\/zoo-land.az\/az\/wp-json\/wp\/v2\/product\/24138","targetHints":{"allow":["GET"]}}],"collection":[{"href":"https:\/\/zoo-land.az\/az\/wp-json\/wp\/v2\/product"}],"about":[{"href":"https:\/\/zoo-land.az\/az\/wp-json\/wp\/v2\/types\/product"}],"wp:featuredmedia":[{"embeddable":true,"href":"https:\/\/zoo-land.az\/az\/wp-json\/wp\/v2\/media\/24139"}],"wp:attachment":[{"href":"https:\/\/zoo-land.az\/az\/wp-json\/wp\/v2\/media?parent=24138"}],"wp:term":[{"taxonomy":"product_cat","embeddable":true,"href":"https:\/\/zoo-land.az\/az\/wp-json\/wp\/v2\/product_cat?post=24138"},{"taxonomy":"product_tag","embeddable":true,"href":"https:\/\/zoo-land.az\/az\/wp-json\/wp\/v2\/product_tag?post=24138"}],"curies":[{"name":"wp","href":"https:\/\/api.w.org\/{rel}","templated":true}]}}