{"id":24140,"date":"2024-06-19T12:11:14","date_gmt":"2024-06-19T12:11:14","guid":{"rendered":"https:\/\/lightsteelblue-zebra-299715.hostingersite.com\/?post_type=product&#038;p=24140"},"modified":"2024-06-19T12:11:14","modified_gmt":"2024-06-19T12:11:14","slug":"beaphar-mouth-wash-250-ml","status":"publish","type":"product","link":"https:\/\/zoo-land.az\/az\/shop\/cat\/cat-hygenic\/cat-cleaning-mouse\/beaphar-mouth-wash-250-ml\/","title":{"rendered":"Beaphar A\u011f\u0131z Yuma 250 ml"},"content":{"rendered":"<p>Mouthwash prevents the formation of plaque in dogs and cats and ensures fresh breath. The enzymes in the Mouthwash tackle bad bacteria in order to reduce the formation of dental plaque. Simple by administering drinking water.<\/p>\n<p>*\u00a0With enzymes that prevent the formation of dental plaque<br \/>\n*\u00a0Sufficient for 25l drinking water<br \/>\n*\u00a0Can be used daily for fresh breath<\/p>","protected":false},"excerpt":{"rendered":"<p>Mouthwash prevents the formation of plaque in dogs and cats and ensures fresh breath. The enzymes in the Mouthwash tackle bad bacteria in order to reduce the formation of dental plaque. Simple by administering drinking water.<\/p>","protected":false},"featured_media":24141,"template":"","meta":{"inline_featured_image":false,"_joinchat":[]},"product_cat":[188,107,166,199,212,178],"product_tag":[],"class_list":{"0":"post-24140","1":"product","2":"type-product","3":"status-publish","4":"has-post-thumbnail","6":"product_brand-beaphar","7":"product_cat-cat","8":"product_cat-dog","9":"product_cat-dog-hygenic","10":"product_cat-cat-hygenic","11":"product_cat-cat-cleaning-mouse","12":"product_cat-dog-mousewash","14":"first","15":"instock","16":"shipping-taxable","17":"purchasable","18":"product-type-simple"},"yoast_head":"<!-- This site is optimized with the Yoast SEO plugin v26.7 - https:\/\/yoast.com\/wordpress\/plugins\/seo\/ -->\n<title>Beaphar Mouth Wash 250 ml - Zooland.az<\/title>\n<meta name=\"robots\" content=\"index, follow, max-snippet:-1, max-image-preview:large, max-video-preview:-1\" \/>\n<link rel=\"canonical\" href=\"https:\/\/zoo-land.az\/az\/shop\/cat\/cat-hygenic\/cat-cleaning-mouse\/beaphar-mouth-wash-250-ml\/\" \/>\n<meta property=\"og:locale\" content=\"az_AZ\" \/>\n<meta property=\"og:type\" content=\"article\" \/>\n<meta property=\"og:title\" content=\"Beaphar Mouth Wash 250 ml - Zooland.az\" \/>\n<meta property=\"og:description\" content=\"Mouthwash prevents the formation of plaque in dogs and cats and ensures fresh breath. The enzymes in the Mouthwash tackle bad bacteria in order to reduce the formation of dental plaque. Simple by administering drinking water.\" \/>\n<meta property=\"og:url\" content=\"https:\/\/zoo-land.az\/az\/shop\/cat\/cat-hygenic\/cat-cleaning-mouse\/beaphar-mouth-wash-250-ml\/\" \/>\n<meta property=\"og:site_name\" content=\"Zooland.az\" \/>\n<meta property=\"og:image\" content=\"https:\/\/zoo-land.az\/wp-content\/uploads\/2024\/06\/beaphar-mondwater-hond-kat-250ml.jpg\" \/>\n\t<meta property=\"og:image:width\" content=\"1000\" \/>\n\t<meta property=\"og:image:height\" content=\"1320\" \/>\n\t<meta property=\"og:image:type\" content=\"image\/jpeg\" \/>\n<meta name=\"twitter:card\" content=\"summary_large_image\" \/>\n<meta name=\"twitter:label1\" content=\"Est. reading time\" \/>\n\t<meta name=\"twitter:data1\" content=\"1 minute\" \/>\n<script type=\"application\/ld+json\" class=\"yoast-schema-graph\">{\"@context\":\"https:\/\/schema.org\",\"@graph\":[{\"@type\":\"WebPage\",\"@id\":\"https:\/\/zoo-land.az\/shop\/cat\/cat-hygenic\/cat-cleaning-mouse\/beaphar-mouth-wash-250-ml\/\",\"url\":\"https:\/\/zoo-land.az\/shop\/cat\/cat-hygenic\/cat-cleaning-mouse\/beaphar-mouth-wash-250-ml\/\",\"name\":\"Beaphar Mouth Wash 250 ml - Zooland.az\",\"isPartOf\":{\"@id\":\"https:\/\/zoo-land.az\/#website\"},\"primaryImageOfPage\":{\"@id\":\"https:\/\/zoo-land.az\/shop\/cat\/cat-hygenic\/cat-cleaning-mouse\/beaphar-mouth-wash-250-ml\/#primaryimage\"},\"image\":{\"@id\":\"https:\/\/zoo-land.az\/shop\/cat\/cat-hygenic\/cat-cleaning-mouse\/beaphar-mouth-wash-250-ml\/#primaryimage\"},\"thumbnailUrl\":\"https:\/\/zoo-land.az\/wp-content\/uploads\/2024\/06\/beaphar-mondwater-hond-kat-250ml.jpg\",\"datePublished\":\"2024-06-19T12:11:14+00:00\",\"breadcrumb\":{\"@id\":\"https:\/\/zoo-land.az\/shop\/cat\/cat-hygenic\/cat-cleaning-mouse\/beaphar-mouth-wash-250-ml\/#breadcrumb\"},\"inLanguage\":\"az\",\"potentialAction\":[{\"@type\":\"ReadAction\",\"target\":[\"https:\/\/zoo-land.az\/shop\/cat\/cat-hygenic\/cat-cleaning-mouse\/beaphar-mouth-wash-250-ml\/\"]}]},{\"@type\":\"ImageObject\",\"inLanguage\":\"az\",\"@id\":\"https:\/\/zoo-land.az\/shop\/cat\/cat-hygenic\/cat-cleaning-mouse\/beaphar-mouth-wash-250-ml\/#primaryimage\",\"url\":\"https:\/\/zoo-land.az\/wp-content\/uploads\/2024\/06\/beaphar-mondwater-hond-kat-250ml.jpg\",\"contentUrl\":\"https:\/\/zoo-land.az\/wp-content\/uploads\/2024\/06\/beaphar-mondwater-hond-kat-250ml.jpg\",\"width\":1000,\"height\":1320},{\"@type\":\"BreadcrumbList\",\"@id\":\"https:\/\/zoo-land.az\/shop\/cat\/cat-hygenic\/cat-cleaning-mouse\/beaphar-mouth-wash-250-ml\/#breadcrumb\",\"itemListElement\":[{\"@type\":\"ListItem\",\"position\":1,\"name\":\"Home\",\"item\":\"https:\/\/zoo-land.az\/ru\/\"},{\"@type\":\"ListItem\",\"position\":2,\"name\":\"Shop\",\"item\":\"https:\/\/zoo-land.az\/ru\/\"},{\"@type\":\"ListItem\",\"position\":3,\"name\":\"Beaphar Mouth Wash 250 ml\"}]},{\"@type\":\"WebSite\",\"@id\":\"https:\/\/zoo-land.az\/#website\",\"url\":\"https:\/\/zoo-land.az\/\",\"name\":\"Zooland.az\",\"description\":\"Xo\u015fb\u0259xt ev heyvanlar\u0131n\u0131n \u00fcnvan\u0131 Zooland.az\",\"publisher\":{\"@id\":\"https:\/\/zoo-land.az\/#organization\"},\"potentialAction\":[{\"@type\":\"SearchAction\",\"target\":{\"@type\":\"EntryPoint\",\"urlTemplate\":\"https:\/\/zoo-land.az\/?s={search_term_string}\"},\"query-input\":{\"@type\":\"PropertyValueSpecification\",\"valueRequired\":true,\"valueName\":\"search_term_string\"}}],\"inLanguage\":\"az\"},{\"@type\":\"Organization\",\"@id\":\"https:\/\/zoo-land.az\/#organization\",\"name\":\"Zooland.az\",\"url\":\"https:\/\/zoo-land.az\/\",\"logo\":{\"@type\":\"ImageObject\",\"inLanguage\":\"az\",\"@id\":\"https:\/\/zoo-land.az\/#\/schema\/logo\/image\/\",\"url\":\"https:\/\/zoo-land.az\/wp-content\/uploads\/2022\/05\/logo.svg\",\"contentUrl\":\"https:\/\/zoo-land.az\/wp-content\/uploads\/2022\/05\/logo.svg\",\"width\":113,\"height\":46,\"caption\":\"Zooland.az\"},\"image\":{\"@id\":\"https:\/\/zoo-land.az\/#\/schema\/logo\/image\/\"}}]}<\/script>\n<!-- \/ Yoast SEO plugin. -->","yoast_head_json":{"title":"Beaphar Mouth Wash 250 ml - Zooland.az","robots":{"index":"index","follow":"follow","max-snippet":"max-snippet:-1","max-image-preview":"max-image-preview:large","max-video-preview":"max-video-preview:-1"},"canonical":"https:\/\/zoo-land.az\/az\/shop\/cat\/cat-hygenic\/cat-cleaning-mouse\/beaphar-mouth-wash-250-ml\/","og_locale":"az_AZ","og_type":"article","og_title":"Beaphar Mouth Wash 250 ml - Zooland.az","og_description":"Mouthwash prevents the formation of plaque in dogs and cats and ensures fresh breath. The enzymes in the Mouthwash tackle bad bacteria in order to reduce the formation of dental plaque. Simple by administering drinking water.","og_url":"https:\/\/zoo-land.az\/az\/shop\/cat\/cat-hygenic\/cat-cleaning-mouse\/beaphar-mouth-wash-250-ml\/","og_site_name":"Zooland.az","og_image":[{"width":1000,"height":1320,"url":"https:\/\/zoo-land.az\/wp-content\/uploads\/2024\/06\/beaphar-mondwater-hond-kat-250ml.jpg","type":"image\/jpeg"}],"twitter_card":"summary_large_image","twitter_misc":{"Est. reading time":"1 minute"},"schema":{"@context":"https:\/\/schema.org","@graph":[{"@type":"WebPage","@id":"https:\/\/zoo-land.az\/shop\/cat\/cat-hygenic\/cat-cleaning-mouse\/beaphar-mouth-wash-250-ml\/","url":"https:\/\/zoo-land.az\/shop\/cat\/cat-hygenic\/cat-cleaning-mouse\/beaphar-mouth-wash-250-ml\/","name":"Beaphar Mouth Wash 250 ml - Zooland.az","isPartOf":{"@id":"https:\/\/zoo-land.az\/#website"},"primaryImageOfPage":{"@id":"https:\/\/zoo-land.az\/shop\/cat\/cat-hygenic\/cat-cleaning-mouse\/beaphar-mouth-wash-250-ml\/#primaryimage"},"image":{"@id":"https:\/\/zoo-land.az\/shop\/cat\/cat-hygenic\/cat-cleaning-mouse\/beaphar-mouth-wash-250-ml\/#primaryimage"},"thumbnailUrl":"https:\/\/zoo-land.az\/wp-content\/uploads\/2024\/06\/beaphar-mondwater-hond-kat-250ml.jpg","datePublished":"2024-06-19T12:11:14+00:00","breadcrumb":{"@id":"https:\/\/zoo-land.az\/shop\/cat\/cat-hygenic\/cat-cleaning-mouse\/beaphar-mouth-wash-250-ml\/#breadcrumb"},"inLanguage":"az","potentialAction":[{"@type":"ReadAction","target":["https:\/\/zoo-land.az\/shop\/cat\/cat-hygenic\/cat-cleaning-mouse\/beaphar-mouth-wash-250-ml\/"]}]},{"@type":"ImageObject","inLanguage":"az","@id":"https:\/\/zoo-land.az\/shop\/cat\/cat-hygenic\/cat-cleaning-mouse\/beaphar-mouth-wash-250-ml\/#primaryimage","url":"https:\/\/zoo-land.az\/wp-content\/uploads\/2024\/06\/beaphar-mondwater-hond-kat-250ml.jpg","contentUrl":"https:\/\/zoo-land.az\/wp-content\/uploads\/2024\/06\/beaphar-mondwater-hond-kat-250ml.jpg","width":1000,"height":1320},{"@type":"BreadcrumbList","@id":"https:\/\/zoo-land.az\/shop\/cat\/cat-hygenic\/cat-cleaning-mouse\/beaphar-mouth-wash-250-ml\/#breadcrumb","itemListElement":[{"@type":"ListItem","position":1,"name":"Home","item":"https:\/\/zoo-land.az\/ru\/"},{"@type":"ListItem","position":2,"name":"Shop","item":"https:\/\/zoo-land.az\/ru\/"},{"@type":"ListItem","position":3,"name":"Beaphar Mouth Wash 250 ml"}]},{"@type":"WebSite","@id":"https:\/\/zoo-land.az\/#website","url":"https:\/\/zoo-land.az\/","name":"Zooland.az","description":"Xo\u015fb\u0259xt ev heyvanlar\u0131n\u0131n \u00fcnvan\u0131 Zooland.az","publisher":{"@id":"https:\/\/zoo-land.az\/#organization"},"potentialAction":[{"@type":"SearchAction","target":{"@type":"EntryPoint","urlTemplate":"https:\/\/zoo-land.az\/?s={search_term_string}"},"query-input":{"@type":"PropertyValueSpecification","valueRequired":true,"valueName":"search_term_string"}}],"inLanguage":"az"},{"@type":"Organization","@id":"https:\/\/zoo-land.az\/#organization","name":"Zooland.az","url":"https:\/\/zoo-land.az\/","logo":{"@type":"ImageObject","inLanguage":"az","@id":"https:\/\/zoo-land.az\/#\/schema\/logo\/image\/","url":"https:\/\/zoo-land.az\/wp-content\/uploads\/2022\/05\/logo.svg","contentUrl":"https:\/\/zoo-land.az\/wp-content\/uploads\/2022\/05\/logo.svg","width":113,"height":46,"caption":"Zooland.az"},"image":{"@id":"https:\/\/zoo-land.az\/#\/schema\/logo\/image\/"}}]}},"_links":{"self":[{"href":"https:\/\/zoo-land.az\/az\/wp-json\/wp\/v2\/product\/24140","targetHints":{"allow":["GET"]}}],"collection":[{"href":"https:\/\/zoo-land.az\/az\/wp-json\/wp\/v2\/product"}],"about":[{"href":"https:\/\/zoo-land.az\/az\/wp-json\/wp\/v2\/types\/product"}],"wp:featuredmedia":[{"embeddable":true,"href":"https:\/\/zoo-land.az\/az\/wp-json\/wp\/v2\/media\/24141"}],"wp:attachment":[{"href":"https:\/\/zoo-land.az\/az\/wp-json\/wp\/v2\/media?parent=24140"}],"wp:term":[{"taxonomy":"product_cat","embeddable":true,"href":"https:\/\/zoo-land.az\/az\/wp-json\/wp\/v2\/product_cat?post=24140"},{"taxonomy":"product_tag","embeddable":true,"href":"https:\/\/zoo-land.az\/az\/wp-json\/wp\/v2\/product_tag?post=24140"}],"curies":[{"name":"wp","href":"https:\/\/api.w.org\/{rel}","templated":true}]}}