{"id":24146,"date":"2024-06-19T12:21:22","date_gmt":"2024-06-19T12:21:22","guid":{"rendered":"https:\/\/lightsteelblue-zebra-299715.hostingersite.com\/?post_type=product&#038;p=24146"},"modified":"2024-06-19T12:21:22","modified_gmt":"2024-06-19T12:21:22","slug":"beaphar-duo-active-paste-for-cats-100-g","status":"publish","type":"product","link":"https:\/\/zoo-land.az\/az\/shop\/cat\/cat-food-adds\/beaphar-duo-active-paste-for-cats-100-g\/","title":{"rendered":"Pi\u015fikl\u0259r \u00fc\u00e7\u00fcn Beaphar Duo Aktiv Pasta 100 q"},"content":{"rendered":"<p>This dietary supplement for cats helps naturally cleanse the intestines of ingested hair, prevents hair loss, loss of appetite, intestinal blockage, and constipation.<\/p>\n<p><strong>Multivitamin Paste (yellow) contains vitamins and minerals:<\/strong><\/p>\n<ul>\n<li>Omega-6 ensures healthy skin and a beautiful coat, and strengthens the immune system.<\/li>\n<li>Taurine supports heart function and improves vision.<\/li>\n<\/ul>\n<p><strong>Conditioning Paste (brown) contains BIO-MOS:<\/strong><\/p>\n<ul>\n<li>Forms a healthy intestinal microflora.<\/li>\n<\/ul>\n<p><strong>T\u0259rkibi:<\/strong> Fat, milk and dairy products, vegetable products (malt extract 3.8%, mannan-oligosaccharides (MOS) 4700 mg\/kg), inactivated yeast, minerals, cereals.<\/p>\n<p><strong>Analytical Composition:<\/strong><\/p>\n<ul>\n<li>Protein: 16%<\/li>\n<li>Fat: 53%<\/li>\n<li>Omega-3: 3.129%<\/li>\n<li>Omega-6: 24.15%<\/li>\n<li>Fiber: 0.05%<\/li>\n<li>Ash: 4.2%<\/li>\n<li>Moisture: 2.1%<\/li>\n<li>Calcium: 0.54%<\/li>\n<li>Phosphorus: 0.45%<\/li>\n<li>Sodium: 0.4%<\/li>\n<li>Potassium: 0.68%<\/li>\n<li>Magnesium: 0.046%<\/li>\n<\/ul>\n<p><strong>Additives:<\/strong><\/p>\n<ul>\n<li>Vitamin B1: 370 mg<\/li>\n<li>Vitamin B2: 110 mg<\/li>\n<li>Pantothenic Acid: 110 mg<\/li>\n<li>Niacinamide: 1000 mg<\/li>\n<li>Vitamin B6: 110 mg<\/li>\n<li>Vitamin B12: 780 mcg<\/li>\n<li>Folates: 22 mg<\/li>\n<li>Biotin: 2700 mcg<\/li>\n<li>Vitamin E: 160 IU<\/li>\n<li>Taurine: 4400 mg<\/li>\n<li>Antioxidants<\/li>\n<\/ul>","protected":false},"excerpt":{"rendered":"<p>This dietary supplement for cats helps naturally cleanse the intestines of ingested hair, prevents hair loss, loss of appetite, intestinal blockage, and constipation.<\/p>","protected":false},"featured_media":24147,"template":"","meta":{"inline_featured_image":false,"_joinchat":[]},"product_cat":[191,188],"product_tag":[],"class_list":{"0":"post-24146","1":"product","2":"type-product","3":"status-publish","4":"has-post-thumbnail","6":"product_brand-beaphar","7":"product_cat-cat-food-adds","8":"product_cat-cat","10":"first","11":"instock","12":"shipping-taxable","13":"purchasable","14":"product-type-simple"},"yoast_head":"<!-- This site is optimized with the Yoast SEO plugin v27.4 - https:\/\/yoast.com\/product\/yoast-seo-wordpress\/ -->\n<title>Beaphar Duo Active Paste for cats 100 g - Zooland.az<\/title>\n<meta name=\"robots\" content=\"index, follow, max-snippet:-1, max-image-preview:large, max-video-preview:-1\" \/>\n<link rel=\"canonical\" href=\"https:\/\/zoo-land.az\/az\/shop\/cat\/cat-food-adds\/beaphar-duo-active-paste-for-cats-100-g\/\" \/>\n<meta property=\"og:locale\" content=\"az_AZ\" \/>\n<meta property=\"og:type\" content=\"article\" \/>\n<meta property=\"og:title\" content=\"Beaphar Duo Active Paste for cats 100 g - Zooland.az\" \/>\n<meta property=\"og:description\" content=\"This dietary supplement for cats helps naturally cleanse the intestines of ingested hair, prevents hair loss, loss of appetite, intestinal blockage, and constipation.\" \/>\n<meta property=\"og:url\" content=\"https:\/\/zoo-land.az\/az\/shop\/cat\/cat-food-adds\/beaphar-duo-active-paste-for-cats-100-g\/\" \/>\n<meta property=\"og:site_name\" content=\"Zooland.az\" \/>\n<meta property=\"og:image\" content=\"https:\/\/zoo-land.az\/wp-content\/uploads\/2024\/06\/pishevaja-dobavka-dlja-koshek-beaphar-duo-active-paste-for-cats-100-g-original.png\" \/>\n\t<meta property=\"og:image:width\" content=\"900\" \/>\n\t<meta property=\"og:image:height\" content=\"900\" \/>\n\t<meta property=\"og:image:type\" content=\"image\/png\" \/>\n<meta name=\"twitter:card\" content=\"summary_large_image\" \/>\n<meta name=\"twitter:label1\" content=\"Est. reading time\" \/>\n\t<meta name=\"twitter:data1\" content=\"1 minute\" \/>\n<script type=\"application\/ld+json\" class=\"yoast-schema-graph\">{\"@context\":\"https:\\\/\\\/schema.org\",\"@graph\":[{\"@type\":\"WebPage\",\"@id\":\"https:\\\/\\\/zoo-land.az\\\/az\\\/shop\\\/cat\\\/cat-food-adds\\\/beaphar-duo-active-paste-for-cats-100-g\\\/\",\"url\":\"https:\\\/\\\/zoo-land.az\\\/az\\\/shop\\\/cat\\\/cat-food-adds\\\/beaphar-duo-active-paste-for-cats-100-g\\\/\",\"name\":\"Beaphar Duo Active Paste for cats 100 g - Zooland.az\",\"isPartOf\":{\"@id\":\"https:\\\/\\\/zoo-land.az\\\/#website\"},\"primaryImageOfPage\":{\"@id\":\"https:\\\/\\\/zoo-land.az\\\/az\\\/shop\\\/cat\\\/cat-food-adds\\\/beaphar-duo-active-paste-for-cats-100-g\\\/#primaryimage\"},\"image\":{\"@id\":\"https:\\\/\\\/zoo-land.az\\\/az\\\/shop\\\/cat\\\/cat-food-adds\\\/beaphar-duo-active-paste-for-cats-100-g\\\/#primaryimage\"},\"thumbnailUrl\":\"https:\\\/\\\/zoo-land.az\\\/wp-content\\\/uploads\\\/2024\\\/06\\\/pishevaja-dobavka-dlja-koshek-beaphar-duo-active-paste-for-cats-100-g-original.png\",\"datePublished\":\"2024-06-19T12:21:22+00:00\",\"breadcrumb\":{\"@id\":\"https:\\\/\\\/zoo-land.az\\\/az\\\/shop\\\/cat\\\/cat-food-adds\\\/beaphar-duo-active-paste-for-cats-100-g\\\/#breadcrumb\"},\"inLanguage\":\"az\",\"potentialAction\":[{\"@type\":\"ReadAction\",\"target\":[\"https:\\\/\\\/zoo-land.az\\\/az\\\/shop\\\/cat\\\/cat-food-adds\\\/beaphar-duo-active-paste-for-cats-100-g\\\/\"]}]},{\"@type\":\"ImageObject\",\"inLanguage\":\"az\",\"@id\":\"https:\\\/\\\/zoo-land.az\\\/az\\\/shop\\\/cat\\\/cat-food-adds\\\/beaphar-duo-active-paste-for-cats-100-g\\\/#primaryimage\",\"url\":\"https:\\\/\\\/zoo-land.az\\\/wp-content\\\/uploads\\\/2024\\\/06\\\/pishevaja-dobavka-dlja-koshek-beaphar-duo-active-paste-for-cats-100-g-original.png\",\"contentUrl\":\"https:\\\/\\\/zoo-land.az\\\/wp-content\\\/uploads\\\/2024\\\/06\\\/pishevaja-dobavka-dlja-koshek-beaphar-duo-active-paste-for-cats-100-g-original.png\",\"width\":900,\"height\":900},{\"@type\":\"BreadcrumbList\",\"@id\":\"https:\\\/\\\/zoo-land.az\\\/az\\\/shop\\\/cat\\\/cat-food-adds\\\/beaphar-duo-active-paste-for-cats-100-g\\\/#breadcrumb\",\"itemListElement\":[{\"@type\":\"ListItem\",\"position\":1,\"name\":\"Home\",\"item\":\"https:\\\/\\\/zoo-land.az\\\/ru\\\/\"},{\"@type\":\"ListItem\",\"position\":2,\"name\":\"Shop\",\"item\":\"https:\\\/\\\/zoo-land.az\\\/ru\\\/\"},{\"@type\":\"ListItem\",\"position\":3,\"name\":\"Beaphar Duo Active Paste for cats 100 g\"}]},{\"@type\":\"WebSite\",\"@id\":\"https:\\\/\\\/zoo-land.az\\\/#website\",\"url\":\"https:\\\/\\\/zoo-land.az\\\/\",\"name\":\"Zooland.az\",\"description\":\"Xo\u015fb\u0259xt ev heyvanlar\u0131n\u0131n \u00fcnvan\u0131 Zooland.az\",\"publisher\":{\"@id\":\"https:\\\/\\\/zoo-land.az\\\/#organization\"},\"potentialAction\":[{\"@type\":\"SearchAction\",\"target\":{\"@type\":\"EntryPoint\",\"urlTemplate\":\"https:\\\/\\\/zoo-land.az\\\/?s={search_term_string}\"},\"query-input\":{\"@type\":\"PropertyValueSpecification\",\"valueRequired\":true,\"valueName\":\"search_term_string\"}}],\"inLanguage\":\"az\"},{\"@type\":\"Organization\",\"@id\":\"https:\\\/\\\/zoo-land.az\\\/#organization\",\"name\":\"Zooland.az\",\"url\":\"https:\\\/\\\/zoo-land.az\\\/\",\"logo\":{\"@type\":\"ImageObject\",\"inLanguage\":\"az\",\"@id\":\"https:\\\/\\\/zoo-land.az\\\/#\\\/schema\\\/logo\\\/image\\\/\",\"url\":\"https:\\\/\\\/zoo-land.az\\\/wp-content\\\/uploads\\\/2022\\\/05\\\/logo.svg\",\"contentUrl\":\"https:\\\/\\\/zoo-land.az\\\/wp-content\\\/uploads\\\/2022\\\/05\\\/logo.svg\",\"width\":113,\"height\":46,\"caption\":\"Zooland.az\"},\"image\":{\"@id\":\"https:\\\/\\\/zoo-land.az\\\/#\\\/schema\\\/logo\\\/image\\\/\"}}]}<\/script>\n<!-- \/ Yoast SEO plugin. -->","yoast_head_json":{"title":"Beaphar Duo Active Paste for cats 100 g - Zooland.az","robots":{"index":"index","follow":"follow","max-snippet":"max-snippet:-1","max-image-preview":"max-image-preview:large","max-video-preview":"max-video-preview:-1"},"canonical":"https:\/\/zoo-land.az\/az\/shop\/cat\/cat-food-adds\/beaphar-duo-active-paste-for-cats-100-g\/","og_locale":"az_AZ","og_type":"article","og_title":"Beaphar Duo Active Paste for cats 100 g - Zooland.az","og_description":"This dietary supplement for cats helps naturally cleanse the intestines of ingested hair, prevents hair loss, loss of appetite, intestinal blockage, and constipation.","og_url":"https:\/\/zoo-land.az\/az\/shop\/cat\/cat-food-adds\/beaphar-duo-active-paste-for-cats-100-g\/","og_site_name":"Zooland.az","og_image":[{"width":900,"height":900,"url":"https:\/\/zoo-land.az\/wp-content\/uploads\/2024\/06\/pishevaja-dobavka-dlja-koshek-beaphar-duo-active-paste-for-cats-100-g-original.png","type":"image\/png"}],"twitter_card":"summary_large_image","twitter_misc":{"Est. reading time":"1 minute"},"schema":{"@context":"https:\/\/schema.org","@graph":[{"@type":"WebPage","@id":"https:\/\/zoo-land.az\/az\/shop\/cat\/cat-food-adds\/beaphar-duo-active-paste-for-cats-100-g\/","url":"https:\/\/zoo-land.az\/az\/shop\/cat\/cat-food-adds\/beaphar-duo-active-paste-for-cats-100-g\/","name":"Beaphar Duo Active Paste for cats 100 g - Zooland.az","isPartOf":{"@id":"https:\/\/zoo-land.az\/#website"},"primaryImageOfPage":{"@id":"https:\/\/zoo-land.az\/az\/shop\/cat\/cat-food-adds\/beaphar-duo-active-paste-for-cats-100-g\/#primaryimage"},"image":{"@id":"https:\/\/zoo-land.az\/az\/shop\/cat\/cat-food-adds\/beaphar-duo-active-paste-for-cats-100-g\/#primaryimage"},"thumbnailUrl":"https:\/\/zoo-land.az\/wp-content\/uploads\/2024\/06\/pishevaja-dobavka-dlja-koshek-beaphar-duo-active-paste-for-cats-100-g-original.png","datePublished":"2024-06-19T12:21:22+00:00","breadcrumb":{"@id":"https:\/\/zoo-land.az\/az\/shop\/cat\/cat-food-adds\/beaphar-duo-active-paste-for-cats-100-g\/#breadcrumb"},"inLanguage":"az","potentialAction":[{"@type":"ReadAction","target":["https:\/\/zoo-land.az\/az\/shop\/cat\/cat-food-adds\/beaphar-duo-active-paste-for-cats-100-g\/"]}]},{"@type":"ImageObject","inLanguage":"az","@id":"https:\/\/zoo-land.az\/az\/shop\/cat\/cat-food-adds\/beaphar-duo-active-paste-for-cats-100-g\/#primaryimage","url":"https:\/\/zoo-land.az\/wp-content\/uploads\/2024\/06\/pishevaja-dobavka-dlja-koshek-beaphar-duo-active-paste-for-cats-100-g-original.png","contentUrl":"https:\/\/zoo-land.az\/wp-content\/uploads\/2024\/06\/pishevaja-dobavka-dlja-koshek-beaphar-duo-active-paste-for-cats-100-g-original.png","width":900,"height":900},{"@type":"BreadcrumbList","@id":"https:\/\/zoo-land.az\/az\/shop\/cat\/cat-food-adds\/beaphar-duo-active-paste-for-cats-100-g\/#breadcrumb","itemListElement":[{"@type":"ListItem","position":1,"name":"Home","item":"https:\/\/zoo-land.az\/ru\/"},{"@type":"ListItem","position":2,"name":"Shop","item":"https:\/\/zoo-land.az\/ru\/"},{"@type":"ListItem","position":3,"name":"Beaphar Duo Active Paste for cats 100 g"}]},{"@type":"WebSite","@id":"https:\/\/zoo-land.az\/#website","url":"https:\/\/zoo-land.az\/","name":"Zooland.az","description":"Xo\u015fb\u0259xt ev heyvanlar\u0131n\u0131n \u00fcnvan\u0131 Zooland.az","publisher":{"@id":"https:\/\/zoo-land.az\/#organization"},"potentialAction":[{"@type":"SearchAction","target":{"@type":"EntryPoint","urlTemplate":"https:\/\/zoo-land.az\/?s={search_term_string}"},"query-input":{"@type":"PropertyValueSpecification","valueRequired":true,"valueName":"search_term_string"}}],"inLanguage":"az"},{"@type":"Organization","@id":"https:\/\/zoo-land.az\/#organization","name":"Zooland.az","url":"https:\/\/zoo-land.az\/","logo":{"@type":"ImageObject","inLanguage":"az","@id":"https:\/\/zoo-land.az\/#\/schema\/logo\/image\/","url":"https:\/\/zoo-land.az\/wp-content\/uploads\/2022\/05\/logo.svg","contentUrl":"https:\/\/zoo-land.az\/wp-content\/uploads\/2022\/05\/logo.svg","width":113,"height":46,"caption":"Zooland.az"},"image":{"@id":"https:\/\/zoo-land.az\/#\/schema\/logo\/image\/"}}]}},"_links":{"self":[{"href":"https:\/\/zoo-land.az\/az\/wp-json\/wp\/v2\/product\/24146","targetHints":{"allow":["GET"]}}],"collection":[{"href":"https:\/\/zoo-land.az\/az\/wp-json\/wp\/v2\/product"}],"about":[{"href":"https:\/\/zoo-land.az\/az\/wp-json\/wp\/v2\/types\/product"}],"wp:featuredmedia":[{"embeddable":true,"href":"https:\/\/zoo-land.az\/az\/wp-json\/wp\/v2\/media\/24147"}],"wp:attachment":[{"href":"https:\/\/zoo-land.az\/az\/wp-json\/wp\/v2\/media?parent=24146"}],"wp:term":[{"taxonomy":"product_cat","embeddable":true,"href":"https:\/\/zoo-land.az\/az\/wp-json\/wp\/v2\/product_cat?post=24146"},{"taxonomy":"product_tag","embeddable":true,"href":"https:\/\/zoo-land.az\/az\/wp-json\/wp\/v2\/product_tag?post=24146"}],"curies":[{"name":"wp","href":"https:\/\/api.w.org\/{rel}","templated":true}]}}