{"id":24167,"date":"2024-06-19T12:56:03","date_gmt":"2024-06-19T12:56:03","guid":{"rendered":"https:\/\/lightsteelblue-zebra-299715.hostingersite.com\/?post_type=product&#038;p=24167"},"modified":"2024-06-19T12:56:03","modified_gmt":"2024-06-19T12:56:03","slug":"beaphar-kittys-biotin-taurine-tab-75-tab","status":"publish","type":"product","link":"https:\/\/zoo-land.az\/az\/shop\/cat\/vitamins\/beaphar-kittys-biotin-taurine-tab-75-tab\/","title":{"rendered":"Beaphar Kittys Biotin Taurine Tab 75 ni\u015fan\u0131"},"content":{"rendered":"<div class=\"product-bottom__paragraph\" data-v-b3ce31de=\"\">\n<p class=\"whitespace-pre-line\" data-v-b3ce31de=\"\">A complementary food for cats. Kitty&#8217;s heart treats are healthy and delicious. They contain Vitamin B, extracted from natural yeast, vitamins C and E, and many essential minerals. In addition, the treats contain taurine, which is good for the heart, brain and eyesight, and biotin for a healthy skin and coat.<\/p>\n<\/div>\n<div class=\"product-bottom__paragraph\" data-v-b3ce31de=\"\">\n<h3 class=\"product-bottom__paragraph-title\" data-v-b3ce31de=\"\">Composition<\/h3>\n<ul class=\"mb-6 list-reset\" data-v-b3ce31de=\"\">\n<li data-v-b3ce31de=\"\"><strong data-v-b3ce31de=\"\">T\u0259rkibi<\/strong>:\u00a0<span data-v-b3ce31de=\"\">Milk and milk derivatives, Various sugars, Minerals, Molluscs and crustaceans, Oils and fats, Yeasts, Fish and fish derivatives, Meat and animal derivatives, Derivatives of vegetable origin<\/span><\/li>\n<li data-v-b3ce31de=\"\"><strong data-v-b3ce31de=\"\">Additives<\/strong>:\u00a0<span data-v-b3ce31de=\"\">Antioxidants, Vit. B1 54 mg, Vit. B2 46 mg, Vit. B6 42 mg, Vit. B12 2400 ug, Biotin 1500 ug, Taurine 880 mg, Calcium-D-pantothenate 58 mg, Nicotinamide 700 mg<\/span><\/li>\n<li data-v-b3ce31de=\"\"><strong data-v-b3ce31de=\"\">Analysis<\/strong>:\u00a0<span data-v-b3ce31de=\"\">Crude protein 9,5%, Crude fat 2,2%, Crude fibre 7%, Crude ash 13%, Moisture 2,2%, Ca 3,2%, P 1,9%, Na 0,74%, Mg 0,097%, K 1,4%, S 0,023%<\/span><\/li>\n<\/ul>\n<\/div>","protected":false},"excerpt":{"rendered":"<p>A complementary food for cats. Kitty&#8217;s heart treats are healthy and delicious. They contain Vitamin B, extracted from natural yeast, vitamins C and E, and many essential minerals. In addition, the treats contain taurine, which is good for the heart, brain and eyesight, and biotin for a healthy skin and coat.<\/p>","protected":false},"featured_media":24168,"template":"","meta":{"inline_featured_image":false,"_joinchat":[]},"product_cat":[188,364],"product_tag":[],"class_list":{"0":"post-24167","1":"product","2":"type-product","3":"status-publish","4":"has-post-thumbnail","6":"product_brand-beaphar","7":"product_cat-cat","8":"product_cat-vitamins","10":"first","11":"instock","12":"shipping-taxable","13":"purchasable","14":"product-type-simple"},"yoast_head":"<!-- This site is optimized with the Yoast SEO plugin v27.4 - https:\/\/yoast.com\/product\/yoast-seo-wordpress\/ -->\n<title>Beaphar Kittys Biotin Taurine Tab 75 tab - Zooland.az<\/title>\n<meta name=\"robots\" content=\"index, follow, max-snippet:-1, max-image-preview:large, max-video-preview:-1\" \/>\n<link rel=\"canonical\" href=\"https:\/\/zoo-land.az\/az\/shop\/cat\/vitamins\/beaphar-kittys-biotin-taurine-tab-75-tab\/\" \/>\n<meta property=\"og:locale\" content=\"az_AZ\" \/>\n<meta property=\"og:type\" content=\"article\" \/>\n<meta property=\"og:title\" content=\"Beaphar Kittys Biotin Taurine Tab 75 tab - Zooland.az\" \/>\n<meta property=\"og:description\" content=\"A complementary food for cats. Kitty&#039;s heart treats are healthy and delicious. They contain Vitamin B, extracted from natural yeast, vitamins C and E, and many essential minerals. In addition, the treats contain taurine, which is good for the heart, brain and eyesight, and biotin for a healthy skin and coat.\" \/>\n<meta property=\"og:url\" content=\"https:\/\/zoo-land.az\/az\/shop\/cat\/vitamins\/beaphar-kittys-biotin-taurine-tab-75-tab\/\" \/>\n<meta property=\"og:site_name\" content=\"Zooland.az\" \/>\n<meta property=\"og:image\" content=\"https:\/\/zoo-land.az\/wp-content\/uploads\/2024\/06\/12783-hero_1605889352.jpg\" \/>\n\t<meta property=\"og:image:width\" content=\"700\" \/>\n\t<meta property=\"og:image:height\" content=\"1000\" \/>\n\t<meta property=\"og:image:type\" content=\"image\/jpeg\" \/>\n<meta name=\"twitter:card\" content=\"summary_large_image\" \/>\n<meta name=\"twitter:label1\" content=\"Est. reading time\" \/>\n\t<meta name=\"twitter:data1\" content=\"1 minute\" \/>\n<script type=\"application\/ld+json\" class=\"yoast-schema-graph\">{\"@context\":\"https:\\\/\\\/schema.org\",\"@graph\":[{\"@type\":\"WebPage\",\"@id\":\"https:\\\/\\\/zoo-land.az\\\/shop\\\/cat\\\/vitamins\\\/beaphar-kittys-biotin-taurine-tab-75-tab\\\/\",\"url\":\"https:\\\/\\\/zoo-land.az\\\/shop\\\/cat\\\/vitamins\\\/beaphar-kittys-biotin-taurine-tab-75-tab\\\/\",\"name\":\"Beaphar Kittys Biotin Taurine Tab 75 tab - Zooland.az\",\"isPartOf\":{\"@id\":\"https:\\\/\\\/zoo-land.az\\\/#website\"},\"primaryImageOfPage\":{\"@id\":\"https:\\\/\\\/zoo-land.az\\\/shop\\\/cat\\\/vitamins\\\/beaphar-kittys-biotin-taurine-tab-75-tab\\\/#primaryimage\"},\"image\":{\"@id\":\"https:\\\/\\\/zoo-land.az\\\/shop\\\/cat\\\/vitamins\\\/beaphar-kittys-biotin-taurine-tab-75-tab\\\/#primaryimage\"},\"thumbnailUrl\":\"https:\\\/\\\/zoo-land.az\\\/wp-content\\\/uploads\\\/2024\\\/06\\\/12783-hero_1605889352.jpg\",\"datePublished\":\"2024-06-19T12:56:03+00:00\",\"breadcrumb\":{\"@id\":\"https:\\\/\\\/zoo-land.az\\\/shop\\\/cat\\\/vitamins\\\/beaphar-kittys-biotin-taurine-tab-75-tab\\\/#breadcrumb\"},\"inLanguage\":\"az\",\"potentialAction\":[{\"@type\":\"ReadAction\",\"target\":[\"https:\\\/\\\/zoo-land.az\\\/shop\\\/cat\\\/vitamins\\\/beaphar-kittys-biotin-taurine-tab-75-tab\\\/\"]}]},{\"@type\":\"ImageObject\",\"inLanguage\":\"az\",\"@id\":\"https:\\\/\\\/zoo-land.az\\\/shop\\\/cat\\\/vitamins\\\/beaphar-kittys-biotin-taurine-tab-75-tab\\\/#primaryimage\",\"url\":\"https:\\\/\\\/zoo-land.az\\\/wp-content\\\/uploads\\\/2024\\\/06\\\/12783-hero_1605889352.jpg\",\"contentUrl\":\"https:\\\/\\\/zoo-land.az\\\/wp-content\\\/uploads\\\/2024\\\/06\\\/12783-hero_1605889352.jpg\",\"width\":700,\"height\":1000},{\"@type\":\"BreadcrumbList\",\"@id\":\"https:\\\/\\\/zoo-land.az\\\/shop\\\/cat\\\/vitamins\\\/beaphar-kittys-biotin-taurine-tab-75-tab\\\/#breadcrumb\",\"itemListElement\":[{\"@type\":\"ListItem\",\"position\":1,\"name\":\"Home\",\"item\":\"https:\\\/\\\/zoo-land.az\\\/ru\\\/\"},{\"@type\":\"ListItem\",\"position\":2,\"name\":\"Shop\",\"item\":\"https:\\\/\\\/zoo-land.az\\\/ru\\\/\"},{\"@type\":\"ListItem\",\"position\":3,\"name\":\"Beaphar Kittys Biotin Taurine Tab 75 tab\"}]},{\"@type\":\"WebSite\",\"@id\":\"https:\\\/\\\/zoo-land.az\\\/#website\",\"url\":\"https:\\\/\\\/zoo-land.az\\\/\",\"name\":\"Zooland.az\",\"description\":\"Xo\u015fb\u0259xt ev heyvanlar\u0131n\u0131n \u00fcnvan\u0131 Zooland.az\",\"publisher\":{\"@id\":\"https:\\\/\\\/zoo-land.az\\\/#organization\"},\"potentialAction\":[{\"@type\":\"SearchAction\",\"target\":{\"@type\":\"EntryPoint\",\"urlTemplate\":\"https:\\\/\\\/zoo-land.az\\\/?s={search_term_string}\"},\"query-input\":{\"@type\":\"PropertyValueSpecification\",\"valueRequired\":true,\"valueName\":\"search_term_string\"}}],\"inLanguage\":\"az\"},{\"@type\":\"Organization\",\"@id\":\"https:\\\/\\\/zoo-land.az\\\/#organization\",\"name\":\"Zooland.az\",\"url\":\"https:\\\/\\\/zoo-land.az\\\/\",\"logo\":{\"@type\":\"ImageObject\",\"inLanguage\":\"az\",\"@id\":\"https:\\\/\\\/zoo-land.az\\\/#\\\/schema\\\/logo\\\/image\\\/\",\"url\":\"https:\\\/\\\/zoo-land.az\\\/wp-content\\\/uploads\\\/2022\\\/05\\\/logo.svg\",\"contentUrl\":\"https:\\\/\\\/zoo-land.az\\\/wp-content\\\/uploads\\\/2022\\\/05\\\/logo.svg\",\"width\":113,\"height\":46,\"caption\":\"Zooland.az\"},\"image\":{\"@id\":\"https:\\\/\\\/zoo-land.az\\\/#\\\/schema\\\/logo\\\/image\\\/\"}}]}<\/script>\n<!-- \/ Yoast SEO plugin. -->","yoast_head_json":{"title":"Beaphar Kittys Biotin Taurine Tab 75 tab - Zooland.az","robots":{"index":"index","follow":"follow","max-snippet":"max-snippet:-1","max-image-preview":"max-image-preview:large","max-video-preview":"max-video-preview:-1"},"canonical":"https:\/\/zoo-land.az\/az\/shop\/cat\/vitamins\/beaphar-kittys-biotin-taurine-tab-75-tab\/","og_locale":"az_AZ","og_type":"article","og_title":"Beaphar Kittys Biotin Taurine Tab 75 tab - Zooland.az","og_description":"A complementary food for cats. Kitty's heart treats are healthy and delicious. They contain Vitamin B, extracted from natural yeast, vitamins C and E, and many essential minerals. In addition, the treats contain taurine, which is good for the heart, brain and eyesight, and biotin for a healthy skin and coat.","og_url":"https:\/\/zoo-land.az\/az\/shop\/cat\/vitamins\/beaphar-kittys-biotin-taurine-tab-75-tab\/","og_site_name":"Zooland.az","og_image":[{"width":700,"height":1000,"url":"https:\/\/zoo-land.az\/wp-content\/uploads\/2024\/06\/12783-hero_1605889352.jpg","type":"image\/jpeg"}],"twitter_card":"summary_large_image","twitter_misc":{"Est. reading time":"1 minute"},"schema":{"@context":"https:\/\/schema.org","@graph":[{"@type":"WebPage","@id":"https:\/\/zoo-land.az\/shop\/cat\/vitamins\/beaphar-kittys-biotin-taurine-tab-75-tab\/","url":"https:\/\/zoo-land.az\/shop\/cat\/vitamins\/beaphar-kittys-biotin-taurine-tab-75-tab\/","name":"Beaphar Kittys Biotin Taurine Tab 75 tab - Zooland.az","isPartOf":{"@id":"https:\/\/zoo-land.az\/#website"},"primaryImageOfPage":{"@id":"https:\/\/zoo-land.az\/shop\/cat\/vitamins\/beaphar-kittys-biotin-taurine-tab-75-tab\/#primaryimage"},"image":{"@id":"https:\/\/zoo-land.az\/shop\/cat\/vitamins\/beaphar-kittys-biotin-taurine-tab-75-tab\/#primaryimage"},"thumbnailUrl":"https:\/\/zoo-land.az\/wp-content\/uploads\/2024\/06\/12783-hero_1605889352.jpg","datePublished":"2024-06-19T12:56:03+00:00","breadcrumb":{"@id":"https:\/\/zoo-land.az\/shop\/cat\/vitamins\/beaphar-kittys-biotin-taurine-tab-75-tab\/#breadcrumb"},"inLanguage":"az","potentialAction":[{"@type":"ReadAction","target":["https:\/\/zoo-land.az\/shop\/cat\/vitamins\/beaphar-kittys-biotin-taurine-tab-75-tab\/"]}]},{"@type":"ImageObject","inLanguage":"az","@id":"https:\/\/zoo-land.az\/shop\/cat\/vitamins\/beaphar-kittys-biotin-taurine-tab-75-tab\/#primaryimage","url":"https:\/\/zoo-land.az\/wp-content\/uploads\/2024\/06\/12783-hero_1605889352.jpg","contentUrl":"https:\/\/zoo-land.az\/wp-content\/uploads\/2024\/06\/12783-hero_1605889352.jpg","width":700,"height":1000},{"@type":"BreadcrumbList","@id":"https:\/\/zoo-land.az\/shop\/cat\/vitamins\/beaphar-kittys-biotin-taurine-tab-75-tab\/#breadcrumb","itemListElement":[{"@type":"ListItem","position":1,"name":"Home","item":"https:\/\/zoo-land.az\/ru\/"},{"@type":"ListItem","position":2,"name":"Shop","item":"https:\/\/zoo-land.az\/ru\/"},{"@type":"ListItem","position":3,"name":"Beaphar Kittys Biotin Taurine Tab 75 tab"}]},{"@type":"WebSite","@id":"https:\/\/zoo-land.az\/#website","url":"https:\/\/zoo-land.az\/","name":"Zooland.az","description":"Xo\u015fb\u0259xt ev heyvanlar\u0131n\u0131n \u00fcnvan\u0131 Zooland.az","publisher":{"@id":"https:\/\/zoo-land.az\/#organization"},"potentialAction":[{"@type":"SearchAction","target":{"@type":"EntryPoint","urlTemplate":"https:\/\/zoo-land.az\/?s={search_term_string}"},"query-input":{"@type":"PropertyValueSpecification","valueRequired":true,"valueName":"search_term_string"}}],"inLanguage":"az"},{"@type":"Organization","@id":"https:\/\/zoo-land.az\/#organization","name":"Zooland.az","url":"https:\/\/zoo-land.az\/","logo":{"@type":"ImageObject","inLanguage":"az","@id":"https:\/\/zoo-land.az\/#\/schema\/logo\/image\/","url":"https:\/\/zoo-land.az\/wp-content\/uploads\/2022\/05\/logo.svg","contentUrl":"https:\/\/zoo-land.az\/wp-content\/uploads\/2022\/05\/logo.svg","width":113,"height":46,"caption":"Zooland.az"},"image":{"@id":"https:\/\/zoo-land.az\/#\/schema\/logo\/image\/"}}]}},"_links":{"self":[{"href":"https:\/\/zoo-land.az\/az\/wp-json\/wp\/v2\/product\/24167","targetHints":{"allow":["GET"]}}],"collection":[{"href":"https:\/\/zoo-land.az\/az\/wp-json\/wp\/v2\/product"}],"about":[{"href":"https:\/\/zoo-land.az\/az\/wp-json\/wp\/v2\/types\/product"}],"wp:featuredmedia":[{"embeddable":true,"href":"https:\/\/zoo-land.az\/az\/wp-json\/wp\/v2\/media\/24168"}],"wp:attachment":[{"href":"https:\/\/zoo-land.az\/az\/wp-json\/wp\/v2\/media?parent=24167"}],"wp:term":[{"taxonomy":"product_cat","embeddable":true,"href":"https:\/\/zoo-land.az\/az\/wp-json\/wp\/v2\/product_cat?post=24167"},{"taxonomy":"product_tag","embeddable":true,"href":"https:\/\/zoo-land.az\/az\/wp-json\/wp\/v2\/product_tag?post=24167"}],"curies":[{"name":"wp","href":"https:\/\/api.w.org\/{rel}","templated":true}]}}