{"id":24177,"date":"2024-06-19T13:09:56","date_gmt":"2024-06-19T13:09:56","guid":{"rendered":"https:\/\/lightsteelblue-zebra-299715.hostingersite.com\/?post_type=product&#038;p=24177"},"modified":"2024-06-19T13:09:56","modified_gmt":"2024-06-19T13:09:56","slug":"beaphar-bio-shampoo-shiny-coat-200-ml","status":"publish","type":"product","link":"https:\/\/zoo-land.az\/az\/shop\/dog\/dog-hygenic\/shampoo\/beaphar-bio-shampoo-shiny-coat-200-ml\/","title":{"rendered":"Beaphar Bio Shampoo Shiny Coat 200 ml"},"content":{"rendered":"<h4>Directions:<\/h4>\n<p>1. Wet your dog&#8217;s fur. 2. Apply the shampoo, massaging it into the fur and skin. 3. Leave it for a short time before rinsing thoroughly. 4. Repeat if necessary. 5. Dry your dog as usual. Note: This shampoo is ideal for frequent use and contains at least 95% natural ingredients. Organically produced Aloe vera gel moisturises your dog\u2019s skin, whilst macadamia oil and hibiscus nourish and protect your dog.<\/p>\n<ul class=\"a-unordered-list a-vertical a-spacing-mini\">\n<li class=\"a-spacing-mini\"><span class=\"a-list-item\">A gentle but effective shampoo &#8211; ideal for frequent use<\/span><\/li>\n<li class=\"a-spacing-mini\"><span class=\"a-list-item\">Contains organicically produced Aloe vera, macadamia oil and hibiscus<\/span><\/li>\n<li class=\"a-spacing-mini\"><span class=\"a-list-item\">Bio shampoo &#8211; contains organically produced active ingredients<\/span><\/li>\n<li class=\"a-spacing-mini\"><span class=\"a-list-item\">Suitable for all breeds of dog, even those with sensitive skin<\/span><\/li>\n<li class=\"a-spacing-mini\"><span class=\"a-list-item\">Neutral pH and 0% parabens, silicons and colourants<\/span><\/li>\n<\/ul>","protected":false},"excerpt":{"rendered":"<ul class=\"a-unordered-list a-vertical a-spacing-mini\">\n<li class=\"a-spacing-mini\"><span class=\"a-list-item\">A gentle but effective shampoo &#8211; ideal for frequent use<\/span><\/li>\n<li class=\"a-spacing-mini\"><span class=\"a-list-item\">Contains organicically produced Aloe vera, macadamia oil and hibiscus<\/span><\/li>\n<li class=\"a-spacing-mini\"><span class=\"a-list-item\">Bio shampoo &#8211; contains organically produced active ingredients<\/span><\/li>\n<li class=\"a-spacing-mini\"><span class=\"a-list-item\">Suitable for all breeds of dog, even those with sensitive skin<\/span><\/li>\n<li class=\"a-spacing-mini\"><span class=\"a-list-item\">Neutral pH and 0% parabens, silicons and colourants<\/span><\/li>\n<\/ul>","protected":false},"featured_media":24178,"template":"","meta":{"inline_featured_image":false,"_joinchat":[]},"product_cat":[107,166,355],"product_tag":[],"class_list":{"0":"post-24177","1":"product","2":"type-product","3":"status-publish","4":"has-post-thumbnail","6":"product_brand-beaphar","7":"product_cat-dog","8":"product_cat-dog-hygenic","9":"product_cat-shampoo","11":"first","12":"instock","13":"shipping-taxable","14":"purchasable","15":"product-type-simple"},"yoast_head":"<!-- This site is optimized with the Yoast SEO plugin v26.7 - https:\/\/yoast.com\/wordpress\/plugins\/seo\/ -->\n<title>Beaphar Bio Shampoo Shiny Coat 200 ml - Zooland.az<\/title>\n<meta name=\"robots\" content=\"index, follow, max-snippet:-1, max-image-preview:large, max-video-preview:-1\" \/>\n<link rel=\"canonical\" href=\"https:\/\/zoo-land.az\/az\/shop\/dog\/dog-hygenic\/shampoo\/beaphar-bio-shampoo-shiny-coat-200-ml\/\" \/>\n<meta property=\"og:locale\" content=\"az_AZ\" \/>\n<meta property=\"og:type\" content=\"article\" \/>\n<meta property=\"og:title\" content=\"Beaphar Bio Shampoo Shiny Coat 200 ml - Zooland.az\" \/>\n<meta property=\"og:description\" content=\"A gentle but effective shampoo - ideal for frequent use  Contains organicically produced Aloe vera, macadamia oil and hibiscus  Bio shampoo - contains organically produced active ingredients  Suitable for all breeds of dog, even those with sensitive skin  Neutral pH and 0% parabens, silicons and colourants\" \/>\n<meta property=\"og:url\" content=\"https:\/\/zoo-land.az\/az\/shop\/dog\/dog-hygenic\/shampoo\/beaphar-bio-shampoo-shiny-coat-200-ml\/\" \/>\n<meta property=\"og:site_name\" content=\"Zooland.az\" \/>\n<meta property=\"og:image\" content=\"https:\/\/zoo-land.az\/wp-content\/uploads\/2024\/06\/61PxYkCXoKS.jpg\" \/>\n\t<meta property=\"og:image:width\" content=\"2000\" \/>\n\t<meta property=\"og:image:height\" content=\"2000\" \/>\n\t<meta property=\"og:image:type\" content=\"image\/jpeg\" \/>\n<meta name=\"twitter:card\" content=\"summary_large_image\" \/>\n<meta name=\"twitter:label1\" content=\"Est. reading time\" \/>\n\t<meta name=\"twitter:data1\" content=\"1 minute\" \/>\n<script type=\"application\/ld+json\" class=\"yoast-schema-graph\">{\"@context\":\"https:\/\/schema.org\",\"@graph\":[{\"@type\":\"WebPage\",\"@id\":\"https:\/\/zoo-land.az\/ru\/shop\/dog\/dog-hygenic\/shampoo\/beaphar-bio-shampoo-shiny-coat-200-ml\/\",\"url\":\"https:\/\/zoo-land.az\/ru\/shop\/dog\/dog-hygenic\/shampoo\/beaphar-bio-shampoo-shiny-coat-200-ml\/\",\"name\":\"Beaphar Bio Shampoo Shiny Coat 200 ml - Zooland.az\",\"isPartOf\":{\"@id\":\"https:\/\/zoo-land.az\/#website\"},\"primaryImageOfPage\":{\"@id\":\"https:\/\/zoo-land.az\/ru\/shop\/dog\/dog-hygenic\/shampoo\/beaphar-bio-shampoo-shiny-coat-200-ml\/#primaryimage\"},\"image\":{\"@id\":\"https:\/\/zoo-land.az\/ru\/shop\/dog\/dog-hygenic\/shampoo\/beaphar-bio-shampoo-shiny-coat-200-ml\/#primaryimage\"},\"thumbnailUrl\":\"https:\/\/zoo-land.az\/wp-content\/uploads\/2024\/06\/61PxYkCXoKS.jpg\",\"datePublished\":\"2024-06-19T13:09:56+00:00\",\"breadcrumb\":{\"@id\":\"https:\/\/zoo-land.az\/ru\/shop\/dog\/dog-hygenic\/shampoo\/beaphar-bio-shampoo-shiny-coat-200-ml\/#breadcrumb\"},\"inLanguage\":\"az\",\"potentialAction\":[{\"@type\":\"ReadAction\",\"target\":[\"https:\/\/zoo-land.az\/ru\/shop\/dog\/dog-hygenic\/shampoo\/beaphar-bio-shampoo-shiny-coat-200-ml\/\"]}]},{\"@type\":\"ImageObject\",\"inLanguage\":\"az\",\"@id\":\"https:\/\/zoo-land.az\/ru\/shop\/dog\/dog-hygenic\/shampoo\/beaphar-bio-shampoo-shiny-coat-200-ml\/#primaryimage\",\"url\":\"https:\/\/zoo-land.az\/wp-content\/uploads\/2024\/06\/61PxYkCXoKS.jpg\",\"contentUrl\":\"https:\/\/zoo-land.az\/wp-content\/uploads\/2024\/06\/61PxYkCXoKS.jpg\",\"width\":2000,\"height\":2000,\"caption\":\"Version 1.0.0\"},{\"@type\":\"BreadcrumbList\",\"@id\":\"https:\/\/zoo-land.az\/ru\/shop\/dog\/dog-hygenic\/shampoo\/beaphar-bio-shampoo-shiny-coat-200-ml\/#breadcrumb\",\"itemListElement\":[{\"@type\":\"ListItem\",\"position\":1,\"name\":\"Home\",\"item\":\"https:\/\/zoo-land.az\/ru\/\"},{\"@type\":\"ListItem\",\"position\":2,\"name\":\"Shop\",\"item\":\"https:\/\/zoo-land.az\/ru\/\"},{\"@type\":\"ListItem\",\"position\":3,\"name\":\"Beaphar Bio Shampoo Shiny Coat 200 ml\"}]},{\"@type\":\"WebSite\",\"@id\":\"https:\/\/zoo-land.az\/#website\",\"url\":\"https:\/\/zoo-land.az\/\",\"name\":\"Zooland.az\",\"description\":\"Xo\u015fb\u0259xt ev heyvanlar\u0131n\u0131n \u00fcnvan\u0131 Zooland.az\",\"publisher\":{\"@id\":\"https:\/\/zoo-land.az\/#organization\"},\"potentialAction\":[{\"@type\":\"SearchAction\",\"target\":{\"@type\":\"EntryPoint\",\"urlTemplate\":\"https:\/\/zoo-land.az\/?s={search_term_string}\"},\"query-input\":{\"@type\":\"PropertyValueSpecification\",\"valueRequired\":true,\"valueName\":\"search_term_string\"}}],\"inLanguage\":\"az\"},{\"@type\":\"Organization\",\"@id\":\"https:\/\/zoo-land.az\/#organization\",\"name\":\"Zooland.az\",\"url\":\"https:\/\/zoo-land.az\/\",\"logo\":{\"@type\":\"ImageObject\",\"inLanguage\":\"az\",\"@id\":\"https:\/\/zoo-land.az\/#\/schema\/logo\/image\/\",\"url\":\"https:\/\/zoo-land.az\/wp-content\/uploads\/2022\/05\/logo.svg\",\"contentUrl\":\"https:\/\/zoo-land.az\/wp-content\/uploads\/2022\/05\/logo.svg\",\"width\":113,\"height\":46,\"caption\":\"Zooland.az\"},\"image\":{\"@id\":\"https:\/\/zoo-land.az\/#\/schema\/logo\/image\/\"}}]}<\/script>\n<!-- \/ Yoast SEO plugin. -->","yoast_head_json":{"title":"Beaphar Bio Shampoo Shiny Coat 200 ml - Zooland.az","robots":{"index":"index","follow":"follow","max-snippet":"max-snippet:-1","max-image-preview":"max-image-preview:large","max-video-preview":"max-video-preview:-1"},"canonical":"https:\/\/zoo-land.az\/az\/shop\/dog\/dog-hygenic\/shampoo\/beaphar-bio-shampoo-shiny-coat-200-ml\/","og_locale":"az_AZ","og_type":"article","og_title":"Beaphar Bio Shampoo Shiny Coat 200 ml - Zooland.az","og_description":"A gentle but effective shampoo - ideal for frequent use  Contains organicically produced Aloe vera, macadamia oil and hibiscus  Bio shampoo - contains organically produced active ingredients  Suitable for all breeds of dog, even those with sensitive skin  Neutral pH and 0% parabens, silicons and colourants","og_url":"https:\/\/zoo-land.az\/az\/shop\/dog\/dog-hygenic\/shampoo\/beaphar-bio-shampoo-shiny-coat-200-ml\/","og_site_name":"Zooland.az","og_image":[{"width":2000,"height":2000,"url":"https:\/\/zoo-land.az\/wp-content\/uploads\/2024\/06\/61PxYkCXoKS.jpg","type":"image\/jpeg"}],"twitter_card":"summary_large_image","twitter_misc":{"Est. reading time":"1 minute"},"schema":{"@context":"https:\/\/schema.org","@graph":[{"@type":"WebPage","@id":"https:\/\/zoo-land.az\/ru\/shop\/dog\/dog-hygenic\/shampoo\/beaphar-bio-shampoo-shiny-coat-200-ml\/","url":"https:\/\/zoo-land.az\/ru\/shop\/dog\/dog-hygenic\/shampoo\/beaphar-bio-shampoo-shiny-coat-200-ml\/","name":"Beaphar Bio Shampoo Shiny Coat 200 ml - Zooland.az","isPartOf":{"@id":"https:\/\/zoo-land.az\/#website"},"primaryImageOfPage":{"@id":"https:\/\/zoo-land.az\/ru\/shop\/dog\/dog-hygenic\/shampoo\/beaphar-bio-shampoo-shiny-coat-200-ml\/#primaryimage"},"image":{"@id":"https:\/\/zoo-land.az\/ru\/shop\/dog\/dog-hygenic\/shampoo\/beaphar-bio-shampoo-shiny-coat-200-ml\/#primaryimage"},"thumbnailUrl":"https:\/\/zoo-land.az\/wp-content\/uploads\/2024\/06\/61PxYkCXoKS.jpg","datePublished":"2024-06-19T13:09:56+00:00","breadcrumb":{"@id":"https:\/\/zoo-land.az\/ru\/shop\/dog\/dog-hygenic\/shampoo\/beaphar-bio-shampoo-shiny-coat-200-ml\/#breadcrumb"},"inLanguage":"az","potentialAction":[{"@type":"ReadAction","target":["https:\/\/zoo-land.az\/ru\/shop\/dog\/dog-hygenic\/shampoo\/beaphar-bio-shampoo-shiny-coat-200-ml\/"]}]},{"@type":"ImageObject","inLanguage":"az","@id":"https:\/\/zoo-land.az\/ru\/shop\/dog\/dog-hygenic\/shampoo\/beaphar-bio-shampoo-shiny-coat-200-ml\/#primaryimage","url":"https:\/\/zoo-land.az\/wp-content\/uploads\/2024\/06\/61PxYkCXoKS.jpg","contentUrl":"https:\/\/zoo-land.az\/wp-content\/uploads\/2024\/06\/61PxYkCXoKS.jpg","width":2000,"height":2000,"caption":"Version 1.0.0"},{"@type":"BreadcrumbList","@id":"https:\/\/zoo-land.az\/ru\/shop\/dog\/dog-hygenic\/shampoo\/beaphar-bio-shampoo-shiny-coat-200-ml\/#breadcrumb","itemListElement":[{"@type":"ListItem","position":1,"name":"Home","item":"https:\/\/zoo-land.az\/ru\/"},{"@type":"ListItem","position":2,"name":"Shop","item":"https:\/\/zoo-land.az\/ru\/"},{"@type":"ListItem","position":3,"name":"Beaphar Bio Shampoo Shiny Coat 200 ml"}]},{"@type":"WebSite","@id":"https:\/\/zoo-land.az\/#website","url":"https:\/\/zoo-land.az\/","name":"Zooland.az","description":"Xo\u015fb\u0259xt ev heyvanlar\u0131n\u0131n \u00fcnvan\u0131 Zooland.az","publisher":{"@id":"https:\/\/zoo-land.az\/#organization"},"potentialAction":[{"@type":"SearchAction","target":{"@type":"EntryPoint","urlTemplate":"https:\/\/zoo-land.az\/?s={search_term_string}"},"query-input":{"@type":"PropertyValueSpecification","valueRequired":true,"valueName":"search_term_string"}}],"inLanguage":"az"},{"@type":"Organization","@id":"https:\/\/zoo-land.az\/#organization","name":"Zooland.az","url":"https:\/\/zoo-land.az\/","logo":{"@type":"ImageObject","inLanguage":"az","@id":"https:\/\/zoo-land.az\/#\/schema\/logo\/image\/","url":"https:\/\/zoo-land.az\/wp-content\/uploads\/2022\/05\/logo.svg","contentUrl":"https:\/\/zoo-land.az\/wp-content\/uploads\/2022\/05\/logo.svg","width":113,"height":46,"caption":"Zooland.az"},"image":{"@id":"https:\/\/zoo-land.az\/#\/schema\/logo\/image\/"}}]}},"_links":{"self":[{"href":"https:\/\/zoo-land.az\/az\/wp-json\/wp\/v2\/product\/24177","targetHints":{"allow":["GET"]}}],"collection":[{"href":"https:\/\/zoo-land.az\/az\/wp-json\/wp\/v2\/product"}],"about":[{"href":"https:\/\/zoo-land.az\/az\/wp-json\/wp\/v2\/types\/product"}],"wp:featuredmedia":[{"embeddable":true,"href":"https:\/\/zoo-land.az\/az\/wp-json\/wp\/v2\/media\/24178"}],"wp:attachment":[{"href":"https:\/\/zoo-land.az\/az\/wp-json\/wp\/v2\/media?parent=24177"}],"wp:term":[{"taxonomy":"product_cat","embeddable":true,"href":"https:\/\/zoo-land.az\/az\/wp-json\/wp\/v2\/product_cat?post=24177"},{"taxonomy":"product_tag","embeddable":true,"href":"https:\/\/zoo-land.az\/az\/wp-json\/wp\/v2\/product_tag?post=24177"}],"curies":[{"name":"wp","href":"https:\/\/api.w.org\/{rel}","templated":true}]}}