{"id":24202,"date":"2024-06-21T06:21:40","date_gmt":"2024-06-21T06:21:40","guid":{"rendered":"https:\/\/lightsteelblue-zebra-299715.hostingersite.com\/?post_type=product&#038;p=24202"},"modified":"2024-06-21T06:21:41","modified_gmt":"2024-06-21T06:21:41","slug":"wilda-siberica-shampoo-urban-detox-400-ml","status":"publish","type":"product","link":"https:\/\/zoo-land.az\/az\/shop\/cat\/cat-hygenic\/cat-hairwashes\/wilda-siberica-shampoo-urban-detox-400-ml\/","title":{"rendered":"Wilda Siberica \u015eampun Urban Detox 400 ml"},"content":{"rendered":"<div>\n<div>\n<ul>\n<li>Urban Detox Pet Shampoo<\/li>\n<li>The perfect cleaning for dogs living in urban areas<\/li>\n<li>Ideal for the city<\/li>\n<li>Intensely clarifying &amp; refreshing<\/li>\n<li>Rich in antioxidants<\/li>\n<li>Suitable for dogs<\/li>\n<li>PH-level neutral<\/li>\n<li>Vegan<\/li>\n<li>Contents: 400 ml<\/li>\n<\/ul>\n<div><\/div>\n<div><img decoding=\"async\" src=\"https:\/\/dn.meintierdiscount.de\/media\/images\/spacer.gif\" height=\"10\" \/><\/div>\n<\/div>\n<\/div>\n<p><strong>Be pure like a forest deer! For pets living in big cities whose fur needs to be completely cleaned and refreshed.\u00a0<\/strong><\/p>\n<div>The safflower mountain safflower is a deer&#8217;s favorite root. It is also called the root of life. The safflower mountain safflower is a powerful source of energy for deer. It makes them faster and stronger to escape their enemies in the wild. The root has a detoxifying effect; the deer&#8217;s fur, skin and body become clean and fresh. This shampoo is perfect for city-dwelling animals whose fur needs a particularly deep and refreshing clean. Its formulation contains maral root, which is rich in antioxidants and has powerful cleansing properties. This naturally ensures fresh, clean fur.<\/p>\n<div><strong>Wild Siberian herbs<\/strong><\/div>\n<div><img decoding=\"async\" src=\"https:\/\/dn.meintierdiscount.de\/media\/images\/spacer.gif\" height=\"10\" \/><\/div>\n<ul>\n<li>Altai Maral root extract<\/li>\n<li>Organic hydrolate from Rhodiola Rosea<\/li>\n<li>Saponified cedar oil<\/li>\n<li>Kuril redberry<\/li>\n<\/ul>\n<\/div>","protected":false},"excerpt":{"rendered":"<p><strong>Be pure like a forest deer! For pets living in big cities whose fur needs to be completely cleaned and refreshed.\u00a0<\/strong><\/p>","protected":false},"featured_media":24204,"template":"","meta":{"inline_featured_image":false,"_joinchat":[]},"product_cat":[188,107,166,199,355,200],"product_tag":[],"class_list":{"0":"post-24202","1":"product","2":"type-product","3":"status-publish","4":"has-post-thumbnail","6":"product_brand-natura-siberica","7":"product_cat-cat","8":"product_cat-dog","9":"product_cat-dog-hygenic","10":"product_cat-cat-hygenic","11":"product_cat-shampoo","12":"product_cat-cat-hairwashes","14":"first","15":"instock","16":"shipping-taxable","17":"purchasable","18":"product-type-simple"},"yoast_head":"<!-- This site is optimized with the Yoast SEO plugin v26.7 - https:\/\/yoast.com\/wordpress\/plugins\/seo\/ -->\n<title>Wilda Siberica Shampoo Urban Detox 400 ml - Zooland.az<\/title>\n<meta name=\"robots\" content=\"index, follow, max-snippet:-1, max-image-preview:large, max-video-preview:-1\" \/>\n<link rel=\"canonical\" href=\"https:\/\/zoo-land.az\/az\/shop\/cat\/cat-hygenic\/cat-hairwashes\/wilda-siberica-shampoo-urban-detox-400-ml\/\" \/>\n<meta property=\"og:locale\" content=\"az_AZ\" \/>\n<meta property=\"og:type\" content=\"article\" \/>\n<meta property=\"og:title\" content=\"Wilda Siberica Shampoo Urban Detox 400 ml - Zooland.az\" \/>\n<meta property=\"og:description\" content=\"Be pure like a forest deer! For pets living in big cities whose fur needs to be completely cleaned and refreshed.\u00a0\" \/>\n<meta property=\"og:url\" content=\"https:\/\/zoo-land.az\/az\/shop\/cat\/cat-hygenic\/cat-hairwashes\/wilda-siberica-shampoo-urban-detox-400-ml\/\" \/>\n<meta property=\"og:site_name\" content=\"Zooland.az\" \/>\n<meta property=\"article:modified_time\" content=\"2024-06-21T06:21:41+00:00\" \/>\n<meta property=\"og:image\" content=\"https:\/\/zoo-land.az\/wp-content\/uploads\/2024\/06\/s-l1200-1.webp\" \/>\n\t<meta property=\"og:image:width\" content=\"1200\" \/>\n\t<meta property=\"og:image:height\" content=\"1200\" \/>\n\t<meta property=\"og:image:type\" content=\"image\/webp\" \/>\n<meta name=\"twitter:card\" content=\"summary_large_image\" \/>\n<meta name=\"twitter:label1\" content=\"Est. reading time\" \/>\n\t<meta name=\"twitter:data1\" content=\"2 minutes\" \/>\n<script type=\"application\/ld+json\" class=\"yoast-schema-graph\">{\"@context\":\"https:\/\/schema.org\",\"@graph\":[{\"@type\":\"WebPage\",\"@id\":\"https:\/\/zoo-land.az\/shop\/cat\/cat-hygenic\/cat-hairwashes\/wilda-siberica-shampoo-urban-detox-400-ml\/\",\"url\":\"https:\/\/zoo-land.az\/shop\/cat\/cat-hygenic\/cat-hairwashes\/wilda-siberica-shampoo-urban-detox-400-ml\/\",\"name\":\"Wilda Siberica Shampoo Urban Detox 400 ml - Zooland.az\",\"isPartOf\":{\"@id\":\"https:\/\/zoo-land.az\/#website\"},\"primaryImageOfPage\":{\"@id\":\"https:\/\/zoo-land.az\/shop\/cat\/cat-hygenic\/cat-hairwashes\/wilda-siberica-shampoo-urban-detox-400-ml\/#primaryimage\"},\"image\":{\"@id\":\"https:\/\/zoo-land.az\/shop\/cat\/cat-hygenic\/cat-hairwashes\/wilda-siberica-shampoo-urban-detox-400-ml\/#primaryimage\"},\"thumbnailUrl\":\"https:\/\/zoo-land.az\/wp-content\/uploads\/2024\/06\/s-l1200-1.webp\",\"datePublished\":\"2024-06-21T06:21:40+00:00\",\"dateModified\":\"2024-06-21T06:21:41+00:00\",\"breadcrumb\":{\"@id\":\"https:\/\/zoo-land.az\/shop\/cat\/cat-hygenic\/cat-hairwashes\/wilda-siberica-shampoo-urban-detox-400-ml\/#breadcrumb\"},\"inLanguage\":\"az\",\"potentialAction\":[{\"@type\":\"ReadAction\",\"target\":[\"https:\/\/zoo-land.az\/shop\/cat\/cat-hygenic\/cat-hairwashes\/wilda-siberica-shampoo-urban-detox-400-ml\/\"]}]},{\"@type\":\"ImageObject\",\"inLanguage\":\"az\",\"@id\":\"https:\/\/zoo-land.az\/shop\/cat\/cat-hygenic\/cat-hairwashes\/wilda-siberica-shampoo-urban-detox-400-ml\/#primaryimage\",\"url\":\"https:\/\/zoo-land.az\/wp-content\/uploads\/2024\/06\/s-l1200-1.webp\",\"contentUrl\":\"https:\/\/zoo-land.az\/wp-content\/uploads\/2024\/06\/s-l1200-1.webp\",\"width\":1200,\"height\":1200},{\"@type\":\"BreadcrumbList\",\"@id\":\"https:\/\/zoo-land.az\/shop\/cat\/cat-hygenic\/cat-hairwashes\/wilda-siberica-shampoo-urban-detox-400-ml\/#breadcrumb\",\"itemListElement\":[{\"@type\":\"ListItem\",\"position\":1,\"name\":\"Home\",\"item\":\"https:\/\/zoo-land.az\/ru\/\"},{\"@type\":\"ListItem\",\"position\":2,\"name\":\"Shop\",\"item\":\"https:\/\/zoo-land.az\/ru\/\"},{\"@type\":\"ListItem\",\"position\":3,\"name\":\"Wilda Siberica Shampoo Urban Detox 400 ml\"}]},{\"@type\":\"WebSite\",\"@id\":\"https:\/\/zoo-land.az\/#website\",\"url\":\"https:\/\/zoo-land.az\/\",\"name\":\"Zooland.az\",\"description\":\"Xo\u015fb\u0259xt ev heyvanlar\u0131n\u0131n \u00fcnvan\u0131 Zooland.az\",\"publisher\":{\"@id\":\"https:\/\/zoo-land.az\/#organization\"},\"potentialAction\":[{\"@type\":\"SearchAction\",\"target\":{\"@type\":\"EntryPoint\",\"urlTemplate\":\"https:\/\/zoo-land.az\/?s={search_term_string}\"},\"query-input\":{\"@type\":\"PropertyValueSpecification\",\"valueRequired\":true,\"valueName\":\"search_term_string\"}}],\"inLanguage\":\"az\"},{\"@type\":\"Organization\",\"@id\":\"https:\/\/zoo-land.az\/#organization\",\"name\":\"Zooland.az\",\"url\":\"https:\/\/zoo-land.az\/\",\"logo\":{\"@type\":\"ImageObject\",\"inLanguage\":\"az\",\"@id\":\"https:\/\/zoo-land.az\/#\/schema\/logo\/image\/\",\"url\":\"https:\/\/zoo-land.az\/wp-content\/uploads\/2022\/05\/logo.svg\",\"contentUrl\":\"https:\/\/zoo-land.az\/wp-content\/uploads\/2022\/05\/logo.svg\",\"width\":113,\"height\":46,\"caption\":\"Zooland.az\"},\"image\":{\"@id\":\"https:\/\/zoo-land.az\/#\/schema\/logo\/image\/\"}}]}<\/script>\n<!-- \/ Yoast SEO plugin. -->","yoast_head_json":{"title":"Wilda Siberica Shampoo Urban Detox 400 ml - Zooland.az","robots":{"index":"index","follow":"follow","max-snippet":"max-snippet:-1","max-image-preview":"max-image-preview:large","max-video-preview":"max-video-preview:-1"},"canonical":"https:\/\/zoo-land.az\/az\/shop\/cat\/cat-hygenic\/cat-hairwashes\/wilda-siberica-shampoo-urban-detox-400-ml\/","og_locale":"az_AZ","og_type":"article","og_title":"Wilda Siberica Shampoo Urban Detox 400 ml - Zooland.az","og_description":"Be pure like a forest deer! For pets living in big cities whose fur needs to be completely cleaned and refreshed.\u00a0","og_url":"https:\/\/zoo-land.az\/az\/shop\/cat\/cat-hygenic\/cat-hairwashes\/wilda-siberica-shampoo-urban-detox-400-ml\/","og_site_name":"Zooland.az","article_modified_time":"2024-06-21T06:21:41+00:00","og_image":[{"width":1200,"height":1200,"url":"https:\/\/zoo-land.az\/wp-content\/uploads\/2024\/06\/s-l1200-1.webp","type":"image\/webp"}],"twitter_card":"summary_large_image","twitter_misc":{"Est. reading time":"2 minutes"},"schema":{"@context":"https:\/\/schema.org","@graph":[{"@type":"WebPage","@id":"https:\/\/zoo-land.az\/shop\/cat\/cat-hygenic\/cat-hairwashes\/wilda-siberica-shampoo-urban-detox-400-ml\/","url":"https:\/\/zoo-land.az\/shop\/cat\/cat-hygenic\/cat-hairwashes\/wilda-siberica-shampoo-urban-detox-400-ml\/","name":"Wilda Siberica Shampoo Urban Detox 400 ml - Zooland.az","isPartOf":{"@id":"https:\/\/zoo-land.az\/#website"},"primaryImageOfPage":{"@id":"https:\/\/zoo-land.az\/shop\/cat\/cat-hygenic\/cat-hairwashes\/wilda-siberica-shampoo-urban-detox-400-ml\/#primaryimage"},"image":{"@id":"https:\/\/zoo-land.az\/shop\/cat\/cat-hygenic\/cat-hairwashes\/wilda-siberica-shampoo-urban-detox-400-ml\/#primaryimage"},"thumbnailUrl":"https:\/\/zoo-land.az\/wp-content\/uploads\/2024\/06\/s-l1200-1.webp","datePublished":"2024-06-21T06:21:40+00:00","dateModified":"2024-06-21T06:21:41+00:00","breadcrumb":{"@id":"https:\/\/zoo-land.az\/shop\/cat\/cat-hygenic\/cat-hairwashes\/wilda-siberica-shampoo-urban-detox-400-ml\/#breadcrumb"},"inLanguage":"az","potentialAction":[{"@type":"ReadAction","target":["https:\/\/zoo-land.az\/shop\/cat\/cat-hygenic\/cat-hairwashes\/wilda-siberica-shampoo-urban-detox-400-ml\/"]}]},{"@type":"ImageObject","inLanguage":"az","@id":"https:\/\/zoo-land.az\/shop\/cat\/cat-hygenic\/cat-hairwashes\/wilda-siberica-shampoo-urban-detox-400-ml\/#primaryimage","url":"https:\/\/zoo-land.az\/wp-content\/uploads\/2024\/06\/s-l1200-1.webp","contentUrl":"https:\/\/zoo-land.az\/wp-content\/uploads\/2024\/06\/s-l1200-1.webp","width":1200,"height":1200},{"@type":"BreadcrumbList","@id":"https:\/\/zoo-land.az\/shop\/cat\/cat-hygenic\/cat-hairwashes\/wilda-siberica-shampoo-urban-detox-400-ml\/#breadcrumb","itemListElement":[{"@type":"ListItem","position":1,"name":"Home","item":"https:\/\/zoo-land.az\/ru\/"},{"@type":"ListItem","position":2,"name":"Shop","item":"https:\/\/zoo-land.az\/ru\/"},{"@type":"ListItem","position":3,"name":"Wilda Siberica Shampoo Urban Detox 400 ml"}]},{"@type":"WebSite","@id":"https:\/\/zoo-land.az\/#website","url":"https:\/\/zoo-land.az\/","name":"Zooland.az","description":"Xo\u015fb\u0259xt ev heyvanlar\u0131n\u0131n \u00fcnvan\u0131 Zooland.az","publisher":{"@id":"https:\/\/zoo-land.az\/#organization"},"potentialAction":[{"@type":"SearchAction","target":{"@type":"EntryPoint","urlTemplate":"https:\/\/zoo-land.az\/?s={search_term_string}"},"query-input":{"@type":"PropertyValueSpecification","valueRequired":true,"valueName":"search_term_string"}}],"inLanguage":"az"},{"@type":"Organization","@id":"https:\/\/zoo-land.az\/#organization","name":"Zooland.az","url":"https:\/\/zoo-land.az\/","logo":{"@type":"ImageObject","inLanguage":"az","@id":"https:\/\/zoo-land.az\/#\/schema\/logo\/image\/","url":"https:\/\/zoo-land.az\/wp-content\/uploads\/2022\/05\/logo.svg","contentUrl":"https:\/\/zoo-land.az\/wp-content\/uploads\/2022\/05\/logo.svg","width":113,"height":46,"caption":"Zooland.az"},"image":{"@id":"https:\/\/zoo-land.az\/#\/schema\/logo\/image\/"}}]}},"_links":{"self":[{"href":"https:\/\/zoo-land.az\/az\/wp-json\/wp\/v2\/product\/24202","targetHints":{"allow":["GET"]}}],"collection":[{"href":"https:\/\/zoo-land.az\/az\/wp-json\/wp\/v2\/product"}],"about":[{"href":"https:\/\/zoo-land.az\/az\/wp-json\/wp\/v2\/types\/product"}],"wp:featuredmedia":[{"embeddable":true,"href":"https:\/\/zoo-land.az\/az\/wp-json\/wp\/v2\/media\/24204"}],"wp:attachment":[{"href":"https:\/\/zoo-land.az\/az\/wp-json\/wp\/v2\/media?parent=24202"}],"wp:term":[{"taxonomy":"product_cat","embeddable":true,"href":"https:\/\/zoo-land.az\/az\/wp-json\/wp\/v2\/product_cat?post=24202"},{"taxonomy":"product_tag","embeddable":true,"href":"https:\/\/zoo-land.az\/az\/wp-json\/wp\/v2\/product_tag?post=24202"}],"curies":[{"name":"wp","href":"https:\/\/api.w.org\/{rel}","templated":true}]}}