{"id":24207,"date":"2024-06-21T06:46:17","date_gmt":"2024-06-21T06:46:17","guid":{"rendered":"https:\/\/lightsteelblue-zebra-299715.hostingersite.com\/?post_type=product&#038;p=24207"},"modified":"2024-06-21T06:46:33","modified_gmt":"2024-06-21T06:46:33","slug":"wilda-siberica-shampoo-oil-plex-400-ml","status":"publish","type":"product","link":"https:\/\/zoo-land.az\/az\/shop\/cat\/cat-hygenic\/cat-hairwashes\/wilda-siberica-shampoo-oil-plex-400-ml\/","title":{"rendered":"Wilda Siberica \u015eampun Ya\u011f\u0131 Plex 400 ml"},"content":{"rendered":"<p>This mild shampoo is specially formulated for pets with dull fur. It contains oil extracted from the kernels of Siberian Scots pine that possess restructuring properties and provide renewed shine.<\/p>\n<p><strong>Directions for use:<\/strong><\/p>\n<ul>\n<li>Apply a generous amount of shampoo to wet fur and skin.<\/li>\n<li>Gently massage to cleanse.<\/li>\n<li>Rinse thoroughly with water.<\/li>\n<li>Repeat application if needed.<\/li>\n<li>It is recommended to follow up with the Oli-Plex Pet Conditioner from the same line.<\/li>\n<li>Gently brush the fur once it is dry.<\/li>\n<\/ul>","protected":false},"excerpt":{"rendered":"<p>This mild shampoo is specially formulated for pets with dull fur. It contains oil extracted from the kernels of Siberian Scots pine that possess restructuring properties and provide renewed shine.<\/p>","protected":false},"featured_media":24208,"template":"","meta":{"inline_featured_image":false,"_joinchat":[]},"product_cat":[188,107,166,199,355,200],"product_tag":[],"class_list":{"0":"post-24207","1":"product","2":"type-product","3":"status-publish","4":"has-post-thumbnail","6":"product_brand-natura-siberica","7":"product_cat-cat","8":"product_cat-dog","9":"product_cat-dog-hygenic","10":"product_cat-cat-hygenic","11":"product_cat-shampoo","12":"product_cat-cat-hairwashes","14":"first","15":"instock","16":"shipping-taxable","17":"purchasable","18":"product-type-simple"},"yoast_head":"<!-- This site is optimized with the Yoast SEO plugin v27.4 - https:\/\/yoast.com\/product\/yoast-seo-wordpress\/ -->\n<title>Wilda Siberica Shampoo Oil Plex 400 ml - Zooland.az<\/title>\n<meta name=\"robots\" content=\"index, follow, max-snippet:-1, max-image-preview:large, max-video-preview:-1\" \/>\n<link rel=\"canonical\" href=\"https:\/\/zoo-land.az\/az\/shop\/cat\/cat-hygenic\/cat-hairwashes\/wilda-siberica-shampoo-oil-plex-400-ml\/\" \/>\n<meta property=\"og:locale\" content=\"az_AZ\" \/>\n<meta property=\"og:type\" content=\"article\" \/>\n<meta property=\"og:title\" content=\"Wilda Siberica Shampoo Oil Plex 400 ml - Zooland.az\" \/>\n<meta property=\"og:description\" content=\"This mild shampoo is specially formulated for pets with dull fur. It contains oil extracted from the kernels of Siberian Scots pine that possess restructuring properties and provide renewed shine.\" \/>\n<meta property=\"og:url\" content=\"https:\/\/zoo-land.az\/az\/shop\/cat\/cat-hygenic\/cat-hairwashes\/wilda-siberica-shampoo-oil-plex-400-ml\/\" \/>\n<meta property=\"og:site_name\" content=\"Zooland.az\" \/>\n<meta property=\"article:modified_time\" content=\"2024-06-21T06:46:33+00:00\" \/>\n<meta property=\"og:image\" content=\"https:\/\/zoo-land.az\/wp-content\/uploads\/2024\/06\/5_3-1024x1024.png\" \/>\n\t<meta property=\"og:image:width\" content=\"1024\" \/>\n\t<meta property=\"og:image:height\" content=\"1024\" \/>\n\t<meta property=\"og:image:type\" content=\"image\/png\" \/>\n<meta name=\"twitter:card\" content=\"summary_large_image\" \/>\n<meta name=\"twitter:label1\" content=\"Est. reading time\" \/>\n\t<meta name=\"twitter:data1\" content=\"1 minute\" \/>\n<script type=\"application\/ld+json\" class=\"yoast-schema-graph\">{\"@context\":\"https:\\\/\\\/schema.org\",\"@graph\":[{\"@type\":\"WebPage\",\"@id\":\"https:\\\/\\\/zoo-land.az\\\/ru\\\/shop\\\/cat\\\/cat-hygenic\\\/cat-hairwashes\\\/wilda-siberica-shampoo-oil-plex-400-ml\\\/\",\"url\":\"https:\\\/\\\/zoo-land.az\\\/ru\\\/shop\\\/cat\\\/cat-hygenic\\\/cat-hairwashes\\\/wilda-siberica-shampoo-oil-plex-400-ml\\\/\",\"name\":\"Wilda Siberica Shampoo Oil Plex 400 ml - Zooland.az\",\"isPartOf\":{\"@id\":\"https:\\\/\\\/zoo-land.az\\\/#website\"},\"primaryImageOfPage\":{\"@id\":\"https:\\\/\\\/zoo-land.az\\\/ru\\\/shop\\\/cat\\\/cat-hygenic\\\/cat-hairwashes\\\/wilda-siberica-shampoo-oil-plex-400-ml\\\/#primaryimage\"},\"image\":{\"@id\":\"https:\\\/\\\/zoo-land.az\\\/ru\\\/shop\\\/cat\\\/cat-hygenic\\\/cat-hairwashes\\\/wilda-siberica-shampoo-oil-plex-400-ml\\\/#primaryimage\"},\"thumbnailUrl\":\"https:\\\/\\\/zoo-land.az\\\/wp-content\\\/uploads\\\/2024\\\/06\\\/5_3.png\",\"datePublished\":\"2024-06-21T06:46:17+00:00\",\"dateModified\":\"2024-06-21T06:46:33+00:00\",\"breadcrumb\":{\"@id\":\"https:\\\/\\\/zoo-land.az\\\/ru\\\/shop\\\/cat\\\/cat-hygenic\\\/cat-hairwashes\\\/wilda-siberica-shampoo-oil-plex-400-ml\\\/#breadcrumb\"},\"inLanguage\":\"az\",\"potentialAction\":[{\"@type\":\"ReadAction\",\"target\":[\"https:\\\/\\\/zoo-land.az\\\/ru\\\/shop\\\/cat\\\/cat-hygenic\\\/cat-hairwashes\\\/wilda-siberica-shampoo-oil-plex-400-ml\\\/\"]}]},{\"@type\":\"ImageObject\",\"inLanguage\":\"az\",\"@id\":\"https:\\\/\\\/zoo-land.az\\\/ru\\\/shop\\\/cat\\\/cat-hygenic\\\/cat-hairwashes\\\/wilda-siberica-shampoo-oil-plex-400-ml\\\/#primaryimage\",\"url\":\"https:\\\/\\\/zoo-land.az\\\/wp-content\\\/uploads\\\/2024\\\/06\\\/5_3.png\",\"contentUrl\":\"https:\\\/\\\/zoo-land.az\\\/wp-content\\\/uploads\\\/2024\\\/06\\\/5_3.png\",\"width\":5000,\"height\":5000},{\"@type\":\"BreadcrumbList\",\"@id\":\"https:\\\/\\\/zoo-land.az\\\/ru\\\/shop\\\/cat\\\/cat-hygenic\\\/cat-hairwashes\\\/wilda-siberica-shampoo-oil-plex-400-ml\\\/#breadcrumb\",\"itemListElement\":[{\"@type\":\"ListItem\",\"position\":1,\"name\":\"Home\",\"item\":\"https:\\\/\\\/zoo-land.az\\\/ru\\\/\"},{\"@type\":\"ListItem\",\"position\":2,\"name\":\"Shop\",\"item\":\"https:\\\/\\\/zoo-land.az\\\/ru\\\/\"},{\"@type\":\"ListItem\",\"position\":3,\"name\":\"Wilda Siberica Shampoo Oil Plex 400 ml\"}]},{\"@type\":\"WebSite\",\"@id\":\"https:\\\/\\\/zoo-land.az\\\/#website\",\"url\":\"https:\\\/\\\/zoo-land.az\\\/\",\"name\":\"Zooland.az\",\"description\":\"Xo\u015fb\u0259xt ev heyvanlar\u0131n\u0131n \u00fcnvan\u0131 Zooland.az\",\"publisher\":{\"@id\":\"https:\\\/\\\/zoo-land.az\\\/#organization\"},\"potentialAction\":[{\"@type\":\"SearchAction\",\"target\":{\"@type\":\"EntryPoint\",\"urlTemplate\":\"https:\\\/\\\/zoo-land.az\\\/?s={search_term_string}\"},\"query-input\":{\"@type\":\"PropertyValueSpecification\",\"valueRequired\":true,\"valueName\":\"search_term_string\"}}],\"inLanguage\":\"az\"},{\"@type\":\"Organization\",\"@id\":\"https:\\\/\\\/zoo-land.az\\\/#organization\",\"name\":\"Zooland.az\",\"url\":\"https:\\\/\\\/zoo-land.az\\\/\",\"logo\":{\"@type\":\"ImageObject\",\"inLanguage\":\"az\",\"@id\":\"https:\\\/\\\/zoo-land.az\\\/#\\\/schema\\\/logo\\\/image\\\/\",\"url\":\"https:\\\/\\\/zoo-land.az\\\/wp-content\\\/uploads\\\/2022\\\/05\\\/logo.svg\",\"contentUrl\":\"https:\\\/\\\/zoo-land.az\\\/wp-content\\\/uploads\\\/2022\\\/05\\\/logo.svg\",\"width\":113,\"height\":46,\"caption\":\"Zooland.az\"},\"image\":{\"@id\":\"https:\\\/\\\/zoo-land.az\\\/#\\\/schema\\\/logo\\\/image\\\/\"}}]}<\/script>\n<!-- \/ Yoast SEO plugin. -->","yoast_head_json":{"title":"Wilda Siberica Shampoo Oil Plex 400 ml - Zooland.az","robots":{"index":"index","follow":"follow","max-snippet":"max-snippet:-1","max-image-preview":"max-image-preview:large","max-video-preview":"max-video-preview:-1"},"canonical":"https:\/\/zoo-land.az\/az\/shop\/cat\/cat-hygenic\/cat-hairwashes\/wilda-siberica-shampoo-oil-plex-400-ml\/","og_locale":"az_AZ","og_type":"article","og_title":"Wilda Siberica Shampoo Oil Plex 400 ml - Zooland.az","og_description":"This mild shampoo is specially formulated for pets with dull fur. It contains oil extracted from the kernels of Siberian Scots pine that possess restructuring properties and provide renewed shine.","og_url":"https:\/\/zoo-land.az\/az\/shop\/cat\/cat-hygenic\/cat-hairwashes\/wilda-siberica-shampoo-oil-plex-400-ml\/","og_site_name":"Zooland.az","article_modified_time":"2024-06-21T06:46:33+00:00","og_image":[{"width":1024,"height":1024,"url":"https:\/\/zoo-land.az\/wp-content\/uploads\/2024\/06\/5_3-1024x1024.png","type":"image\/png"}],"twitter_card":"summary_large_image","twitter_misc":{"Est. reading time":"1 minute"},"schema":{"@context":"https:\/\/schema.org","@graph":[{"@type":"WebPage","@id":"https:\/\/zoo-land.az\/ru\/shop\/cat\/cat-hygenic\/cat-hairwashes\/wilda-siberica-shampoo-oil-plex-400-ml\/","url":"https:\/\/zoo-land.az\/ru\/shop\/cat\/cat-hygenic\/cat-hairwashes\/wilda-siberica-shampoo-oil-plex-400-ml\/","name":"Wilda Siberica Shampoo Oil Plex 400 ml - Zooland.az","isPartOf":{"@id":"https:\/\/zoo-land.az\/#website"},"primaryImageOfPage":{"@id":"https:\/\/zoo-land.az\/ru\/shop\/cat\/cat-hygenic\/cat-hairwashes\/wilda-siberica-shampoo-oil-plex-400-ml\/#primaryimage"},"image":{"@id":"https:\/\/zoo-land.az\/ru\/shop\/cat\/cat-hygenic\/cat-hairwashes\/wilda-siberica-shampoo-oil-plex-400-ml\/#primaryimage"},"thumbnailUrl":"https:\/\/zoo-land.az\/wp-content\/uploads\/2024\/06\/5_3.png","datePublished":"2024-06-21T06:46:17+00:00","dateModified":"2024-06-21T06:46:33+00:00","breadcrumb":{"@id":"https:\/\/zoo-land.az\/ru\/shop\/cat\/cat-hygenic\/cat-hairwashes\/wilda-siberica-shampoo-oil-plex-400-ml\/#breadcrumb"},"inLanguage":"az","potentialAction":[{"@type":"ReadAction","target":["https:\/\/zoo-land.az\/ru\/shop\/cat\/cat-hygenic\/cat-hairwashes\/wilda-siberica-shampoo-oil-plex-400-ml\/"]}]},{"@type":"ImageObject","inLanguage":"az","@id":"https:\/\/zoo-land.az\/ru\/shop\/cat\/cat-hygenic\/cat-hairwashes\/wilda-siberica-shampoo-oil-plex-400-ml\/#primaryimage","url":"https:\/\/zoo-land.az\/wp-content\/uploads\/2024\/06\/5_3.png","contentUrl":"https:\/\/zoo-land.az\/wp-content\/uploads\/2024\/06\/5_3.png","width":5000,"height":5000},{"@type":"BreadcrumbList","@id":"https:\/\/zoo-land.az\/ru\/shop\/cat\/cat-hygenic\/cat-hairwashes\/wilda-siberica-shampoo-oil-plex-400-ml\/#breadcrumb","itemListElement":[{"@type":"ListItem","position":1,"name":"Home","item":"https:\/\/zoo-land.az\/ru\/"},{"@type":"ListItem","position":2,"name":"Shop","item":"https:\/\/zoo-land.az\/ru\/"},{"@type":"ListItem","position":3,"name":"Wilda Siberica Shampoo Oil Plex 400 ml"}]},{"@type":"WebSite","@id":"https:\/\/zoo-land.az\/#website","url":"https:\/\/zoo-land.az\/","name":"Zooland.az","description":"Xo\u015fb\u0259xt ev heyvanlar\u0131n\u0131n \u00fcnvan\u0131 Zooland.az","publisher":{"@id":"https:\/\/zoo-land.az\/#organization"},"potentialAction":[{"@type":"SearchAction","target":{"@type":"EntryPoint","urlTemplate":"https:\/\/zoo-land.az\/?s={search_term_string}"},"query-input":{"@type":"PropertyValueSpecification","valueRequired":true,"valueName":"search_term_string"}}],"inLanguage":"az"},{"@type":"Organization","@id":"https:\/\/zoo-land.az\/#organization","name":"Zooland.az","url":"https:\/\/zoo-land.az\/","logo":{"@type":"ImageObject","inLanguage":"az","@id":"https:\/\/zoo-land.az\/#\/schema\/logo\/image\/","url":"https:\/\/zoo-land.az\/wp-content\/uploads\/2022\/05\/logo.svg","contentUrl":"https:\/\/zoo-land.az\/wp-content\/uploads\/2022\/05\/logo.svg","width":113,"height":46,"caption":"Zooland.az"},"image":{"@id":"https:\/\/zoo-land.az\/#\/schema\/logo\/image\/"}}]}},"_links":{"self":[{"href":"https:\/\/zoo-land.az\/az\/wp-json\/wp\/v2\/product\/24207","targetHints":{"allow":["GET"]}}],"collection":[{"href":"https:\/\/zoo-land.az\/az\/wp-json\/wp\/v2\/product"}],"about":[{"href":"https:\/\/zoo-land.az\/az\/wp-json\/wp\/v2\/types\/product"}],"wp:featuredmedia":[{"embeddable":true,"href":"https:\/\/zoo-land.az\/az\/wp-json\/wp\/v2\/media\/24208"}],"wp:attachment":[{"href":"https:\/\/zoo-land.az\/az\/wp-json\/wp\/v2\/media?parent=24207"}],"wp:term":[{"taxonomy":"product_cat","embeddable":true,"href":"https:\/\/zoo-land.az\/az\/wp-json\/wp\/v2\/product_cat?post=24207"},{"taxonomy":"product_tag","embeddable":true,"href":"https:\/\/zoo-land.az\/az\/wp-json\/wp\/v2\/product_tag?post=24207"}],"curies":[{"name":"wp","href":"https:\/\/api.w.org\/{rel}","templated":true}]}}