{"id":24219,"date":"2024-06-21T07:34:19","date_gmt":"2024-06-21T07:34:19","guid":{"rendered":"https:\/\/lightsteelblue-zebra-299715.hostingersite.com\/?post_type=product&#038;p=24219"},"modified":"2024-06-21T07:34:19","modified_gmt":"2024-06-21T07:34:19","slug":"wilda-siberica-conditioner-shed-control-400-ml","status":"publish","type":"product","link":"https:\/\/zoo-land.az\/az\/shop\/cat\/cat-hygenic\/cat-hairwashes\/wilda-siberica-conditioner-shed-control-400-ml\/","title":{"rendered":"Wilda Siberica Kondisioner Shed Control 400 ml"},"content":{"rendered":"<p><strong>BE STRONG, AS A SIBERIAN\u00a0 WOLF<\/strong><\/p>\n<p>ANIMALS BUT SUFFERING FROM EXCESS DRAINAGE.<\/p>\n<p>EXTRACTS AND OILS OF WILD SIBERIA<\/p>\n<p>Altai juniper<br \/>\nWild Siberian coin<br \/>\nCedar oil<\/p>\n<p>Altai juniper. In Siberia, wolves are happy to stand in the thicket of junipers. Their coat and skin are nourished with volatile oils, retinol and amino acids, which accelerate the process of renewal and regeneration. Pets living in cities do not have the opportunity to take such a \u201cbath\u201d. This shampoo based on juniper extract makes your pet\u2019s hair beautiful and dense.<\/p>\n<p><strong>SUITABLE FOR DOGS AND CATS<\/strong><\/p>\n<p>Wilda Siberica is a certified organic animal hair care series produced in ESTONIA!<\/p>\n<p>Shed control is a controlled organic conditioner for pets who suffer from excessive hair loss.<br \/>\n-Altai juniper grows in Siberia and wolves often like to stand in juniper groves. Their coat and skin are thus fed with essential oils, retinol and amino acids that accelerate the healing process of the skin and hair. Pets living in the city do not have the opportunity to enjoy such \u201cbaths\u201d. This shampoo with juniper extract will make your pet\u2019s hair beautiful and dense.<br \/>\n-Wild Siberian coin cools the skin and increases the microcirculation of oxygen and nutrients in the skin so that the hair roots are nourished, the coat becomes stronger and excessive hair loss is reduced.<br \/>\n-Organic cedar hydrolate softens the coat and adds shine.<\/p>\n<p>Use: use on damp hair after washing. Rub thoroughly into the coat. Rinse and repeat if necessary. Comb and brush the hair when it is dry.<\/p>\n<div class=\"product-chemicals\">\n<h3 class=\"product-chemicals-title\">Chemicals<\/h3>\n<ul class=\"product-chemicals-list list-dash\">\n<li class=\"product-chemicals-list-item\">0% parabens<\/li>\n<li class=\"product-chemicals-list-item\">0% SLES<\/li>\n<li class=\"product-chemicals-list-item\">0% SLS<\/li>\n<\/ul>\n<\/div>","protected":false},"excerpt":{"rendered":"<p><strong>BE STRONG, AS A SIBERIAN\u00a0 WOLF<\/strong><\/p>\n<p>ANIMALS BUT SUFFERING FROM EXCESS DRAINAGE.<\/p>\n<p>EXTRACTS AND OILS OF WILD SIBERIA<\/p>","protected":false},"featured_media":24220,"template":"","meta":{"inline_featured_image":false,"_joinchat":[]},"product_cat":[188,107,166,199,355,200],"product_tag":[],"class_list":{"0":"post-24219","1":"product","2":"type-product","3":"status-publish","4":"has-post-thumbnail","6":"product_brand-natura-siberica","7":"product_cat-cat","8":"product_cat-dog","9":"product_cat-dog-hygenic","10":"product_cat-cat-hygenic","11":"product_cat-shampoo","12":"product_cat-cat-hairwashes","14":"first","15":"instock","16":"shipping-taxable","17":"purchasable","18":"product-type-simple"},"yoast_head":"<!-- This site is optimized with the Yoast SEO plugin v27.4 - https:\/\/yoast.com\/product\/yoast-seo-wordpress\/ -->\n<title>Wilda Siberica Conditioner Shed Control 400 ml - Zooland.az<\/title>\n<meta name=\"robots\" content=\"index, follow, max-snippet:-1, max-image-preview:large, max-video-preview:-1\" \/>\n<link rel=\"canonical\" href=\"https:\/\/zoo-land.az\/az\/shop\/cat\/cat-hygenic\/cat-hairwashes\/wilda-siberica-conditioner-shed-control-400-ml\/\" \/>\n<meta property=\"og:locale\" content=\"az_AZ\" \/>\n<meta property=\"og:type\" content=\"article\" \/>\n<meta property=\"og:title\" content=\"Wilda Siberica Conditioner Shed Control 400 ml - Zooland.az\" \/>\n<meta property=\"og:description\" content=\"BE STRONG, AS A SIBERIAN\u00a0 WOLF  ANIMALS BUT SUFFERING FROM EXCESS DRAINAGE.  EXTRACTS AND OILS OF WILD SIBERIA\" \/>\n<meta property=\"og:url\" content=\"https:\/\/zoo-land.az\/az\/shop\/cat\/cat-hygenic\/cat-hairwashes\/wilda-siberica-conditioner-shed-control-400-ml\/\" \/>\n<meta property=\"og:site_name\" content=\"Zooland.az\" \/>\n<meta property=\"og:image\" content=\"https:\/\/zoo-land.az\/wp-content\/uploads\/2024\/06\/14-1024x1024.png\" \/>\n\t<meta property=\"og:image:width\" content=\"1024\" \/>\n\t<meta property=\"og:image:height\" content=\"1024\" \/>\n\t<meta property=\"og:image:type\" content=\"image\/png\" \/>\n<meta name=\"twitter:card\" content=\"summary_large_image\" \/>\n<meta name=\"twitter:label1\" content=\"Est. reading time\" \/>\n\t<meta name=\"twitter:data1\" content=\"2 minutes\" \/>\n<script type=\"application\/ld+json\" class=\"yoast-schema-graph\">{\"@context\":\"https:\\\/\\\/schema.org\",\"@graph\":[{\"@type\":\"WebPage\",\"@id\":\"https:\\\/\\\/zoo-land.az\\\/shop\\\/cat\\\/cat-hygenic\\\/cat-hairwashes\\\/wilda-siberica-conditioner-shed-control-400-ml\\\/\",\"url\":\"https:\\\/\\\/zoo-land.az\\\/shop\\\/cat\\\/cat-hygenic\\\/cat-hairwashes\\\/wilda-siberica-conditioner-shed-control-400-ml\\\/\",\"name\":\"Wilda Siberica Conditioner Shed Control 400 ml - Zooland.az\",\"isPartOf\":{\"@id\":\"https:\\\/\\\/zoo-land.az\\\/#website\"},\"primaryImageOfPage\":{\"@id\":\"https:\\\/\\\/zoo-land.az\\\/shop\\\/cat\\\/cat-hygenic\\\/cat-hairwashes\\\/wilda-siberica-conditioner-shed-control-400-ml\\\/#primaryimage\"},\"image\":{\"@id\":\"https:\\\/\\\/zoo-land.az\\\/shop\\\/cat\\\/cat-hygenic\\\/cat-hairwashes\\\/wilda-siberica-conditioner-shed-control-400-ml\\\/#primaryimage\"},\"thumbnailUrl\":\"https:\\\/\\\/zoo-land.az\\\/wp-content\\\/uploads\\\/2024\\\/06\\\/14.png\",\"datePublished\":\"2024-06-21T07:34:19+00:00\",\"breadcrumb\":{\"@id\":\"https:\\\/\\\/zoo-land.az\\\/shop\\\/cat\\\/cat-hygenic\\\/cat-hairwashes\\\/wilda-siberica-conditioner-shed-control-400-ml\\\/#breadcrumb\"},\"inLanguage\":\"az\",\"potentialAction\":[{\"@type\":\"ReadAction\",\"target\":[\"https:\\\/\\\/zoo-land.az\\\/shop\\\/cat\\\/cat-hygenic\\\/cat-hairwashes\\\/wilda-siberica-conditioner-shed-control-400-ml\\\/\"]}]},{\"@type\":\"ImageObject\",\"inLanguage\":\"az\",\"@id\":\"https:\\\/\\\/zoo-land.az\\\/shop\\\/cat\\\/cat-hygenic\\\/cat-hairwashes\\\/wilda-siberica-conditioner-shed-control-400-ml\\\/#primaryimage\",\"url\":\"https:\\\/\\\/zoo-land.az\\\/wp-content\\\/uploads\\\/2024\\\/06\\\/14.png\",\"contentUrl\":\"https:\\\/\\\/zoo-land.az\\\/wp-content\\\/uploads\\\/2024\\\/06\\\/14.png\",\"width\":5000,\"height\":5000},{\"@type\":\"BreadcrumbList\",\"@id\":\"https:\\\/\\\/zoo-land.az\\\/shop\\\/cat\\\/cat-hygenic\\\/cat-hairwashes\\\/wilda-siberica-conditioner-shed-control-400-ml\\\/#breadcrumb\",\"itemListElement\":[{\"@type\":\"ListItem\",\"position\":1,\"name\":\"Home\",\"item\":\"https:\\\/\\\/zoo-land.az\\\/ru\\\/\"},{\"@type\":\"ListItem\",\"position\":2,\"name\":\"Shop\",\"item\":\"https:\\\/\\\/zoo-land.az\\\/ru\\\/\"},{\"@type\":\"ListItem\",\"position\":3,\"name\":\"Wilda Siberica Conditioner Shed Control 400 ml\"}]},{\"@type\":\"WebSite\",\"@id\":\"https:\\\/\\\/zoo-land.az\\\/#website\",\"url\":\"https:\\\/\\\/zoo-land.az\\\/\",\"name\":\"Zooland.az\",\"description\":\"Xo\u015fb\u0259xt ev heyvanlar\u0131n\u0131n \u00fcnvan\u0131 Zooland.az\",\"publisher\":{\"@id\":\"https:\\\/\\\/zoo-land.az\\\/#organization\"},\"potentialAction\":[{\"@type\":\"SearchAction\",\"target\":{\"@type\":\"EntryPoint\",\"urlTemplate\":\"https:\\\/\\\/zoo-land.az\\\/?s={search_term_string}\"},\"query-input\":{\"@type\":\"PropertyValueSpecification\",\"valueRequired\":true,\"valueName\":\"search_term_string\"}}],\"inLanguage\":\"az\"},{\"@type\":\"Organization\",\"@id\":\"https:\\\/\\\/zoo-land.az\\\/#organization\",\"name\":\"Zooland.az\",\"url\":\"https:\\\/\\\/zoo-land.az\\\/\",\"logo\":{\"@type\":\"ImageObject\",\"inLanguage\":\"az\",\"@id\":\"https:\\\/\\\/zoo-land.az\\\/#\\\/schema\\\/logo\\\/image\\\/\",\"url\":\"https:\\\/\\\/zoo-land.az\\\/wp-content\\\/uploads\\\/2022\\\/05\\\/logo.svg\",\"contentUrl\":\"https:\\\/\\\/zoo-land.az\\\/wp-content\\\/uploads\\\/2022\\\/05\\\/logo.svg\",\"width\":113,\"height\":46,\"caption\":\"Zooland.az\"},\"image\":{\"@id\":\"https:\\\/\\\/zoo-land.az\\\/#\\\/schema\\\/logo\\\/image\\\/\"}}]}<\/script>\n<!-- \/ Yoast SEO plugin. -->","yoast_head_json":{"title":"Wilda Siberica Conditioner Shed Control 400 ml - Zooland.az","robots":{"index":"index","follow":"follow","max-snippet":"max-snippet:-1","max-image-preview":"max-image-preview:large","max-video-preview":"max-video-preview:-1"},"canonical":"https:\/\/zoo-land.az\/az\/shop\/cat\/cat-hygenic\/cat-hairwashes\/wilda-siberica-conditioner-shed-control-400-ml\/","og_locale":"az_AZ","og_type":"article","og_title":"Wilda Siberica Conditioner Shed Control 400 ml - Zooland.az","og_description":"BE STRONG, AS A SIBERIAN\u00a0 WOLF  ANIMALS BUT SUFFERING FROM EXCESS DRAINAGE.  EXTRACTS AND OILS OF WILD SIBERIA","og_url":"https:\/\/zoo-land.az\/az\/shop\/cat\/cat-hygenic\/cat-hairwashes\/wilda-siberica-conditioner-shed-control-400-ml\/","og_site_name":"Zooland.az","og_image":[{"width":1024,"height":1024,"url":"https:\/\/zoo-land.az\/wp-content\/uploads\/2024\/06\/14-1024x1024.png","type":"image\/png"}],"twitter_card":"summary_large_image","twitter_misc":{"Est. reading time":"2 minutes"},"schema":{"@context":"https:\/\/schema.org","@graph":[{"@type":"WebPage","@id":"https:\/\/zoo-land.az\/shop\/cat\/cat-hygenic\/cat-hairwashes\/wilda-siberica-conditioner-shed-control-400-ml\/","url":"https:\/\/zoo-land.az\/shop\/cat\/cat-hygenic\/cat-hairwashes\/wilda-siberica-conditioner-shed-control-400-ml\/","name":"Wilda Siberica Conditioner Shed Control 400 ml - Zooland.az","isPartOf":{"@id":"https:\/\/zoo-land.az\/#website"},"primaryImageOfPage":{"@id":"https:\/\/zoo-land.az\/shop\/cat\/cat-hygenic\/cat-hairwashes\/wilda-siberica-conditioner-shed-control-400-ml\/#primaryimage"},"image":{"@id":"https:\/\/zoo-land.az\/shop\/cat\/cat-hygenic\/cat-hairwashes\/wilda-siberica-conditioner-shed-control-400-ml\/#primaryimage"},"thumbnailUrl":"https:\/\/zoo-land.az\/wp-content\/uploads\/2024\/06\/14.png","datePublished":"2024-06-21T07:34:19+00:00","breadcrumb":{"@id":"https:\/\/zoo-land.az\/shop\/cat\/cat-hygenic\/cat-hairwashes\/wilda-siberica-conditioner-shed-control-400-ml\/#breadcrumb"},"inLanguage":"az","potentialAction":[{"@type":"ReadAction","target":["https:\/\/zoo-land.az\/shop\/cat\/cat-hygenic\/cat-hairwashes\/wilda-siberica-conditioner-shed-control-400-ml\/"]}]},{"@type":"ImageObject","inLanguage":"az","@id":"https:\/\/zoo-land.az\/shop\/cat\/cat-hygenic\/cat-hairwashes\/wilda-siberica-conditioner-shed-control-400-ml\/#primaryimage","url":"https:\/\/zoo-land.az\/wp-content\/uploads\/2024\/06\/14.png","contentUrl":"https:\/\/zoo-land.az\/wp-content\/uploads\/2024\/06\/14.png","width":5000,"height":5000},{"@type":"BreadcrumbList","@id":"https:\/\/zoo-land.az\/shop\/cat\/cat-hygenic\/cat-hairwashes\/wilda-siberica-conditioner-shed-control-400-ml\/#breadcrumb","itemListElement":[{"@type":"ListItem","position":1,"name":"Home","item":"https:\/\/zoo-land.az\/ru\/"},{"@type":"ListItem","position":2,"name":"Shop","item":"https:\/\/zoo-land.az\/ru\/"},{"@type":"ListItem","position":3,"name":"Wilda Siberica Conditioner Shed Control 400 ml"}]},{"@type":"WebSite","@id":"https:\/\/zoo-land.az\/#website","url":"https:\/\/zoo-land.az\/","name":"Zooland.az","description":"Xo\u015fb\u0259xt ev heyvanlar\u0131n\u0131n \u00fcnvan\u0131 Zooland.az","publisher":{"@id":"https:\/\/zoo-land.az\/#organization"},"potentialAction":[{"@type":"SearchAction","target":{"@type":"EntryPoint","urlTemplate":"https:\/\/zoo-land.az\/?s={search_term_string}"},"query-input":{"@type":"PropertyValueSpecification","valueRequired":true,"valueName":"search_term_string"}}],"inLanguage":"az"},{"@type":"Organization","@id":"https:\/\/zoo-land.az\/#organization","name":"Zooland.az","url":"https:\/\/zoo-land.az\/","logo":{"@type":"ImageObject","inLanguage":"az","@id":"https:\/\/zoo-land.az\/#\/schema\/logo\/image\/","url":"https:\/\/zoo-land.az\/wp-content\/uploads\/2022\/05\/logo.svg","contentUrl":"https:\/\/zoo-land.az\/wp-content\/uploads\/2022\/05\/logo.svg","width":113,"height":46,"caption":"Zooland.az"},"image":{"@id":"https:\/\/zoo-land.az\/#\/schema\/logo\/image\/"}}]}},"_links":{"self":[{"href":"https:\/\/zoo-land.az\/az\/wp-json\/wp\/v2\/product\/24219","targetHints":{"allow":["GET"]}}],"collection":[{"href":"https:\/\/zoo-land.az\/az\/wp-json\/wp\/v2\/product"}],"about":[{"href":"https:\/\/zoo-land.az\/az\/wp-json\/wp\/v2\/types\/product"}],"wp:featuredmedia":[{"embeddable":true,"href":"https:\/\/zoo-land.az\/az\/wp-json\/wp\/v2\/media\/24220"}],"wp:attachment":[{"href":"https:\/\/zoo-land.az\/az\/wp-json\/wp\/v2\/media?parent=24219"}],"wp:term":[{"taxonomy":"product_cat","embeddable":true,"href":"https:\/\/zoo-land.az\/az\/wp-json\/wp\/v2\/product_cat?post=24219"},{"taxonomy":"product_tag","embeddable":true,"href":"https:\/\/zoo-land.az\/az\/wp-json\/wp\/v2\/product_tag?post=24219"}],"curies":[{"name":"wp","href":"https:\/\/api.w.org\/{rel}","templated":true}]}}