{"id":24223,"date":"2024-06-21T07:41:57","date_gmt":"2024-06-21T07:41:57","guid":{"rendered":"https:\/\/lightsteelblue-zebra-299715.hostingersite.com\/?post_type=product&#038;p=24223"},"modified":"2024-06-21T07:41:57","modified_gmt":"2024-06-21T07:41:57","slug":"wilda-siberica-pet-spray-detangling-250-ml","status":"publish","type":"product","link":"https:\/\/zoo-land.az\/az\/shop\/cat\/cat-hygenic\/cat-ceams-sprays\/wilda-siberica-pet-spray-detangling-250-ml\/","title":{"rendered":"Wilda Siberica Pet Sprey Dola\u015fan 250 ml"},"content":{"rendered":"<p><strong>BE SMOOTH AS AN AMUR TIGER<\/strong><\/p>\n<p>for LONG and MEDIUM coats. ENSURE EASY and CAREFUL DETANGLING.<\/p>\n<p>WILD SIBERIAN HERBS\u2019 EXTRACTS AND OILS<\/p>\n<p>Wild Amur Velvet<br \/>\nSiberian Ginseng<br \/>\nCedar Oil<br \/>\nRhodiola Rosea Hydrolate<\/p>\n<p>Wild Amur Velvet trees form a natural living environment for tigers. They like to rest where it grows and rub their coats on its bark. A tiger can also eat berries from the tree. Amur velvet is rich in vitamins, essential oils, and polysaccharides. They nourish the tiger\u2019s coat. Siberian Ginseng is filled with \u0410, \u0412, and C vitamins and organic acids that moisturise the coat, making it fresh and easy to detangle.<br \/>\nDirections for use Apply: a generous amount of spray onto the coat and skin. Brush pet\u2019s coat. Do not rinse.<\/p>\n<p><strong>SUITABLE FOR DOGS AND CATS<\/strong><\/p>\n<p>Wilda Siberica is a certified organic animal hair care series produced in ESTONIA!<\/p>\n<p>Organic anti-sweat spray for pet care. For medium to long coat pets. Provides easier combability.<\/p>\n<p>BASED ON SIBERIAN HERBS \u2013 Wild Amur cork, Siberian ginseng extract, Cedar oil<\/p>\n<p>To use: Apply more spray to coat &amp; skin, then comb. No rinsing required.<\/p>\n<div class=\"product-chemicals\">\n<h3 class=\"product-chemicals-title\">Chemicals<\/h3>\n<ul class=\"product-chemicals-list list-dash\">\n<li class=\"product-chemicals-list-item\">0% parabens<\/li>\n<li class=\"product-chemicals-list-item\">0% SLES<\/li>\n<li class=\"product-chemicals-list-item\">0% SLS<\/li>\n<\/ul>\n<\/div>","protected":false},"excerpt":{"rendered":"<p><strong>BE SMOOTH AS AN AMUR TIGER<\/strong><\/p>\n<p>for LONG and MEDIUM coats. ENSURE EASY and CAREFUL DETANGLING.<\/p>\n<p>WILD SIBERIAN HERBS\u2019 EXTRACTS AND OILS<\/p>","protected":false},"featured_media":24224,"template":"","meta":{"inline_featured_image":false,"_joinchat":[]},"product_cat":[208,174,188,107,166,199],"product_tag":[],"class_list":{"0":"post-24223","1":"product","2":"type-product","3":"status-publish","4":"has-post-thumbnail","6":"product_brand-natura-siberica","7":"product_cat-cat-ceams-sprays","8":"product_cat-dog-creams-sprays","9":"product_cat-cat","10":"product_cat-dog","11":"product_cat-dog-hygenic","12":"product_cat-cat-hygenic","14":"first","15":"instock","16":"shipping-taxable","17":"purchasable","18":"product-type-simple"},"yoast_head":"<!-- This site is optimized with the Yoast SEO plugin v26.7 - https:\/\/yoast.com\/wordpress\/plugins\/seo\/ -->\n<title>Wilda Siberica Pet Spray Detangling 250 ml - Zooland.az<\/title>\n<meta name=\"robots\" content=\"index, follow, max-snippet:-1, max-image-preview:large, max-video-preview:-1\" \/>\n<link rel=\"canonical\" href=\"https:\/\/zoo-land.az\/az\/shop\/cat\/cat-hygenic\/cat-ceams-sprays\/wilda-siberica-pet-spray-detangling-250-ml\/\" \/>\n<meta property=\"og:locale\" content=\"az_AZ\" \/>\n<meta property=\"og:type\" content=\"article\" \/>\n<meta property=\"og:title\" content=\"Wilda Siberica Pet Spray Detangling 250 ml - Zooland.az\" \/>\n<meta property=\"og:description\" content=\"BE SMOOTH AS AN AMUR TIGER  for LONG and MEDIUM coats. ENSURE EASY and CAREFUL DETANGLING.  WILD SIBERIAN HERBS\u2019 EXTRACTS AND OILS\" \/>\n<meta property=\"og:url\" content=\"https:\/\/zoo-land.az\/az\/shop\/cat\/cat-hygenic\/cat-ceams-sprays\/wilda-siberica-pet-spray-detangling-250-ml\/\" \/>\n<meta property=\"og:site_name\" content=\"Zooland.az\" \/>\n<meta property=\"og:image\" content=\"https:\/\/zoo-land.az\/wp-content\/uploads\/2024\/06\/19-1024x1024.png\" \/>\n\t<meta property=\"og:image:width\" content=\"1024\" \/>\n\t<meta property=\"og:image:height\" content=\"1024\" \/>\n\t<meta property=\"og:image:type\" content=\"image\/png\" \/>\n<meta name=\"twitter:card\" content=\"summary_large_image\" \/>\n<meta name=\"twitter:label1\" content=\"Est. reading time\" \/>\n\t<meta name=\"twitter:data1\" content=\"2 minutes\" \/>\n<script type=\"application\/ld+json\" class=\"yoast-schema-graph\">{\"@context\":\"https:\/\/schema.org\",\"@graph\":[{\"@type\":\"WebPage\",\"@id\":\"https:\/\/zoo-land.az\/az\/shop\/cat\/cat-hygenic\/cat-ceams-sprays\/wilda-siberica-pet-spray-detangling-250-ml\/\",\"url\":\"https:\/\/zoo-land.az\/az\/shop\/cat\/cat-hygenic\/cat-ceams-sprays\/wilda-siberica-pet-spray-detangling-250-ml\/\",\"name\":\"Wilda Siberica Pet Spray Detangling 250 ml - Zooland.az\",\"isPartOf\":{\"@id\":\"https:\/\/zoo-land.az\/#website\"},\"primaryImageOfPage\":{\"@id\":\"https:\/\/zoo-land.az\/az\/shop\/cat\/cat-hygenic\/cat-ceams-sprays\/wilda-siberica-pet-spray-detangling-250-ml\/#primaryimage\"},\"image\":{\"@id\":\"https:\/\/zoo-land.az\/az\/shop\/cat\/cat-hygenic\/cat-ceams-sprays\/wilda-siberica-pet-spray-detangling-250-ml\/#primaryimage\"},\"thumbnailUrl\":\"https:\/\/zoo-land.az\/wp-content\/uploads\/2024\/06\/19.png\",\"datePublished\":\"2024-06-21T07:41:57+00:00\",\"breadcrumb\":{\"@id\":\"https:\/\/zoo-land.az\/az\/shop\/cat\/cat-hygenic\/cat-ceams-sprays\/wilda-siberica-pet-spray-detangling-250-ml\/#breadcrumb\"},\"inLanguage\":\"az\",\"potentialAction\":[{\"@type\":\"ReadAction\",\"target\":[\"https:\/\/zoo-land.az\/az\/shop\/cat\/cat-hygenic\/cat-ceams-sprays\/wilda-siberica-pet-spray-detangling-250-ml\/\"]}]},{\"@type\":\"ImageObject\",\"inLanguage\":\"az\",\"@id\":\"https:\/\/zoo-land.az\/az\/shop\/cat\/cat-hygenic\/cat-ceams-sprays\/wilda-siberica-pet-spray-detangling-250-ml\/#primaryimage\",\"url\":\"https:\/\/zoo-land.az\/wp-content\/uploads\/2024\/06\/19.png\",\"contentUrl\":\"https:\/\/zoo-land.az\/wp-content\/uploads\/2024\/06\/19.png\",\"width\":5000,\"height\":5000},{\"@type\":\"BreadcrumbList\",\"@id\":\"https:\/\/zoo-land.az\/az\/shop\/cat\/cat-hygenic\/cat-ceams-sprays\/wilda-siberica-pet-spray-detangling-250-ml\/#breadcrumb\",\"itemListElement\":[{\"@type\":\"ListItem\",\"position\":1,\"name\":\"Home\",\"item\":\"https:\/\/zoo-land.az\/ru\/\"},{\"@type\":\"ListItem\",\"position\":2,\"name\":\"Shop\",\"item\":\"https:\/\/zoo-land.az\/ru\/\"},{\"@type\":\"ListItem\",\"position\":3,\"name\":\"Wilda Siberica Pet Spray Detangling 250 ml\"}]},{\"@type\":\"WebSite\",\"@id\":\"https:\/\/zoo-land.az\/#website\",\"url\":\"https:\/\/zoo-land.az\/\",\"name\":\"Zooland.az\",\"description\":\"Xo\u015fb\u0259xt ev heyvanlar\u0131n\u0131n \u00fcnvan\u0131 Zooland.az\",\"publisher\":{\"@id\":\"https:\/\/zoo-land.az\/#organization\"},\"potentialAction\":[{\"@type\":\"SearchAction\",\"target\":{\"@type\":\"EntryPoint\",\"urlTemplate\":\"https:\/\/zoo-land.az\/?s={search_term_string}\"},\"query-input\":{\"@type\":\"PropertyValueSpecification\",\"valueRequired\":true,\"valueName\":\"search_term_string\"}}],\"inLanguage\":\"az\"},{\"@type\":\"Organization\",\"@id\":\"https:\/\/zoo-land.az\/#organization\",\"name\":\"Zooland.az\",\"url\":\"https:\/\/zoo-land.az\/\",\"logo\":{\"@type\":\"ImageObject\",\"inLanguage\":\"az\",\"@id\":\"https:\/\/zoo-land.az\/#\/schema\/logo\/image\/\",\"url\":\"https:\/\/zoo-land.az\/wp-content\/uploads\/2022\/05\/logo.svg\",\"contentUrl\":\"https:\/\/zoo-land.az\/wp-content\/uploads\/2022\/05\/logo.svg\",\"width\":113,\"height\":46,\"caption\":\"Zooland.az\"},\"image\":{\"@id\":\"https:\/\/zoo-land.az\/#\/schema\/logo\/image\/\"}}]}<\/script>\n<!-- \/ Yoast SEO plugin. -->","yoast_head_json":{"title":"Wilda Siberica Pet Spray Detangling 250 ml - Zooland.az","robots":{"index":"index","follow":"follow","max-snippet":"max-snippet:-1","max-image-preview":"max-image-preview:large","max-video-preview":"max-video-preview:-1"},"canonical":"https:\/\/zoo-land.az\/az\/shop\/cat\/cat-hygenic\/cat-ceams-sprays\/wilda-siberica-pet-spray-detangling-250-ml\/","og_locale":"az_AZ","og_type":"article","og_title":"Wilda Siberica Pet Spray Detangling 250 ml - Zooland.az","og_description":"BE SMOOTH AS AN AMUR TIGER  for LONG and MEDIUM coats. ENSURE EASY and CAREFUL DETANGLING.  WILD SIBERIAN HERBS\u2019 EXTRACTS AND OILS","og_url":"https:\/\/zoo-land.az\/az\/shop\/cat\/cat-hygenic\/cat-ceams-sprays\/wilda-siberica-pet-spray-detangling-250-ml\/","og_site_name":"Zooland.az","og_image":[{"width":1024,"height":1024,"url":"https:\/\/zoo-land.az\/wp-content\/uploads\/2024\/06\/19-1024x1024.png","type":"image\/png"}],"twitter_card":"summary_large_image","twitter_misc":{"Est. reading time":"2 minutes"},"schema":{"@context":"https:\/\/schema.org","@graph":[{"@type":"WebPage","@id":"https:\/\/zoo-land.az\/az\/shop\/cat\/cat-hygenic\/cat-ceams-sprays\/wilda-siberica-pet-spray-detangling-250-ml\/","url":"https:\/\/zoo-land.az\/az\/shop\/cat\/cat-hygenic\/cat-ceams-sprays\/wilda-siberica-pet-spray-detangling-250-ml\/","name":"Wilda Siberica Pet Spray Detangling 250 ml - Zooland.az","isPartOf":{"@id":"https:\/\/zoo-land.az\/#website"},"primaryImageOfPage":{"@id":"https:\/\/zoo-land.az\/az\/shop\/cat\/cat-hygenic\/cat-ceams-sprays\/wilda-siberica-pet-spray-detangling-250-ml\/#primaryimage"},"image":{"@id":"https:\/\/zoo-land.az\/az\/shop\/cat\/cat-hygenic\/cat-ceams-sprays\/wilda-siberica-pet-spray-detangling-250-ml\/#primaryimage"},"thumbnailUrl":"https:\/\/zoo-land.az\/wp-content\/uploads\/2024\/06\/19.png","datePublished":"2024-06-21T07:41:57+00:00","breadcrumb":{"@id":"https:\/\/zoo-land.az\/az\/shop\/cat\/cat-hygenic\/cat-ceams-sprays\/wilda-siberica-pet-spray-detangling-250-ml\/#breadcrumb"},"inLanguage":"az","potentialAction":[{"@type":"ReadAction","target":["https:\/\/zoo-land.az\/az\/shop\/cat\/cat-hygenic\/cat-ceams-sprays\/wilda-siberica-pet-spray-detangling-250-ml\/"]}]},{"@type":"ImageObject","inLanguage":"az","@id":"https:\/\/zoo-land.az\/az\/shop\/cat\/cat-hygenic\/cat-ceams-sprays\/wilda-siberica-pet-spray-detangling-250-ml\/#primaryimage","url":"https:\/\/zoo-land.az\/wp-content\/uploads\/2024\/06\/19.png","contentUrl":"https:\/\/zoo-land.az\/wp-content\/uploads\/2024\/06\/19.png","width":5000,"height":5000},{"@type":"BreadcrumbList","@id":"https:\/\/zoo-land.az\/az\/shop\/cat\/cat-hygenic\/cat-ceams-sprays\/wilda-siberica-pet-spray-detangling-250-ml\/#breadcrumb","itemListElement":[{"@type":"ListItem","position":1,"name":"Home","item":"https:\/\/zoo-land.az\/ru\/"},{"@type":"ListItem","position":2,"name":"Shop","item":"https:\/\/zoo-land.az\/ru\/"},{"@type":"ListItem","position":3,"name":"Wilda Siberica Pet Spray Detangling 250 ml"}]},{"@type":"WebSite","@id":"https:\/\/zoo-land.az\/#website","url":"https:\/\/zoo-land.az\/","name":"Zooland.az","description":"Xo\u015fb\u0259xt ev heyvanlar\u0131n\u0131n \u00fcnvan\u0131 Zooland.az","publisher":{"@id":"https:\/\/zoo-land.az\/#organization"},"potentialAction":[{"@type":"SearchAction","target":{"@type":"EntryPoint","urlTemplate":"https:\/\/zoo-land.az\/?s={search_term_string}"},"query-input":{"@type":"PropertyValueSpecification","valueRequired":true,"valueName":"search_term_string"}}],"inLanguage":"az"},{"@type":"Organization","@id":"https:\/\/zoo-land.az\/#organization","name":"Zooland.az","url":"https:\/\/zoo-land.az\/","logo":{"@type":"ImageObject","inLanguage":"az","@id":"https:\/\/zoo-land.az\/#\/schema\/logo\/image\/","url":"https:\/\/zoo-land.az\/wp-content\/uploads\/2022\/05\/logo.svg","contentUrl":"https:\/\/zoo-land.az\/wp-content\/uploads\/2022\/05\/logo.svg","width":113,"height":46,"caption":"Zooland.az"},"image":{"@id":"https:\/\/zoo-land.az\/#\/schema\/logo\/image\/"}}]}},"_links":{"self":[{"href":"https:\/\/zoo-land.az\/az\/wp-json\/wp\/v2\/product\/24223","targetHints":{"allow":["GET"]}}],"collection":[{"href":"https:\/\/zoo-land.az\/az\/wp-json\/wp\/v2\/product"}],"about":[{"href":"https:\/\/zoo-land.az\/az\/wp-json\/wp\/v2\/types\/product"}],"wp:featuredmedia":[{"embeddable":true,"href":"https:\/\/zoo-land.az\/az\/wp-json\/wp\/v2\/media\/24224"}],"wp:attachment":[{"href":"https:\/\/zoo-land.az\/az\/wp-json\/wp\/v2\/media?parent=24223"}],"wp:term":[{"taxonomy":"product_cat","embeddable":true,"href":"https:\/\/zoo-land.az\/az\/wp-json\/wp\/v2\/product_cat?post=24223"},{"taxonomy":"product_tag","embeddable":true,"href":"https:\/\/zoo-land.az\/az\/wp-json\/wp\/v2\/product_tag?post=24223"}],"curies":[{"name":"wp","href":"https:\/\/api.w.org\/{rel}","templated":true}]}}