{"id":24229,"date":"2024-06-21T08:00:01","date_gmt":"2024-06-21T08:00:01","guid":{"rendered":"https:\/\/lightsteelblue-zebra-299715.hostingersite.com\/?post_type=product&#038;p=24229"},"modified":"2024-06-21T08:00:01","modified_gmt":"2024-06-21T08:00:01","slug":"amiplay-bag-classic-s-carrier-bag-brown","status":"publish","type":"product","link":"https:\/\/zoo-land.az\/az\/shop\/dog\/dog-bags-containers\/amiplay-bag-classic-s-carrier-bag-brown\/","title":{"rendered":"Amiplay \u00c7anta Classic S Ta\u015f\u0131y\u0131c\u0131 \u00c7anta q\u0259hv\u0259yi"},"content":{"rendered":"<p>A stylish carrier bag for transporting pets is ideal for travel, exhibitions, or vet visits.<\/p>\n<p>Made from thick soft foam and carefully selected high-quality materials (100% polyester with polyurethane).<\/p>\n<p>Fabric bags are the perfect means of transporting pets, easy to carry by hand, place in a stroller, or fit into a suitcase. These bags can be used for cats, small breed dogs, rabbits, and other small pets. Fabric bags can be either closed or open. Closed bags ensure that the pet does not escape during the trip, does not interfere with driving, and is easier to monitor. These bags usually open from multiple sides for convenient placement and removal of the pet. They also come with various adjustable straps to secure the pet inside and allow the owner to carry it by the top, wear it on the shoulders, or transport it in a suitcase, depending on their needs. Fabric bags provide good ventilation, and the pet can see everything around. To make your pet even more relaxed during travel, you can add their favorite cushions, toys, and other accessories to the carrier bag to make them feel at home.<\/p>","protected":false},"excerpt":{"rendered":"<p>A stylish carrier bag for transporting pets is ideal for travel, exhibitions, or vet visits.<\/p>","protected":false},"featured_media":24230,"template":"","meta":{"inline_featured_image":false,"_joinchat":[]},"product_cat":[157,107],"product_tag":[],"class_list":{"0":"post-24229","1":"product","2":"type-product","3":"status-publish","4":"has-post-thumbnail","6":"product_brand-amiplay","7":"product_cat-dog-bags-containers","8":"product_cat-dog","10":"first","11":"instock","12":"shipping-taxable","13":"purchasable","14":"product-type-simple"},"yoast_head":"<!-- This site is optimized with the Yoast SEO plugin v26.7 - https:\/\/yoast.com\/wordpress\/plugins\/seo\/ -->\n<title>Amiplay Bag Classic S Carrier Bag brown - Zooland.az<\/title>\n<meta name=\"robots\" content=\"index, follow, max-snippet:-1, max-image-preview:large, max-video-preview:-1\" \/>\n<link rel=\"canonical\" href=\"https:\/\/zoo-land.az\/az\/shop\/dog\/dog-bags-containers\/amiplay-bag-classic-s-carrier-bag-brown\/\" \/>\n<meta property=\"og:locale\" content=\"az_AZ\" \/>\n<meta property=\"og:type\" content=\"article\" \/>\n<meta property=\"og:title\" content=\"Amiplay Bag Classic S Carrier Bag brown - Zooland.az\" \/>\n<meta property=\"og:description\" content=\"A stylish carrier bag for transporting pets is ideal for travel, exhibitions, or vet visits.\" \/>\n<meta property=\"og:url\" content=\"https:\/\/zoo-land.az\/az\/shop\/dog\/dog-bags-containers\/amiplay-bag-classic-s-carrier-bag-brown\/\" \/>\n<meta property=\"og:site_name\" content=\"Zooland.az\" \/>\n<meta property=\"og:image\" content=\"https:\/\/zoo-land.az\/wp-content\/uploads\/2024\/06\/455717-c1172ca8677b086731469f04fc43ca69.jpg\" \/>\n\t<meta property=\"og:image:width\" content=\"840\" \/>\n\t<meta property=\"og:image:height\" content=\"840\" \/>\n\t<meta property=\"og:image:type\" content=\"image\/jpeg\" \/>\n<meta name=\"twitter:card\" content=\"summary_large_image\" \/>\n<meta name=\"twitter:label1\" content=\"Est. reading time\" \/>\n\t<meta name=\"twitter:data1\" content=\"2 minutes\" \/>\n<script type=\"application\/ld+json\" class=\"yoast-schema-graph\">{\"@context\":\"https:\/\/schema.org\",\"@graph\":[{\"@type\":\"WebPage\",\"@id\":\"https:\/\/zoo-land.az\/ru\/shop\/dog\/dog-bags-containers\/amiplay-bag-classic-s-carrier-bag-brown\/\",\"url\":\"https:\/\/zoo-land.az\/ru\/shop\/dog\/dog-bags-containers\/amiplay-bag-classic-s-carrier-bag-brown\/\",\"name\":\"Amiplay Bag Classic S Carrier Bag brown - Zooland.az\",\"isPartOf\":{\"@id\":\"https:\/\/zoo-land.az\/#website\"},\"primaryImageOfPage\":{\"@id\":\"https:\/\/zoo-land.az\/ru\/shop\/dog\/dog-bags-containers\/amiplay-bag-classic-s-carrier-bag-brown\/#primaryimage\"},\"image\":{\"@id\":\"https:\/\/zoo-land.az\/ru\/shop\/dog\/dog-bags-containers\/amiplay-bag-classic-s-carrier-bag-brown\/#primaryimage\"},\"thumbnailUrl\":\"https:\/\/zoo-land.az\/wp-content\/uploads\/2024\/06\/455717-c1172ca8677b086731469f04fc43ca69.jpg\",\"datePublished\":\"2024-06-21T08:00:01+00:00\",\"breadcrumb\":{\"@id\":\"https:\/\/zoo-land.az\/ru\/shop\/dog\/dog-bags-containers\/amiplay-bag-classic-s-carrier-bag-brown\/#breadcrumb\"},\"inLanguage\":\"az\",\"potentialAction\":[{\"@type\":\"ReadAction\",\"target\":[\"https:\/\/zoo-land.az\/ru\/shop\/dog\/dog-bags-containers\/amiplay-bag-classic-s-carrier-bag-brown\/\"]}]},{\"@type\":\"ImageObject\",\"inLanguage\":\"az\",\"@id\":\"https:\/\/zoo-land.az\/ru\/shop\/dog\/dog-bags-containers\/amiplay-bag-classic-s-carrier-bag-brown\/#primaryimage\",\"url\":\"https:\/\/zoo-land.az\/wp-content\/uploads\/2024\/06\/455717-c1172ca8677b086731469f04fc43ca69.jpg\",\"contentUrl\":\"https:\/\/zoo-land.az\/wp-content\/uploads\/2024\/06\/455717-c1172ca8677b086731469f04fc43ca69.jpg\",\"width\":840,\"height\":840},{\"@type\":\"BreadcrumbList\",\"@id\":\"https:\/\/zoo-land.az\/ru\/shop\/dog\/dog-bags-containers\/amiplay-bag-classic-s-carrier-bag-brown\/#breadcrumb\",\"itemListElement\":[{\"@type\":\"ListItem\",\"position\":1,\"name\":\"Home\",\"item\":\"https:\/\/zoo-land.az\/ru\/\"},{\"@type\":\"ListItem\",\"position\":2,\"name\":\"Shop\",\"item\":\"https:\/\/zoo-land.az\/ru\/\"},{\"@type\":\"ListItem\",\"position\":3,\"name\":\"Amiplay Bag Classic S Carrier Bag brown\"}]},{\"@type\":\"WebSite\",\"@id\":\"https:\/\/zoo-land.az\/#website\",\"url\":\"https:\/\/zoo-land.az\/\",\"name\":\"Zooland.az\",\"description\":\"Xo\u015fb\u0259xt ev heyvanlar\u0131n\u0131n \u00fcnvan\u0131 Zooland.az\",\"publisher\":{\"@id\":\"https:\/\/zoo-land.az\/#organization\"},\"potentialAction\":[{\"@type\":\"SearchAction\",\"target\":{\"@type\":\"EntryPoint\",\"urlTemplate\":\"https:\/\/zoo-land.az\/?s={search_term_string}\"},\"query-input\":{\"@type\":\"PropertyValueSpecification\",\"valueRequired\":true,\"valueName\":\"search_term_string\"}}],\"inLanguage\":\"az\"},{\"@type\":\"Organization\",\"@id\":\"https:\/\/zoo-land.az\/#organization\",\"name\":\"Zooland.az\",\"url\":\"https:\/\/zoo-land.az\/\",\"logo\":{\"@type\":\"ImageObject\",\"inLanguage\":\"az\",\"@id\":\"https:\/\/zoo-land.az\/#\/schema\/logo\/image\/\",\"url\":\"https:\/\/zoo-land.az\/wp-content\/uploads\/2022\/05\/logo.svg\",\"contentUrl\":\"https:\/\/zoo-land.az\/wp-content\/uploads\/2022\/05\/logo.svg\",\"width\":113,\"height\":46,\"caption\":\"Zooland.az\"},\"image\":{\"@id\":\"https:\/\/zoo-land.az\/#\/schema\/logo\/image\/\"}}]}<\/script>\n<!-- \/ Yoast SEO plugin. -->","yoast_head_json":{"title":"Amiplay Bag Classic S Carrier Bag brown - Zooland.az","robots":{"index":"index","follow":"follow","max-snippet":"max-snippet:-1","max-image-preview":"max-image-preview:large","max-video-preview":"max-video-preview:-1"},"canonical":"https:\/\/zoo-land.az\/az\/shop\/dog\/dog-bags-containers\/amiplay-bag-classic-s-carrier-bag-brown\/","og_locale":"az_AZ","og_type":"article","og_title":"Amiplay Bag Classic S Carrier Bag brown - Zooland.az","og_description":"A stylish carrier bag for transporting pets is ideal for travel, exhibitions, or vet visits.","og_url":"https:\/\/zoo-land.az\/az\/shop\/dog\/dog-bags-containers\/amiplay-bag-classic-s-carrier-bag-brown\/","og_site_name":"Zooland.az","og_image":[{"width":840,"height":840,"url":"https:\/\/zoo-land.az\/wp-content\/uploads\/2024\/06\/455717-c1172ca8677b086731469f04fc43ca69.jpg","type":"image\/jpeg"}],"twitter_card":"summary_large_image","twitter_misc":{"Est. reading time":"2 minutes"},"schema":{"@context":"https:\/\/schema.org","@graph":[{"@type":"WebPage","@id":"https:\/\/zoo-land.az\/ru\/shop\/dog\/dog-bags-containers\/amiplay-bag-classic-s-carrier-bag-brown\/","url":"https:\/\/zoo-land.az\/ru\/shop\/dog\/dog-bags-containers\/amiplay-bag-classic-s-carrier-bag-brown\/","name":"Amiplay Bag Classic S Carrier Bag brown - Zooland.az","isPartOf":{"@id":"https:\/\/zoo-land.az\/#website"},"primaryImageOfPage":{"@id":"https:\/\/zoo-land.az\/ru\/shop\/dog\/dog-bags-containers\/amiplay-bag-classic-s-carrier-bag-brown\/#primaryimage"},"image":{"@id":"https:\/\/zoo-land.az\/ru\/shop\/dog\/dog-bags-containers\/amiplay-bag-classic-s-carrier-bag-brown\/#primaryimage"},"thumbnailUrl":"https:\/\/zoo-land.az\/wp-content\/uploads\/2024\/06\/455717-c1172ca8677b086731469f04fc43ca69.jpg","datePublished":"2024-06-21T08:00:01+00:00","breadcrumb":{"@id":"https:\/\/zoo-land.az\/ru\/shop\/dog\/dog-bags-containers\/amiplay-bag-classic-s-carrier-bag-brown\/#breadcrumb"},"inLanguage":"az","potentialAction":[{"@type":"ReadAction","target":["https:\/\/zoo-land.az\/ru\/shop\/dog\/dog-bags-containers\/amiplay-bag-classic-s-carrier-bag-brown\/"]}]},{"@type":"ImageObject","inLanguage":"az","@id":"https:\/\/zoo-land.az\/ru\/shop\/dog\/dog-bags-containers\/amiplay-bag-classic-s-carrier-bag-brown\/#primaryimage","url":"https:\/\/zoo-land.az\/wp-content\/uploads\/2024\/06\/455717-c1172ca8677b086731469f04fc43ca69.jpg","contentUrl":"https:\/\/zoo-land.az\/wp-content\/uploads\/2024\/06\/455717-c1172ca8677b086731469f04fc43ca69.jpg","width":840,"height":840},{"@type":"BreadcrumbList","@id":"https:\/\/zoo-land.az\/ru\/shop\/dog\/dog-bags-containers\/amiplay-bag-classic-s-carrier-bag-brown\/#breadcrumb","itemListElement":[{"@type":"ListItem","position":1,"name":"Home","item":"https:\/\/zoo-land.az\/ru\/"},{"@type":"ListItem","position":2,"name":"Shop","item":"https:\/\/zoo-land.az\/ru\/"},{"@type":"ListItem","position":3,"name":"Amiplay Bag Classic S Carrier Bag brown"}]},{"@type":"WebSite","@id":"https:\/\/zoo-land.az\/#website","url":"https:\/\/zoo-land.az\/","name":"Zooland.az","description":"Xo\u015fb\u0259xt ev heyvanlar\u0131n\u0131n \u00fcnvan\u0131 Zooland.az","publisher":{"@id":"https:\/\/zoo-land.az\/#organization"},"potentialAction":[{"@type":"SearchAction","target":{"@type":"EntryPoint","urlTemplate":"https:\/\/zoo-land.az\/?s={search_term_string}"},"query-input":{"@type":"PropertyValueSpecification","valueRequired":true,"valueName":"search_term_string"}}],"inLanguage":"az"},{"@type":"Organization","@id":"https:\/\/zoo-land.az\/#organization","name":"Zooland.az","url":"https:\/\/zoo-land.az\/","logo":{"@type":"ImageObject","inLanguage":"az","@id":"https:\/\/zoo-land.az\/#\/schema\/logo\/image\/","url":"https:\/\/zoo-land.az\/wp-content\/uploads\/2022\/05\/logo.svg","contentUrl":"https:\/\/zoo-land.az\/wp-content\/uploads\/2022\/05\/logo.svg","width":113,"height":46,"caption":"Zooland.az"},"image":{"@id":"https:\/\/zoo-land.az\/#\/schema\/logo\/image\/"}}]}},"_links":{"self":[{"href":"https:\/\/zoo-land.az\/az\/wp-json\/wp\/v2\/product\/24229","targetHints":{"allow":["GET"]}}],"collection":[{"href":"https:\/\/zoo-land.az\/az\/wp-json\/wp\/v2\/product"}],"about":[{"href":"https:\/\/zoo-land.az\/az\/wp-json\/wp\/v2\/types\/product"}],"wp:featuredmedia":[{"embeddable":true,"href":"https:\/\/zoo-land.az\/az\/wp-json\/wp\/v2\/media\/24230"}],"wp:attachment":[{"href":"https:\/\/zoo-land.az\/az\/wp-json\/wp\/v2\/media?parent=24229"}],"wp:term":[{"taxonomy":"product_cat","embeddable":true,"href":"https:\/\/zoo-land.az\/az\/wp-json\/wp\/v2\/product_cat?post=24229"},{"taxonomy":"product_tag","embeddable":true,"href":"https:\/\/zoo-land.az\/az\/wp-json\/wp\/v2\/product_tag?post=24229"}],"curies":[{"name":"wp","href":"https:\/\/api.w.org\/{rel}","templated":true}]}}