{"id":24262,"date":"2024-06-21T08:58:31","date_gmt":"2024-06-21T08:58:31","guid":{"rendered":"https:\/\/lightsteelblue-zebra-299715.hostingersite.com\/?post_type=product&#038;p=24262"},"modified":"2024-06-21T08:58:31","modified_gmt":"2024-06-21T08:58:31","slug":"amiplay-denim-m-collar-blue-2","status":"publish","type":"product","link":"https:\/\/zoo-land.az\/az\/shop\/dog\/dog-accesories\/dog-acces-1\/amiplay-denim-m-collar-blue-2\/","title":{"rendered":"Amiplay Denim M Collar blue"},"content":{"rendered":"<p>All AmiPlay products have been meticulously and extensively tested in various conditions by dog owners, professional breeders, and veterinarians.<\/p>\n<ul>\n<li><strong>Jeans Series<\/strong>: A classic in the dog accessory market.<\/li>\n<li><strong>Yaxal\u0131q<\/strong>: Made from original denim, 100% cotton.<\/li>\n<li><strong>Adjustability<\/strong>: Smoothly adjustable collar.<\/li>\n<li><strong>Distinctive Design<\/strong>: Stands out from the crowd.<\/li>\n<li><strong>High Durability<\/strong>: Maintains significant flexibility necessary for contact with the dog&#8217;s body.<\/li>\n<li><strong>Comfort<\/strong>: Does not cause discomfort to the dog even after prolonged contact with the skin.<\/li>\n<li><strong>Quality Hardware<\/strong>: Uses high-quality fittings and buttons in production.<\/li>\n<li><strong>Metal Hardware<\/strong>: All metal fittings are made from high-strength welded components with appropriate anti-corrosion coating.<\/li>\n<li><strong>Plastic Buckles<\/strong>: Made from flexible, frost-resistant material.<\/li>\n<li>Both the hardware and buckles are custom-made by the manufacturer.<\/li>\n<\/ul>","protected":false},"excerpt":{"rendered":"<p>All AmiPlay products have been meticulously and extensively tested in various conditions by dog owners, professional breeders, and veterinarians.<\/p>","protected":false},"featured_media":24239,"template":"","meta":{"inline_featured_image":false,"_joinchat":[]},"product_cat":[159,161,107],"product_tag":[],"class_list":{"0":"post-24262","1":"product","2":"type-product","3":"status-publish","4":"has-post-thumbnail","6":"product_brand-amiplay","7":"product_cat-dog-accesories","8":"product_cat-dog-acces-1","9":"product_cat-dog","11":"first","12":"instock","13":"shipping-taxable","14":"purchasable","15":"product-type-simple"},"yoast_head":"<!-- This site is optimized with the Yoast SEO plugin v26.7 - https:\/\/yoast.com\/wordpress\/plugins\/seo\/ -->\n<title>Amiplay Denim M Collar blue - Zooland.az<\/title>\n<meta name=\"robots\" content=\"index, follow, max-snippet:-1, max-image-preview:large, max-video-preview:-1\" \/>\n<link rel=\"canonical\" href=\"https:\/\/zoo-land.az\/az\/shop\/dog\/dog-accesories\/dog-acces-1\/amiplay-denim-m-collar-blue-2\/\" \/>\n<meta property=\"og:locale\" content=\"az_AZ\" \/>\n<meta property=\"og:type\" content=\"article\" \/>\n<meta property=\"og:title\" content=\"Amiplay Denim M Collar blue - Zooland.az\" \/>\n<meta property=\"og:description\" content=\"All AmiPlay products have been meticulously and extensively tested in various conditions by dog owners, professional breeders, and veterinarians.\" \/>\n<meta property=\"og:url\" content=\"https:\/\/zoo-land.az\/az\/shop\/dog\/dog-accesories\/dog-acces-1\/amiplay-denim-m-collar-blue-2\/\" \/>\n<meta property=\"og:site_name\" content=\"Zooland.az\" \/>\n<meta property=\"og:image\" content=\"https:\/\/zoo-land.az\/wp-content\/uploads\/2024\/06\/740231-ef3a2b44564bad1ace6f6ef6b01b6aa6.jpg\" \/>\n\t<meta property=\"og:image:width\" content=\"840\" \/>\n\t<meta property=\"og:image:height\" content=\"840\" \/>\n\t<meta property=\"og:image:type\" content=\"image\/jpeg\" \/>\n<meta name=\"twitter:card\" content=\"summary_large_image\" \/>\n<meta name=\"twitter:label1\" content=\"Est. reading time\" \/>\n\t<meta name=\"twitter:data1\" content=\"1 minute\" \/>\n<script type=\"application\/ld+json\" class=\"yoast-schema-graph\">{\"@context\":\"https:\/\/schema.org\",\"@graph\":[{\"@type\":\"WebPage\",\"@id\":\"https:\/\/zoo-land.az\/ru\/shop\/dog\/dog-accesories\/dog-acces-1\/amiplay-denim-m-collar-blue-2\/\",\"url\":\"https:\/\/zoo-land.az\/ru\/shop\/dog\/dog-accesories\/dog-acces-1\/amiplay-denim-m-collar-blue-2\/\",\"name\":\"Amiplay Denim M Collar blue - Zooland.az\",\"isPartOf\":{\"@id\":\"https:\/\/zoo-land.az\/#website\"},\"primaryImageOfPage\":{\"@id\":\"https:\/\/zoo-land.az\/ru\/shop\/dog\/dog-accesories\/dog-acces-1\/amiplay-denim-m-collar-blue-2\/#primaryimage\"},\"image\":{\"@id\":\"https:\/\/zoo-land.az\/ru\/shop\/dog\/dog-accesories\/dog-acces-1\/amiplay-denim-m-collar-blue-2\/#primaryimage\"},\"thumbnailUrl\":\"https:\/\/zoo-land.az\/wp-content\/uploads\/2024\/06\/740231-ef3a2b44564bad1ace6f6ef6b01b6aa6.jpg\",\"datePublished\":\"2024-06-21T08:58:31+00:00\",\"breadcrumb\":{\"@id\":\"https:\/\/zoo-land.az\/ru\/shop\/dog\/dog-accesories\/dog-acces-1\/amiplay-denim-m-collar-blue-2\/#breadcrumb\"},\"inLanguage\":\"az\",\"potentialAction\":[{\"@type\":\"ReadAction\",\"target\":[\"https:\/\/zoo-land.az\/ru\/shop\/dog\/dog-accesories\/dog-acces-1\/amiplay-denim-m-collar-blue-2\/\"]}]},{\"@type\":\"ImageObject\",\"inLanguage\":\"az\",\"@id\":\"https:\/\/zoo-land.az\/ru\/shop\/dog\/dog-accesories\/dog-acces-1\/amiplay-denim-m-collar-blue-2\/#primaryimage\",\"url\":\"https:\/\/zoo-land.az\/wp-content\/uploads\/2024\/06\/740231-ef3a2b44564bad1ace6f6ef6b01b6aa6.jpg\",\"contentUrl\":\"https:\/\/zoo-land.az\/wp-content\/uploads\/2024\/06\/740231-ef3a2b44564bad1ace6f6ef6b01b6aa6.jpg\",\"width\":840,\"height\":840},{\"@type\":\"BreadcrumbList\",\"@id\":\"https:\/\/zoo-land.az\/ru\/shop\/dog\/dog-accesories\/dog-acces-1\/amiplay-denim-m-collar-blue-2\/#breadcrumb\",\"itemListElement\":[{\"@type\":\"ListItem\",\"position\":1,\"name\":\"Home\",\"item\":\"https:\/\/zoo-land.az\/ru\/\"},{\"@type\":\"ListItem\",\"position\":2,\"name\":\"Shop\",\"item\":\"https:\/\/zoo-land.az\/ru\/\"},{\"@type\":\"ListItem\",\"position\":3,\"name\":\"Amiplay Denim M Collar blue\"}]},{\"@type\":\"WebSite\",\"@id\":\"https:\/\/zoo-land.az\/#website\",\"url\":\"https:\/\/zoo-land.az\/\",\"name\":\"Zooland.az\",\"description\":\"Xo\u015fb\u0259xt ev heyvanlar\u0131n\u0131n \u00fcnvan\u0131 Zooland.az\",\"publisher\":{\"@id\":\"https:\/\/zoo-land.az\/#organization\"},\"potentialAction\":[{\"@type\":\"SearchAction\",\"target\":{\"@type\":\"EntryPoint\",\"urlTemplate\":\"https:\/\/zoo-land.az\/?s={search_term_string}\"},\"query-input\":{\"@type\":\"PropertyValueSpecification\",\"valueRequired\":true,\"valueName\":\"search_term_string\"}}],\"inLanguage\":\"az\"},{\"@type\":\"Organization\",\"@id\":\"https:\/\/zoo-land.az\/#organization\",\"name\":\"Zooland.az\",\"url\":\"https:\/\/zoo-land.az\/\",\"logo\":{\"@type\":\"ImageObject\",\"inLanguage\":\"az\",\"@id\":\"https:\/\/zoo-land.az\/#\/schema\/logo\/image\/\",\"url\":\"https:\/\/zoo-land.az\/wp-content\/uploads\/2022\/05\/logo.svg\",\"contentUrl\":\"https:\/\/zoo-land.az\/wp-content\/uploads\/2022\/05\/logo.svg\",\"width\":113,\"height\":46,\"caption\":\"Zooland.az\"},\"image\":{\"@id\":\"https:\/\/zoo-land.az\/#\/schema\/logo\/image\/\"}}]}<\/script>\n<!-- \/ Yoast SEO plugin. -->","yoast_head_json":{"title":"Amiplay Denim M Collar blue - Zooland.az","robots":{"index":"index","follow":"follow","max-snippet":"max-snippet:-1","max-image-preview":"max-image-preview:large","max-video-preview":"max-video-preview:-1"},"canonical":"https:\/\/zoo-land.az\/az\/shop\/dog\/dog-accesories\/dog-acces-1\/amiplay-denim-m-collar-blue-2\/","og_locale":"az_AZ","og_type":"article","og_title":"Amiplay Denim M Collar blue - Zooland.az","og_description":"All AmiPlay products have been meticulously and extensively tested in various conditions by dog owners, professional breeders, and veterinarians.","og_url":"https:\/\/zoo-land.az\/az\/shop\/dog\/dog-accesories\/dog-acces-1\/amiplay-denim-m-collar-blue-2\/","og_site_name":"Zooland.az","og_image":[{"width":840,"height":840,"url":"https:\/\/zoo-land.az\/wp-content\/uploads\/2024\/06\/740231-ef3a2b44564bad1ace6f6ef6b01b6aa6.jpg","type":"image\/jpeg"}],"twitter_card":"summary_large_image","twitter_misc":{"Est. reading time":"1 minute"},"schema":{"@context":"https:\/\/schema.org","@graph":[{"@type":"WebPage","@id":"https:\/\/zoo-land.az\/ru\/shop\/dog\/dog-accesories\/dog-acces-1\/amiplay-denim-m-collar-blue-2\/","url":"https:\/\/zoo-land.az\/ru\/shop\/dog\/dog-accesories\/dog-acces-1\/amiplay-denim-m-collar-blue-2\/","name":"Amiplay Denim M Collar blue - Zooland.az","isPartOf":{"@id":"https:\/\/zoo-land.az\/#website"},"primaryImageOfPage":{"@id":"https:\/\/zoo-land.az\/ru\/shop\/dog\/dog-accesories\/dog-acces-1\/amiplay-denim-m-collar-blue-2\/#primaryimage"},"image":{"@id":"https:\/\/zoo-land.az\/ru\/shop\/dog\/dog-accesories\/dog-acces-1\/amiplay-denim-m-collar-blue-2\/#primaryimage"},"thumbnailUrl":"https:\/\/zoo-land.az\/wp-content\/uploads\/2024\/06\/740231-ef3a2b44564bad1ace6f6ef6b01b6aa6.jpg","datePublished":"2024-06-21T08:58:31+00:00","breadcrumb":{"@id":"https:\/\/zoo-land.az\/ru\/shop\/dog\/dog-accesories\/dog-acces-1\/amiplay-denim-m-collar-blue-2\/#breadcrumb"},"inLanguage":"az","potentialAction":[{"@type":"ReadAction","target":["https:\/\/zoo-land.az\/ru\/shop\/dog\/dog-accesories\/dog-acces-1\/amiplay-denim-m-collar-blue-2\/"]}]},{"@type":"ImageObject","inLanguage":"az","@id":"https:\/\/zoo-land.az\/ru\/shop\/dog\/dog-accesories\/dog-acces-1\/amiplay-denim-m-collar-blue-2\/#primaryimage","url":"https:\/\/zoo-land.az\/wp-content\/uploads\/2024\/06\/740231-ef3a2b44564bad1ace6f6ef6b01b6aa6.jpg","contentUrl":"https:\/\/zoo-land.az\/wp-content\/uploads\/2024\/06\/740231-ef3a2b44564bad1ace6f6ef6b01b6aa6.jpg","width":840,"height":840},{"@type":"BreadcrumbList","@id":"https:\/\/zoo-land.az\/ru\/shop\/dog\/dog-accesories\/dog-acces-1\/amiplay-denim-m-collar-blue-2\/#breadcrumb","itemListElement":[{"@type":"ListItem","position":1,"name":"Home","item":"https:\/\/zoo-land.az\/ru\/"},{"@type":"ListItem","position":2,"name":"Shop","item":"https:\/\/zoo-land.az\/ru\/"},{"@type":"ListItem","position":3,"name":"Amiplay Denim M Collar blue"}]},{"@type":"WebSite","@id":"https:\/\/zoo-land.az\/#website","url":"https:\/\/zoo-land.az\/","name":"Zooland.az","description":"Xo\u015fb\u0259xt ev heyvanlar\u0131n\u0131n \u00fcnvan\u0131 Zooland.az","publisher":{"@id":"https:\/\/zoo-land.az\/#organization"},"potentialAction":[{"@type":"SearchAction","target":{"@type":"EntryPoint","urlTemplate":"https:\/\/zoo-land.az\/?s={search_term_string}"},"query-input":{"@type":"PropertyValueSpecification","valueRequired":true,"valueName":"search_term_string"}}],"inLanguage":"az"},{"@type":"Organization","@id":"https:\/\/zoo-land.az\/#organization","name":"Zooland.az","url":"https:\/\/zoo-land.az\/","logo":{"@type":"ImageObject","inLanguage":"az","@id":"https:\/\/zoo-land.az\/#\/schema\/logo\/image\/","url":"https:\/\/zoo-land.az\/wp-content\/uploads\/2022\/05\/logo.svg","contentUrl":"https:\/\/zoo-land.az\/wp-content\/uploads\/2022\/05\/logo.svg","width":113,"height":46,"caption":"Zooland.az"},"image":{"@id":"https:\/\/zoo-land.az\/#\/schema\/logo\/image\/"}}]}},"_links":{"self":[{"href":"https:\/\/zoo-land.az\/az\/wp-json\/wp\/v2\/product\/24262","targetHints":{"allow":["GET"]}}],"collection":[{"href":"https:\/\/zoo-land.az\/az\/wp-json\/wp\/v2\/product"}],"about":[{"href":"https:\/\/zoo-land.az\/az\/wp-json\/wp\/v2\/types\/product"}],"wp:featuredmedia":[{"embeddable":true,"href":"https:\/\/zoo-land.az\/az\/wp-json\/wp\/v2\/media\/24239"}],"wp:attachment":[{"href":"https:\/\/zoo-land.az\/az\/wp-json\/wp\/v2\/media?parent=24262"}],"wp:term":[{"taxonomy":"product_cat","embeddable":true,"href":"https:\/\/zoo-land.az\/az\/wp-json\/wp\/v2\/product_cat?post=24262"},{"taxonomy":"product_tag","embeddable":true,"href":"https:\/\/zoo-land.az\/az\/wp-json\/wp\/v2\/product_tag?post=24262"}],"curies":[{"name":"wp","href":"https:\/\/api.w.org\/{rel}","templated":true}]}}