{"id":24277,"date":"2024-06-21T09:20:03","date_gmt":"2024-06-21T09:20:03","guid":{"rendered":"https:\/\/lightsteelblue-zebra-299715.hostingersite.com\/?post_type=product&#038;p=24277"},"modified":"2024-06-21T09:20:03","modified_gmt":"2024-06-21T09:20:03","slug":"leash-amiplay-7-in-1-samba-xl-in-black","status":"publish","type":"product","link":"https:\/\/zoo-land.az\/az\/shop\/dog\/dog-accesories\/leash\/leash-amiplay-7-in-1-samba-xl-in-black\/","title":{"rendered":"Leash Amiplay 7 in 1 Samba XL in black"},"content":{"rendered":"<p>Manufacturer: Amiplay<br \/>\nSeries: Samba<br \/>\nModel: Adjustable Length 7in1<br \/>\nSize: XL<br \/>\nMinimum Length: 100 cm<br \/>\nMaximum Length: 200 cm<br \/>\nWidth of Strap: 2.5 cm<br \/>\nMaterial: Polypropylene webbing<br \/>\nColor: Black<br \/>\nIntended for: Especially large breed dogs<br \/>\nMade from high-quality materials, ensuring strength and durability<br \/>\n7 usage possibilities<br \/>\nAdjustable for various sizes<br \/>\nIdeal for daily city walks and long hikes<br \/>\nSuitable for both adult dogs and puppies learning to walk on a leash<br \/>\nComfortable handle<br \/>\nSoft webbing<br \/>\nWeather-resistant<br \/>\nMade in Poland<\/p>\n<p>The Samba collection is a definite hit this summer. It&#8217;s the best choice for those tired of classics and who love to stand out. Amiplay focuses on comfort and designer colors, aiming to meet their customers&#8217; expectations. The entire Samba series is made from soft webbing treated to avoid scratching or chafing, even after prolonged contact with a dog&#8217;s skin. Innovative solutions have been applied to enhance product quality, ensuring reliability and even more pleasant usage.<\/p>","protected":false},"excerpt":{"rendered":"<p>The Samba collection is a definite hit this summer. It&#8217;s the best choice for those tired of classics and who love to stand out. Amiplay focuses on comfort and designer colors, aiming to meet their customers&#8217; expectations. The entire Samba series is made from soft webbing treated to avoid scratching or chafing, even after prolonged contact with a dog&#8217;s skin. Innovative solutions have been applied to enhance product quality, ensuring reliability and even more pleasant usage.<\/p>","protected":false},"featured_media":24278,"template":"","meta":{"inline_featured_image":false,"_joinchat":[]},"product_cat":[159,107,396],"product_tag":[],"class_list":{"0":"post-24277","1":"product","2":"type-product","3":"status-publish","4":"has-post-thumbnail","6":"product_brand-amiplay","7":"product_cat-dog-accesories","8":"product_cat-dog","9":"product_cat-leash","11":"first","12":"instock","13":"shipping-taxable","14":"purchasable","15":"product-type-simple"},"yoast_head":"<!-- This site is optimized with the Yoast SEO plugin v27.4 - https:\/\/yoast.com\/product\/yoast-seo-wordpress\/ -->\n<title>Leash Amiplay 7 in 1 Samba XL in black - Zooland.az<\/title>\n<meta name=\"robots\" content=\"index, follow, max-snippet:-1, max-image-preview:large, max-video-preview:-1\" \/>\n<link rel=\"canonical\" href=\"https:\/\/zoo-land.az\/az\/shop\/dog\/dog-accesories\/leash\/leash-amiplay-7-in-1-samba-xl-in-black\/\" \/>\n<meta property=\"og:locale\" content=\"az_AZ\" \/>\n<meta property=\"og:type\" content=\"article\" \/>\n<meta property=\"og:title\" content=\"Leash Amiplay 7 in 1 Samba XL in black - Zooland.az\" \/>\n<meta property=\"og:description\" content=\"The Samba collection is a definite hit this summer. It&#039;s the best choice for those tired of classics and who love to stand out. Amiplay focuses on comfort and designer colors, aiming to meet their customers&#039; expectations. The entire Samba series is made from soft webbing treated to avoid scratching or chafing, even after prolonged contact with a dog&#039;s skin. Innovative solutions have been applied to enhance product quality, ensuring reliability and even more pleasant usage.\" \/>\n<meta property=\"og:url\" content=\"https:\/\/zoo-land.az\/az\/shop\/dog\/dog-accesories\/leash\/leash-amiplay-7-in-1-samba-xl-in-black\/\" \/>\n<meta property=\"og:site_name\" content=\"Zooland.az\" \/>\n<meta property=\"og:image\" content=\"https:\/\/zoo-land.az\/wp-content\/uploads\/2024\/06\/Screenshot-2024-06-21-at-13.16.11.png\" \/>\n\t<meta property=\"og:image:width\" content=\"2668\" \/>\n\t<meta property=\"og:image:height\" content=\"1744\" \/>\n\t<meta property=\"og:image:type\" content=\"image\/png\" \/>\n<meta name=\"twitter:card\" content=\"summary_large_image\" \/>\n<meta name=\"twitter:label1\" content=\"Est. reading time\" \/>\n\t<meta name=\"twitter:data1\" content=\"1 minute\" \/>\n<script type=\"application\/ld+json\" class=\"yoast-schema-graph\">{\"@context\":\"https:\\\/\\\/schema.org\",\"@graph\":[{\"@type\":\"WebPage\",\"@id\":\"https:\\\/\\\/zoo-land.az\\\/az\\\/shop\\\/dog\\\/dog-accesories\\\/leash\\\/leash-amiplay-7-in-1-samba-xl-in-black\\\/\",\"url\":\"https:\\\/\\\/zoo-land.az\\\/az\\\/shop\\\/dog\\\/dog-accesories\\\/leash\\\/leash-amiplay-7-in-1-samba-xl-in-black\\\/\",\"name\":\"Leash Amiplay 7 in 1 Samba XL in black - Zooland.az\",\"isPartOf\":{\"@id\":\"https:\\\/\\\/zoo-land.az\\\/#website\"},\"primaryImageOfPage\":{\"@id\":\"https:\\\/\\\/zoo-land.az\\\/az\\\/shop\\\/dog\\\/dog-accesories\\\/leash\\\/leash-amiplay-7-in-1-samba-xl-in-black\\\/#primaryimage\"},\"image\":{\"@id\":\"https:\\\/\\\/zoo-land.az\\\/az\\\/shop\\\/dog\\\/dog-accesories\\\/leash\\\/leash-amiplay-7-in-1-samba-xl-in-black\\\/#primaryimage\"},\"thumbnailUrl\":\"https:\\\/\\\/zoo-land.az\\\/wp-content\\\/uploads\\\/2024\\\/06\\\/Screenshot-2024-06-21-at-13.16.11.png\",\"datePublished\":\"2024-06-21T09:20:03+00:00\",\"breadcrumb\":{\"@id\":\"https:\\\/\\\/zoo-land.az\\\/az\\\/shop\\\/dog\\\/dog-accesories\\\/leash\\\/leash-amiplay-7-in-1-samba-xl-in-black\\\/#breadcrumb\"},\"inLanguage\":\"az\",\"potentialAction\":[{\"@type\":\"ReadAction\",\"target\":[\"https:\\\/\\\/zoo-land.az\\\/az\\\/shop\\\/dog\\\/dog-accesories\\\/leash\\\/leash-amiplay-7-in-1-samba-xl-in-black\\\/\"]}]},{\"@type\":\"ImageObject\",\"inLanguage\":\"az\",\"@id\":\"https:\\\/\\\/zoo-land.az\\\/az\\\/shop\\\/dog\\\/dog-accesories\\\/leash\\\/leash-amiplay-7-in-1-samba-xl-in-black\\\/#primaryimage\",\"url\":\"https:\\\/\\\/zoo-land.az\\\/wp-content\\\/uploads\\\/2024\\\/06\\\/Screenshot-2024-06-21-at-13.16.11.png\",\"contentUrl\":\"https:\\\/\\\/zoo-land.az\\\/wp-content\\\/uploads\\\/2024\\\/06\\\/Screenshot-2024-06-21-at-13.16.11.png\",\"width\":2668,\"height\":1744},{\"@type\":\"BreadcrumbList\",\"@id\":\"https:\\\/\\\/zoo-land.az\\\/az\\\/shop\\\/dog\\\/dog-accesories\\\/leash\\\/leash-amiplay-7-in-1-samba-xl-in-black\\\/#breadcrumb\",\"itemListElement\":[{\"@type\":\"ListItem\",\"position\":1,\"name\":\"Home\",\"item\":\"https:\\\/\\\/zoo-land.az\\\/ru\\\/\"},{\"@type\":\"ListItem\",\"position\":2,\"name\":\"Shop\",\"item\":\"https:\\\/\\\/zoo-land.az\\\/ru\\\/\"},{\"@type\":\"ListItem\",\"position\":3,\"name\":\"Leash Amiplay 7 in 1 Samba XL in black\"}]},{\"@type\":\"WebSite\",\"@id\":\"https:\\\/\\\/zoo-land.az\\\/#website\",\"url\":\"https:\\\/\\\/zoo-land.az\\\/\",\"name\":\"Zooland.az\",\"description\":\"Xo\u015fb\u0259xt ev heyvanlar\u0131n\u0131n \u00fcnvan\u0131 Zooland.az\",\"publisher\":{\"@id\":\"https:\\\/\\\/zoo-land.az\\\/#organization\"},\"potentialAction\":[{\"@type\":\"SearchAction\",\"target\":{\"@type\":\"EntryPoint\",\"urlTemplate\":\"https:\\\/\\\/zoo-land.az\\\/?s={search_term_string}\"},\"query-input\":{\"@type\":\"PropertyValueSpecification\",\"valueRequired\":true,\"valueName\":\"search_term_string\"}}],\"inLanguage\":\"az\"},{\"@type\":\"Organization\",\"@id\":\"https:\\\/\\\/zoo-land.az\\\/#organization\",\"name\":\"Zooland.az\",\"url\":\"https:\\\/\\\/zoo-land.az\\\/\",\"logo\":{\"@type\":\"ImageObject\",\"inLanguage\":\"az\",\"@id\":\"https:\\\/\\\/zoo-land.az\\\/#\\\/schema\\\/logo\\\/image\\\/\",\"url\":\"https:\\\/\\\/zoo-land.az\\\/wp-content\\\/uploads\\\/2022\\\/05\\\/logo.svg\",\"contentUrl\":\"https:\\\/\\\/zoo-land.az\\\/wp-content\\\/uploads\\\/2022\\\/05\\\/logo.svg\",\"width\":113,\"height\":46,\"caption\":\"Zooland.az\"},\"image\":{\"@id\":\"https:\\\/\\\/zoo-land.az\\\/#\\\/schema\\\/logo\\\/image\\\/\"}}]}<\/script>\n<!-- \/ Yoast SEO plugin. -->","yoast_head_json":{"title":"Leash Amiplay 7 in 1 Samba XL in black - Zooland.az","robots":{"index":"index","follow":"follow","max-snippet":"max-snippet:-1","max-image-preview":"max-image-preview:large","max-video-preview":"max-video-preview:-1"},"canonical":"https:\/\/zoo-land.az\/az\/shop\/dog\/dog-accesories\/leash\/leash-amiplay-7-in-1-samba-xl-in-black\/","og_locale":"az_AZ","og_type":"article","og_title":"Leash Amiplay 7 in 1 Samba XL in black - Zooland.az","og_description":"The Samba collection is a definite hit this summer. It's the best choice for those tired of classics and who love to stand out. Amiplay focuses on comfort and designer colors, aiming to meet their customers' expectations. The entire Samba series is made from soft webbing treated to avoid scratching or chafing, even after prolonged contact with a dog's skin. Innovative solutions have been applied to enhance product quality, ensuring reliability and even more pleasant usage.","og_url":"https:\/\/zoo-land.az\/az\/shop\/dog\/dog-accesories\/leash\/leash-amiplay-7-in-1-samba-xl-in-black\/","og_site_name":"Zooland.az","og_image":[{"width":2668,"height":1744,"url":"https:\/\/zoo-land.az\/wp-content\/uploads\/2024\/06\/Screenshot-2024-06-21-at-13.16.11.png","type":"image\/png"}],"twitter_card":"summary_large_image","twitter_misc":{"Est. reading time":"1 minute"},"schema":{"@context":"https:\/\/schema.org","@graph":[{"@type":"WebPage","@id":"https:\/\/zoo-land.az\/az\/shop\/dog\/dog-accesories\/leash\/leash-amiplay-7-in-1-samba-xl-in-black\/","url":"https:\/\/zoo-land.az\/az\/shop\/dog\/dog-accesories\/leash\/leash-amiplay-7-in-1-samba-xl-in-black\/","name":"Leash Amiplay 7 in 1 Samba XL in black - Zooland.az","isPartOf":{"@id":"https:\/\/zoo-land.az\/#website"},"primaryImageOfPage":{"@id":"https:\/\/zoo-land.az\/az\/shop\/dog\/dog-accesories\/leash\/leash-amiplay-7-in-1-samba-xl-in-black\/#primaryimage"},"image":{"@id":"https:\/\/zoo-land.az\/az\/shop\/dog\/dog-accesories\/leash\/leash-amiplay-7-in-1-samba-xl-in-black\/#primaryimage"},"thumbnailUrl":"https:\/\/zoo-land.az\/wp-content\/uploads\/2024\/06\/Screenshot-2024-06-21-at-13.16.11.png","datePublished":"2024-06-21T09:20:03+00:00","breadcrumb":{"@id":"https:\/\/zoo-land.az\/az\/shop\/dog\/dog-accesories\/leash\/leash-amiplay-7-in-1-samba-xl-in-black\/#breadcrumb"},"inLanguage":"az","potentialAction":[{"@type":"ReadAction","target":["https:\/\/zoo-land.az\/az\/shop\/dog\/dog-accesories\/leash\/leash-amiplay-7-in-1-samba-xl-in-black\/"]}]},{"@type":"ImageObject","inLanguage":"az","@id":"https:\/\/zoo-land.az\/az\/shop\/dog\/dog-accesories\/leash\/leash-amiplay-7-in-1-samba-xl-in-black\/#primaryimage","url":"https:\/\/zoo-land.az\/wp-content\/uploads\/2024\/06\/Screenshot-2024-06-21-at-13.16.11.png","contentUrl":"https:\/\/zoo-land.az\/wp-content\/uploads\/2024\/06\/Screenshot-2024-06-21-at-13.16.11.png","width":2668,"height":1744},{"@type":"BreadcrumbList","@id":"https:\/\/zoo-land.az\/az\/shop\/dog\/dog-accesories\/leash\/leash-amiplay-7-in-1-samba-xl-in-black\/#breadcrumb","itemListElement":[{"@type":"ListItem","position":1,"name":"Home","item":"https:\/\/zoo-land.az\/ru\/"},{"@type":"ListItem","position":2,"name":"Shop","item":"https:\/\/zoo-land.az\/ru\/"},{"@type":"ListItem","position":3,"name":"Leash Amiplay 7 in 1 Samba XL in black"}]},{"@type":"WebSite","@id":"https:\/\/zoo-land.az\/#website","url":"https:\/\/zoo-land.az\/","name":"Zooland.az","description":"Xo\u015fb\u0259xt ev heyvanlar\u0131n\u0131n \u00fcnvan\u0131 Zooland.az","publisher":{"@id":"https:\/\/zoo-land.az\/#organization"},"potentialAction":[{"@type":"SearchAction","target":{"@type":"EntryPoint","urlTemplate":"https:\/\/zoo-land.az\/?s={search_term_string}"},"query-input":{"@type":"PropertyValueSpecification","valueRequired":true,"valueName":"search_term_string"}}],"inLanguage":"az"},{"@type":"Organization","@id":"https:\/\/zoo-land.az\/#organization","name":"Zooland.az","url":"https:\/\/zoo-land.az\/","logo":{"@type":"ImageObject","inLanguage":"az","@id":"https:\/\/zoo-land.az\/#\/schema\/logo\/image\/","url":"https:\/\/zoo-land.az\/wp-content\/uploads\/2022\/05\/logo.svg","contentUrl":"https:\/\/zoo-land.az\/wp-content\/uploads\/2022\/05\/logo.svg","width":113,"height":46,"caption":"Zooland.az"},"image":{"@id":"https:\/\/zoo-land.az\/#\/schema\/logo\/image\/"}}]}},"_links":{"self":[{"href":"https:\/\/zoo-land.az\/az\/wp-json\/wp\/v2\/product\/24277","targetHints":{"allow":["GET"]}}],"collection":[{"href":"https:\/\/zoo-land.az\/az\/wp-json\/wp\/v2\/product"}],"about":[{"href":"https:\/\/zoo-land.az\/az\/wp-json\/wp\/v2\/types\/product"}],"wp:featuredmedia":[{"embeddable":true,"href":"https:\/\/zoo-land.az\/az\/wp-json\/wp\/v2\/media\/24278"}],"wp:attachment":[{"href":"https:\/\/zoo-land.az\/az\/wp-json\/wp\/v2\/media?parent=24277"}],"wp:term":[{"taxonomy":"product_cat","embeddable":true,"href":"https:\/\/zoo-land.az\/az\/wp-json\/wp\/v2\/product_cat?post=24277"},{"taxonomy":"product_tag","embeddable":true,"href":"https:\/\/zoo-land.az\/az\/wp-json\/wp\/v2\/product_tag?post=24277"}],"curies":[{"name":"wp","href":"https:\/\/api.w.org\/{rel}","templated":true}]}}