{"id":24298,"date":"2024-06-21T10:23:33","date_gmt":"2024-06-21T10:23:33","guid":{"rendered":"https:\/\/lightsteelblue-zebra-299715.hostingersite.com\/?post_type=product&#038;p=24298"},"modified":"2024-06-21T10:23:33","modified_gmt":"2024-06-21T10:23:33","slug":"amiplay-miami-t-shirt-30-cm-green","status":"publish","type":"product","link":"https:\/\/zoo-land.az\/az\/shop\/dog\/dog-clothes-shoes\/dog-clothes-summer\/amiplay-miami-t-shirt-30-cm-green\/","title":{"rendered":"Amiplay Miami k\u00f6yn\u0259yi 30 sm ya\u015f\u0131l"},"content":{"rendered":"<p>Amiplay Miami k\u00f6yn\u0259yi havadar v\u0259 rahat k\u00f6yn\u0259kdir, qollar\u0131 itin h\u0259r\u0259k\u0259tini m\u0259hdudla\u015fd\u0131rm\u0131r v\u0259 ev heyvan\u0131n\u0131z\u0131n \u00f6z\u00fcn\u00fc rahat hiss etm\u0259sin\u0259 imkan verir. T\u00fckl\u00fc yolda\u015f\u0131n\u0131z \u00fc\u00e7\u00fcn rahatl\u0131q v\u0259 g\u00f6z\u0259l g\u00f6r\u00fcn\u00fc\u015f t\u0259min etm\u0259k \u00fc\u00e7\u00fcn haz\u0131rlanm\u0131\u015f k\u00f6yn\u0259kdir.<\/p>","protected":false},"excerpt":{"rendered":"<p>Amiplay Miami k\u00f6yn\u0259yi havadar v\u0259 rahat k\u00f6yn\u0259kdir, qollar\u0131 itin h\u0259r\u0259k\u0259tini m\u0259hdudla\u015fd\u0131rm\u0131r v\u0259 ev heyvan\u0131n\u0131z\u0131n \u00f6z\u00fcn\u00fc rahat hiss etm\u0259sin\u0259 imkan verir. T\u00fckl\u00fc yolda\u015f\u0131n\u0131z \u00fc\u00e7\u00fcn rahatl\u0131q v\u0259 g\u00f6z\u0259l g\u00f6r\u00fcn\u00fc\u015f t\u0259min etm\u0259k \u00fc\u00e7\u00fcn haz\u0131rlanm\u0131\u015f k\u00f6yn\u0259kdir.<\/p>","protected":false},"featured_media":24299,"template":"","meta":{"inline_featured_image":false,"_joinchat":[]},"product_cat":[181,183,107],"product_tag":[],"class_list":{"0":"post-24298","1":"product","2":"type-product","3":"status-publish","4":"has-post-thumbnail","6":"product_brand-amiplay","7":"product_cat-dog-clothes-shoes","8":"product_cat-dog-clothes-summer","9":"product_cat-dog","11":"first","12":"instock","13":"shipping-taxable","14":"purchasable","15":"product-type-simple"},"yoast_head":"<!-- This site is optimized with the Yoast SEO plugin v26.7 - https:\/\/yoast.com\/wordpress\/plugins\/seo\/ -->\n<title>Amiplay Miami T-shirt 30 cm green - Zooland.az<\/title>\n<meta name=\"robots\" content=\"index, follow, max-snippet:-1, max-image-preview:large, max-video-preview:-1\" \/>\n<link rel=\"canonical\" href=\"https:\/\/zoo-land.az\/az\/shop\/dog\/dog-clothes-shoes\/dog-clothes-summer\/amiplay-miami-t-shirt-30-cm-green\/\" \/>\n<meta property=\"og:locale\" content=\"az_AZ\" \/>\n<meta property=\"og:type\" content=\"article\" \/>\n<meta property=\"og:title\" content=\"Amiplay Miami T-shirt 30 cm green - Zooland.az\" \/>\n<meta property=\"og:description\" content=\"The Amiplay Miami T-shirt is an airy and comfortable shirt with sleeves that do not restrict the dog&#039;s movements, allowing your pet to feel at ease. It&#039;s a shirt designed to provide comfort and a great look for your furry companion.\" \/>\n<meta property=\"og:url\" content=\"https:\/\/zoo-land.az\/az\/shop\/dog\/dog-clothes-shoes\/dog-clothes-summer\/amiplay-miami-t-shirt-30-cm-green\/\" \/>\n<meta property=\"og:site_name\" content=\"Zooland.az\" \/>\n<meta property=\"og:image\" content=\"https:\/\/zoo-land.az\/wp-content\/uploads\/2024\/06\/455922-8ee2b047806c3da2572b3ee0a30ff3ba.webp\" \/>\n\t<meta property=\"og:image:width\" content=\"1680\" \/>\n\t<meta property=\"og:image:height\" content=\"1260\" \/>\n\t<meta property=\"og:image:type\" content=\"image\/webp\" \/>\n<meta name=\"twitter:card\" content=\"summary_large_image\" \/>\n<meta name=\"twitter:label1\" content=\"Est. reading time\" \/>\n\t<meta name=\"twitter:data1\" content=\"1 minute\" \/>\n<script type=\"application\/ld+json\" class=\"yoast-schema-graph\">{\"@context\":\"https:\/\/schema.org\",\"@graph\":[{\"@type\":\"WebPage\",\"@id\":\"https:\/\/zoo-land.az\/shop\/dog\/dog-clothes-shoes\/dog-clothes-summer\/amiplay-miami-t-shirt-30-cm-green\/\",\"url\":\"https:\/\/zoo-land.az\/shop\/dog\/dog-clothes-shoes\/dog-clothes-summer\/amiplay-miami-t-shirt-30-cm-green\/\",\"name\":\"Amiplay Miami T-shirt 30 cm green - Zooland.az\",\"isPartOf\":{\"@id\":\"https:\/\/zoo-land.az\/#website\"},\"primaryImageOfPage\":{\"@id\":\"https:\/\/zoo-land.az\/shop\/dog\/dog-clothes-shoes\/dog-clothes-summer\/amiplay-miami-t-shirt-30-cm-green\/#primaryimage\"},\"image\":{\"@id\":\"https:\/\/zoo-land.az\/shop\/dog\/dog-clothes-shoes\/dog-clothes-summer\/amiplay-miami-t-shirt-30-cm-green\/#primaryimage\"},\"thumbnailUrl\":\"https:\/\/zoo-land.az\/wp-content\/uploads\/2024\/06\/455922-8ee2b047806c3da2572b3ee0a30ff3ba.webp\",\"datePublished\":\"2024-06-21T10:23:33+00:00\",\"breadcrumb\":{\"@id\":\"https:\/\/zoo-land.az\/shop\/dog\/dog-clothes-shoes\/dog-clothes-summer\/amiplay-miami-t-shirt-30-cm-green\/#breadcrumb\"},\"inLanguage\":\"az\",\"potentialAction\":[{\"@type\":\"ReadAction\",\"target\":[\"https:\/\/zoo-land.az\/shop\/dog\/dog-clothes-shoes\/dog-clothes-summer\/amiplay-miami-t-shirt-30-cm-green\/\"]}]},{\"@type\":\"ImageObject\",\"inLanguage\":\"az\",\"@id\":\"https:\/\/zoo-land.az\/shop\/dog\/dog-clothes-shoes\/dog-clothes-summer\/amiplay-miami-t-shirt-30-cm-green\/#primaryimage\",\"url\":\"https:\/\/zoo-land.az\/wp-content\/uploads\/2024\/06\/455922-8ee2b047806c3da2572b3ee0a30ff3ba.webp\",\"contentUrl\":\"https:\/\/zoo-land.az\/wp-content\/uploads\/2024\/06\/455922-8ee2b047806c3da2572b3ee0a30ff3ba.webp\",\"width\":1680,\"height\":1260},{\"@type\":\"BreadcrumbList\",\"@id\":\"https:\/\/zoo-land.az\/shop\/dog\/dog-clothes-shoes\/dog-clothes-summer\/amiplay-miami-t-shirt-30-cm-green\/#breadcrumb\",\"itemListElement\":[{\"@type\":\"ListItem\",\"position\":1,\"name\":\"Home\",\"item\":\"https:\/\/zoo-land.az\/ru\/\"},{\"@type\":\"ListItem\",\"position\":2,\"name\":\"Shop\",\"item\":\"https:\/\/zoo-land.az\/ru\/\"},{\"@type\":\"ListItem\",\"position\":3,\"name\":\"Amiplay Miami T-shirt 30 cm green\"}]},{\"@type\":\"WebSite\",\"@id\":\"https:\/\/zoo-land.az\/#website\",\"url\":\"https:\/\/zoo-land.az\/\",\"name\":\"Zooland.az\",\"description\":\"Xo\u015fb\u0259xt ev heyvanlar\u0131n\u0131n \u00fcnvan\u0131 Zooland.az\",\"publisher\":{\"@id\":\"https:\/\/zoo-land.az\/#organization\"},\"potentialAction\":[{\"@type\":\"SearchAction\",\"target\":{\"@type\":\"EntryPoint\",\"urlTemplate\":\"https:\/\/zoo-land.az\/?s={search_term_string}\"},\"query-input\":{\"@type\":\"PropertyValueSpecification\",\"valueRequired\":true,\"valueName\":\"search_term_string\"}}],\"inLanguage\":\"az\"},{\"@type\":\"Organization\",\"@id\":\"https:\/\/zoo-land.az\/#organization\",\"name\":\"Zooland.az\",\"url\":\"https:\/\/zoo-land.az\/\",\"logo\":{\"@type\":\"ImageObject\",\"inLanguage\":\"az\",\"@id\":\"https:\/\/zoo-land.az\/#\/schema\/logo\/image\/\",\"url\":\"https:\/\/zoo-land.az\/wp-content\/uploads\/2022\/05\/logo.svg\",\"contentUrl\":\"https:\/\/zoo-land.az\/wp-content\/uploads\/2022\/05\/logo.svg\",\"width\":113,\"height\":46,\"caption\":\"Zooland.az\"},\"image\":{\"@id\":\"https:\/\/zoo-land.az\/#\/schema\/logo\/image\/\"}}]}<\/script>\n<!-- \/ Yoast SEO plugin. -->","yoast_head_json":{"title":"Amiplay Miami T-shirt 30 cm green - Zooland.az","robots":{"index":"index","follow":"follow","max-snippet":"max-snippet:-1","max-image-preview":"max-image-preview:large","max-video-preview":"max-video-preview:-1"},"canonical":"https:\/\/zoo-land.az\/az\/shop\/dog\/dog-clothes-shoes\/dog-clothes-summer\/amiplay-miami-t-shirt-30-cm-green\/","og_locale":"az_AZ","og_type":"article","og_title":"Amiplay Miami T-shirt 30 cm green - Zooland.az","og_description":"The Amiplay Miami T-shirt is an airy and comfortable shirt with sleeves that do not restrict the dog's movements, allowing your pet to feel at ease. It's a shirt designed to provide comfort and a great look for your furry companion.","og_url":"https:\/\/zoo-land.az\/az\/shop\/dog\/dog-clothes-shoes\/dog-clothes-summer\/amiplay-miami-t-shirt-30-cm-green\/","og_site_name":"Zooland.az","og_image":[{"width":1680,"height":1260,"url":"https:\/\/zoo-land.az\/wp-content\/uploads\/2024\/06\/455922-8ee2b047806c3da2572b3ee0a30ff3ba.webp","type":"image\/webp"}],"twitter_card":"summary_large_image","twitter_misc":{"Est. reading time":"1 minute"},"schema":{"@context":"https:\/\/schema.org","@graph":[{"@type":"WebPage","@id":"https:\/\/zoo-land.az\/shop\/dog\/dog-clothes-shoes\/dog-clothes-summer\/amiplay-miami-t-shirt-30-cm-green\/","url":"https:\/\/zoo-land.az\/shop\/dog\/dog-clothes-shoes\/dog-clothes-summer\/amiplay-miami-t-shirt-30-cm-green\/","name":"Amiplay Miami T-shirt 30 cm green - Zooland.az","isPartOf":{"@id":"https:\/\/zoo-land.az\/#website"},"primaryImageOfPage":{"@id":"https:\/\/zoo-land.az\/shop\/dog\/dog-clothes-shoes\/dog-clothes-summer\/amiplay-miami-t-shirt-30-cm-green\/#primaryimage"},"image":{"@id":"https:\/\/zoo-land.az\/shop\/dog\/dog-clothes-shoes\/dog-clothes-summer\/amiplay-miami-t-shirt-30-cm-green\/#primaryimage"},"thumbnailUrl":"https:\/\/zoo-land.az\/wp-content\/uploads\/2024\/06\/455922-8ee2b047806c3da2572b3ee0a30ff3ba.webp","datePublished":"2024-06-21T10:23:33+00:00","breadcrumb":{"@id":"https:\/\/zoo-land.az\/shop\/dog\/dog-clothes-shoes\/dog-clothes-summer\/amiplay-miami-t-shirt-30-cm-green\/#breadcrumb"},"inLanguage":"az","potentialAction":[{"@type":"ReadAction","target":["https:\/\/zoo-land.az\/shop\/dog\/dog-clothes-shoes\/dog-clothes-summer\/amiplay-miami-t-shirt-30-cm-green\/"]}]},{"@type":"ImageObject","inLanguage":"az","@id":"https:\/\/zoo-land.az\/shop\/dog\/dog-clothes-shoes\/dog-clothes-summer\/amiplay-miami-t-shirt-30-cm-green\/#primaryimage","url":"https:\/\/zoo-land.az\/wp-content\/uploads\/2024\/06\/455922-8ee2b047806c3da2572b3ee0a30ff3ba.webp","contentUrl":"https:\/\/zoo-land.az\/wp-content\/uploads\/2024\/06\/455922-8ee2b047806c3da2572b3ee0a30ff3ba.webp","width":1680,"height":1260},{"@type":"BreadcrumbList","@id":"https:\/\/zoo-land.az\/shop\/dog\/dog-clothes-shoes\/dog-clothes-summer\/amiplay-miami-t-shirt-30-cm-green\/#breadcrumb","itemListElement":[{"@type":"ListItem","position":1,"name":"Home","item":"https:\/\/zoo-land.az\/ru\/"},{"@type":"ListItem","position":2,"name":"Shop","item":"https:\/\/zoo-land.az\/ru\/"},{"@type":"ListItem","position":3,"name":"Amiplay Miami T-shirt 30 cm green"}]},{"@type":"WebSite","@id":"https:\/\/zoo-land.az\/#website","url":"https:\/\/zoo-land.az\/","name":"Zooland.az","description":"Xo\u015fb\u0259xt ev heyvanlar\u0131n\u0131n \u00fcnvan\u0131 Zooland.az","publisher":{"@id":"https:\/\/zoo-land.az\/#organization"},"potentialAction":[{"@type":"SearchAction","target":{"@type":"EntryPoint","urlTemplate":"https:\/\/zoo-land.az\/?s={search_term_string}"},"query-input":{"@type":"PropertyValueSpecification","valueRequired":true,"valueName":"search_term_string"}}],"inLanguage":"az"},{"@type":"Organization","@id":"https:\/\/zoo-land.az\/#organization","name":"Zooland.az","url":"https:\/\/zoo-land.az\/","logo":{"@type":"ImageObject","inLanguage":"az","@id":"https:\/\/zoo-land.az\/#\/schema\/logo\/image\/","url":"https:\/\/zoo-land.az\/wp-content\/uploads\/2022\/05\/logo.svg","contentUrl":"https:\/\/zoo-land.az\/wp-content\/uploads\/2022\/05\/logo.svg","width":113,"height":46,"caption":"Zooland.az"},"image":{"@id":"https:\/\/zoo-land.az\/#\/schema\/logo\/image\/"}}]}},"_links":{"self":[{"href":"https:\/\/zoo-land.az\/az\/wp-json\/wp\/v2\/product\/24298","targetHints":{"allow":["GET"]}}],"collection":[{"href":"https:\/\/zoo-land.az\/az\/wp-json\/wp\/v2\/product"}],"about":[{"href":"https:\/\/zoo-land.az\/az\/wp-json\/wp\/v2\/types\/product"}],"wp:featuredmedia":[{"embeddable":true,"href":"https:\/\/zoo-land.az\/az\/wp-json\/wp\/v2\/media\/24299"}],"wp:attachment":[{"href":"https:\/\/zoo-land.az\/az\/wp-json\/wp\/v2\/media?parent=24298"}],"wp:term":[{"taxonomy":"product_cat","embeddable":true,"href":"https:\/\/zoo-land.az\/az\/wp-json\/wp\/v2\/product_cat?post=24298"},{"taxonomy":"product_tag","embeddable":true,"href":"https:\/\/zoo-land.az\/az\/wp-json\/wp\/v2\/product_tag?post=24298"}],"curies":[{"name":"wp","href":"https:\/\/api.w.org\/{rel}","templated":true}]}}