{"id":24308,"date":"2024-06-21T10:32:22","date_gmt":"2024-06-21T10:32:22","guid":{"rendered":"https:\/\/lightsteelblue-zebra-299715.hostingersite.com\/?post_type=product&#038;p=24308"},"modified":"2024-06-21T10:32:46","modified_gmt":"2024-06-21T10:32:46","slug":"amiplay-miami-t-shirt-30-cm-blue","status":"publish","type":"product","link":"https:\/\/zoo-land.az\/az\/shop\/dog\/dog-clothes-shoes\/dog-clothes-summer\/amiplay-miami-t-shirt-30-cm-blue\/","title":{"rendered":"Amiplay Miami k\u00f6yn\u0259yi 30 sm mavi"},"content":{"rendered":"<p>Klassik Mayami k\u00f6yn\u0259yi ki\u00e7ik itl\u0259r \u00fc\u00e7\u00fcn g\u00fcnd\u0259lik yaz-yay geyim x\u0259ttidir. 4 \u00f6l\u00e7\u00fc v\u0259 4 r\u0259ng variant\u0131nda m\u00f6vcuddur. \u00d6n t\u0259r\u0259fd\u0259, yuxar\u0131 sa\u011f k\u00fcncd\u0259 AMIPLAY UNIVERSITY 2002-nin \u201cA\u201d h\u0259rfi il\u0259 nax\u0131\u015fl\u0131 simvolu var ki, bu da brendin v\u0259 onun m\u0259hsullar\u0131n\u0131n zamans\u0131z t\u0259bi\u0259tini simvolla\u015fd\u0131r\u0131r.<\/p>","protected":false},"excerpt":{"rendered":"<p>Klassik Mayami k\u00f6yn\u0259yi ki\u00e7ik itl\u0259r \u00fc\u00e7\u00fcn g\u00fcnd\u0259lik yaz-yay geyim x\u0259ttidir. 4 \u00f6l\u00e7\u00fc v\u0259 4 r\u0259ng variant\u0131nda m\u00f6vcuddur. \u00d6n t\u0259r\u0259fd\u0259, yuxar\u0131 sa\u011f k\u00fcncd\u0259 AMIPLAY UNIVERSITY 2002-nin \u201cA\u201d h\u0259rfi il\u0259 nax\u0131\u015fl\u0131 simvolu var ki, bu da brendin v\u0259 onun m\u0259hsullar\u0131n\u0131n zamans\u0131z t\u0259bi\u0259tini simvolla\u015fd\u0131r\u0131r.<\/p>","protected":false},"featured_media":24306,"template":"","meta":{"inline_featured_image":false,"_joinchat":[]},"product_cat":[181,183,107],"product_tag":[],"class_list":{"0":"post-24308","1":"product","2":"type-product","3":"status-publish","4":"has-post-thumbnail","6":"product_brand-amiplay","7":"product_cat-dog-clothes-shoes","8":"product_cat-dog-clothes-summer","9":"product_cat-dog","11":"first","12":"instock","13":"shipping-taxable","14":"purchasable","15":"product-type-simple"},"yoast_head":"<!-- This site is optimized with the Yoast SEO plugin v26.7 - https:\/\/yoast.com\/wordpress\/plugins\/seo\/ -->\n<title>Amiplay Miami T-shirt 30 cm blue - Zooland.az<\/title>\n<meta name=\"robots\" content=\"index, follow, max-snippet:-1, max-image-preview:large, max-video-preview:-1\" \/>\n<link rel=\"canonical\" href=\"https:\/\/zoo-land.az\/az\/shop\/dog\/dog-clothes-shoes\/dog-clothes-summer\/amiplay-miami-t-shirt-30-cm-blue\/\" \/>\n<meta property=\"og:locale\" content=\"az_AZ\" \/>\n<meta property=\"og:type\" content=\"article\" \/>\n<meta property=\"og:title\" content=\"Amiplay Miami T-shirt 30 cm blue - Zooland.az\" \/>\n<meta property=\"og:description\" content=\"The classic Miami T-shirt is a line of everyday spring-summer clothing for small dogs. It&#039;s available in 4 sizes and 4 color options. On the front, in the upper right corner, there is an embroidered symbol of AMIPLAY UNIVERSITY 2002 with the letter &quot;A,&quot; symbolizing the timeless nature of the brand and its products.\" \/>\n<meta property=\"og:url\" content=\"https:\/\/zoo-land.az\/az\/shop\/dog\/dog-clothes-shoes\/dog-clothes-summer\/amiplay-miami-t-shirt-30-cm-blue\/\" \/>\n<meta property=\"og:site_name\" content=\"Zooland.az\" \/>\n<meta property=\"article:modified_time\" content=\"2024-06-21T10:32:46+00:00\" \/>\n<meta property=\"og:image\" content=\"https:\/\/zoo-land.az\/wp-content\/uploads\/2024\/06\/741694-bd88653619b097b0de6a6d84b2d55059.jpg\" \/>\n\t<meta property=\"og:image:width\" content=\"1680\" \/>\n\t<meta property=\"og:image:height\" content=\"1260\" \/>\n\t<meta property=\"og:image:type\" content=\"image\/jpeg\" \/>\n<meta name=\"twitter:card\" content=\"summary_large_image\" \/>\n<meta name=\"twitter:label1\" content=\"Est. reading time\" \/>\n\t<meta name=\"twitter:data1\" content=\"1 minute\" \/>\n<script type=\"application\/ld+json\" class=\"yoast-schema-graph\">{\"@context\":\"https:\/\/schema.org\",\"@graph\":[{\"@type\":\"WebPage\",\"@id\":\"https:\/\/zoo-land.az\/az\/shop\/dog\/dog-clothes-shoes\/dog-clothes-summer\/amiplay-miami-t-shirt-30-cm-blue\/\",\"url\":\"https:\/\/zoo-land.az\/az\/shop\/dog\/dog-clothes-shoes\/dog-clothes-summer\/amiplay-miami-t-shirt-30-cm-blue\/\",\"name\":\"Amiplay Miami T-shirt 30 cm blue - Zooland.az\",\"isPartOf\":{\"@id\":\"https:\/\/zoo-land.az\/#website\"},\"primaryImageOfPage\":{\"@id\":\"https:\/\/zoo-land.az\/az\/shop\/dog\/dog-clothes-shoes\/dog-clothes-summer\/amiplay-miami-t-shirt-30-cm-blue\/#primaryimage\"},\"image\":{\"@id\":\"https:\/\/zoo-land.az\/az\/shop\/dog\/dog-clothes-shoes\/dog-clothes-summer\/amiplay-miami-t-shirt-30-cm-blue\/#primaryimage\"},\"thumbnailUrl\":\"https:\/\/zoo-land.az\/wp-content\/uploads\/2024\/06\/741694-bd88653619b097b0de6a6d84b2d55059.jpg\",\"datePublished\":\"2024-06-21T10:32:22+00:00\",\"dateModified\":\"2024-06-21T10:32:46+00:00\",\"breadcrumb\":{\"@id\":\"https:\/\/zoo-land.az\/az\/shop\/dog\/dog-clothes-shoes\/dog-clothes-summer\/amiplay-miami-t-shirt-30-cm-blue\/#breadcrumb\"},\"inLanguage\":\"az\",\"potentialAction\":[{\"@type\":\"ReadAction\",\"target\":[\"https:\/\/zoo-land.az\/az\/shop\/dog\/dog-clothes-shoes\/dog-clothes-summer\/amiplay-miami-t-shirt-30-cm-blue\/\"]}]},{\"@type\":\"ImageObject\",\"inLanguage\":\"az\",\"@id\":\"https:\/\/zoo-land.az\/az\/shop\/dog\/dog-clothes-shoes\/dog-clothes-summer\/amiplay-miami-t-shirt-30-cm-blue\/#primaryimage\",\"url\":\"https:\/\/zoo-land.az\/wp-content\/uploads\/2024\/06\/741694-bd88653619b097b0de6a6d84b2d55059.jpg\",\"contentUrl\":\"https:\/\/zoo-land.az\/wp-content\/uploads\/2024\/06\/741694-bd88653619b097b0de6a6d84b2d55059.jpg\",\"width\":1680,\"height\":1260},{\"@type\":\"BreadcrumbList\",\"@id\":\"https:\/\/zoo-land.az\/az\/shop\/dog\/dog-clothes-shoes\/dog-clothes-summer\/amiplay-miami-t-shirt-30-cm-blue\/#breadcrumb\",\"itemListElement\":[{\"@type\":\"ListItem\",\"position\":1,\"name\":\"Home\",\"item\":\"https:\/\/zoo-land.az\/ru\/\"},{\"@type\":\"ListItem\",\"position\":2,\"name\":\"Shop\",\"item\":\"https:\/\/zoo-land.az\/ru\/\"},{\"@type\":\"ListItem\",\"position\":3,\"name\":\"Amiplay Miami T-shirt 30 cm blue\"}]},{\"@type\":\"WebSite\",\"@id\":\"https:\/\/zoo-land.az\/#website\",\"url\":\"https:\/\/zoo-land.az\/\",\"name\":\"Zooland.az\",\"description\":\"Xo\u015fb\u0259xt ev heyvanlar\u0131n\u0131n \u00fcnvan\u0131 Zooland.az\",\"publisher\":{\"@id\":\"https:\/\/zoo-land.az\/#organization\"},\"potentialAction\":[{\"@type\":\"SearchAction\",\"target\":{\"@type\":\"EntryPoint\",\"urlTemplate\":\"https:\/\/zoo-land.az\/?s={search_term_string}\"},\"query-input\":{\"@type\":\"PropertyValueSpecification\",\"valueRequired\":true,\"valueName\":\"search_term_string\"}}],\"inLanguage\":\"az\"},{\"@type\":\"Organization\",\"@id\":\"https:\/\/zoo-land.az\/#organization\",\"name\":\"Zooland.az\",\"url\":\"https:\/\/zoo-land.az\/\",\"logo\":{\"@type\":\"ImageObject\",\"inLanguage\":\"az\",\"@id\":\"https:\/\/zoo-land.az\/#\/schema\/logo\/image\/\",\"url\":\"https:\/\/zoo-land.az\/wp-content\/uploads\/2022\/05\/logo.svg\",\"contentUrl\":\"https:\/\/zoo-land.az\/wp-content\/uploads\/2022\/05\/logo.svg\",\"width\":113,\"height\":46,\"caption\":\"Zooland.az\"},\"image\":{\"@id\":\"https:\/\/zoo-land.az\/#\/schema\/logo\/image\/\"}}]}<\/script>\n<!-- \/ Yoast SEO plugin. -->","yoast_head_json":{"title":"Amiplay Miami T-shirt 30 cm blue - Zooland.az","robots":{"index":"index","follow":"follow","max-snippet":"max-snippet:-1","max-image-preview":"max-image-preview:large","max-video-preview":"max-video-preview:-1"},"canonical":"https:\/\/zoo-land.az\/az\/shop\/dog\/dog-clothes-shoes\/dog-clothes-summer\/amiplay-miami-t-shirt-30-cm-blue\/","og_locale":"az_AZ","og_type":"article","og_title":"Amiplay Miami T-shirt 30 cm blue - Zooland.az","og_description":"The classic Miami T-shirt is a line of everyday spring-summer clothing for small dogs. It's available in 4 sizes and 4 color options. On the front, in the upper right corner, there is an embroidered symbol of AMIPLAY UNIVERSITY 2002 with the letter \"A,\" symbolizing the timeless nature of the brand and its products.","og_url":"https:\/\/zoo-land.az\/az\/shop\/dog\/dog-clothes-shoes\/dog-clothes-summer\/amiplay-miami-t-shirt-30-cm-blue\/","og_site_name":"Zooland.az","article_modified_time":"2024-06-21T10:32:46+00:00","og_image":[{"width":1680,"height":1260,"url":"https:\/\/zoo-land.az\/wp-content\/uploads\/2024\/06\/741694-bd88653619b097b0de6a6d84b2d55059.jpg","type":"image\/jpeg"}],"twitter_card":"summary_large_image","twitter_misc":{"Est. reading time":"1 minute"},"schema":{"@context":"https:\/\/schema.org","@graph":[{"@type":"WebPage","@id":"https:\/\/zoo-land.az\/az\/shop\/dog\/dog-clothes-shoes\/dog-clothes-summer\/amiplay-miami-t-shirt-30-cm-blue\/","url":"https:\/\/zoo-land.az\/az\/shop\/dog\/dog-clothes-shoes\/dog-clothes-summer\/amiplay-miami-t-shirt-30-cm-blue\/","name":"Amiplay Miami T-shirt 30 cm blue - Zooland.az","isPartOf":{"@id":"https:\/\/zoo-land.az\/#website"},"primaryImageOfPage":{"@id":"https:\/\/zoo-land.az\/az\/shop\/dog\/dog-clothes-shoes\/dog-clothes-summer\/amiplay-miami-t-shirt-30-cm-blue\/#primaryimage"},"image":{"@id":"https:\/\/zoo-land.az\/az\/shop\/dog\/dog-clothes-shoes\/dog-clothes-summer\/amiplay-miami-t-shirt-30-cm-blue\/#primaryimage"},"thumbnailUrl":"https:\/\/zoo-land.az\/wp-content\/uploads\/2024\/06\/741694-bd88653619b097b0de6a6d84b2d55059.jpg","datePublished":"2024-06-21T10:32:22+00:00","dateModified":"2024-06-21T10:32:46+00:00","breadcrumb":{"@id":"https:\/\/zoo-land.az\/az\/shop\/dog\/dog-clothes-shoes\/dog-clothes-summer\/amiplay-miami-t-shirt-30-cm-blue\/#breadcrumb"},"inLanguage":"az","potentialAction":[{"@type":"ReadAction","target":["https:\/\/zoo-land.az\/az\/shop\/dog\/dog-clothes-shoes\/dog-clothes-summer\/amiplay-miami-t-shirt-30-cm-blue\/"]}]},{"@type":"ImageObject","inLanguage":"az","@id":"https:\/\/zoo-land.az\/az\/shop\/dog\/dog-clothes-shoes\/dog-clothes-summer\/amiplay-miami-t-shirt-30-cm-blue\/#primaryimage","url":"https:\/\/zoo-land.az\/wp-content\/uploads\/2024\/06\/741694-bd88653619b097b0de6a6d84b2d55059.jpg","contentUrl":"https:\/\/zoo-land.az\/wp-content\/uploads\/2024\/06\/741694-bd88653619b097b0de6a6d84b2d55059.jpg","width":1680,"height":1260},{"@type":"BreadcrumbList","@id":"https:\/\/zoo-land.az\/az\/shop\/dog\/dog-clothes-shoes\/dog-clothes-summer\/amiplay-miami-t-shirt-30-cm-blue\/#breadcrumb","itemListElement":[{"@type":"ListItem","position":1,"name":"Home","item":"https:\/\/zoo-land.az\/ru\/"},{"@type":"ListItem","position":2,"name":"Shop","item":"https:\/\/zoo-land.az\/ru\/"},{"@type":"ListItem","position":3,"name":"Amiplay Miami T-shirt 30 cm blue"}]},{"@type":"WebSite","@id":"https:\/\/zoo-land.az\/#website","url":"https:\/\/zoo-land.az\/","name":"Zooland.az","description":"Xo\u015fb\u0259xt ev heyvanlar\u0131n\u0131n \u00fcnvan\u0131 Zooland.az","publisher":{"@id":"https:\/\/zoo-land.az\/#organization"},"potentialAction":[{"@type":"SearchAction","target":{"@type":"EntryPoint","urlTemplate":"https:\/\/zoo-land.az\/?s={search_term_string}"},"query-input":{"@type":"PropertyValueSpecification","valueRequired":true,"valueName":"search_term_string"}}],"inLanguage":"az"},{"@type":"Organization","@id":"https:\/\/zoo-land.az\/#organization","name":"Zooland.az","url":"https:\/\/zoo-land.az\/","logo":{"@type":"ImageObject","inLanguage":"az","@id":"https:\/\/zoo-land.az\/#\/schema\/logo\/image\/","url":"https:\/\/zoo-land.az\/wp-content\/uploads\/2022\/05\/logo.svg","contentUrl":"https:\/\/zoo-land.az\/wp-content\/uploads\/2022\/05\/logo.svg","width":113,"height":46,"caption":"Zooland.az"},"image":{"@id":"https:\/\/zoo-land.az\/#\/schema\/logo\/image\/"}}]}},"_links":{"self":[{"href":"https:\/\/zoo-land.az\/az\/wp-json\/wp\/v2\/product\/24308","targetHints":{"allow":["GET"]}}],"collection":[{"href":"https:\/\/zoo-land.az\/az\/wp-json\/wp\/v2\/product"}],"about":[{"href":"https:\/\/zoo-land.az\/az\/wp-json\/wp\/v2\/types\/product"}],"wp:featuredmedia":[{"embeddable":true,"href":"https:\/\/zoo-land.az\/az\/wp-json\/wp\/v2\/media\/24306"}],"wp:attachment":[{"href":"https:\/\/zoo-land.az\/az\/wp-json\/wp\/v2\/media?parent=24308"}],"wp:term":[{"taxonomy":"product_cat","embeddable":true,"href":"https:\/\/zoo-land.az\/az\/wp-json\/wp\/v2\/product_cat?post=24308"},{"taxonomy":"product_tag","embeddable":true,"href":"https:\/\/zoo-land.az\/az\/wp-json\/wp\/v2\/product_tag?post=24308"}],"curies":[{"name":"wp","href":"https:\/\/api.w.org\/{rel}","templated":true}]}}