{"id":24319,"date":"2024-06-21T10:45:53","date_gmt":"2024-06-21T10:45:53","guid":{"rendered":"https:\/\/lightsteelblue-zebra-299715.hostingersite.com\/?post_type=product&#038;p=24319"},"modified":"2024-06-21T12:28:57","modified_gmt":"2024-06-21T12:28:57","slug":"raincoat-blanket-bristol-58-cm-camouflage","status":"publish","type":"product","link":"https:\/\/zoo-land.az\/az\/shop\/dog\/dog-clothes-shoes\/dog-clothes-winter\/raincoat-blanket-bristol-58-cm-camouflage\/","title":{"rendered":"Raincoat blanket Bristol 58 cm camouflage"},"content":{"rendered":"<p>Amiplay Bristol raincoat blanket guarantees protection from rain and moisture throughout the year. It can be worn over clothing in winter and directly on the body in summer. Made from high-quality waterproof fabric, it ensures durability and effectiveness. The Velcro fastenings around the belly and neck ensure a perfect fit, while the back opening allows for easy leash attachment.<\/p>","protected":false},"excerpt":{"rendered":"<p>Amiplay Bristol raincoat blanket guarantees protection from rain and moisture throughout the year. It can be worn over clothing in winter and directly on the body in summer. Made from high-quality waterproof fabric, it ensures durability and effectiveness. The Velcro fastenings around the belly and neck ensure a perfect fit, while the back opening allows for easy leash attachment.<\/p>","protected":false},"featured_media":24321,"template":"","meta":{"inline_featured_image":false,"_joinchat":[]},"product_cat":[181,182,107],"product_tag":[],"class_list":{"0":"post-24319","1":"product","2":"type-product","3":"status-publish","4":"has-post-thumbnail","6":"product_brand-bristol","7":"product_cat-dog-clothes-shoes","8":"product_cat-dog-clothes-winter","9":"product_cat-dog","11":"first","12":"instock","13":"shipping-taxable","14":"purchasable","15":"product-type-simple"},"yoast_head":"<!-- This site is optimized with the Yoast SEO plugin v27.4 - https:\/\/yoast.com\/product\/yoast-seo-wordpress\/ -->\n<title>Raincoat blanket Bristol 58 cm camouflage - Zooland.az<\/title>\n<meta name=\"robots\" content=\"index, follow, max-snippet:-1, max-image-preview:large, max-video-preview:-1\" \/>\n<link rel=\"canonical\" href=\"https:\/\/zoo-land.az\/az\/shop\/dog\/dog-clothes-shoes\/dog-clothes-winter\/raincoat-blanket-bristol-58-cm-camouflage\/\" \/>\n<meta property=\"og:locale\" content=\"az_AZ\" \/>\n<meta property=\"og:type\" content=\"article\" \/>\n<meta property=\"og:title\" content=\"Raincoat blanket Bristol 58 cm camouflage - Zooland.az\" \/>\n<meta property=\"og:description\" content=\"Amiplay Bristol raincoat blanket guarantees protection from rain and moisture throughout the year. It can be worn over clothing in winter and directly on the body in summer. Made from high-quality waterproof fabric, it ensures durability and effectiveness. The Velcro fastenings around the belly and neck ensure a perfect fit, while the back opening allows for easy leash attachment.\" \/>\n<meta property=\"og:url\" content=\"https:\/\/zoo-land.az\/az\/shop\/dog\/dog-clothes-shoes\/dog-clothes-winter\/raincoat-blanket-bristol-58-cm-camouflage\/\" \/>\n<meta property=\"og:site_name\" content=\"Zooland.az\" \/>\n<meta property=\"article:modified_time\" content=\"2024-06-21T12:28:57+00:00\" \/>\n<meta property=\"og:image\" content=\"https:\/\/zoo-land.az\/wp-content\/uploads\/2024\/06\/741687-68f9f04dc06dfa5c9636eab1ae48eb9c.png\" \/>\n\t<meta property=\"og:image:width\" content=\"840\" \/>\n\t<meta property=\"og:image:height\" content=\"840\" \/>\n\t<meta property=\"og:image:type\" content=\"image\/png\" \/>\n<meta name=\"twitter:card\" content=\"summary_large_image\" \/>\n<meta name=\"twitter:label1\" content=\"Est. reading time\" \/>\n\t<meta name=\"twitter:data1\" content=\"1 minute\" \/>\n<script type=\"application\/ld+json\" class=\"yoast-schema-graph\">{\"@context\":\"https:\\\/\\\/schema.org\",\"@graph\":[{\"@type\":\"WebPage\",\"@id\":\"https:\\\/\\\/zoo-land.az\\\/shop\\\/dog\\\/dog-clothes-shoes\\\/dog-clothes-winter\\\/raincoat-blanket-bristol-58-cm-camouflage\\\/\",\"url\":\"https:\\\/\\\/zoo-land.az\\\/shop\\\/dog\\\/dog-clothes-shoes\\\/dog-clothes-winter\\\/raincoat-blanket-bristol-58-cm-camouflage\\\/\",\"name\":\"Raincoat blanket Bristol 58 cm camouflage - Zooland.az\",\"isPartOf\":{\"@id\":\"https:\\\/\\\/zoo-land.az\\\/#website\"},\"primaryImageOfPage\":{\"@id\":\"https:\\\/\\\/zoo-land.az\\\/shop\\\/dog\\\/dog-clothes-shoes\\\/dog-clothes-winter\\\/raincoat-blanket-bristol-58-cm-camouflage\\\/#primaryimage\"},\"image\":{\"@id\":\"https:\\\/\\\/zoo-land.az\\\/shop\\\/dog\\\/dog-clothes-shoes\\\/dog-clothes-winter\\\/raincoat-blanket-bristol-58-cm-camouflage\\\/#primaryimage\"},\"thumbnailUrl\":\"https:\\\/\\\/zoo-land.az\\\/wp-content\\\/uploads\\\/2024\\\/06\\\/741687-68f9f04dc06dfa5c9636eab1ae48eb9c.png\",\"datePublished\":\"2024-06-21T10:45:53+00:00\",\"dateModified\":\"2024-06-21T12:28:57+00:00\",\"breadcrumb\":{\"@id\":\"https:\\\/\\\/zoo-land.az\\\/shop\\\/dog\\\/dog-clothes-shoes\\\/dog-clothes-winter\\\/raincoat-blanket-bristol-58-cm-camouflage\\\/#breadcrumb\"},\"inLanguage\":\"az\",\"potentialAction\":[{\"@type\":\"ReadAction\",\"target\":[\"https:\\\/\\\/zoo-land.az\\\/shop\\\/dog\\\/dog-clothes-shoes\\\/dog-clothes-winter\\\/raincoat-blanket-bristol-58-cm-camouflage\\\/\"]}]},{\"@type\":\"ImageObject\",\"inLanguage\":\"az\",\"@id\":\"https:\\\/\\\/zoo-land.az\\\/shop\\\/dog\\\/dog-clothes-shoes\\\/dog-clothes-winter\\\/raincoat-blanket-bristol-58-cm-camouflage\\\/#primaryimage\",\"url\":\"https:\\\/\\\/zoo-land.az\\\/wp-content\\\/uploads\\\/2024\\\/06\\\/741687-68f9f04dc06dfa5c9636eab1ae48eb9c.png\",\"contentUrl\":\"https:\\\/\\\/zoo-land.az\\\/wp-content\\\/uploads\\\/2024\\\/06\\\/741687-68f9f04dc06dfa5c9636eab1ae48eb9c.png\",\"width\":840,\"height\":840},{\"@type\":\"BreadcrumbList\",\"@id\":\"https:\\\/\\\/zoo-land.az\\\/shop\\\/dog\\\/dog-clothes-shoes\\\/dog-clothes-winter\\\/raincoat-blanket-bristol-58-cm-camouflage\\\/#breadcrumb\",\"itemListElement\":[{\"@type\":\"ListItem\",\"position\":1,\"name\":\"Home\",\"item\":\"https:\\\/\\\/zoo-land.az\\\/ru\\\/\"},{\"@type\":\"ListItem\",\"position\":2,\"name\":\"Shop\",\"item\":\"https:\\\/\\\/zoo-land.az\\\/ru\\\/\"},{\"@type\":\"ListItem\",\"position\":3,\"name\":\"Raincoat blanket Bristol 58 cm camouflage\"}]},{\"@type\":\"WebSite\",\"@id\":\"https:\\\/\\\/zoo-land.az\\\/#website\",\"url\":\"https:\\\/\\\/zoo-land.az\\\/\",\"name\":\"Zooland.az\",\"description\":\"Xo\u015fb\u0259xt ev heyvanlar\u0131n\u0131n \u00fcnvan\u0131 Zooland.az\",\"publisher\":{\"@id\":\"https:\\\/\\\/zoo-land.az\\\/#organization\"},\"potentialAction\":[{\"@type\":\"SearchAction\",\"target\":{\"@type\":\"EntryPoint\",\"urlTemplate\":\"https:\\\/\\\/zoo-land.az\\\/?s={search_term_string}\"},\"query-input\":{\"@type\":\"PropertyValueSpecification\",\"valueRequired\":true,\"valueName\":\"search_term_string\"}}],\"inLanguage\":\"az\"},{\"@type\":\"Organization\",\"@id\":\"https:\\\/\\\/zoo-land.az\\\/#organization\",\"name\":\"Zooland.az\",\"url\":\"https:\\\/\\\/zoo-land.az\\\/\",\"logo\":{\"@type\":\"ImageObject\",\"inLanguage\":\"az\",\"@id\":\"https:\\\/\\\/zoo-land.az\\\/#\\\/schema\\\/logo\\\/image\\\/\",\"url\":\"https:\\\/\\\/zoo-land.az\\\/wp-content\\\/uploads\\\/2022\\\/05\\\/logo.svg\",\"contentUrl\":\"https:\\\/\\\/zoo-land.az\\\/wp-content\\\/uploads\\\/2022\\\/05\\\/logo.svg\",\"width\":113,\"height\":46,\"caption\":\"Zooland.az\"},\"image\":{\"@id\":\"https:\\\/\\\/zoo-land.az\\\/#\\\/schema\\\/logo\\\/image\\\/\"}}]}<\/script>\n<!-- \/ Yoast SEO plugin. -->","yoast_head_json":{"title":"Raincoat blanket Bristol 58 cm camouflage - Zooland.az","robots":{"index":"index","follow":"follow","max-snippet":"max-snippet:-1","max-image-preview":"max-image-preview:large","max-video-preview":"max-video-preview:-1"},"canonical":"https:\/\/zoo-land.az\/az\/shop\/dog\/dog-clothes-shoes\/dog-clothes-winter\/raincoat-blanket-bristol-58-cm-camouflage\/","og_locale":"az_AZ","og_type":"article","og_title":"Raincoat blanket Bristol 58 cm camouflage - Zooland.az","og_description":"Amiplay Bristol raincoat blanket guarantees protection from rain and moisture throughout the year. It can be worn over clothing in winter and directly on the body in summer. Made from high-quality waterproof fabric, it ensures durability and effectiveness. The Velcro fastenings around the belly and neck ensure a perfect fit, while the back opening allows for easy leash attachment.","og_url":"https:\/\/zoo-land.az\/az\/shop\/dog\/dog-clothes-shoes\/dog-clothes-winter\/raincoat-blanket-bristol-58-cm-camouflage\/","og_site_name":"Zooland.az","article_modified_time":"2024-06-21T12:28:57+00:00","og_image":[{"width":840,"height":840,"url":"https:\/\/zoo-land.az\/wp-content\/uploads\/2024\/06\/741687-68f9f04dc06dfa5c9636eab1ae48eb9c.png","type":"image\/png"}],"twitter_card":"summary_large_image","twitter_misc":{"Est. reading time":"1 minute"},"schema":{"@context":"https:\/\/schema.org","@graph":[{"@type":"WebPage","@id":"https:\/\/zoo-land.az\/shop\/dog\/dog-clothes-shoes\/dog-clothes-winter\/raincoat-blanket-bristol-58-cm-camouflage\/","url":"https:\/\/zoo-land.az\/shop\/dog\/dog-clothes-shoes\/dog-clothes-winter\/raincoat-blanket-bristol-58-cm-camouflage\/","name":"Raincoat blanket Bristol 58 cm camouflage - Zooland.az","isPartOf":{"@id":"https:\/\/zoo-land.az\/#website"},"primaryImageOfPage":{"@id":"https:\/\/zoo-land.az\/shop\/dog\/dog-clothes-shoes\/dog-clothes-winter\/raincoat-blanket-bristol-58-cm-camouflage\/#primaryimage"},"image":{"@id":"https:\/\/zoo-land.az\/shop\/dog\/dog-clothes-shoes\/dog-clothes-winter\/raincoat-blanket-bristol-58-cm-camouflage\/#primaryimage"},"thumbnailUrl":"https:\/\/zoo-land.az\/wp-content\/uploads\/2024\/06\/741687-68f9f04dc06dfa5c9636eab1ae48eb9c.png","datePublished":"2024-06-21T10:45:53+00:00","dateModified":"2024-06-21T12:28:57+00:00","breadcrumb":{"@id":"https:\/\/zoo-land.az\/shop\/dog\/dog-clothes-shoes\/dog-clothes-winter\/raincoat-blanket-bristol-58-cm-camouflage\/#breadcrumb"},"inLanguage":"az","potentialAction":[{"@type":"ReadAction","target":["https:\/\/zoo-land.az\/shop\/dog\/dog-clothes-shoes\/dog-clothes-winter\/raincoat-blanket-bristol-58-cm-camouflage\/"]}]},{"@type":"ImageObject","inLanguage":"az","@id":"https:\/\/zoo-land.az\/shop\/dog\/dog-clothes-shoes\/dog-clothes-winter\/raincoat-blanket-bristol-58-cm-camouflage\/#primaryimage","url":"https:\/\/zoo-land.az\/wp-content\/uploads\/2024\/06\/741687-68f9f04dc06dfa5c9636eab1ae48eb9c.png","contentUrl":"https:\/\/zoo-land.az\/wp-content\/uploads\/2024\/06\/741687-68f9f04dc06dfa5c9636eab1ae48eb9c.png","width":840,"height":840},{"@type":"BreadcrumbList","@id":"https:\/\/zoo-land.az\/shop\/dog\/dog-clothes-shoes\/dog-clothes-winter\/raincoat-blanket-bristol-58-cm-camouflage\/#breadcrumb","itemListElement":[{"@type":"ListItem","position":1,"name":"Home","item":"https:\/\/zoo-land.az\/ru\/"},{"@type":"ListItem","position":2,"name":"Shop","item":"https:\/\/zoo-land.az\/ru\/"},{"@type":"ListItem","position":3,"name":"Raincoat blanket Bristol 58 cm camouflage"}]},{"@type":"WebSite","@id":"https:\/\/zoo-land.az\/#website","url":"https:\/\/zoo-land.az\/","name":"Zooland.az","description":"Xo\u015fb\u0259xt ev heyvanlar\u0131n\u0131n \u00fcnvan\u0131 Zooland.az","publisher":{"@id":"https:\/\/zoo-land.az\/#organization"},"potentialAction":[{"@type":"SearchAction","target":{"@type":"EntryPoint","urlTemplate":"https:\/\/zoo-land.az\/?s={search_term_string}"},"query-input":{"@type":"PropertyValueSpecification","valueRequired":true,"valueName":"search_term_string"}}],"inLanguage":"az"},{"@type":"Organization","@id":"https:\/\/zoo-land.az\/#organization","name":"Zooland.az","url":"https:\/\/zoo-land.az\/","logo":{"@type":"ImageObject","inLanguage":"az","@id":"https:\/\/zoo-land.az\/#\/schema\/logo\/image\/","url":"https:\/\/zoo-land.az\/wp-content\/uploads\/2022\/05\/logo.svg","contentUrl":"https:\/\/zoo-land.az\/wp-content\/uploads\/2022\/05\/logo.svg","width":113,"height":46,"caption":"Zooland.az"},"image":{"@id":"https:\/\/zoo-land.az\/#\/schema\/logo\/image\/"}}]}},"_links":{"self":[{"href":"https:\/\/zoo-land.az\/az\/wp-json\/wp\/v2\/product\/24319","targetHints":{"allow":["GET"]}}],"collection":[{"href":"https:\/\/zoo-land.az\/az\/wp-json\/wp\/v2\/product"}],"about":[{"href":"https:\/\/zoo-land.az\/az\/wp-json\/wp\/v2\/types\/product"}],"wp:featuredmedia":[{"embeddable":true,"href":"https:\/\/zoo-land.az\/az\/wp-json\/wp\/v2\/media\/24321"}],"wp:attachment":[{"href":"https:\/\/zoo-land.az\/az\/wp-json\/wp\/v2\/media?parent=24319"}],"wp:term":[{"taxonomy":"product_cat","embeddable":true,"href":"https:\/\/zoo-land.az\/az\/wp-json\/wp\/v2\/product_cat?post=24319"},{"taxonomy":"product_tag","embeddable":true,"href":"https:\/\/zoo-land.az\/az\/wp-json\/wp\/v2\/product_tag?post=24319"}],"curies":[{"name":"wp","href":"https:\/\/api.w.org\/{rel}","templated":true}]}}