{"id":24359,"date":"2024-06-21T12:03:28","date_gmt":"2024-06-21T12:03:28","guid":{"rendered":"https:\/\/lightsteelblue-zebra-299715.hostingersite.com\/?post_type=product&#038;p=24359"},"modified":"2024-06-21T12:03:59","modified_gmt":"2024-06-21T12:03:59","slug":"guard-samba-s-harness-orange","status":"publish","type":"product","link":"https:\/\/zoo-land.az\/az\/shop\/dog\/dog-accesories\/leash\/guard-samba-s-harness-orange\/","title":{"rendered":"Guard Samba S harness orange"},"content":{"rendered":"<p>T\u0259nziml\u0259n\u0259n qo\u015fqu Amiplay Guard Samba itl\u0259rin t\u0259l\u0259bl\u0259rin\u0259 v\u0259 anatomiyas\u0131na m\u00fck\u0259mm\u0259l cavab verir. H\u0259r\u0259k\u0259ti m\u0259hdudla\u015fd\u0131rm\u0131r, t\u0259zyiqin d\u00fczg\u00fcn paylanmas\u0131n\u0131 t\u0259min edir v\u0259 onur\u011fa s\u00fctununu rahatla\u015fd\u0131r\u0131r. Seriya a\u015f\u0131nmalar\u0131n v\u0259 s\u00fcrt\u00fcnm\u0259l\u0259rin qar\u015f\u0131s\u0131n\u0131 almaq \u00fc\u00e7\u00fcn i\u015fl\u0259nmi\u015f yum\u015faq lentd\u0259n haz\u0131rlanm\u0131\u015fd\u0131r. Qar\u0131\u015fqa taxmaq \u00fc\u00e7\u00fcn davaml\u0131 polad \u00fcz\u00fckl\u0259r ist\u0259nil\u0259n v\u0259ziyy\u0259td\u0259 t\u0259hl\u00fck\u0259sizliyi t\u0259min edir. Amiplay Guard Samba ev heyvan\u0131n\u0131zla g\u00fcnd\u0259lik g\u0259zintil\u0259r \u00fc\u00e7\u00fcn \u0259la se\u00e7imdir.<\/p>","protected":false},"excerpt":{"rendered":"<p>T\u0259nziml\u0259n\u0259n qo\u015fqu Amiplay Guard Samba itl\u0259rin t\u0259l\u0259bl\u0259rin\u0259 v\u0259 anatomiyas\u0131na m\u00fck\u0259mm\u0259l cavab verir. H\u0259r\u0259k\u0259ti m\u0259hdudla\u015fd\u0131rm\u0131r, t\u0259zyiqin d\u00fczg\u00fcn paylanmas\u0131n\u0131 t\u0259min edir v\u0259 onur\u011fa s\u00fctununu rahatla\u015fd\u0131r\u0131r. Seriya a\u015f\u0131nmalar\u0131n v\u0259 s\u00fcrt\u00fcnm\u0259l\u0259rin qar\u015f\u0131s\u0131n\u0131 almaq \u00fc\u00e7\u00fcn i\u015fl\u0259nmi\u015f yum\u015faq lentd\u0259n haz\u0131rlanm\u0131\u015fd\u0131r. Qar\u0131\u015fqa taxmaq \u00fc\u00e7\u00fcn davaml\u0131 polad \u00fcz\u00fckl\u0259r ist\u0259nil\u0259n v\u0259ziyy\u0259td\u0259 t\u0259hl\u00fck\u0259sizliyi t\u0259min edir. Amiplay Guard Samba ev heyvan\u0131n\u0131zla g\u00fcnd\u0259lik g\u0259zintil\u0259r \u00fc\u00e7\u00fcn \u0259la se\u00e7imdir.<\/p>","protected":false},"featured_media":24355,"template":"","meta":{"inline_featured_image":false,"_joinchat":[]},"product_cat":[159,107,396],"product_tag":[],"class_list":{"0":"post-24359","1":"product","2":"type-product","3":"status-publish","4":"has-post-thumbnail","6":"product_brand-amiplay","7":"product_cat-dog-accesories","8":"product_cat-dog","9":"product_cat-leash","11":"first","12":"instock","13":"shipping-taxable","14":"purchasable","15":"product-type-simple"},"yoast_head":"<!-- This site is optimized with the Yoast SEO plugin v27.4 - https:\/\/yoast.com\/product\/yoast-seo-wordpress\/ -->\n<title>Guard Samba S harness orange - Zooland.az<\/title>\n<meta name=\"robots\" content=\"index, follow, max-snippet:-1, max-image-preview:large, max-video-preview:-1\" \/>\n<link rel=\"canonical\" href=\"https:\/\/zoo-land.az\/az\/shop\/dog\/dog-accesories\/leash\/guard-samba-s-harness-orange\/\" \/>\n<meta property=\"og:locale\" content=\"az_AZ\" \/>\n<meta property=\"og:type\" content=\"article\" \/>\n<meta property=\"og:title\" content=\"Guard Samba S harness orange - Zooland.az\" \/>\n<meta property=\"og:description\" content=\"Adjustable harness Amiplay Guard Samba perfectly meets the requirements and anatomy of dogs. It does not restrict movement, ensuring proper distribution of pressure and relieving the spine. The series is made of soft tape processed to prevent abrasions and chafing. Durable steel rings for leash attachment ensure safety in any situation. Amiplay Guard Samba is an excellent choice for daily walks with your pet.\" \/>\n<meta property=\"og:url\" content=\"https:\/\/zoo-land.az\/az\/shop\/dog\/dog-accesories\/leash\/guard-samba-s-harness-orange\/\" \/>\n<meta property=\"og:site_name\" content=\"Zooland.az\" \/>\n<meta property=\"article:modified_time\" content=\"2024-06-21T12:03:59+00:00\" \/>\n<meta property=\"og:image\" content=\"https:\/\/zoo-land.az\/wp-content\/uploads\/2024\/06\/454933-6ce0ed58b5c27966beb634df6d5537a7.jpg\" \/>\n\t<meta property=\"og:image:width\" content=\"840\" \/>\n\t<meta property=\"og:image:height\" content=\"630\" \/>\n\t<meta property=\"og:image:type\" content=\"image\/jpeg\" \/>\n<meta name=\"twitter:card\" content=\"summary_large_image\" \/>\n<meta name=\"twitter:label1\" content=\"Est. reading time\" \/>\n\t<meta name=\"twitter:data1\" content=\"1 minute\" \/>\n<script type=\"application\/ld+json\" class=\"yoast-schema-graph\">{\"@context\":\"https:\\\/\\\/schema.org\",\"@graph\":[{\"@type\":\"WebPage\",\"@id\":\"https:\\\/\\\/zoo-land.az\\\/shop\\\/dog\\\/dog-accesories\\\/leash\\\/guard-samba-s-harness-orange\\\/\",\"url\":\"https:\\\/\\\/zoo-land.az\\\/shop\\\/dog\\\/dog-accesories\\\/leash\\\/guard-samba-s-harness-orange\\\/\",\"name\":\"Guard Samba S harness orange - Zooland.az\",\"isPartOf\":{\"@id\":\"https:\\\/\\\/zoo-land.az\\\/#website\"},\"primaryImageOfPage\":{\"@id\":\"https:\\\/\\\/zoo-land.az\\\/shop\\\/dog\\\/dog-accesories\\\/leash\\\/guard-samba-s-harness-orange\\\/#primaryimage\"},\"image\":{\"@id\":\"https:\\\/\\\/zoo-land.az\\\/shop\\\/dog\\\/dog-accesories\\\/leash\\\/guard-samba-s-harness-orange\\\/#primaryimage\"},\"thumbnailUrl\":\"https:\\\/\\\/zoo-land.az\\\/wp-content\\\/uploads\\\/2024\\\/06\\\/454933-6ce0ed58b5c27966beb634df6d5537a7.jpg\",\"datePublished\":\"2024-06-21T12:03:28+00:00\",\"dateModified\":\"2024-06-21T12:03:59+00:00\",\"breadcrumb\":{\"@id\":\"https:\\\/\\\/zoo-land.az\\\/shop\\\/dog\\\/dog-accesories\\\/leash\\\/guard-samba-s-harness-orange\\\/#breadcrumb\"},\"inLanguage\":\"az\",\"potentialAction\":[{\"@type\":\"ReadAction\",\"target\":[\"https:\\\/\\\/zoo-land.az\\\/shop\\\/dog\\\/dog-accesories\\\/leash\\\/guard-samba-s-harness-orange\\\/\"]}]},{\"@type\":\"ImageObject\",\"inLanguage\":\"az\",\"@id\":\"https:\\\/\\\/zoo-land.az\\\/shop\\\/dog\\\/dog-accesories\\\/leash\\\/guard-samba-s-harness-orange\\\/#primaryimage\",\"url\":\"https:\\\/\\\/zoo-land.az\\\/wp-content\\\/uploads\\\/2024\\\/06\\\/454933-6ce0ed58b5c27966beb634df6d5537a7.jpg\",\"contentUrl\":\"https:\\\/\\\/zoo-land.az\\\/wp-content\\\/uploads\\\/2024\\\/06\\\/454933-6ce0ed58b5c27966beb634df6d5537a7.jpg\",\"width\":840,\"height\":630},{\"@type\":\"BreadcrumbList\",\"@id\":\"https:\\\/\\\/zoo-land.az\\\/shop\\\/dog\\\/dog-accesories\\\/leash\\\/guard-samba-s-harness-orange\\\/#breadcrumb\",\"itemListElement\":[{\"@type\":\"ListItem\",\"position\":1,\"name\":\"Home\",\"item\":\"https:\\\/\\\/zoo-land.az\\\/ru\\\/\"},{\"@type\":\"ListItem\",\"position\":2,\"name\":\"Shop\",\"item\":\"https:\\\/\\\/zoo-land.az\\\/ru\\\/\"},{\"@type\":\"ListItem\",\"position\":3,\"name\":\"Guard Samba S harness orange\"}]},{\"@type\":\"WebSite\",\"@id\":\"https:\\\/\\\/zoo-land.az\\\/#website\",\"url\":\"https:\\\/\\\/zoo-land.az\\\/\",\"name\":\"Zooland.az\",\"description\":\"Xo\u015fb\u0259xt ev heyvanlar\u0131n\u0131n \u00fcnvan\u0131 Zooland.az\",\"publisher\":{\"@id\":\"https:\\\/\\\/zoo-land.az\\\/#organization\"},\"potentialAction\":[{\"@type\":\"SearchAction\",\"target\":{\"@type\":\"EntryPoint\",\"urlTemplate\":\"https:\\\/\\\/zoo-land.az\\\/?s={search_term_string}\"},\"query-input\":{\"@type\":\"PropertyValueSpecification\",\"valueRequired\":true,\"valueName\":\"search_term_string\"}}],\"inLanguage\":\"az\"},{\"@type\":\"Organization\",\"@id\":\"https:\\\/\\\/zoo-land.az\\\/#organization\",\"name\":\"Zooland.az\",\"url\":\"https:\\\/\\\/zoo-land.az\\\/\",\"logo\":{\"@type\":\"ImageObject\",\"inLanguage\":\"az\",\"@id\":\"https:\\\/\\\/zoo-land.az\\\/#\\\/schema\\\/logo\\\/image\\\/\",\"url\":\"https:\\\/\\\/zoo-land.az\\\/wp-content\\\/uploads\\\/2022\\\/05\\\/logo.svg\",\"contentUrl\":\"https:\\\/\\\/zoo-land.az\\\/wp-content\\\/uploads\\\/2022\\\/05\\\/logo.svg\",\"width\":113,\"height\":46,\"caption\":\"Zooland.az\"},\"image\":{\"@id\":\"https:\\\/\\\/zoo-land.az\\\/#\\\/schema\\\/logo\\\/image\\\/\"}}]}<\/script>\n<!-- \/ Yoast SEO plugin. -->","yoast_head_json":{"title":"Guard Samba S harness orange - Zooland.az","robots":{"index":"index","follow":"follow","max-snippet":"max-snippet:-1","max-image-preview":"max-image-preview:large","max-video-preview":"max-video-preview:-1"},"canonical":"https:\/\/zoo-land.az\/az\/shop\/dog\/dog-accesories\/leash\/guard-samba-s-harness-orange\/","og_locale":"az_AZ","og_type":"article","og_title":"Guard Samba S harness orange - Zooland.az","og_description":"Adjustable harness Amiplay Guard Samba perfectly meets the requirements and anatomy of dogs. It does not restrict movement, ensuring proper distribution of pressure and relieving the spine. The series is made of soft tape processed to prevent abrasions and chafing. Durable steel rings for leash attachment ensure safety in any situation. Amiplay Guard Samba is an excellent choice for daily walks with your pet.","og_url":"https:\/\/zoo-land.az\/az\/shop\/dog\/dog-accesories\/leash\/guard-samba-s-harness-orange\/","og_site_name":"Zooland.az","article_modified_time":"2024-06-21T12:03:59+00:00","og_image":[{"width":840,"height":630,"url":"https:\/\/zoo-land.az\/wp-content\/uploads\/2024\/06\/454933-6ce0ed58b5c27966beb634df6d5537a7.jpg","type":"image\/jpeg"}],"twitter_card":"summary_large_image","twitter_misc":{"Est. reading time":"1 minute"},"schema":{"@context":"https:\/\/schema.org","@graph":[{"@type":"WebPage","@id":"https:\/\/zoo-land.az\/shop\/dog\/dog-accesories\/leash\/guard-samba-s-harness-orange\/","url":"https:\/\/zoo-land.az\/shop\/dog\/dog-accesories\/leash\/guard-samba-s-harness-orange\/","name":"Guard Samba S harness orange - Zooland.az","isPartOf":{"@id":"https:\/\/zoo-land.az\/#website"},"primaryImageOfPage":{"@id":"https:\/\/zoo-land.az\/shop\/dog\/dog-accesories\/leash\/guard-samba-s-harness-orange\/#primaryimage"},"image":{"@id":"https:\/\/zoo-land.az\/shop\/dog\/dog-accesories\/leash\/guard-samba-s-harness-orange\/#primaryimage"},"thumbnailUrl":"https:\/\/zoo-land.az\/wp-content\/uploads\/2024\/06\/454933-6ce0ed58b5c27966beb634df6d5537a7.jpg","datePublished":"2024-06-21T12:03:28+00:00","dateModified":"2024-06-21T12:03:59+00:00","breadcrumb":{"@id":"https:\/\/zoo-land.az\/shop\/dog\/dog-accesories\/leash\/guard-samba-s-harness-orange\/#breadcrumb"},"inLanguage":"az","potentialAction":[{"@type":"ReadAction","target":["https:\/\/zoo-land.az\/shop\/dog\/dog-accesories\/leash\/guard-samba-s-harness-orange\/"]}]},{"@type":"ImageObject","inLanguage":"az","@id":"https:\/\/zoo-land.az\/shop\/dog\/dog-accesories\/leash\/guard-samba-s-harness-orange\/#primaryimage","url":"https:\/\/zoo-land.az\/wp-content\/uploads\/2024\/06\/454933-6ce0ed58b5c27966beb634df6d5537a7.jpg","contentUrl":"https:\/\/zoo-land.az\/wp-content\/uploads\/2024\/06\/454933-6ce0ed58b5c27966beb634df6d5537a7.jpg","width":840,"height":630},{"@type":"BreadcrumbList","@id":"https:\/\/zoo-land.az\/shop\/dog\/dog-accesories\/leash\/guard-samba-s-harness-orange\/#breadcrumb","itemListElement":[{"@type":"ListItem","position":1,"name":"Home","item":"https:\/\/zoo-land.az\/ru\/"},{"@type":"ListItem","position":2,"name":"Shop","item":"https:\/\/zoo-land.az\/ru\/"},{"@type":"ListItem","position":3,"name":"Guard Samba S harness orange"}]},{"@type":"WebSite","@id":"https:\/\/zoo-land.az\/#website","url":"https:\/\/zoo-land.az\/","name":"Zooland.az","description":"Xo\u015fb\u0259xt ev heyvanlar\u0131n\u0131n \u00fcnvan\u0131 Zooland.az","publisher":{"@id":"https:\/\/zoo-land.az\/#organization"},"potentialAction":[{"@type":"SearchAction","target":{"@type":"EntryPoint","urlTemplate":"https:\/\/zoo-land.az\/?s={search_term_string}"},"query-input":{"@type":"PropertyValueSpecification","valueRequired":true,"valueName":"search_term_string"}}],"inLanguage":"az"},{"@type":"Organization","@id":"https:\/\/zoo-land.az\/#organization","name":"Zooland.az","url":"https:\/\/zoo-land.az\/","logo":{"@type":"ImageObject","inLanguage":"az","@id":"https:\/\/zoo-land.az\/#\/schema\/logo\/image\/","url":"https:\/\/zoo-land.az\/wp-content\/uploads\/2022\/05\/logo.svg","contentUrl":"https:\/\/zoo-land.az\/wp-content\/uploads\/2022\/05\/logo.svg","width":113,"height":46,"caption":"Zooland.az"},"image":{"@id":"https:\/\/zoo-land.az\/#\/schema\/logo\/image\/"}}]}},"_links":{"self":[{"href":"https:\/\/zoo-land.az\/az\/wp-json\/wp\/v2\/product\/24359","targetHints":{"allow":["GET"]}}],"collection":[{"href":"https:\/\/zoo-land.az\/az\/wp-json\/wp\/v2\/product"}],"about":[{"href":"https:\/\/zoo-land.az\/az\/wp-json\/wp\/v2\/types\/product"}],"wp:featuredmedia":[{"embeddable":true,"href":"https:\/\/zoo-land.az\/az\/wp-json\/wp\/v2\/media\/24355"}],"wp:attachment":[{"href":"https:\/\/zoo-land.az\/az\/wp-json\/wp\/v2\/media?parent=24359"}],"wp:term":[{"taxonomy":"product_cat","embeddable":true,"href":"https:\/\/zoo-land.az\/az\/wp-json\/wp\/v2\/product_cat?post=24359"},{"taxonomy":"product_tag","embeddable":true,"href":"https:\/\/zoo-land.az\/az\/wp-json\/wp\/v2\/product_tag?post=24359"}],"curies":[{"name":"wp","href":"https:\/\/api.w.org\/{rel}","templated":true}]}}