{"id":24369,"date":"2024-06-21T12:11:59","date_gmt":"2024-06-21T12:11:59","guid":{"rendered":"https:\/\/lightsteelblue-zebra-299715.hostingersite.com\/?post_type=product&#038;p=24369"},"modified":"2024-06-21T12:13:23","modified_gmt":"2024-06-21T12:13:23","slug":"hygienic-underwear-amiplay-s-black","status":"publish","type":"product","link":"https:\/\/zoo-land.az\/az\/shop\/dog\/dog-hygenic\/dog-pampers\/hygienic-underwear-amiplay-s-black\/","title":{"rendered":"Hygienic underwear Amiplay XS black"},"content":{"rendered":"<p>Protective pants from Amiplay are the perfect solution for a pregnant dog. During this period, a dog may soil the floor, furniture, or bed. The pants help maintain proper hygiene indoors and in the dog&#8217;s resting area. They also help eliminate unpleasant odors. Made from durable polyester fabric, they feature an anatomical cut for a good fit and include a tail hole. An additional advantage is their adjustable design, allowing for a perfect fit. The pants are machine washable for easy cleaning and hygiene maintenance. The set includes 5 hygiene pads that need regular replacement. These pants can also be used for elderly dogs who have difficulty holding urine or to maintain protection and hygiene after surgery.<\/p>","protected":false},"excerpt":{"rendered":"<p>Protective pants from Amiplay are the perfect solution for a pregnant dog. During this period, a dog may soil the floor, furniture, or bed. The pants help maintain proper hygiene indoors and in the dog&#8217;s resting area. They also help eliminate unpleasant odors. Made from durable polyester fabric, they feature an anatomical cut for a good fit and include a tail hole. An additional advantage is their adjustable design, allowing for a perfect fit. The pants are machine washable for easy cleaning and hygiene maintenance. The set includes 5 hygiene pads that need regular replacement. These pants can also be used for elderly dogs who have difficulty holding urine or to maintain protection and hygiene after surgery.<\/p>","protected":false},"featured_media":24368,"template":"","meta":{"inline_featured_image":false,"_joinchat":[]},"product_cat":[173,107],"product_tag":[],"class_list":{"0":"post-24369","1":"product","2":"type-product","3":"status-publish","4":"has-post-thumbnail","6":"product_brand-amiplay","7":"product_cat-dog-pampers","8":"product_cat-dog","10":"first","11":"instock","12":"shipping-taxable","13":"purchasable","14":"product-type-simple"},"yoast_head":"<!-- This site is optimized with the Yoast SEO plugin v26.7 - https:\/\/yoast.com\/wordpress\/plugins\/seo\/ -->\n<title>Hygienic underwear Amiplay XS black - Zooland.az<\/title>\n<meta name=\"robots\" content=\"index, follow, max-snippet:-1, max-image-preview:large, max-video-preview:-1\" \/>\n<link rel=\"canonical\" href=\"https:\/\/zoo-land.az\/az\/shop\/dog\/dog-hygenic\/dog-pampers\/hygienic-underwear-amiplay-s-black\/\" \/>\n<meta property=\"og:locale\" content=\"az_AZ\" \/>\n<meta property=\"og:type\" content=\"article\" \/>\n<meta property=\"og:title\" content=\"Hygienic underwear Amiplay XS black - Zooland.az\" \/>\n<meta property=\"og:description\" content=\"Protective pants from Amiplay are the perfect solution for a pregnant dog. During this period, a dog may soil the floor, furniture, or bed. The pants help maintain proper hygiene indoors and in the dog&#039;s resting area. They also help eliminate unpleasant odors. Made from durable polyester fabric, they feature an anatomical cut for a good fit and include a tail hole. An additional advantage is their adjustable design, allowing for a perfect fit. The pants are machine washable for easy cleaning and hygiene maintenance. The set includes 5 hygiene pads that need regular replacement. These pants can also be used for elderly dogs who have difficulty holding urine or to maintain protection and hygiene after surgery.\" \/>\n<meta property=\"og:url\" content=\"https:\/\/zoo-land.az\/az\/shop\/dog\/dog-hygenic\/dog-pampers\/hygienic-underwear-amiplay-s-black\/\" \/>\n<meta property=\"og:site_name\" content=\"Zooland.az\" \/>\n<meta property=\"article:modified_time\" content=\"2024-06-21T12:13:23+00:00\" \/>\n<meta property=\"og:image\" content=\"https:\/\/zoo-land.az\/wp-content\/uploads\/2024\/06\/pants-size-m-550x550w.jpg\" \/>\n\t<meta property=\"og:image:width\" content=\"550\" \/>\n\t<meta property=\"og:image:height\" content=\"550\" \/>\n\t<meta property=\"og:image:type\" content=\"image\/jpeg\" \/>\n<meta name=\"twitter:card\" content=\"summary_large_image\" \/>\n<meta name=\"twitter:label1\" content=\"Est. reading time\" \/>\n\t<meta name=\"twitter:data1\" content=\"1 minute\" \/>\n<script type=\"application\/ld+json\" class=\"yoast-schema-graph\">{\"@context\":\"https:\/\/schema.org\",\"@graph\":[{\"@type\":\"WebPage\",\"@id\":\"https:\/\/zoo-land.az\/az\/shop\/dog\/dog-hygenic\/dog-pampers\/hygienic-underwear-amiplay-s-black\/\",\"url\":\"https:\/\/zoo-land.az\/az\/shop\/dog\/dog-hygenic\/dog-pampers\/hygienic-underwear-amiplay-s-black\/\",\"name\":\"Hygienic underwear Amiplay XS black - Zooland.az\",\"isPartOf\":{\"@id\":\"https:\/\/zoo-land.az\/#website\"},\"primaryImageOfPage\":{\"@id\":\"https:\/\/zoo-land.az\/az\/shop\/dog\/dog-hygenic\/dog-pampers\/hygienic-underwear-amiplay-s-black\/#primaryimage\"},\"image\":{\"@id\":\"https:\/\/zoo-land.az\/az\/shop\/dog\/dog-hygenic\/dog-pampers\/hygienic-underwear-amiplay-s-black\/#primaryimage\"},\"thumbnailUrl\":\"https:\/\/zoo-land.az\/wp-content\/uploads\/2024\/06\/pants-size-m-550x550w.jpg\",\"datePublished\":\"2024-06-21T12:11:59+00:00\",\"dateModified\":\"2024-06-21T12:13:23+00:00\",\"breadcrumb\":{\"@id\":\"https:\/\/zoo-land.az\/az\/shop\/dog\/dog-hygenic\/dog-pampers\/hygienic-underwear-amiplay-s-black\/#breadcrumb\"},\"inLanguage\":\"az\",\"potentialAction\":[{\"@type\":\"ReadAction\",\"target\":[\"https:\/\/zoo-land.az\/az\/shop\/dog\/dog-hygenic\/dog-pampers\/hygienic-underwear-amiplay-s-black\/\"]}]},{\"@type\":\"ImageObject\",\"inLanguage\":\"az\",\"@id\":\"https:\/\/zoo-land.az\/az\/shop\/dog\/dog-hygenic\/dog-pampers\/hygienic-underwear-amiplay-s-black\/#primaryimage\",\"url\":\"https:\/\/zoo-land.az\/wp-content\/uploads\/2024\/06\/pants-size-m-550x550w.jpg\",\"contentUrl\":\"https:\/\/zoo-land.az\/wp-content\/uploads\/2024\/06\/pants-size-m-550x550w.jpg\",\"width\":550,\"height\":550},{\"@type\":\"BreadcrumbList\",\"@id\":\"https:\/\/zoo-land.az\/az\/shop\/dog\/dog-hygenic\/dog-pampers\/hygienic-underwear-amiplay-s-black\/#breadcrumb\",\"itemListElement\":[{\"@type\":\"ListItem\",\"position\":1,\"name\":\"Home\",\"item\":\"https:\/\/zoo-land.az\/ru\/\"},{\"@type\":\"ListItem\",\"position\":2,\"name\":\"Shop\",\"item\":\"https:\/\/zoo-land.az\/ru\/\"},{\"@type\":\"ListItem\",\"position\":3,\"name\":\"Hygienic underwear Amiplay XS black\"}]},{\"@type\":\"WebSite\",\"@id\":\"https:\/\/zoo-land.az\/#website\",\"url\":\"https:\/\/zoo-land.az\/\",\"name\":\"Zooland.az\",\"description\":\"Xo\u015fb\u0259xt ev heyvanlar\u0131n\u0131n \u00fcnvan\u0131 Zooland.az\",\"publisher\":{\"@id\":\"https:\/\/zoo-land.az\/#organization\"},\"potentialAction\":[{\"@type\":\"SearchAction\",\"target\":{\"@type\":\"EntryPoint\",\"urlTemplate\":\"https:\/\/zoo-land.az\/?s={search_term_string}\"},\"query-input\":{\"@type\":\"PropertyValueSpecification\",\"valueRequired\":true,\"valueName\":\"search_term_string\"}}],\"inLanguage\":\"az\"},{\"@type\":\"Organization\",\"@id\":\"https:\/\/zoo-land.az\/#organization\",\"name\":\"Zooland.az\",\"url\":\"https:\/\/zoo-land.az\/\",\"logo\":{\"@type\":\"ImageObject\",\"inLanguage\":\"az\",\"@id\":\"https:\/\/zoo-land.az\/#\/schema\/logo\/image\/\",\"url\":\"https:\/\/zoo-land.az\/wp-content\/uploads\/2022\/05\/logo.svg\",\"contentUrl\":\"https:\/\/zoo-land.az\/wp-content\/uploads\/2022\/05\/logo.svg\",\"width\":113,\"height\":46,\"caption\":\"Zooland.az\"},\"image\":{\"@id\":\"https:\/\/zoo-land.az\/#\/schema\/logo\/image\/\"}}]}<\/script>\n<!-- \/ Yoast SEO plugin. -->","yoast_head_json":{"title":"Hygienic underwear Amiplay XS black - Zooland.az","robots":{"index":"index","follow":"follow","max-snippet":"max-snippet:-1","max-image-preview":"max-image-preview:large","max-video-preview":"max-video-preview:-1"},"canonical":"https:\/\/zoo-land.az\/az\/shop\/dog\/dog-hygenic\/dog-pampers\/hygienic-underwear-amiplay-s-black\/","og_locale":"az_AZ","og_type":"article","og_title":"Hygienic underwear Amiplay XS black - Zooland.az","og_description":"Protective pants from Amiplay are the perfect solution for a pregnant dog. During this period, a dog may soil the floor, furniture, or bed. The pants help maintain proper hygiene indoors and in the dog's resting area. They also help eliminate unpleasant odors. Made from durable polyester fabric, they feature an anatomical cut for a good fit and include a tail hole. An additional advantage is their adjustable design, allowing for a perfect fit. The pants are machine washable for easy cleaning and hygiene maintenance. The set includes 5 hygiene pads that need regular replacement. These pants can also be used for elderly dogs who have difficulty holding urine or to maintain protection and hygiene after surgery.","og_url":"https:\/\/zoo-land.az\/az\/shop\/dog\/dog-hygenic\/dog-pampers\/hygienic-underwear-amiplay-s-black\/","og_site_name":"Zooland.az","article_modified_time":"2024-06-21T12:13:23+00:00","og_image":[{"width":550,"height":550,"url":"https:\/\/zoo-land.az\/wp-content\/uploads\/2024\/06\/pants-size-m-550x550w.jpg","type":"image\/jpeg"}],"twitter_card":"summary_large_image","twitter_misc":{"Est. reading time":"1 minute"},"schema":{"@context":"https:\/\/schema.org","@graph":[{"@type":"WebPage","@id":"https:\/\/zoo-land.az\/az\/shop\/dog\/dog-hygenic\/dog-pampers\/hygienic-underwear-amiplay-s-black\/","url":"https:\/\/zoo-land.az\/az\/shop\/dog\/dog-hygenic\/dog-pampers\/hygienic-underwear-amiplay-s-black\/","name":"Hygienic underwear Amiplay XS black - Zooland.az","isPartOf":{"@id":"https:\/\/zoo-land.az\/#website"},"primaryImageOfPage":{"@id":"https:\/\/zoo-land.az\/az\/shop\/dog\/dog-hygenic\/dog-pampers\/hygienic-underwear-amiplay-s-black\/#primaryimage"},"image":{"@id":"https:\/\/zoo-land.az\/az\/shop\/dog\/dog-hygenic\/dog-pampers\/hygienic-underwear-amiplay-s-black\/#primaryimage"},"thumbnailUrl":"https:\/\/zoo-land.az\/wp-content\/uploads\/2024\/06\/pants-size-m-550x550w.jpg","datePublished":"2024-06-21T12:11:59+00:00","dateModified":"2024-06-21T12:13:23+00:00","breadcrumb":{"@id":"https:\/\/zoo-land.az\/az\/shop\/dog\/dog-hygenic\/dog-pampers\/hygienic-underwear-amiplay-s-black\/#breadcrumb"},"inLanguage":"az","potentialAction":[{"@type":"ReadAction","target":["https:\/\/zoo-land.az\/az\/shop\/dog\/dog-hygenic\/dog-pampers\/hygienic-underwear-amiplay-s-black\/"]}]},{"@type":"ImageObject","inLanguage":"az","@id":"https:\/\/zoo-land.az\/az\/shop\/dog\/dog-hygenic\/dog-pampers\/hygienic-underwear-amiplay-s-black\/#primaryimage","url":"https:\/\/zoo-land.az\/wp-content\/uploads\/2024\/06\/pants-size-m-550x550w.jpg","contentUrl":"https:\/\/zoo-land.az\/wp-content\/uploads\/2024\/06\/pants-size-m-550x550w.jpg","width":550,"height":550},{"@type":"BreadcrumbList","@id":"https:\/\/zoo-land.az\/az\/shop\/dog\/dog-hygenic\/dog-pampers\/hygienic-underwear-amiplay-s-black\/#breadcrumb","itemListElement":[{"@type":"ListItem","position":1,"name":"Home","item":"https:\/\/zoo-land.az\/ru\/"},{"@type":"ListItem","position":2,"name":"Shop","item":"https:\/\/zoo-land.az\/ru\/"},{"@type":"ListItem","position":3,"name":"Hygienic underwear Amiplay XS black"}]},{"@type":"WebSite","@id":"https:\/\/zoo-land.az\/#website","url":"https:\/\/zoo-land.az\/","name":"Zooland.az","description":"Xo\u015fb\u0259xt ev heyvanlar\u0131n\u0131n \u00fcnvan\u0131 Zooland.az","publisher":{"@id":"https:\/\/zoo-land.az\/#organization"},"potentialAction":[{"@type":"SearchAction","target":{"@type":"EntryPoint","urlTemplate":"https:\/\/zoo-land.az\/?s={search_term_string}"},"query-input":{"@type":"PropertyValueSpecification","valueRequired":true,"valueName":"search_term_string"}}],"inLanguage":"az"},{"@type":"Organization","@id":"https:\/\/zoo-land.az\/#organization","name":"Zooland.az","url":"https:\/\/zoo-land.az\/","logo":{"@type":"ImageObject","inLanguage":"az","@id":"https:\/\/zoo-land.az\/#\/schema\/logo\/image\/","url":"https:\/\/zoo-land.az\/wp-content\/uploads\/2022\/05\/logo.svg","contentUrl":"https:\/\/zoo-land.az\/wp-content\/uploads\/2022\/05\/logo.svg","width":113,"height":46,"caption":"Zooland.az"},"image":{"@id":"https:\/\/zoo-land.az\/#\/schema\/logo\/image\/"}}]}},"_links":{"self":[{"href":"https:\/\/zoo-land.az\/az\/wp-json\/wp\/v2\/product\/24369","targetHints":{"allow":["GET"]}}],"collection":[{"href":"https:\/\/zoo-land.az\/az\/wp-json\/wp\/v2\/product"}],"about":[{"href":"https:\/\/zoo-land.az\/az\/wp-json\/wp\/v2\/types\/product"}],"wp:featuredmedia":[{"embeddable":true,"href":"https:\/\/zoo-land.az\/az\/wp-json\/wp\/v2\/media\/24368"}],"wp:attachment":[{"href":"https:\/\/zoo-land.az\/az\/wp-json\/wp\/v2\/media?parent=24369"}],"wp:term":[{"taxonomy":"product_cat","embeddable":true,"href":"https:\/\/zoo-land.az\/az\/wp-json\/wp\/v2\/product_cat?post=24369"},{"taxonomy":"product_tag","embeddable":true,"href":"https:\/\/zoo-land.az\/az\/wp-json\/wp\/v2\/product_tag?post=24369"}],"curies":[{"name":"wp","href":"https:\/\/api.w.org\/{rel}","templated":true}]}}