{"id":24519,"date":"2024-06-22T09:34:37","date_gmt":"2024-06-22T09:34:37","guid":{"rendered":"https:\/\/lightsteelblue-zebra-299715.hostingersite.com\/?post_type=product&#038;p=24519"},"modified":"2024-06-22T09:34:37","modified_gmt":"2024-06-22T09:34:37","slug":"trixie-leucht-spiel-rubber-ball-toy","status":"publish","type":"product","link":"https:\/\/zoo-land.az\/az\/shop\/dog\/dog-toys-dog\/trixie-leucht-spiel-rubber-ball-toy\/","title":{"rendered":"Trixie Leucht-spiel Rubber Ball Toy"},"content":{"rendered":"<p>Rubber toys are typically made entirely from natural rubber (solid rubber). These toys are very durable as they yield to a dog&#8217;s bite, thereby preventing tooth damage. Rubber toys are also ideal for water retrieval games because they float if they do not have holes. Due to their durability, rubber toys are highly popular among consumers.<\/p>","protected":false},"excerpt":{"rendered":"<p>Rubber toys are typically made entirely from natural rubber (solid rubber). These toys are very durable as they yield to a dog&#8217;s bite, thereby preventing tooth damage. Rubber toys are also ideal for water retrieval games because they float if they do not have holes. Due to their durability, rubber toys are highly popular among consumers.<\/p>","protected":false},"featured_media":24520,"template":"","meta":{"inline_featured_image":false,"_joinchat":[]},"product_cat":[107,156],"product_tag":[],"class_list":{"0":"post-24519","1":"product","2":"type-product","3":"status-publish","4":"has-post-thumbnail","6":"product_brand-trixie","7":"product_cat-dog","8":"product_cat-dog-toys-dog","10":"first","11":"instock","12":"shipping-taxable","13":"purchasable","14":"product-type-simple"},"yoast_head":"<!-- This site is optimized with the Yoast SEO plugin v27.4 - https:\/\/yoast.com\/product\/yoast-seo-wordpress\/ -->\n<title>Trixie Leucht-spiel Rubber Ball Toy - Zooland.az<\/title>\n<meta name=\"robots\" content=\"index, follow, max-snippet:-1, max-image-preview:large, max-video-preview:-1\" \/>\n<link rel=\"canonical\" href=\"https:\/\/zoo-land.az\/az\/shop\/dog\/dog-toys-dog\/trixie-leucht-spiel-rubber-ball-toy\/\" \/>\n<meta property=\"og:locale\" content=\"az_AZ\" \/>\n<meta property=\"og:type\" content=\"article\" \/>\n<meta property=\"og:title\" content=\"Trixie Leucht-spiel Rubber Ball Toy - Zooland.az\" \/>\n<meta property=\"og:description\" content=\"Rubber toys are typically made entirely from natural rubber (solid rubber). These toys are very durable as they yield to a dog&#039;s bite, thereby preventing tooth damage. Rubber toys are also ideal for water retrieval games because they float if they do not have holes. Due to their durability, rubber toys are highly popular among consumers.\" \/>\n<meta property=\"og:url\" content=\"https:\/\/zoo-land.az\/az\/shop\/dog\/dog-toys-dog\/trixie-leucht-spiel-rubber-ball-toy\/\" \/>\n<meta property=\"og:site_name\" content=\"Zooland.az\" \/>\n<meta property=\"og:image\" content=\"https:\/\/zoo-land.az\/wp-content\/uploads\/2024\/06\/256252-e7107757200ac1072943a838a4953b61.png\" \/>\n\t<meta property=\"og:image:width\" content=\"840\" \/>\n\t<meta property=\"og:image:height\" content=\"649\" \/>\n\t<meta property=\"og:image:type\" content=\"image\/png\" \/>\n<meta name=\"twitter:card\" content=\"summary_large_image\" \/>\n<meta name=\"twitter:label1\" content=\"Est. reading time\" \/>\n\t<meta name=\"twitter:data1\" content=\"1 minute\" \/>\n<script type=\"application\/ld+json\" class=\"yoast-schema-graph\">{\"@context\":\"https:\\\/\\\/schema.org\",\"@graph\":[{\"@type\":\"WebPage\",\"@id\":\"https:\\\/\\\/zoo-land.az\\\/shop\\\/dog\\\/dog-toys-dog\\\/trixie-leucht-spiel-rubber-ball-toy\\\/\",\"url\":\"https:\\\/\\\/zoo-land.az\\\/shop\\\/dog\\\/dog-toys-dog\\\/trixie-leucht-spiel-rubber-ball-toy\\\/\",\"name\":\"Trixie Leucht-spiel Rubber Ball Toy - Zooland.az\",\"isPartOf\":{\"@id\":\"https:\\\/\\\/zoo-land.az\\\/#website\"},\"primaryImageOfPage\":{\"@id\":\"https:\\\/\\\/zoo-land.az\\\/shop\\\/dog\\\/dog-toys-dog\\\/trixie-leucht-spiel-rubber-ball-toy\\\/#primaryimage\"},\"image\":{\"@id\":\"https:\\\/\\\/zoo-land.az\\\/shop\\\/dog\\\/dog-toys-dog\\\/trixie-leucht-spiel-rubber-ball-toy\\\/#primaryimage\"},\"thumbnailUrl\":\"https:\\\/\\\/zoo-land.az\\\/wp-content\\\/uploads\\\/2024\\\/06\\\/256252-e7107757200ac1072943a838a4953b61.png\",\"datePublished\":\"2024-06-22T09:34:37+00:00\",\"breadcrumb\":{\"@id\":\"https:\\\/\\\/zoo-land.az\\\/shop\\\/dog\\\/dog-toys-dog\\\/trixie-leucht-spiel-rubber-ball-toy\\\/#breadcrumb\"},\"inLanguage\":\"az\",\"potentialAction\":[{\"@type\":\"ReadAction\",\"target\":[\"https:\\\/\\\/zoo-land.az\\\/shop\\\/dog\\\/dog-toys-dog\\\/trixie-leucht-spiel-rubber-ball-toy\\\/\"]}]},{\"@type\":\"ImageObject\",\"inLanguage\":\"az\",\"@id\":\"https:\\\/\\\/zoo-land.az\\\/shop\\\/dog\\\/dog-toys-dog\\\/trixie-leucht-spiel-rubber-ball-toy\\\/#primaryimage\",\"url\":\"https:\\\/\\\/zoo-land.az\\\/wp-content\\\/uploads\\\/2024\\\/06\\\/256252-e7107757200ac1072943a838a4953b61.png\",\"contentUrl\":\"https:\\\/\\\/zoo-land.az\\\/wp-content\\\/uploads\\\/2024\\\/06\\\/256252-e7107757200ac1072943a838a4953b61.png\",\"width\":840,\"height\":649},{\"@type\":\"BreadcrumbList\",\"@id\":\"https:\\\/\\\/zoo-land.az\\\/shop\\\/dog\\\/dog-toys-dog\\\/trixie-leucht-spiel-rubber-ball-toy\\\/#breadcrumb\",\"itemListElement\":[{\"@type\":\"ListItem\",\"position\":1,\"name\":\"Home\",\"item\":\"https:\\\/\\\/zoo-land.az\\\/ru\\\/\"},{\"@type\":\"ListItem\",\"position\":2,\"name\":\"Shop\",\"item\":\"https:\\\/\\\/zoo-land.az\\\/ru\\\/\"},{\"@type\":\"ListItem\",\"position\":3,\"name\":\"Trixie Leucht-spiel Rubber Ball Toy\"}]},{\"@type\":\"WebSite\",\"@id\":\"https:\\\/\\\/zoo-land.az\\\/#website\",\"url\":\"https:\\\/\\\/zoo-land.az\\\/\",\"name\":\"Zooland.az\",\"description\":\"Xo\u015fb\u0259xt ev heyvanlar\u0131n\u0131n \u00fcnvan\u0131 Zooland.az\",\"publisher\":{\"@id\":\"https:\\\/\\\/zoo-land.az\\\/#organization\"},\"potentialAction\":[{\"@type\":\"SearchAction\",\"target\":{\"@type\":\"EntryPoint\",\"urlTemplate\":\"https:\\\/\\\/zoo-land.az\\\/?s={search_term_string}\"},\"query-input\":{\"@type\":\"PropertyValueSpecification\",\"valueRequired\":true,\"valueName\":\"search_term_string\"}}],\"inLanguage\":\"az\"},{\"@type\":\"Organization\",\"@id\":\"https:\\\/\\\/zoo-land.az\\\/#organization\",\"name\":\"Zooland.az\",\"url\":\"https:\\\/\\\/zoo-land.az\\\/\",\"logo\":{\"@type\":\"ImageObject\",\"inLanguage\":\"az\",\"@id\":\"https:\\\/\\\/zoo-land.az\\\/#\\\/schema\\\/logo\\\/image\\\/\",\"url\":\"https:\\\/\\\/zoo-land.az\\\/wp-content\\\/uploads\\\/2022\\\/05\\\/logo.svg\",\"contentUrl\":\"https:\\\/\\\/zoo-land.az\\\/wp-content\\\/uploads\\\/2022\\\/05\\\/logo.svg\",\"width\":113,\"height\":46,\"caption\":\"Zooland.az\"},\"image\":{\"@id\":\"https:\\\/\\\/zoo-land.az\\\/#\\\/schema\\\/logo\\\/image\\\/\"}}]}<\/script>\n<!-- \/ Yoast SEO plugin. -->","yoast_head_json":{"title":"Trixie Leucht-spiel Rubber Ball Toy - Zooland.az","robots":{"index":"index","follow":"follow","max-snippet":"max-snippet:-1","max-image-preview":"max-image-preview:large","max-video-preview":"max-video-preview:-1"},"canonical":"https:\/\/zoo-land.az\/az\/shop\/dog\/dog-toys-dog\/trixie-leucht-spiel-rubber-ball-toy\/","og_locale":"az_AZ","og_type":"article","og_title":"Trixie Leucht-spiel Rubber Ball Toy - Zooland.az","og_description":"Rubber toys are typically made entirely from natural rubber (solid rubber). These toys are very durable as they yield to a dog's bite, thereby preventing tooth damage. Rubber toys are also ideal for water retrieval games because they float if they do not have holes. Due to their durability, rubber toys are highly popular among consumers.","og_url":"https:\/\/zoo-land.az\/az\/shop\/dog\/dog-toys-dog\/trixie-leucht-spiel-rubber-ball-toy\/","og_site_name":"Zooland.az","og_image":[{"width":840,"height":649,"url":"https:\/\/zoo-land.az\/wp-content\/uploads\/2024\/06\/256252-e7107757200ac1072943a838a4953b61.png","type":"image\/png"}],"twitter_card":"summary_large_image","twitter_misc":{"Est. reading time":"1 minute"},"schema":{"@context":"https:\/\/schema.org","@graph":[{"@type":"WebPage","@id":"https:\/\/zoo-land.az\/shop\/dog\/dog-toys-dog\/trixie-leucht-spiel-rubber-ball-toy\/","url":"https:\/\/zoo-land.az\/shop\/dog\/dog-toys-dog\/trixie-leucht-spiel-rubber-ball-toy\/","name":"Trixie Leucht-spiel Rubber Ball Toy - Zooland.az","isPartOf":{"@id":"https:\/\/zoo-land.az\/#website"},"primaryImageOfPage":{"@id":"https:\/\/zoo-land.az\/shop\/dog\/dog-toys-dog\/trixie-leucht-spiel-rubber-ball-toy\/#primaryimage"},"image":{"@id":"https:\/\/zoo-land.az\/shop\/dog\/dog-toys-dog\/trixie-leucht-spiel-rubber-ball-toy\/#primaryimage"},"thumbnailUrl":"https:\/\/zoo-land.az\/wp-content\/uploads\/2024\/06\/256252-e7107757200ac1072943a838a4953b61.png","datePublished":"2024-06-22T09:34:37+00:00","breadcrumb":{"@id":"https:\/\/zoo-land.az\/shop\/dog\/dog-toys-dog\/trixie-leucht-spiel-rubber-ball-toy\/#breadcrumb"},"inLanguage":"az","potentialAction":[{"@type":"ReadAction","target":["https:\/\/zoo-land.az\/shop\/dog\/dog-toys-dog\/trixie-leucht-spiel-rubber-ball-toy\/"]}]},{"@type":"ImageObject","inLanguage":"az","@id":"https:\/\/zoo-land.az\/shop\/dog\/dog-toys-dog\/trixie-leucht-spiel-rubber-ball-toy\/#primaryimage","url":"https:\/\/zoo-land.az\/wp-content\/uploads\/2024\/06\/256252-e7107757200ac1072943a838a4953b61.png","contentUrl":"https:\/\/zoo-land.az\/wp-content\/uploads\/2024\/06\/256252-e7107757200ac1072943a838a4953b61.png","width":840,"height":649},{"@type":"BreadcrumbList","@id":"https:\/\/zoo-land.az\/shop\/dog\/dog-toys-dog\/trixie-leucht-spiel-rubber-ball-toy\/#breadcrumb","itemListElement":[{"@type":"ListItem","position":1,"name":"Home","item":"https:\/\/zoo-land.az\/ru\/"},{"@type":"ListItem","position":2,"name":"Shop","item":"https:\/\/zoo-land.az\/ru\/"},{"@type":"ListItem","position":3,"name":"Trixie Leucht-spiel Rubber Ball Toy"}]},{"@type":"WebSite","@id":"https:\/\/zoo-land.az\/#website","url":"https:\/\/zoo-land.az\/","name":"Zooland.az","description":"Xo\u015fb\u0259xt ev heyvanlar\u0131n\u0131n \u00fcnvan\u0131 Zooland.az","publisher":{"@id":"https:\/\/zoo-land.az\/#organization"},"potentialAction":[{"@type":"SearchAction","target":{"@type":"EntryPoint","urlTemplate":"https:\/\/zoo-land.az\/?s={search_term_string}"},"query-input":{"@type":"PropertyValueSpecification","valueRequired":true,"valueName":"search_term_string"}}],"inLanguage":"az"},{"@type":"Organization","@id":"https:\/\/zoo-land.az\/#organization","name":"Zooland.az","url":"https:\/\/zoo-land.az\/","logo":{"@type":"ImageObject","inLanguage":"az","@id":"https:\/\/zoo-land.az\/#\/schema\/logo\/image\/","url":"https:\/\/zoo-land.az\/wp-content\/uploads\/2022\/05\/logo.svg","contentUrl":"https:\/\/zoo-land.az\/wp-content\/uploads\/2022\/05\/logo.svg","width":113,"height":46,"caption":"Zooland.az"},"image":{"@id":"https:\/\/zoo-land.az\/#\/schema\/logo\/image\/"}}]}},"_links":{"self":[{"href":"https:\/\/zoo-land.az\/az\/wp-json\/wp\/v2\/product\/24519","targetHints":{"allow":["GET"]}}],"collection":[{"href":"https:\/\/zoo-land.az\/az\/wp-json\/wp\/v2\/product"}],"about":[{"href":"https:\/\/zoo-land.az\/az\/wp-json\/wp\/v2\/types\/product"}],"wp:featuredmedia":[{"embeddable":true,"href":"https:\/\/zoo-land.az\/az\/wp-json\/wp\/v2\/media\/24520"}],"wp:attachment":[{"href":"https:\/\/zoo-land.az\/az\/wp-json\/wp\/v2\/media?parent=24519"}],"wp:term":[{"taxonomy":"product_cat","embeddable":true,"href":"https:\/\/zoo-land.az\/az\/wp-json\/wp\/v2\/product_cat?post=24519"},{"taxonomy":"product_tag","embeddable":true,"href":"https:\/\/zoo-land.az\/az\/wp-json\/wp\/v2\/product_tag?post=24519"}],"curies":[{"name":"wp","href":"https:\/\/api.w.org\/{rel}","templated":true}]}}