{"id":24538,"date":"2024-06-22T09:48:28","date_gmt":"2024-06-22T09:48:28","guid":{"rendered":"https:\/\/lightsteelblue-zebra-299715.hostingersite.com\/?post_type=product&#038;p=24538"},"modified":"2024-06-22T09:48:28","modified_gmt":"2024-06-22T09:48:28","slug":"trixie-harness-size-s-black","status":"publish","type":"product","link":"https:\/\/zoo-land.az\/az\/shop\/dog\/dog-accesories\/leash\/trixie-harness-size-s-black\/","title":{"rendered":"Trixie harness size S black"},"content":{"rendered":"<p>The Trixie Premium soft and lightweight harness is designed for comfortable and safe walks with your dog. Made from nylon, it offers high tear resistance and does not deform when wet. Its bright design adds joy to your daily walks with your pet. Additionally, the harness fits well on your dog&#8217;s body thanks to easily adjustable straps. Quick-release buckles allow you to quickly and conveniently put on or take off the accessory from your pet. The positioning of the ring ensures that during sudden movements, the load is distributed across the harness, preventing accidental unlocking of the buckles.<\/p>","protected":false},"excerpt":{"rendered":"<p>The Trixie Premium soft and lightweight harness is designed for comfortable and safe walks with your dog.<\/p>","protected":false},"featured_media":24539,"template":"","meta":{"inline_featured_image":false,"_joinchat":[]},"product_cat":[159,107,396],"product_tag":[],"class_list":{"0":"post-24538","1":"product","2":"type-product","3":"status-publish","4":"has-post-thumbnail","6":"product_brand-trixie","7":"product_cat-dog-accesories","8":"product_cat-dog","9":"product_cat-leash","11":"first","12":"instock","13":"shipping-taxable","14":"purchasable","15":"product-type-simple"},"yoast_head":"<!-- This site is optimized with the Yoast SEO plugin v26.7 - https:\/\/yoast.com\/wordpress\/plugins\/seo\/ -->\n<title>Trixie harness size S black - Zooland.az<\/title>\n<meta name=\"robots\" content=\"index, follow, max-snippet:-1, max-image-preview:large, max-video-preview:-1\" \/>\n<link rel=\"canonical\" href=\"https:\/\/zoo-land.az\/az\/shop\/dog\/dog-accesories\/leash\/trixie-harness-size-s-black\/\" \/>\n<meta property=\"og:locale\" content=\"az_AZ\" \/>\n<meta property=\"og:type\" content=\"article\" \/>\n<meta property=\"og:title\" content=\"Trixie harness size S black - Zooland.az\" \/>\n<meta property=\"og:description\" content=\"The Trixie Premium soft and lightweight harness is designed for comfortable and safe walks with your dog.\" \/>\n<meta property=\"og:url\" content=\"https:\/\/zoo-land.az\/az\/shop\/dog\/dog-accesories\/leash\/trixie-harness-size-s-black\/\" \/>\n<meta property=\"og:site_name\" content=\"Zooland.az\" \/>\n<meta property=\"og:image\" content=\"https:\/\/zoo-land.az\/wp-content\/uploads\/2024\/06\/309860-237cb943a8b5c208a674f21fd9e2431a-1.jpg\" \/>\n\t<meta property=\"og:image:width\" content=\"840\" \/>\n\t<meta property=\"og:image:height\" content=\"847\" \/>\n\t<meta property=\"og:image:type\" content=\"image\/jpeg\" \/>\n<meta name=\"twitter:card\" content=\"summary_large_image\" \/>\n<meta name=\"twitter:label1\" content=\"Est. reading time\" \/>\n\t<meta name=\"twitter:data1\" content=\"1 minute\" \/>\n<script type=\"application\/ld+json\" class=\"yoast-schema-graph\">{\"@context\":\"https:\/\/schema.org\",\"@graph\":[{\"@type\":\"WebPage\",\"@id\":\"https:\/\/zoo-land.az\/shop\/dog\/dog-accesories\/leash\/trixie-harness-size-s-black\/\",\"url\":\"https:\/\/zoo-land.az\/shop\/dog\/dog-accesories\/leash\/trixie-harness-size-s-black\/\",\"name\":\"Trixie harness size S black - Zooland.az\",\"isPartOf\":{\"@id\":\"https:\/\/zoo-land.az\/#website\"},\"primaryImageOfPage\":{\"@id\":\"https:\/\/zoo-land.az\/shop\/dog\/dog-accesories\/leash\/trixie-harness-size-s-black\/#primaryimage\"},\"image\":{\"@id\":\"https:\/\/zoo-land.az\/shop\/dog\/dog-accesories\/leash\/trixie-harness-size-s-black\/#primaryimage\"},\"thumbnailUrl\":\"https:\/\/zoo-land.az\/wp-content\/uploads\/2024\/06\/309860-237cb943a8b5c208a674f21fd9e2431a-1.jpg\",\"datePublished\":\"2024-06-22T09:48:28+00:00\",\"breadcrumb\":{\"@id\":\"https:\/\/zoo-land.az\/shop\/dog\/dog-accesories\/leash\/trixie-harness-size-s-black\/#breadcrumb\"},\"inLanguage\":\"az\",\"potentialAction\":[{\"@type\":\"ReadAction\",\"target\":[\"https:\/\/zoo-land.az\/shop\/dog\/dog-accesories\/leash\/trixie-harness-size-s-black\/\"]}]},{\"@type\":\"ImageObject\",\"inLanguage\":\"az\",\"@id\":\"https:\/\/zoo-land.az\/shop\/dog\/dog-accesories\/leash\/trixie-harness-size-s-black\/#primaryimage\",\"url\":\"https:\/\/zoo-land.az\/wp-content\/uploads\/2024\/06\/309860-237cb943a8b5c208a674f21fd9e2431a-1.jpg\",\"contentUrl\":\"https:\/\/zoo-land.az\/wp-content\/uploads\/2024\/06\/309860-237cb943a8b5c208a674f21fd9e2431a-1.jpg\",\"width\":840,\"height\":847},{\"@type\":\"BreadcrumbList\",\"@id\":\"https:\/\/zoo-land.az\/shop\/dog\/dog-accesories\/leash\/trixie-harness-size-s-black\/#breadcrumb\",\"itemListElement\":[{\"@type\":\"ListItem\",\"position\":1,\"name\":\"Home\",\"item\":\"https:\/\/zoo-land.az\/ru\/\"},{\"@type\":\"ListItem\",\"position\":2,\"name\":\"Shop\",\"item\":\"https:\/\/zoo-land.az\/ru\/\"},{\"@type\":\"ListItem\",\"position\":3,\"name\":\"Trixie harness size S black\"}]},{\"@type\":\"WebSite\",\"@id\":\"https:\/\/zoo-land.az\/#website\",\"url\":\"https:\/\/zoo-land.az\/\",\"name\":\"Zooland.az\",\"description\":\"Xo\u015fb\u0259xt ev heyvanlar\u0131n\u0131n \u00fcnvan\u0131 Zooland.az\",\"publisher\":{\"@id\":\"https:\/\/zoo-land.az\/#organization\"},\"potentialAction\":[{\"@type\":\"SearchAction\",\"target\":{\"@type\":\"EntryPoint\",\"urlTemplate\":\"https:\/\/zoo-land.az\/?s={search_term_string}\"},\"query-input\":{\"@type\":\"PropertyValueSpecification\",\"valueRequired\":true,\"valueName\":\"search_term_string\"}}],\"inLanguage\":\"az\"},{\"@type\":\"Organization\",\"@id\":\"https:\/\/zoo-land.az\/#organization\",\"name\":\"Zooland.az\",\"url\":\"https:\/\/zoo-land.az\/\",\"logo\":{\"@type\":\"ImageObject\",\"inLanguage\":\"az\",\"@id\":\"https:\/\/zoo-land.az\/#\/schema\/logo\/image\/\",\"url\":\"https:\/\/zoo-land.az\/wp-content\/uploads\/2022\/05\/logo.svg\",\"contentUrl\":\"https:\/\/zoo-land.az\/wp-content\/uploads\/2022\/05\/logo.svg\",\"width\":113,\"height\":46,\"caption\":\"Zooland.az\"},\"image\":{\"@id\":\"https:\/\/zoo-land.az\/#\/schema\/logo\/image\/\"}}]}<\/script>\n<!-- \/ Yoast SEO plugin. -->","yoast_head_json":{"title":"Trixie harness size S black - Zooland.az","robots":{"index":"index","follow":"follow","max-snippet":"max-snippet:-1","max-image-preview":"max-image-preview:large","max-video-preview":"max-video-preview:-1"},"canonical":"https:\/\/zoo-land.az\/az\/shop\/dog\/dog-accesories\/leash\/trixie-harness-size-s-black\/","og_locale":"az_AZ","og_type":"article","og_title":"Trixie harness size S black - Zooland.az","og_description":"The Trixie Premium soft and lightweight harness is designed for comfortable and safe walks with your dog.","og_url":"https:\/\/zoo-land.az\/az\/shop\/dog\/dog-accesories\/leash\/trixie-harness-size-s-black\/","og_site_name":"Zooland.az","og_image":[{"width":840,"height":847,"url":"https:\/\/zoo-land.az\/wp-content\/uploads\/2024\/06\/309860-237cb943a8b5c208a674f21fd9e2431a-1.jpg","type":"image\/jpeg"}],"twitter_card":"summary_large_image","twitter_misc":{"Est. reading time":"1 minute"},"schema":{"@context":"https:\/\/schema.org","@graph":[{"@type":"WebPage","@id":"https:\/\/zoo-land.az\/shop\/dog\/dog-accesories\/leash\/trixie-harness-size-s-black\/","url":"https:\/\/zoo-land.az\/shop\/dog\/dog-accesories\/leash\/trixie-harness-size-s-black\/","name":"Trixie harness size S black - Zooland.az","isPartOf":{"@id":"https:\/\/zoo-land.az\/#website"},"primaryImageOfPage":{"@id":"https:\/\/zoo-land.az\/shop\/dog\/dog-accesories\/leash\/trixie-harness-size-s-black\/#primaryimage"},"image":{"@id":"https:\/\/zoo-land.az\/shop\/dog\/dog-accesories\/leash\/trixie-harness-size-s-black\/#primaryimage"},"thumbnailUrl":"https:\/\/zoo-land.az\/wp-content\/uploads\/2024\/06\/309860-237cb943a8b5c208a674f21fd9e2431a-1.jpg","datePublished":"2024-06-22T09:48:28+00:00","breadcrumb":{"@id":"https:\/\/zoo-land.az\/shop\/dog\/dog-accesories\/leash\/trixie-harness-size-s-black\/#breadcrumb"},"inLanguage":"az","potentialAction":[{"@type":"ReadAction","target":["https:\/\/zoo-land.az\/shop\/dog\/dog-accesories\/leash\/trixie-harness-size-s-black\/"]}]},{"@type":"ImageObject","inLanguage":"az","@id":"https:\/\/zoo-land.az\/shop\/dog\/dog-accesories\/leash\/trixie-harness-size-s-black\/#primaryimage","url":"https:\/\/zoo-land.az\/wp-content\/uploads\/2024\/06\/309860-237cb943a8b5c208a674f21fd9e2431a-1.jpg","contentUrl":"https:\/\/zoo-land.az\/wp-content\/uploads\/2024\/06\/309860-237cb943a8b5c208a674f21fd9e2431a-1.jpg","width":840,"height":847},{"@type":"BreadcrumbList","@id":"https:\/\/zoo-land.az\/shop\/dog\/dog-accesories\/leash\/trixie-harness-size-s-black\/#breadcrumb","itemListElement":[{"@type":"ListItem","position":1,"name":"Home","item":"https:\/\/zoo-land.az\/ru\/"},{"@type":"ListItem","position":2,"name":"Shop","item":"https:\/\/zoo-land.az\/ru\/"},{"@type":"ListItem","position":3,"name":"Trixie harness size S black"}]},{"@type":"WebSite","@id":"https:\/\/zoo-land.az\/#website","url":"https:\/\/zoo-land.az\/","name":"Zooland.az","description":"Xo\u015fb\u0259xt ev heyvanlar\u0131n\u0131n \u00fcnvan\u0131 Zooland.az","publisher":{"@id":"https:\/\/zoo-land.az\/#organization"},"potentialAction":[{"@type":"SearchAction","target":{"@type":"EntryPoint","urlTemplate":"https:\/\/zoo-land.az\/?s={search_term_string}"},"query-input":{"@type":"PropertyValueSpecification","valueRequired":true,"valueName":"search_term_string"}}],"inLanguage":"az"},{"@type":"Organization","@id":"https:\/\/zoo-land.az\/#organization","name":"Zooland.az","url":"https:\/\/zoo-land.az\/","logo":{"@type":"ImageObject","inLanguage":"az","@id":"https:\/\/zoo-land.az\/#\/schema\/logo\/image\/","url":"https:\/\/zoo-land.az\/wp-content\/uploads\/2022\/05\/logo.svg","contentUrl":"https:\/\/zoo-land.az\/wp-content\/uploads\/2022\/05\/logo.svg","width":113,"height":46,"caption":"Zooland.az"},"image":{"@id":"https:\/\/zoo-land.az\/#\/schema\/logo\/image\/"}}]}},"_links":{"self":[{"href":"https:\/\/zoo-land.az\/az\/wp-json\/wp\/v2\/product\/24538","targetHints":{"allow":["GET"]}}],"collection":[{"href":"https:\/\/zoo-land.az\/az\/wp-json\/wp\/v2\/product"}],"about":[{"href":"https:\/\/zoo-land.az\/az\/wp-json\/wp\/v2\/types\/product"}],"wp:featuredmedia":[{"embeddable":true,"href":"https:\/\/zoo-land.az\/az\/wp-json\/wp\/v2\/media\/24539"}],"wp:attachment":[{"href":"https:\/\/zoo-land.az\/az\/wp-json\/wp\/v2\/media?parent=24538"}],"wp:term":[{"taxonomy":"product_cat","embeddable":true,"href":"https:\/\/zoo-land.az\/az\/wp-json\/wp\/v2\/product_cat?post=24538"},{"taxonomy":"product_tag","embeddable":true,"href":"https:\/\/zoo-land.az\/az\/wp-json\/wp\/v2\/product_tag?post=24538"}],"curies":[{"name":"wp","href":"https:\/\/api.w.org\/{rel}","templated":true}]}}